{"id":5003,"date":"2025-02-28T14:13:42","date_gmt":"2025-02-28T13:13:42","guid":{"rendered":"https:\/\/www.swisscrochet.ch\/product\/scheepjes-gauge-tool\/"},"modified":"2026-04-07T14:50:36","modified_gmt":"2026-04-07T12:50:36","slug":"scheepjes-gauge-tool","status":"publish","type":"product","link":"https:\/\/www.swisscrochet.ch\/de\/produkt\/scheepjes-gauge-tool\/","title":{"rendered":"Scheepjes &#8211; Gauge Tool"},"content":{"rendered":"","protected":false},"excerpt":{"rendered":"<p>Das Scheepjes Gauge Tool ist ein niedliches und praktisches Zubeh\u00f6r f\u00fcr H\u00e4klerinnen. In Form eines charmanten Schafs gestaltet, hilft es dir, deine Maschenprobe m\u00fchelos zu messen. Zus\u00e4tzlich erm\u00f6glicht die integrierte H\u00e4kelnadel-Gr\u00f6ssenpr\u00fcfung an der Ober- und Unterseite eine schnelle Bestimmung von Gr\u00f6ssen von 2.00 mm bis 12.00 mm.<\/p>\n<p>Alle Markierungen sind im metrischen System angegeben, was dieses Werkzeug besonders praktisch f\u00fcr pr\u00e4zise und genaue Messungen macht.<\/p>\n","protected":false},"featured_media":4684,"template":"","meta":[],"product_brand":[],"product_cat":[220,562],"product_tag":[],"class_list":{"0":"post-5003","1":"product","2":"type-product","3":"status-publish","4":"has-post-thumbnail","6":"product_cat-hakelnadeln-und-zubehor","7":"product_cat-mess-und-schneidzubehoer","8":"product_shipping_class-kleinsendungen","9":"pa_t1-manufacturer-scheepjes-de","10":"description-off","12":"first","13":"instock","14":"taxable","15":"shipping-taxable","16":"purchasable","17":"product-type-simple"},"bundled_by":["10381"],"bundle_stock_status":"instock","bundle_stock_quantity":9,"bundle_virtual":false,"bundle_layout":"","bundle_add_to_cart_form_location":"","bundle_editable_in_cart":false,"bundle_sold_individually_context":"","bundle_item_grouping":"","bundle_min_size":"","bundle_max_size":"","bundle_price":[],"bundled_items":[],"bundle_sell_ids":[],"yoast_head":"<!-- This site is optimized with the Yoast SEO plugin v27.5 - https:\/\/yoast.com\/product\/yoast-seo-wordpress\/ -->\n<title>Scheepjes - Gauge Tool &#171; Swiss Crochet<\/title>\n<meta name=\"description\" content=\"Scheepjes Gauge Tool - Miss deine Maschenprobe und \u00fcberpr\u00fcfe H\u00e4kelnadelgr\u00f6ssen (2.00 mm\u201312 mm) mit diesem niedlichen schaff\u00f6rmigen Werkzeug. Alle Markierungen im metrischen System.\" \/>\n<meta name=\"robots\" content=\"index, follow, max-snippet:-1, max-image-preview:large, max-video-preview:-1\" \/>\n<link rel=\"canonical\" href=\"https:\/\/www.swisscrochet.ch\/de\/produkt\/scheepjes-gauge-tool\/\" \/>\n<meta property=\"og:locale\" content=\"de_DE\" \/>\n<meta property=\"og:type\" content=\"article\" \/>\n<meta property=\"og:title\" content=\"Scheepjes - Gauge Tool &#171; Swiss Crochet\" \/>\n<meta property=\"og:description\" content=\"Scheepjes Gauge Tool - Miss deine Maschenprobe und \u00fcberpr\u00fcfe H\u00e4kelnadelgr\u00f6ssen (2.00 mm\u201312 mm) mit diesem niedlichen schaff\u00f6rmigen Werkzeug. Alle Markierungen im metrischen System.\" \/>\n<meta property=\"og:url\" content=\"https:\/\/www.swisscrochet.ch\/de\/produkt\/scheepjes-gauge-tool\/\" \/>\n<meta property=\"og:site_name\" content=\"Swiss Crochet\" \/>\n<meta property=\"article:modified_time\" content=\"2026-04-07T12:50:36+00:00\" \/>\n<meta property=\"og:image\" content=\"https:\/\/www.swisscrochet.ch\/wp-content\/uploads\/2025\/02\/Scheepjes-Gauge-Tool-Overview.jpg\" \/>\n\t<meta property=\"og:image:width\" content=\"1000\" \/>\n\t<meta property=\"og:image:height\" content=\"1000\" \/>\n\t<meta property=\"og:image:type\" content=\"image\/jpeg\" \/>\n<meta name=\"twitter:card\" content=\"summary_large_image\" \/>\n<meta name=\"twitter:label1\" content=\"Gesch\u00e4tzte Lesezeit\" \/>\n\t<meta name=\"twitter:data1\" content=\"1\u00a0Minute\" \/>\n<script type=\"application\/ld+json\" class=\"yoast-schema-graph\">{\"@context\":\"https:\\\/\\\/schema.org\",\"@graph\":[{\"@type\":[\"WebPage\",\"ItemPage\"],\"@id\":\"https:\\\/\\\/www.swisscrochet.ch\\\/de\\\/produkt\\\/scheepjes-gauge-tool\\\/\",\"url\":\"https:\\\/\\\/www.swisscrochet.ch\\\/de\\\/produkt\\\/scheepjes-gauge-tool\\\/\",\"name\":\"Scheepjes - Gauge Tool &#171; Swiss Crochet\",\"isPartOf\":{\"@id\":\"https:\\\/\\\/www.swisscrochet.ch\\\/#website\"},\"primaryImageOfPage\":{\"@id\":\"https:\\\/\\\/www.swisscrochet.ch\\\/de\\\/produkt\\\/scheepjes-gauge-tool\\\/#primaryimage\"},\"image\":{\"@id\":\"https:\\\/\\\/www.swisscrochet.ch\\\/de\\\/produkt\\\/scheepjes-gauge-tool\\\/#primaryimage\"},\"thumbnailUrl\":\"https:\\\/\\\/www.swisscrochet.ch\\\/wp-content\\\/uploads\\\/2025\\\/02\\\/Scheepjes-Gauge-Tool-Overview.jpg\",\"datePublished\":\"2025-02-28T13:13:42+00:00\",\"dateModified\":\"2026-04-07T12:50:36+00:00\",\"description\":\"Scheepjes Gauge Tool - Miss deine Maschenprobe und \u00fcberpr\u00fcfe H\u00e4kelnadelgr\u00f6ssen (2.00 mm\u201312 mm) mit diesem niedlichen schaff\u00f6rmigen Werkzeug. Alle Markierungen im metrischen System.\",\"breadcrumb\":{\"@id\":\"https:\\\/\\\/www.swisscrochet.ch\\\/de\\\/produkt\\\/scheepjes-gauge-tool\\\/#breadcrumb\"},\"inLanguage\":\"de\",\"potentialAction\":[{\"@type\":\"ReadAction\",\"target\":[\"https:\\\/\\\/www.swisscrochet.ch\\\/de\\\/produkt\\\/scheepjes-gauge-tool\\\/\"]}]},{\"@type\":\"ImageObject\",\"inLanguage\":\"de\",\"@id\":\"https:\\\/\\\/www.swisscrochet.ch\\\/de\\\/produkt\\\/scheepjes-gauge-tool\\\/#primaryimage\",\"url\":\"https:\\\/\\\/www.swisscrochet.ch\\\/wp-content\\\/uploads\\\/2025\\\/02\\\/Scheepjes-Gauge-Tool-Overview.jpg\",\"contentUrl\":\"https:\\\/\\\/www.swisscrochet.ch\\\/wp-content\\\/uploads\\\/2025\\\/02\\\/Scheepjes-Gauge-Tool-Overview.jpg\",\"width\":1000,\"height\":1000},{\"@type\":\"BreadcrumbList\",\"@id\":\"https:\\\/\\\/www.swisscrochet.ch\\\/de\\\/produkt\\\/scheepjes-gauge-tool\\\/#breadcrumb\",\"itemListElement\":[{\"@type\":\"ListItem\",\"position\":1,\"name\":\"Home\",\"item\":\"https:\\\/\\\/www.swisscrochet.ch\\\/de\\\/\"},{\"@type\":\"ListItem\",\"position\":2,\"name\":\"Shop\",\"item\":\"https:\\\/\\\/www.swisscrochet.ch\\\/de\\\/shop\\\/\"},{\"@type\":\"ListItem\",\"position\":3,\"name\":\"Scheepjes &#8211; Gauge Tool\"}]},{\"@type\":\"WebSite\",\"@id\":\"https:\\\/\\\/www.swisscrochet.ch\\\/#website\",\"url\":\"https:\\\/\\\/www.swisscrochet.ch\\\/\",\"name\":\"Swiss Crochet\",\"description\":\"Entfalte dein kreatives Potenzial\",\"potentialAction\":[{\"@type\":\"SearchAction\",\"target\":{\"@type\":\"EntryPoint\",\"urlTemplate\":\"https:\\\/\\\/www.swisscrochet.ch\\\/?s={search_term_string}\"},\"query-input\":{\"@type\":\"PropertyValueSpecification\",\"valueRequired\":true,\"valueName\":\"search_term_string\"}}],\"inLanguage\":\"de\"}]}<\/script>\n<!-- \/ Yoast SEO plugin. -->","yoast_head_json":{"title":"Scheepjes - Gauge Tool &#171; Swiss Crochet","description":"Scheepjes Gauge Tool - Miss deine Maschenprobe und \u00fcberpr\u00fcfe H\u00e4kelnadelgr\u00f6ssen (2.00 mm\u201312 mm) mit diesem niedlichen schaff\u00f6rmigen Werkzeug. Alle Markierungen im metrischen System.","robots":{"index":"index","follow":"follow","max-snippet":"max-snippet:-1","max-image-preview":"max-image-preview:large","max-video-preview":"max-video-preview:-1"},"canonical":"https:\/\/www.swisscrochet.ch\/de\/produkt\/scheepjes-gauge-tool\/","og_locale":"de_DE","og_type":"article","og_title":"Scheepjes - Gauge Tool &#171; Swiss Crochet","og_description":"Scheepjes Gauge Tool - Miss deine Maschenprobe und \u00fcberpr\u00fcfe H\u00e4kelnadelgr\u00f6ssen (2.00 mm\u201312 mm) mit diesem niedlichen schaff\u00f6rmigen Werkzeug. Alle Markierungen im metrischen System.","og_url":"https:\/\/www.swisscrochet.ch\/de\/produkt\/scheepjes-gauge-tool\/","og_site_name":"Swiss Crochet","article_modified_time":"2026-04-07T12:50:36+00:00","og_image":[{"width":1000,"height":1000,"url":"https:\/\/www.swisscrochet.ch\/wp-content\/uploads\/2025\/02\/Scheepjes-Gauge-Tool-Overview.jpg","type":"image\/jpeg"}],"twitter_card":"summary_large_image","twitter_misc":{"Gesch\u00e4tzte Lesezeit":"1\u00a0Minute"},"schema":{"@context":"https:\/\/schema.org","@graph":[{"@type":["WebPage","ItemPage"],"@id":"https:\/\/www.swisscrochet.ch\/de\/produkt\/scheepjes-gauge-tool\/","url":"https:\/\/www.swisscrochet.ch\/de\/produkt\/scheepjes-gauge-tool\/","name":"Scheepjes - Gauge Tool &#171; Swiss Crochet","isPartOf":{"@id":"https:\/\/www.swisscrochet.ch\/#website"},"primaryImageOfPage":{"@id":"https:\/\/www.swisscrochet.ch\/de\/produkt\/scheepjes-gauge-tool\/#primaryimage"},"image":{"@id":"https:\/\/www.swisscrochet.ch\/de\/produkt\/scheepjes-gauge-tool\/#primaryimage"},"thumbnailUrl":"https:\/\/www.swisscrochet.ch\/wp-content\/uploads\/2025\/02\/Scheepjes-Gauge-Tool-Overview.jpg","datePublished":"2025-02-28T13:13:42+00:00","dateModified":"2026-04-07T12:50:36+00:00","description":"Scheepjes Gauge Tool - Miss deine Maschenprobe und \u00fcberpr\u00fcfe H\u00e4kelnadelgr\u00f6ssen (2.00 mm\u201312 mm) mit diesem niedlichen schaff\u00f6rmigen Werkzeug. Alle Markierungen im metrischen System.","breadcrumb":{"@id":"https:\/\/www.swisscrochet.ch\/de\/produkt\/scheepjes-gauge-tool\/#breadcrumb"},"inLanguage":"de","potentialAction":[{"@type":"ReadAction","target":["https:\/\/www.swisscrochet.ch\/de\/produkt\/scheepjes-gauge-tool\/"]}]},{"@type":"ImageObject","inLanguage":"de","@id":"https:\/\/www.swisscrochet.ch\/de\/produkt\/scheepjes-gauge-tool\/#primaryimage","url":"https:\/\/www.swisscrochet.ch\/wp-content\/uploads\/2025\/02\/Scheepjes-Gauge-Tool-Overview.jpg","contentUrl":"https:\/\/www.swisscrochet.ch\/wp-content\/uploads\/2025\/02\/Scheepjes-Gauge-Tool-Overview.jpg","width":1000,"height":1000},{"@type":"BreadcrumbList","@id":"https:\/\/www.swisscrochet.ch\/de\/produkt\/scheepjes-gauge-tool\/#breadcrumb","itemListElement":[{"@type":"ListItem","position":1,"name":"Home","item":"https:\/\/www.swisscrochet.ch\/de\/"},{"@type":"ListItem","position":2,"name":"Shop","item":"https:\/\/www.swisscrochet.ch\/de\/shop\/"},{"@type":"ListItem","position":3,"name":"Scheepjes &#8211; Gauge Tool"}]},{"@type":"WebSite","@id":"https:\/\/www.swisscrochet.ch\/#website","url":"https:\/\/www.swisscrochet.ch\/","name":"Swiss Crochet","description":"Entfalte dein kreatives Potenzial","potentialAction":[{"@type":"SearchAction","target":{"@type":"EntryPoint","urlTemplate":"https:\/\/www.swisscrochet.ch\/?s={search_term_string}"},"query-input":{"@type":"PropertyValueSpecification","valueRequired":true,"valueName":"search_term_string"}}],"inLanguage":"de"}]}},"_links":{"self":[{"href":"https:\/\/www.swisscrochet.ch\/de\/wp-json\/wp\/v2\/product\/5003","targetHints":{"allow":["GET"]}}],"collection":[{"href":"https:\/\/www.swisscrochet.ch\/de\/wp-json\/wp\/v2\/product"}],"about":[{"href":"https:\/\/www.swisscrochet.ch\/de\/wp-json\/wp\/v2\/types\/product"}],"wp:featuredmedia":[{"embeddable":true,"href":"https:\/\/www.swisscrochet.ch\/de\/wp-json\/wp\/v2\/media\/4684"}],"wp:attachment":[{"href":"https:\/\/www.swisscrochet.ch\/de\/wp-json\/wp\/v2\/media?parent=5003"}],"wp:term":[{"taxonomy":"product_brand","embeddable":true,"href":"https:\/\/www.swisscrochet.ch\/de\/wp-json\/wp\/v2\/product_brand?post=5003"},{"taxonomy":"product_cat","embeddable":true,"href":"https:\/\/www.swisscrochet.ch\/de\/wp-json\/wp\/v2\/product_cat?post=5003"},{"taxonomy":"product_tag","embeddable":true,"href":"https:\/\/www.swisscrochet.ch\/de\/wp-json\/wp\/v2\/product_tag?post=5003"}],"curies":[{"name":"wp","href":"https:\/\/api.w.org\/{rel}","templated":true}]}}