{"id":5077,"date":"2025-02-28T15:39:20","date_gmt":"2025-02-28T14:39:20","guid":{"rendered":"https:\/\/www.swisscrochet.ch\/product\/tulip-tapestry-needles-for-amigurumi\/"},"modified":"2025-11-12T09:10:30","modified_gmt":"2025-11-12T08:10:30","slug":"tulip-garnnadeln-fuer-amigurumi","status":"publish","type":"product","link":"https:\/\/www.swisscrochet.ch\/de\/produkt\/tulip-garnnadeln-fuer-amigurumi\/","title":{"rendered":"Tulip &#8211; Garnnadeln f\u00fcr Amigurumi"},"content":{"rendered":"","protected":false},"excerpt":{"rendered":"<p>Die Tulip Garnnadeln f\u00fcr Amigurumi sind extralange Stopfnadeln, die speziell f\u00fcr die Fertigstellung von Amigurumi entwickelt wurden. Mit einem verl\u00e4ngerten \u00d6hr und scharfen Spitzen durchdringen sie m\u00fchelos das F\u00fcllmaterial, sodass sich Garnenden sicher im Projekt verstecken lassen.<\/p>\n<p>\u2714 Perfekt zum Ann\u00e4hen kleiner Teile wie Augen und Nasen<br \/>\n\u2714 Durch die L\u00e4nge k\u00f6nnen Garnenden sicher im F\u00fcllmaterial verankert werden<br \/>\n\u2714 Ideal f\u00fcr Amigurumi und das Zusammenn\u00e4hen von Stofftieren<\/p>\n<p>Inhalt:<\/p>\n<ul>\n<li>Zwei vernickelte Stahlnadeln in den Gr\u00f6ssen 1.82 x 127 mm und 1.36 x 94 mm<\/li>\n<li>Elegante rote PVC-Aufbewahrungsh\u00fclle (14.3 x 4.4 cm) mit Druckknopfverschluss<\/li>\n<li>Innenf\u00e4cher f\u00fcr Stopfnadeln, Maschenmarkierer, Lineal und Einf\u00e4dler<\/li>\n<\/ul>\n<p><strong>Sonderedition! <\/strong>Diese wundersch\u00f6n verzierte H\u00fclle wurde in Zusammenarbeit mit der <a href=\"https:\/\/amigurumi.jp\/\" target=\"_blank\" rel=\"noopener\">Japan Amigurumi Association<\/a> zum 20-j\u00e4hrigen Jubil\u00e4um entworfen. <\/p>\n","protected":false},"featured_media":4888,"template":"","meta":[],"product_brand":[],"product_cat":[220,568],"product_tag":[],"class_list":{"0":"post-5077","1":"product","2":"type-product","3":"status-publish","4":"has-post-thumbnail","6":"product_cat-hakelnadeln-und-zubehor","7":"product_cat-sticknadeln","8":"product_shipping_class-kleinsendungen","9":"pa_t1-manufacturer-tulip-de","10":"description-off","12":"first","13":"outofstock","14":"taxable","15":"shipping-taxable","16":"purchasable","17":"product-type-simple"},"bundled_by":[],"bundle_stock_status":"outofstock","bundle_stock_quantity":0,"bundle_virtual":false,"bundle_layout":"","bundle_add_to_cart_form_location":"","bundle_editable_in_cart":false,"bundle_sold_individually_context":"","bundle_item_grouping":"","bundle_min_size":"","bundle_max_size":"","bundle_price":[],"bundled_items":[],"bundle_sell_ids":[],"yoast_head":"<!-- This site is optimized with the Yoast SEO plugin v27.5 - https:\/\/yoast.com\/product\/yoast-seo-wordpress\/ -->\n<title>Tulip - Garnnadeln f\u00fcr Amigurumi &#171; Swiss Crochet<\/title>\n<meta name=\"description\" content=\"Tulip Garnnadeln f\u00fcr Amigurumi sind extralange Nadeln, ideal zum Vern\u00e4hen, Sichern von Garnenden und Zusammenn\u00e4hen kleiner Teile. Inklusive einer Sonderedition-H\u00fclle.\" \/>\n<meta name=\"robots\" content=\"index, follow, max-snippet:-1, max-image-preview:large, max-video-preview:-1\" \/>\n<link rel=\"canonical\" href=\"https:\/\/www.swisscrochet.ch\/produkt\/tulip-tapestry-needles-for-amigurumi\/\" \/>\n<meta property=\"og:locale\" content=\"de_DE\" \/>\n<meta property=\"og:type\" content=\"article\" \/>\n<meta property=\"og:title\" content=\"Tulip - Garnnadeln f\u00fcr Amigurumi &#171; Swiss Crochet\" \/>\n<meta property=\"og:description\" content=\"Tulip Garnnadeln f\u00fcr Amigurumi sind extralange Nadeln, ideal zum Vern\u00e4hen, Sichern von Garnenden und Zusammenn\u00e4hen kleiner Teile. Inklusive einer Sonderedition-H\u00fclle.\" \/>\n<meta property=\"og:url\" content=\"https:\/\/www.swisscrochet.ch\/produkt\/tulip-tapestry-needles-for-amigurumi\/\" \/>\n<meta property=\"og:site_name\" content=\"Swiss Crochet\" \/>\n<meta property=\"article:modified_time\" content=\"2025-11-12T08:10:30+00:00\" \/>\n<meta property=\"og:image\" content=\"https:\/\/www.swisscrochet.ch\/wp-content\/uploads\/2025\/02\/Tulip-Tapestry-Needles-for-Amigurumi-Overview.jpg\" \/>\n\t<meta property=\"og:image:width\" content=\"1000\" \/>\n\t<meta property=\"og:image:height\" content=\"1000\" \/>\n\t<meta property=\"og:image:type\" content=\"image\/jpeg\" \/>\n<meta name=\"twitter:card\" content=\"summary_large_image\" \/>\n<meta name=\"twitter:label1\" content=\"Gesch\u00e4tzte Lesezeit\" \/>\n\t<meta name=\"twitter:data1\" content=\"1\u00a0Minute\" \/>\n<script type=\"application\/ld+json\" class=\"yoast-schema-graph\">{\"@context\":\"https:\\\/\\\/schema.org\",\"@graph\":[{\"@type\":[\"WebPage\",\"ItemPage\"],\"@id\":\"https:\\\/\\\/www.swisscrochet.ch\\\/produkt\\\/tulip-tapestry-needles-for-amigurumi\\\/\",\"url\":\"https:\\\/\\\/www.swisscrochet.ch\\\/produkt\\\/tulip-tapestry-needles-for-amigurumi\\\/\",\"name\":\"Tulip - Garnnadeln f\u00fcr Amigurumi &#171; Swiss Crochet\",\"isPartOf\":{\"@id\":\"https:\\\/\\\/www.swisscrochet.ch\\\/#website\"},\"primaryImageOfPage\":{\"@id\":\"https:\\\/\\\/www.swisscrochet.ch\\\/produkt\\\/tulip-tapestry-needles-for-amigurumi\\\/#primaryimage\"},\"image\":{\"@id\":\"https:\\\/\\\/www.swisscrochet.ch\\\/produkt\\\/tulip-tapestry-needles-for-amigurumi\\\/#primaryimage\"},\"thumbnailUrl\":\"https:\\\/\\\/www.swisscrochet.ch\\\/wp-content\\\/uploads\\\/2025\\\/02\\\/Tulip-Tapestry-Needles-for-Amigurumi-Overview.jpg\",\"datePublished\":\"2025-02-28T14:39:20+00:00\",\"dateModified\":\"2025-11-12T08:10:30+00:00\",\"description\":\"Tulip Garnnadeln f\u00fcr Amigurumi sind extralange Nadeln, ideal zum Vern\u00e4hen, Sichern von Garnenden und Zusammenn\u00e4hen kleiner Teile. Inklusive einer Sonderedition-H\u00fclle.\",\"breadcrumb\":{\"@id\":\"https:\\\/\\\/www.swisscrochet.ch\\\/produkt\\\/tulip-tapestry-needles-for-amigurumi\\\/#breadcrumb\"},\"inLanguage\":\"de\",\"potentialAction\":[{\"@type\":\"ReadAction\",\"target\":[\"https:\\\/\\\/www.swisscrochet.ch\\\/produkt\\\/tulip-tapestry-needles-for-amigurumi\\\/\"]}]},{\"@type\":\"ImageObject\",\"inLanguage\":\"de\",\"@id\":\"https:\\\/\\\/www.swisscrochet.ch\\\/produkt\\\/tulip-tapestry-needles-for-amigurumi\\\/#primaryimage\",\"url\":\"https:\\\/\\\/www.swisscrochet.ch\\\/wp-content\\\/uploads\\\/2025\\\/02\\\/Tulip-Tapestry-Needles-for-Amigurumi-Overview.jpg\",\"contentUrl\":\"https:\\\/\\\/www.swisscrochet.ch\\\/wp-content\\\/uploads\\\/2025\\\/02\\\/Tulip-Tapestry-Needles-for-Amigurumi-Overview.jpg\",\"width\":1000,\"height\":1000},{\"@type\":\"BreadcrumbList\",\"@id\":\"https:\\\/\\\/www.swisscrochet.ch\\\/produkt\\\/tulip-tapestry-needles-for-amigurumi\\\/#breadcrumb\",\"itemListElement\":[{\"@type\":\"ListItem\",\"position\":1,\"name\":\"Home\",\"item\":\"https:\\\/\\\/www.swisscrochet.ch\\\/de\\\/\"},{\"@type\":\"ListItem\",\"position\":2,\"name\":\"Shop\",\"item\":\"https:\\\/\\\/www.swisscrochet.ch\\\/de\\\/shop\\\/\"},{\"@type\":\"ListItem\",\"position\":3,\"name\":\"Tulip &#8211; Garnnadeln f\u00fcr Amigurumi\"}]},{\"@type\":\"WebSite\",\"@id\":\"https:\\\/\\\/www.swisscrochet.ch\\\/#website\",\"url\":\"https:\\\/\\\/www.swisscrochet.ch\\\/\",\"name\":\"Swiss Crochet\",\"description\":\"Entfalte dein kreatives Potenzial\",\"potentialAction\":[{\"@type\":\"SearchAction\",\"target\":{\"@type\":\"EntryPoint\",\"urlTemplate\":\"https:\\\/\\\/www.swisscrochet.ch\\\/?s={search_term_string}\"},\"query-input\":{\"@type\":\"PropertyValueSpecification\",\"valueRequired\":true,\"valueName\":\"search_term_string\"}}],\"inLanguage\":\"de\"}]}<\/script>\n<!-- \/ Yoast SEO plugin. -->","yoast_head_json":{"title":"Tulip - Garnnadeln f\u00fcr Amigurumi &#171; Swiss Crochet","description":"Tulip Garnnadeln f\u00fcr Amigurumi sind extralange Nadeln, ideal zum Vern\u00e4hen, Sichern von Garnenden und Zusammenn\u00e4hen kleiner Teile. Inklusive einer Sonderedition-H\u00fclle.","robots":{"index":"index","follow":"follow","max-snippet":"max-snippet:-1","max-image-preview":"max-image-preview:large","max-video-preview":"max-video-preview:-1"},"canonical":"https:\/\/www.swisscrochet.ch\/produkt\/tulip-tapestry-needles-for-amigurumi\/","og_locale":"de_DE","og_type":"article","og_title":"Tulip - Garnnadeln f\u00fcr Amigurumi &#171; Swiss Crochet","og_description":"Tulip Garnnadeln f\u00fcr Amigurumi sind extralange Nadeln, ideal zum Vern\u00e4hen, Sichern von Garnenden und Zusammenn\u00e4hen kleiner Teile. Inklusive einer Sonderedition-H\u00fclle.","og_url":"https:\/\/www.swisscrochet.ch\/produkt\/tulip-tapestry-needles-for-amigurumi\/","og_site_name":"Swiss Crochet","article_modified_time":"2025-11-12T08:10:30+00:00","og_image":[{"width":1000,"height":1000,"url":"https:\/\/www.swisscrochet.ch\/wp-content\/uploads\/2025\/02\/Tulip-Tapestry-Needles-for-Amigurumi-Overview.jpg","type":"image\/jpeg"}],"twitter_card":"summary_large_image","twitter_misc":{"Gesch\u00e4tzte Lesezeit":"1\u00a0Minute"},"schema":{"@context":"https:\/\/schema.org","@graph":[{"@type":["WebPage","ItemPage"],"@id":"https:\/\/www.swisscrochet.ch\/produkt\/tulip-tapestry-needles-for-amigurumi\/","url":"https:\/\/www.swisscrochet.ch\/produkt\/tulip-tapestry-needles-for-amigurumi\/","name":"Tulip - Garnnadeln f\u00fcr Amigurumi &#171; Swiss Crochet","isPartOf":{"@id":"https:\/\/www.swisscrochet.ch\/#website"},"primaryImageOfPage":{"@id":"https:\/\/www.swisscrochet.ch\/produkt\/tulip-tapestry-needles-for-amigurumi\/#primaryimage"},"image":{"@id":"https:\/\/www.swisscrochet.ch\/produkt\/tulip-tapestry-needles-for-amigurumi\/#primaryimage"},"thumbnailUrl":"https:\/\/www.swisscrochet.ch\/wp-content\/uploads\/2025\/02\/Tulip-Tapestry-Needles-for-Amigurumi-Overview.jpg","datePublished":"2025-02-28T14:39:20+00:00","dateModified":"2025-11-12T08:10:30+00:00","description":"Tulip Garnnadeln f\u00fcr Amigurumi sind extralange Nadeln, ideal zum Vern\u00e4hen, Sichern von Garnenden und Zusammenn\u00e4hen kleiner Teile. Inklusive einer Sonderedition-H\u00fclle.","breadcrumb":{"@id":"https:\/\/www.swisscrochet.ch\/produkt\/tulip-tapestry-needles-for-amigurumi\/#breadcrumb"},"inLanguage":"de","potentialAction":[{"@type":"ReadAction","target":["https:\/\/www.swisscrochet.ch\/produkt\/tulip-tapestry-needles-for-amigurumi\/"]}]},{"@type":"ImageObject","inLanguage":"de","@id":"https:\/\/www.swisscrochet.ch\/produkt\/tulip-tapestry-needles-for-amigurumi\/#primaryimage","url":"https:\/\/www.swisscrochet.ch\/wp-content\/uploads\/2025\/02\/Tulip-Tapestry-Needles-for-Amigurumi-Overview.jpg","contentUrl":"https:\/\/www.swisscrochet.ch\/wp-content\/uploads\/2025\/02\/Tulip-Tapestry-Needles-for-Amigurumi-Overview.jpg","width":1000,"height":1000},{"@type":"BreadcrumbList","@id":"https:\/\/www.swisscrochet.ch\/produkt\/tulip-tapestry-needles-for-amigurumi\/#breadcrumb","itemListElement":[{"@type":"ListItem","position":1,"name":"Home","item":"https:\/\/www.swisscrochet.ch\/de\/"},{"@type":"ListItem","position":2,"name":"Shop","item":"https:\/\/www.swisscrochet.ch\/de\/shop\/"},{"@type":"ListItem","position":3,"name":"Tulip &#8211; Garnnadeln f\u00fcr Amigurumi"}]},{"@type":"WebSite","@id":"https:\/\/www.swisscrochet.ch\/#website","url":"https:\/\/www.swisscrochet.ch\/","name":"Swiss Crochet","description":"Entfalte dein kreatives Potenzial","potentialAction":[{"@type":"SearchAction","target":{"@type":"EntryPoint","urlTemplate":"https:\/\/www.swisscrochet.ch\/?s={search_term_string}"},"query-input":{"@type":"PropertyValueSpecification","valueRequired":true,"valueName":"search_term_string"}}],"inLanguage":"de"}]}},"_links":{"self":[{"href":"https:\/\/www.swisscrochet.ch\/de\/wp-json\/wp\/v2\/product\/5077","targetHints":{"allow":["GET"]}}],"collection":[{"href":"https:\/\/www.swisscrochet.ch\/de\/wp-json\/wp\/v2\/product"}],"about":[{"href":"https:\/\/www.swisscrochet.ch\/de\/wp-json\/wp\/v2\/types\/product"}],"wp:featuredmedia":[{"embeddable":true,"href":"https:\/\/www.swisscrochet.ch\/de\/wp-json\/wp\/v2\/media\/4888"}],"wp:attachment":[{"href":"https:\/\/www.swisscrochet.ch\/de\/wp-json\/wp\/v2\/media?parent=5077"}],"wp:term":[{"taxonomy":"product_brand","embeddable":true,"href":"https:\/\/www.swisscrochet.ch\/de\/wp-json\/wp\/v2\/product_brand?post=5077"},{"taxonomy":"product_cat","embeddable":true,"href":"https:\/\/www.swisscrochet.ch\/de\/wp-json\/wp\/v2\/product_cat?post=5077"},{"taxonomy":"product_tag","embeddable":true,"href":"https:\/\/www.swisscrochet.ch\/de\/wp-json\/wp\/v2\/product_tag?post=5077"}],"curies":[{"name":"wp","href":"https:\/\/api.w.org\/{rel}","templated":true}]}}