{"id":5083,"date":"2025-02-28T16:00:36","date_gmt":"2025-02-28T15:00:36","guid":{"rendered":"https:\/\/www.swisscrochet.ch\/product\/tulip-tapestry-needles-assorted-bent-tip\/"},"modified":"2026-04-20T21:32:35","modified_gmt":"2026-04-20T19:32:35","slug":"tulip-garnnadeln-sortiert-gebogene-spitze","status":"publish","type":"product","link":"https:\/\/www.swisscrochet.ch\/de\/produkt\/tulip-garnnadeln-sortiert-gebogene-spitze\/","title":{"rendered":"Tulip &#8211; Garnnadeln Sortiert &#8211; Gebogene Spitze"},"content":{"rendered":"","protected":false},"excerpt":{"rendered":"<p>Das Tulip Garnnadel-Set Sortiert (Gebogene Spitze) ist ein vielseitiges Set mit Garnnadeln in verschiedenen St\u00e4rken und L\u00e4ngen, sicher verstaut in einem tragbaren Etui mit Magnetverschluss.<\/p>\n<p>Dank der gebogenen Spitze lassen sich Maschen leicht aufnehmen, w\u00e4hrend die flache Seite der Nadel f\u00fcr einen sicheren Halt zwischen den Fingern sorgt. Perfekt zum Vern\u00e4hen von Fadenenden, Abketten oder Zusammenn\u00e4hen von Teilen.<\/p>\n<p>Das Set enth\u00e4lt 4 garnbeschichtete Stahlnadeln in folgenden Gr\u00f6ssen:<\/p>\n<ul>\n<li>13 \u2013 2.40 \u00d7 70 mm<\/li>\n<li>15 \u2013 1.81 \u00d7 60 mm<\/li>\n<li>17 \u2013 1.35 \u00d7 54.50 mm<\/li>\n<li>20 \u2013 1.07 \u00d7 45.50 mm<\/li>\n<\/ul>\n<p>Das gelbe Etui besteht aus robustem PVC und bietet eine praktische Aufbewahrung f\u00fcr unterwegs. <\/p>\n","protected":false},"featured_media":4844,"template":"","meta":[],"product_brand":[],"product_cat":[220,568],"product_tag":[],"class_list":{"0":"post-5083","1":"product","2":"type-product","3":"status-publish","4":"has-post-thumbnail","6":"product_cat-hakelnadeln-und-zubehor","7":"product_cat-sticknadeln","8":"product_shipping_class-kleinsendungen","9":"pa_t1-manufacturer-tulip-de","10":"description-off","12":"first","13":"instock","14":"taxable","15":"shipping-taxable","16":"purchasable","17":"product-type-simple"},"bundled_by":["10396"],"bundle_stock_status":"instock","bundle_stock_quantity":6,"bundle_virtual":false,"bundle_layout":"","bundle_add_to_cart_form_location":"","bundle_editable_in_cart":false,"bundle_sold_individually_context":"","bundle_item_grouping":"","bundle_min_size":"","bundle_max_size":"","bundle_price":[],"bundled_items":[],"bundle_sell_ids":[],"yoast_head":"<!-- This site is optimized with the Yoast SEO plugin v27.5 - https:\/\/yoast.com\/product\/yoast-seo-wordpress\/ -->\n<title>Tulip - Garnnadeln Sortiert - Gebogene Spitze &#171; Swiss Crochet<\/title>\n<meta name=\"description\" content=\"Tulip Garnnadeln Sortiert haben eine gebogene Spitze f\u00fcr einfaches Aufnehmen des Garns und eine flache Seite f\u00fcr besseren Halt. Perfekt zum Vern\u00e4hen von Fadenenden und Zusammenn\u00e4hen von Teilen.\" \/>\n<meta name=\"robots\" content=\"index, follow, max-snippet:-1, max-image-preview:large, max-video-preview:-1\" \/>\n<link rel=\"canonical\" href=\"https:\/\/www.swisscrochet.ch\/de\/produkt\/tulip-garnnadeln-sortiert-gebogene-spitze\/\" \/>\n<meta property=\"og:locale\" content=\"de_DE\" \/>\n<meta property=\"og:type\" content=\"article\" \/>\n<meta property=\"og:title\" content=\"Tulip - Garnnadeln Sortiert - Gebogene Spitze &#171; Swiss Crochet\" \/>\n<meta property=\"og:description\" content=\"Tulip Garnnadeln Sortiert haben eine gebogene Spitze f\u00fcr einfaches Aufnehmen des Garns und eine flache Seite f\u00fcr besseren Halt. Perfekt zum Vern\u00e4hen von Fadenenden und Zusammenn\u00e4hen von Teilen.\" \/>\n<meta property=\"og:url\" content=\"https:\/\/www.swisscrochet.ch\/de\/produkt\/tulip-garnnadeln-sortiert-gebogene-spitze\/\" \/>\n<meta property=\"og:site_name\" content=\"Swiss Crochet\" \/>\n<meta property=\"article:modified_time\" content=\"2026-04-20T19:32:35+00:00\" \/>\n<meta property=\"og:image\" content=\"https:\/\/www.swisscrochet.ch\/wp-content\/uploads\/2025\/02\/Tulip-Tapestry-Needles-Assorted-Bent-Tip-Overview.jpg\" \/>\n\t<meta property=\"og:image:width\" content=\"1000\" \/>\n\t<meta property=\"og:image:height\" content=\"1000\" \/>\n\t<meta property=\"og:image:type\" content=\"image\/jpeg\" \/>\n<meta name=\"twitter:card\" content=\"summary_large_image\" \/>\n<meta name=\"twitter:label1\" content=\"Gesch\u00e4tzte Lesezeit\" \/>\n\t<meta name=\"twitter:data1\" content=\"1\u00a0Minute\" \/>\n<script type=\"application\/ld+json\" class=\"yoast-schema-graph\">{\"@context\":\"https:\\\/\\\/schema.org\",\"@graph\":[{\"@type\":[\"WebPage\",\"ItemPage\"],\"@id\":\"https:\\\/\\\/www.swisscrochet.ch\\\/de\\\/produkt\\\/tulip-garnnadeln-sortiert-gebogene-spitze\\\/\",\"url\":\"https:\\\/\\\/www.swisscrochet.ch\\\/de\\\/produkt\\\/tulip-garnnadeln-sortiert-gebogene-spitze\\\/\",\"name\":\"Tulip - Garnnadeln Sortiert - Gebogene Spitze &#171; Swiss Crochet\",\"isPartOf\":{\"@id\":\"https:\\\/\\\/www.swisscrochet.ch\\\/#website\"},\"primaryImageOfPage\":{\"@id\":\"https:\\\/\\\/www.swisscrochet.ch\\\/de\\\/produkt\\\/tulip-garnnadeln-sortiert-gebogene-spitze\\\/#primaryimage\"},\"image\":{\"@id\":\"https:\\\/\\\/www.swisscrochet.ch\\\/de\\\/produkt\\\/tulip-garnnadeln-sortiert-gebogene-spitze\\\/#primaryimage\"},\"thumbnailUrl\":\"https:\\\/\\\/www.swisscrochet.ch\\\/wp-content\\\/uploads\\\/2025\\\/02\\\/Tulip-Tapestry-Needles-Assorted-Bent-Tip-Overview.jpg\",\"datePublished\":\"2025-02-28T15:00:36+00:00\",\"dateModified\":\"2026-04-20T19:32:35+00:00\",\"description\":\"Tulip Garnnadeln Sortiert haben eine gebogene Spitze f\u00fcr einfaches Aufnehmen des Garns und eine flache Seite f\u00fcr besseren Halt. Perfekt zum Vern\u00e4hen von Fadenenden und Zusammenn\u00e4hen von Teilen.\",\"breadcrumb\":{\"@id\":\"https:\\\/\\\/www.swisscrochet.ch\\\/de\\\/produkt\\\/tulip-garnnadeln-sortiert-gebogene-spitze\\\/#breadcrumb\"},\"inLanguage\":\"de\",\"potentialAction\":[{\"@type\":\"ReadAction\",\"target\":[\"https:\\\/\\\/www.swisscrochet.ch\\\/de\\\/produkt\\\/tulip-garnnadeln-sortiert-gebogene-spitze\\\/\"]}]},{\"@type\":\"ImageObject\",\"inLanguage\":\"de\",\"@id\":\"https:\\\/\\\/www.swisscrochet.ch\\\/de\\\/produkt\\\/tulip-garnnadeln-sortiert-gebogene-spitze\\\/#primaryimage\",\"url\":\"https:\\\/\\\/www.swisscrochet.ch\\\/wp-content\\\/uploads\\\/2025\\\/02\\\/Tulip-Tapestry-Needles-Assorted-Bent-Tip-Overview.jpg\",\"contentUrl\":\"https:\\\/\\\/www.swisscrochet.ch\\\/wp-content\\\/uploads\\\/2025\\\/02\\\/Tulip-Tapestry-Needles-Assorted-Bent-Tip-Overview.jpg\",\"width\":1000,\"height\":1000},{\"@type\":\"BreadcrumbList\",\"@id\":\"https:\\\/\\\/www.swisscrochet.ch\\\/de\\\/produkt\\\/tulip-garnnadeln-sortiert-gebogene-spitze\\\/#breadcrumb\",\"itemListElement\":[{\"@type\":\"ListItem\",\"position\":1,\"name\":\"Home\",\"item\":\"https:\\\/\\\/www.swisscrochet.ch\\\/de\\\/\"},{\"@type\":\"ListItem\",\"position\":2,\"name\":\"Shop\",\"item\":\"https:\\\/\\\/www.swisscrochet.ch\\\/de\\\/shop\\\/\"},{\"@type\":\"ListItem\",\"position\":3,\"name\":\"Tulip &#8211; Garnnadeln Sortiert &#8211; Gebogene Spitze\"}]},{\"@type\":\"WebSite\",\"@id\":\"https:\\\/\\\/www.swisscrochet.ch\\\/#website\",\"url\":\"https:\\\/\\\/www.swisscrochet.ch\\\/\",\"name\":\"Swiss Crochet\",\"description\":\"Entfalte dein kreatives Potenzial\",\"potentialAction\":[{\"@type\":\"SearchAction\",\"target\":{\"@type\":\"EntryPoint\",\"urlTemplate\":\"https:\\\/\\\/www.swisscrochet.ch\\\/?s={search_term_string}\"},\"query-input\":{\"@type\":\"PropertyValueSpecification\",\"valueRequired\":true,\"valueName\":\"search_term_string\"}}],\"inLanguage\":\"de\"}]}<\/script>\n<!-- \/ Yoast SEO plugin. -->","yoast_head_json":{"title":"Tulip - Garnnadeln Sortiert - Gebogene Spitze &#171; Swiss Crochet","description":"Tulip Garnnadeln Sortiert haben eine gebogene Spitze f\u00fcr einfaches Aufnehmen des Garns und eine flache Seite f\u00fcr besseren Halt. Perfekt zum Vern\u00e4hen von Fadenenden und Zusammenn\u00e4hen von Teilen.","robots":{"index":"index","follow":"follow","max-snippet":"max-snippet:-1","max-image-preview":"max-image-preview:large","max-video-preview":"max-video-preview:-1"},"canonical":"https:\/\/www.swisscrochet.ch\/de\/produkt\/tulip-garnnadeln-sortiert-gebogene-spitze\/","og_locale":"de_DE","og_type":"article","og_title":"Tulip - Garnnadeln Sortiert - Gebogene Spitze &#171; Swiss Crochet","og_description":"Tulip Garnnadeln Sortiert haben eine gebogene Spitze f\u00fcr einfaches Aufnehmen des Garns und eine flache Seite f\u00fcr besseren Halt. Perfekt zum Vern\u00e4hen von Fadenenden und Zusammenn\u00e4hen von Teilen.","og_url":"https:\/\/www.swisscrochet.ch\/de\/produkt\/tulip-garnnadeln-sortiert-gebogene-spitze\/","og_site_name":"Swiss Crochet","article_modified_time":"2026-04-20T19:32:35+00:00","og_image":[{"width":1000,"height":1000,"url":"https:\/\/www.swisscrochet.ch\/wp-content\/uploads\/2025\/02\/Tulip-Tapestry-Needles-Assorted-Bent-Tip-Overview.jpg","type":"image\/jpeg"}],"twitter_card":"summary_large_image","twitter_misc":{"Gesch\u00e4tzte Lesezeit":"1\u00a0Minute"},"schema":{"@context":"https:\/\/schema.org","@graph":[{"@type":["WebPage","ItemPage"],"@id":"https:\/\/www.swisscrochet.ch\/de\/produkt\/tulip-garnnadeln-sortiert-gebogene-spitze\/","url":"https:\/\/www.swisscrochet.ch\/de\/produkt\/tulip-garnnadeln-sortiert-gebogene-spitze\/","name":"Tulip - Garnnadeln Sortiert - Gebogene Spitze &#171; Swiss Crochet","isPartOf":{"@id":"https:\/\/www.swisscrochet.ch\/#website"},"primaryImageOfPage":{"@id":"https:\/\/www.swisscrochet.ch\/de\/produkt\/tulip-garnnadeln-sortiert-gebogene-spitze\/#primaryimage"},"image":{"@id":"https:\/\/www.swisscrochet.ch\/de\/produkt\/tulip-garnnadeln-sortiert-gebogene-spitze\/#primaryimage"},"thumbnailUrl":"https:\/\/www.swisscrochet.ch\/wp-content\/uploads\/2025\/02\/Tulip-Tapestry-Needles-Assorted-Bent-Tip-Overview.jpg","datePublished":"2025-02-28T15:00:36+00:00","dateModified":"2026-04-20T19:32:35+00:00","description":"Tulip Garnnadeln Sortiert haben eine gebogene Spitze f\u00fcr einfaches Aufnehmen des Garns und eine flache Seite f\u00fcr besseren Halt. Perfekt zum Vern\u00e4hen von Fadenenden und Zusammenn\u00e4hen von Teilen.","breadcrumb":{"@id":"https:\/\/www.swisscrochet.ch\/de\/produkt\/tulip-garnnadeln-sortiert-gebogene-spitze\/#breadcrumb"},"inLanguage":"de","potentialAction":[{"@type":"ReadAction","target":["https:\/\/www.swisscrochet.ch\/de\/produkt\/tulip-garnnadeln-sortiert-gebogene-spitze\/"]}]},{"@type":"ImageObject","inLanguage":"de","@id":"https:\/\/www.swisscrochet.ch\/de\/produkt\/tulip-garnnadeln-sortiert-gebogene-spitze\/#primaryimage","url":"https:\/\/www.swisscrochet.ch\/wp-content\/uploads\/2025\/02\/Tulip-Tapestry-Needles-Assorted-Bent-Tip-Overview.jpg","contentUrl":"https:\/\/www.swisscrochet.ch\/wp-content\/uploads\/2025\/02\/Tulip-Tapestry-Needles-Assorted-Bent-Tip-Overview.jpg","width":1000,"height":1000},{"@type":"BreadcrumbList","@id":"https:\/\/www.swisscrochet.ch\/de\/produkt\/tulip-garnnadeln-sortiert-gebogene-spitze\/#breadcrumb","itemListElement":[{"@type":"ListItem","position":1,"name":"Home","item":"https:\/\/www.swisscrochet.ch\/de\/"},{"@type":"ListItem","position":2,"name":"Shop","item":"https:\/\/www.swisscrochet.ch\/de\/shop\/"},{"@type":"ListItem","position":3,"name":"Tulip &#8211; Garnnadeln Sortiert &#8211; Gebogene Spitze"}]},{"@type":"WebSite","@id":"https:\/\/www.swisscrochet.ch\/#website","url":"https:\/\/www.swisscrochet.ch\/","name":"Swiss Crochet","description":"Entfalte dein kreatives Potenzial","potentialAction":[{"@type":"SearchAction","target":{"@type":"EntryPoint","urlTemplate":"https:\/\/www.swisscrochet.ch\/?s={search_term_string}"},"query-input":{"@type":"PropertyValueSpecification","valueRequired":true,"valueName":"search_term_string"}}],"inLanguage":"de"}]}},"_links":{"self":[{"href":"https:\/\/www.swisscrochet.ch\/de\/wp-json\/wp\/v2\/product\/5083","targetHints":{"allow":["GET"]}}],"collection":[{"href":"https:\/\/www.swisscrochet.ch\/de\/wp-json\/wp\/v2\/product"}],"about":[{"href":"https:\/\/www.swisscrochet.ch\/de\/wp-json\/wp\/v2\/types\/product"}],"wp:featuredmedia":[{"embeddable":true,"href":"https:\/\/www.swisscrochet.ch\/de\/wp-json\/wp\/v2\/media\/4844"}],"wp:attachment":[{"href":"https:\/\/www.swisscrochet.ch\/de\/wp-json\/wp\/v2\/media?parent=5083"}],"wp:term":[{"taxonomy":"product_brand","embeddable":true,"href":"https:\/\/www.swisscrochet.ch\/de\/wp-json\/wp\/v2\/product_brand?post=5083"},{"taxonomy":"product_cat","embeddable":true,"href":"https:\/\/www.swisscrochet.ch\/de\/wp-json\/wp\/v2\/product_cat?post=5083"},{"taxonomy":"product_tag","embeddable":true,"href":"https:\/\/www.swisscrochet.ch\/de\/wp-json\/wp\/v2\/product_tag?post=5083"}],"curies":[{"name":"wp","href":"https:\/\/api.w.org\/{rel}","templated":true}]}}