{"id":5096,"date":"2025-02-28T16:12:09","date_gmt":"2025-02-28T15:12:09","guid":{"rendered":"https:\/\/www.swisscrochet.ch\/product\/tulip-tapestry-needles-assorted-round-tip-small\/"},"modified":"2025-06-22T19:39:28","modified_gmt":"2025-06-22T17:39:28","slug":"tulip-garnnadeln-sortiert-runde-spitze-klein","status":"publish","type":"product","link":"https:\/\/www.swisscrochet.ch\/de\/produkt\/tulip-garnnadeln-sortiert-runde-spitze-klein\/","title":{"rendered":"Tulip &#8211; Garnnadeln Sortiert &#8211; Runde Spitze &#8211; Klein"},"content":{"rendered":"","protected":false},"excerpt":{"rendered":"<p>Das Tulip Garnnadeln-Set Sortiert (Runde Spitze) ist ein vielseitiges Set mit Garnnadeln in verschiedenen St\u00e4rken und L\u00e4ngen, ordentlich verstaut in einem tragbaren Etui mit Magnetverschluss.<\/p>\n<p>Mit einer runden Spitze gestaltet, erleichtern diese Nadeln das Aufnehmen des Garns, w\u00e4hrend das grosse Nadel\u00f6hr das Einf\u00e4deln erleichtert. Sie sind perfekt zum Vern\u00e4hen von Enden, Abketten oder Zusammenn\u00e4hen von Teilen.<\/p>\n<p>Diese Garnnadeln sind f\u00fcr d\u00fcnnere Garne wie Cobweb, Thread, Lace, Light Fingering, Fingering, Sport und DK geeignet.<\/p>\n<p>Das Set enth\u00e4lt 5 nickelbeschichtete Stahlnadeln in den folgenden Gr\u00f6ssen:<\/p>\n<ul>\n<li>16 \u2013 1.60 \u00d7 60 mm<\/li>\n<li>17 \u2013 1.35 \u00d7 54.50 mm<\/li>\n<li>18 \u2013 1.24 \u00d7 48.50 mm<\/li>\n<li>20 \u2013 1.07 \u00d7 45.50 mm<\/li>\n<li>23 \u2013 0.89 \u00d7 39.50 mm<\/li>\n<\/ul>\n<p>Das rote Etui besteht aus robustem PVC und sorgt f\u00fcr eine einfache Aufbewahrung und Transport. <\/p>\n","protected":false},"featured_media":4876,"template":"","meta":[],"product_brand":[],"product_cat":[220,568],"product_tag":[],"class_list":{"0":"post-5096","1":"product","2":"type-product","3":"status-publish","4":"has-post-thumbnail","6":"product_cat-hakelnadeln-und-zubehor","7":"product_cat-sticknadeln","8":"product_shipping_class-kleinsendungen","9":"pa_t1-manufacturer-tulip-de","10":"description-off","12":"first","13":"instock","14":"taxable","15":"shipping-taxable","16":"purchasable","17":"product-type-simple"},"bundled_by":[],"bundle_stock_status":"instock","bundle_stock_quantity":3,"bundle_virtual":false,"bundle_layout":"","bundle_add_to_cart_form_location":"","bundle_editable_in_cart":false,"bundle_sold_individually_context":"","bundle_item_grouping":"","bundle_min_size":"","bundle_max_size":"","bundle_price":[],"bundled_items":[],"bundle_sell_ids":[],"yoast_head":"<!-- This site is optimized with the Yoast SEO plugin v27.4 - https:\/\/yoast.com\/product\/yoast-seo-wordpress\/ -->\n<title>Tulip - Garnnadeln Sortiert - Runde Spitze - Klein &#171; Swiss Crochet<\/title>\n<meta name=\"description\" content=\"Tulip Garnnadeln Sortiert haben eine runde Spitze f\u00fcr einfaches Aufnehmen des Garns und kleine Nadelgr\u00f6ssen. Perfekt zum Vern\u00e4hen von Enden und Zusammenn\u00e4hen von Teilen.\" \/>\n<meta name=\"robots\" content=\"index, follow, max-snippet:-1, max-image-preview:large, max-video-preview:-1\" \/>\n<link rel=\"canonical\" href=\"https:\/\/www.swisscrochet.ch\/produkt\/tulip-tapestry-needles-assorted-round-tip-small\/\" \/>\n<meta property=\"og:locale\" content=\"de_DE\" \/>\n<meta property=\"og:type\" content=\"article\" \/>\n<meta property=\"og:title\" content=\"Tulip - Garnnadeln Sortiert - Runde Spitze - Klein &#171; Swiss Crochet\" \/>\n<meta property=\"og:description\" content=\"Tulip Garnnadeln Sortiert haben eine runde Spitze f\u00fcr einfaches Aufnehmen des Garns und kleine Nadelgr\u00f6ssen. Perfekt zum Vern\u00e4hen von Enden und Zusammenn\u00e4hen von Teilen.\" \/>\n<meta property=\"og:url\" content=\"https:\/\/www.swisscrochet.ch\/produkt\/tulip-tapestry-needles-assorted-round-tip-small\/\" \/>\n<meta property=\"og:site_name\" content=\"Swiss Crochet\" \/>\n<meta property=\"article:modified_time\" content=\"2025-06-22T17:39:28+00:00\" \/>\n<meta property=\"og:image\" content=\"https:\/\/www.swisscrochet.ch\/wp-content\/uploads\/2025\/02\/Tulip-Tapestry-Needles-Assorted-Round-Tip-Small-Overview.jpg\" \/>\n\t<meta property=\"og:image:width\" content=\"1000\" \/>\n\t<meta property=\"og:image:height\" content=\"1000\" \/>\n\t<meta property=\"og:image:type\" content=\"image\/jpeg\" \/>\n<meta name=\"twitter:card\" content=\"summary_large_image\" \/>\n<meta name=\"twitter:label1\" content=\"Gesch\u00e4tzte Lesezeit\" \/>\n\t<meta name=\"twitter:data1\" content=\"1\u00a0Minute\" \/>\n<script type=\"application\/ld+json\" class=\"yoast-schema-graph\">{\"@context\":\"https:\\\/\\\/schema.org\",\"@graph\":[{\"@type\":[\"WebPage\",\"ItemPage\"],\"@id\":\"https:\\\/\\\/www.swisscrochet.ch\\\/produkt\\\/tulip-tapestry-needles-assorted-round-tip-small\\\/\",\"url\":\"https:\\\/\\\/www.swisscrochet.ch\\\/produkt\\\/tulip-tapestry-needles-assorted-round-tip-small\\\/\",\"name\":\"Tulip - Garnnadeln Sortiert - Runde Spitze - Klein &#171; Swiss Crochet\",\"isPartOf\":{\"@id\":\"https:\\\/\\\/www.swisscrochet.ch\\\/#website\"},\"primaryImageOfPage\":{\"@id\":\"https:\\\/\\\/www.swisscrochet.ch\\\/produkt\\\/tulip-tapestry-needles-assorted-round-tip-small\\\/#primaryimage\"},\"image\":{\"@id\":\"https:\\\/\\\/www.swisscrochet.ch\\\/produkt\\\/tulip-tapestry-needles-assorted-round-tip-small\\\/#primaryimage\"},\"thumbnailUrl\":\"https:\\\/\\\/www.swisscrochet.ch\\\/wp-content\\\/uploads\\\/2025\\\/02\\\/Tulip-Tapestry-Needles-Assorted-Round-Tip-Small-Overview.jpg\",\"datePublished\":\"2025-02-28T15:12:09+00:00\",\"dateModified\":\"2025-06-22T17:39:28+00:00\",\"description\":\"Tulip Garnnadeln Sortiert haben eine runde Spitze f\u00fcr einfaches Aufnehmen des Garns und kleine Nadelgr\u00f6ssen. Perfekt zum Vern\u00e4hen von Enden und Zusammenn\u00e4hen von Teilen.\",\"breadcrumb\":{\"@id\":\"https:\\\/\\\/www.swisscrochet.ch\\\/produkt\\\/tulip-tapestry-needles-assorted-round-tip-small\\\/#breadcrumb\"},\"inLanguage\":\"de\",\"potentialAction\":[{\"@type\":\"ReadAction\",\"target\":[\"https:\\\/\\\/www.swisscrochet.ch\\\/produkt\\\/tulip-tapestry-needles-assorted-round-tip-small\\\/\"]}]},{\"@type\":\"ImageObject\",\"inLanguage\":\"de\",\"@id\":\"https:\\\/\\\/www.swisscrochet.ch\\\/produkt\\\/tulip-tapestry-needles-assorted-round-tip-small\\\/#primaryimage\",\"url\":\"https:\\\/\\\/www.swisscrochet.ch\\\/wp-content\\\/uploads\\\/2025\\\/02\\\/Tulip-Tapestry-Needles-Assorted-Round-Tip-Small-Overview.jpg\",\"contentUrl\":\"https:\\\/\\\/www.swisscrochet.ch\\\/wp-content\\\/uploads\\\/2025\\\/02\\\/Tulip-Tapestry-Needles-Assorted-Round-Tip-Small-Overview.jpg\",\"width\":1000,\"height\":1000},{\"@type\":\"BreadcrumbList\",\"@id\":\"https:\\\/\\\/www.swisscrochet.ch\\\/produkt\\\/tulip-tapestry-needles-assorted-round-tip-small\\\/#breadcrumb\",\"itemListElement\":[{\"@type\":\"ListItem\",\"position\":1,\"name\":\"Home\",\"item\":\"https:\\\/\\\/www.swisscrochet.ch\\\/de\\\/\"},{\"@type\":\"ListItem\",\"position\":2,\"name\":\"Shop\",\"item\":\"https:\\\/\\\/www.swisscrochet.ch\\\/de\\\/shop\\\/\"},{\"@type\":\"ListItem\",\"position\":3,\"name\":\"Tulip &#8211; Garnnadeln Sortiert &#8211; Runde Spitze &#8211; Klein\"}]},{\"@type\":\"WebSite\",\"@id\":\"https:\\\/\\\/www.swisscrochet.ch\\\/#website\",\"url\":\"https:\\\/\\\/www.swisscrochet.ch\\\/\",\"name\":\"Swiss Crochet\",\"description\":\"Entfalte dein kreatives Potenzial\",\"potentialAction\":[{\"@type\":\"SearchAction\",\"target\":{\"@type\":\"EntryPoint\",\"urlTemplate\":\"https:\\\/\\\/www.swisscrochet.ch\\\/?s={search_term_string}\"},\"query-input\":{\"@type\":\"PropertyValueSpecification\",\"valueRequired\":true,\"valueName\":\"search_term_string\"}}],\"inLanguage\":\"de\"}]}<\/script>\n<!-- \/ Yoast SEO plugin. -->","yoast_head_json":{"title":"Tulip - Garnnadeln Sortiert - Runde Spitze - Klein &#171; Swiss Crochet","description":"Tulip Garnnadeln Sortiert haben eine runde Spitze f\u00fcr einfaches Aufnehmen des Garns und kleine Nadelgr\u00f6ssen. Perfekt zum Vern\u00e4hen von Enden und Zusammenn\u00e4hen von Teilen.","robots":{"index":"index","follow":"follow","max-snippet":"max-snippet:-1","max-image-preview":"max-image-preview:large","max-video-preview":"max-video-preview:-1"},"canonical":"https:\/\/www.swisscrochet.ch\/produkt\/tulip-tapestry-needles-assorted-round-tip-small\/","og_locale":"de_DE","og_type":"article","og_title":"Tulip - Garnnadeln Sortiert - Runde Spitze - Klein &#171; Swiss Crochet","og_description":"Tulip Garnnadeln Sortiert haben eine runde Spitze f\u00fcr einfaches Aufnehmen des Garns und kleine Nadelgr\u00f6ssen. Perfekt zum Vern\u00e4hen von Enden und Zusammenn\u00e4hen von Teilen.","og_url":"https:\/\/www.swisscrochet.ch\/produkt\/tulip-tapestry-needles-assorted-round-tip-small\/","og_site_name":"Swiss Crochet","article_modified_time":"2025-06-22T17:39:28+00:00","og_image":[{"width":1000,"height":1000,"url":"https:\/\/www.swisscrochet.ch\/wp-content\/uploads\/2025\/02\/Tulip-Tapestry-Needles-Assorted-Round-Tip-Small-Overview.jpg","type":"image\/jpeg"}],"twitter_card":"summary_large_image","twitter_misc":{"Gesch\u00e4tzte Lesezeit":"1\u00a0Minute"},"schema":{"@context":"https:\/\/schema.org","@graph":[{"@type":["WebPage","ItemPage"],"@id":"https:\/\/www.swisscrochet.ch\/produkt\/tulip-tapestry-needles-assorted-round-tip-small\/","url":"https:\/\/www.swisscrochet.ch\/produkt\/tulip-tapestry-needles-assorted-round-tip-small\/","name":"Tulip - Garnnadeln Sortiert - Runde Spitze - Klein &#171; Swiss Crochet","isPartOf":{"@id":"https:\/\/www.swisscrochet.ch\/#website"},"primaryImageOfPage":{"@id":"https:\/\/www.swisscrochet.ch\/produkt\/tulip-tapestry-needles-assorted-round-tip-small\/#primaryimage"},"image":{"@id":"https:\/\/www.swisscrochet.ch\/produkt\/tulip-tapestry-needles-assorted-round-tip-small\/#primaryimage"},"thumbnailUrl":"https:\/\/www.swisscrochet.ch\/wp-content\/uploads\/2025\/02\/Tulip-Tapestry-Needles-Assorted-Round-Tip-Small-Overview.jpg","datePublished":"2025-02-28T15:12:09+00:00","dateModified":"2025-06-22T17:39:28+00:00","description":"Tulip Garnnadeln Sortiert haben eine runde Spitze f\u00fcr einfaches Aufnehmen des Garns und kleine Nadelgr\u00f6ssen. Perfekt zum Vern\u00e4hen von Enden und Zusammenn\u00e4hen von Teilen.","breadcrumb":{"@id":"https:\/\/www.swisscrochet.ch\/produkt\/tulip-tapestry-needles-assorted-round-tip-small\/#breadcrumb"},"inLanguage":"de","potentialAction":[{"@type":"ReadAction","target":["https:\/\/www.swisscrochet.ch\/produkt\/tulip-tapestry-needles-assorted-round-tip-small\/"]}]},{"@type":"ImageObject","inLanguage":"de","@id":"https:\/\/www.swisscrochet.ch\/produkt\/tulip-tapestry-needles-assorted-round-tip-small\/#primaryimage","url":"https:\/\/www.swisscrochet.ch\/wp-content\/uploads\/2025\/02\/Tulip-Tapestry-Needles-Assorted-Round-Tip-Small-Overview.jpg","contentUrl":"https:\/\/www.swisscrochet.ch\/wp-content\/uploads\/2025\/02\/Tulip-Tapestry-Needles-Assorted-Round-Tip-Small-Overview.jpg","width":1000,"height":1000},{"@type":"BreadcrumbList","@id":"https:\/\/www.swisscrochet.ch\/produkt\/tulip-tapestry-needles-assorted-round-tip-small\/#breadcrumb","itemListElement":[{"@type":"ListItem","position":1,"name":"Home","item":"https:\/\/www.swisscrochet.ch\/de\/"},{"@type":"ListItem","position":2,"name":"Shop","item":"https:\/\/www.swisscrochet.ch\/de\/shop\/"},{"@type":"ListItem","position":3,"name":"Tulip &#8211; Garnnadeln Sortiert &#8211; Runde Spitze &#8211; Klein"}]},{"@type":"WebSite","@id":"https:\/\/www.swisscrochet.ch\/#website","url":"https:\/\/www.swisscrochet.ch\/","name":"Swiss Crochet","description":"Entfalte dein kreatives Potenzial","potentialAction":[{"@type":"SearchAction","target":{"@type":"EntryPoint","urlTemplate":"https:\/\/www.swisscrochet.ch\/?s={search_term_string}"},"query-input":{"@type":"PropertyValueSpecification","valueRequired":true,"valueName":"search_term_string"}}],"inLanguage":"de"}]}},"_links":{"self":[{"href":"https:\/\/www.swisscrochet.ch\/de\/wp-json\/wp\/v2\/product\/5096","targetHints":{"allow":["GET"]}}],"collection":[{"href":"https:\/\/www.swisscrochet.ch\/de\/wp-json\/wp\/v2\/product"}],"about":[{"href":"https:\/\/www.swisscrochet.ch\/de\/wp-json\/wp\/v2\/types\/product"}],"wp:featuredmedia":[{"embeddable":true,"href":"https:\/\/www.swisscrochet.ch\/de\/wp-json\/wp\/v2\/media\/4876"}],"wp:attachment":[{"href":"https:\/\/www.swisscrochet.ch\/de\/wp-json\/wp\/v2\/media?parent=5096"}],"wp:term":[{"taxonomy":"product_brand","embeddable":true,"href":"https:\/\/www.swisscrochet.ch\/de\/wp-json\/wp\/v2\/product_brand?post=5096"},{"taxonomy":"product_cat","embeddable":true,"href":"https:\/\/www.swisscrochet.ch\/de\/wp-json\/wp\/v2\/product_cat?post=5096"},{"taxonomy":"product_tag","embeddable":true,"href":"https:\/\/www.swisscrochet.ch\/de\/wp-json\/wp\/v2\/product_tag?post=5096"}],"curies":[{"name":"wp","href":"https:\/\/api.w.org\/{rel}","templated":true}]}}