{"id":5105,"date":"2025-02-28T13:40:33","date_gmt":"2025-02-28T12:40:33","guid":{"rendered":"https:\/\/www.swisscrochet.ch\/product\/prym-steel-t-pins-set-of-10\/"},"modified":"2025-03-14T10:48:25","modified_gmt":"2025-03-14T09:48:25","slug":"prym-stahl-t-nadeln-set-mit-10-stueck","status":"publish","type":"product","link":"https:\/\/www.swisscrochet.ch\/de\/produkt\/prym-stahl-t-nadeln-set-mit-10-stueck\/","title":{"rendered":"Prym &#8211; Stahl-T-Nadeln &#8211; Set mit 10 St\u00fcck"},"content":{"rendered":"","protected":false},"excerpt":{"rendered":"<p>Die Prym Stahl-T-Nadeln sind ein unverzichtbares Werkzeug f\u00fcr H\u00e4klerinnen und Handarbeitsfans. Perfekt zum Fixieren von H\u00e4kelst\u00fccken auf einer Unterlage, helfen diese stabilen Nadeln beim Spannen und Formen von Projekten w\u00e4hrend des Blockens. Sie sind auch essenziell f\u00fcr Irish Crochet, um pr\u00e4zise Details und Struktur zu gew\u00e4hrleisten.<\/p>\n<p>L\u00e4nge: 32 mm<br \/>\nDicke: 0.75 mm<\/p>\n","protected":false},"featured_media":4672,"template":"","meta":[],"product_brand":[],"product_cat":[559,574,220],"product_tag":[],"class_list":{"0":"post-5105","1":"product","2":"type-product","3":"status-publish","4":"has-post-thumbnail","6":"product_cat-anderes-zubehoer","7":"product_cat-blockierzubehoer","8":"product_cat-hakelnadeln-und-zubehor","9":"product_shipping_class-kleinsendungen","10":"pa_t1-manufacturer-prym-de","11":"description-off","13":"first","14":"instock","15":"taxable","16":"shipping-taxable","17":"purchasable","18":"product-type-simple"},"bundled_by":[],"bundle_stock_status":"instock","bundle_stock_quantity":15,"bundle_virtual":false,"bundle_layout":"","bundle_add_to_cart_form_location":"","bundle_editable_in_cart":false,"bundle_sold_individually_context":"","bundle_item_grouping":"","bundle_min_size":"","bundle_max_size":"","bundle_price":[],"bundled_items":[],"bundle_sell_ids":[],"yoast_head":"<!-- This site is optimized with the Yoast SEO plugin v27.4 - https:\/\/yoast.com\/product\/yoast-seo-wordpress\/ -->\n<title>Prym - Stahl-T-Nadeln - Set mit 10 St\u00fcck &#171; Swiss Crochet<\/title>\n<meta name=\"description\" content=\"Prym Stahl-T-Nadeln \u2013 Unverzichtbar zum Spannen, Formen und f\u00fcr Irish Crochet. Stark und langlebig, ideal zum Fixieren von H\u00e4kelst\u00fccken. L\u00e4nge: 32 mm.\" \/>\n<meta name=\"robots\" content=\"index, follow, max-snippet:-1, max-image-preview:large, max-video-preview:-1\" \/>\n<link rel=\"canonical\" href=\"https:\/\/www.swisscrochet.ch\/produkt\/prym-steel-t-pins-set-of-10\/\" \/>\n<meta property=\"og:locale\" content=\"de_DE\" \/>\n<meta property=\"og:type\" content=\"article\" \/>\n<meta property=\"og:title\" content=\"Prym - Stahl-T-Nadeln - Set mit 10 St\u00fcck &#171; Swiss Crochet\" \/>\n<meta property=\"og:description\" content=\"Prym Stahl-T-Nadeln \u2013 Unverzichtbar zum Spannen, Formen und f\u00fcr Irish Crochet. Stark und langlebig, ideal zum Fixieren von H\u00e4kelst\u00fccken. L\u00e4nge: 32 mm.\" \/>\n<meta property=\"og:url\" content=\"https:\/\/www.swisscrochet.ch\/produkt\/prym-steel-t-pins-set-of-10\/\" \/>\n<meta property=\"og:site_name\" content=\"Swiss Crochet\" \/>\n<meta property=\"article:modified_time\" content=\"2025-03-14T09:48:25+00:00\" \/>\n<meta property=\"og:image\" content=\"https:\/\/www.swisscrochet.ch\/wp-content\/uploads\/2025\/02\/Prym-Steel-T-Pins-Overview.jpg\" \/>\n\t<meta property=\"og:image:width\" content=\"1000\" \/>\n\t<meta property=\"og:image:height\" content=\"1000\" \/>\n\t<meta property=\"og:image:type\" content=\"image\/jpeg\" \/>\n<meta name=\"twitter:card\" content=\"summary_large_image\" \/>\n<meta name=\"twitter:label1\" content=\"Gesch\u00e4tzte Lesezeit\" \/>\n\t<meta name=\"twitter:data1\" content=\"1\u00a0Minute\" \/>\n<script type=\"application\/ld+json\" class=\"yoast-schema-graph\">{\"@context\":\"https:\\\/\\\/schema.org\",\"@graph\":[{\"@type\":[\"WebPage\",\"ItemPage\"],\"@id\":\"https:\\\/\\\/www.swisscrochet.ch\\\/produkt\\\/prym-steel-t-pins-set-of-10\\\/\",\"url\":\"https:\\\/\\\/www.swisscrochet.ch\\\/produkt\\\/prym-steel-t-pins-set-of-10\\\/\",\"name\":\"Prym - Stahl-T-Nadeln - Set mit 10 St\u00fcck &#171; Swiss Crochet\",\"isPartOf\":{\"@id\":\"https:\\\/\\\/www.swisscrochet.ch\\\/#website\"},\"primaryImageOfPage\":{\"@id\":\"https:\\\/\\\/www.swisscrochet.ch\\\/produkt\\\/prym-steel-t-pins-set-of-10\\\/#primaryimage\"},\"image\":{\"@id\":\"https:\\\/\\\/www.swisscrochet.ch\\\/produkt\\\/prym-steel-t-pins-set-of-10\\\/#primaryimage\"},\"thumbnailUrl\":\"https:\\\/\\\/www.swisscrochet.ch\\\/wp-content\\\/uploads\\\/2025\\\/02\\\/Prym-Steel-T-Pins-Overview.jpg\",\"datePublished\":\"2025-02-28T12:40:33+00:00\",\"dateModified\":\"2025-03-14T09:48:25+00:00\",\"description\":\"Prym Stahl-T-Nadeln \u2013 Unverzichtbar zum Spannen, Formen und f\u00fcr Irish Crochet. Stark und langlebig, ideal zum Fixieren von H\u00e4kelst\u00fccken. L\u00e4nge: 32 mm.\",\"breadcrumb\":{\"@id\":\"https:\\\/\\\/www.swisscrochet.ch\\\/produkt\\\/prym-steel-t-pins-set-of-10\\\/#breadcrumb\"},\"inLanguage\":\"de\",\"potentialAction\":[{\"@type\":\"ReadAction\",\"target\":[\"https:\\\/\\\/www.swisscrochet.ch\\\/produkt\\\/prym-steel-t-pins-set-of-10\\\/\"]}]},{\"@type\":\"ImageObject\",\"inLanguage\":\"de\",\"@id\":\"https:\\\/\\\/www.swisscrochet.ch\\\/produkt\\\/prym-steel-t-pins-set-of-10\\\/#primaryimage\",\"url\":\"https:\\\/\\\/www.swisscrochet.ch\\\/wp-content\\\/uploads\\\/2025\\\/02\\\/Prym-Steel-T-Pins-Overview.jpg\",\"contentUrl\":\"https:\\\/\\\/www.swisscrochet.ch\\\/wp-content\\\/uploads\\\/2025\\\/02\\\/Prym-Steel-T-Pins-Overview.jpg\",\"width\":1000,\"height\":1000},{\"@type\":\"BreadcrumbList\",\"@id\":\"https:\\\/\\\/www.swisscrochet.ch\\\/produkt\\\/prym-steel-t-pins-set-of-10\\\/#breadcrumb\",\"itemListElement\":[{\"@type\":\"ListItem\",\"position\":1,\"name\":\"Home\",\"item\":\"https:\\\/\\\/www.swisscrochet.ch\\\/de\\\/\"},{\"@type\":\"ListItem\",\"position\":2,\"name\":\"Shop\",\"item\":\"https:\\\/\\\/www.swisscrochet.ch\\\/de\\\/shop\\\/\"},{\"@type\":\"ListItem\",\"position\":3,\"name\":\"Prym &#8211; Stahl-T-Nadeln &#8211; Set mit 10 St\u00fcck\"}]},{\"@type\":\"WebSite\",\"@id\":\"https:\\\/\\\/www.swisscrochet.ch\\\/#website\",\"url\":\"https:\\\/\\\/www.swisscrochet.ch\\\/\",\"name\":\"Swiss Crochet\",\"description\":\"Entfalte dein kreatives Potenzial\",\"potentialAction\":[{\"@type\":\"SearchAction\",\"target\":{\"@type\":\"EntryPoint\",\"urlTemplate\":\"https:\\\/\\\/www.swisscrochet.ch\\\/?s={search_term_string}\"},\"query-input\":{\"@type\":\"PropertyValueSpecification\",\"valueRequired\":true,\"valueName\":\"search_term_string\"}}],\"inLanguage\":\"de\"}]}<\/script>\n<!-- \/ Yoast SEO plugin. -->","yoast_head_json":{"title":"Prym - Stahl-T-Nadeln - Set mit 10 St\u00fcck &#171; Swiss Crochet","description":"Prym Stahl-T-Nadeln \u2013 Unverzichtbar zum Spannen, Formen und f\u00fcr Irish Crochet. Stark und langlebig, ideal zum Fixieren von H\u00e4kelst\u00fccken. L\u00e4nge: 32 mm.","robots":{"index":"index","follow":"follow","max-snippet":"max-snippet:-1","max-image-preview":"max-image-preview:large","max-video-preview":"max-video-preview:-1"},"canonical":"https:\/\/www.swisscrochet.ch\/produkt\/prym-steel-t-pins-set-of-10\/","og_locale":"de_DE","og_type":"article","og_title":"Prym - Stahl-T-Nadeln - Set mit 10 St\u00fcck &#171; Swiss Crochet","og_description":"Prym Stahl-T-Nadeln \u2013 Unverzichtbar zum Spannen, Formen und f\u00fcr Irish Crochet. Stark und langlebig, ideal zum Fixieren von H\u00e4kelst\u00fccken. L\u00e4nge: 32 mm.","og_url":"https:\/\/www.swisscrochet.ch\/produkt\/prym-steel-t-pins-set-of-10\/","og_site_name":"Swiss Crochet","article_modified_time":"2025-03-14T09:48:25+00:00","og_image":[{"width":1000,"height":1000,"url":"https:\/\/www.swisscrochet.ch\/wp-content\/uploads\/2025\/02\/Prym-Steel-T-Pins-Overview.jpg","type":"image\/jpeg"}],"twitter_card":"summary_large_image","twitter_misc":{"Gesch\u00e4tzte Lesezeit":"1\u00a0Minute"},"schema":{"@context":"https:\/\/schema.org","@graph":[{"@type":["WebPage","ItemPage"],"@id":"https:\/\/www.swisscrochet.ch\/produkt\/prym-steel-t-pins-set-of-10\/","url":"https:\/\/www.swisscrochet.ch\/produkt\/prym-steel-t-pins-set-of-10\/","name":"Prym - Stahl-T-Nadeln - Set mit 10 St\u00fcck &#171; Swiss Crochet","isPartOf":{"@id":"https:\/\/www.swisscrochet.ch\/#website"},"primaryImageOfPage":{"@id":"https:\/\/www.swisscrochet.ch\/produkt\/prym-steel-t-pins-set-of-10\/#primaryimage"},"image":{"@id":"https:\/\/www.swisscrochet.ch\/produkt\/prym-steel-t-pins-set-of-10\/#primaryimage"},"thumbnailUrl":"https:\/\/www.swisscrochet.ch\/wp-content\/uploads\/2025\/02\/Prym-Steel-T-Pins-Overview.jpg","datePublished":"2025-02-28T12:40:33+00:00","dateModified":"2025-03-14T09:48:25+00:00","description":"Prym Stahl-T-Nadeln \u2013 Unverzichtbar zum Spannen, Formen und f\u00fcr Irish Crochet. Stark und langlebig, ideal zum Fixieren von H\u00e4kelst\u00fccken. L\u00e4nge: 32 mm.","breadcrumb":{"@id":"https:\/\/www.swisscrochet.ch\/produkt\/prym-steel-t-pins-set-of-10\/#breadcrumb"},"inLanguage":"de","potentialAction":[{"@type":"ReadAction","target":["https:\/\/www.swisscrochet.ch\/produkt\/prym-steel-t-pins-set-of-10\/"]}]},{"@type":"ImageObject","inLanguage":"de","@id":"https:\/\/www.swisscrochet.ch\/produkt\/prym-steel-t-pins-set-of-10\/#primaryimage","url":"https:\/\/www.swisscrochet.ch\/wp-content\/uploads\/2025\/02\/Prym-Steel-T-Pins-Overview.jpg","contentUrl":"https:\/\/www.swisscrochet.ch\/wp-content\/uploads\/2025\/02\/Prym-Steel-T-Pins-Overview.jpg","width":1000,"height":1000},{"@type":"BreadcrumbList","@id":"https:\/\/www.swisscrochet.ch\/produkt\/prym-steel-t-pins-set-of-10\/#breadcrumb","itemListElement":[{"@type":"ListItem","position":1,"name":"Home","item":"https:\/\/www.swisscrochet.ch\/de\/"},{"@type":"ListItem","position":2,"name":"Shop","item":"https:\/\/www.swisscrochet.ch\/de\/shop\/"},{"@type":"ListItem","position":3,"name":"Prym &#8211; Stahl-T-Nadeln &#8211; Set mit 10 St\u00fcck"}]},{"@type":"WebSite","@id":"https:\/\/www.swisscrochet.ch\/#website","url":"https:\/\/www.swisscrochet.ch\/","name":"Swiss Crochet","description":"Entfalte dein kreatives Potenzial","potentialAction":[{"@type":"SearchAction","target":{"@type":"EntryPoint","urlTemplate":"https:\/\/www.swisscrochet.ch\/?s={search_term_string}"},"query-input":{"@type":"PropertyValueSpecification","valueRequired":true,"valueName":"search_term_string"}}],"inLanguage":"de"}]}},"_links":{"self":[{"href":"https:\/\/www.swisscrochet.ch\/de\/wp-json\/wp\/v2\/product\/5105","targetHints":{"allow":["GET"]}}],"collection":[{"href":"https:\/\/www.swisscrochet.ch\/de\/wp-json\/wp\/v2\/product"}],"about":[{"href":"https:\/\/www.swisscrochet.ch\/de\/wp-json\/wp\/v2\/types\/product"}],"wp:featuredmedia":[{"embeddable":true,"href":"https:\/\/www.swisscrochet.ch\/de\/wp-json\/wp\/v2\/media\/4672"}],"wp:attachment":[{"href":"https:\/\/www.swisscrochet.ch\/de\/wp-json\/wp\/v2\/media?parent=5105"}],"wp:term":[{"taxonomy":"product_brand","embeddable":true,"href":"https:\/\/www.swisscrochet.ch\/de\/wp-json\/wp\/v2\/product_brand?post=5105"},{"taxonomy":"product_cat","embeddable":true,"href":"https:\/\/www.swisscrochet.ch\/de\/wp-json\/wp\/v2\/product_cat?post=5105"},{"taxonomy":"product_tag","embeddable":true,"href":"https:\/\/www.swisscrochet.ch\/de\/wp-json\/wp\/v2\/product_tag?post=5105"}],"curies":[{"name":"wp","href":"https:\/\/api.w.org\/{rel}","templated":true}]}}