{"id":5108,"date":"2025-02-28T13:39:47","date_gmt":"2025-02-28T12:39:47","guid":{"rendered":"https:\/\/www.swisscrochet.ch\/product\/prym-tape-measure\/"},"modified":"2025-03-14T10:43:13","modified_gmt":"2025-03-14T09:43:13","slug":"prym-massband","status":"publish","type":"product","link":"https:\/\/www.swisscrochet.ch\/de\/produkt\/prym-massband\/","title":{"rendered":"Prym &#8211; Massband"},"content":{"rendered":"","protected":false},"excerpt":{"rendered":"<p>Das Prym Massband ist ein unverzichtbares Werkzeug f\u00fcr alle Arten von Handarbeiten. Mit einer farblich abgestuften Skala sorgt es f\u00fcr hervorragende Sichtbarkeit und pr\u00e4zise Messungen. Dieses hochwertige, professionelle Massband wurde f\u00fcr Langlebigkeit entwickelt und verf\u00fcgt \u00fcber metallverst\u00e4rkte Enden f\u00fcr zus\u00e4tzliche Stabilit\u00e4t.<\/p>\n<p>Gesamtl\u00e4nge: 150 cm<\/p>\n","protected":false},"featured_media":4680,"template":"","meta":[],"product_brand":[],"product_cat":[220,562],"product_tag":[],"class_list":{"0":"post-5108","1":"product","2":"type-product","3":"status-publish","4":"has-post-thumbnail","6":"product_cat-hakelnadeln-und-zubehor","7":"product_cat-mess-und-schneidzubehoer","8":"product_shipping_class-kleinsendungen","9":"pa_t1-manufacturer-prym-de","10":"description-off","12":"first","13":"instock","14":"taxable","15":"shipping-taxable","16":"purchasable","17":"product-type-simple"},"bundled_by":["10381","10388","10396"],"bundle_stock_status":"instock","bundle_stock_quantity":9,"bundle_virtual":false,"bundle_layout":"","bundle_add_to_cart_form_location":"","bundle_editable_in_cart":false,"bundle_sold_individually_context":"","bundle_item_grouping":"","bundle_min_size":"","bundle_max_size":"","bundle_price":[],"bundled_items":[],"bundle_sell_ids":[],"yoast_head":"<!-- This site is optimized with the Yoast SEO plugin v27.5 - https:\/\/yoast.com\/product\/yoast-seo-wordpress\/ -->\n<title>Prym - Massband &#171; Swiss Crochet<\/title>\n<meta name=\"description\" content=\"Prym Massband \u2013 Robustes 150 cm Massband mit farblich abgestufter Skala f\u00fcr bessere Sichtbarkeit und metallverst\u00e4rkten Enden f\u00fcr mehr Stabilit\u00e4t.\" \/>\n<meta name=\"robots\" content=\"index, follow, max-snippet:-1, max-image-preview:large, max-video-preview:-1\" \/>\n<link rel=\"canonical\" href=\"https:\/\/www.swisscrochet.ch\/produkt\/prym-tape-measure\/\" \/>\n<meta property=\"og:locale\" content=\"de_DE\" \/>\n<meta property=\"og:type\" content=\"article\" \/>\n<meta property=\"og:title\" content=\"Prym - Massband &#171; Swiss Crochet\" \/>\n<meta property=\"og:description\" content=\"Prym Massband \u2013 Robustes 150 cm Massband mit farblich abgestufter Skala f\u00fcr bessere Sichtbarkeit und metallverst\u00e4rkten Enden f\u00fcr mehr Stabilit\u00e4t.\" \/>\n<meta property=\"og:url\" content=\"https:\/\/www.swisscrochet.ch\/produkt\/prym-tape-measure\/\" \/>\n<meta property=\"og:site_name\" content=\"Swiss Crochet\" \/>\n<meta property=\"article:modified_time\" content=\"2025-03-14T09:43:13+00:00\" \/>\n<meta property=\"og:image\" content=\"https:\/\/www.swisscrochet.ch\/wp-content\/uploads\/2025\/02\/Prym-Tape-Measure-Overview.jpg\" \/>\n\t<meta property=\"og:image:width\" content=\"1000\" \/>\n\t<meta property=\"og:image:height\" content=\"1000\" \/>\n\t<meta property=\"og:image:type\" content=\"image\/jpeg\" \/>\n<meta name=\"twitter:card\" content=\"summary_large_image\" \/>\n<meta name=\"twitter:label1\" content=\"Gesch\u00e4tzte Lesezeit\" \/>\n\t<meta name=\"twitter:data1\" content=\"1\u00a0Minute\" \/>\n<script type=\"application\/ld+json\" class=\"yoast-schema-graph\">{\"@context\":\"https:\\\/\\\/schema.org\",\"@graph\":[{\"@type\":[\"WebPage\",\"ItemPage\"],\"@id\":\"https:\\\/\\\/www.swisscrochet.ch\\\/produkt\\\/prym-tape-measure\\\/\",\"url\":\"https:\\\/\\\/www.swisscrochet.ch\\\/produkt\\\/prym-tape-measure\\\/\",\"name\":\"Prym - Massband &#171; Swiss Crochet\",\"isPartOf\":{\"@id\":\"https:\\\/\\\/www.swisscrochet.ch\\\/#website\"},\"primaryImageOfPage\":{\"@id\":\"https:\\\/\\\/www.swisscrochet.ch\\\/produkt\\\/prym-tape-measure\\\/#primaryimage\"},\"image\":{\"@id\":\"https:\\\/\\\/www.swisscrochet.ch\\\/produkt\\\/prym-tape-measure\\\/#primaryimage\"},\"thumbnailUrl\":\"https:\\\/\\\/www.swisscrochet.ch\\\/wp-content\\\/uploads\\\/2025\\\/02\\\/Prym-Tape-Measure-Overview.jpg\",\"datePublished\":\"2025-02-28T12:39:47+00:00\",\"dateModified\":\"2025-03-14T09:43:13+00:00\",\"description\":\"Prym Massband \u2013 Robustes 150 cm Massband mit farblich abgestufter Skala f\u00fcr bessere Sichtbarkeit und metallverst\u00e4rkten Enden f\u00fcr mehr Stabilit\u00e4t.\",\"breadcrumb\":{\"@id\":\"https:\\\/\\\/www.swisscrochet.ch\\\/produkt\\\/prym-tape-measure\\\/#breadcrumb\"},\"inLanguage\":\"de\",\"potentialAction\":[{\"@type\":\"ReadAction\",\"target\":[\"https:\\\/\\\/www.swisscrochet.ch\\\/produkt\\\/prym-tape-measure\\\/\"]}]},{\"@type\":\"ImageObject\",\"inLanguage\":\"de\",\"@id\":\"https:\\\/\\\/www.swisscrochet.ch\\\/produkt\\\/prym-tape-measure\\\/#primaryimage\",\"url\":\"https:\\\/\\\/www.swisscrochet.ch\\\/wp-content\\\/uploads\\\/2025\\\/02\\\/Prym-Tape-Measure-Overview.jpg\",\"contentUrl\":\"https:\\\/\\\/www.swisscrochet.ch\\\/wp-content\\\/uploads\\\/2025\\\/02\\\/Prym-Tape-Measure-Overview.jpg\",\"width\":1000,\"height\":1000},{\"@type\":\"BreadcrumbList\",\"@id\":\"https:\\\/\\\/www.swisscrochet.ch\\\/produkt\\\/prym-tape-measure\\\/#breadcrumb\",\"itemListElement\":[{\"@type\":\"ListItem\",\"position\":1,\"name\":\"Home\",\"item\":\"https:\\\/\\\/www.swisscrochet.ch\\\/de\\\/\"},{\"@type\":\"ListItem\",\"position\":2,\"name\":\"Shop\",\"item\":\"https:\\\/\\\/www.swisscrochet.ch\\\/de\\\/shop\\\/\"},{\"@type\":\"ListItem\",\"position\":3,\"name\":\"Prym &#8211; Massband\"}]},{\"@type\":\"WebSite\",\"@id\":\"https:\\\/\\\/www.swisscrochet.ch\\\/#website\",\"url\":\"https:\\\/\\\/www.swisscrochet.ch\\\/\",\"name\":\"Swiss Crochet\",\"description\":\"Entfalte dein kreatives Potenzial\",\"potentialAction\":[{\"@type\":\"SearchAction\",\"target\":{\"@type\":\"EntryPoint\",\"urlTemplate\":\"https:\\\/\\\/www.swisscrochet.ch\\\/?s={search_term_string}\"},\"query-input\":{\"@type\":\"PropertyValueSpecification\",\"valueRequired\":true,\"valueName\":\"search_term_string\"}}],\"inLanguage\":\"de\"}]}<\/script>\n<!-- \/ Yoast SEO plugin. -->","yoast_head_json":{"title":"Prym - Massband &#171; Swiss Crochet","description":"Prym Massband \u2013 Robustes 150 cm Massband mit farblich abgestufter Skala f\u00fcr bessere Sichtbarkeit und metallverst\u00e4rkten Enden f\u00fcr mehr Stabilit\u00e4t.","robots":{"index":"index","follow":"follow","max-snippet":"max-snippet:-1","max-image-preview":"max-image-preview:large","max-video-preview":"max-video-preview:-1"},"canonical":"https:\/\/www.swisscrochet.ch\/produkt\/prym-tape-measure\/","og_locale":"de_DE","og_type":"article","og_title":"Prym - Massband &#171; Swiss Crochet","og_description":"Prym Massband \u2013 Robustes 150 cm Massband mit farblich abgestufter Skala f\u00fcr bessere Sichtbarkeit und metallverst\u00e4rkten Enden f\u00fcr mehr Stabilit\u00e4t.","og_url":"https:\/\/www.swisscrochet.ch\/produkt\/prym-tape-measure\/","og_site_name":"Swiss Crochet","article_modified_time":"2025-03-14T09:43:13+00:00","og_image":[{"width":1000,"height":1000,"url":"https:\/\/www.swisscrochet.ch\/wp-content\/uploads\/2025\/02\/Prym-Tape-Measure-Overview.jpg","type":"image\/jpeg"}],"twitter_card":"summary_large_image","twitter_misc":{"Gesch\u00e4tzte Lesezeit":"1\u00a0Minute"},"schema":{"@context":"https:\/\/schema.org","@graph":[{"@type":["WebPage","ItemPage"],"@id":"https:\/\/www.swisscrochet.ch\/produkt\/prym-tape-measure\/","url":"https:\/\/www.swisscrochet.ch\/produkt\/prym-tape-measure\/","name":"Prym - Massband &#171; Swiss Crochet","isPartOf":{"@id":"https:\/\/www.swisscrochet.ch\/#website"},"primaryImageOfPage":{"@id":"https:\/\/www.swisscrochet.ch\/produkt\/prym-tape-measure\/#primaryimage"},"image":{"@id":"https:\/\/www.swisscrochet.ch\/produkt\/prym-tape-measure\/#primaryimage"},"thumbnailUrl":"https:\/\/www.swisscrochet.ch\/wp-content\/uploads\/2025\/02\/Prym-Tape-Measure-Overview.jpg","datePublished":"2025-02-28T12:39:47+00:00","dateModified":"2025-03-14T09:43:13+00:00","description":"Prym Massband \u2013 Robustes 150 cm Massband mit farblich abgestufter Skala f\u00fcr bessere Sichtbarkeit und metallverst\u00e4rkten Enden f\u00fcr mehr Stabilit\u00e4t.","breadcrumb":{"@id":"https:\/\/www.swisscrochet.ch\/produkt\/prym-tape-measure\/#breadcrumb"},"inLanguage":"de","potentialAction":[{"@type":"ReadAction","target":["https:\/\/www.swisscrochet.ch\/produkt\/prym-tape-measure\/"]}]},{"@type":"ImageObject","inLanguage":"de","@id":"https:\/\/www.swisscrochet.ch\/produkt\/prym-tape-measure\/#primaryimage","url":"https:\/\/www.swisscrochet.ch\/wp-content\/uploads\/2025\/02\/Prym-Tape-Measure-Overview.jpg","contentUrl":"https:\/\/www.swisscrochet.ch\/wp-content\/uploads\/2025\/02\/Prym-Tape-Measure-Overview.jpg","width":1000,"height":1000},{"@type":"BreadcrumbList","@id":"https:\/\/www.swisscrochet.ch\/produkt\/prym-tape-measure\/#breadcrumb","itemListElement":[{"@type":"ListItem","position":1,"name":"Home","item":"https:\/\/www.swisscrochet.ch\/de\/"},{"@type":"ListItem","position":2,"name":"Shop","item":"https:\/\/www.swisscrochet.ch\/de\/shop\/"},{"@type":"ListItem","position":3,"name":"Prym &#8211; Massband"}]},{"@type":"WebSite","@id":"https:\/\/www.swisscrochet.ch\/#website","url":"https:\/\/www.swisscrochet.ch\/","name":"Swiss Crochet","description":"Entfalte dein kreatives Potenzial","potentialAction":[{"@type":"SearchAction","target":{"@type":"EntryPoint","urlTemplate":"https:\/\/www.swisscrochet.ch\/?s={search_term_string}"},"query-input":{"@type":"PropertyValueSpecification","valueRequired":true,"valueName":"search_term_string"}}],"inLanguage":"de"}]}},"_links":{"self":[{"href":"https:\/\/www.swisscrochet.ch\/de\/wp-json\/wp\/v2\/product\/5108","targetHints":{"allow":["GET"]}}],"collection":[{"href":"https:\/\/www.swisscrochet.ch\/de\/wp-json\/wp\/v2\/product"}],"about":[{"href":"https:\/\/www.swisscrochet.ch\/de\/wp-json\/wp\/v2\/types\/product"}],"wp:featuredmedia":[{"embeddable":true,"href":"https:\/\/www.swisscrochet.ch\/de\/wp-json\/wp\/v2\/media\/4680"}],"wp:attachment":[{"href":"https:\/\/www.swisscrochet.ch\/de\/wp-json\/wp\/v2\/media?parent=5108"}],"wp:term":[{"taxonomy":"product_brand","embeddable":true,"href":"https:\/\/www.swisscrochet.ch\/de\/wp-json\/wp\/v2\/product_brand?post=5108"},{"taxonomy":"product_cat","embeddable":true,"href":"https:\/\/www.swisscrochet.ch\/de\/wp-json\/wp\/v2\/product_cat?post=5108"},{"taxonomy":"product_tag","embeddable":true,"href":"https:\/\/www.swisscrochet.ch\/de\/wp-json\/wp\/v2\/product_tag?post=5108"}],"curies":[{"name":"wp","href":"https:\/\/api.w.org\/{rel}","templated":true}]}}