{"id":5654,"date":"2025-03-21T10:38:46","date_gmt":"2025-03-21T09:38:46","guid":{"rendered":"https:\/\/www.swisscrochet.ch\/product\/hoooked-ribbon-xl-neon-250gr\/"},"modified":"2025-04-26T11:37:49","modified_gmt":"2025-04-26T09:37:49","slug":"hoooked-ribbon-xl-neon-250gr","status":"publish","type":"product","link":"https:\/\/www.swisscrochet.ch\/de\/produkt\/hoooked-ribbon-xl-neon-250gr\/","title":{"rendered":"Hoooked &#8211; Ribbon XL Neon 250gr"},"content":{"rendered":"","protected":false},"excerpt":{"rendered":"<p>Hoooked Ribbon XL Neon ist ein vielseitiges Garn aus vorgesortierten Textilresten. Es ist ungesponnen, das heisst, es hat keinen Drall \u2013 perfekt f\u00fcr H\u00e4kelprojekte mit einer klaren Maschendefinition. Dank seiner Stoffzusammensetzung bietet es eine leichte Dehnbarkeit und ist einfach zu verarbeiten.<\/p>\n<p>Ribbon XL besteht aus 70 % recycelter Baumwolle und 30 % Polyester. Textilreste aus der Stoffindustrie, die sonst als Abfall entsorgt w\u00fcrden, werden zu Garn verarbeitet. Diese \u00dcberreste werden zerkleinert, erneut zu Garn gesponnen und anschliessend zu einem gestrickten B\u00e4ndchengarn verarbeitet, das Ribbon XL bildet.<\/p>\n<p>Ideal zum H\u00e4keln von K\u00f6rben, Taschen, Teppichen und Wohnaccessoires \u2013 durch seine Super-Bulky-St\u00e4rke entstehen schnelle, zufriedenstellende Ergebnisse. Aufgrund seines Eigengewichts ist es weniger f\u00fcr tragbare Kleidungsst\u00fccke geeignet.<\/p>\n<p>Die abgebildete Maschenprobe wurde im normalen Waschgang bei 40 \u00b0C maschinell gewaschen und anschliessend mit Dampf geb\u00fcgelt.<\/p>\n<p>W\u00e4hle Hoooked Ribbon XL Neon f\u00fcr schnelle, umweltfreundliche H\u00e4kelprojekte mit markanter Struktur und kr\u00e4ftigen Farben!<\/p>\n<p>Durch den Produktionsprozess ist Ribbon XL Neon in wiederholbaren Farbvarianten erh\u00e4ltlich, anders als das <a href=\"https:\/\/www.swisscrochet.ch\/de\/produkt\/hoooked-zpagetti-700gr\/\">Zpagetti<\/a>-Garn. F\u00fcr regul\u00e4re Unifarben gibt es <a href=\"https:\/\/www.swisscrochet.ch\/de\/produkt\/hoooked-ribbon-xl-250gr\/\">Ribbon XL<\/a>. Ribbon XL Neon ist etwas dicker als Ribbon XL \u2013 sie k\u00f6nnen zusammen in einem Projekt verwendet werden, sind jedoch keine exakten Ersatzprodukte.<\/p>\n<p><strong>Bitte beachten:<\/strong> Neonfarben sind bekannt daf\u00fcr, auf Fotos schwer exakt darstellbar zu sein. W\u00e4hrend die Bilder m\u00f6glicherweise leicht blass wirken, wurde alles unternommen, um ihre tats\u00e4chliche Leuchtkraft einzufangen.<\/p>\n","protected":false},"featured_media":5398,"template":"","meta":[],"product_brand":[],"product_cat":[226,1881],"product_tag":[],"class_list":{"0":"post-5654","1":"product","2":"type-product","3":"status-publish","4":"has-post-thumbnail","6":"product_cat-garne","7":"product_cat-garn-taschen-und-home-decor","8":"pa_y1-brand-hoooked-de","9":"pa_y17-yarn-weight-super-bulky-de","10":"description-off","12":"first","13":"instock","14":"taxable","15":"shipping-taxable","16":"purchasable","17":"product-type-variable","18":"wvs-archive-product-wrapper"},"bundled_by":[],"bundle_stock_status":"instock","bundle_stock_quantity":null,"bundle_virtual":false,"bundle_layout":"","bundle_add_to_cart_form_location":"","bundle_editable_in_cart":false,"bundle_sold_individually_context":"","bundle_item_grouping":"","bundle_min_size":"","bundle_max_size":"","bundle_price":[],"bundled_items":[],"bundle_sell_ids":[],"yoast_head":"<!-- This site is optimized with the Yoast SEO plugin v27.4 - https:\/\/yoast.com\/product\/yoast-seo-wordpress\/ -->\n<title>Hoooked - Ribbon XL Neon 250gr &#171; Swiss Crochet<\/title>\n<meta name=\"description\" content=\"Hoooked Ribbon XL Neon ist ein recyceltes Garn mit markanter Struktur und leuchtenden Farben. Perfekt f\u00fcr K\u00f6rbe, Taschen und Wohnaccessoires. Umweltfreundlich und einfach zu verarbeiten!\" \/>\n<meta name=\"robots\" content=\"index, follow, max-snippet:-1, max-image-preview:large, max-video-preview:-1\" \/>\n<link rel=\"canonical\" href=\"https:\/\/www.swisscrochet.ch\/produkt\/hoooked-ribbon-xl-neon-250gr\/\" \/>\n<meta property=\"og:locale\" content=\"de_DE\" \/>\n<meta property=\"og:type\" content=\"article\" \/>\n<meta property=\"og:title\" content=\"Hoooked - Ribbon XL Neon 250gr &#171; Swiss Crochet\" \/>\n<meta property=\"og:description\" content=\"Hoooked Ribbon XL Neon ist ein recyceltes Garn mit markanter Struktur und leuchtenden Farben. Perfekt f\u00fcr K\u00f6rbe, Taschen und Wohnaccessoires. Umweltfreundlich und einfach zu verarbeiten!\" \/>\n<meta property=\"og:url\" content=\"https:\/\/www.swisscrochet.ch\/produkt\/hoooked-ribbon-xl-neon-250gr\/\" \/>\n<meta property=\"og:site_name\" content=\"Swiss Crochet\" \/>\n<meta property=\"article:modified_time\" content=\"2025-04-26T09:37:49+00:00\" \/>\n<meta property=\"og:image\" content=\"https:\/\/www.swisscrochet.ch\/wp-content\/uploads\/2025\/03\/Hoooked-Ribbon-XL-Neon-250gr-Overview.jpg\" \/>\n\t<meta property=\"og:image:width\" content=\"1000\" \/>\n\t<meta property=\"og:image:height\" content=\"1000\" \/>\n\t<meta property=\"og:image:type\" content=\"image\/jpeg\" \/>\n<meta name=\"twitter:card\" content=\"summary_large_image\" \/>\n<meta name=\"twitter:label1\" content=\"Gesch\u00e4tzte Lesezeit\" \/>\n\t<meta name=\"twitter:data1\" content=\"1\u00a0Minute\" \/>\n<script type=\"application\/ld+json\" class=\"yoast-schema-graph\">{\"@context\":\"https:\\\/\\\/schema.org\",\"@graph\":[{\"@type\":[\"WebPage\",\"ItemPage\"],\"@id\":\"https:\\\/\\\/www.swisscrochet.ch\\\/produkt\\\/hoooked-ribbon-xl-neon-250gr\\\/\",\"url\":\"https:\\\/\\\/www.swisscrochet.ch\\\/produkt\\\/hoooked-ribbon-xl-neon-250gr\\\/\",\"name\":\"Hoooked - Ribbon XL Neon 250gr &#171; Swiss Crochet\",\"isPartOf\":{\"@id\":\"https:\\\/\\\/www.swisscrochet.ch\\\/#website\"},\"primaryImageOfPage\":{\"@id\":\"https:\\\/\\\/www.swisscrochet.ch\\\/produkt\\\/hoooked-ribbon-xl-neon-250gr\\\/#primaryimage\"},\"image\":{\"@id\":\"https:\\\/\\\/www.swisscrochet.ch\\\/produkt\\\/hoooked-ribbon-xl-neon-250gr\\\/#primaryimage\"},\"thumbnailUrl\":\"https:\\\/\\\/www.swisscrochet.ch\\\/wp-content\\\/uploads\\\/2025\\\/03\\\/Hoooked-Ribbon-XL-Neon-250gr-Overview.jpg\",\"datePublished\":\"2025-03-21T09:38:46+00:00\",\"dateModified\":\"2025-04-26T09:37:49+00:00\",\"description\":\"Hoooked Ribbon XL Neon ist ein recyceltes Garn mit markanter Struktur und leuchtenden Farben. Perfekt f\u00fcr K\u00f6rbe, Taschen und Wohnaccessoires. Umweltfreundlich und einfach zu verarbeiten!\",\"breadcrumb\":{\"@id\":\"https:\\\/\\\/www.swisscrochet.ch\\\/produkt\\\/hoooked-ribbon-xl-neon-250gr\\\/#breadcrumb\"},\"inLanguage\":\"de\",\"potentialAction\":[{\"@type\":\"ReadAction\",\"target\":[\"https:\\\/\\\/www.swisscrochet.ch\\\/produkt\\\/hoooked-ribbon-xl-neon-250gr\\\/\"]}]},{\"@type\":\"ImageObject\",\"inLanguage\":\"de\",\"@id\":\"https:\\\/\\\/www.swisscrochet.ch\\\/produkt\\\/hoooked-ribbon-xl-neon-250gr\\\/#primaryimage\",\"url\":\"https:\\\/\\\/www.swisscrochet.ch\\\/wp-content\\\/uploads\\\/2025\\\/03\\\/Hoooked-Ribbon-XL-Neon-250gr-Overview.jpg\",\"contentUrl\":\"https:\\\/\\\/www.swisscrochet.ch\\\/wp-content\\\/uploads\\\/2025\\\/03\\\/Hoooked-Ribbon-XL-Neon-250gr-Overview.jpg\",\"width\":1000,\"height\":1000},{\"@type\":\"BreadcrumbList\",\"@id\":\"https:\\\/\\\/www.swisscrochet.ch\\\/produkt\\\/hoooked-ribbon-xl-neon-250gr\\\/#breadcrumb\",\"itemListElement\":[{\"@type\":\"ListItem\",\"position\":1,\"name\":\"Home\",\"item\":\"https:\\\/\\\/www.swisscrochet.ch\\\/de\\\/\"},{\"@type\":\"ListItem\",\"position\":2,\"name\":\"Shop\",\"item\":\"https:\\\/\\\/www.swisscrochet.ch\\\/de\\\/shop\\\/\"},{\"@type\":\"ListItem\",\"position\":3,\"name\":\"Hoooked &#8211; Ribbon XL Neon 250gr\"}]},{\"@type\":\"WebSite\",\"@id\":\"https:\\\/\\\/www.swisscrochet.ch\\\/#website\",\"url\":\"https:\\\/\\\/www.swisscrochet.ch\\\/\",\"name\":\"Swiss Crochet\",\"description\":\"Entfalte dein kreatives Potenzial\",\"potentialAction\":[{\"@type\":\"SearchAction\",\"target\":{\"@type\":\"EntryPoint\",\"urlTemplate\":\"https:\\\/\\\/www.swisscrochet.ch\\\/?s={search_term_string}\"},\"query-input\":{\"@type\":\"PropertyValueSpecification\",\"valueRequired\":true,\"valueName\":\"search_term_string\"}}],\"inLanguage\":\"de\"}]}<\/script>\n<!-- \/ Yoast SEO plugin. -->","yoast_head_json":{"title":"Hoooked - Ribbon XL Neon 250gr &#171; Swiss Crochet","description":"Hoooked Ribbon XL Neon ist ein recyceltes Garn mit markanter Struktur und leuchtenden Farben. Perfekt f\u00fcr K\u00f6rbe, Taschen und Wohnaccessoires. Umweltfreundlich und einfach zu verarbeiten!","robots":{"index":"index","follow":"follow","max-snippet":"max-snippet:-1","max-image-preview":"max-image-preview:large","max-video-preview":"max-video-preview:-1"},"canonical":"https:\/\/www.swisscrochet.ch\/produkt\/hoooked-ribbon-xl-neon-250gr\/","og_locale":"de_DE","og_type":"article","og_title":"Hoooked - Ribbon XL Neon 250gr &#171; Swiss Crochet","og_description":"Hoooked Ribbon XL Neon ist ein recyceltes Garn mit markanter Struktur und leuchtenden Farben. Perfekt f\u00fcr K\u00f6rbe, Taschen und Wohnaccessoires. Umweltfreundlich und einfach zu verarbeiten!","og_url":"https:\/\/www.swisscrochet.ch\/produkt\/hoooked-ribbon-xl-neon-250gr\/","og_site_name":"Swiss Crochet","article_modified_time":"2025-04-26T09:37:49+00:00","og_image":[{"width":1000,"height":1000,"url":"https:\/\/www.swisscrochet.ch\/wp-content\/uploads\/2025\/03\/Hoooked-Ribbon-XL-Neon-250gr-Overview.jpg","type":"image\/jpeg"}],"twitter_card":"summary_large_image","twitter_misc":{"Gesch\u00e4tzte Lesezeit":"1\u00a0Minute"},"schema":{"@context":"https:\/\/schema.org","@graph":[{"@type":["WebPage","ItemPage"],"@id":"https:\/\/www.swisscrochet.ch\/produkt\/hoooked-ribbon-xl-neon-250gr\/","url":"https:\/\/www.swisscrochet.ch\/produkt\/hoooked-ribbon-xl-neon-250gr\/","name":"Hoooked - Ribbon XL Neon 250gr &#171; Swiss Crochet","isPartOf":{"@id":"https:\/\/www.swisscrochet.ch\/#website"},"primaryImageOfPage":{"@id":"https:\/\/www.swisscrochet.ch\/produkt\/hoooked-ribbon-xl-neon-250gr\/#primaryimage"},"image":{"@id":"https:\/\/www.swisscrochet.ch\/produkt\/hoooked-ribbon-xl-neon-250gr\/#primaryimage"},"thumbnailUrl":"https:\/\/www.swisscrochet.ch\/wp-content\/uploads\/2025\/03\/Hoooked-Ribbon-XL-Neon-250gr-Overview.jpg","datePublished":"2025-03-21T09:38:46+00:00","dateModified":"2025-04-26T09:37:49+00:00","description":"Hoooked Ribbon XL Neon ist ein recyceltes Garn mit markanter Struktur und leuchtenden Farben. Perfekt f\u00fcr K\u00f6rbe, Taschen und Wohnaccessoires. Umweltfreundlich und einfach zu verarbeiten!","breadcrumb":{"@id":"https:\/\/www.swisscrochet.ch\/produkt\/hoooked-ribbon-xl-neon-250gr\/#breadcrumb"},"inLanguage":"de","potentialAction":[{"@type":"ReadAction","target":["https:\/\/www.swisscrochet.ch\/produkt\/hoooked-ribbon-xl-neon-250gr\/"]}]},{"@type":"ImageObject","inLanguage":"de","@id":"https:\/\/www.swisscrochet.ch\/produkt\/hoooked-ribbon-xl-neon-250gr\/#primaryimage","url":"https:\/\/www.swisscrochet.ch\/wp-content\/uploads\/2025\/03\/Hoooked-Ribbon-XL-Neon-250gr-Overview.jpg","contentUrl":"https:\/\/www.swisscrochet.ch\/wp-content\/uploads\/2025\/03\/Hoooked-Ribbon-XL-Neon-250gr-Overview.jpg","width":1000,"height":1000},{"@type":"BreadcrumbList","@id":"https:\/\/www.swisscrochet.ch\/produkt\/hoooked-ribbon-xl-neon-250gr\/#breadcrumb","itemListElement":[{"@type":"ListItem","position":1,"name":"Home","item":"https:\/\/www.swisscrochet.ch\/de\/"},{"@type":"ListItem","position":2,"name":"Shop","item":"https:\/\/www.swisscrochet.ch\/de\/shop\/"},{"@type":"ListItem","position":3,"name":"Hoooked &#8211; Ribbon XL Neon 250gr"}]},{"@type":"WebSite","@id":"https:\/\/www.swisscrochet.ch\/#website","url":"https:\/\/www.swisscrochet.ch\/","name":"Swiss Crochet","description":"Entfalte dein kreatives Potenzial","potentialAction":[{"@type":"SearchAction","target":{"@type":"EntryPoint","urlTemplate":"https:\/\/www.swisscrochet.ch\/?s={search_term_string}"},"query-input":{"@type":"PropertyValueSpecification","valueRequired":true,"valueName":"search_term_string"}}],"inLanguage":"de"}]}},"_links":{"self":[{"href":"https:\/\/www.swisscrochet.ch\/de\/wp-json\/wp\/v2\/product\/5654","targetHints":{"allow":["GET"]}}],"collection":[{"href":"https:\/\/www.swisscrochet.ch\/de\/wp-json\/wp\/v2\/product"}],"about":[{"href":"https:\/\/www.swisscrochet.ch\/de\/wp-json\/wp\/v2\/types\/product"}],"wp:featuredmedia":[{"embeddable":true,"href":"https:\/\/www.swisscrochet.ch\/de\/wp-json\/wp\/v2\/media\/5398"}],"wp:attachment":[{"href":"https:\/\/www.swisscrochet.ch\/de\/wp-json\/wp\/v2\/media?parent=5654"}],"wp:term":[{"taxonomy":"product_brand","embeddable":true,"href":"https:\/\/www.swisscrochet.ch\/de\/wp-json\/wp\/v2\/product_brand?post=5654"},{"taxonomy":"product_cat","embeddable":true,"href":"https:\/\/www.swisscrochet.ch\/de\/wp-json\/wp\/v2\/product_cat?post=5654"},{"taxonomy":"product_tag","embeddable":true,"href":"https:\/\/www.swisscrochet.ch\/de\/wp-json\/wp\/v2\/product_tag?post=5654"}],"curies":[{"name":"wp","href":"https:\/\/api.w.org\/{rel}","templated":true}]}}