{"id":5813,"date":"2025-04-26T14:00:15","date_gmt":"2025-04-26T12:00:15","guid":{"rendered":"https:\/\/www.swisscrochet.ch\/product\/laines-du-nord-rozena\/"},"modified":"2026-03-13T23:16:45","modified_gmt":"2026-03-13T22:16:45","slug":"laines-du-nord-rozena","status":"publish","type":"product","link":"https:\/\/www.swisscrochet.ch\/de\/produkt\/laines-du-nord-rozena\/","title":{"rendered":"Laines du Nord &#8211; Rozena"},"content":{"rendered":"","protected":false},"excerpt":{"rendered":"<p>Rozena ist ein superweiches und fluffiges Garn, perfekt zum H\u00e4keln. Durch seine Chainette-Konstruktion hat es die St\u00e4rke eines Bulky-Garns, bleibt dabei aber besonders leicht. Diese Konstruktion verhindert zudem ein Aufdr\u00f6seln oder Aufsplitten beim Arbeiten \u2013 ein echtes Vergn\u00fcgen in der Hand.<\/p>\n<p>Rozena ist sehr vielseitig einsetzbar: F\u00fcr ein lockeres Maschenbild verwende eine H\u00e4kelnadel \u00fcber 7.50 mm, f\u00fcr ein dichteres Gewebe eine unter 6.00 mm.<\/p>\n<p>Mit einem edlen Mix aus 68 % Merinowolle, 17 % Kaschmir und 15 % Nylon ist Rozena ideal f\u00fcr verschiedenste H\u00e4kelprojekte \u2013 von Kleidungsst\u00fccken wie Pullovern, Cardigans und Tops bis hin zu Accessoires wie M\u00fctzen und Schals. Aufgrund der empfindlichen Fasermischung ist Rozena jedoch weniger geeignet f\u00fcr stark beanspruchte St\u00fccke wie F\u00e4ustlinge.<\/p>\n<p>Die abgebildete Maschenprobe wurde im Wollprogramm bei 30 \u00b0C maschinell gewaschen und anschliessend mit Dampf geb\u00fcgelt.<\/p>\n<p>Entdecke Rozena \u2013 wo St\u00e4rke, Weichheit und Vielseitigkeit zu deinen kuscheligsten H\u00e4kelprojekten verschmelzen.<\/p>\n<p>Suchst du ein Projekt f\u00fcr dieses Garn? <a href=\"https:\/\/www.swisscrochet.ch\/de\/produkt-schlagwort\/rozena\/\">Sieh dir Garnkits mit diesem Garn an<\/a>.<\/p>\n","protected":false},"featured_media":6458,"template":"","meta":[],"product_brand":[],"product_cat":[226,1894],"product_tag":[],"class_list":{"0":"post-5813","1":"product","2":"type-product","3":"status-publish","4":"has-post-thumbnail","6":"product_cat-garne","7":"product_cat-garn-kleidungsstucke","8":"pa_y1-brand-laines-du-nord-de","9":"pa_y17-yarn-weight-bulky-de","10":"description-off","12":"first","13":"instock","14":"taxable","15":"shipping-taxable","16":"purchasable","17":"product-type-variable","18":"wvs-archive-product-wrapper"},"bundled_by":["25705"],"bundle_stock_status":"instock","bundle_stock_quantity":null,"bundle_virtual":false,"bundle_layout":"","bundle_add_to_cart_form_location":"","bundle_editable_in_cart":false,"bundle_sold_individually_context":"","bundle_item_grouping":"","bundle_min_size":"","bundle_max_size":"","bundle_price":[],"bundled_items":[],"bundle_sell_ids":[],"yoast_head":"<!-- This site is optimized with the Yoast SEO plugin v27.5 - https:\/\/yoast.com\/product\/yoast-seo-wordpress\/ -->\n<title>Laines du Nord - Rozena &#171; Swiss Crochet<\/title>\n<meta name=\"description\" content=\"Rozena ist ein weiches, volumin\u00f6ses Chainettte-Garn mit Merino, Kaschmir und Nylon \u2013 ideal f\u00fcr kuschelige H\u00e4kelkleidung, M\u00fctzen und Schals, ohne zu splitten.\" \/>\n<meta name=\"robots\" content=\"index, follow, max-snippet:-1, max-image-preview:large, max-video-preview:-1\" \/>\n<link rel=\"canonical\" href=\"https:\/\/www.swisscrochet.ch\/de\/produkt\/laines-du-nord-rozena\/\" \/>\n<meta property=\"og:locale\" content=\"de_DE\" \/>\n<meta property=\"og:type\" content=\"article\" \/>\n<meta property=\"og:title\" content=\"Laines du Nord - Rozena &#171; Swiss Crochet\" \/>\n<meta property=\"og:description\" content=\"Rozena ist ein weiches, volumin\u00f6ses Chainettte-Garn mit Merino, Kaschmir und Nylon \u2013 ideal f\u00fcr kuschelige H\u00e4kelkleidung, M\u00fctzen und Schals, ohne zu splitten.\" \/>\n<meta property=\"og:url\" content=\"https:\/\/www.swisscrochet.ch\/de\/produkt\/laines-du-nord-rozena\/\" \/>\n<meta property=\"og:site_name\" content=\"Swiss Crochet\" \/>\n<meta property=\"article:modified_time\" content=\"2026-03-13T22:16:45+00:00\" \/>\n<meta property=\"og:image\" content=\"https:\/\/www.swisscrochet.ch\/wp-content\/uploads\/2025\/04\/Laines-du-Nord-Rozena-Overview-1.jpg\" \/>\n\t<meta property=\"og:image:width\" content=\"1000\" \/>\n\t<meta property=\"og:image:height\" content=\"1000\" \/>\n\t<meta property=\"og:image:type\" content=\"image\/jpeg\" \/>\n<meta name=\"twitter:card\" content=\"summary_large_image\" \/>\n<meta name=\"twitter:label1\" content=\"Gesch\u00e4tzte Lesezeit\" \/>\n\t<meta name=\"twitter:data1\" content=\"1\u00a0Minute\" \/>\n<script type=\"application\/ld+json\" class=\"yoast-schema-graph\">{\"@context\":\"https:\\\/\\\/schema.org\",\"@graph\":[{\"@type\":[\"WebPage\",\"ItemPage\"],\"@id\":\"https:\\\/\\\/www.swisscrochet.ch\\\/de\\\/produkt\\\/laines-du-nord-rozena\\\/\",\"url\":\"https:\\\/\\\/www.swisscrochet.ch\\\/de\\\/produkt\\\/laines-du-nord-rozena\\\/\",\"name\":\"Laines du Nord - Rozena &#171; Swiss Crochet\",\"isPartOf\":{\"@id\":\"https:\\\/\\\/www.swisscrochet.ch\\\/#website\"},\"primaryImageOfPage\":{\"@id\":\"https:\\\/\\\/www.swisscrochet.ch\\\/de\\\/produkt\\\/laines-du-nord-rozena\\\/#primaryimage\"},\"image\":{\"@id\":\"https:\\\/\\\/www.swisscrochet.ch\\\/de\\\/produkt\\\/laines-du-nord-rozena\\\/#primaryimage\"},\"thumbnailUrl\":\"https:\\\/\\\/www.swisscrochet.ch\\\/wp-content\\\/uploads\\\/2025\\\/04\\\/Laines-du-Nord-Rozena-Overview-1.jpg\",\"datePublished\":\"2025-04-26T12:00:15+00:00\",\"dateModified\":\"2026-03-13T22:16:45+00:00\",\"description\":\"Rozena ist ein weiches, volumin\u00f6ses Chainettte-Garn mit Merino, Kaschmir und Nylon \u2013 ideal f\u00fcr kuschelige H\u00e4kelkleidung, M\u00fctzen und Schals, ohne zu splitten.\",\"breadcrumb\":{\"@id\":\"https:\\\/\\\/www.swisscrochet.ch\\\/de\\\/produkt\\\/laines-du-nord-rozena\\\/#breadcrumb\"},\"inLanguage\":\"de\",\"potentialAction\":[{\"@type\":\"ReadAction\",\"target\":[\"https:\\\/\\\/www.swisscrochet.ch\\\/de\\\/produkt\\\/laines-du-nord-rozena\\\/\"]}]},{\"@type\":\"ImageObject\",\"inLanguage\":\"de\",\"@id\":\"https:\\\/\\\/www.swisscrochet.ch\\\/de\\\/produkt\\\/laines-du-nord-rozena\\\/#primaryimage\",\"url\":\"https:\\\/\\\/www.swisscrochet.ch\\\/wp-content\\\/uploads\\\/2025\\\/04\\\/Laines-du-Nord-Rozena-Overview-1.jpg\",\"contentUrl\":\"https:\\\/\\\/www.swisscrochet.ch\\\/wp-content\\\/uploads\\\/2025\\\/04\\\/Laines-du-Nord-Rozena-Overview-1.jpg\",\"width\":1000,\"height\":1000},{\"@type\":\"BreadcrumbList\",\"@id\":\"https:\\\/\\\/www.swisscrochet.ch\\\/de\\\/produkt\\\/laines-du-nord-rozena\\\/#breadcrumb\",\"itemListElement\":[{\"@type\":\"ListItem\",\"position\":1,\"name\":\"Home\",\"item\":\"https:\\\/\\\/www.swisscrochet.ch\\\/de\\\/\"},{\"@type\":\"ListItem\",\"position\":2,\"name\":\"Shop\",\"item\":\"https:\\\/\\\/www.swisscrochet.ch\\\/de\\\/shop\\\/\"},{\"@type\":\"ListItem\",\"position\":3,\"name\":\"Laines du Nord &#8211; Rozena\"}]},{\"@type\":\"WebSite\",\"@id\":\"https:\\\/\\\/www.swisscrochet.ch\\\/#website\",\"url\":\"https:\\\/\\\/www.swisscrochet.ch\\\/\",\"name\":\"Swiss Crochet\",\"description\":\"Entfalte dein kreatives Potenzial\",\"potentialAction\":[{\"@type\":\"SearchAction\",\"target\":{\"@type\":\"EntryPoint\",\"urlTemplate\":\"https:\\\/\\\/www.swisscrochet.ch\\\/?s={search_term_string}\"},\"query-input\":{\"@type\":\"PropertyValueSpecification\",\"valueRequired\":true,\"valueName\":\"search_term_string\"}}],\"inLanguage\":\"de\"}]}<\/script>\n<!-- \/ Yoast SEO plugin. -->","yoast_head_json":{"title":"Laines du Nord - Rozena &#171; Swiss Crochet","description":"Rozena ist ein weiches, volumin\u00f6ses Chainettte-Garn mit Merino, Kaschmir und Nylon \u2013 ideal f\u00fcr kuschelige H\u00e4kelkleidung, M\u00fctzen und Schals, ohne zu splitten.","robots":{"index":"index","follow":"follow","max-snippet":"max-snippet:-1","max-image-preview":"max-image-preview:large","max-video-preview":"max-video-preview:-1"},"canonical":"https:\/\/www.swisscrochet.ch\/de\/produkt\/laines-du-nord-rozena\/","og_locale":"de_DE","og_type":"article","og_title":"Laines du Nord - Rozena &#171; Swiss Crochet","og_description":"Rozena ist ein weiches, volumin\u00f6ses Chainettte-Garn mit Merino, Kaschmir und Nylon \u2013 ideal f\u00fcr kuschelige H\u00e4kelkleidung, M\u00fctzen und Schals, ohne zu splitten.","og_url":"https:\/\/www.swisscrochet.ch\/de\/produkt\/laines-du-nord-rozena\/","og_site_name":"Swiss Crochet","article_modified_time":"2026-03-13T22:16:45+00:00","og_image":[{"width":1000,"height":1000,"url":"https:\/\/www.swisscrochet.ch\/wp-content\/uploads\/2025\/04\/Laines-du-Nord-Rozena-Overview-1.jpg","type":"image\/jpeg"}],"twitter_card":"summary_large_image","twitter_misc":{"Gesch\u00e4tzte Lesezeit":"1\u00a0Minute"},"schema":{"@context":"https:\/\/schema.org","@graph":[{"@type":["WebPage","ItemPage"],"@id":"https:\/\/www.swisscrochet.ch\/de\/produkt\/laines-du-nord-rozena\/","url":"https:\/\/www.swisscrochet.ch\/de\/produkt\/laines-du-nord-rozena\/","name":"Laines du Nord - Rozena &#171; Swiss Crochet","isPartOf":{"@id":"https:\/\/www.swisscrochet.ch\/#website"},"primaryImageOfPage":{"@id":"https:\/\/www.swisscrochet.ch\/de\/produkt\/laines-du-nord-rozena\/#primaryimage"},"image":{"@id":"https:\/\/www.swisscrochet.ch\/de\/produkt\/laines-du-nord-rozena\/#primaryimage"},"thumbnailUrl":"https:\/\/www.swisscrochet.ch\/wp-content\/uploads\/2025\/04\/Laines-du-Nord-Rozena-Overview-1.jpg","datePublished":"2025-04-26T12:00:15+00:00","dateModified":"2026-03-13T22:16:45+00:00","description":"Rozena ist ein weiches, volumin\u00f6ses Chainettte-Garn mit Merino, Kaschmir und Nylon \u2013 ideal f\u00fcr kuschelige H\u00e4kelkleidung, M\u00fctzen und Schals, ohne zu splitten.","breadcrumb":{"@id":"https:\/\/www.swisscrochet.ch\/de\/produkt\/laines-du-nord-rozena\/#breadcrumb"},"inLanguage":"de","potentialAction":[{"@type":"ReadAction","target":["https:\/\/www.swisscrochet.ch\/de\/produkt\/laines-du-nord-rozena\/"]}]},{"@type":"ImageObject","inLanguage":"de","@id":"https:\/\/www.swisscrochet.ch\/de\/produkt\/laines-du-nord-rozena\/#primaryimage","url":"https:\/\/www.swisscrochet.ch\/wp-content\/uploads\/2025\/04\/Laines-du-Nord-Rozena-Overview-1.jpg","contentUrl":"https:\/\/www.swisscrochet.ch\/wp-content\/uploads\/2025\/04\/Laines-du-Nord-Rozena-Overview-1.jpg","width":1000,"height":1000},{"@type":"BreadcrumbList","@id":"https:\/\/www.swisscrochet.ch\/de\/produkt\/laines-du-nord-rozena\/#breadcrumb","itemListElement":[{"@type":"ListItem","position":1,"name":"Home","item":"https:\/\/www.swisscrochet.ch\/de\/"},{"@type":"ListItem","position":2,"name":"Shop","item":"https:\/\/www.swisscrochet.ch\/de\/shop\/"},{"@type":"ListItem","position":3,"name":"Laines du Nord &#8211; Rozena"}]},{"@type":"WebSite","@id":"https:\/\/www.swisscrochet.ch\/#website","url":"https:\/\/www.swisscrochet.ch\/","name":"Swiss Crochet","description":"Entfalte dein kreatives Potenzial","potentialAction":[{"@type":"SearchAction","target":{"@type":"EntryPoint","urlTemplate":"https:\/\/www.swisscrochet.ch\/?s={search_term_string}"},"query-input":{"@type":"PropertyValueSpecification","valueRequired":true,"valueName":"search_term_string"}}],"inLanguage":"de"}]}},"_links":{"self":[{"href":"https:\/\/www.swisscrochet.ch\/de\/wp-json\/wp\/v2\/product\/5813","targetHints":{"allow":["GET"]}}],"collection":[{"href":"https:\/\/www.swisscrochet.ch\/de\/wp-json\/wp\/v2\/product"}],"about":[{"href":"https:\/\/www.swisscrochet.ch\/de\/wp-json\/wp\/v2\/types\/product"}],"wp:featuredmedia":[{"embeddable":true,"href":"https:\/\/www.swisscrochet.ch\/de\/wp-json\/wp\/v2\/media\/6458"}],"wp:attachment":[{"href":"https:\/\/www.swisscrochet.ch\/de\/wp-json\/wp\/v2\/media?parent=5813"}],"wp:term":[{"taxonomy":"product_brand","embeddable":true,"href":"https:\/\/www.swisscrochet.ch\/de\/wp-json\/wp\/v2\/product_brand?post=5813"},{"taxonomy":"product_cat","embeddable":true,"href":"https:\/\/www.swisscrochet.ch\/de\/wp-json\/wp\/v2\/product_cat?post=5813"},{"taxonomy":"product_tag","embeddable":true,"href":"https:\/\/www.swisscrochet.ch\/de\/wp-json\/wp\/v2\/product_tag?post=5813"}],"curies":[{"name":"wp","href":"https:\/\/api.w.org\/{rel}","templated":true}]}}