{"id":5972,"date":"2025-04-26T14:10:33","date_gmt":"2025-04-26T12:10:33","guid":{"rendered":"https:\/\/www.swisscrochet.ch\/product\/laines-du-nord-poema\/"},"modified":"2026-04-21T23:03:38","modified_gmt":"2026-04-21T21:03:38","slug":"laines-du-nord-poema","status":"publish","type":"product","link":"https:\/\/www.swisscrochet.ch\/de\/produkt\/laines-du-nord-poema\/","title":{"rendered":"Laines du Nord &#8211; Poema"},"content":{"rendered":"","protected":false},"excerpt":{"rendered":"<p>Poema ist ein luxuri\u00f6ses, weiches Merinogarn mit einem atemberaubenden langen Farbverlaufseffekt. Seine einf\u00e4dige Konstruktion sorgt f\u00fcr hervorragende Maschendefinition und verhindert das Spalten oder Aufdr\u00f6seln w\u00e4hrend der Verwendung, was es zu einem wahren Vergn\u00fcgen macht, damit zu arbeiten.<\/p>\n<p>Hergestellt aus 100% Merinowolle von h\u00f6chster Qualit\u00e4t, ist Poema pillfrei und daher perfekt f\u00fcr langlebige H\u00e4kelprojekte. Ideal f\u00fcr Kleidungsst\u00fccke, Accessoires und mehr, eignet es sich hervorragend f\u00fcr Pullover, Cardigans, H\u00fcte, Schals und Handschuhe.<\/p>\n<p>Poema ist ausschliesslich in <strong>limitierten Farbvarianten erh\u00e4ltlich, die jedes Jahr wechseln<\/strong>, wodurch jede Kollektion einzigartig ist und mit jeder Ver\u00f6ffentlichung neue Inspiration bietet.<\/p>\n<p>Die abgebildete Maschenprobe wurde im Wollprogramm bei 30 \u00b0C maschinell gewaschen und anschliessend mit Dampf geb\u00fcgelt.<\/p>\n<p>Entdecke Poema f\u00fcr deine gem\u00fctlichsten H\u00e4kelkreationen \u2013 wo Weichheit und Farbverlaufs-Sch\u00f6nheit aufeinandertreffen!<\/p>\n","protected":false},"featured_media":6546,"template":"","meta":[],"product_brand":[],"product_cat":[226,1894],"product_tag":[],"class_list":{"0":"post-5972","1":"product","2":"type-product","3":"status-publish","4":"has-post-thumbnail","6":"product_cat-garne","7":"product_cat-garn-kleidungsstucke","8":"pa_y1-brand-laines-du-nord-de","9":"pa_y17-yarn-weight-light-fingering-de","10":"description-off","12":"first","13":"instock","14":"taxable","15":"shipping-taxable","16":"purchasable","17":"product-type-variable","18":"wvs-archive-product-wrapper"},"bundled_by":["10471","14546"],"bundle_stock_status":"instock","bundle_stock_quantity":null,"bundle_virtual":false,"bundle_layout":"","bundle_add_to_cart_form_location":"","bundle_editable_in_cart":false,"bundle_sold_individually_context":"","bundle_item_grouping":"","bundle_min_size":"","bundle_max_size":"","bundle_price":[],"bundled_items":[],"bundle_sell_ids":[],"yoast_head":"<!-- This site is optimized with the Yoast SEO plugin v27.5 - https:\/\/yoast.com\/product\/yoast-seo-wordpress\/ -->\n<title>Laines du Nord - Poema &#171; Swiss Crochet<\/title>\n<meta name=\"description\" content=\"Poema ist ein weiches Garn aus 100% Merinowolle mit einem langen Farbverlaufseffekt, perfekt f\u00fcr H\u00e4kelprojekte wie Pullover, Schals und Accessoires mit hervorragender Maschendefinition.\" \/>\n<meta name=\"robots\" content=\"index, follow, max-snippet:-1, max-image-preview:large, max-video-preview:-1\" \/>\n<link rel=\"canonical\" href=\"https:\/\/www.swisscrochet.ch\/de\/produkt\/laines-du-nord-poema\/\" \/>\n<meta property=\"og:locale\" content=\"de_DE\" \/>\n<meta property=\"og:type\" content=\"article\" \/>\n<meta property=\"og:title\" content=\"Laines du Nord - Poema &#171; Swiss Crochet\" \/>\n<meta property=\"og:description\" content=\"Poema ist ein weiches Garn aus 100% Merinowolle mit einem langen Farbverlaufseffekt, perfekt f\u00fcr H\u00e4kelprojekte wie Pullover, Schals und Accessoires mit hervorragender Maschendefinition.\" \/>\n<meta property=\"og:url\" content=\"https:\/\/www.swisscrochet.ch\/de\/produkt\/laines-du-nord-poema\/\" \/>\n<meta property=\"og:site_name\" content=\"Swiss Crochet\" \/>\n<meta property=\"article:modified_time\" content=\"2026-04-21T21:03:38+00:00\" \/>\n<meta property=\"og:image\" content=\"https:\/\/www.swisscrochet.ch\/wp-content\/uploads\/2025\/04\/Laines-du-Nord-Poema-Overview-1.jpg\" \/>\n\t<meta property=\"og:image:width\" content=\"1000\" \/>\n\t<meta property=\"og:image:height\" content=\"1000\" \/>\n\t<meta property=\"og:image:type\" content=\"image\/jpeg\" \/>\n<meta name=\"twitter:card\" content=\"summary_large_image\" \/>\n<meta name=\"twitter:label1\" content=\"Gesch\u00e4tzte Lesezeit\" \/>\n\t<meta name=\"twitter:data1\" content=\"1\u00a0Minute\" \/>\n<script type=\"application\/ld+json\" class=\"yoast-schema-graph\">{\"@context\":\"https:\\\/\\\/schema.org\",\"@graph\":[{\"@type\":[\"WebPage\",\"ItemPage\"],\"@id\":\"https:\\\/\\\/www.swisscrochet.ch\\\/de\\\/produkt\\\/laines-du-nord-poema\\\/\",\"url\":\"https:\\\/\\\/www.swisscrochet.ch\\\/de\\\/produkt\\\/laines-du-nord-poema\\\/\",\"name\":\"Laines du Nord - Poema &#171; Swiss Crochet\",\"isPartOf\":{\"@id\":\"https:\\\/\\\/www.swisscrochet.ch\\\/#website\"},\"primaryImageOfPage\":{\"@id\":\"https:\\\/\\\/www.swisscrochet.ch\\\/de\\\/produkt\\\/laines-du-nord-poema\\\/#primaryimage\"},\"image\":{\"@id\":\"https:\\\/\\\/www.swisscrochet.ch\\\/de\\\/produkt\\\/laines-du-nord-poema\\\/#primaryimage\"},\"thumbnailUrl\":\"https:\\\/\\\/www.swisscrochet.ch\\\/wp-content\\\/uploads\\\/2025\\\/04\\\/Laines-du-Nord-Poema-Overview-1.jpg\",\"datePublished\":\"2025-04-26T12:10:33+00:00\",\"dateModified\":\"2026-04-21T21:03:38+00:00\",\"description\":\"Poema ist ein weiches Garn aus 100% Merinowolle mit einem langen Farbverlaufseffekt, perfekt f\u00fcr H\u00e4kelprojekte wie Pullover, Schals und Accessoires mit hervorragender Maschendefinition.\",\"breadcrumb\":{\"@id\":\"https:\\\/\\\/www.swisscrochet.ch\\\/de\\\/produkt\\\/laines-du-nord-poema\\\/#breadcrumb\"},\"inLanguage\":\"de\",\"potentialAction\":[{\"@type\":\"ReadAction\",\"target\":[\"https:\\\/\\\/www.swisscrochet.ch\\\/de\\\/produkt\\\/laines-du-nord-poema\\\/\"]}]},{\"@type\":\"ImageObject\",\"inLanguage\":\"de\",\"@id\":\"https:\\\/\\\/www.swisscrochet.ch\\\/de\\\/produkt\\\/laines-du-nord-poema\\\/#primaryimage\",\"url\":\"https:\\\/\\\/www.swisscrochet.ch\\\/wp-content\\\/uploads\\\/2025\\\/04\\\/Laines-du-Nord-Poema-Overview-1.jpg\",\"contentUrl\":\"https:\\\/\\\/www.swisscrochet.ch\\\/wp-content\\\/uploads\\\/2025\\\/04\\\/Laines-du-Nord-Poema-Overview-1.jpg\",\"width\":1000,\"height\":1000},{\"@type\":\"BreadcrumbList\",\"@id\":\"https:\\\/\\\/www.swisscrochet.ch\\\/de\\\/produkt\\\/laines-du-nord-poema\\\/#breadcrumb\",\"itemListElement\":[{\"@type\":\"ListItem\",\"position\":1,\"name\":\"Home\",\"item\":\"https:\\\/\\\/www.swisscrochet.ch\\\/de\\\/\"},{\"@type\":\"ListItem\",\"position\":2,\"name\":\"Shop\",\"item\":\"https:\\\/\\\/www.swisscrochet.ch\\\/de\\\/shop\\\/\"},{\"@type\":\"ListItem\",\"position\":3,\"name\":\"Laines du Nord &#8211; Poema\"}]},{\"@type\":\"WebSite\",\"@id\":\"https:\\\/\\\/www.swisscrochet.ch\\\/#website\",\"url\":\"https:\\\/\\\/www.swisscrochet.ch\\\/\",\"name\":\"Swiss Crochet\",\"description\":\"Entfalte dein kreatives Potenzial\",\"potentialAction\":[{\"@type\":\"SearchAction\",\"target\":{\"@type\":\"EntryPoint\",\"urlTemplate\":\"https:\\\/\\\/www.swisscrochet.ch\\\/?s={search_term_string}\"},\"query-input\":{\"@type\":\"PropertyValueSpecification\",\"valueRequired\":true,\"valueName\":\"search_term_string\"}}],\"inLanguage\":\"de\"}]}<\/script>\n<!-- \/ Yoast SEO plugin. -->","yoast_head_json":{"title":"Laines du Nord - Poema &#171; Swiss Crochet","description":"Poema ist ein weiches Garn aus 100% Merinowolle mit einem langen Farbverlaufseffekt, perfekt f\u00fcr H\u00e4kelprojekte wie Pullover, Schals und Accessoires mit hervorragender Maschendefinition.","robots":{"index":"index","follow":"follow","max-snippet":"max-snippet:-1","max-image-preview":"max-image-preview:large","max-video-preview":"max-video-preview:-1"},"canonical":"https:\/\/www.swisscrochet.ch\/de\/produkt\/laines-du-nord-poema\/","og_locale":"de_DE","og_type":"article","og_title":"Laines du Nord - Poema &#171; Swiss Crochet","og_description":"Poema ist ein weiches Garn aus 100% Merinowolle mit einem langen Farbverlaufseffekt, perfekt f\u00fcr H\u00e4kelprojekte wie Pullover, Schals und Accessoires mit hervorragender Maschendefinition.","og_url":"https:\/\/www.swisscrochet.ch\/de\/produkt\/laines-du-nord-poema\/","og_site_name":"Swiss Crochet","article_modified_time":"2026-04-21T21:03:38+00:00","og_image":[{"width":1000,"height":1000,"url":"https:\/\/www.swisscrochet.ch\/wp-content\/uploads\/2025\/04\/Laines-du-Nord-Poema-Overview-1.jpg","type":"image\/jpeg"}],"twitter_card":"summary_large_image","twitter_misc":{"Gesch\u00e4tzte Lesezeit":"1\u00a0Minute"},"schema":{"@context":"https:\/\/schema.org","@graph":[{"@type":["WebPage","ItemPage"],"@id":"https:\/\/www.swisscrochet.ch\/de\/produkt\/laines-du-nord-poema\/","url":"https:\/\/www.swisscrochet.ch\/de\/produkt\/laines-du-nord-poema\/","name":"Laines du Nord - Poema &#171; Swiss Crochet","isPartOf":{"@id":"https:\/\/www.swisscrochet.ch\/#website"},"primaryImageOfPage":{"@id":"https:\/\/www.swisscrochet.ch\/de\/produkt\/laines-du-nord-poema\/#primaryimage"},"image":{"@id":"https:\/\/www.swisscrochet.ch\/de\/produkt\/laines-du-nord-poema\/#primaryimage"},"thumbnailUrl":"https:\/\/www.swisscrochet.ch\/wp-content\/uploads\/2025\/04\/Laines-du-Nord-Poema-Overview-1.jpg","datePublished":"2025-04-26T12:10:33+00:00","dateModified":"2026-04-21T21:03:38+00:00","description":"Poema ist ein weiches Garn aus 100% Merinowolle mit einem langen Farbverlaufseffekt, perfekt f\u00fcr H\u00e4kelprojekte wie Pullover, Schals und Accessoires mit hervorragender Maschendefinition.","breadcrumb":{"@id":"https:\/\/www.swisscrochet.ch\/de\/produkt\/laines-du-nord-poema\/#breadcrumb"},"inLanguage":"de","potentialAction":[{"@type":"ReadAction","target":["https:\/\/www.swisscrochet.ch\/de\/produkt\/laines-du-nord-poema\/"]}]},{"@type":"ImageObject","inLanguage":"de","@id":"https:\/\/www.swisscrochet.ch\/de\/produkt\/laines-du-nord-poema\/#primaryimage","url":"https:\/\/www.swisscrochet.ch\/wp-content\/uploads\/2025\/04\/Laines-du-Nord-Poema-Overview-1.jpg","contentUrl":"https:\/\/www.swisscrochet.ch\/wp-content\/uploads\/2025\/04\/Laines-du-Nord-Poema-Overview-1.jpg","width":1000,"height":1000},{"@type":"BreadcrumbList","@id":"https:\/\/www.swisscrochet.ch\/de\/produkt\/laines-du-nord-poema\/#breadcrumb","itemListElement":[{"@type":"ListItem","position":1,"name":"Home","item":"https:\/\/www.swisscrochet.ch\/de\/"},{"@type":"ListItem","position":2,"name":"Shop","item":"https:\/\/www.swisscrochet.ch\/de\/shop\/"},{"@type":"ListItem","position":3,"name":"Laines du Nord &#8211; Poema"}]},{"@type":"WebSite","@id":"https:\/\/www.swisscrochet.ch\/#website","url":"https:\/\/www.swisscrochet.ch\/","name":"Swiss Crochet","description":"Entfalte dein kreatives Potenzial","potentialAction":[{"@type":"SearchAction","target":{"@type":"EntryPoint","urlTemplate":"https:\/\/www.swisscrochet.ch\/?s={search_term_string}"},"query-input":{"@type":"PropertyValueSpecification","valueRequired":true,"valueName":"search_term_string"}}],"inLanguage":"de"}]}},"_links":{"self":[{"href":"https:\/\/www.swisscrochet.ch\/de\/wp-json\/wp\/v2\/product\/5972","targetHints":{"allow":["GET"]}}],"collection":[{"href":"https:\/\/www.swisscrochet.ch\/de\/wp-json\/wp\/v2\/product"}],"about":[{"href":"https:\/\/www.swisscrochet.ch\/de\/wp-json\/wp\/v2\/types\/product"}],"wp:featuredmedia":[{"embeddable":true,"href":"https:\/\/www.swisscrochet.ch\/de\/wp-json\/wp\/v2\/media\/6546"}],"wp:attachment":[{"href":"https:\/\/www.swisscrochet.ch\/de\/wp-json\/wp\/v2\/media?parent=5972"}],"wp:term":[{"taxonomy":"product_brand","embeddable":true,"href":"https:\/\/www.swisscrochet.ch\/de\/wp-json\/wp\/v2\/product_brand?post=5972"},{"taxonomy":"product_cat","embeddable":true,"href":"https:\/\/www.swisscrochet.ch\/de\/wp-json\/wp\/v2\/product_cat?post=5972"},{"taxonomy":"product_tag","embeddable":true,"href":"https:\/\/www.swisscrochet.ch\/de\/wp-json\/wp\/v2\/product_tag?post=5972"}],"curies":[{"name":"wp","href":"https:\/\/api.w.org\/{rel}","templated":true}]}}