{"id":6755,"date":"2025-05-03T14:30:37","date_gmt":"2025-05-03T12:30:37","guid":{"rendered":"https:\/\/www.swisscrochet.ch\/product\/chiaogoo-bamboo-crochet-hook\/"},"modified":"2025-05-03T14:54:26","modified_gmt":"2025-05-03T12:54:26","slug":"chiaogoo-bamboo-crochet-hook","status":"publish","type":"product","link":"https:\/\/www.swisscrochet.ch\/de\/produkt\/chiaogoo-bamboo-crochet-hook\/","title":{"rendered":"Chiaogoo &#8211; Bamboo Crochet Hook"},"content":{"rendered":"","protected":false},"excerpt":{"rendered":"<p>Der Chiaogoo Bambus-H\u00e4kelnadel ist ein hochwertige [dt_tooltip title=\"Inline-H\u00e4kelnadel\"]Ein Inline-H\u00e4kelnadel hat eine spitze Spitze, einen Hals, der denselben Durchmesser wie der Schaft hat, und einen k\u00fcrzeren Schaft im Vergleich zu anderen H\u00e4kelnadelarten.[\/dt_tooltip] mit einer spitzen Kopf und einem ergonomischen Daumenrest f\u00fcr Pr\u00e4zision und Komfort. Hergestellt aus leichtem Bambus, liegt er angenehm in der Hand, und sein glattes, handgefertigtes Design l\u00e4sst das Garn m\u00fchelos gleiten.<\/p>\n<p>H\u00e4kelnadeln bis zu einer Gr\u00f6sse von 8.00 mm sind 15 cm lang, gr\u00f6ssere H\u00e4kelnadeln messen 16 cm. Die Gr\u00f6sse ist zur einfachen Erkennung per Laser auf der Nadel eingraviert.<\/p>\n<p>Die Chiaogoo H\u00e4kelnadel aus Bambus ist preiswert und anf\u00e4ngerfreundlich \u2013 ideal zum H\u00e4keln mit rutschigen Garnen. Vielseitig und zuverl\u00e4ssig, funktioniert sie wunderbar mit allen Garn- und Faserarten.<\/p>\n","protected":false},"featured_media":6738,"template":"","meta":[],"product_brand":[],"product_cat":[552,220],"product_tag":[],"class_list":{"0":"post-6755","1":"product","2":"type-product","3":"status-publish","4":"has-post-thumbnail","6":"product_cat-haekelnadeln-ohne-griff","7":"product_cat-hakelnadeln-und-zubehor","8":"product_shipping_class-kleinsendungen","9":"pa_t1-manufacturer-chiaogoo-de","10":"description-off","12":"first","13":"instock","14":"taxable","15":"shipping-taxable","16":"purchasable","17":"product-type-variable","18":"wvs-archive-product-wrapper"},"bundled_by":[],"bundle_stock_status":"instock","bundle_stock_quantity":null,"bundle_virtual":false,"bundle_layout":"","bundle_add_to_cart_form_location":"","bundle_editable_in_cart":false,"bundle_sold_individually_context":"","bundle_item_grouping":"","bundle_min_size":"","bundle_max_size":"","bundle_price":[],"bundled_items":[],"bundle_sell_ids":[],"yoast_head":"<!-- This site is optimized with the Yoast SEO plugin v27.4 - https:\/\/yoast.com\/product\/yoast-seo-wordpress\/ -->\n<title>Chiaogoo - Bamboo Crochet Hook &#171; Swiss Crochet<\/title>\n<meta name=\"description\" content=\"Chiaogoo H\u00e4kelnadel aus Bambus \u2013 Leichte H\u00e4kelnadel mit spitzem Kopf und glatter Oberfl\u00e4che, perfekt f\u00fcr Anf\u00e4ngerinnen und rutschige Garne.\" \/>\n<meta name=\"robots\" content=\"index, follow, max-snippet:-1, max-image-preview:large, max-video-preview:-1\" \/>\n<link rel=\"canonical\" href=\"https:\/\/www.swisscrochet.ch\/produkt\/chiaogoo-bamboo-crochet-hook\/\" \/>\n<meta property=\"og:locale\" content=\"de_DE\" \/>\n<meta property=\"og:type\" content=\"article\" \/>\n<meta property=\"og:title\" content=\"Chiaogoo - Bamboo Crochet Hook &#171; Swiss Crochet\" \/>\n<meta property=\"og:description\" content=\"Chiaogoo H\u00e4kelnadel aus Bambus \u2013 Leichte H\u00e4kelnadel mit spitzem Kopf und glatter Oberfl\u00e4che, perfekt f\u00fcr Anf\u00e4ngerinnen und rutschige Garne.\" \/>\n<meta property=\"og:url\" content=\"https:\/\/www.swisscrochet.ch\/produkt\/chiaogoo-bamboo-crochet-hook\/\" \/>\n<meta property=\"og:site_name\" content=\"Swiss Crochet\" \/>\n<meta property=\"article:modified_time\" content=\"2025-05-03T12:54:26+00:00\" \/>\n<meta property=\"og:image\" content=\"https:\/\/www.swisscrochet.ch\/wp-content\/uploads\/2025\/05\/Chiaogoo-Bamboo-Crochet-Hook-Overview.jpg\" \/>\n\t<meta property=\"og:image:width\" content=\"1000\" \/>\n\t<meta property=\"og:image:height\" content=\"1000\" \/>\n\t<meta property=\"og:image:type\" content=\"image\/jpeg\" \/>\n<meta name=\"twitter:card\" content=\"summary_large_image\" \/>\n<meta name=\"twitter:label1\" content=\"Gesch\u00e4tzte Lesezeit\" \/>\n\t<meta name=\"twitter:data1\" content=\"1\u00a0Minute\" \/>\n<script type=\"application\/ld+json\" class=\"yoast-schema-graph\">{\"@context\":\"https:\\\/\\\/schema.org\",\"@graph\":[{\"@type\":[\"WebPage\",\"ItemPage\"],\"@id\":\"https:\\\/\\\/www.swisscrochet.ch\\\/produkt\\\/chiaogoo-bamboo-crochet-hook\\\/\",\"url\":\"https:\\\/\\\/www.swisscrochet.ch\\\/produkt\\\/chiaogoo-bamboo-crochet-hook\\\/\",\"name\":\"Chiaogoo - Bamboo Crochet Hook &#171; Swiss Crochet\",\"isPartOf\":{\"@id\":\"https:\\\/\\\/www.swisscrochet.ch\\\/#website\"},\"primaryImageOfPage\":{\"@id\":\"https:\\\/\\\/www.swisscrochet.ch\\\/produkt\\\/chiaogoo-bamboo-crochet-hook\\\/#primaryimage\"},\"image\":{\"@id\":\"https:\\\/\\\/www.swisscrochet.ch\\\/produkt\\\/chiaogoo-bamboo-crochet-hook\\\/#primaryimage\"},\"thumbnailUrl\":\"https:\\\/\\\/www.swisscrochet.ch\\\/wp-content\\\/uploads\\\/2025\\\/05\\\/Chiaogoo-Bamboo-Crochet-Hook-Overview.jpg\",\"datePublished\":\"2025-05-03T12:30:37+00:00\",\"dateModified\":\"2025-05-03T12:54:26+00:00\",\"description\":\"Chiaogoo H\u00e4kelnadel aus Bambus \u2013 Leichte H\u00e4kelnadel mit spitzem Kopf und glatter Oberfl\u00e4che, perfekt f\u00fcr Anf\u00e4ngerinnen und rutschige Garne.\",\"breadcrumb\":{\"@id\":\"https:\\\/\\\/www.swisscrochet.ch\\\/produkt\\\/chiaogoo-bamboo-crochet-hook\\\/#breadcrumb\"},\"inLanguage\":\"de\",\"potentialAction\":[{\"@type\":\"ReadAction\",\"target\":[\"https:\\\/\\\/www.swisscrochet.ch\\\/produkt\\\/chiaogoo-bamboo-crochet-hook\\\/\"]}]},{\"@type\":\"ImageObject\",\"inLanguage\":\"de\",\"@id\":\"https:\\\/\\\/www.swisscrochet.ch\\\/produkt\\\/chiaogoo-bamboo-crochet-hook\\\/#primaryimage\",\"url\":\"https:\\\/\\\/www.swisscrochet.ch\\\/wp-content\\\/uploads\\\/2025\\\/05\\\/Chiaogoo-Bamboo-Crochet-Hook-Overview.jpg\",\"contentUrl\":\"https:\\\/\\\/www.swisscrochet.ch\\\/wp-content\\\/uploads\\\/2025\\\/05\\\/Chiaogoo-Bamboo-Crochet-Hook-Overview.jpg\",\"width\":1000,\"height\":1000},{\"@type\":\"BreadcrumbList\",\"@id\":\"https:\\\/\\\/www.swisscrochet.ch\\\/produkt\\\/chiaogoo-bamboo-crochet-hook\\\/#breadcrumb\",\"itemListElement\":[{\"@type\":\"ListItem\",\"position\":1,\"name\":\"Home\",\"item\":\"https:\\\/\\\/www.swisscrochet.ch\\\/de\\\/\"},{\"@type\":\"ListItem\",\"position\":2,\"name\":\"Shop\",\"item\":\"https:\\\/\\\/www.swisscrochet.ch\\\/de\\\/shop\\\/\"},{\"@type\":\"ListItem\",\"position\":3,\"name\":\"Chiaogoo &#8211; Bamboo Crochet Hook\"}]},{\"@type\":\"WebSite\",\"@id\":\"https:\\\/\\\/www.swisscrochet.ch\\\/#website\",\"url\":\"https:\\\/\\\/www.swisscrochet.ch\\\/\",\"name\":\"Swiss Crochet\",\"description\":\"Entfalte dein kreatives Potenzial\",\"potentialAction\":[{\"@type\":\"SearchAction\",\"target\":{\"@type\":\"EntryPoint\",\"urlTemplate\":\"https:\\\/\\\/www.swisscrochet.ch\\\/?s={search_term_string}\"},\"query-input\":{\"@type\":\"PropertyValueSpecification\",\"valueRequired\":true,\"valueName\":\"search_term_string\"}}],\"inLanguage\":\"de\"}]}<\/script>\n<!-- \/ Yoast SEO plugin. -->","yoast_head_json":{"title":"Chiaogoo - Bamboo Crochet Hook &#171; Swiss Crochet","description":"Chiaogoo H\u00e4kelnadel aus Bambus \u2013 Leichte H\u00e4kelnadel mit spitzem Kopf und glatter Oberfl\u00e4che, perfekt f\u00fcr Anf\u00e4ngerinnen und rutschige Garne.","robots":{"index":"index","follow":"follow","max-snippet":"max-snippet:-1","max-image-preview":"max-image-preview:large","max-video-preview":"max-video-preview:-1"},"canonical":"https:\/\/www.swisscrochet.ch\/produkt\/chiaogoo-bamboo-crochet-hook\/","og_locale":"de_DE","og_type":"article","og_title":"Chiaogoo - Bamboo Crochet Hook &#171; Swiss Crochet","og_description":"Chiaogoo H\u00e4kelnadel aus Bambus \u2013 Leichte H\u00e4kelnadel mit spitzem Kopf und glatter Oberfl\u00e4che, perfekt f\u00fcr Anf\u00e4ngerinnen und rutschige Garne.","og_url":"https:\/\/www.swisscrochet.ch\/produkt\/chiaogoo-bamboo-crochet-hook\/","og_site_name":"Swiss Crochet","article_modified_time":"2025-05-03T12:54:26+00:00","og_image":[{"width":1000,"height":1000,"url":"https:\/\/www.swisscrochet.ch\/wp-content\/uploads\/2025\/05\/Chiaogoo-Bamboo-Crochet-Hook-Overview.jpg","type":"image\/jpeg"}],"twitter_card":"summary_large_image","twitter_misc":{"Gesch\u00e4tzte Lesezeit":"1\u00a0Minute"},"schema":{"@context":"https:\/\/schema.org","@graph":[{"@type":["WebPage","ItemPage"],"@id":"https:\/\/www.swisscrochet.ch\/produkt\/chiaogoo-bamboo-crochet-hook\/","url":"https:\/\/www.swisscrochet.ch\/produkt\/chiaogoo-bamboo-crochet-hook\/","name":"Chiaogoo - Bamboo Crochet Hook &#171; Swiss Crochet","isPartOf":{"@id":"https:\/\/www.swisscrochet.ch\/#website"},"primaryImageOfPage":{"@id":"https:\/\/www.swisscrochet.ch\/produkt\/chiaogoo-bamboo-crochet-hook\/#primaryimage"},"image":{"@id":"https:\/\/www.swisscrochet.ch\/produkt\/chiaogoo-bamboo-crochet-hook\/#primaryimage"},"thumbnailUrl":"https:\/\/www.swisscrochet.ch\/wp-content\/uploads\/2025\/05\/Chiaogoo-Bamboo-Crochet-Hook-Overview.jpg","datePublished":"2025-05-03T12:30:37+00:00","dateModified":"2025-05-03T12:54:26+00:00","description":"Chiaogoo H\u00e4kelnadel aus Bambus \u2013 Leichte H\u00e4kelnadel mit spitzem Kopf und glatter Oberfl\u00e4che, perfekt f\u00fcr Anf\u00e4ngerinnen und rutschige Garne.","breadcrumb":{"@id":"https:\/\/www.swisscrochet.ch\/produkt\/chiaogoo-bamboo-crochet-hook\/#breadcrumb"},"inLanguage":"de","potentialAction":[{"@type":"ReadAction","target":["https:\/\/www.swisscrochet.ch\/produkt\/chiaogoo-bamboo-crochet-hook\/"]}]},{"@type":"ImageObject","inLanguage":"de","@id":"https:\/\/www.swisscrochet.ch\/produkt\/chiaogoo-bamboo-crochet-hook\/#primaryimage","url":"https:\/\/www.swisscrochet.ch\/wp-content\/uploads\/2025\/05\/Chiaogoo-Bamboo-Crochet-Hook-Overview.jpg","contentUrl":"https:\/\/www.swisscrochet.ch\/wp-content\/uploads\/2025\/05\/Chiaogoo-Bamboo-Crochet-Hook-Overview.jpg","width":1000,"height":1000},{"@type":"BreadcrumbList","@id":"https:\/\/www.swisscrochet.ch\/produkt\/chiaogoo-bamboo-crochet-hook\/#breadcrumb","itemListElement":[{"@type":"ListItem","position":1,"name":"Home","item":"https:\/\/www.swisscrochet.ch\/de\/"},{"@type":"ListItem","position":2,"name":"Shop","item":"https:\/\/www.swisscrochet.ch\/de\/shop\/"},{"@type":"ListItem","position":3,"name":"Chiaogoo &#8211; Bamboo Crochet Hook"}]},{"@type":"WebSite","@id":"https:\/\/www.swisscrochet.ch\/#website","url":"https:\/\/www.swisscrochet.ch\/","name":"Swiss Crochet","description":"Entfalte dein kreatives Potenzial","potentialAction":[{"@type":"SearchAction","target":{"@type":"EntryPoint","urlTemplate":"https:\/\/www.swisscrochet.ch\/?s={search_term_string}"},"query-input":{"@type":"PropertyValueSpecification","valueRequired":true,"valueName":"search_term_string"}}],"inLanguage":"de"}]}},"_links":{"self":[{"href":"https:\/\/www.swisscrochet.ch\/de\/wp-json\/wp\/v2\/product\/6755","targetHints":{"allow":["GET"]}}],"collection":[{"href":"https:\/\/www.swisscrochet.ch\/de\/wp-json\/wp\/v2\/product"}],"about":[{"href":"https:\/\/www.swisscrochet.ch\/de\/wp-json\/wp\/v2\/types\/product"}],"wp:featuredmedia":[{"embeddable":true,"href":"https:\/\/www.swisscrochet.ch\/de\/wp-json\/wp\/v2\/media\/6738"}],"wp:attachment":[{"href":"https:\/\/www.swisscrochet.ch\/de\/wp-json\/wp\/v2\/media?parent=6755"}],"wp:term":[{"taxonomy":"product_brand","embeddable":true,"href":"https:\/\/www.swisscrochet.ch\/de\/wp-json\/wp\/v2\/product_brand?post=6755"},{"taxonomy":"product_cat","embeddable":true,"href":"https:\/\/www.swisscrochet.ch\/de\/wp-json\/wp\/v2\/product_cat?post=6755"},{"taxonomy":"product_tag","embeddable":true,"href":"https:\/\/www.swisscrochet.ch\/de\/wp-json\/wp\/v2\/product_tag?post=6755"}],"curies":[{"name":"wp","href":"https:\/\/api.w.org\/{rel}","templated":true}]}}