{"id":6852,"date":"2025-05-15T14:59:58","date_gmt":"2025-05-15T12:59:58","guid":{"rendered":"https:\/\/www.swisscrochet.ch\/product\/chiaogoo-end-stoppers\/"},"modified":"2025-05-15T15:11:46","modified_gmt":"2025-05-15T13:11:46","slug":"chiaogoo-end-stopper","status":"publish","type":"product","link":"https:\/\/www.swisscrochet.ch\/de\/produkt\/chiaogoo-end-stopper\/","title":{"rendered":"Chiaogoo &#8211; End-Stopper"},"content":{"rendered":"","protected":false},"excerpt":{"rendered":"<p>Die ChiaoGoo End-Stopper sind unverzichtbare Zubeh\u00f6rteile f\u00fcr das tunesische H\u00e4keln mit austauschbaren Kabeln. Beim tunesischen H\u00e4keln verbindet das Kabel die R\u00fcckseite der H\u00e4kelnadel und h\u00e4lt die Maschen \u2013 ideal f\u00fcr grosse Projekte wie Decken, Schals oder Kleidungsst\u00fccke. Der End-Stopper wird am offene Ende des Kabels befestigt und verhindert, dass die Maschen abrutschen. Siehe Produktfotos f\u00fcr Montagebeispiele.<\/p>\n<p>Diese Stopper werden fest auf das Kabelende geschraubt und halten deine Maschen w\u00e4hrend des gesamten Projekts sicher an Ort und Stelle.<\/p>\n<p>Verf\u00fcgbar in zwei Gr\u00f6ssen:<\/p>\n<ul>\n<li>Small (S) End-Stopper \u2013 f\u00fcr ChiaoGoo (S) Kabel (geeignet f\u00fcr H\u00e4kelnadeln von 3.50 mm bis 5.00 mm)<\/li>\n<li>Large (L) End-Stopper \u2013 f\u00fcr ChiaoGoo (L) Kabel (geeignet f\u00fcr H\u00e4kelnadeln von 5.50 mm bis 10.00 mm)<\/li>\n<\/ul>\n<p>Jede Packung enth\u00e4lt zwei St\u00fcck.<\/p>\n<p>Die ChiaoGoo End-Stopper sorgen daf\u00fcr, dass deine Maschen beim tunesischen H\u00e4keln sicher bleiben \u2013 f\u00fcr mehr Ruhe und bessere Kontrolle \u00fcber dein Projekt.<\/p>\n","protected":false},"featured_media":6714,"template":"","meta":[],"product_brand":[],"product_cat":[559,556,220],"product_tag":[],"class_list":{"0":"post-6852","1":"product","2":"type-product","3":"status-publish","4":"has-post-thumbnail","6":"product_cat-anderes-zubehoer","7":"product_cat-haekelnadeln-fuer-tunesisches-haekeln","8":"product_cat-hakelnadeln-und-zubehor","9":"product_shipping_class-kleinsendungen","10":"pa_t1-manufacturer-chiaogoo-de","11":"description-off","13":"first","14":"instock","15":"taxable","16":"shipping-taxable","17":"purchasable","18":"product-type-variable","19":"wvs-archive-product-wrapper"},"bundled_by":["10447","10850","10850"],"bundle_stock_status":"instock","bundle_stock_quantity":null,"bundle_virtual":false,"bundle_layout":"","bundle_add_to_cart_form_location":"","bundle_editable_in_cart":false,"bundle_sold_individually_context":"","bundle_item_grouping":"","bundle_min_size":"","bundle_max_size":"","bundle_price":[],"bundled_items":[],"bundle_sell_ids":[],"yoast_head":"<!-- This site is optimized with the Yoast SEO plugin v27.4 - https:\/\/yoast.com\/product\/yoast-seo-wordpress\/ -->\n<title>Chiaogoo - End-Stopper &#171; Swiss Crochet<\/title>\n<meta name=\"description\" content=\"Jetzt kannst du mit den ChiaoGoo Kabeln und End-Stoppern grosse Tunesisch-H\u00e4kelprojekte arbeiten. Erh\u00e4ltlich f\u00fcr S- und L-Kabel. Ideal f\u00fcr Decken, Schals und mehr.\" \/>\n<meta name=\"robots\" content=\"index, follow, max-snippet:-1, max-image-preview:large, max-video-preview:-1\" \/>\n<link rel=\"canonical\" href=\"https:\/\/www.swisscrochet.ch\/produkt\/chiaogoo-end-stoppers\/\" \/>\n<meta property=\"og:locale\" content=\"de_DE\" \/>\n<meta property=\"og:type\" content=\"article\" \/>\n<meta property=\"og:title\" content=\"Chiaogoo - End-Stopper &#171; Swiss Crochet\" \/>\n<meta property=\"og:description\" content=\"Jetzt kannst du mit den ChiaoGoo Kabeln und End-Stoppern grosse Tunesisch-H\u00e4kelprojekte arbeiten. Erh\u00e4ltlich f\u00fcr S- und L-Kabel. Ideal f\u00fcr Decken, Schals und mehr.\" \/>\n<meta property=\"og:url\" content=\"https:\/\/www.swisscrochet.ch\/produkt\/chiaogoo-end-stoppers\/\" \/>\n<meta property=\"og:site_name\" content=\"Swiss Crochet\" \/>\n<meta property=\"article:modified_time\" content=\"2025-05-15T13:11:46+00:00\" \/>\n<meta property=\"og:image\" content=\"https:\/\/www.swisscrochet.ch\/wp-content\/uploads\/2025\/05\/Chiaogoo-End-Stoppers-Overview.jpg\" \/>\n\t<meta property=\"og:image:width\" content=\"1000\" \/>\n\t<meta property=\"og:image:height\" content=\"1000\" \/>\n\t<meta property=\"og:image:type\" content=\"image\/jpeg\" \/>\n<meta name=\"twitter:card\" content=\"summary_large_image\" \/>\n<meta name=\"twitter:label1\" content=\"Gesch\u00e4tzte Lesezeit\" \/>\n\t<meta name=\"twitter:data1\" content=\"1\u00a0Minute\" \/>\n<script type=\"application\/ld+json\" class=\"yoast-schema-graph\">{\"@context\":\"https:\\\/\\\/schema.org\",\"@graph\":[{\"@type\":[\"WebPage\",\"ItemPage\"],\"@id\":\"https:\\\/\\\/www.swisscrochet.ch\\\/produkt\\\/chiaogoo-end-stoppers\\\/\",\"url\":\"https:\\\/\\\/www.swisscrochet.ch\\\/produkt\\\/chiaogoo-end-stoppers\\\/\",\"name\":\"Chiaogoo - End-Stopper &#171; Swiss Crochet\",\"isPartOf\":{\"@id\":\"https:\\\/\\\/www.swisscrochet.ch\\\/#website\"},\"primaryImageOfPage\":{\"@id\":\"https:\\\/\\\/www.swisscrochet.ch\\\/produkt\\\/chiaogoo-end-stoppers\\\/#primaryimage\"},\"image\":{\"@id\":\"https:\\\/\\\/www.swisscrochet.ch\\\/produkt\\\/chiaogoo-end-stoppers\\\/#primaryimage\"},\"thumbnailUrl\":\"https:\\\/\\\/www.swisscrochet.ch\\\/wp-content\\\/uploads\\\/2025\\\/05\\\/Chiaogoo-End-Stoppers-Overview.jpg\",\"datePublished\":\"2025-05-15T12:59:58+00:00\",\"dateModified\":\"2025-05-15T13:11:46+00:00\",\"description\":\"Jetzt kannst du mit den ChiaoGoo Kabeln und End-Stoppern grosse Tunesisch-H\u00e4kelprojekte arbeiten. Erh\u00e4ltlich f\u00fcr S- und L-Kabel. Ideal f\u00fcr Decken, Schals und mehr.\",\"breadcrumb\":{\"@id\":\"https:\\\/\\\/www.swisscrochet.ch\\\/produkt\\\/chiaogoo-end-stoppers\\\/#breadcrumb\"},\"inLanguage\":\"de\",\"potentialAction\":[{\"@type\":\"ReadAction\",\"target\":[\"https:\\\/\\\/www.swisscrochet.ch\\\/produkt\\\/chiaogoo-end-stoppers\\\/\"]}]},{\"@type\":\"ImageObject\",\"inLanguage\":\"de\",\"@id\":\"https:\\\/\\\/www.swisscrochet.ch\\\/produkt\\\/chiaogoo-end-stoppers\\\/#primaryimage\",\"url\":\"https:\\\/\\\/www.swisscrochet.ch\\\/wp-content\\\/uploads\\\/2025\\\/05\\\/Chiaogoo-End-Stoppers-Overview.jpg\",\"contentUrl\":\"https:\\\/\\\/www.swisscrochet.ch\\\/wp-content\\\/uploads\\\/2025\\\/05\\\/Chiaogoo-End-Stoppers-Overview.jpg\",\"width\":1000,\"height\":1000},{\"@type\":\"BreadcrumbList\",\"@id\":\"https:\\\/\\\/www.swisscrochet.ch\\\/produkt\\\/chiaogoo-end-stoppers\\\/#breadcrumb\",\"itemListElement\":[{\"@type\":\"ListItem\",\"position\":1,\"name\":\"Home\",\"item\":\"https:\\\/\\\/www.swisscrochet.ch\\\/de\\\/\"},{\"@type\":\"ListItem\",\"position\":2,\"name\":\"Shop\",\"item\":\"https:\\\/\\\/www.swisscrochet.ch\\\/de\\\/shop\\\/\"},{\"@type\":\"ListItem\",\"position\":3,\"name\":\"Chiaogoo &#8211; End-Stopper\"}]},{\"@type\":\"WebSite\",\"@id\":\"https:\\\/\\\/www.swisscrochet.ch\\\/#website\",\"url\":\"https:\\\/\\\/www.swisscrochet.ch\\\/\",\"name\":\"Swiss Crochet\",\"description\":\"Entfalte dein kreatives Potenzial\",\"potentialAction\":[{\"@type\":\"SearchAction\",\"target\":{\"@type\":\"EntryPoint\",\"urlTemplate\":\"https:\\\/\\\/www.swisscrochet.ch\\\/?s={search_term_string}\"},\"query-input\":{\"@type\":\"PropertyValueSpecification\",\"valueRequired\":true,\"valueName\":\"search_term_string\"}}],\"inLanguage\":\"de\"}]}<\/script>\n<!-- \/ Yoast SEO plugin. -->","yoast_head_json":{"title":"Chiaogoo - End-Stopper &#171; Swiss Crochet","description":"Jetzt kannst du mit den ChiaoGoo Kabeln und End-Stoppern grosse Tunesisch-H\u00e4kelprojekte arbeiten. Erh\u00e4ltlich f\u00fcr S- und L-Kabel. Ideal f\u00fcr Decken, Schals und mehr.","robots":{"index":"index","follow":"follow","max-snippet":"max-snippet:-1","max-image-preview":"max-image-preview:large","max-video-preview":"max-video-preview:-1"},"canonical":"https:\/\/www.swisscrochet.ch\/produkt\/chiaogoo-end-stoppers\/","og_locale":"de_DE","og_type":"article","og_title":"Chiaogoo - End-Stopper &#171; Swiss Crochet","og_description":"Jetzt kannst du mit den ChiaoGoo Kabeln und End-Stoppern grosse Tunesisch-H\u00e4kelprojekte arbeiten. Erh\u00e4ltlich f\u00fcr S- und L-Kabel. Ideal f\u00fcr Decken, Schals und mehr.","og_url":"https:\/\/www.swisscrochet.ch\/produkt\/chiaogoo-end-stoppers\/","og_site_name":"Swiss Crochet","article_modified_time":"2025-05-15T13:11:46+00:00","og_image":[{"width":1000,"height":1000,"url":"https:\/\/www.swisscrochet.ch\/wp-content\/uploads\/2025\/05\/Chiaogoo-End-Stoppers-Overview.jpg","type":"image\/jpeg"}],"twitter_card":"summary_large_image","twitter_misc":{"Gesch\u00e4tzte Lesezeit":"1\u00a0Minute"},"schema":{"@context":"https:\/\/schema.org","@graph":[{"@type":["WebPage","ItemPage"],"@id":"https:\/\/www.swisscrochet.ch\/produkt\/chiaogoo-end-stoppers\/","url":"https:\/\/www.swisscrochet.ch\/produkt\/chiaogoo-end-stoppers\/","name":"Chiaogoo - End-Stopper &#171; Swiss Crochet","isPartOf":{"@id":"https:\/\/www.swisscrochet.ch\/#website"},"primaryImageOfPage":{"@id":"https:\/\/www.swisscrochet.ch\/produkt\/chiaogoo-end-stoppers\/#primaryimage"},"image":{"@id":"https:\/\/www.swisscrochet.ch\/produkt\/chiaogoo-end-stoppers\/#primaryimage"},"thumbnailUrl":"https:\/\/www.swisscrochet.ch\/wp-content\/uploads\/2025\/05\/Chiaogoo-End-Stoppers-Overview.jpg","datePublished":"2025-05-15T12:59:58+00:00","dateModified":"2025-05-15T13:11:46+00:00","description":"Jetzt kannst du mit den ChiaoGoo Kabeln und End-Stoppern grosse Tunesisch-H\u00e4kelprojekte arbeiten. Erh\u00e4ltlich f\u00fcr S- und L-Kabel. Ideal f\u00fcr Decken, Schals und mehr.","breadcrumb":{"@id":"https:\/\/www.swisscrochet.ch\/produkt\/chiaogoo-end-stoppers\/#breadcrumb"},"inLanguage":"de","potentialAction":[{"@type":"ReadAction","target":["https:\/\/www.swisscrochet.ch\/produkt\/chiaogoo-end-stoppers\/"]}]},{"@type":"ImageObject","inLanguage":"de","@id":"https:\/\/www.swisscrochet.ch\/produkt\/chiaogoo-end-stoppers\/#primaryimage","url":"https:\/\/www.swisscrochet.ch\/wp-content\/uploads\/2025\/05\/Chiaogoo-End-Stoppers-Overview.jpg","contentUrl":"https:\/\/www.swisscrochet.ch\/wp-content\/uploads\/2025\/05\/Chiaogoo-End-Stoppers-Overview.jpg","width":1000,"height":1000},{"@type":"BreadcrumbList","@id":"https:\/\/www.swisscrochet.ch\/produkt\/chiaogoo-end-stoppers\/#breadcrumb","itemListElement":[{"@type":"ListItem","position":1,"name":"Home","item":"https:\/\/www.swisscrochet.ch\/de\/"},{"@type":"ListItem","position":2,"name":"Shop","item":"https:\/\/www.swisscrochet.ch\/de\/shop\/"},{"@type":"ListItem","position":3,"name":"Chiaogoo &#8211; End-Stopper"}]},{"@type":"WebSite","@id":"https:\/\/www.swisscrochet.ch\/#website","url":"https:\/\/www.swisscrochet.ch\/","name":"Swiss Crochet","description":"Entfalte dein kreatives Potenzial","potentialAction":[{"@type":"SearchAction","target":{"@type":"EntryPoint","urlTemplate":"https:\/\/www.swisscrochet.ch\/?s={search_term_string}"},"query-input":{"@type":"PropertyValueSpecification","valueRequired":true,"valueName":"search_term_string"}}],"inLanguage":"de"}]}},"_links":{"self":[{"href":"https:\/\/www.swisscrochet.ch\/de\/wp-json\/wp\/v2\/product\/6852","targetHints":{"allow":["GET"]}}],"collection":[{"href":"https:\/\/www.swisscrochet.ch\/de\/wp-json\/wp\/v2\/product"}],"about":[{"href":"https:\/\/www.swisscrochet.ch\/de\/wp-json\/wp\/v2\/types\/product"}],"wp:featuredmedia":[{"embeddable":true,"href":"https:\/\/www.swisscrochet.ch\/de\/wp-json\/wp\/v2\/media\/6714"}],"wp:attachment":[{"href":"https:\/\/www.swisscrochet.ch\/de\/wp-json\/wp\/v2\/media?parent=6852"}],"wp:term":[{"taxonomy":"product_brand","embeddable":true,"href":"https:\/\/www.swisscrochet.ch\/de\/wp-json\/wp\/v2\/product_brand?post=6852"},{"taxonomy":"product_cat","embeddable":true,"href":"https:\/\/www.swisscrochet.ch\/de\/wp-json\/wp\/v2\/product_cat?post=6852"},{"taxonomy":"product_tag","embeddable":true,"href":"https:\/\/www.swisscrochet.ch\/de\/wp-json\/wp\/v2\/product_tag?post=6852"}],"curies":[{"name":"wp","href":"https:\/\/api.w.org\/{rel}","templated":true}]}}