{"id":6913,"date":"2025-05-15T15:48:52","date_gmt":"2025-05-15T13:48:52","guid":{"rendered":"https:\/\/www.swisscrochet.ch\/product\/chiaogoo-swiv360-silver-cable\/"},"modified":"2025-05-15T15:58:47","modified_gmt":"2025-05-15T13:58:47","slug":"chiaogoo-swiv360-silver-kabel","status":"publish","type":"product","link":"https:\/\/www.swisscrochet.ch\/de\/produkt\/chiaogoo-swiv360-silver-kabel\/","title":{"rendered":"Chiaogoo &#8211; SWIV360 Silver Kabel"},"content":{"rendered":"","protected":false},"excerpt":{"rendered":"<p>Das ChiaoGoo SWIV360 Silver Kabel ist ein echter Game-Changer f\u00fcr alle, die tunesisch h\u00e4keln und mit austauschbaren Spitzen und Kabeln arbeiten. Das innovative Kabel dreht sich um volle 360 Grad, sodass es sich beim H\u00e4keln immer nach unten ausrichtet \u2013 kein Verdrehen oder Verheddern mehr, besonders praktisch bei l\u00e4ngeren Kabeln und vielen Maschen. Siehe Produktfotos f\u00fcr Montagebeispiele.<\/p>\n<p>Diese Kabel eignen sich sowohl f\u00fcr das tunesische H\u00e4keln in Reihen als auch in Runden und bieten dir maximale Flexibilit\u00e4t f\u00fcr deine Projekte. Erh\u00e4ltlich in L\u00e4ngen von 13 cm bis 125 cm \u2013 finde die passende L\u00e4nge f\u00fcr dein Vorhaben.<\/p>\n<p>Verf\u00fcgbar in zwei Gr\u00f6ssen:<\/p>\n<ul>\n<li>Small (S) SWIV360 Kabel \u2013 kompatibel mit ChiaoGoo (S) Spitzen f\u00fcr H\u00e4kelnadeln von 3.50 mm bis 5.00 mm<\/li>\n<li>Large (L) SWIV360 Kabel \u2013 kompatibel mit ChiaoGoo (L) Spitzen f\u00fcr H\u00e4kelnadeln von 5.50 mm bis 10.00 mm<\/li>\n<\/ul>\n<p>Dank der Drehfunktion h\u00e4kelst du komfortabler, mit mehr Kontrolle \u2013 ideal f\u00fcr grosse Projekte wie Decken, Schals oder Kleidung. R\u00fcste dein tunesisches H\u00e4kel-Set auf mit dem ChiaoGoo SWIV360 Silver Kabel \u2013 f\u00fcr ein verhedderungsfreies und angenehmes H\u00e4kelvergn\u00fcgen!<\/p>\n","protected":false},"featured_media":6706,"template":"","meta":[],"product_brand":[],"product_cat":[559,556,220],"product_tag":[],"class_list":{"0":"post-6913","1":"product","2":"type-product","3":"status-publish","4":"has-post-thumbnail","6":"product_cat-anderes-zubehoer","7":"product_cat-haekelnadeln-fuer-tunesisches-haekeln","8":"product_cat-hakelnadeln-und-zubehor","9":"product_shipping_class-kleinsendungen","10":"pa_t1-manufacturer-chiaogoo-de","11":"description-off","13":"first","14":"instock","15":"taxable","16":"shipping-taxable","17":"purchasable","18":"product-type-variable","19":"wvs-archive-product-wrapper"},"bundled_by":["10447","10850","10850","10850","10850"],"bundle_stock_status":"instock","bundle_stock_quantity":null,"bundle_virtual":false,"bundle_layout":"","bundle_add_to_cart_form_location":"","bundle_editable_in_cart":false,"bundle_sold_individually_context":"","bundle_item_grouping":"","bundle_min_size":"","bundle_max_size":"","bundle_price":[],"bundled_items":[],"bundle_sell_ids":[],"yoast_head":"<!-- This site is optimized with the Yoast SEO plugin v27.4 - https:\/\/yoast.com\/product\/yoast-seo-wordpress\/ -->\n<title>Chiaogoo - SWIV360 Silver Kabel &#171; Swiss Crochet<\/title>\n<meta name=\"description\" content=\"ChiaoGoo SWIV360 Silver Kabel drehen sich um 360\u00b0 und verhindern so ein Verdrehen \u2013 ideal f\u00fcr Tunisische H\u00e4kelarbeiten in Reihen oder in Runden. Erh\u00e4ltlich in L\u00e4ngen von 13\u2013125 cm.\" \/>\n<meta name=\"robots\" content=\"index, follow, max-snippet:-1, max-image-preview:large, max-video-preview:-1\" \/>\n<link rel=\"canonical\" href=\"https:\/\/www.swisscrochet.ch\/produkt\/chiaogoo-swiv360-silver-cable\/\" \/>\n<meta property=\"og:locale\" content=\"de_DE\" \/>\n<meta property=\"og:type\" content=\"article\" \/>\n<meta property=\"og:title\" content=\"Chiaogoo - SWIV360 Silver Kabel &#171; Swiss Crochet\" \/>\n<meta property=\"og:description\" content=\"ChiaoGoo SWIV360 Silver Kabel drehen sich um 360\u00b0 und verhindern so ein Verdrehen \u2013 ideal f\u00fcr Tunisische H\u00e4kelarbeiten in Reihen oder in Runden. Erh\u00e4ltlich in L\u00e4ngen von 13\u2013125 cm.\" \/>\n<meta property=\"og:url\" content=\"https:\/\/www.swisscrochet.ch\/produkt\/chiaogoo-swiv360-silver-cable\/\" \/>\n<meta property=\"og:site_name\" content=\"Swiss Crochet\" \/>\n<meta property=\"article:modified_time\" content=\"2025-05-15T13:58:47+00:00\" \/>\n<meta property=\"og:image\" content=\"https:\/\/www.swisscrochet.ch\/wp-content\/uploads\/2025\/05\/Chiaogoo-SWIV360-Silver-Cable-Overview.jpg\" \/>\n\t<meta property=\"og:image:width\" content=\"1000\" \/>\n\t<meta property=\"og:image:height\" content=\"1000\" \/>\n\t<meta property=\"og:image:type\" content=\"image\/jpeg\" \/>\n<meta name=\"twitter:card\" content=\"summary_large_image\" \/>\n<meta name=\"twitter:label1\" content=\"Gesch\u00e4tzte Lesezeit\" \/>\n\t<meta name=\"twitter:data1\" content=\"1\u00a0Minute\" \/>\n<script type=\"application\/ld+json\" class=\"yoast-schema-graph\">{\"@context\":\"https:\\\/\\\/schema.org\",\"@graph\":[{\"@type\":[\"WebPage\",\"ItemPage\"],\"@id\":\"https:\\\/\\\/www.swisscrochet.ch\\\/produkt\\\/chiaogoo-swiv360-silver-cable\\\/\",\"url\":\"https:\\\/\\\/www.swisscrochet.ch\\\/produkt\\\/chiaogoo-swiv360-silver-cable\\\/\",\"name\":\"Chiaogoo - SWIV360 Silver Kabel &#171; Swiss Crochet\",\"isPartOf\":{\"@id\":\"https:\\\/\\\/www.swisscrochet.ch\\\/#website\"},\"primaryImageOfPage\":{\"@id\":\"https:\\\/\\\/www.swisscrochet.ch\\\/produkt\\\/chiaogoo-swiv360-silver-cable\\\/#primaryimage\"},\"image\":{\"@id\":\"https:\\\/\\\/www.swisscrochet.ch\\\/produkt\\\/chiaogoo-swiv360-silver-cable\\\/#primaryimage\"},\"thumbnailUrl\":\"https:\\\/\\\/www.swisscrochet.ch\\\/wp-content\\\/uploads\\\/2025\\\/05\\\/Chiaogoo-SWIV360-Silver-Cable-Overview.jpg\",\"datePublished\":\"2025-05-15T13:48:52+00:00\",\"dateModified\":\"2025-05-15T13:58:47+00:00\",\"description\":\"ChiaoGoo SWIV360 Silver Kabel drehen sich um 360\u00b0 und verhindern so ein Verdrehen \u2013 ideal f\u00fcr Tunisische H\u00e4kelarbeiten in Reihen oder in Runden. Erh\u00e4ltlich in L\u00e4ngen von 13\u2013125 cm.\",\"breadcrumb\":{\"@id\":\"https:\\\/\\\/www.swisscrochet.ch\\\/produkt\\\/chiaogoo-swiv360-silver-cable\\\/#breadcrumb\"},\"inLanguage\":\"de\",\"potentialAction\":[{\"@type\":\"ReadAction\",\"target\":[\"https:\\\/\\\/www.swisscrochet.ch\\\/produkt\\\/chiaogoo-swiv360-silver-cable\\\/\"]}]},{\"@type\":\"ImageObject\",\"inLanguage\":\"de\",\"@id\":\"https:\\\/\\\/www.swisscrochet.ch\\\/produkt\\\/chiaogoo-swiv360-silver-cable\\\/#primaryimage\",\"url\":\"https:\\\/\\\/www.swisscrochet.ch\\\/wp-content\\\/uploads\\\/2025\\\/05\\\/Chiaogoo-SWIV360-Silver-Cable-Overview.jpg\",\"contentUrl\":\"https:\\\/\\\/www.swisscrochet.ch\\\/wp-content\\\/uploads\\\/2025\\\/05\\\/Chiaogoo-SWIV360-Silver-Cable-Overview.jpg\",\"width\":1000,\"height\":1000},{\"@type\":\"BreadcrumbList\",\"@id\":\"https:\\\/\\\/www.swisscrochet.ch\\\/produkt\\\/chiaogoo-swiv360-silver-cable\\\/#breadcrumb\",\"itemListElement\":[{\"@type\":\"ListItem\",\"position\":1,\"name\":\"Home\",\"item\":\"https:\\\/\\\/www.swisscrochet.ch\\\/de\\\/\"},{\"@type\":\"ListItem\",\"position\":2,\"name\":\"Shop\",\"item\":\"https:\\\/\\\/www.swisscrochet.ch\\\/de\\\/shop\\\/\"},{\"@type\":\"ListItem\",\"position\":3,\"name\":\"Chiaogoo &#8211; SWIV360 Silver Kabel\"}]},{\"@type\":\"WebSite\",\"@id\":\"https:\\\/\\\/www.swisscrochet.ch\\\/#website\",\"url\":\"https:\\\/\\\/www.swisscrochet.ch\\\/\",\"name\":\"Swiss Crochet\",\"description\":\"Entfalte dein kreatives Potenzial\",\"potentialAction\":[{\"@type\":\"SearchAction\",\"target\":{\"@type\":\"EntryPoint\",\"urlTemplate\":\"https:\\\/\\\/www.swisscrochet.ch\\\/?s={search_term_string}\"},\"query-input\":{\"@type\":\"PropertyValueSpecification\",\"valueRequired\":true,\"valueName\":\"search_term_string\"}}],\"inLanguage\":\"de\"}]}<\/script>\n<!-- \/ Yoast SEO plugin. -->","yoast_head_json":{"title":"Chiaogoo - SWIV360 Silver Kabel &#171; Swiss Crochet","description":"ChiaoGoo SWIV360 Silver Kabel drehen sich um 360\u00b0 und verhindern so ein Verdrehen \u2013 ideal f\u00fcr Tunisische H\u00e4kelarbeiten in Reihen oder in Runden. Erh\u00e4ltlich in L\u00e4ngen von 13\u2013125 cm.","robots":{"index":"index","follow":"follow","max-snippet":"max-snippet:-1","max-image-preview":"max-image-preview:large","max-video-preview":"max-video-preview:-1"},"canonical":"https:\/\/www.swisscrochet.ch\/produkt\/chiaogoo-swiv360-silver-cable\/","og_locale":"de_DE","og_type":"article","og_title":"Chiaogoo - SWIV360 Silver Kabel &#171; Swiss Crochet","og_description":"ChiaoGoo SWIV360 Silver Kabel drehen sich um 360\u00b0 und verhindern so ein Verdrehen \u2013 ideal f\u00fcr Tunisische H\u00e4kelarbeiten in Reihen oder in Runden. Erh\u00e4ltlich in L\u00e4ngen von 13\u2013125 cm.","og_url":"https:\/\/www.swisscrochet.ch\/produkt\/chiaogoo-swiv360-silver-cable\/","og_site_name":"Swiss Crochet","article_modified_time":"2025-05-15T13:58:47+00:00","og_image":[{"width":1000,"height":1000,"url":"https:\/\/www.swisscrochet.ch\/wp-content\/uploads\/2025\/05\/Chiaogoo-SWIV360-Silver-Cable-Overview.jpg","type":"image\/jpeg"}],"twitter_card":"summary_large_image","twitter_misc":{"Gesch\u00e4tzte Lesezeit":"1\u00a0Minute"},"schema":{"@context":"https:\/\/schema.org","@graph":[{"@type":["WebPage","ItemPage"],"@id":"https:\/\/www.swisscrochet.ch\/produkt\/chiaogoo-swiv360-silver-cable\/","url":"https:\/\/www.swisscrochet.ch\/produkt\/chiaogoo-swiv360-silver-cable\/","name":"Chiaogoo - SWIV360 Silver Kabel &#171; Swiss Crochet","isPartOf":{"@id":"https:\/\/www.swisscrochet.ch\/#website"},"primaryImageOfPage":{"@id":"https:\/\/www.swisscrochet.ch\/produkt\/chiaogoo-swiv360-silver-cable\/#primaryimage"},"image":{"@id":"https:\/\/www.swisscrochet.ch\/produkt\/chiaogoo-swiv360-silver-cable\/#primaryimage"},"thumbnailUrl":"https:\/\/www.swisscrochet.ch\/wp-content\/uploads\/2025\/05\/Chiaogoo-SWIV360-Silver-Cable-Overview.jpg","datePublished":"2025-05-15T13:48:52+00:00","dateModified":"2025-05-15T13:58:47+00:00","description":"ChiaoGoo SWIV360 Silver Kabel drehen sich um 360\u00b0 und verhindern so ein Verdrehen \u2013 ideal f\u00fcr Tunisische H\u00e4kelarbeiten in Reihen oder in Runden. Erh\u00e4ltlich in L\u00e4ngen von 13\u2013125 cm.","breadcrumb":{"@id":"https:\/\/www.swisscrochet.ch\/produkt\/chiaogoo-swiv360-silver-cable\/#breadcrumb"},"inLanguage":"de","potentialAction":[{"@type":"ReadAction","target":["https:\/\/www.swisscrochet.ch\/produkt\/chiaogoo-swiv360-silver-cable\/"]}]},{"@type":"ImageObject","inLanguage":"de","@id":"https:\/\/www.swisscrochet.ch\/produkt\/chiaogoo-swiv360-silver-cable\/#primaryimage","url":"https:\/\/www.swisscrochet.ch\/wp-content\/uploads\/2025\/05\/Chiaogoo-SWIV360-Silver-Cable-Overview.jpg","contentUrl":"https:\/\/www.swisscrochet.ch\/wp-content\/uploads\/2025\/05\/Chiaogoo-SWIV360-Silver-Cable-Overview.jpg","width":1000,"height":1000},{"@type":"BreadcrumbList","@id":"https:\/\/www.swisscrochet.ch\/produkt\/chiaogoo-swiv360-silver-cable\/#breadcrumb","itemListElement":[{"@type":"ListItem","position":1,"name":"Home","item":"https:\/\/www.swisscrochet.ch\/de\/"},{"@type":"ListItem","position":2,"name":"Shop","item":"https:\/\/www.swisscrochet.ch\/de\/shop\/"},{"@type":"ListItem","position":3,"name":"Chiaogoo &#8211; SWIV360 Silver Kabel"}]},{"@type":"WebSite","@id":"https:\/\/www.swisscrochet.ch\/#website","url":"https:\/\/www.swisscrochet.ch\/","name":"Swiss Crochet","description":"Entfalte dein kreatives Potenzial","potentialAction":[{"@type":"SearchAction","target":{"@type":"EntryPoint","urlTemplate":"https:\/\/www.swisscrochet.ch\/?s={search_term_string}"},"query-input":{"@type":"PropertyValueSpecification","valueRequired":true,"valueName":"search_term_string"}}],"inLanguage":"de"}]}},"_links":{"self":[{"href":"https:\/\/www.swisscrochet.ch\/de\/wp-json\/wp\/v2\/product\/6913","targetHints":{"allow":["GET"]}}],"collection":[{"href":"https:\/\/www.swisscrochet.ch\/de\/wp-json\/wp\/v2\/product"}],"about":[{"href":"https:\/\/www.swisscrochet.ch\/de\/wp-json\/wp\/v2\/types\/product"}],"wp:featuredmedia":[{"embeddable":true,"href":"https:\/\/www.swisscrochet.ch\/de\/wp-json\/wp\/v2\/media\/6706"}],"wp:attachment":[{"href":"https:\/\/www.swisscrochet.ch\/de\/wp-json\/wp\/v2\/media?parent=6913"}],"wp:term":[{"taxonomy":"product_brand","embeddable":true,"href":"https:\/\/www.swisscrochet.ch\/de\/wp-json\/wp\/v2\/product_brand?post=6913"},{"taxonomy":"product_cat","embeddable":true,"href":"https:\/\/www.swisscrochet.ch\/de\/wp-json\/wp\/v2\/product_cat?post=6913"},{"taxonomy":"product_tag","embeddable":true,"href":"https:\/\/www.swisscrochet.ch\/de\/wp-json\/wp\/v2\/product_tag?post=6913"}],"curies":[{"name":"wp","href":"https:\/\/api.w.org\/{rel}","templated":true}]}}