{"id":7010,"date":"2025-05-15T16:36:40","date_gmt":"2025-05-15T14:36:40","guid":{"rendered":"https:\/\/www.swisscrochet.ch\/product\/chiaogoo-tunisian-crochet-hook-interchangable-tip\/"},"modified":"2025-05-15T17:11:36","modified_gmt":"2025-05-15T15:11:36","slug":"chiaogoo-tunisische-haekelnadel-mit-austauschbarer-spitze","status":"publish","type":"product","link":"https:\/\/www.swisscrochet.ch\/de\/produkt\/chiaogoo-tunisische-haekelnadel-mit-austauschbarer-spitze\/","title":{"rendered":"Chiaogoo &#8211; Tunisische H\u00e4kelnadel mit austauschbarer Spitze"},"content":{"rendered":"","protected":false},"excerpt":{"rendered":"<p>Die ChiaoGoo Tunisische H\u00e4kelnadel mit austauschbarer Spitze sind hochwertige [dt_tooltip title=\"Inline-H\u00e4kelnadel\"]Ein Inline-H\u00e4kelnadel hat eine spitze Spitze, einen Hals, der denselben Durchmesser wie der Schaft hat, und einen k\u00fcrzeren Schaft im Vergleich zu anderen H\u00e4kelnadelarten.[\/dt_tooltip] H\u00e4kelnadel mit spitzem Kopf. Aus glattem, leichtem Premium-Bambus gefertigt, bieten sie hervorragenden Komfort, Flexibilit\u00e4t und Maschenkontrolle \u2013 perfekt f\u00fcr alle deine Tunesisch-H\u00e4kelprojekte.<\/p>\n<p>Diese H\u00e4kelnadelspitzen sind f\u00fcr die Verwendung mit dem <a href=\"https:\/\/www.swisscrochet.ch\/de\/produkt\/chiaogoo-swiv360-silver-kabel\/\" target=\"_blank\" rel=\"noopener\">ChiaoGoo SWIV360 Kabel<\/a> konzipiert, sodass du die L\u00e4nge an jedes Projekt anpassen kannst \u2013 von kleinen Accessoires bis hin zu grossen Kleidungsst\u00fccken, Decken und mehr.<\/p>\n<p>Dank des austauschbaren Systems eignen sich diese Haken sowohl f\u00fcr tunesisches H\u00e4keln in Reihen als auch in Runden. W\u00e4hle einfach die gew\u00fcnschte Nadelst\u00e4rke und verbinde sie mit einem kompatiblen Kabel \u2013 und los geht\u2019s.<\/p>\n<p>Die Gr\u00f6sse ist zur einfachen Erkennung per Laser auf der Nadel eingraviert.<\/p>\n<p>Kompatibilit\u00e4t:<\/p>\n<ul>\n<li>Gr\u00f6ssen 3.50 mm bis 5.00 mm passen zu (S) Small Kabeln, Adaptern und End-Stoppern.<\/li>\n<li>Gr\u00f6ssen 5.50 mm bis 10.00 mm passen zu (L) Large Kabeln, Adaptern und End-Stoppern.<\/li>\n<\/ul>\n<p>Die austauschbaren Bambus-H\u00e4kelnadeln von ChiaoGoo geben dir die Freiheit, dein Werkzeug individuell anzupassen und mit jedem Garn oder jeder Faser geschmeidig und zuverl\u00e4ssig zu h\u00e4keln.<\/p>\n","protected":false},"featured_media":6982,"template":"","meta":[],"product_brand":[],"product_cat":[556,220],"product_tag":[],"class_list":{"0":"post-7010","1":"product","2":"type-product","3":"status-publish","4":"has-post-thumbnail","6":"product_cat-haekelnadeln-fuer-tunesisches-haekeln","7":"product_cat-hakelnadeln-und-zubehor","8":"product_shipping_class-kleinsendungen","9":"pa_t1-manufacturer-chiaogoo-de","10":"description-off","12":"first","13":"instock","14":"taxable","15":"shipping-taxable","16":"purchasable","17":"product-type-variable","18":"wvs-archive-product-wrapper"},"bundled_by":["10447","10850","10850","10850","10850"],"bundle_stock_status":"instock","bundle_stock_quantity":null,"bundle_virtual":false,"bundle_layout":"","bundle_add_to_cart_form_location":"","bundle_editable_in_cart":false,"bundle_sold_individually_context":"","bundle_item_grouping":"","bundle_min_size":"","bundle_max_size":"","bundle_price":[],"bundled_items":[],"bundle_sell_ids":[],"yoast_head":"<!-- This site is optimized with the Yoast SEO plugin v27.4 - https:\/\/yoast.com\/product\/yoast-seo-wordpress\/ -->\n<title>Chiaogoo - Tunisische H\u00e4kelnadel mit austauschbarer Spitze &#171; Swiss Crochet<\/title>\n<meta name=\"description\" content=\"Tunisian crochet hooks by ChiaoGoo in premium bamboo, from 3.50\u201310.00 mm. Interchangeable tips for projects worked flat or in the round.\" \/>\n<meta name=\"robots\" content=\"index, follow, max-snippet:-1, max-image-preview:large, max-video-preview:-1\" \/>\n<link rel=\"canonical\" href=\"https:\/\/www.swisscrochet.ch\/produkt\/chiaogoo-tunisian-crochet-hook-interchangable-tip\/\" \/>\n<meta property=\"og:locale\" content=\"de_DE\" \/>\n<meta property=\"og:type\" content=\"article\" \/>\n<meta property=\"og:title\" content=\"Chiaogoo - Tunisische H\u00e4kelnadel mit austauschbarer Spitze &#171; Swiss Crochet\" \/>\n<meta property=\"og:description\" content=\"Tunisian crochet hooks by ChiaoGoo in premium bamboo, from 3.50\u201310.00 mm. Interchangeable tips for projects worked flat or in the round.\" \/>\n<meta property=\"og:url\" content=\"https:\/\/www.swisscrochet.ch\/produkt\/chiaogoo-tunisian-crochet-hook-interchangable-tip\/\" \/>\n<meta property=\"og:site_name\" content=\"Swiss Crochet\" \/>\n<meta property=\"article:modified_time\" content=\"2025-05-15T15:11:36+00:00\" \/>\n<meta property=\"og:image\" content=\"https:\/\/www.swisscrochet.ch\/wp-content\/uploads\/2025\/05\/Chiaogoo-Tunisian-Crochet-Hook-Interchangable-Tip-Overview.jpg\" \/>\n\t<meta property=\"og:image:width\" content=\"1000\" \/>\n\t<meta property=\"og:image:height\" content=\"1000\" \/>\n\t<meta property=\"og:image:type\" content=\"image\/jpeg\" \/>\n<meta name=\"twitter:card\" content=\"summary_large_image\" \/>\n<meta name=\"twitter:label1\" content=\"Gesch\u00e4tzte Lesezeit\" \/>\n\t<meta name=\"twitter:data1\" content=\"1\u00a0Minute\" \/>\n<script type=\"application\/ld+json\" class=\"yoast-schema-graph\">{\"@context\":\"https:\\\/\\\/schema.org\",\"@graph\":[{\"@type\":[\"WebPage\",\"ItemPage\"],\"@id\":\"https:\\\/\\\/www.swisscrochet.ch\\\/produkt\\\/chiaogoo-tunisian-crochet-hook-interchangable-tip\\\/\",\"url\":\"https:\\\/\\\/www.swisscrochet.ch\\\/produkt\\\/chiaogoo-tunisian-crochet-hook-interchangable-tip\\\/\",\"name\":\"Chiaogoo - Tunisische H\u00e4kelnadel mit austauschbarer Spitze &#171; Swiss Crochet\",\"isPartOf\":{\"@id\":\"https:\\\/\\\/www.swisscrochet.ch\\\/#website\"},\"primaryImageOfPage\":{\"@id\":\"https:\\\/\\\/www.swisscrochet.ch\\\/produkt\\\/chiaogoo-tunisian-crochet-hook-interchangable-tip\\\/#primaryimage\"},\"image\":{\"@id\":\"https:\\\/\\\/www.swisscrochet.ch\\\/produkt\\\/chiaogoo-tunisian-crochet-hook-interchangable-tip\\\/#primaryimage\"},\"thumbnailUrl\":\"https:\\\/\\\/www.swisscrochet.ch\\\/wp-content\\\/uploads\\\/2025\\\/05\\\/Chiaogoo-Tunisian-Crochet-Hook-Interchangable-Tip-Overview.jpg\",\"datePublished\":\"2025-05-15T14:36:40+00:00\",\"dateModified\":\"2025-05-15T15:11:36+00:00\",\"description\":\"Tunisian crochet hooks by ChiaoGoo in premium bamboo, from 3.50\u201310.00 mm. Interchangeable tips for projects worked flat or in the round.\",\"breadcrumb\":{\"@id\":\"https:\\\/\\\/www.swisscrochet.ch\\\/produkt\\\/chiaogoo-tunisian-crochet-hook-interchangable-tip\\\/#breadcrumb\"},\"inLanguage\":\"de\",\"potentialAction\":[{\"@type\":\"ReadAction\",\"target\":[\"https:\\\/\\\/www.swisscrochet.ch\\\/produkt\\\/chiaogoo-tunisian-crochet-hook-interchangable-tip\\\/\"]}]},{\"@type\":\"ImageObject\",\"inLanguage\":\"de\",\"@id\":\"https:\\\/\\\/www.swisscrochet.ch\\\/produkt\\\/chiaogoo-tunisian-crochet-hook-interchangable-tip\\\/#primaryimage\",\"url\":\"https:\\\/\\\/www.swisscrochet.ch\\\/wp-content\\\/uploads\\\/2025\\\/05\\\/Chiaogoo-Tunisian-Crochet-Hook-Interchangable-Tip-Overview.jpg\",\"contentUrl\":\"https:\\\/\\\/www.swisscrochet.ch\\\/wp-content\\\/uploads\\\/2025\\\/05\\\/Chiaogoo-Tunisian-Crochet-Hook-Interchangable-Tip-Overview.jpg\",\"width\":1000,\"height\":1000},{\"@type\":\"BreadcrumbList\",\"@id\":\"https:\\\/\\\/www.swisscrochet.ch\\\/produkt\\\/chiaogoo-tunisian-crochet-hook-interchangable-tip\\\/#breadcrumb\",\"itemListElement\":[{\"@type\":\"ListItem\",\"position\":1,\"name\":\"Home\",\"item\":\"https:\\\/\\\/www.swisscrochet.ch\\\/de\\\/\"},{\"@type\":\"ListItem\",\"position\":2,\"name\":\"Shop\",\"item\":\"https:\\\/\\\/www.swisscrochet.ch\\\/de\\\/shop\\\/\"},{\"@type\":\"ListItem\",\"position\":3,\"name\":\"Chiaogoo &#8211; Tunisische H\u00e4kelnadel mit austauschbarer Spitze\"}]},{\"@type\":\"WebSite\",\"@id\":\"https:\\\/\\\/www.swisscrochet.ch\\\/#website\",\"url\":\"https:\\\/\\\/www.swisscrochet.ch\\\/\",\"name\":\"Swiss Crochet\",\"description\":\"Entfalte dein kreatives Potenzial\",\"potentialAction\":[{\"@type\":\"SearchAction\",\"target\":{\"@type\":\"EntryPoint\",\"urlTemplate\":\"https:\\\/\\\/www.swisscrochet.ch\\\/?s={search_term_string}\"},\"query-input\":{\"@type\":\"PropertyValueSpecification\",\"valueRequired\":true,\"valueName\":\"search_term_string\"}}],\"inLanguage\":\"de\"}]}<\/script>\n<!-- \/ Yoast SEO plugin. -->","yoast_head_json":{"title":"Chiaogoo - Tunisische H\u00e4kelnadel mit austauschbarer Spitze &#171; Swiss Crochet","description":"Tunisian crochet hooks by ChiaoGoo in premium bamboo, from 3.50\u201310.00 mm. Interchangeable tips for projects worked flat or in the round.","robots":{"index":"index","follow":"follow","max-snippet":"max-snippet:-1","max-image-preview":"max-image-preview:large","max-video-preview":"max-video-preview:-1"},"canonical":"https:\/\/www.swisscrochet.ch\/produkt\/chiaogoo-tunisian-crochet-hook-interchangable-tip\/","og_locale":"de_DE","og_type":"article","og_title":"Chiaogoo - Tunisische H\u00e4kelnadel mit austauschbarer Spitze &#171; Swiss Crochet","og_description":"Tunisian crochet hooks by ChiaoGoo in premium bamboo, from 3.50\u201310.00 mm. Interchangeable tips for projects worked flat or in the round.","og_url":"https:\/\/www.swisscrochet.ch\/produkt\/chiaogoo-tunisian-crochet-hook-interchangable-tip\/","og_site_name":"Swiss Crochet","article_modified_time":"2025-05-15T15:11:36+00:00","og_image":[{"width":1000,"height":1000,"url":"https:\/\/www.swisscrochet.ch\/wp-content\/uploads\/2025\/05\/Chiaogoo-Tunisian-Crochet-Hook-Interchangable-Tip-Overview.jpg","type":"image\/jpeg"}],"twitter_card":"summary_large_image","twitter_misc":{"Gesch\u00e4tzte Lesezeit":"1\u00a0Minute"},"schema":{"@context":"https:\/\/schema.org","@graph":[{"@type":["WebPage","ItemPage"],"@id":"https:\/\/www.swisscrochet.ch\/produkt\/chiaogoo-tunisian-crochet-hook-interchangable-tip\/","url":"https:\/\/www.swisscrochet.ch\/produkt\/chiaogoo-tunisian-crochet-hook-interchangable-tip\/","name":"Chiaogoo - Tunisische H\u00e4kelnadel mit austauschbarer Spitze &#171; Swiss Crochet","isPartOf":{"@id":"https:\/\/www.swisscrochet.ch\/#website"},"primaryImageOfPage":{"@id":"https:\/\/www.swisscrochet.ch\/produkt\/chiaogoo-tunisian-crochet-hook-interchangable-tip\/#primaryimage"},"image":{"@id":"https:\/\/www.swisscrochet.ch\/produkt\/chiaogoo-tunisian-crochet-hook-interchangable-tip\/#primaryimage"},"thumbnailUrl":"https:\/\/www.swisscrochet.ch\/wp-content\/uploads\/2025\/05\/Chiaogoo-Tunisian-Crochet-Hook-Interchangable-Tip-Overview.jpg","datePublished":"2025-05-15T14:36:40+00:00","dateModified":"2025-05-15T15:11:36+00:00","description":"Tunisian crochet hooks by ChiaoGoo in premium bamboo, from 3.50\u201310.00 mm. Interchangeable tips for projects worked flat or in the round.","breadcrumb":{"@id":"https:\/\/www.swisscrochet.ch\/produkt\/chiaogoo-tunisian-crochet-hook-interchangable-tip\/#breadcrumb"},"inLanguage":"de","potentialAction":[{"@type":"ReadAction","target":["https:\/\/www.swisscrochet.ch\/produkt\/chiaogoo-tunisian-crochet-hook-interchangable-tip\/"]}]},{"@type":"ImageObject","inLanguage":"de","@id":"https:\/\/www.swisscrochet.ch\/produkt\/chiaogoo-tunisian-crochet-hook-interchangable-tip\/#primaryimage","url":"https:\/\/www.swisscrochet.ch\/wp-content\/uploads\/2025\/05\/Chiaogoo-Tunisian-Crochet-Hook-Interchangable-Tip-Overview.jpg","contentUrl":"https:\/\/www.swisscrochet.ch\/wp-content\/uploads\/2025\/05\/Chiaogoo-Tunisian-Crochet-Hook-Interchangable-Tip-Overview.jpg","width":1000,"height":1000},{"@type":"BreadcrumbList","@id":"https:\/\/www.swisscrochet.ch\/produkt\/chiaogoo-tunisian-crochet-hook-interchangable-tip\/#breadcrumb","itemListElement":[{"@type":"ListItem","position":1,"name":"Home","item":"https:\/\/www.swisscrochet.ch\/de\/"},{"@type":"ListItem","position":2,"name":"Shop","item":"https:\/\/www.swisscrochet.ch\/de\/shop\/"},{"@type":"ListItem","position":3,"name":"Chiaogoo &#8211; Tunisische H\u00e4kelnadel mit austauschbarer Spitze"}]},{"@type":"WebSite","@id":"https:\/\/www.swisscrochet.ch\/#website","url":"https:\/\/www.swisscrochet.ch\/","name":"Swiss Crochet","description":"Entfalte dein kreatives Potenzial","potentialAction":[{"@type":"SearchAction","target":{"@type":"EntryPoint","urlTemplate":"https:\/\/www.swisscrochet.ch\/?s={search_term_string}"},"query-input":{"@type":"PropertyValueSpecification","valueRequired":true,"valueName":"search_term_string"}}],"inLanguage":"de"}]}},"_links":{"self":[{"href":"https:\/\/www.swisscrochet.ch\/de\/wp-json\/wp\/v2\/product\/7010","targetHints":{"allow":["GET"]}}],"collection":[{"href":"https:\/\/www.swisscrochet.ch\/de\/wp-json\/wp\/v2\/product"}],"about":[{"href":"https:\/\/www.swisscrochet.ch\/de\/wp-json\/wp\/v2\/types\/product"}],"wp:featuredmedia":[{"embeddable":true,"href":"https:\/\/www.swisscrochet.ch\/de\/wp-json\/wp\/v2\/media\/6982"}],"wp:attachment":[{"href":"https:\/\/www.swisscrochet.ch\/de\/wp-json\/wp\/v2\/media?parent=7010"}],"wp:term":[{"taxonomy":"product_brand","embeddable":true,"href":"https:\/\/www.swisscrochet.ch\/de\/wp-json\/wp\/v2\/product_brand?post=7010"},{"taxonomy":"product_cat","embeddable":true,"href":"https:\/\/www.swisscrochet.ch\/de\/wp-json\/wp\/v2\/product_cat?post=7010"},{"taxonomy":"product_tag","embeddable":true,"href":"https:\/\/www.swisscrochet.ch\/de\/wp-json\/wp\/v2\/product_tag?post=7010"}],"curies":[{"name":"wp","href":"https:\/\/api.w.org\/{rel}","templated":true}]}}