{"id":7263,"date":"2025-05-16T14:56:02","date_gmt":"2025-05-16T12:56:02","guid":{"rendered":"https:\/\/www.swisscrochet.ch\/product\/gutermann-elastic-thread-spool\/"},"modified":"2025-05-16T15:08:53","modified_gmt":"2025-05-16T13:08:53","slug":"guetermann-elastikfaden-auf-spule","status":"publish","type":"product","link":"https:\/\/www.swisscrochet.ch\/de\/produkt\/guetermann-elastikfaden-auf-spule\/","title":{"rendered":"G\u00fctermann &#8211; Elastikfaden auf Spule"},"content":{"rendered":"","protected":false},"excerpt":{"rendered":"<p>Der G\u00fctermann Elastikfaden ist eine vielseitige Erg\u00e4nzung f\u00fcr dein H\u00e4kel-Zubeh\u00f6rset. W\u00e4hrend er traditionell im N\u00e4hen f\u00fcr Techniken wie Raffen, Smok- und Kr\u00e4useleffekte verwendet wird, ist er auch im H\u00e4keln ein wertvolles Hilfsmittel, um Dehnbarkeit, Formbest\u00e4ndigkeit und besseren Griff zu deinen Projekten hinzuzuf\u00fcgen.<\/p>\n<p>Im H\u00e4keln kann dieser feine Elastikfaden auf verschiedene kreative Weisen genutzt werden:<\/p>\n<ul>\n<li><em>Zwischen den Maschen eingeflochten<\/em> f\u00fcr dezente Formgebung oder Verst\u00e4rkung<\/li>\n<li><em>Zusammen mit dem Hauptgarn gehalten<\/em> und ganz normal geh\u00e4kelt, um dem Stoff Elastizit\u00e4t zu verleihen<\/li>\n<li><em>Auf die Stoffoberfl\u00e4che geh\u00e4kelt<\/em> in einer nachtr\u00e4glichen Runde, perfekt f\u00fcr gezielte Bereiche<\/li>\n<\/ul>\n<p>Elastikfaden ist besonders n\u00fctzlich an den Kanten von Ausschnitten, B\u00fcndchen, \u00c4rmeln und an den oberen R\u00e4ndern von Socken \u2013 \u00fcberall dort, wo dein H\u00e4kelst\u00fcck sanft anliegen und seine Form behalten soll.<\/p>\n<p>Jede Spule enth\u00e4lt 10 Meter hochwertigen Elastikfaden aus einer Mischung von 64 % Polyester und 36 % Polyurethan. Waschbar bis 60 \u00b0C und in 10 Basisfarben erh\u00e4ltlich, die sich perfekt an dein Projekt anpassen oder es erg\u00e4nzen.<\/p>\n","protected":false},"featured_media":7115,"template":"","meta":[],"product_brand":[],"product_cat":[559,220],"product_tag":[],"class_list":{"0":"post-7263","1":"product","2":"type-product","3":"status-publish","4":"has-post-thumbnail","6":"product_cat-anderes-zubehoer","7":"product_cat-hakelnadeln-und-zubehor","8":"product_shipping_class-kleinsendungen","9":"pa_t1-manufacturer-gutermann-de","10":"description-off","12":"first","13":"instock","14":"taxable","15":"shipping-taxable","16":"purchasable","17":"product-type-variable","18":"wvs-archive-product-wrapper"},"bundled_by":["29141","29150","29169","29815","29818"],"bundle_stock_status":"instock","bundle_stock_quantity":null,"bundle_virtual":false,"bundle_layout":"","bundle_add_to_cart_form_location":"","bundle_editable_in_cart":false,"bundle_sold_individually_context":"","bundle_item_grouping":"","bundle_min_size":"","bundle_max_size":"","bundle_price":[],"bundled_items":[],"bundle_sell_ids":[],"yoast_head":"<!-- This site is optimized with the Yoast SEO plugin v27.5 - https:\/\/yoast.com\/product\/yoast-seo-wordpress\/ -->\n<title>G\u00fctermann - Elastikfaden auf Spule &#171; Swiss Crochet<\/title>\n<meta name=\"description\" content=\"Verleihe deinen H\u00e4kelprojekten Dehnbarkeit und Form mit dem Elastikfaden von G\u00fctermann. Ideal f\u00fcr Ausschnitte, B\u00fcndchen und Socken. Waschbar, 10-m-Spulen, erh\u00e4ltlich in 10 Basisfarben.\" \/>\n<meta name=\"robots\" content=\"index, follow, max-snippet:-1, max-image-preview:large, max-video-preview:-1\" \/>\n<link rel=\"canonical\" href=\"https:\/\/www.swisscrochet.ch\/produkt\/gutermann-elastic-thread-spool\/\" \/>\n<meta property=\"og:locale\" content=\"de_DE\" \/>\n<meta property=\"og:type\" content=\"article\" \/>\n<meta property=\"og:title\" content=\"G\u00fctermann - Elastikfaden auf Spule &#171; Swiss Crochet\" \/>\n<meta property=\"og:description\" content=\"Verleihe deinen H\u00e4kelprojekten Dehnbarkeit und Form mit dem Elastikfaden von G\u00fctermann. Ideal f\u00fcr Ausschnitte, B\u00fcndchen und Socken. Waschbar, 10-m-Spulen, erh\u00e4ltlich in 10 Basisfarben.\" \/>\n<meta property=\"og:url\" content=\"https:\/\/www.swisscrochet.ch\/produkt\/gutermann-elastic-thread-spool\/\" \/>\n<meta property=\"og:site_name\" content=\"Swiss Crochet\" \/>\n<meta property=\"article:modified_time\" content=\"2025-05-16T13:08:53+00:00\" \/>\n<meta property=\"og:image\" content=\"https:\/\/www.swisscrochet.ch\/wp-content\/uploads\/2025\/05\/Gutermann-Elastic-Thread-Spool-Overview.jpg\" \/>\n\t<meta property=\"og:image:width\" content=\"1000\" \/>\n\t<meta property=\"og:image:height\" content=\"1000\" \/>\n\t<meta property=\"og:image:type\" content=\"image\/jpeg\" \/>\n<meta name=\"twitter:card\" content=\"summary_large_image\" \/>\n<meta name=\"twitter:label1\" content=\"Gesch\u00e4tzte Lesezeit\" \/>\n\t<meta name=\"twitter:data1\" content=\"1\u00a0Minute\" \/>\n<script type=\"application\/ld+json\" class=\"yoast-schema-graph\">{\"@context\":\"https:\\\/\\\/schema.org\",\"@graph\":[{\"@type\":[\"WebPage\",\"ItemPage\"],\"@id\":\"https:\\\/\\\/www.swisscrochet.ch\\\/produkt\\\/gutermann-elastic-thread-spool\\\/\",\"url\":\"https:\\\/\\\/www.swisscrochet.ch\\\/produkt\\\/gutermann-elastic-thread-spool\\\/\",\"name\":\"G\u00fctermann - Elastikfaden auf Spule &#171; Swiss Crochet\",\"isPartOf\":{\"@id\":\"https:\\\/\\\/www.swisscrochet.ch\\\/#website\"},\"primaryImageOfPage\":{\"@id\":\"https:\\\/\\\/www.swisscrochet.ch\\\/produkt\\\/gutermann-elastic-thread-spool\\\/#primaryimage\"},\"image\":{\"@id\":\"https:\\\/\\\/www.swisscrochet.ch\\\/produkt\\\/gutermann-elastic-thread-spool\\\/#primaryimage\"},\"thumbnailUrl\":\"https:\\\/\\\/www.swisscrochet.ch\\\/wp-content\\\/uploads\\\/2025\\\/05\\\/Gutermann-Elastic-Thread-Spool-Overview.jpg\",\"datePublished\":\"2025-05-16T12:56:02+00:00\",\"dateModified\":\"2025-05-16T13:08:53+00:00\",\"description\":\"Verleihe deinen H\u00e4kelprojekten Dehnbarkeit und Form mit dem Elastikfaden von G\u00fctermann. Ideal f\u00fcr Ausschnitte, B\u00fcndchen und Socken. Waschbar, 10-m-Spulen, erh\u00e4ltlich in 10 Basisfarben.\",\"breadcrumb\":{\"@id\":\"https:\\\/\\\/www.swisscrochet.ch\\\/produkt\\\/gutermann-elastic-thread-spool\\\/#breadcrumb\"},\"inLanguage\":\"de\",\"potentialAction\":[{\"@type\":\"ReadAction\",\"target\":[\"https:\\\/\\\/www.swisscrochet.ch\\\/produkt\\\/gutermann-elastic-thread-spool\\\/\"]}]},{\"@type\":\"ImageObject\",\"inLanguage\":\"de\",\"@id\":\"https:\\\/\\\/www.swisscrochet.ch\\\/produkt\\\/gutermann-elastic-thread-spool\\\/#primaryimage\",\"url\":\"https:\\\/\\\/www.swisscrochet.ch\\\/wp-content\\\/uploads\\\/2025\\\/05\\\/Gutermann-Elastic-Thread-Spool-Overview.jpg\",\"contentUrl\":\"https:\\\/\\\/www.swisscrochet.ch\\\/wp-content\\\/uploads\\\/2025\\\/05\\\/Gutermann-Elastic-Thread-Spool-Overview.jpg\",\"width\":1000,\"height\":1000},{\"@type\":\"BreadcrumbList\",\"@id\":\"https:\\\/\\\/www.swisscrochet.ch\\\/produkt\\\/gutermann-elastic-thread-spool\\\/#breadcrumb\",\"itemListElement\":[{\"@type\":\"ListItem\",\"position\":1,\"name\":\"Home\",\"item\":\"https:\\\/\\\/www.swisscrochet.ch\\\/de\\\/\"},{\"@type\":\"ListItem\",\"position\":2,\"name\":\"Shop\",\"item\":\"https:\\\/\\\/www.swisscrochet.ch\\\/de\\\/shop\\\/\"},{\"@type\":\"ListItem\",\"position\":3,\"name\":\"G\u00fctermann &#8211; Elastikfaden auf Spule\"}]},{\"@type\":\"WebSite\",\"@id\":\"https:\\\/\\\/www.swisscrochet.ch\\\/#website\",\"url\":\"https:\\\/\\\/www.swisscrochet.ch\\\/\",\"name\":\"Swiss Crochet\",\"description\":\"Entfalte dein kreatives Potenzial\",\"potentialAction\":[{\"@type\":\"SearchAction\",\"target\":{\"@type\":\"EntryPoint\",\"urlTemplate\":\"https:\\\/\\\/www.swisscrochet.ch\\\/?s={search_term_string}\"},\"query-input\":{\"@type\":\"PropertyValueSpecification\",\"valueRequired\":true,\"valueName\":\"search_term_string\"}}],\"inLanguage\":\"de\"}]}<\/script>\n<!-- \/ Yoast SEO plugin. -->","yoast_head_json":{"title":"G\u00fctermann - Elastikfaden auf Spule &#171; Swiss Crochet","description":"Verleihe deinen H\u00e4kelprojekten Dehnbarkeit und Form mit dem Elastikfaden von G\u00fctermann. Ideal f\u00fcr Ausschnitte, B\u00fcndchen und Socken. Waschbar, 10-m-Spulen, erh\u00e4ltlich in 10 Basisfarben.","robots":{"index":"index","follow":"follow","max-snippet":"max-snippet:-1","max-image-preview":"max-image-preview:large","max-video-preview":"max-video-preview:-1"},"canonical":"https:\/\/www.swisscrochet.ch\/produkt\/gutermann-elastic-thread-spool\/","og_locale":"de_DE","og_type":"article","og_title":"G\u00fctermann - Elastikfaden auf Spule &#171; Swiss Crochet","og_description":"Verleihe deinen H\u00e4kelprojekten Dehnbarkeit und Form mit dem Elastikfaden von G\u00fctermann. Ideal f\u00fcr Ausschnitte, B\u00fcndchen und Socken. Waschbar, 10-m-Spulen, erh\u00e4ltlich in 10 Basisfarben.","og_url":"https:\/\/www.swisscrochet.ch\/produkt\/gutermann-elastic-thread-spool\/","og_site_name":"Swiss Crochet","article_modified_time":"2025-05-16T13:08:53+00:00","og_image":[{"width":1000,"height":1000,"url":"https:\/\/www.swisscrochet.ch\/wp-content\/uploads\/2025\/05\/Gutermann-Elastic-Thread-Spool-Overview.jpg","type":"image\/jpeg"}],"twitter_card":"summary_large_image","twitter_misc":{"Gesch\u00e4tzte Lesezeit":"1\u00a0Minute"},"schema":{"@context":"https:\/\/schema.org","@graph":[{"@type":["WebPage","ItemPage"],"@id":"https:\/\/www.swisscrochet.ch\/produkt\/gutermann-elastic-thread-spool\/","url":"https:\/\/www.swisscrochet.ch\/produkt\/gutermann-elastic-thread-spool\/","name":"G\u00fctermann - Elastikfaden auf Spule &#171; Swiss Crochet","isPartOf":{"@id":"https:\/\/www.swisscrochet.ch\/#website"},"primaryImageOfPage":{"@id":"https:\/\/www.swisscrochet.ch\/produkt\/gutermann-elastic-thread-spool\/#primaryimage"},"image":{"@id":"https:\/\/www.swisscrochet.ch\/produkt\/gutermann-elastic-thread-spool\/#primaryimage"},"thumbnailUrl":"https:\/\/www.swisscrochet.ch\/wp-content\/uploads\/2025\/05\/Gutermann-Elastic-Thread-Spool-Overview.jpg","datePublished":"2025-05-16T12:56:02+00:00","dateModified":"2025-05-16T13:08:53+00:00","description":"Verleihe deinen H\u00e4kelprojekten Dehnbarkeit und Form mit dem Elastikfaden von G\u00fctermann. Ideal f\u00fcr Ausschnitte, B\u00fcndchen und Socken. Waschbar, 10-m-Spulen, erh\u00e4ltlich in 10 Basisfarben.","breadcrumb":{"@id":"https:\/\/www.swisscrochet.ch\/produkt\/gutermann-elastic-thread-spool\/#breadcrumb"},"inLanguage":"de","potentialAction":[{"@type":"ReadAction","target":["https:\/\/www.swisscrochet.ch\/produkt\/gutermann-elastic-thread-spool\/"]}]},{"@type":"ImageObject","inLanguage":"de","@id":"https:\/\/www.swisscrochet.ch\/produkt\/gutermann-elastic-thread-spool\/#primaryimage","url":"https:\/\/www.swisscrochet.ch\/wp-content\/uploads\/2025\/05\/Gutermann-Elastic-Thread-Spool-Overview.jpg","contentUrl":"https:\/\/www.swisscrochet.ch\/wp-content\/uploads\/2025\/05\/Gutermann-Elastic-Thread-Spool-Overview.jpg","width":1000,"height":1000},{"@type":"BreadcrumbList","@id":"https:\/\/www.swisscrochet.ch\/produkt\/gutermann-elastic-thread-spool\/#breadcrumb","itemListElement":[{"@type":"ListItem","position":1,"name":"Home","item":"https:\/\/www.swisscrochet.ch\/de\/"},{"@type":"ListItem","position":2,"name":"Shop","item":"https:\/\/www.swisscrochet.ch\/de\/shop\/"},{"@type":"ListItem","position":3,"name":"G\u00fctermann &#8211; Elastikfaden auf Spule"}]},{"@type":"WebSite","@id":"https:\/\/www.swisscrochet.ch\/#website","url":"https:\/\/www.swisscrochet.ch\/","name":"Swiss Crochet","description":"Entfalte dein kreatives Potenzial","potentialAction":[{"@type":"SearchAction","target":{"@type":"EntryPoint","urlTemplate":"https:\/\/www.swisscrochet.ch\/?s={search_term_string}"},"query-input":{"@type":"PropertyValueSpecification","valueRequired":true,"valueName":"search_term_string"}}],"inLanguage":"de"}]}},"_links":{"self":[{"href":"https:\/\/www.swisscrochet.ch\/de\/wp-json\/wp\/v2\/product\/7263","targetHints":{"allow":["GET"]}}],"collection":[{"href":"https:\/\/www.swisscrochet.ch\/de\/wp-json\/wp\/v2\/product"}],"about":[{"href":"https:\/\/www.swisscrochet.ch\/de\/wp-json\/wp\/v2\/types\/product"}],"wp:featuredmedia":[{"embeddable":true,"href":"https:\/\/www.swisscrochet.ch\/de\/wp-json\/wp\/v2\/media\/7115"}],"wp:attachment":[{"href":"https:\/\/www.swisscrochet.ch\/de\/wp-json\/wp\/v2\/media?parent=7263"}],"wp:term":[{"taxonomy":"product_brand","embeddable":true,"href":"https:\/\/www.swisscrochet.ch\/de\/wp-json\/wp\/v2\/product_brand?post=7263"},{"taxonomy":"product_cat","embeddable":true,"href":"https:\/\/www.swisscrochet.ch\/de\/wp-json\/wp\/v2\/product_cat?post=7263"},{"taxonomy":"product_tag","embeddable":true,"href":"https:\/\/www.swisscrochet.ch\/de\/wp-json\/wp\/v2\/product_tag?post=7263"}],"curies":[{"name":"wp","href":"https:\/\/api.w.org\/{rel}","templated":true}]}}