{"id":7297,"date":"2025-05-16T15:33:17","date_gmt":"2025-05-16T13:33:17","guid":{"rendered":"https:\/\/www.swisscrochet.ch\/product\/hoooked-recycled-cotton-filling\/"},"modified":"2026-02-14T20:23:35","modified_gmt":"2026-02-14T19:23:35","slug":"hoooked-fuellwatte-aus-recycelter-baumwolle","status":"publish","type":"product","link":"https:\/\/www.swisscrochet.ch\/de\/produkt\/hoooked-fuellwatte-aus-recycelter-baumwolle\/","title":{"rendered":"Hoooked &#8211; F\u00fcllwatte aus recycelter Baumwolle"},"content":{"rendered":"","protected":false},"excerpt":{"rendered":"<p>Die F\u00fcllwatte aus recycelter Baumwolle ist die perfekte umweltfreundliche F\u00fcllung f\u00fcr deine geh\u00e4kelten Amigurumi, Spielzeuge und weichen Projekte. Hergestellt aus 100 % recyceltem Textilabfall vor der Verarbeitung, ist diese leichte und dennoch sehr volumin\u00f6se Baumwollf\u00fcllung besonders weich, ohne deine Kreationen zu beschweren.<\/p>\n<p>Maschinenwaschbar bei niedrigen Temperaturen f\u00fcr einfache Pflege, ist jede 100-Gramm-T\u00fcte in verschiedenen hellen und dunklen Farben erh\u00e4ltlich.<\/p>\n<p>Nachhaltig in Portugal produziert, bietet die F\u00fcllwatte aus recycelter Baumwolle eine umweltbewusste Wahl f\u00fcr flauschige, langlebige H\u00e4kel-F\u00fcllungen.<\/p>\n","protected":false},"featured_media":7071,"template":"","meta":[],"product_brand":[],"product_cat":[559,220],"product_tag":[],"class_list":{"0":"post-7297","1":"product","2":"type-product","3":"status-publish","4":"has-post-thumbnail","6":"product_cat-anderes-zubehoer","7":"product_cat-hakelnadeln-und-zubehor","8":"description-off","10":"first","11":"instock","12":"taxable","13":"shipping-taxable","14":"purchasable","15":"product-type-variable","16":"wvs-archive-product-wrapper"},"bundled_by":["17694","17701","17707","17714","29133","29141","29150","29169"],"bundle_stock_status":"instock","bundle_stock_quantity":null,"bundle_virtual":false,"bundle_layout":"","bundle_add_to_cart_form_location":"","bundle_editable_in_cart":false,"bundle_sold_individually_context":"","bundle_item_grouping":"","bundle_min_size":"","bundle_max_size":"","bundle_price":[],"bundled_items":[],"bundle_sell_ids":[],"yoast_head":"<!-- This site is optimized with the Yoast SEO plugin v27.5 - https:\/\/yoast.com\/product\/yoast-seo-wordpress\/ -->\n<title>Hoooked - F\u00fcllwatte aus recycelter Baumwolle &#171; Swiss Crochet<\/title>\n<meta name=\"description\" content=\"Die umweltfreundliche Hoooked F\u00fcllwatte aus recycelter Baumwolle ist leicht, volumin\u00f6s und maschinenwaschbar. Perfekt f\u00fcr geh\u00e4kelte Kuschelprojekte, hergestellt aus 100 % recycelten Baumwollabf\u00e4llen.\" \/>\n<meta name=\"robots\" content=\"index, follow, max-snippet:-1, max-image-preview:large, max-video-preview:-1\" \/>\n<link rel=\"canonical\" href=\"https:\/\/www.swisscrochet.ch\/de\/produkt\/hoooked-fuellwatte-aus-recycelter-baumwolle\/\" \/>\n<meta property=\"og:locale\" content=\"de_DE\" \/>\n<meta property=\"og:type\" content=\"article\" \/>\n<meta property=\"og:title\" content=\"Hoooked - F\u00fcllwatte aus recycelter Baumwolle &#171; Swiss Crochet\" \/>\n<meta property=\"og:description\" content=\"Die umweltfreundliche Hoooked F\u00fcllwatte aus recycelter Baumwolle ist leicht, volumin\u00f6s und maschinenwaschbar. Perfekt f\u00fcr geh\u00e4kelte Kuschelprojekte, hergestellt aus 100 % recycelten Baumwollabf\u00e4llen.\" \/>\n<meta property=\"og:url\" content=\"https:\/\/www.swisscrochet.ch\/de\/produkt\/hoooked-fuellwatte-aus-recycelter-baumwolle\/\" \/>\n<meta property=\"og:site_name\" content=\"Swiss Crochet\" \/>\n<meta property=\"article:modified_time\" content=\"2026-02-14T19:23:35+00:00\" \/>\n<meta property=\"og:image\" content=\"https:\/\/www.swisscrochet.ch\/wp-content\/uploads\/2025\/05\/Hoooked-Recycled-Cotton-Filling-White.jpg\" \/>\n\t<meta property=\"og:image:width\" content=\"1000\" \/>\n\t<meta property=\"og:image:height\" content=\"1000\" \/>\n\t<meta property=\"og:image:type\" content=\"image\/jpeg\" \/>\n<meta name=\"twitter:card\" content=\"summary_large_image\" \/>\n<meta name=\"twitter:label1\" content=\"Gesch\u00e4tzte Lesezeit\" \/>\n\t<meta name=\"twitter:data1\" content=\"1\u00a0Minute\" \/>\n<script type=\"application\/ld+json\" class=\"yoast-schema-graph\">{\"@context\":\"https:\\\/\\\/schema.org\",\"@graph\":[{\"@type\":[\"WebPage\",\"ItemPage\"],\"@id\":\"https:\\\/\\\/www.swisscrochet.ch\\\/de\\\/produkt\\\/hoooked-fuellwatte-aus-recycelter-baumwolle\\\/\",\"url\":\"https:\\\/\\\/www.swisscrochet.ch\\\/de\\\/produkt\\\/hoooked-fuellwatte-aus-recycelter-baumwolle\\\/\",\"name\":\"Hoooked - F\u00fcllwatte aus recycelter Baumwolle &#171; Swiss Crochet\",\"isPartOf\":{\"@id\":\"https:\\\/\\\/www.swisscrochet.ch\\\/#website\"},\"primaryImageOfPage\":{\"@id\":\"https:\\\/\\\/www.swisscrochet.ch\\\/de\\\/produkt\\\/hoooked-fuellwatte-aus-recycelter-baumwolle\\\/#primaryimage\"},\"image\":{\"@id\":\"https:\\\/\\\/www.swisscrochet.ch\\\/de\\\/produkt\\\/hoooked-fuellwatte-aus-recycelter-baumwolle\\\/#primaryimage\"},\"thumbnailUrl\":\"https:\\\/\\\/www.swisscrochet.ch\\\/wp-content\\\/uploads\\\/2025\\\/05\\\/Hoooked-Recycled-Cotton-Filling-White.jpg\",\"datePublished\":\"2025-05-16T13:33:17+00:00\",\"dateModified\":\"2026-02-14T19:23:35+00:00\",\"description\":\"Die umweltfreundliche Hoooked F\u00fcllwatte aus recycelter Baumwolle ist leicht, volumin\u00f6s und maschinenwaschbar. Perfekt f\u00fcr geh\u00e4kelte Kuschelprojekte, hergestellt aus 100 % recycelten Baumwollabf\u00e4llen.\",\"breadcrumb\":{\"@id\":\"https:\\\/\\\/www.swisscrochet.ch\\\/de\\\/produkt\\\/hoooked-fuellwatte-aus-recycelter-baumwolle\\\/#breadcrumb\"},\"inLanguage\":\"de\",\"potentialAction\":[{\"@type\":\"ReadAction\",\"target\":[\"https:\\\/\\\/www.swisscrochet.ch\\\/de\\\/produkt\\\/hoooked-fuellwatte-aus-recycelter-baumwolle\\\/\"]}]},{\"@type\":\"ImageObject\",\"inLanguage\":\"de\",\"@id\":\"https:\\\/\\\/www.swisscrochet.ch\\\/de\\\/produkt\\\/hoooked-fuellwatte-aus-recycelter-baumwolle\\\/#primaryimage\",\"url\":\"https:\\\/\\\/www.swisscrochet.ch\\\/wp-content\\\/uploads\\\/2025\\\/05\\\/Hoooked-Recycled-Cotton-Filling-White.jpg\",\"contentUrl\":\"https:\\\/\\\/www.swisscrochet.ch\\\/wp-content\\\/uploads\\\/2025\\\/05\\\/Hoooked-Recycled-Cotton-Filling-White.jpg\",\"width\":1000,\"height\":1000},{\"@type\":\"BreadcrumbList\",\"@id\":\"https:\\\/\\\/www.swisscrochet.ch\\\/de\\\/produkt\\\/hoooked-fuellwatte-aus-recycelter-baumwolle\\\/#breadcrumb\",\"itemListElement\":[{\"@type\":\"ListItem\",\"position\":1,\"name\":\"Home\",\"item\":\"https:\\\/\\\/www.swisscrochet.ch\\\/de\\\/\"},{\"@type\":\"ListItem\",\"position\":2,\"name\":\"Shop\",\"item\":\"https:\\\/\\\/www.swisscrochet.ch\\\/de\\\/shop\\\/\"},{\"@type\":\"ListItem\",\"position\":3,\"name\":\"Hoooked &#8211; F\u00fcllwatte aus recycelter Baumwolle\"}]},{\"@type\":\"WebSite\",\"@id\":\"https:\\\/\\\/www.swisscrochet.ch\\\/#website\",\"url\":\"https:\\\/\\\/www.swisscrochet.ch\\\/\",\"name\":\"Swiss Crochet\",\"description\":\"Entfalte dein kreatives Potenzial\",\"potentialAction\":[{\"@type\":\"SearchAction\",\"target\":{\"@type\":\"EntryPoint\",\"urlTemplate\":\"https:\\\/\\\/www.swisscrochet.ch\\\/?s={search_term_string}\"},\"query-input\":{\"@type\":\"PropertyValueSpecification\",\"valueRequired\":true,\"valueName\":\"search_term_string\"}}],\"inLanguage\":\"de\"}]}<\/script>\n<!-- \/ Yoast SEO plugin. -->","yoast_head_json":{"title":"Hoooked - F\u00fcllwatte aus recycelter Baumwolle &#171; Swiss Crochet","description":"Die umweltfreundliche Hoooked F\u00fcllwatte aus recycelter Baumwolle ist leicht, volumin\u00f6s und maschinenwaschbar. Perfekt f\u00fcr geh\u00e4kelte Kuschelprojekte, hergestellt aus 100 % recycelten Baumwollabf\u00e4llen.","robots":{"index":"index","follow":"follow","max-snippet":"max-snippet:-1","max-image-preview":"max-image-preview:large","max-video-preview":"max-video-preview:-1"},"canonical":"https:\/\/www.swisscrochet.ch\/de\/produkt\/hoooked-fuellwatte-aus-recycelter-baumwolle\/","og_locale":"de_DE","og_type":"article","og_title":"Hoooked - F\u00fcllwatte aus recycelter Baumwolle &#171; Swiss Crochet","og_description":"Die umweltfreundliche Hoooked F\u00fcllwatte aus recycelter Baumwolle ist leicht, volumin\u00f6s und maschinenwaschbar. Perfekt f\u00fcr geh\u00e4kelte Kuschelprojekte, hergestellt aus 100 % recycelten Baumwollabf\u00e4llen.","og_url":"https:\/\/www.swisscrochet.ch\/de\/produkt\/hoooked-fuellwatte-aus-recycelter-baumwolle\/","og_site_name":"Swiss Crochet","article_modified_time":"2026-02-14T19:23:35+00:00","og_image":[{"width":1000,"height":1000,"url":"https:\/\/www.swisscrochet.ch\/wp-content\/uploads\/2025\/05\/Hoooked-Recycled-Cotton-Filling-White.jpg","type":"image\/jpeg"}],"twitter_card":"summary_large_image","twitter_misc":{"Gesch\u00e4tzte Lesezeit":"1\u00a0Minute"},"schema":{"@context":"https:\/\/schema.org","@graph":[{"@type":["WebPage","ItemPage"],"@id":"https:\/\/www.swisscrochet.ch\/de\/produkt\/hoooked-fuellwatte-aus-recycelter-baumwolle\/","url":"https:\/\/www.swisscrochet.ch\/de\/produkt\/hoooked-fuellwatte-aus-recycelter-baumwolle\/","name":"Hoooked - F\u00fcllwatte aus recycelter Baumwolle &#171; Swiss Crochet","isPartOf":{"@id":"https:\/\/www.swisscrochet.ch\/#website"},"primaryImageOfPage":{"@id":"https:\/\/www.swisscrochet.ch\/de\/produkt\/hoooked-fuellwatte-aus-recycelter-baumwolle\/#primaryimage"},"image":{"@id":"https:\/\/www.swisscrochet.ch\/de\/produkt\/hoooked-fuellwatte-aus-recycelter-baumwolle\/#primaryimage"},"thumbnailUrl":"https:\/\/www.swisscrochet.ch\/wp-content\/uploads\/2025\/05\/Hoooked-Recycled-Cotton-Filling-White.jpg","datePublished":"2025-05-16T13:33:17+00:00","dateModified":"2026-02-14T19:23:35+00:00","description":"Die umweltfreundliche Hoooked F\u00fcllwatte aus recycelter Baumwolle ist leicht, volumin\u00f6s und maschinenwaschbar. Perfekt f\u00fcr geh\u00e4kelte Kuschelprojekte, hergestellt aus 100 % recycelten Baumwollabf\u00e4llen.","breadcrumb":{"@id":"https:\/\/www.swisscrochet.ch\/de\/produkt\/hoooked-fuellwatte-aus-recycelter-baumwolle\/#breadcrumb"},"inLanguage":"de","potentialAction":[{"@type":"ReadAction","target":["https:\/\/www.swisscrochet.ch\/de\/produkt\/hoooked-fuellwatte-aus-recycelter-baumwolle\/"]}]},{"@type":"ImageObject","inLanguage":"de","@id":"https:\/\/www.swisscrochet.ch\/de\/produkt\/hoooked-fuellwatte-aus-recycelter-baumwolle\/#primaryimage","url":"https:\/\/www.swisscrochet.ch\/wp-content\/uploads\/2025\/05\/Hoooked-Recycled-Cotton-Filling-White.jpg","contentUrl":"https:\/\/www.swisscrochet.ch\/wp-content\/uploads\/2025\/05\/Hoooked-Recycled-Cotton-Filling-White.jpg","width":1000,"height":1000},{"@type":"BreadcrumbList","@id":"https:\/\/www.swisscrochet.ch\/de\/produkt\/hoooked-fuellwatte-aus-recycelter-baumwolle\/#breadcrumb","itemListElement":[{"@type":"ListItem","position":1,"name":"Home","item":"https:\/\/www.swisscrochet.ch\/de\/"},{"@type":"ListItem","position":2,"name":"Shop","item":"https:\/\/www.swisscrochet.ch\/de\/shop\/"},{"@type":"ListItem","position":3,"name":"Hoooked &#8211; F\u00fcllwatte aus recycelter Baumwolle"}]},{"@type":"WebSite","@id":"https:\/\/www.swisscrochet.ch\/#website","url":"https:\/\/www.swisscrochet.ch\/","name":"Swiss Crochet","description":"Entfalte dein kreatives Potenzial","potentialAction":[{"@type":"SearchAction","target":{"@type":"EntryPoint","urlTemplate":"https:\/\/www.swisscrochet.ch\/?s={search_term_string}"},"query-input":{"@type":"PropertyValueSpecification","valueRequired":true,"valueName":"search_term_string"}}],"inLanguage":"de"}]}},"_links":{"self":[{"href":"https:\/\/www.swisscrochet.ch\/de\/wp-json\/wp\/v2\/product\/7297","targetHints":{"allow":["GET"]}}],"collection":[{"href":"https:\/\/www.swisscrochet.ch\/de\/wp-json\/wp\/v2\/product"}],"about":[{"href":"https:\/\/www.swisscrochet.ch\/de\/wp-json\/wp\/v2\/types\/product"}],"wp:featuredmedia":[{"embeddable":true,"href":"https:\/\/www.swisscrochet.ch\/de\/wp-json\/wp\/v2\/media\/7071"}],"wp:attachment":[{"href":"https:\/\/www.swisscrochet.ch\/de\/wp-json\/wp\/v2\/media?parent=7297"}],"wp:term":[{"taxonomy":"product_brand","embeddable":true,"href":"https:\/\/www.swisscrochet.ch\/de\/wp-json\/wp\/v2\/product_brand?post=7297"},{"taxonomy":"product_cat","embeddable":true,"href":"https:\/\/www.swisscrochet.ch\/de\/wp-json\/wp\/v2\/product_cat?post=7297"},{"taxonomy":"product_tag","embeddable":true,"href":"https:\/\/www.swisscrochet.ch\/de\/wp-json\/wp\/v2\/product_tag?post=7297"}],"curies":[{"name":"wp","href":"https:\/\/api.w.org\/{rel}","templated":true}]}}