{"id":7341,"date":"2025-05-16T16:55:34","date_gmt":"2025-05-16T14:55:34","guid":{"rendered":"https:\/\/www.swisscrochet.ch\/product\/top-down-hakeln-doris-ohrenstein\/"},"modified":"2026-02-19T19:35:25","modified_gmt":"2026-02-19T18:35:25","slug":"top-down-hakeln-dora-ohrenstein","status":"publish","type":"product","link":"https:\/\/www.swisscrochet.ch\/de\/produkt\/top-down-hakeln-dora-ohrenstein\/","title":{"rendered":"Top-Down Ha\u0308keln &#8211; Dora Ohrenstein"},"content":{"rendered":"","protected":false},"excerpt":{"rendered":"<p>In diesem H\u00e4kelbuch finden Sie alle Infos und detaillierte Schritt f\u00fcr Schritt Anleitungen zum Top Down H\u00e4keln.<\/p>\n<p>Die Autorin <em>Dora Ohrenstein<\/em>, eine der f\u00fchrenden amerikanischen H\u00e4keldesignerinnen, gibt viele hilfreiche Tipps und Tricks zum H\u00e4keln von Pullovern und Cardigans: von der Auswahl des Garns \u00fcber das H\u00e4keln des Hals-Ausschnitts bis zum Abmessen und \u00c4ndern.<\/p>\n<p>Ob Anf\u00e4nger oder Fortgeschrittene &#8211; hier findet jeder H\u00e4kel-Fan das passende Modell und Muster!<\/p>\n<ul>\n<li>Top Down H\u00e4keln lernen mit einfachen Anleitungen ab der ersten Masche<\/li>\n<li>14 H\u00e4kelmuster f\u00fcr moderne Pullover und Cardigans in den Gr\u00f6ssen S bis XXL<\/li>\n<li>Kombinieren Sie vielf\u00e4ltige H\u00e4kel-Techniken: Rundhalsausschnitt, Raglanschnitt, Zopfmuster, Loch- oder Lacemuster<\/li>\n<li>Aufgebaut nach Schwierigkeitsgrad: Verbessern Sie Ihre H\u00e4kelf\u00e4higkeiten mit jedem Modell!<\/li>\n<\/ul>\n<p><em>Dora Ohrenstein<\/em> weiss, was H\u00e4kel-Begeisterte wollen: zeitlose Schnitte, einfache Modelle, die in einem St\u00fcck geh\u00e4kelt werden, und eine neue Technik, die es erlaubt, das H\u00e4kelmuster individuell an die eigene K\u00f6rperform anzupassen. Lassen Sie sich von <em>Dora Ohrensteins<\/em> H\u00e4kelanleitungen inspirieren!<\/p>\n<p>Sprache: Deutsch<\/p>\n","protected":false},"featured_media":7215,"template":"","meta":[],"product_brand":[],"product_cat":[209,1430],"product_tag":[],"class_list":{"0":"post-7341","1":"product","2":"type-product","3":"status-publish","4":"has-post-thumbnail","6":"product_cat-bucher","7":"product_cat-kleidung-techniken","8":"pa_b1-language-deutsch","9":"pa_b11-author-designer-dora-ohrenstein-de","10":"description-off","12":"first","13":"instock","14":"taxable","15":"shipping-taxable","16":"purchasable","17":"product-type-simple"},"bundled_by":[],"bundle_stock_status":"instock","bundle_stock_quantity":4,"bundle_virtual":false,"bundle_layout":"","bundle_add_to_cart_form_location":"","bundle_editable_in_cart":false,"bundle_sold_individually_context":"","bundle_item_grouping":"","bundle_min_size":"","bundle_max_size":"","bundle_price":[],"bundled_items":[],"bundle_sell_ids":[],"yoast_head":"<!-- This site is optimized with the Yoast SEO plugin v27.5 - https:\/\/yoast.com\/product\/yoast-seo-wordpress\/ -->\n<title>Top-Down Ha\u0308keln - Dora Ohrenstein &#171; Swiss Crochet<\/title>\n<meta name=\"robots\" content=\"index, follow, max-snippet:-1, max-image-preview:large, max-video-preview:-1\" \/>\n<link rel=\"canonical\" href=\"https:\/\/www.swisscrochet.ch\/de\/produkt\/top-down-hakeln-dora-ohrenstein\/\" \/>\n<meta property=\"og:locale\" content=\"de_DE\" \/>\n<meta property=\"og:type\" content=\"article\" \/>\n<meta property=\"og:title\" content=\"Top-Down Ha\u0308keln - Dora Ohrenstein &#171; Swiss Crochet\" \/>\n<meta property=\"og:description\" content=\"In diesem H\u00e4kelbuch finden Sie alle Infos und detaillierte Schritt f\u00fcr Schritt Anleitungen zum Top Down H\u00e4keln.  Die Autorin Dora Ohrenstein, eine der f\u00fchrenden amerikanischen H\u00e4keldesignerinnen, gibt viele hilfreiche Tipps und Tricks zum H\u00e4keln von Pullovern und Cardigans: von der Auswahl des Garns \u00fcber das H\u00e4keln des Hals-Ausschnitts bis zum Abmessen und \u00c4ndern.  Ob Anf\u00e4nger oder Fortgeschrittene - hier findet jeder H\u00e4kel-Fan das passende Modell und Muster!   Top Down H\u00e4keln lernen mit einfachen Anleitungen ab der ersten Masche  14 H\u00e4kelmuster f\u00fcr moderne Pullover und Cardigans in den Gr\u00f6ssen S bis XXL  Kombinieren Sie vielf\u00e4ltige H\u00e4kel-Techniken: Rundhalsausschnitt, Raglanschnitt, Zopfmuster, Loch- oder Lacemuster  Aufgebaut nach Schwierigkeitsgrad: Verbessern Sie Ihre H\u00e4kelf\u00e4higkeiten mit jedem Modell!  Dora Ohrenstein weiss, was H\u00e4kel-Begeisterte wollen: zeitlose Schnitte, einfache Modelle, die in einem St\u00fcck geh\u00e4kelt werden, und eine neue Technik, die es erlaubt, das H\u00e4kelmuster individuell an die eigene K\u00f6rperform anzupassen. Lassen Sie sich von Dora Ohrensteins H\u00e4kelanleitungen inspirieren!  Sprache: Deutsch\" \/>\n<meta property=\"og:url\" content=\"https:\/\/www.swisscrochet.ch\/de\/produkt\/top-down-hakeln-dora-ohrenstein\/\" \/>\n<meta property=\"og:site_name\" content=\"Swiss Crochet\" \/>\n<meta property=\"article:modified_time\" content=\"2026-02-19T18:35:25+00:00\" \/>\n<meta property=\"og:image\" content=\"https:\/\/www.swisscrochet.ch\/wp-content\/uploads\/2025\/05\/Top-Down-Hakeln-Dora-Ohrenstein-Overview.jpg\" \/>\n\t<meta property=\"og:image:width\" content=\"1000\" \/>\n\t<meta property=\"og:image:height\" content=\"1000\" \/>\n\t<meta property=\"og:image:type\" content=\"image\/jpeg\" \/>\n<meta name=\"twitter:card\" content=\"summary_large_image\" \/>\n<meta name=\"twitter:label1\" content=\"Gesch\u00e4tzte Lesezeit\" \/>\n\t<meta name=\"twitter:data1\" content=\"1\u00a0Minute\" \/>\n<script type=\"application\/ld+json\" class=\"yoast-schema-graph\">{\"@context\":\"https:\\\/\\\/schema.org\",\"@graph\":[{\"@type\":[\"WebPage\",\"ItemPage\"],\"@id\":\"https:\\\/\\\/www.swisscrochet.ch\\\/de\\\/produkt\\\/top-down-hakeln-dora-ohrenstein\\\/\",\"url\":\"https:\\\/\\\/www.swisscrochet.ch\\\/de\\\/produkt\\\/top-down-hakeln-dora-ohrenstein\\\/\",\"name\":\"Top-Down Ha\u0308keln - Dora Ohrenstein &#171; Swiss Crochet\",\"isPartOf\":{\"@id\":\"https:\\\/\\\/www.swisscrochet.ch\\\/#website\"},\"primaryImageOfPage\":{\"@id\":\"https:\\\/\\\/www.swisscrochet.ch\\\/de\\\/produkt\\\/top-down-hakeln-dora-ohrenstein\\\/#primaryimage\"},\"image\":{\"@id\":\"https:\\\/\\\/www.swisscrochet.ch\\\/de\\\/produkt\\\/top-down-hakeln-dora-ohrenstein\\\/#primaryimage\"},\"thumbnailUrl\":\"https:\\\/\\\/www.swisscrochet.ch\\\/wp-content\\\/uploads\\\/2025\\\/05\\\/Top-Down-Hakeln-Dora-Ohrenstein-Overview.jpg\",\"datePublished\":\"2025-05-16T14:55:34+00:00\",\"dateModified\":\"2026-02-19T18:35:25+00:00\",\"breadcrumb\":{\"@id\":\"https:\\\/\\\/www.swisscrochet.ch\\\/de\\\/produkt\\\/top-down-hakeln-dora-ohrenstein\\\/#breadcrumb\"},\"inLanguage\":\"de\",\"potentialAction\":[{\"@type\":\"ReadAction\",\"target\":[\"https:\\\/\\\/www.swisscrochet.ch\\\/de\\\/produkt\\\/top-down-hakeln-dora-ohrenstein\\\/\"]}]},{\"@type\":\"ImageObject\",\"inLanguage\":\"de\",\"@id\":\"https:\\\/\\\/www.swisscrochet.ch\\\/de\\\/produkt\\\/top-down-hakeln-dora-ohrenstein\\\/#primaryimage\",\"url\":\"https:\\\/\\\/www.swisscrochet.ch\\\/wp-content\\\/uploads\\\/2025\\\/05\\\/Top-Down-Hakeln-Dora-Ohrenstein-Overview.jpg\",\"contentUrl\":\"https:\\\/\\\/www.swisscrochet.ch\\\/wp-content\\\/uploads\\\/2025\\\/05\\\/Top-Down-Hakeln-Dora-Ohrenstein-Overview.jpg\",\"width\":1000,\"height\":1000},{\"@type\":\"BreadcrumbList\",\"@id\":\"https:\\\/\\\/www.swisscrochet.ch\\\/de\\\/produkt\\\/top-down-hakeln-dora-ohrenstein\\\/#breadcrumb\",\"itemListElement\":[{\"@type\":\"ListItem\",\"position\":1,\"name\":\"Home\",\"item\":\"https:\\\/\\\/www.swisscrochet.ch\\\/de\\\/\"},{\"@type\":\"ListItem\",\"position\":2,\"name\":\"Shop\",\"item\":\"https:\\\/\\\/www.swisscrochet.ch\\\/de\\\/shop\\\/\"},{\"@type\":\"ListItem\",\"position\":3,\"name\":\"Top-Down Ha\u0308keln &#8211; Dora Ohrenstein\"}]},{\"@type\":\"WebSite\",\"@id\":\"https:\\\/\\\/www.swisscrochet.ch\\\/#website\",\"url\":\"https:\\\/\\\/www.swisscrochet.ch\\\/\",\"name\":\"Swiss Crochet\",\"description\":\"Entfalte dein kreatives Potenzial\",\"potentialAction\":[{\"@type\":\"SearchAction\",\"target\":{\"@type\":\"EntryPoint\",\"urlTemplate\":\"https:\\\/\\\/www.swisscrochet.ch\\\/?s={search_term_string}\"},\"query-input\":{\"@type\":\"PropertyValueSpecification\",\"valueRequired\":true,\"valueName\":\"search_term_string\"}}],\"inLanguage\":\"de\"}]}<\/script>\n<!-- \/ Yoast SEO plugin. -->","yoast_head_json":{"title":"Top-Down Ha\u0308keln - Dora Ohrenstein &#171; Swiss Crochet","robots":{"index":"index","follow":"follow","max-snippet":"max-snippet:-1","max-image-preview":"max-image-preview:large","max-video-preview":"max-video-preview:-1"},"canonical":"https:\/\/www.swisscrochet.ch\/de\/produkt\/top-down-hakeln-dora-ohrenstein\/","og_locale":"de_DE","og_type":"article","og_title":"Top-Down Ha\u0308keln - Dora Ohrenstein &#171; Swiss Crochet","og_description":"In diesem H\u00e4kelbuch finden Sie alle Infos und detaillierte Schritt f\u00fcr Schritt Anleitungen zum Top Down H\u00e4keln.  Die Autorin Dora Ohrenstein, eine der f\u00fchrenden amerikanischen H\u00e4keldesignerinnen, gibt viele hilfreiche Tipps und Tricks zum H\u00e4keln von Pullovern und Cardigans: von der Auswahl des Garns \u00fcber das H\u00e4keln des Hals-Ausschnitts bis zum Abmessen und \u00c4ndern.  Ob Anf\u00e4nger oder Fortgeschrittene - hier findet jeder H\u00e4kel-Fan das passende Modell und Muster!   Top Down H\u00e4keln lernen mit einfachen Anleitungen ab der ersten Masche  14 H\u00e4kelmuster f\u00fcr moderne Pullover und Cardigans in den Gr\u00f6ssen S bis XXL  Kombinieren Sie vielf\u00e4ltige H\u00e4kel-Techniken: Rundhalsausschnitt, Raglanschnitt, Zopfmuster, Loch- oder Lacemuster  Aufgebaut nach Schwierigkeitsgrad: Verbessern Sie Ihre H\u00e4kelf\u00e4higkeiten mit jedem Modell!  Dora Ohrenstein weiss, was H\u00e4kel-Begeisterte wollen: zeitlose Schnitte, einfache Modelle, die in einem St\u00fcck geh\u00e4kelt werden, und eine neue Technik, die es erlaubt, das H\u00e4kelmuster individuell an die eigene K\u00f6rperform anzupassen. Lassen Sie sich von Dora Ohrensteins H\u00e4kelanleitungen inspirieren!  Sprache: Deutsch","og_url":"https:\/\/www.swisscrochet.ch\/de\/produkt\/top-down-hakeln-dora-ohrenstein\/","og_site_name":"Swiss Crochet","article_modified_time":"2026-02-19T18:35:25+00:00","og_image":[{"width":1000,"height":1000,"url":"https:\/\/www.swisscrochet.ch\/wp-content\/uploads\/2025\/05\/Top-Down-Hakeln-Dora-Ohrenstein-Overview.jpg","type":"image\/jpeg"}],"twitter_card":"summary_large_image","twitter_misc":{"Gesch\u00e4tzte Lesezeit":"1\u00a0Minute"},"schema":{"@context":"https:\/\/schema.org","@graph":[{"@type":["WebPage","ItemPage"],"@id":"https:\/\/www.swisscrochet.ch\/de\/produkt\/top-down-hakeln-dora-ohrenstein\/","url":"https:\/\/www.swisscrochet.ch\/de\/produkt\/top-down-hakeln-dora-ohrenstein\/","name":"Top-Down Ha\u0308keln - Dora Ohrenstein &#171; Swiss Crochet","isPartOf":{"@id":"https:\/\/www.swisscrochet.ch\/#website"},"primaryImageOfPage":{"@id":"https:\/\/www.swisscrochet.ch\/de\/produkt\/top-down-hakeln-dora-ohrenstein\/#primaryimage"},"image":{"@id":"https:\/\/www.swisscrochet.ch\/de\/produkt\/top-down-hakeln-dora-ohrenstein\/#primaryimage"},"thumbnailUrl":"https:\/\/www.swisscrochet.ch\/wp-content\/uploads\/2025\/05\/Top-Down-Hakeln-Dora-Ohrenstein-Overview.jpg","datePublished":"2025-05-16T14:55:34+00:00","dateModified":"2026-02-19T18:35:25+00:00","breadcrumb":{"@id":"https:\/\/www.swisscrochet.ch\/de\/produkt\/top-down-hakeln-dora-ohrenstein\/#breadcrumb"},"inLanguage":"de","potentialAction":[{"@type":"ReadAction","target":["https:\/\/www.swisscrochet.ch\/de\/produkt\/top-down-hakeln-dora-ohrenstein\/"]}]},{"@type":"ImageObject","inLanguage":"de","@id":"https:\/\/www.swisscrochet.ch\/de\/produkt\/top-down-hakeln-dora-ohrenstein\/#primaryimage","url":"https:\/\/www.swisscrochet.ch\/wp-content\/uploads\/2025\/05\/Top-Down-Hakeln-Dora-Ohrenstein-Overview.jpg","contentUrl":"https:\/\/www.swisscrochet.ch\/wp-content\/uploads\/2025\/05\/Top-Down-Hakeln-Dora-Ohrenstein-Overview.jpg","width":1000,"height":1000},{"@type":"BreadcrumbList","@id":"https:\/\/www.swisscrochet.ch\/de\/produkt\/top-down-hakeln-dora-ohrenstein\/#breadcrumb","itemListElement":[{"@type":"ListItem","position":1,"name":"Home","item":"https:\/\/www.swisscrochet.ch\/de\/"},{"@type":"ListItem","position":2,"name":"Shop","item":"https:\/\/www.swisscrochet.ch\/de\/shop\/"},{"@type":"ListItem","position":3,"name":"Top-Down Ha\u0308keln &#8211; Dora Ohrenstein"}]},{"@type":"WebSite","@id":"https:\/\/www.swisscrochet.ch\/#website","url":"https:\/\/www.swisscrochet.ch\/","name":"Swiss Crochet","description":"Entfalte dein kreatives Potenzial","potentialAction":[{"@type":"SearchAction","target":{"@type":"EntryPoint","urlTemplate":"https:\/\/www.swisscrochet.ch\/?s={search_term_string}"},"query-input":{"@type":"PropertyValueSpecification","valueRequired":true,"valueName":"search_term_string"}}],"inLanguage":"de"}]}},"_links":{"self":[{"href":"https:\/\/www.swisscrochet.ch\/de\/wp-json\/wp\/v2\/product\/7341","targetHints":{"allow":["GET"]}}],"collection":[{"href":"https:\/\/www.swisscrochet.ch\/de\/wp-json\/wp\/v2\/product"}],"about":[{"href":"https:\/\/www.swisscrochet.ch\/de\/wp-json\/wp\/v2\/types\/product"}],"wp:featuredmedia":[{"embeddable":true,"href":"https:\/\/www.swisscrochet.ch\/de\/wp-json\/wp\/v2\/media\/7215"}],"wp:attachment":[{"href":"https:\/\/www.swisscrochet.ch\/de\/wp-json\/wp\/v2\/media?parent=7341"}],"wp:term":[{"taxonomy":"product_brand","embeddable":true,"href":"https:\/\/www.swisscrochet.ch\/de\/wp-json\/wp\/v2\/product_brand?post=7341"},{"taxonomy":"product_cat","embeddable":true,"href":"https:\/\/www.swisscrochet.ch\/de\/wp-json\/wp\/v2\/product_cat?post=7341"},{"taxonomy":"product_tag","embeddable":true,"href":"https:\/\/www.swisscrochet.ch\/de\/wp-json\/wp\/v2\/product_tag?post=7341"}],"curies":[{"name":"wp","href":"https:\/\/api.w.org\/{rel}","templated":true}]}}