{"id":7447,"date":"2025-05-30T18:09:10","date_gmt":"2025-05-30T16:09:10","guid":{"rendered":"https:\/\/www.swisscrochet.ch\/product\/uber-den-traum-badus\/"},"modified":"2025-05-30T18:42:17","modified_gmt":"2025-05-30T16:42:17","slug":"uber-den-traum-badus","status":"publish","type":"product","link":"https:\/\/www.swisscrochet.ch\/de\/produkt\/uber-den-traum-badus\/","title":{"rendered":"\u00dcber den Traum \u2013 Badus"},"content":{"rendered":"<p><strong>Garn<\/strong><br \/>\n<a href=\"https:\/\/www.swisscrochet.ch\/de\/produkt\/laines-du-nord-poema\/\">Laines du Nord Poema<\/a><br \/>\nLight Fingering \/ 3 ply \/ 100% Merino<br \/>\n600 Meter &#8211; 656 Yard \/ 150 Gramm<br \/>\nFarbe: 404, 1 Kn\u00e4uel<\/p>\n<p><strong>H\u00e4kelnadel<\/strong><br \/>\n5.0 mm oder Gr\u00f6sse um die Maschenprobe zu erreichen<\/p>\n<p><strong>Mercerie<\/strong><br \/>\n1 abnehmbares Maschenmarkierer<br \/>\nN\u00e4hnadel<\/p>\n<p><strong>Maschenprobe<\/strong><br \/>\n18 M \/ 20 Runden = 10 cm (4 inches) Quadrat mit festen Maschen<\/p>\n<p><strong>Gr\u00f6sse<\/strong><br \/>\nEine Gr\u00f6sse<\/p>\n<p>Umfang: 38 cm \/ 15.2 inches<br \/>\nL\u00e4nge: 180 cm \/ 72 inches<\/p>\n<p><strong>Voraussetzungen \/ Verwendete Techniken<\/strong><\/p>\n<ul>\n<li>Grundh\u00e4kelmaschen<\/li>\n<li>Zunehmen, Abnehmen<\/li>\n<li>In Reihen und Runden arbeiten<\/li>\n<li>Sliding loop\/Magic circle<\/li>\n<\/ul>\n<p>&nbsp;<\/p>\n<p>\u00a92025 \u00dcber den Traum &#8211; for personal use. No reprinting, redistributing or reselling of these instructions. Selling finished items is permitted, as long as the following statement is included: (in both print &amp; digital format) \u201c Design by Asimina Saranti of <a href=\"http:\/\/www.uberdentraum.com\">www.uberdentraum.com<\/a> \u201d. (live link please!)<\/p>\n","protected":false},"excerpt":{"rendered":"<p>Badus ist ein moderner H\u00e4kelschal, der darauf ausgelegt ist, das Beste aus einem einzigen Garnkn\u00e4uel herauszuholen. Er zeichnet sich durch einen langen und sanften Farbverlauf aus, der von einer Ecke mit einer Farbe beginnt und in der anderen Ecke (und um das St\u00fcck herum) mit einer v\u00f6llig anderen endet.<\/p>\n<p>Das Garn, Laines du Nord Poema, eignet sich besonders f\u00fcr dieses Design aus zwei Gr\u00fcnden. Erstens ist die Z-Drehung der Single-Ply ideal zum H\u00e4keln; kein Aufsplittern und seltsames Verdrehen beim H\u00e4keln! Dar\u00fcber hinaus macht die weiche, pillenfreie Merinowolle das Arbeiten damit, und das Tragen um den Hals herum zu einem Vergn\u00fcgen.<\/p>\n<p>Der Schal wird mit einfachen Techniken und Grundh\u00e4kelmaschen hergestellt. Zunahmen und Abnahmen werden eingearbeitet, um die ovale Form zu erzeugen. Es ist ein einfaches, entspannendes und meditatives Design.<\/p>\n<p>Die Anleitung ist mit Abk\u00fcrzungen geschrieben.<\/p>\n<p>Weitere Informationen zur Anleitung findest du unten in der vollst\u00e4ndigen Beschreibung.<\/p>\n<p>&#8211;&gt; Durch den Kauf dieser Anleitung erh\u00e4lst du Zugriff auf den <strong>Download der Anleitung im digitalen PDF-Format<\/strong>, auf Englisch und Deutsch.<\/p>\n<p>Weitere Fotos und fertige Projekte findest du auf <a href=\"https:\/\/www.ravelry.com\/patterns\/library\/badus\">Ravelry<\/a>.<\/p>\n","protected":false},"featured_media":7442,"template":"","meta":[],"product_brand":[],"product_cat":[229],"product_tag":[],"class_list":{"0":"post-7447","1":"product","2":"type-product","3":"status-publish","4":"has-post-thumbnail","6":"product_cat-anleitungen","7":"pa_b1-language-deutsch","8":"pa_b1-language-englisch","9":"pa_b11-author-designer-asimina-saranti-de","10":"pa_b11-author-designer-uber-den-traum-de","11":"description-off","13":"first","14":"instock","15":"virtual","16":"taxable","17":"purchasable","18":"product-type-simple"},"bundled_by":["10471"],"bundle_stock_status":"instock","bundle_stock_quantity":null,"bundle_virtual":false,"bundle_layout":"","bundle_add_to_cart_form_location":"","bundle_editable_in_cart":false,"bundle_sold_individually_context":"","bundle_item_grouping":"","bundle_min_size":"","bundle_max_size":"","bundle_price":[],"bundled_items":[],"bundle_sell_ids":[],"yoast_head":"<!-- This site is optimized with the Yoast SEO plugin v27.5 - https:\/\/yoast.com\/product\/yoast-seo-wordpress\/ -->\n<title>\u00dcber den Traum \u2013 Badus &#171; Swiss Crochet<\/title>\n<meta name=\"robots\" content=\"index, follow, max-snippet:-1, max-image-preview:large, max-video-preview:-1\" \/>\n<link rel=\"canonical\" href=\"https:\/\/www.swisscrochet.ch\/de\/produkt\/uber-den-traum-badus\/\" \/>\n<meta property=\"og:locale\" content=\"de_DE\" \/>\n<meta property=\"og:type\" content=\"article\" \/>\n<meta property=\"og:title\" content=\"\u00dcber den Traum \u2013 Badus &#171; Swiss Crochet\" \/>\n<meta property=\"og:description\" content=\"Badus ist ein moderner H\u00e4kelschal, der darauf ausgelegt ist, das Beste aus einem einzigen Garnkn\u00e4uel herauszuholen. Er zeichnet sich durch einen langen und sanften Farbverlauf aus, der von einer Ecke mit einer Farbe beginnt und in der anderen Ecke (und um das St\u00fcck herum) mit einer v\u00f6llig anderen endet.  Das Garn, Laines du Nord Poema, eignet sich besonders f\u00fcr dieses Design aus zwei Gr\u00fcnden. Erstens ist die Z-Drehung der Single-Ply ideal zum H\u00e4keln; kein Aufsplittern und seltsames Verdrehen beim H\u00e4keln! Dar\u00fcber hinaus macht die weiche, pillenfreie Merinowolle das Arbeiten damit, und das Tragen um den Hals herum zu einem Vergn\u00fcgen.  Der Schal wird mit einfachen Techniken und Grundh\u00e4kelmaschen hergestellt. Zunahmen und Abnahmen werden eingearbeitet, um die ovale Form zu erzeugen. Es ist ein einfaches, entspannendes und meditatives Design.  Die Anleitung ist mit Abk\u00fcrzungen geschrieben.  Weitere Informationen zur Anleitung findest du unten in der vollst\u00e4ndigen Beschreibung.  --&gt; Durch den Kauf dieser Anleitung erh\u00e4lst du Zugriff auf den Download der Anleitung im digitalen PDF-Format, auf Englisch und Deutsch.  Weitere Fotos und fertige Projekte findest du auf Ravelry.\" \/>\n<meta property=\"og:url\" content=\"https:\/\/www.swisscrochet.ch\/de\/produkt\/uber-den-traum-badus\/\" \/>\n<meta property=\"og:site_name\" content=\"Swiss Crochet\" \/>\n<meta property=\"article:modified_time\" content=\"2025-05-30T16:42:17+00:00\" \/>\n<meta property=\"og:image\" content=\"https:\/\/www.swisscrochet.ch\/wp-content\/uploads\/2025\/05\/Uber-den-Traum-Badus-Overview.jpg\" \/>\n\t<meta property=\"og:image:width\" content=\"1100\" \/>\n\t<meta property=\"og:image:height\" content=\"1100\" \/>\n\t<meta property=\"og:image:type\" content=\"image\/jpeg\" \/>\n<meta name=\"twitter:card\" content=\"summary_large_image\" \/>\n<meta name=\"twitter:label1\" content=\"Gesch\u00e4tzte Lesezeit\" \/>\n\t<meta name=\"twitter:data1\" content=\"1\u00a0Minute\" \/>\n<script type=\"application\/ld+json\" class=\"yoast-schema-graph\">{\"@context\":\"https:\\\/\\\/schema.org\",\"@graph\":[{\"@type\":[\"WebPage\",\"ItemPage\"],\"@id\":\"https:\\\/\\\/www.swisscrochet.ch\\\/de\\\/produkt\\\/uber-den-traum-badus\\\/\",\"url\":\"https:\\\/\\\/www.swisscrochet.ch\\\/de\\\/produkt\\\/uber-den-traum-badus\\\/\",\"name\":\"\u00dcber den Traum \u2013 Badus &#171; Swiss Crochet\",\"isPartOf\":{\"@id\":\"https:\\\/\\\/www.swisscrochet.ch\\\/#website\"},\"primaryImageOfPage\":{\"@id\":\"https:\\\/\\\/www.swisscrochet.ch\\\/de\\\/produkt\\\/uber-den-traum-badus\\\/#primaryimage\"},\"image\":{\"@id\":\"https:\\\/\\\/www.swisscrochet.ch\\\/de\\\/produkt\\\/uber-den-traum-badus\\\/#primaryimage\"},\"thumbnailUrl\":\"https:\\\/\\\/www.swisscrochet.ch\\\/wp-content\\\/uploads\\\/2025\\\/05\\\/Uber-den-Traum-Badus-Overview.jpg\",\"datePublished\":\"2025-05-30T16:09:10+00:00\",\"dateModified\":\"2025-05-30T16:42:17+00:00\",\"breadcrumb\":{\"@id\":\"https:\\\/\\\/www.swisscrochet.ch\\\/de\\\/produkt\\\/uber-den-traum-badus\\\/#breadcrumb\"},\"inLanguage\":\"de\",\"potentialAction\":[{\"@type\":\"ReadAction\",\"target\":[\"https:\\\/\\\/www.swisscrochet.ch\\\/de\\\/produkt\\\/uber-den-traum-badus\\\/\"]}]},{\"@type\":\"ImageObject\",\"inLanguage\":\"de\",\"@id\":\"https:\\\/\\\/www.swisscrochet.ch\\\/de\\\/produkt\\\/uber-den-traum-badus\\\/#primaryimage\",\"url\":\"https:\\\/\\\/www.swisscrochet.ch\\\/wp-content\\\/uploads\\\/2025\\\/05\\\/Uber-den-Traum-Badus-Overview.jpg\",\"contentUrl\":\"https:\\\/\\\/www.swisscrochet.ch\\\/wp-content\\\/uploads\\\/2025\\\/05\\\/Uber-den-Traum-Badus-Overview.jpg\",\"width\":1100,\"height\":1100},{\"@type\":\"BreadcrumbList\",\"@id\":\"https:\\\/\\\/www.swisscrochet.ch\\\/de\\\/produkt\\\/uber-den-traum-badus\\\/#breadcrumb\",\"itemListElement\":[{\"@type\":\"ListItem\",\"position\":1,\"name\":\"Home\",\"item\":\"https:\\\/\\\/www.swisscrochet.ch\\\/de\\\/\"},{\"@type\":\"ListItem\",\"position\":2,\"name\":\"Shop\",\"item\":\"https:\\\/\\\/www.swisscrochet.ch\\\/de\\\/shop\\\/\"},{\"@type\":\"ListItem\",\"position\":3,\"name\":\"\u00dcber den Traum \u2013 Badus\"}]},{\"@type\":\"WebSite\",\"@id\":\"https:\\\/\\\/www.swisscrochet.ch\\\/#website\",\"url\":\"https:\\\/\\\/www.swisscrochet.ch\\\/\",\"name\":\"Swiss Crochet\",\"description\":\"Entfalte dein kreatives Potenzial\",\"potentialAction\":[{\"@type\":\"SearchAction\",\"target\":{\"@type\":\"EntryPoint\",\"urlTemplate\":\"https:\\\/\\\/www.swisscrochet.ch\\\/?s={search_term_string}\"},\"query-input\":{\"@type\":\"PropertyValueSpecification\",\"valueRequired\":true,\"valueName\":\"search_term_string\"}}],\"inLanguage\":\"de\"}]}<\/script>\n<!-- \/ Yoast SEO plugin. -->","yoast_head_json":{"title":"\u00dcber den Traum \u2013 Badus &#171; Swiss Crochet","robots":{"index":"index","follow":"follow","max-snippet":"max-snippet:-1","max-image-preview":"max-image-preview:large","max-video-preview":"max-video-preview:-1"},"canonical":"https:\/\/www.swisscrochet.ch\/de\/produkt\/uber-den-traum-badus\/","og_locale":"de_DE","og_type":"article","og_title":"\u00dcber den Traum \u2013 Badus &#171; Swiss Crochet","og_description":"Badus ist ein moderner H\u00e4kelschal, der darauf ausgelegt ist, das Beste aus einem einzigen Garnkn\u00e4uel herauszuholen. Er zeichnet sich durch einen langen und sanften Farbverlauf aus, der von einer Ecke mit einer Farbe beginnt und in der anderen Ecke (und um das St\u00fcck herum) mit einer v\u00f6llig anderen endet.  Das Garn, Laines du Nord Poema, eignet sich besonders f\u00fcr dieses Design aus zwei Gr\u00fcnden. Erstens ist die Z-Drehung der Single-Ply ideal zum H\u00e4keln; kein Aufsplittern und seltsames Verdrehen beim H\u00e4keln! Dar\u00fcber hinaus macht die weiche, pillenfreie Merinowolle das Arbeiten damit, und das Tragen um den Hals herum zu einem Vergn\u00fcgen.  Der Schal wird mit einfachen Techniken und Grundh\u00e4kelmaschen hergestellt. Zunahmen und Abnahmen werden eingearbeitet, um die ovale Form zu erzeugen. Es ist ein einfaches, entspannendes und meditatives Design.  Die Anleitung ist mit Abk\u00fcrzungen geschrieben.  Weitere Informationen zur Anleitung findest du unten in der vollst\u00e4ndigen Beschreibung.  --&gt; Durch den Kauf dieser Anleitung erh\u00e4lst du Zugriff auf den Download der Anleitung im digitalen PDF-Format, auf Englisch und Deutsch.  Weitere Fotos und fertige Projekte findest du auf Ravelry.","og_url":"https:\/\/www.swisscrochet.ch\/de\/produkt\/uber-den-traum-badus\/","og_site_name":"Swiss Crochet","article_modified_time":"2025-05-30T16:42:17+00:00","og_image":[{"width":1100,"height":1100,"url":"https:\/\/www.swisscrochet.ch\/wp-content\/uploads\/2025\/05\/Uber-den-Traum-Badus-Overview.jpg","type":"image\/jpeg"}],"twitter_card":"summary_large_image","twitter_misc":{"Gesch\u00e4tzte Lesezeit":"1\u00a0Minute"},"schema":{"@context":"https:\/\/schema.org","@graph":[{"@type":["WebPage","ItemPage"],"@id":"https:\/\/www.swisscrochet.ch\/de\/produkt\/uber-den-traum-badus\/","url":"https:\/\/www.swisscrochet.ch\/de\/produkt\/uber-den-traum-badus\/","name":"\u00dcber den Traum \u2013 Badus &#171; Swiss Crochet","isPartOf":{"@id":"https:\/\/www.swisscrochet.ch\/#website"},"primaryImageOfPage":{"@id":"https:\/\/www.swisscrochet.ch\/de\/produkt\/uber-den-traum-badus\/#primaryimage"},"image":{"@id":"https:\/\/www.swisscrochet.ch\/de\/produkt\/uber-den-traum-badus\/#primaryimage"},"thumbnailUrl":"https:\/\/www.swisscrochet.ch\/wp-content\/uploads\/2025\/05\/Uber-den-Traum-Badus-Overview.jpg","datePublished":"2025-05-30T16:09:10+00:00","dateModified":"2025-05-30T16:42:17+00:00","breadcrumb":{"@id":"https:\/\/www.swisscrochet.ch\/de\/produkt\/uber-den-traum-badus\/#breadcrumb"},"inLanguage":"de","potentialAction":[{"@type":"ReadAction","target":["https:\/\/www.swisscrochet.ch\/de\/produkt\/uber-den-traum-badus\/"]}]},{"@type":"ImageObject","inLanguage":"de","@id":"https:\/\/www.swisscrochet.ch\/de\/produkt\/uber-den-traum-badus\/#primaryimage","url":"https:\/\/www.swisscrochet.ch\/wp-content\/uploads\/2025\/05\/Uber-den-Traum-Badus-Overview.jpg","contentUrl":"https:\/\/www.swisscrochet.ch\/wp-content\/uploads\/2025\/05\/Uber-den-Traum-Badus-Overview.jpg","width":1100,"height":1100},{"@type":"BreadcrumbList","@id":"https:\/\/www.swisscrochet.ch\/de\/produkt\/uber-den-traum-badus\/#breadcrumb","itemListElement":[{"@type":"ListItem","position":1,"name":"Home","item":"https:\/\/www.swisscrochet.ch\/de\/"},{"@type":"ListItem","position":2,"name":"Shop","item":"https:\/\/www.swisscrochet.ch\/de\/shop\/"},{"@type":"ListItem","position":3,"name":"\u00dcber den Traum \u2013 Badus"}]},{"@type":"WebSite","@id":"https:\/\/www.swisscrochet.ch\/#website","url":"https:\/\/www.swisscrochet.ch\/","name":"Swiss Crochet","description":"Entfalte dein kreatives Potenzial","potentialAction":[{"@type":"SearchAction","target":{"@type":"EntryPoint","urlTemplate":"https:\/\/www.swisscrochet.ch\/?s={search_term_string}"},"query-input":{"@type":"PropertyValueSpecification","valueRequired":true,"valueName":"search_term_string"}}],"inLanguage":"de"}]}},"_links":{"self":[{"href":"https:\/\/www.swisscrochet.ch\/de\/wp-json\/wp\/v2\/product\/7447","targetHints":{"allow":["GET"]}}],"collection":[{"href":"https:\/\/www.swisscrochet.ch\/de\/wp-json\/wp\/v2\/product"}],"about":[{"href":"https:\/\/www.swisscrochet.ch\/de\/wp-json\/wp\/v2\/types\/product"}],"wp:featuredmedia":[{"embeddable":true,"href":"https:\/\/www.swisscrochet.ch\/de\/wp-json\/wp\/v2\/media\/7442"}],"wp:attachment":[{"href":"https:\/\/www.swisscrochet.ch\/de\/wp-json\/wp\/v2\/media?parent=7447"}],"wp:term":[{"taxonomy":"product_brand","embeddable":true,"href":"https:\/\/www.swisscrochet.ch\/de\/wp-json\/wp\/v2\/product_brand?post=7447"},{"taxonomy":"product_cat","embeddable":true,"href":"https:\/\/www.swisscrochet.ch\/de\/wp-json\/wp\/v2\/product_cat?post=7447"},{"taxonomy":"product_tag","embeddable":true,"href":"https:\/\/www.swisscrochet.ch\/de\/wp-json\/wp\/v2\/product_tag?post=7447"}],"curies":[{"name":"wp","href":"https:\/\/api.w.org\/{rel}","templated":true}]}}