{"id":745,"date":"2024-10-23T18:02:00","date_gmt":"2024-10-23T16:02:00","guid":{"rendered":"https:\/\/www.swisscrochet.ch\/?post_type=product&#038;p=745"},"modified":"2026-03-02T20:24:25","modified_gmt":"2026-03-02T19:24:25","slug":"ueber-den-traum-wyleregg-garnkit","status":"publish","type":"product","link":"https:\/\/www.swisscrochet.ch\/de\/produkt\/ueber-den-traum-wyleregg-garnkit\/","title":{"rendered":"\u00dcber den Traum &#8211; Wyleregg &#8211; Garnkit"},"content":{"rendered":"","protected":false},"excerpt":{"rendered":"<p>Wyleregg ist ein modernes Unisex-Design, das mit grundlegenden Techniken und durchdachter Formgebung ein rautenf\u00f6rmiges Tuch entstehen l\u00e4sst. Das strukturierte Design mit verspielten Noppen sorgt f\u00fcr spannende Details, und die besondere Form erm\u00f6glicht verschiedene Tragevarianten. Es ist ein schnelles Projekt und ideal, um Garnvorr\u00e4te und\/oder Reste zu verbrauchen. Die Anleitung ist mit Abk\u00fcrzungen geschrieben und verwendet US-Begriffe.<\/p>\n<p><strong>Das Kit enth\u00e4lt:<\/strong><\/p>\n<ul>\n<li>Zugang zum Download der Anleitung im digitalen PDF-Format, auf Englisch und Deutsch.<\/li>\n<li>6 Kn\u00e4uel Laines du Nord Firenze<\/li>\n<\/ul>\n<p><strong>Optionale Erg\u00e4nzungen:<\/strong><\/p>\n<ul>\n<li>8.00 mm H\u00e4kelnadel<\/li>\n<\/ul>\n<p>Das Design \u201eWyleregg\u201c ist Teil der <a href=\"https:\/\/www.ravelry.com\/patterns\/sources\/collection-one-origins\" target=\"_blank\" rel=\"noopener\">Collection One: Origins<\/a>. F\u00fcr weitere Informationen und Bilder fertiger Projekte besuche die <a href=\"https:\/\/www.ravelry.com\/patterns\/library\/wyleregg\" target=\"_blank\" rel=\"noopener\">Anleitungsseite<\/a> auf Ravelry.<\/p>\n","protected":false},"featured_media":25236,"template":"","meta":[],"product_brand":[],"product_cat":[1663,332],"product_tag":[2057],"class_list":{"0":"post-745","1":"product","2":"type-product","3":"status-publish","4":"has-post-thumbnail","6":"product_cat-garnkits-accessoires","7":"product_cat-garnkits","8":"product_tag-firenze","9":"description-off","11":"first","12":"instock","13":"taxable","14":"shipping-taxable","15":"purchasable","16":"product-type-bundle"},"bundled_by":[],"bundle_stock_status":"instock","bundle_stock_quantity":20,"bundle_virtual":false,"bundle_layout":"default","bundle_add_to_cart_form_location":"default","bundle_editable_in_cart":false,"bundle_sold_individually_context":"product","bundle_item_grouping":"parent","bundle_min_size":"","bundle_max_size":"","bundle_price":{"price":{"min":{"incl_tax":"59.4","excl_tax":"54.95"},"max":{"incl_tax":"66.3","excl_tax":"61.33"}},"regular_price":{"min":{"incl_tax":"59.4","excl_tax":"54.95"},"max":{"incl_tax":"66.3","excl_tax":"61.33"}}},"bundled_items":[{"bundled_item_id":885,"product_id":14308,"menu_order":0,"quantity_min":6,"quantity_max":6,"quantity_default":6,"priced_individually":true,"shipped_individually":false,"override_title":false,"title":"Laines du Nord &#8211; Firenze","override_description":true,"description":"","optional":false,"hide_thumbnail":false,"discount":"","override_variations":false,"allowed_variations":[""],"override_default_variation_attributes":false,"default_variation_attributes":[],"single_product_visibility":"visible","cart_visibility":"visible","order_visibility":"visible","single_product_price_visibility":"visible","cart_price_visibility":"visible","order_price_visibility":"visible","stock_status":"in_stock"},{"bundled_item_id":886,"product_id":3552,"menu_order":1,"quantity_min":1,"quantity_max":1,"quantity_default":1,"priced_individually":true,"shipped_individually":false,"override_title":false,"title":"Tulip &#8211; MinD H\u00e4kelnadel","override_description":true,"description":"Tulip &#8211; MinD H\u00e4kelnadel","optional":true,"hide_thumbnail":false,"discount":"","override_variations":true,"allowed_variations":[3554],"override_default_variation_attributes":true,"default_variation_attributes":[{"id":0,"name":"Size","option":"8.00 mm"}],"single_product_visibility":"visible","cart_visibility":"visible","order_visibility":"visible","single_product_price_visibility":"visible","cart_price_visibility":"visible","order_price_visibility":"visible","stock_status":"in_stock"}],"bundle_sell_ids":[],"yoast_head":"<!-- This site is optimized with the Yoast SEO plugin v27.5 - https:\/\/yoast.com\/product\/yoast-seo-wordpress\/ -->\n<title>\u00dcber den Traum - Wyleregg - Garnkit &#171; Swiss Crochet<\/title>\n<meta name=\"description\" content=\"Wyleregg H\u00e4kel-Tuchkit mit PDF-Anleitung (EN\/DE) und Laines du Nord Firenze Garn. Rautenform mit Noppenstruktur und vielseitigen Styling-M\u00f6glichkeiten.\" \/>\n<meta name=\"robots\" content=\"index, follow, max-snippet:-1, max-image-preview:large, max-video-preview:-1\" \/>\n<link rel=\"canonical\" href=\"https:\/\/www.swisscrochet.ch\/de\/produkt\/ueber-den-traum-wyleregg-garnkit\/\" \/>\n<meta property=\"og:locale\" content=\"de_DE\" \/>\n<meta property=\"og:type\" content=\"article\" \/>\n<meta property=\"og:title\" content=\"\u00dcber den Traum - Wyleregg - Garnkit &#171; Swiss Crochet\" \/>\n<meta property=\"og:description\" content=\"Wyleregg H\u00e4kel-Tuchkit mit PDF-Anleitung (EN\/DE) und Laines du Nord Firenze Garn. Rautenform mit Noppenstruktur und vielseitigen Styling-M\u00f6glichkeiten.\" \/>\n<meta property=\"og:url\" content=\"https:\/\/www.swisscrochet.ch\/de\/produkt\/ueber-den-traum-wyleregg-garnkit\/\" \/>\n<meta property=\"og:site_name\" content=\"Swiss Crochet\" \/>\n<meta property=\"article:modified_time\" content=\"2026-03-02T19:24:25+00:00\" \/>\n<meta property=\"og:image\" content=\"https:\/\/www.swisscrochet.ch\/wp-content\/uploads\/2026\/03\/Wyleregg-Yarn-Kit-Overview.jpg\" \/>\n\t<meta property=\"og:image:width\" content=\"1000\" \/>\n\t<meta property=\"og:image:height\" content=\"1000\" \/>\n\t<meta property=\"og:image:type\" content=\"image\/jpeg\" \/>\n<meta name=\"twitter:card\" content=\"summary_large_image\" \/>\n<meta name=\"twitter:label1\" content=\"Gesch\u00e4tzte Lesezeit\" \/>\n\t<meta name=\"twitter:data1\" content=\"1\u00a0Minute\" \/>\n<script type=\"application\/ld+json\" class=\"yoast-schema-graph\">{\"@context\":\"https:\\\/\\\/schema.org\",\"@graph\":[{\"@type\":[\"WebPage\",\"ItemPage\"],\"@id\":\"https:\\\/\\\/www.swisscrochet.ch\\\/de\\\/produkt\\\/ueber-den-traum-wyleregg-garnkit\\\/\",\"url\":\"https:\\\/\\\/www.swisscrochet.ch\\\/de\\\/produkt\\\/ueber-den-traum-wyleregg-garnkit\\\/\",\"name\":\"\u00dcber den Traum - Wyleregg - Garnkit &#171; Swiss Crochet\",\"isPartOf\":{\"@id\":\"https:\\\/\\\/www.swisscrochet.ch\\\/#website\"},\"primaryImageOfPage\":{\"@id\":\"https:\\\/\\\/www.swisscrochet.ch\\\/de\\\/produkt\\\/ueber-den-traum-wyleregg-garnkit\\\/#primaryimage\"},\"image\":{\"@id\":\"https:\\\/\\\/www.swisscrochet.ch\\\/de\\\/produkt\\\/ueber-den-traum-wyleregg-garnkit\\\/#primaryimage\"},\"thumbnailUrl\":\"https:\\\/\\\/www.swisscrochet.ch\\\/wp-content\\\/uploads\\\/2026\\\/03\\\/Wyleregg-Yarn-Kit-Overview.jpg\",\"datePublished\":\"2024-10-23T16:02:00+00:00\",\"dateModified\":\"2026-03-02T19:24:25+00:00\",\"description\":\"Wyleregg H\u00e4kel-Tuchkit mit PDF-Anleitung (EN\\\/DE) und Laines du Nord Firenze Garn. Rautenform mit Noppenstruktur und vielseitigen Styling-M\u00f6glichkeiten.\",\"breadcrumb\":{\"@id\":\"https:\\\/\\\/www.swisscrochet.ch\\\/de\\\/produkt\\\/ueber-den-traum-wyleregg-garnkit\\\/#breadcrumb\"},\"inLanguage\":\"de\",\"potentialAction\":[{\"@type\":\"ReadAction\",\"target\":[\"https:\\\/\\\/www.swisscrochet.ch\\\/de\\\/produkt\\\/ueber-den-traum-wyleregg-garnkit\\\/\"]}]},{\"@type\":\"ImageObject\",\"inLanguage\":\"de\",\"@id\":\"https:\\\/\\\/www.swisscrochet.ch\\\/de\\\/produkt\\\/ueber-den-traum-wyleregg-garnkit\\\/#primaryimage\",\"url\":\"https:\\\/\\\/www.swisscrochet.ch\\\/wp-content\\\/uploads\\\/2026\\\/03\\\/Wyleregg-Yarn-Kit-Overview.jpg\",\"contentUrl\":\"https:\\\/\\\/www.swisscrochet.ch\\\/wp-content\\\/uploads\\\/2026\\\/03\\\/Wyleregg-Yarn-Kit-Overview.jpg\",\"width\":1000,\"height\":1000},{\"@type\":\"BreadcrumbList\",\"@id\":\"https:\\\/\\\/www.swisscrochet.ch\\\/de\\\/produkt\\\/ueber-den-traum-wyleregg-garnkit\\\/#breadcrumb\",\"itemListElement\":[{\"@type\":\"ListItem\",\"position\":1,\"name\":\"Home\",\"item\":\"https:\\\/\\\/www.swisscrochet.ch\\\/de\\\/\"},{\"@type\":\"ListItem\",\"position\":2,\"name\":\"Shop\",\"item\":\"https:\\\/\\\/www.swisscrochet.ch\\\/de\\\/shop\\\/\"},{\"@type\":\"ListItem\",\"position\":3,\"name\":\"\u00dcber den Traum &#8211; Wyleregg &#8211; Garnkit\"}]},{\"@type\":\"WebSite\",\"@id\":\"https:\\\/\\\/www.swisscrochet.ch\\\/#website\",\"url\":\"https:\\\/\\\/www.swisscrochet.ch\\\/\",\"name\":\"Swiss Crochet\",\"description\":\"Entfalte dein kreatives Potenzial\",\"potentialAction\":[{\"@type\":\"SearchAction\",\"target\":{\"@type\":\"EntryPoint\",\"urlTemplate\":\"https:\\\/\\\/www.swisscrochet.ch\\\/?s={search_term_string}\"},\"query-input\":{\"@type\":\"PropertyValueSpecification\",\"valueRequired\":true,\"valueName\":\"search_term_string\"}}],\"inLanguage\":\"de\"}]}<\/script>\n<!-- \/ Yoast SEO plugin. -->","yoast_head_json":{"title":"\u00dcber den Traum - Wyleregg - Garnkit &#171; Swiss Crochet","description":"Wyleregg H\u00e4kel-Tuchkit mit PDF-Anleitung (EN\/DE) und Laines du Nord Firenze Garn. Rautenform mit Noppenstruktur und vielseitigen Styling-M\u00f6glichkeiten.","robots":{"index":"index","follow":"follow","max-snippet":"max-snippet:-1","max-image-preview":"max-image-preview:large","max-video-preview":"max-video-preview:-1"},"canonical":"https:\/\/www.swisscrochet.ch\/de\/produkt\/ueber-den-traum-wyleregg-garnkit\/","og_locale":"de_DE","og_type":"article","og_title":"\u00dcber den Traum - Wyleregg - Garnkit &#171; Swiss Crochet","og_description":"Wyleregg H\u00e4kel-Tuchkit mit PDF-Anleitung (EN\/DE) und Laines du Nord Firenze Garn. Rautenform mit Noppenstruktur und vielseitigen Styling-M\u00f6glichkeiten.","og_url":"https:\/\/www.swisscrochet.ch\/de\/produkt\/ueber-den-traum-wyleregg-garnkit\/","og_site_name":"Swiss Crochet","article_modified_time":"2026-03-02T19:24:25+00:00","og_image":[{"width":1000,"height":1000,"url":"https:\/\/www.swisscrochet.ch\/wp-content\/uploads\/2026\/03\/Wyleregg-Yarn-Kit-Overview.jpg","type":"image\/jpeg"}],"twitter_card":"summary_large_image","twitter_misc":{"Gesch\u00e4tzte Lesezeit":"1\u00a0Minute"},"schema":{"@context":"https:\/\/schema.org","@graph":[{"@type":["WebPage","ItemPage"],"@id":"https:\/\/www.swisscrochet.ch\/de\/produkt\/ueber-den-traum-wyleregg-garnkit\/","url":"https:\/\/www.swisscrochet.ch\/de\/produkt\/ueber-den-traum-wyleregg-garnkit\/","name":"\u00dcber den Traum - Wyleregg - Garnkit &#171; Swiss Crochet","isPartOf":{"@id":"https:\/\/www.swisscrochet.ch\/#website"},"primaryImageOfPage":{"@id":"https:\/\/www.swisscrochet.ch\/de\/produkt\/ueber-den-traum-wyleregg-garnkit\/#primaryimage"},"image":{"@id":"https:\/\/www.swisscrochet.ch\/de\/produkt\/ueber-den-traum-wyleregg-garnkit\/#primaryimage"},"thumbnailUrl":"https:\/\/www.swisscrochet.ch\/wp-content\/uploads\/2026\/03\/Wyleregg-Yarn-Kit-Overview.jpg","datePublished":"2024-10-23T16:02:00+00:00","dateModified":"2026-03-02T19:24:25+00:00","description":"Wyleregg H\u00e4kel-Tuchkit mit PDF-Anleitung (EN\/DE) und Laines du Nord Firenze Garn. Rautenform mit Noppenstruktur und vielseitigen Styling-M\u00f6glichkeiten.","breadcrumb":{"@id":"https:\/\/www.swisscrochet.ch\/de\/produkt\/ueber-den-traum-wyleregg-garnkit\/#breadcrumb"},"inLanguage":"de","potentialAction":[{"@type":"ReadAction","target":["https:\/\/www.swisscrochet.ch\/de\/produkt\/ueber-den-traum-wyleregg-garnkit\/"]}]},{"@type":"ImageObject","inLanguage":"de","@id":"https:\/\/www.swisscrochet.ch\/de\/produkt\/ueber-den-traum-wyleregg-garnkit\/#primaryimage","url":"https:\/\/www.swisscrochet.ch\/wp-content\/uploads\/2026\/03\/Wyleregg-Yarn-Kit-Overview.jpg","contentUrl":"https:\/\/www.swisscrochet.ch\/wp-content\/uploads\/2026\/03\/Wyleregg-Yarn-Kit-Overview.jpg","width":1000,"height":1000},{"@type":"BreadcrumbList","@id":"https:\/\/www.swisscrochet.ch\/de\/produkt\/ueber-den-traum-wyleregg-garnkit\/#breadcrumb","itemListElement":[{"@type":"ListItem","position":1,"name":"Home","item":"https:\/\/www.swisscrochet.ch\/de\/"},{"@type":"ListItem","position":2,"name":"Shop","item":"https:\/\/www.swisscrochet.ch\/de\/shop\/"},{"@type":"ListItem","position":3,"name":"\u00dcber den Traum &#8211; Wyleregg &#8211; Garnkit"}]},{"@type":"WebSite","@id":"https:\/\/www.swisscrochet.ch\/#website","url":"https:\/\/www.swisscrochet.ch\/","name":"Swiss Crochet","description":"Entfalte dein kreatives Potenzial","potentialAction":[{"@type":"SearchAction","target":{"@type":"EntryPoint","urlTemplate":"https:\/\/www.swisscrochet.ch\/?s={search_term_string}"},"query-input":{"@type":"PropertyValueSpecification","valueRequired":true,"valueName":"search_term_string"}}],"inLanguage":"de"}]}},"_links":{"self":[{"href":"https:\/\/www.swisscrochet.ch\/de\/wp-json\/wp\/v2\/product\/745","targetHints":{"allow":["GET"]}}],"collection":[{"href":"https:\/\/www.swisscrochet.ch\/de\/wp-json\/wp\/v2\/product"}],"about":[{"href":"https:\/\/www.swisscrochet.ch\/de\/wp-json\/wp\/v2\/types\/product"}],"wp:featuredmedia":[{"embeddable":true,"href":"https:\/\/www.swisscrochet.ch\/de\/wp-json\/wp\/v2\/media\/25236"}],"wp:attachment":[{"href":"https:\/\/www.swisscrochet.ch\/de\/wp-json\/wp\/v2\/media?parent=745"}],"wp:term":[{"taxonomy":"product_brand","embeddable":true,"href":"https:\/\/www.swisscrochet.ch\/de\/wp-json\/wp\/v2\/product_brand?post=745"},{"taxonomy":"product_cat","embeddable":true,"href":"https:\/\/www.swisscrochet.ch\/de\/wp-json\/wp\/v2\/product_cat?post=745"},{"taxonomy":"product_tag","embeddable":true,"href":"https:\/\/www.swisscrochet.ch\/de\/wp-json\/wp\/v2\/product_tag?post=745"}],"curies":[{"name":"wp","href":"https:\/\/api.w.org\/{rel}","templated":true}]}}