{"id":773,"date":"2024-10-18T16:40:56","date_gmt":"2024-10-18T14:40:56","guid":{"rendered":"https:\/\/www.swisscrochet.ch\/product\/crochet-for-children-and-teenagers\/"},"modified":"2024-10-23T19:04:30","modified_gmt":"2024-10-23T17:04:30","slug":"haekeln-fuer-kinder-und-jugendliche","status":"publish","type":"product","link":"https:\/\/www.swisscrochet.ch\/de\/produkt\/haekeln-fuer-kinder-und-jugendliche\/","title":{"rendered":"H\u00e4keln f\u00fcr Kinder und Jugendliche"},"content":{"rendered":"","protected":false},"excerpt":{"rendered":"<p>M\u00f6chtest du H\u00e4keln lernen? Hast du zum ersten Mal in der Schule geh\u00e4kelt, m\u00f6chtest aber mehr lernen?<\/p>\n<p>Bist du ein Elternteil und m\u00f6chtest einen H\u00e4kelkurs zusammen mit deinem Kind besuchen?<\/p>\n<p>Dann bist du hier genau richtig.<\/p>\n<p>Buche diesen H\u00e4kelkurs und profitiere von einer Eins-zu-eins-Sitzung mit der H\u00e4kelexpertin <a href=\"https:\/\/www.uberdentraum.com\/design\/\">Assimina Saranti<\/a>.<\/p>\n<p>Der Kurs konzentriert sich auf Anf\u00e4ngerf\u00e4higkeiten, aber die Inhalte werden je nach Art des Projekts, an dem du arbeiten m\u00f6chtest, und deinen eigenen W\u00fcnschen angepasst.<\/p>\n<h5>Anzahl der Teilnehmer<\/h5>\n<p>2 &#8211; entweder 2 Kinder\/Jugendliche oder 1 Elternteil und 1 Kind\/Jugendlicher<\/p>\n<h5>Sprache<\/h5>\n<p>Englisch oder Deutsch<\/p>\n<h5>Dauer<\/h5>\n<p>60 Minuten<\/p>\n<h5>Ort<\/h5>\n<p>Das <a href=\"https:\/\/www.swisscrochet.ch\/de\/impressum\/\">B\u00fcro<\/a> von Swiss Crochet.<\/p>\n<h5>Datum<\/h5>\n<p>Sobald der Kurs gebucht ist, werde ich dich per E-Mail kontaktieren, um ein Datum und eine Zeit zu vereinbaren.<\/p>\n<p>&nbsp;<\/p>\n<p><strong>Bevor du diesen Kurs buchst<\/strong>, stelle sicher, dass du die <a href=\"https:\/\/www.swisscrochet.ch\/de\/allgemeine-geschaeftsbedingungen\/#courses\">Kursrichtlinien<\/a> gelesen hast.<\/p>\n","protected":false},"featured_media":472,"template":"","meta":[],"product_brand":[],"product_cat":[212],"product_tag":[],"class_list":{"0":"post-773","1":"product","2":"type-product","3":"status-publish","4":"has-post-thumbnail","6":"product_cat-kurse","7":"description-off","9":"first","10":"instock","11":"virtual","12":"taxable","13":"purchasable","14":"product-type-simple"},"bundled_by":[],"bundle_stock_status":"instock","bundle_stock_quantity":null,"bundle_virtual":false,"bundle_layout":"","bundle_add_to_cart_form_location":"","bundle_editable_in_cart":false,"bundle_sold_individually_context":"","bundle_item_grouping":"","bundle_min_size":"","bundle_max_size":"","bundle_price":[],"bundled_items":[],"bundle_sell_ids":[],"yoast_head":"<!-- This site is optimized with the Yoast SEO plugin v27.5 - https:\/\/yoast.com\/product\/yoast-seo-wordpress\/ -->\n<title>H\u00e4keln f\u00fcr Kinder und Jugendliche &#171; Swiss Crochet<\/title>\n<meta name=\"robots\" content=\"index, follow, max-snippet:-1, max-image-preview:large, max-video-preview:-1\" \/>\n<link rel=\"canonical\" href=\"https:\/\/www.swisscrochet.ch\/de\/produkt\/haekeln-fuer-kinder-und-jugendliche\/\" \/>\n<meta property=\"og:locale\" content=\"de_DE\" \/>\n<meta property=\"og:type\" content=\"article\" \/>\n<meta property=\"og:title\" content=\"H\u00e4keln f\u00fcr Kinder und Jugendliche &#171; Swiss Crochet\" \/>\n<meta property=\"og:description\" content=\"M\u00f6chtest du H\u00e4keln lernen? Hast du zum ersten Mal in der Schule geh\u00e4kelt, m\u00f6chtest aber mehr lernen?  Bist du ein Elternteil und m\u00f6chtest einen H\u00e4kelkurs zusammen mit deinem Kind besuchen?  Dann bist du hier genau richtig.  Buche diesen H\u00e4kelkurs und profitiere von einer Eins-zu-eins-Sitzung mit der H\u00e4kelexpertin Assimina Saranti.  Der Kurs konzentriert sich auf Anf\u00e4ngerf\u00e4higkeiten, aber die Inhalte werden je nach Art des Projekts, an dem du arbeiten m\u00f6chtest, und deinen eigenen W\u00fcnschen angepasst. Anzahl der Teilnehmer 2 - entweder 2 Kinder\/Jugendliche oder 1 Elternteil und 1 Kind\/Jugendlicher Sprache Englisch oder Deutsch Dauer 60 Minuten Ort Das B\u00fcro von Swiss Crochet. Datum Sobald der Kurs gebucht ist, werde ich dich per E-Mail kontaktieren, um ein Datum und eine Zeit zu vereinbaren.  &nbsp;  Bevor du diesen Kurs buchst, stelle sicher, dass du die Kursrichtlinien gelesen hast.\" \/>\n<meta property=\"og:url\" content=\"https:\/\/www.swisscrochet.ch\/de\/produkt\/haekeln-fuer-kinder-und-jugendliche\/\" \/>\n<meta property=\"og:site_name\" content=\"Swiss Crochet\" \/>\n<meta property=\"article:modified_time\" content=\"2024-10-23T17:04:30+00:00\" \/>\n<meta property=\"og:image\" content=\"https:\/\/www.swisscrochet.ch\/wp-content\/uploads\/2024\/10\/Swiss-Crochet-Crochet-for-children-and-teenagers-Overview.jpg\" \/>\n\t<meta property=\"og:image:width\" content=\"1000\" \/>\n\t<meta property=\"og:image:height\" content=\"1000\" \/>\n\t<meta property=\"og:image:type\" content=\"image\/jpeg\" \/>\n<meta name=\"twitter:card\" content=\"summary_large_image\" \/>\n<meta name=\"twitter:label1\" content=\"Gesch\u00e4tzte Lesezeit\" \/>\n\t<meta name=\"twitter:data1\" content=\"1\u00a0Minute\" \/>\n<script type=\"application\/ld+json\" class=\"yoast-schema-graph\">{\"@context\":\"https:\\\/\\\/schema.org\",\"@graph\":[{\"@type\":[\"WebPage\",\"ItemPage\"],\"@id\":\"https:\\\/\\\/www.swisscrochet.ch\\\/de\\\/produkt\\\/haekeln-fuer-kinder-und-jugendliche\\\/\",\"url\":\"https:\\\/\\\/www.swisscrochet.ch\\\/de\\\/produkt\\\/haekeln-fuer-kinder-und-jugendliche\\\/\",\"name\":\"H\u00e4keln f\u00fcr Kinder und Jugendliche &#171; Swiss Crochet\",\"isPartOf\":{\"@id\":\"https:\\\/\\\/www.swisscrochet.ch\\\/#website\"},\"primaryImageOfPage\":{\"@id\":\"https:\\\/\\\/www.swisscrochet.ch\\\/de\\\/produkt\\\/haekeln-fuer-kinder-und-jugendliche\\\/#primaryimage\"},\"image\":{\"@id\":\"https:\\\/\\\/www.swisscrochet.ch\\\/de\\\/produkt\\\/haekeln-fuer-kinder-und-jugendliche\\\/#primaryimage\"},\"thumbnailUrl\":\"https:\\\/\\\/www.swisscrochet.ch\\\/wp-content\\\/uploads\\\/2024\\\/10\\\/Swiss-Crochet-Crochet-for-children-and-teenagers-Overview.jpg\",\"datePublished\":\"2024-10-18T14:40:56+00:00\",\"dateModified\":\"2024-10-23T17:04:30+00:00\",\"breadcrumb\":{\"@id\":\"https:\\\/\\\/www.swisscrochet.ch\\\/de\\\/produkt\\\/haekeln-fuer-kinder-und-jugendliche\\\/#breadcrumb\"},\"inLanguage\":\"de\",\"potentialAction\":[{\"@type\":\"ReadAction\",\"target\":[\"https:\\\/\\\/www.swisscrochet.ch\\\/de\\\/produkt\\\/haekeln-fuer-kinder-und-jugendliche\\\/\"]}]},{\"@type\":\"ImageObject\",\"inLanguage\":\"de\",\"@id\":\"https:\\\/\\\/www.swisscrochet.ch\\\/de\\\/produkt\\\/haekeln-fuer-kinder-und-jugendliche\\\/#primaryimage\",\"url\":\"https:\\\/\\\/www.swisscrochet.ch\\\/wp-content\\\/uploads\\\/2024\\\/10\\\/Swiss-Crochet-Crochet-for-children-and-teenagers-Overview.jpg\",\"contentUrl\":\"https:\\\/\\\/www.swisscrochet.ch\\\/wp-content\\\/uploads\\\/2024\\\/10\\\/Swiss-Crochet-Crochet-for-children-and-teenagers-Overview.jpg\",\"width\":1000,\"height\":1000,\"caption\":\"Swiss Crochet Course - Crochet for children and teenagers\"},{\"@type\":\"BreadcrumbList\",\"@id\":\"https:\\\/\\\/www.swisscrochet.ch\\\/de\\\/produkt\\\/haekeln-fuer-kinder-und-jugendliche\\\/#breadcrumb\",\"itemListElement\":[{\"@type\":\"ListItem\",\"position\":1,\"name\":\"Home\",\"item\":\"https:\\\/\\\/www.swisscrochet.ch\\\/de\\\/\"},{\"@type\":\"ListItem\",\"position\":2,\"name\":\"Shop\",\"item\":\"https:\\\/\\\/www.swisscrochet.ch\\\/de\\\/shop\\\/\"},{\"@type\":\"ListItem\",\"position\":3,\"name\":\"H\u00e4keln f\u00fcr Kinder und Jugendliche\"}]},{\"@type\":\"WebSite\",\"@id\":\"https:\\\/\\\/www.swisscrochet.ch\\\/#website\",\"url\":\"https:\\\/\\\/www.swisscrochet.ch\\\/\",\"name\":\"Swiss Crochet\",\"description\":\"Entfalte dein kreatives Potenzial\",\"potentialAction\":[{\"@type\":\"SearchAction\",\"target\":{\"@type\":\"EntryPoint\",\"urlTemplate\":\"https:\\\/\\\/www.swisscrochet.ch\\\/?s={search_term_string}\"},\"query-input\":{\"@type\":\"PropertyValueSpecification\",\"valueRequired\":true,\"valueName\":\"search_term_string\"}}],\"inLanguage\":\"de\"}]}<\/script>\n<!-- \/ Yoast SEO plugin. -->","yoast_head_json":{"title":"H\u00e4keln f\u00fcr Kinder und Jugendliche &#171; Swiss Crochet","robots":{"index":"index","follow":"follow","max-snippet":"max-snippet:-1","max-image-preview":"max-image-preview:large","max-video-preview":"max-video-preview:-1"},"canonical":"https:\/\/www.swisscrochet.ch\/de\/produkt\/haekeln-fuer-kinder-und-jugendliche\/","og_locale":"de_DE","og_type":"article","og_title":"H\u00e4keln f\u00fcr Kinder und Jugendliche &#171; Swiss Crochet","og_description":"M\u00f6chtest du H\u00e4keln lernen? Hast du zum ersten Mal in der Schule geh\u00e4kelt, m\u00f6chtest aber mehr lernen?  Bist du ein Elternteil und m\u00f6chtest einen H\u00e4kelkurs zusammen mit deinem Kind besuchen?  Dann bist du hier genau richtig.  Buche diesen H\u00e4kelkurs und profitiere von einer Eins-zu-eins-Sitzung mit der H\u00e4kelexpertin Assimina Saranti.  Der Kurs konzentriert sich auf Anf\u00e4ngerf\u00e4higkeiten, aber die Inhalte werden je nach Art des Projekts, an dem du arbeiten m\u00f6chtest, und deinen eigenen W\u00fcnschen angepasst. Anzahl der Teilnehmer 2 - entweder 2 Kinder\/Jugendliche oder 1 Elternteil und 1 Kind\/Jugendlicher Sprache Englisch oder Deutsch Dauer 60 Minuten Ort Das B\u00fcro von Swiss Crochet. Datum Sobald der Kurs gebucht ist, werde ich dich per E-Mail kontaktieren, um ein Datum und eine Zeit zu vereinbaren.  &nbsp;  Bevor du diesen Kurs buchst, stelle sicher, dass du die Kursrichtlinien gelesen hast.","og_url":"https:\/\/www.swisscrochet.ch\/de\/produkt\/haekeln-fuer-kinder-und-jugendliche\/","og_site_name":"Swiss Crochet","article_modified_time":"2024-10-23T17:04:30+00:00","og_image":[{"width":1000,"height":1000,"url":"https:\/\/www.swisscrochet.ch\/wp-content\/uploads\/2024\/10\/Swiss-Crochet-Crochet-for-children-and-teenagers-Overview.jpg","type":"image\/jpeg"}],"twitter_card":"summary_large_image","twitter_misc":{"Gesch\u00e4tzte Lesezeit":"1\u00a0Minute"},"schema":{"@context":"https:\/\/schema.org","@graph":[{"@type":["WebPage","ItemPage"],"@id":"https:\/\/www.swisscrochet.ch\/de\/produkt\/haekeln-fuer-kinder-und-jugendliche\/","url":"https:\/\/www.swisscrochet.ch\/de\/produkt\/haekeln-fuer-kinder-und-jugendliche\/","name":"H\u00e4keln f\u00fcr Kinder und Jugendliche &#171; Swiss Crochet","isPartOf":{"@id":"https:\/\/www.swisscrochet.ch\/#website"},"primaryImageOfPage":{"@id":"https:\/\/www.swisscrochet.ch\/de\/produkt\/haekeln-fuer-kinder-und-jugendliche\/#primaryimage"},"image":{"@id":"https:\/\/www.swisscrochet.ch\/de\/produkt\/haekeln-fuer-kinder-und-jugendliche\/#primaryimage"},"thumbnailUrl":"https:\/\/www.swisscrochet.ch\/wp-content\/uploads\/2024\/10\/Swiss-Crochet-Crochet-for-children-and-teenagers-Overview.jpg","datePublished":"2024-10-18T14:40:56+00:00","dateModified":"2024-10-23T17:04:30+00:00","breadcrumb":{"@id":"https:\/\/www.swisscrochet.ch\/de\/produkt\/haekeln-fuer-kinder-und-jugendliche\/#breadcrumb"},"inLanguage":"de","potentialAction":[{"@type":"ReadAction","target":["https:\/\/www.swisscrochet.ch\/de\/produkt\/haekeln-fuer-kinder-und-jugendliche\/"]}]},{"@type":"ImageObject","inLanguage":"de","@id":"https:\/\/www.swisscrochet.ch\/de\/produkt\/haekeln-fuer-kinder-und-jugendliche\/#primaryimage","url":"https:\/\/www.swisscrochet.ch\/wp-content\/uploads\/2024\/10\/Swiss-Crochet-Crochet-for-children-and-teenagers-Overview.jpg","contentUrl":"https:\/\/www.swisscrochet.ch\/wp-content\/uploads\/2024\/10\/Swiss-Crochet-Crochet-for-children-and-teenagers-Overview.jpg","width":1000,"height":1000,"caption":"Swiss Crochet Course - Crochet for children and teenagers"},{"@type":"BreadcrumbList","@id":"https:\/\/www.swisscrochet.ch\/de\/produkt\/haekeln-fuer-kinder-und-jugendliche\/#breadcrumb","itemListElement":[{"@type":"ListItem","position":1,"name":"Home","item":"https:\/\/www.swisscrochet.ch\/de\/"},{"@type":"ListItem","position":2,"name":"Shop","item":"https:\/\/www.swisscrochet.ch\/de\/shop\/"},{"@type":"ListItem","position":3,"name":"H\u00e4keln f\u00fcr Kinder und Jugendliche"}]},{"@type":"WebSite","@id":"https:\/\/www.swisscrochet.ch\/#website","url":"https:\/\/www.swisscrochet.ch\/","name":"Swiss Crochet","description":"Entfalte dein kreatives Potenzial","potentialAction":[{"@type":"SearchAction","target":{"@type":"EntryPoint","urlTemplate":"https:\/\/www.swisscrochet.ch\/?s={search_term_string}"},"query-input":{"@type":"PropertyValueSpecification","valueRequired":true,"valueName":"search_term_string"}}],"inLanguage":"de"}]}},"_links":{"self":[{"href":"https:\/\/www.swisscrochet.ch\/de\/wp-json\/wp\/v2\/product\/773","targetHints":{"allow":["GET"]}}],"collection":[{"href":"https:\/\/www.swisscrochet.ch\/de\/wp-json\/wp\/v2\/product"}],"about":[{"href":"https:\/\/www.swisscrochet.ch\/de\/wp-json\/wp\/v2\/types\/product"}],"wp:featuredmedia":[{"embeddable":true,"href":"https:\/\/www.swisscrochet.ch\/de\/wp-json\/wp\/v2\/media\/472"}],"wp:attachment":[{"href":"https:\/\/www.swisscrochet.ch\/de\/wp-json\/wp\/v2\/media?parent=773"}],"wp:term":[{"taxonomy":"product_brand","embeddable":true,"href":"https:\/\/www.swisscrochet.ch\/de\/wp-json\/wp\/v2\/product_brand?post=773"},{"taxonomy":"product_cat","embeddable":true,"href":"https:\/\/www.swisscrochet.ch\/de\/wp-json\/wp\/v2\/product_cat?post=773"},{"taxonomy":"product_tag","embeddable":true,"href":"https:\/\/www.swisscrochet.ch\/de\/wp-json\/wp\/v2\/product_tag?post=773"}],"curies":[{"name":"wp","href":"https:\/\/api.w.org\/{rel}","templated":true}]}}