{"id":780,"date":"2024-10-18T15:59:28","date_gmt":"2024-10-18T13:59:28","guid":{"rendered":"https:\/\/www.swisscrochet.ch\/product\/captain-hook\/"},"modified":"2026-04-12T20:12:25","modified_gmt":"2026-04-12T18:12:25","slug":"captain-hook","status":"publish","type":"product","link":"https:\/\/www.swisscrochet.ch\/de\/produkt\/captain-hook\/","title":{"rendered":"Captain Hook &#8211; Privater H\u00e4kelkurs"},"content":{"rendered":"","protected":false},"excerpt":{"rendered":"<p>M\u00f6chtest du eine neue H\u00e4keltechnik lernen oder deine F\u00e4higkeiten mit professioneller Unterst\u00fctzung verbessern?<br \/>\nSuchst du nach fachkundigen Tipps, die dein H\u00e4keln wirklich auf das n\u00e4chste Level bringen?<\/p>\n<p>Dann bist du hier genau richtig.<\/p>\n<p>Buche einen privaten H\u00e4kelkurs und geniesse eine individuelle Einzelstunde mit der H\u00e4keldesignerin Assimina Saranti. Egal, ob du gerade erst anf\u00e4ngst oder fortgeschrittene Techniken meistern m\u00f6chtest \u2013 diese Session wird vollst\u00e4ndig auf deine Bed\u00fcrfnisse abgestimmt.<\/p>\n<p><strong>Anzahl Teilnehmerinnen: <\/strong>1<\/p>\n<p><strong>Sprache<\/strong>: Englisch oder Deutsch<\/p>\n<p><strong>Dauer<\/strong>: 60 Minuten<\/p>\n<p><strong>Ort: <\/strong><\/p>\n<ul>\n<li><strong>Vor Ort<\/strong>: Swiss Crochet <a href=\"https:\/\/www.swisscrochet.ch\/de\/impressum\/\">B\u00fcro<\/a><\/li>\n<li><strong>Online<\/strong>: bequem von zu Hause aus<\/li>\n<\/ul>\n<p><strong>Datum<\/strong>: Nach der Buchung wirst du per E-Mail kontaktiert, um einen passenden Termin zu vereinbaren.<\/p>\n<p><strong>Thema<\/strong>: Du entscheidest, worauf du dich konzentrieren m\u00f6chtest. Hier sind einige Themen, die du vertiefen oder lernen kannst:<\/p>\n<ul>\n<li>Die richtigen Garne f\u00fcr H\u00e4kelprojekte ausw\u00e4hlen<\/li>\n<li>H\u00e4kelschriften lesen und Musterwiederholungen erkennen<\/li>\n<li>Grundh\u00e4kelmaschen und ihre Variationen<\/li>\n<li>Oberfl\u00e4chenstrukturen im H\u00e4keln erzeugen<\/li>\n<li>Fileth\u00e4keln<\/li>\n<li>Motive verbinden und Arbeiten fertigstellen<\/li>\n<li>H\u00e4kelsocken<\/li>\n<li>Verk\u00fcrzte Reihen<\/li>\n<li>Irisches H\u00e4keln<\/li>\n<li>Tunesisches H\u00e4keln<\/li>\n<li>Professionelle Abschlusstechniken<\/li>\n<li>Kleidungsst\u00fccke konstruieren<\/li>\n<\/ul>\n<p><strong>Bevor du diesen Kurs buchst<\/strong>, stelle sicher, dass du die <a href=\"https:\/\/www.swisscrochet.ch\/de\/allgemeine-geschaeftsbedingungen\/#courses\">Kursrichtlinien<\/a> gelesen hast.<\/p>\n","protected":false},"featured_media":29889,"template":"","meta":[],"product_brand":[],"product_cat":[212],"product_tag":[],"class_list":{"0":"post-780","1":"product","2":"type-product","3":"status-publish","4":"has-post-thumbnail","6":"product_cat-kurse","7":"description-off","9":"first","10":"instock","11":"taxable","12":"shipping-taxable","13":"purchasable","14":"product-type-variable","15":"wvs-archive-product-wrapper"},"bundled_by":[],"bundle_stock_status":"instock","bundle_stock_quantity":null,"bundle_virtual":false,"bundle_layout":"","bundle_add_to_cart_form_location":"","bundle_editable_in_cart":false,"bundle_sold_individually_context":"","bundle_item_grouping":"","bundle_min_size":"","bundle_max_size":"","bundle_price":[],"bundled_items":[],"bundle_sell_ids":[],"yoast_head":"<!-- This site is optimized with the Yoast SEO plugin v27.5 - https:\/\/yoast.com\/product\/yoast-seo-wordpress\/ -->\n<title>Captain Hook - Privater H\u00e4kelkurs &#171; Swiss Crochet<\/title>\n<meta name=\"description\" content=\"Buche einen privaten H\u00e4kelkurs und lerne neue Techniken schnell. Individuelle 1:1-Sessions vor Ort oder online verf\u00fcgbar.\" \/>\n<meta name=\"robots\" content=\"index, follow, max-snippet:-1, max-image-preview:large, max-video-preview:-1\" \/>\n<link rel=\"canonical\" href=\"https:\/\/www.swisscrochet.ch\/de\/produkt\/captain-hook\/\" \/>\n<meta property=\"og:locale\" content=\"de_DE\" \/>\n<meta property=\"og:type\" content=\"article\" \/>\n<meta property=\"og:title\" content=\"Captain Hook - Privater H\u00e4kelkurs &#171; Swiss Crochet\" \/>\n<meta property=\"og:description\" content=\"Buche einen privaten H\u00e4kelkurs und lerne neue Techniken schnell. Individuelle 1:1-Sessions vor Ort oder online verf\u00fcgbar.\" \/>\n<meta property=\"og:url\" content=\"https:\/\/www.swisscrochet.ch\/de\/produkt\/captain-hook\/\" \/>\n<meta property=\"og:site_name\" content=\"Swiss Crochet\" \/>\n<meta property=\"article:modified_time\" content=\"2026-04-12T18:12:25+00:00\" \/>\n<meta property=\"og:image\" content=\"https:\/\/www.swisscrochet.ch\/wp-content\/uploads\/2024\/10\/Captain-Hook-Private-Crochet-Course-Overview.jpg\" \/>\n\t<meta property=\"og:image:width\" content=\"1000\" \/>\n\t<meta property=\"og:image:height\" content=\"1000\" \/>\n\t<meta property=\"og:image:type\" content=\"image\/jpeg\" \/>\n<meta name=\"twitter:card\" content=\"summary_large_image\" \/>\n<meta name=\"twitter:label1\" content=\"Gesch\u00e4tzte Lesezeit\" \/>\n\t<meta name=\"twitter:data1\" content=\"1\u00a0Minute\" \/>\n<script type=\"application\/ld+json\" class=\"yoast-schema-graph\">{\"@context\":\"https:\\\/\\\/schema.org\",\"@graph\":[{\"@type\":[\"WebPage\",\"ItemPage\"],\"@id\":\"https:\\\/\\\/www.swisscrochet.ch\\\/de\\\/produkt\\\/captain-hook\\\/\",\"url\":\"https:\\\/\\\/www.swisscrochet.ch\\\/de\\\/produkt\\\/captain-hook\\\/\",\"name\":\"Captain Hook - Privater H\u00e4kelkurs &#171; Swiss Crochet\",\"isPartOf\":{\"@id\":\"https:\\\/\\\/www.swisscrochet.ch\\\/#website\"},\"primaryImageOfPage\":{\"@id\":\"https:\\\/\\\/www.swisscrochet.ch\\\/de\\\/produkt\\\/captain-hook\\\/#primaryimage\"},\"image\":{\"@id\":\"https:\\\/\\\/www.swisscrochet.ch\\\/de\\\/produkt\\\/captain-hook\\\/#primaryimage\"},\"thumbnailUrl\":\"https:\\\/\\\/www.swisscrochet.ch\\\/wp-content\\\/uploads\\\/2024\\\/10\\\/Captain-Hook-Private-Crochet-Course-Overview.jpg\",\"datePublished\":\"2024-10-18T13:59:28+00:00\",\"dateModified\":\"2026-04-12T18:12:25+00:00\",\"description\":\"Buche einen privaten H\u00e4kelkurs und lerne neue Techniken schnell. Individuelle 1:1-Sessions vor Ort oder online verf\u00fcgbar.\",\"breadcrumb\":{\"@id\":\"https:\\\/\\\/www.swisscrochet.ch\\\/de\\\/produkt\\\/captain-hook\\\/#breadcrumb\"},\"inLanguage\":\"de\",\"potentialAction\":[{\"@type\":\"ReadAction\",\"target\":[\"https:\\\/\\\/www.swisscrochet.ch\\\/de\\\/produkt\\\/captain-hook\\\/\"]}]},{\"@type\":\"ImageObject\",\"inLanguage\":\"de\",\"@id\":\"https:\\\/\\\/www.swisscrochet.ch\\\/de\\\/produkt\\\/captain-hook\\\/#primaryimage\",\"url\":\"https:\\\/\\\/www.swisscrochet.ch\\\/wp-content\\\/uploads\\\/2024\\\/10\\\/Captain-Hook-Private-Crochet-Course-Overview.jpg\",\"contentUrl\":\"https:\\\/\\\/www.swisscrochet.ch\\\/wp-content\\\/uploads\\\/2024\\\/10\\\/Captain-Hook-Private-Crochet-Course-Overview.jpg\",\"width\":1000,\"height\":1000},{\"@type\":\"BreadcrumbList\",\"@id\":\"https:\\\/\\\/www.swisscrochet.ch\\\/de\\\/produkt\\\/captain-hook\\\/#breadcrumb\",\"itemListElement\":[{\"@type\":\"ListItem\",\"position\":1,\"name\":\"Home\",\"item\":\"https:\\\/\\\/www.swisscrochet.ch\\\/de\\\/\"},{\"@type\":\"ListItem\",\"position\":2,\"name\":\"Shop\",\"item\":\"https:\\\/\\\/www.swisscrochet.ch\\\/de\\\/shop\\\/\"},{\"@type\":\"ListItem\",\"position\":3,\"name\":\"Captain Hook &#8211; Privater H\u00e4kelkurs\"}]},{\"@type\":\"WebSite\",\"@id\":\"https:\\\/\\\/www.swisscrochet.ch\\\/#website\",\"url\":\"https:\\\/\\\/www.swisscrochet.ch\\\/\",\"name\":\"Swiss Crochet\",\"description\":\"Entfalte dein kreatives Potenzial\",\"potentialAction\":[{\"@type\":\"SearchAction\",\"target\":{\"@type\":\"EntryPoint\",\"urlTemplate\":\"https:\\\/\\\/www.swisscrochet.ch\\\/?s={search_term_string}\"},\"query-input\":{\"@type\":\"PropertyValueSpecification\",\"valueRequired\":true,\"valueName\":\"search_term_string\"}}],\"inLanguage\":\"de\"}]}<\/script>\n<!-- \/ Yoast SEO plugin. -->","yoast_head_json":{"title":"Captain Hook - Privater H\u00e4kelkurs &#171; Swiss Crochet","description":"Buche einen privaten H\u00e4kelkurs und lerne neue Techniken schnell. Individuelle 1:1-Sessions vor Ort oder online verf\u00fcgbar.","robots":{"index":"index","follow":"follow","max-snippet":"max-snippet:-1","max-image-preview":"max-image-preview:large","max-video-preview":"max-video-preview:-1"},"canonical":"https:\/\/www.swisscrochet.ch\/de\/produkt\/captain-hook\/","og_locale":"de_DE","og_type":"article","og_title":"Captain Hook - Privater H\u00e4kelkurs &#171; Swiss Crochet","og_description":"Buche einen privaten H\u00e4kelkurs und lerne neue Techniken schnell. Individuelle 1:1-Sessions vor Ort oder online verf\u00fcgbar.","og_url":"https:\/\/www.swisscrochet.ch\/de\/produkt\/captain-hook\/","og_site_name":"Swiss Crochet","article_modified_time":"2026-04-12T18:12:25+00:00","og_image":[{"width":1000,"height":1000,"url":"https:\/\/www.swisscrochet.ch\/wp-content\/uploads\/2024\/10\/Captain-Hook-Private-Crochet-Course-Overview.jpg","type":"image\/jpeg"}],"twitter_card":"summary_large_image","twitter_misc":{"Gesch\u00e4tzte Lesezeit":"1\u00a0Minute"},"schema":{"@context":"https:\/\/schema.org","@graph":[{"@type":["WebPage","ItemPage"],"@id":"https:\/\/www.swisscrochet.ch\/de\/produkt\/captain-hook\/","url":"https:\/\/www.swisscrochet.ch\/de\/produkt\/captain-hook\/","name":"Captain Hook - Privater H\u00e4kelkurs &#171; Swiss Crochet","isPartOf":{"@id":"https:\/\/www.swisscrochet.ch\/#website"},"primaryImageOfPage":{"@id":"https:\/\/www.swisscrochet.ch\/de\/produkt\/captain-hook\/#primaryimage"},"image":{"@id":"https:\/\/www.swisscrochet.ch\/de\/produkt\/captain-hook\/#primaryimage"},"thumbnailUrl":"https:\/\/www.swisscrochet.ch\/wp-content\/uploads\/2024\/10\/Captain-Hook-Private-Crochet-Course-Overview.jpg","datePublished":"2024-10-18T13:59:28+00:00","dateModified":"2026-04-12T18:12:25+00:00","description":"Buche einen privaten H\u00e4kelkurs und lerne neue Techniken schnell. Individuelle 1:1-Sessions vor Ort oder online verf\u00fcgbar.","breadcrumb":{"@id":"https:\/\/www.swisscrochet.ch\/de\/produkt\/captain-hook\/#breadcrumb"},"inLanguage":"de","potentialAction":[{"@type":"ReadAction","target":["https:\/\/www.swisscrochet.ch\/de\/produkt\/captain-hook\/"]}]},{"@type":"ImageObject","inLanguage":"de","@id":"https:\/\/www.swisscrochet.ch\/de\/produkt\/captain-hook\/#primaryimage","url":"https:\/\/www.swisscrochet.ch\/wp-content\/uploads\/2024\/10\/Captain-Hook-Private-Crochet-Course-Overview.jpg","contentUrl":"https:\/\/www.swisscrochet.ch\/wp-content\/uploads\/2024\/10\/Captain-Hook-Private-Crochet-Course-Overview.jpg","width":1000,"height":1000},{"@type":"BreadcrumbList","@id":"https:\/\/www.swisscrochet.ch\/de\/produkt\/captain-hook\/#breadcrumb","itemListElement":[{"@type":"ListItem","position":1,"name":"Home","item":"https:\/\/www.swisscrochet.ch\/de\/"},{"@type":"ListItem","position":2,"name":"Shop","item":"https:\/\/www.swisscrochet.ch\/de\/shop\/"},{"@type":"ListItem","position":3,"name":"Captain Hook &#8211; Privater H\u00e4kelkurs"}]},{"@type":"WebSite","@id":"https:\/\/www.swisscrochet.ch\/#website","url":"https:\/\/www.swisscrochet.ch\/","name":"Swiss Crochet","description":"Entfalte dein kreatives Potenzial","potentialAction":[{"@type":"SearchAction","target":{"@type":"EntryPoint","urlTemplate":"https:\/\/www.swisscrochet.ch\/?s={search_term_string}"},"query-input":{"@type":"PropertyValueSpecification","valueRequired":true,"valueName":"search_term_string"}}],"inLanguage":"de"}]}},"_links":{"self":[{"href":"https:\/\/www.swisscrochet.ch\/de\/wp-json\/wp\/v2\/product\/780","targetHints":{"allow":["GET"]}}],"collection":[{"href":"https:\/\/www.swisscrochet.ch\/de\/wp-json\/wp\/v2\/product"}],"about":[{"href":"https:\/\/www.swisscrochet.ch\/de\/wp-json\/wp\/v2\/types\/product"}],"wp:featuredmedia":[{"embeddable":true,"href":"https:\/\/www.swisscrochet.ch\/de\/wp-json\/wp\/v2\/media\/29889"}],"wp:attachment":[{"href":"https:\/\/www.swisscrochet.ch\/de\/wp-json\/wp\/v2\/media?parent=780"}],"wp:term":[{"taxonomy":"product_brand","embeddable":true,"href":"https:\/\/www.swisscrochet.ch\/de\/wp-json\/wp\/v2\/product_brand?post=780"},{"taxonomy":"product_cat","embeddable":true,"href":"https:\/\/www.swisscrochet.ch\/de\/wp-json\/wp\/v2\/product_cat?post=780"},{"taxonomy":"product_tag","embeddable":true,"href":"https:\/\/www.swisscrochet.ch\/de\/wp-json\/wp\/v2\/product_tag?post=780"}],"curies":[{"name":"wp","href":"https:\/\/api.w.org\/{rel}","templated":true}]}}