{"id":8340,"date":"2025-06-20T19:30:22","date_gmt":"2025-06-20T17:30:22","guid":{"rendered":"https:\/\/www.swisscrochet.ch\/product\/animal-eyes-black-1-piece\/"},"modified":"2026-04-07T14:50:53","modified_gmt":"2026-04-07T12:50:53","slug":"animal-eyes-black-1-piece","status":"publish","type":"product","link":"https:\/\/www.swisscrochet.ch\/de\/produkt\/animal-eyes-black-1-piece\/","title":{"rendered":"Tieraugen \u2013 Schwarz \u2013 1 St\u00fcck"},"content":{"rendered":"","protected":false},"excerpt":{"rendered":"<p>Verleihe deinen H\u00e4kelpuppen und Amigurumi-Figuren Pers\u00f6nlichkeit und Ausdruck mit diesen klassischen schwarzen Sicherheitsaugen. Hergestellt aus robustem Kunststoff, wird jedes Auge mit einem passenden Gegenst\u00fcck geliefert, das auf der Innenseite des Projekts befestigt wird \u2013 so bleibt das Auge fest an Ort und Stelle und l\u00f6st sich auch mit der Zeit nicht.<\/p>\n<p>Diese Sicherheitsaugen sind ideal f\u00fcr Stofftiere, Puppen und andere handgemachte Spielzeuge. Sie sind in vielen Gr\u00f6ssen von 5mm bis 30mm erh\u00e4ltlich, sodass du sowohl kleine als auch gr\u00f6ssere Projekte umsetzen kannst. Ob du einem kleinen B\u00e4rchen ein Funkeln verleihen oder ein gr\u00f6sseres Kuscheltier vollenden m\u00f6chtest \u2013 hier findest du die passende Gr\u00f6sse.<\/p>\n<p><strong>Wird einzeln verkauft. Kunststoff-Gegenst\u00fcck im Lieferumfang enthalten.<\/strong><\/p>\n","protected":false},"featured_media":8045,"template":"","meta":[],"product_brand":[],"product_cat":[559,220],"product_tag":[],"class_list":{"0":"post-8340","1":"product","2":"type-product","3":"status-publish","4":"has-post-thumbnail","6":"product_cat-anderes-zubehoer","7":"product_cat-hakelnadeln-und-zubehor","8":"product_shipping_class-kleinsendungen","9":"description-off","11":"first","12":"instock","13":"taxable","14":"shipping-taxable","15":"purchasable","16":"product-type-variable","17":"wvs-archive-product-wrapper"},"bundled_by":["29133","29150","29150"],"bundle_stock_status":"instock","bundle_stock_quantity":null,"bundle_virtual":false,"bundle_layout":"","bundle_add_to_cart_form_location":"","bundle_editable_in_cart":false,"bundle_sold_individually_context":"","bundle_item_grouping":"","bundle_min_size":"","bundle_max_size":"","bundle_price":[],"bundled_items":[],"bundle_sell_ids":[],"yoast_head":"<!-- This site is optimized with the Yoast SEO plugin v27.5 - https:\/\/yoast.com\/product\/yoast-seo-wordpress\/ -->\n<title>Tieraugen \u2013 Schwarz \u2013 1 St\u00fcck &#171; Swiss Crochet<\/title>\n<meta name=\"description\" content=\"Sichere schwarze Sicherheitsaugen f\u00fcr H\u00e4kelpuppen und Amigurumi. Erh\u00e4ltlich in Gr\u00f6ssen von 5mm bis 30mm, jedes St\u00fcck wird mit einem Kunststoff-Gegenst\u00fcck geliefert, das es fest an Ort und Stelle h\u00e4lt.\" \/>\n<meta name=\"robots\" content=\"index, follow, max-snippet:-1, max-image-preview:large, max-video-preview:-1\" \/>\n<link rel=\"canonical\" href=\"https:\/\/www.swisscrochet.ch\/de\/produkt\/animal-eyes-black-1-piece\/\" \/>\n<meta property=\"og:locale\" content=\"de_DE\" \/>\n<meta property=\"og:type\" content=\"article\" \/>\n<meta property=\"og:title\" content=\"Tieraugen \u2013 Schwarz \u2013 1 St\u00fcck &#171; Swiss Crochet\" \/>\n<meta property=\"og:description\" content=\"Sichere schwarze Sicherheitsaugen f\u00fcr H\u00e4kelpuppen und Amigurumi. Erh\u00e4ltlich in Gr\u00f6ssen von 5mm bis 30mm, jedes St\u00fcck wird mit einem Kunststoff-Gegenst\u00fcck geliefert, das es fest an Ort und Stelle h\u00e4lt.\" \/>\n<meta property=\"og:url\" content=\"https:\/\/www.swisscrochet.ch\/de\/produkt\/animal-eyes-black-1-piece\/\" \/>\n<meta property=\"og:site_name\" content=\"Swiss Crochet\" \/>\n<meta property=\"article:modified_time\" content=\"2026-04-07T12:50:53+00:00\" \/>\n<meta property=\"og:image\" content=\"https:\/\/www.swisscrochet.ch\/wp-content\/uploads\/2025\/06\/Animal-Eyes-Black-Overview.jpg\" \/>\n\t<meta property=\"og:image:width\" content=\"1000\" \/>\n\t<meta property=\"og:image:height\" content=\"1000\" \/>\n\t<meta property=\"og:image:type\" content=\"image\/jpeg\" \/>\n<meta name=\"twitter:card\" content=\"summary_large_image\" \/>\n<meta name=\"twitter:label1\" content=\"Gesch\u00e4tzte Lesezeit\" \/>\n\t<meta name=\"twitter:data1\" content=\"1\u00a0Minute\" \/>\n<script type=\"application\/ld+json\" class=\"yoast-schema-graph\">{\"@context\":\"https:\\\/\\\/schema.org\",\"@graph\":[{\"@type\":[\"WebPage\",\"ItemPage\"],\"@id\":\"https:\\\/\\\/www.swisscrochet.ch\\\/de\\\/produkt\\\/animal-eyes-black-1-piece\\\/\",\"url\":\"https:\\\/\\\/www.swisscrochet.ch\\\/de\\\/produkt\\\/animal-eyes-black-1-piece\\\/\",\"name\":\"Tieraugen \u2013 Schwarz \u2013 1 St\u00fcck &#171; Swiss Crochet\",\"isPartOf\":{\"@id\":\"https:\\\/\\\/www.swisscrochet.ch\\\/#website\"},\"primaryImageOfPage\":{\"@id\":\"https:\\\/\\\/www.swisscrochet.ch\\\/de\\\/produkt\\\/animal-eyes-black-1-piece\\\/#primaryimage\"},\"image\":{\"@id\":\"https:\\\/\\\/www.swisscrochet.ch\\\/de\\\/produkt\\\/animal-eyes-black-1-piece\\\/#primaryimage\"},\"thumbnailUrl\":\"https:\\\/\\\/www.swisscrochet.ch\\\/wp-content\\\/uploads\\\/2025\\\/06\\\/Animal-Eyes-Black-Overview.jpg\",\"datePublished\":\"2025-06-20T17:30:22+00:00\",\"dateModified\":\"2026-04-07T12:50:53+00:00\",\"description\":\"Sichere schwarze Sicherheitsaugen f\u00fcr H\u00e4kelpuppen und Amigurumi. Erh\u00e4ltlich in Gr\u00f6ssen von 5mm bis 30mm, jedes St\u00fcck wird mit einem Kunststoff-Gegenst\u00fcck geliefert, das es fest an Ort und Stelle h\u00e4lt.\",\"breadcrumb\":{\"@id\":\"https:\\\/\\\/www.swisscrochet.ch\\\/de\\\/produkt\\\/animal-eyes-black-1-piece\\\/#breadcrumb\"},\"inLanguage\":\"de\",\"potentialAction\":[{\"@type\":\"ReadAction\",\"target\":[\"https:\\\/\\\/www.swisscrochet.ch\\\/de\\\/produkt\\\/animal-eyes-black-1-piece\\\/\"]}]},{\"@type\":\"ImageObject\",\"inLanguage\":\"de\",\"@id\":\"https:\\\/\\\/www.swisscrochet.ch\\\/de\\\/produkt\\\/animal-eyes-black-1-piece\\\/#primaryimage\",\"url\":\"https:\\\/\\\/www.swisscrochet.ch\\\/wp-content\\\/uploads\\\/2025\\\/06\\\/Animal-Eyes-Black-Overview.jpg\",\"contentUrl\":\"https:\\\/\\\/www.swisscrochet.ch\\\/wp-content\\\/uploads\\\/2025\\\/06\\\/Animal-Eyes-Black-Overview.jpg\",\"width\":1000,\"height\":1000},{\"@type\":\"BreadcrumbList\",\"@id\":\"https:\\\/\\\/www.swisscrochet.ch\\\/de\\\/produkt\\\/animal-eyes-black-1-piece\\\/#breadcrumb\",\"itemListElement\":[{\"@type\":\"ListItem\",\"position\":1,\"name\":\"Home\",\"item\":\"https:\\\/\\\/www.swisscrochet.ch\\\/de\\\/\"},{\"@type\":\"ListItem\",\"position\":2,\"name\":\"Shop\",\"item\":\"https:\\\/\\\/www.swisscrochet.ch\\\/de\\\/shop\\\/\"},{\"@type\":\"ListItem\",\"position\":3,\"name\":\"Tieraugen \u2013 Schwarz \u2013 1 St\u00fcck\"}]},{\"@type\":\"WebSite\",\"@id\":\"https:\\\/\\\/www.swisscrochet.ch\\\/#website\",\"url\":\"https:\\\/\\\/www.swisscrochet.ch\\\/\",\"name\":\"Swiss Crochet\",\"description\":\"Entfalte dein kreatives Potenzial\",\"potentialAction\":[{\"@type\":\"SearchAction\",\"target\":{\"@type\":\"EntryPoint\",\"urlTemplate\":\"https:\\\/\\\/www.swisscrochet.ch\\\/?s={search_term_string}\"},\"query-input\":{\"@type\":\"PropertyValueSpecification\",\"valueRequired\":true,\"valueName\":\"search_term_string\"}}],\"inLanguage\":\"de\"}]}<\/script>\n<!-- \/ Yoast SEO plugin. -->","yoast_head_json":{"title":"Tieraugen \u2013 Schwarz \u2013 1 St\u00fcck &#171; Swiss Crochet","description":"Sichere schwarze Sicherheitsaugen f\u00fcr H\u00e4kelpuppen und Amigurumi. Erh\u00e4ltlich in Gr\u00f6ssen von 5mm bis 30mm, jedes St\u00fcck wird mit einem Kunststoff-Gegenst\u00fcck geliefert, das es fest an Ort und Stelle h\u00e4lt.","robots":{"index":"index","follow":"follow","max-snippet":"max-snippet:-1","max-image-preview":"max-image-preview:large","max-video-preview":"max-video-preview:-1"},"canonical":"https:\/\/www.swisscrochet.ch\/de\/produkt\/animal-eyes-black-1-piece\/","og_locale":"de_DE","og_type":"article","og_title":"Tieraugen \u2013 Schwarz \u2013 1 St\u00fcck &#171; Swiss Crochet","og_description":"Sichere schwarze Sicherheitsaugen f\u00fcr H\u00e4kelpuppen und Amigurumi. Erh\u00e4ltlich in Gr\u00f6ssen von 5mm bis 30mm, jedes St\u00fcck wird mit einem Kunststoff-Gegenst\u00fcck geliefert, das es fest an Ort und Stelle h\u00e4lt.","og_url":"https:\/\/www.swisscrochet.ch\/de\/produkt\/animal-eyes-black-1-piece\/","og_site_name":"Swiss Crochet","article_modified_time":"2026-04-07T12:50:53+00:00","og_image":[{"width":1000,"height":1000,"url":"https:\/\/www.swisscrochet.ch\/wp-content\/uploads\/2025\/06\/Animal-Eyes-Black-Overview.jpg","type":"image\/jpeg"}],"twitter_card":"summary_large_image","twitter_misc":{"Gesch\u00e4tzte Lesezeit":"1\u00a0Minute"},"schema":{"@context":"https:\/\/schema.org","@graph":[{"@type":["WebPage","ItemPage"],"@id":"https:\/\/www.swisscrochet.ch\/de\/produkt\/animal-eyes-black-1-piece\/","url":"https:\/\/www.swisscrochet.ch\/de\/produkt\/animal-eyes-black-1-piece\/","name":"Tieraugen \u2013 Schwarz \u2013 1 St\u00fcck &#171; Swiss Crochet","isPartOf":{"@id":"https:\/\/www.swisscrochet.ch\/#website"},"primaryImageOfPage":{"@id":"https:\/\/www.swisscrochet.ch\/de\/produkt\/animal-eyes-black-1-piece\/#primaryimage"},"image":{"@id":"https:\/\/www.swisscrochet.ch\/de\/produkt\/animal-eyes-black-1-piece\/#primaryimage"},"thumbnailUrl":"https:\/\/www.swisscrochet.ch\/wp-content\/uploads\/2025\/06\/Animal-Eyes-Black-Overview.jpg","datePublished":"2025-06-20T17:30:22+00:00","dateModified":"2026-04-07T12:50:53+00:00","description":"Sichere schwarze Sicherheitsaugen f\u00fcr H\u00e4kelpuppen und Amigurumi. Erh\u00e4ltlich in Gr\u00f6ssen von 5mm bis 30mm, jedes St\u00fcck wird mit einem Kunststoff-Gegenst\u00fcck geliefert, das es fest an Ort und Stelle h\u00e4lt.","breadcrumb":{"@id":"https:\/\/www.swisscrochet.ch\/de\/produkt\/animal-eyes-black-1-piece\/#breadcrumb"},"inLanguage":"de","potentialAction":[{"@type":"ReadAction","target":["https:\/\/www.swisscrochet.ch\/de\/produkt\/animal-eyes-black-1-piece\/"]}]},{"@type":"ImageObject","inLanguage":"de","@id":"https:\/\/www.swisscrochet.ch\/de\/produkt\/animal-eyes-black-1-piece\/#primaryimage","url":"https:\/\/www.swisscrochet.ch\/wp-content\/uploads\/2025\/06\/Animal-Eyes-Black-Overview.jpg","contentUrl":"https:\/\/www.swisscrochet.ch\/wp-content\/uploads\/2025\/06\/Animal-Eyes-Black-Overview.jpg","width":1000,"height":1000},{"@type":"BreadcrumbList","@id":"https:\/\/www.swisscrochet.ch\/de\/produkt\/animal-eyes-black-1-piece\/#breadcrumb","itemListElement":[{"@type":"ListItem","position":1,"name":"Home","item":"https:\/\/www.swisscrochet.ch\/de\/"},{"@type":"ListItem","position":2,"name":"Shop","item":"https:\/\/www.swisscrochet.ch\/de\/shop\/"},{"@type":"ListItem","position":3,"name":"Tieraugen \u2013 Schwarz \u2013 1 St\u00fcck"}]},{"@type":"WebSite","@id":"https:\/\/www.swisscrochet.ch\/#website","url":"https:\/\/www.swisscrochet.ch\/","name":"Swiss Crochet","description":"Entfalte dein kreatives Potenzial","potentialAction":[{"@type":"SearchAction","target":{"@type":"EntryPoint","urlTemplate":"https:\/\/www.swisscrochet.ch\/?s={search_term_string}"},"query-input":{"@type":"PropertyValueSpecification","valueRequired":true,"valueName":"search_term_string"}}],"inLanguage":"de"}]}},"_links":{"self":[{"href":"https:\/\/www.swisscrochet.ch\/de\/wp-json\/wp\/v2\/product\/8340","targetHints":{"allow":["GET"]}}],"collection":[{"href":"https:\/\/www.swisscrochet.ch\/de\/wp-json\/wp\/v2\/product"}],"about":[{"href":"https:\/\/www.swisscrochet.ch\/de\/wp-json\/wp\/v2\/types\/product"}],"wp:featuredmedia":[{"embeddable":true,"href":"https:\/\/www.swisscrochet.ch\/de\/wp-json\/wp\/v2\/media\/8045"}],"wp:attachment":[{"href":"https:\/\/www.swisscrochet.ch\/de\/wp-json\/wp\/v2\/media?parent=8340"}],"wp:term":[{"taxonomy":"product_brand","embeddable":true,"href":"https:\/\/www.swisscrochet.ch\/de\/wp-json\/wp\/v2\/product_brand?post=8340"},{"taxonomy":"product_cat","embeddable":true,"href":"https:\/\/www.swisscrochet.ch\/de\/wp-json\/wp\/v2\/product_cat?post=8340"},{"taxonomy":"product_tag","embeddable":true,"href":"https:\/\/www.swisscrochet.ch\/de\/wp-json\/wp\/v2\/product_tag?post=8340"}],"curies":[{"name":"wp","href":"https:\/\/api.w.org\/{rel}","templated":true}]}}