{"id":8464,"date":"2025-06-20T17:31:00","date_gmt":"2025-06-20T15:31:00","guid":{"rendered":"https:\/\/www.swisscrochet.ch\/product\/animal-eyes-colored-1-piece\/"},"modified":"2025-10-23T16:58:22","modified_gmt":"2025-10-23T14:58:22","slug":"tieraugen-farbige-1-stueck","status":"publish","type":"product","link":"https:\/\/www.swisscrochet.ch\/de\/produkt\/tieraugen-farbige-1-stueck\/","title":{"rendered":"Tieraugen \u2013 Farbige \u2013 1 St\u00fcck"},"content":{"rendered":"","protected":false},"excerpt":{"rendered":"<p>Erwecke deine H\u00e4kelpuppen und Amigurumi mit diesen farbenfrohen Sicherheitsaugen zum Leben. Hergestellt aus stabilem Kunststoff, wird jedes Auge mit einer sicheren R\u00fcckseite geliefert, die von innen fest im Projekt einrastet \u2013 f\u00fcr einen festen, kindersicheren Halt, der sich auch bei h\u00e4ufigem Gebrauch oder Spielen nicht l\u00f6st.<\/p>\n<p>Erh\u00e4ltlich in 11 wundersch\u00f6nen Farben und Gr\u00f6ssen von 6mm bis 18mm verleihen diese Augen jedem handgemachten Spielzeug oder Pl\u00fcschtier Charakter, Charme und Ausdruck. W\u00e4hle einen kr\u00e4ftigen Farbton f\u00fcr einen verspielten Look oder eine sanfte Nuance f\u00fcr ein dezenteres Finish \u2013 perfekt f\u00fcr Tiere, Fantasiewesen und alles dazwischen.<\/p>\n<p><strong>Wird einzeln verkauft. Kunststoff-R\u00fcckseite inklusive.<\/strong><\/p>\n","protected":false},"featured_media":8086,"template":"","meta":[],"product_brand":[],"product_cat":[559,220],"product_tag":[],"class_list":{"0":"post-8464","1":"product","2":"type-product","3":"status-publish","4":"has-post-thumbnail","6":"product_cat-anderes-zubehoer","7":"product_cat-hakelnadeln-und-zubehor","8":"product_shipping_class-kleinsendungen","9":"description-off","11":"first","12":"instock","13":"taxable","14":"shipping-taxable","15":"purchasable","16":"product-type-variable","17":"wvs-archive-product-wrapper"},"bundled_by":["17701","17707"],"bundle_stock_status":"instock","bundle_stock_quantity":null,"bundle_virtual":false,"bundle_layout":"","bundle_add_to_cart_form_location":"","bundle_editable_in_cart":false,"bundle_sold_individually_context":"","bundle_item_grouping":"","bundle_min_size":"","bundle_max_size":"","bundle_price":[],"bundled_items":[],"bundle_sell_ids":[],"yoast_head":"<!-- This site is optimized with the Yoast SEO plugin v27.5 - https:\/\/yoast.com\/product\/yoast-seo-wordpress\/ -->\n<title>Tieraugen \u2013 Farbige \u2013 1 St\u00fcck &#171; Swiss Crochet<\/title>\n<meta name=\"description\" content=\"Verleihe deinen H\u00e4kelpuppen und Amigurumis mit farbigen Sicherheitsaugen ausdrucksstarke Details. Erh\u00e4ltlich in 11 Farben und in Gr\u00f6ssen von 6mm bis 18mm. Pro St\u00fcck mit Sicherung verkauft.\" \/>\n<meta name=\"robots\" content=\"index, follow, max-snippet:-1, max-image-preview:large, max-video-preview:-1\" \/>\n<link rel=\"canonical\" href=\"https:\/\/www.swisscrochet.ch\/produkt\/animal-eyes-colored-1-piece\/\" \/>\n<meta property=\"og:locale\" content=\"de_DE\" \/>\n<meta property=\"og:type\" content=\"article\" \/>\n<meta property=\"og:title\" content=\"Tieraugen \u2013 Farbige \u2013 1 St\u00fcck &#171; Swiss Crochet\" \/>\n<meta property=\"og:description\" content=\"Verleihe deinen H\u00e4kelpuppen und Amigurumis mit farbigen Sicherheitsaugen ausdrucksstarke Details. Erh\u00e4ltlich in 11 Farben und in Gr\u00f6ssen von 6mm bis 18mm. Pro St\u00fcck mit Sicherung verkauft.\" \/>\n<meta property=\"og:url\" content=\"https:\/\/www.swisscrochet.ch\/produkt\/animal-eyes-colored-1-piece\/\" \/>\n<meta property=\"og:site_name\" content=\"Swiss Crochet\" \/>\n<meta property=\"article:modified_time\" content=\"2025-10-23T14:58:22+00:00\" \/>\n<meta property=\"og:image\" content=\"https:\/\/www.swisscrochet.ch\/wp-content\/uploads\/2025\/06\/Animal-Eyes-Colored-Overview.jpg\" \/>\n\t<meta property=\"og:image:width\" content=\"1000\" \/>\n\t<meta property=\"og:image:height\" content=\"1000\" \/>\n\t<meta property=\"og:image:type\" content=\"image\/jpeg\" \/>\n<meta name=\"twitter:card\" content=\"summary_large_image\" \/>\n<meta name=\"twitter:label1\" content=\"Gesch\u00e4tzte Lesezeit\" \/>\n\t<meta name=\"twitter:data1\" content=\"1\u00a0Minute\" \/>\n<script type=\"application\/ld+json\" class=\"yoast-schema-graph\">{\"@context\":\"https:\\\/\\\/schema.org\",\"@graph\":[{\"@type\":[\"WebPage\",\"ItemPage\"],\"@id\":\"https:\\\/\\\/www.swisscrochet.ch\\\/produkt\\\/animal-eyes-colored-1-piece\\\/\",\"url\":\"https:\\\/\\\/www.swisscrochet.ch\\\/produkt\\\/animal-eyes-colored-1-piece\\\/\",\"name\":\"Tieraugen \u2013 Farbige \u2013 1 St\u00fcck &#171; Swiss Crochet\",\"isPartOf\":{\"@id\":\"https:\\\/\\\/www.swisscrochet.ch\\\/#website\"},\"primaryImageOfPage\":{\"@id\":\"https:\\\/\\\/www.swisscrochet.ch\\\/produkt\\\/animal-eyes-colored-1-piece\\\/#primaryimage\"},\"image\":{\"@id\":\"https:\\\/\\\/www.swisscrochet.ch\\\/produkt\\\/animal-eyes-colored-1-piece\\\/#primaryimage\"},\"thumbnailUrl\":\"https:\\\/\\\/www.swisscrochet.ch\\\/wp-content\\\/uploads\\\/2025\\\/06\\\/Animal-Eyes-Colored-Overview.jpg\",\"datePublished\":\"2025-06-20T15:31:00+00:00\",\"dateModified\":\"2025-10-23T14:58:22+00:00\",\"description\":\"Verleihe deinen H\u00e4kelpuppen und Amigurumis mit farbigen Sicherheitsaugen ausdrucksstarke Details. Erh\u00e4ltlich in 11 Farben und in Gr\u00f6ssen von 6mm bis 18mm. Pro St\u00fcck mit Sicherung verkauft.\",\"breadcrumb\":{\"@id\":\"https:\\\/\\\/www.swisscrochet.ch\\\/produkt\\\/animal-eyes-colored-1-piece\\\/#breadcrumb\"},\"inLanguage\":\"de\",\"potentialAction\":[{\"@type\":\"ReadAction\",\"target\":[\"https:\\\/\\\/www.swisscrochet.ch\\\/produkt\\\/animal-eyes-colored-1-piece\\\/\"]}]},{\"@type\":\"ImageObject\",\"inLanguage\":\"de\",\"@id\":\"https:\\\/\\\/www.swisscrochet.ch\\\/produkt\\\/animal-eyes-colored-1-piece\\\/#primaryimage\",\"url\":\"https:\\\/\\\/www.swisscrochet.ch\\\/wp-content\\\/uploads\\\/2025\\\/06\\\/Animal-Eyes-Colored-Overview.jpg\",\"contentUrl\":\"https:\\\/\\\/www.swisscrochet.ch\\\/wp-content\\\/uploads\\\/2025\\\/06\\\/Animal-Eyes-Colored-Overview.jpg\",\"width\":1000,\"height\":1000},{\"@type\":\"BreadcrumbList\",\"@id\":\"https:\\\/\\\/www.swisscrochet.ch\\\/produkt\\\/animal-eyes-colored-1-piece\\\/#breadcrumb\",\"itemListElement\":[{\"@type\":\"ListItem\",\"position\":1,\"name\":\"Home\",\"item\":\"https:\\\/\\\/www.swisscrochet.ch\\\/de\\\/\"},{\"@type\":\"ListItem\",\"position\":2,\"name\":\"Shop\",\"item\":\"https:\\\/\\\/www.swisscrochet.ch\\\/de\\\/shop\\\/\"},{\"@type\":\"ListItem\",\"position\":3,\"name\":\"Tieraugen \u2013 Farbige \u2013 1 St\u00fcck\"}]},{\"@type\":\"WebSite\",\"@id\":\"https:\\\/\\\/www.swisscrochet.ch\\\/#website\",\"url\":\"https:\\\/\\\/www.swisscrochet.ch\\\/\",\"name\":\"Swiss Crochet\",\"description\":\"Entfalte dein kreatives Potenzial\",\"potentialAction\":[{\"@type\":\"SearchAction\",\"target\":{\"@type\":\"EntryPoint\",\"urlTemplate\":\"https:\\\/\\\/www.swisscrochet.ch\\\/?s={search_term_string}\"},\"query-input\":{\"@type\":\"PropertyValueSpecification\",\"valueRequired\":true,\"valueName\":\"search_term_string\"}}],\"inLanguage\":\"de\"}]}<\/script>\n<!-- \/ Yoast SEO plugin. -->","yoast_head_json":{"title":"Tieraugen \u2013 Farbige \u2013 1 St\u00fcck &#171; Swiss Crochet","description":"Verleihe deinen H\u00e4kelpuppen und Amigurumis mit farbigen Sicherheitsaugen ausdrucksstarke Details. Erh\u00e4ltlich in 11 Farben und in Gr\u00f6ssen von 6mm bis 18mm. Pro St\u00fcck mit Sicherung verkauft.","robots":{"index":"index","follow":"follow","max-snippet":"max-snippet:-1","max-image-preview":"max-image-preview:large","max-video-preview":"max-video-preview:-1"},"canonical":"https:\/\/www.swisscrochet.ch\/produkt\/animal-eyes-colored-1-piece\/","og_locale":"de_DE","og_type":"article","og_title":"Tieraugen \u2013 Farbige \u2013 1 St\u00fcck &#171; Swiss Crochet","og_description":"Verleihe deinen H\u00e4kelpuppen und Amigurumis mit farbigen Sicherheitsaugen ausdrucksstarke Details. Erh\u00e4ltlich in 11 Farben und in Gr\u00f6ssen von 6mm bis 18mm. Pro St\u00fcck mit Sicherung verkauft.","og_url":"https:\/\/www.swisscrochet.ch\/produkt\/animal-eyes-colored-1-piece\/","og_site_name":"Swiss Crochet","article_modified_time":"2025-10-23T14:58:22+00:00","og_image":[{"width":1000,"height":1000,"url":"https:\/\/www.swisscrochet.ch\/wp-content\/uploads\/2025\/06\/Animal-Eyes-Colored-Overview.jpg","type":"image\/jpeg"}],"twitter_card":"summary_large_image","twitter_misc":{"Gesch\u00e4tzte Lesezeit":"1\u00a0Minute"},"schema":{"@context":"https:\/\/schema.org","@graph":[{"@type":["WebPage","ItemPage"],"@id":"https:\/\/www.swisscrochet.ch\/produkt\/animal-eyes-colored-1-piece\/","url":"https:\/\/www.swisscrochet.ch\/produkt\/animal-eyes-colored-1-piece\/","name":"Tieraugen \u2013 Farbige \u2013 1 St\u00fcck &#171; Swiss Crochet","isPartOf":{"@id":"https:\/\/www.swisscrochet.ch\/#website"},"primaryImageOfPage":{"@id":"https:\/\/www.swisscrochet.ch\/produkt\/animal-eyes-colored-1-piece\/#primaryimage"},"image":{"@id":"https:\/\/www.swisscrochet.ch\/produkt\/animal-eyes-colored-1-piece\/#primaryimage"},"thumbnailUrl":"https:\/\/www.swisscrochet.ch\/wp-content\/uploads\/2025\/06\/Animal-Eyes-Colored-Overview.jpg","datePublished":"2025-06-20T15:31:00+00:00","dateModified":"2025-10-23T14:58:22+00:00","description":"Verleihe deinen H\u00e4kelpuppen und Amigurumis mit farbigen Sicherheitsaugen ausdrucksstarke Details. Erh\u00e4ltlich in 11 Farben und in Gr\u00f6ssen von 6mm bis 18mm. Pro St\u00fcck mit Sicherung verkauft.","breadcrumb":{"@id":"https:\/\/www.swisscrochet.ch\/produkt\/animal-eyes-colored-1-piece\/#breadcrumb"},"inLanguage":"de","potentialAction":[{"@type":"ReadAction","target":["https:\/\/www.swisscrochet.ch\/produkt\/animal-eyes-colored-1-piece\/"]}]},{"@type":"ImageObject","inLanguage":"de","@id":"https:\/\/www.swisscrochet.ch\/produkt\/animal-eyes-colored-1-piece\/#primaryimage","url":"https:\/\/www.swisscrochet.ch\/wp-content\/uploads\/2025\/06\/Animal-Eyes-Colored-Overview.jpg","contentUrl":"https:\/\/www.swisscrochet.ch\/wp-content\/uploads\/2025\/06\/Animal-Eyes-Colored-Overview.jpg","width":1000,"height":1000},{"@type":"BreadcrumbList","@id":"https:\/\/www.swisscrochet.ch\/produkt\/animal-eyes-colored-1-piece\/#breadcrumb","itemListElement":[{"@type":"ListItem","position":1,"name":"Home","item":"https:\/\/www.swisscrochet.ch\/de\/"},{"@type":"ListItem","position":2,"name":"Shop","item":"https:\/\/www.swisscrochet.ch\/de\/shop\/"},{"@type":"ListItem","position":3,"name":"Tieraugen \u2013 Farbige \u2013 1 St\u00fcck"}]},{"@type":"WebSite","@id":"https:\/\/www.swisscrochet.ch\/#website","url":"https:\/\/www.swisscrochet.ch\/","name":"Swiss Crochet","description":"Entfalte dein kreatives Potenzial","potentialAction":[{"@type":"SearchAction","target":{"@type":"EntryPoint","urlTemplate":"https:\/\/www.swisscrochet.ch\/?s={search_term_string}"},"query-input":{"@type":"PropertyValueSpecification","valueRequired":true,"valueName":"search_term_string"}}],"inLanguage":"de"}]}},"_links":{"self":[{"href":"https:\/\/www.swisscrochet.ch\/de\/wp-json\/wp\/v2\/product\/8464","targetHints":{"allow":["GET"]}}],"collection":[{"href":"https:\/\/www.swisscrochet.ch\/de\/wp-json\/wp\/v2\/product"}],"about":[{"href":"https:\/\/www.swisscrochet.ch\/de\/wp-json\/wp\/v2\/types\/product"}],"wp:featuredmedia":[{"embeddable":true,"href":"https:\/\/www.swisscrochet.ch\/de\/wp-json\/wp\/v2\/media\/8086"}],"wp:attachment":[{"href":"https:\/\/www.swisscrochet.ch\/de\/wp-json\/wp\/v2\/media?parent=8464"}],"wp:term":[{"taxonomy":"product_brand","embeddable":true,"href":"https:\/\/www.swisscrochet.ch\/de\/wp-json\/wp\/v2\/product_brand?post=8464"},{"taxonomy":"product_cat","embeddable":true,"href":"https:\/\/www.swisscrochet.ch\/de\/wp-json\/wp\/v2\/product_cat?post=8464"},{"taxonomy":"product_tag","embeddable":true,"href":"https:\/\/www.swisscrochet.ch\/de\/wp-json\/wp\/v2\/product_tag?post=8464"}],"curies":[{"name":"wp","href":"https:\/\/api.w.org\/{rel}","templated":true}]}}