{"id":8690,"date":"2025-06-30T13:14:38","date_gmt":"2025-06-30T11:14:38","guid":{"rendered":"https:\/\/www.swisscrochet.ch\/?post_type=product&#038;p=8690"},"modified":"2026-04-07T14:50:36","modified_gmt":"2026-04-07T12:50:36","slug":"purelite-flexible-nackenleuchte","status":"publish","type":"product","link":"https:\/\/www.swisscrochet.ch\/de\/produkt\/purelite-flexible-nackenleuchte\/","title":{"rendered":"PURElite &#8211; Flexible Nackenleuchte"},"content":{"rendered":"","protected":false},"excerpt":{"rendered":"<p>Nie mehr angestrengte Augen oder Probleme mit dunklem Garn! Die PURElite Flexible Nackenleuchte ist deine perfekte Begleiterin beim H\u00e4keln \u2013 sie bietet dir gezieltes, freih\u00e4ndiges Licht genau dort, wo du es brauchst, ob zu Hause oder unterwegs.<\/p>\n<p>Diese leichte, verstellbare Leuchte liegt angenehm um den Hals und erm\u00f6glicht dir pr\u00e4zises und entspanntes H\u00e4keln. Mit 3 Farbtemperaturen (Warm: 3000K, Neutral: 4000K, Kalt: 6000K), jeweils mit drei Helligkeitsstufen (30 %, 50 %, 100 %), kannst du die Beleuchtung perfekt an Umgebung und Projekt anpassen. Bei h\u00f6chster Einstellung erreicht sie eine Helligkeit von 80 Lumen.<\/p>\n<p>Jede Seite der Leuchte l\u00e4sst sich unabh\u00e4ngig ein- oder ausschalten und auf verschiedene Helligkeiten einstellen. Egal ob du abends arbeitest, schlechtes Licht hast oder mit dunklem Garn h\u00e4kelst \u2013 mit dieser Lampe ist jede Masche sichtbar.<\/p>\n<p>Die Leuchte wird von einem wiederaufladbaren Akku betrieben (USB-C-Kabel im Lieferumfang enthalten) und bietet je nach Einstellung 6 bis 80 Stunden Leuchtdauer. Durch das flexible, faltbare Design passt sie in jedes Projektt\u00e4schchen \u2013 bereit, dich \u00fcberallhin zu begleiten.<\/p>\n<p><strong>Wichtige Merkmale:<\/strong><\/p>\n<ul>\n<li>3 Farbtemperaturen: 3000K \/ 4000K \/ 6000K<\/li>\n<li>3 Helligkeitsstufen je Farbtemperatur<\/li>\n<li>Maximale Helligkeit: 80 Lumen<\/li>\n<li>Aufladbar per USB-C (Kabel inklusive)<\/li>\n<li>Leuchtdauer: 6\u201380 Stunden<\/li>\n<li>Unabh\u00e4ngig steuerbare linke und rechte Leuchtseite<\/li>\n<li>Flexibel und faltbar \u2013 ideal f\u00fcr unterwegs<\/li>\n<\/ul>\n<p>H\u00e4kle bequem \u2013 jederzeit und \u00fcberall \u2013 mit der PURElite Flexiblen Nackenleuchte, der smarten L\u00f6sung f\u00fcr konzentriertes und augenschonendes Arbeiten.<\/p>\n","protected":false},"featured_media":8730,"template":"","meta":[],"product_brand":[],"product_cat":[559,220],"product_tag":[],"class_list":{"0":"post-8690","1":"product","2":"type-product","3":"status-publish","4":"has-post-thumbnail","6":"product_cat-anderes-zubehoer","7":"product_cat-hakelnadeln-und-zubehor","8":"pa_t1-manufacturer-purelite-de","9":"description-off","11":"first","12":"instock","13":"taxable","14":"shipping-taxable","15":"purchasable","16":"product-type-simple"},"bundled_by":[],"bundle_stock_status":"instock","bundle_stock_quantity":7,"bundle_virtual":false,"bundle_layout":"","bundle_add_to_cart_form_location":"","bundle_editable_in_cart":false,"bundle_sold_individually_context":"","bundle_item_grouping":"","bundle_min_size":"","bundle_max_size":"","bundle_price":[],"bundled_items":[],"bundle_sell_ids":[],"yoast_head":"<!-- This site is optimized with the Yoast SEO plugin v27.5 - https:\/\/yoast.com\/product\/yoast-seo-wordpress\/ -->\n<title>PURElite - Flexible Nackenleuchte &#171; Swiss Crochet<\/title>\n<meta name=\"description\" content=\"H\u00e4kle jederzeit mit der PURElite Flexiblen Nackenleuchte \u2013 mit 3 Farbtemperaturen, 3 Helligkeitsstufen, wiederaufladbarem Akku und faltbarem Design f\u00fcr perfekte Sicht zu Hause oder unterwegs.\" \/>\n<meta name=\"robots\" content=\"index, follow, max-snippet:-1, max-image-preview:large, max-video-preview:-1\" \/>\n<link rel=\"canonical\" href=\"https:\/\/www.swisscrochet.ch\/de\/produkt\/purelite-flexible-nackenleuchte\/\" \/>\n<meta property=\"og:locale\" content=\"de_DE\" \/>\n<meta property=\"og:type\" content=\"article\" \/>\n<meta property=\"og:title\" content=\"PURElite - Flexible Nackenleuchte &#171; Swiss Crochet\" \/>\n<meta property=\"og:description\" content=\"H\u00e4kle jederzeit mit der PURElite Flexiblen Nackenleuchte \u2013 mit 3 Farbtemperaturen, 3 Helligkeitsstufen, wiederaufladbarem Akku und faltbarem Design f\u00fcr perfekte Sicht zu Hause oder unterwegs.\" \/>\n<meta property=\"og:url\" content=\"https:\/\/www.swisscrochet.ch\/de\/produkt\/purelite-flexible-nackenleuchte\/\" \/>\n<meta property=\"og:site_name\" content=\"Swiss Crochet\" \/>\n<meta property=\"article:modified_time\" content=\"2026-04-07T12:50:36+00:00\" \/>\n<meta property=\"og:image\" content=\"https:\/\/www.swisscrochet.ch\/wp-content\/uploads\/2025\/06\/PURElite-Flexible-Neck-Light-Overview.jpg\" \/>\n\t<meta property=\"og:image:width\" content=\"1000\" \/>\n\t<meta property=\"og:image:height\" content=\"1000\" \/>\n\t<meta property=\"og:image:type\" content=\"image\/jpeg\" \/>\n<meta name=\"twitter:card\" content=\"summary_large_image\" \/>\n<meta name=\"twitter:label1\" content=\"Gesch\u00e4tzte Lesezeit\" \/>\n\t<meta name=\"twitter:data1\" content=\"1\u00a0Minute\" \/>\n<script type=\"application\/ld+json\" class=\"yoast-schema-graph\">{\"@context\":\"https:\\\/\\\/schema.org\",\"@graph\":[{\"@type\":[\"WebPage\",\"ItemPage\"],\"@id\":\"https:\\\/\\\/www.swisscrochet.ch\\\/de\\\/produkt\\\/purelite-flexible-nackenleuchte\\\/\",\"url\":\"https:\\\/\\\/www.swisscrochet.ch\\\/de\\\/produkt\\\/purelite-flexible-nackenleuchte\\\/\",\"name\":\"PURElite - Flexible Nackenleuchte &#171; Swiss Crochet\",\"isPartOf\":{\"@id\":\"https:\\\/\\\/www.swisscrochet.ch\\\/#website\"},\"primaryImageOfPage\":{\"@id\":\"https:\\\/\\\/www.swisscrochet.ch\\\/de\\\/produkt\\\/purelite-flexible-nackenleuchte\\\/#primaryimage\"},\"image\":{\"@id\":\"https:\\\/\\\/www.swisscrochet.ch\\\/de\\\/produkt\\\/purelite-flexible-nackenleuchte\\\/#primaryimage\"},\"thumbnailUrl\":\"https:\\\/\\\/www.swisscrochet.ch\\\/wp-content\\\/uploads\\\/2025\\\/06\\\/PURElite-Flexible-Neck-Light-Overview.jpg\",\"datePublished\":\"2025-06-30T11:14:38+00:00\",\"dateModified\":\"2026-04-07T12:50:36+00:00\",\"description\":\"H\u00e4kle jederzeit mit der PURElite Flexiblen Nackenleuchte \u2013 mit 3 Farbtemperaturen, 3 Helligkeitsstufen, wiederaufladbarem Akku und faltbarem Design f\u00fcr perfekte Sicht zu Hause oder unterwegs.\",\"breadcrumb\":{\"@id\":\"https:\\\/\\\/www.swisscrochet.ch\\\/de\\\/produkt\\\/purelite-flexible-nackenleuchte\\\/#breadcrumb\"},\"inLanguage\":\"de\",\"potentialAction\":[{\"@type\":\"ReadAction\",\"target\":[\"https:\\\/\\\/www.swisscrochet.ch\\\/de\\\/produkt\\\/purelite-flexible-nackenleuchte\\\/\"]}]},{\"@type\":\"ImageObject\",\"inLanguage\":\"de\",\"@id\":\"https:\\\/\\\/www.swisscrochet.ch\\\/de\\\/produkt\\\/purelite-flexible-nackenleuchte\\\/#primaryimage\",\"url\":\"https:\\\/\\\/www.swisscrochet.ch\\\/wp-content\\\/uploads\\\/2025\\\/06\\\/PURElite-Flexible-Neck-Light-Overview.jpg\",\"contentUrl\":\"https:\\\/\\\/www.swisscrochet.ch\\\/wp-content\\\/uploads\\\/2025\\\/06\\\/PURElite-Flexible-Neck-Light-Overview.jpg\",\"width\":1000,\"height\":1000},{\"@type\":\"BreadcrumbList\",\"@id\":\"https:\\\/\\\/www.swisscrochet.ch\\\/de\\\/produkt\\\/purelite-flexible-nackenleuchte\\\/#breadcrumb\",\"itemListElement\":[{\"@type\":\"ListItem\",\"position\":1,\"name\":\"Home\",\"item\":\"https:\\\/\\\/www.swisscrochet.ch\\\/de\\\/\"},{\"@type\":\"ListItem\",\"position\":2,\"name\":\"Shop\",\"item\":\"https:\\\/\\\/www.swisscrochet.ch\\\/de\\\/shop\\\/\"},{\"@type\":\"ListItem\",\"position\":3,\"name\":\"PURElite &#8211; Flexible Nackenleuchte\"}]},{\"@type\":\"WebSite\",\"@id\":\"https:\\\/\\\/www.swisscrochet.ch\\\/#website\",\"url\":\"https:\\\/\\\/www.swisscrochet.ch\\\/\",\"name\":\"Swiss Crochet\",\"description\":\"Entfalte dein kreatives Potenzial\",\"potentialAction\":[{\"@type\":\"SearchAction\",\"target\":{\"@type\":\"EntryPoint\",\"urlTemplate\":\"https:\\\/\\\/www.swisscrochet.ch\\\/?s={search_term_string}\"},\"query-input\":{\"@type\":\"PropertyValueSpecification\",\"valueRequired\":true,\"valueName\":\"search_term_string\"}}],\"inLanguage\":\"de\"}]}<\/script>\n<!-- \/ Yoast SEO plugin. -->","yoast_head_json":{"title":"PURElite - Flexible Nackenleuchte &#171; Swiss Crochet","description":"H\u00e4kle jederzeit mit der PURElite Flexiblen Nackenleuchte \u2013 mit 3 Farbtemperaturen, 3 Helligkeitsstufen, wiederaufladbarem Akku und faltbarem Design f\u00fcr perfekte Sicht zu Hause oder unterwegs.","robots":{"index":"index","follow":"follow","max-snippet":"max-snippet:-1","max-image-preview":"max-image-preview:large","max-video-preview":"max-video-preview:-1"},"canonical":"https:\/\/www.swisscrochet.ch\/de\/produkt\/purelite-flexible-nackenleuchte\/","og_locale":"de_DE","og_type":"article","og_title":"PURElite - Flexible Nackenleuchte &#171; Swiss Crochet","og_description":"H\u00e4kle jederzeit mit der PURElite Flexiblen Nackenleuchte \u2013 mit 3 Farbtemperaturen, 3 Helligkeitsstufen, wiederaufladbarem Akku und faltbarem Design f\u00fcr perfekte Sicht zu Hause oder unterwegs.","og_url":"https:\/\/www.swisscrochet.ch\/de\/produkt\/purelite-flexible-nackenleuchte\/","og_site_name":"Swiss Crochet","article_modified_time":"2026-04-07T12:50:36+00:00","og_image":[{"width":1000,"height":1000,"url":"https:\/\/www.swisscrochet.ch\/wp-content\/uploads\/2025\/06\/PURElite-Flexible-Neck-Light-Overview.jpg","type":"image\/jpeg"}],"twitter_card":"summary_large_image","twitter_misc":{"Gesch\u00e4tzte Lesezeit":"1\u00a0Minute"},"schema":{"@context":"https:\/\/schema.org","@graph":[{"@type":["WebPage","ItemPage"],"@id":"https:\/\/www.swisscrochet.ch\/de\/produkt\/purelite-flexible-nackenleuchte\/","url":"https:\/\/www.swisscrochet.ch\/de\/produkt\/purelite-flexible-nackenleuchte\/","name":"PURElite - Flexible Nackenleuchte &#171; Swiss Crochet","isPartOf":{"@id":"https:\/\/www.swisscrochet.ch\/#website"},"primaryImageOfPage":{"@id":"https:\/\/www.swisscrochet.ch\/de\/produkt\/purelite-flexible-nackenleuchte\/#primaryimage"},"image":{"@id":"https:\/\/www.swisscrochet.ch\/de\/produkt\/purelite-flexible-nackenleuchte\/#primaryimage"},"thumbnailUrl":"https:\/\/www.swisscrochet.ch\/wp-content\/uploads\/2025\/06\/PURElite-Flexible-Neck-Light-Overview.jpg","datePublished":"2025-06-30T11:14:38+00:00","dateModified":"2026-04-07T12:50:36+00:00","description":"H\u00e4kle jederzeit mit der PURElite Flexiblen Nackenleuchte \u2013 mit 3 Farbtemperaturen, 3 Helligkeitsstufen, wiederaufladbarem Akku und faltbarem Design f\u00fcr perfekte Sicht zu Hause oder unterwegs.","breadcrumb":{"@id":"https:\/\/www.swisscrochet.ch\/de\/produkt\/purelite-flexible-nackenleuchte\/#breadcrumb"},"inLanguage":"de","potentialAction":[{"@type":"ReadAction","target":["https:\/\/www.swisscrochet.ch\/de\/produkt\/purelite-flexible-nackenleuchte\/"]}]},{"@type":"ImageObject","inLanguage":"de","@id":"https:\/\/www.swisscrochet.ch\/de\/produkt\/purelite-flexible-nackenleuchte\/#primaryimage","url":"https:\/\/www.swisscrochet.ch\/wp-content\/uploads\/2025\/06\/PURElite-Flexible-Neck-Light-Overview.jpg","contentUrl":"https:\/\/www.swisscrochet.ch\/wp-content\/uploads\/2025\/06\/PURElite-Flexible-Neck-Light-Overview.jpg","width":1000,"height":1000},{"@type":"BreadcrumbList","@id":"https:\/\/www.swisscrochet.ch\/de\/produkt\/purelite-flexible-nackenleuchte\/#breadcrumb","itemListElement":[{"@type":"ListItem","position":1,"name":"Home","item":"https:\/\/www.swisscrochet.ch\/de\/"},{"@type":"ListItem","position":2,"name":"Shop","item":"https:\/\/www.swisscrochet.ch\/de\/shop\/"},{"@type":"ListItem","position":3,"name":"PURElite &#8211; Flexible Nackenleuchte"}]},{"@type":"WebSite","@id":"https:\/\/www.swisscrochet.ch\/#website","url":"https:\/\/www.swisscrochet.ch\/","name":"Swiss Crochet","description":"Entfalte dein kreatives Potenzial","potentialAction":[{"@type":"SearchAction","target":{"@type":"EntryPoint","urlTemplate":"https:\/\/www.swisscrochet.ch\/?s={search_term_string}"},"query-input":{"@type":"PropertyValueSpecification","valueRequired":true,"valueName":"search_term_string"}}],"inLanguage":"de"}]}},"_links":{"self":[{"href":"https:\/\/www.swisscrochet.ch\/de\/wp-json\/wp\/v2\/product\/8690","targetHints":{"allow":["GET"]}}],"collection":[{"href":"https:\/\/www.swisscrochet.ch\/de\/wp-json\/wp\/v2\/product"}],"about":[{"href":"https:\/\/www.swisscrochet.ch\/de\/wp-json\/wp\/v2\/types\/product"}],"wp:featuredmedia":[{"embeddable":true,"href":"https:\/\/www.swisscrochet.ch\/de\/wp-json\/wp\/v2\/media\/8730"}],"wp:attachment":[{"href":"https:\/\/www.swisscrochet.ch\/de\/wp-json\/wp\/v2\/media?parent=8690"}],"wp:term":[{"taxonomy":"product_brand","embeddable":true,"href":"https:\/\/www.swisscrochet.ch\/de\/wp-json\/wp\/v2\/product_brand?post=8690"},{"taxonomy":"product_cat","embeddable":true,"href":"https:\/\/www.swisscrochet.ch\/de\/wp-json\/wp\/v2\/product_cat?post=8690"},{"taxonomy":"product_tag","embeddable":true,"href":"https:\/\/www.swisscrochet.ch\/de\/wp-json\/wp\/v2\/product_tag?post=8690"}],"curies":[{"name":"wp","href":"https:\/\/api.w.org\/{rel}","templated":true}]}}