{"id":8834,"date":"2025-07-01T16:08:28","date_gmt":"2025-07-01T14:08:28","guid":{"rendered":"https:\/\/www.swisscrochet.ch\/product\/knitpro-yarn-swift-natural-wood\/"},"modified":"2025-12-07T12:55:20","modified_gmt":"2025-12-07T11:55:20","slug":"knitpro-garnhaspel-naturholz","status":"publish","type":"product","link":"https:\/\/www.swisscrochet.ch\/de\/produkt\/knitpro-garnhaspel-naturholz\/","title":{"rendered":"KnitPro &#8211; Garnhaspel Naturholz"},"content":{"rendered":"","protected":false},"excerpt":{"rendered":"<p>Der KnitPro Garnwickler aus naturbelassenem Holz ist ein hochwertiger Haspel aus Holz. Er wurde entwickelt, um das Wickeln von Garn effizient und angenehm zu gestalten \u2013 eine gelungene Kombination aus Funktionalit\u00e4t und Langlebigkeit. Die robuste und stabile Konstruktion sorgt daf\u00fcr, dass der Haspel beim Arbeiten fest an seinem Platz bleibt, und seine ruhige, gleichm\u00e4\u00dfige Drehung macht ihn auch bei l\u00e4ngeren Wickelsitzungen zu einem Vergn\u00fcgen.<\/p>\n<p>Egal ob du feines Lacegarn oder dickere Fasern wickelst \u2013 dieser Haspel meistert alles m\u00fchelos. Die sch\u00f6n verarbeitete Holzoberfl\u00e4che verhindert das Verhaken und bringt gleichzeitig eine elegante Note in deine Handarbeitsumgebung.<\/p>\n<p>Ideal in Kombination mit einem Wollwickler oder auch allein verwendet \u2013 der KnitPro Garnwickler Natural Wood ist ein langlebiges, zuverl\u00e4ssiges Werkzeug, das in keiner Garnsammlung fehlen sollte.<\/p>\n","protected":false},"featured_media":8819,"template":"","meta":[],"product_brand":[],"product_cat":[220,571],"product_tag":[],"class_list":{"0":"post-8834","1":"product","2":"type-product","3":"status-publish","4":"has-post-thumbnail","6":"product_cat-hakelnadeln-und-zubehor","7":"product_cat-wickelzubehoer","8":"pa_t1-manufacturer-knitpro-de","9":"description-off","11":"first","12":"instock","13":"taxable","14":"shipping-taxable","15":"purchasable","16":"product-type-simple"},"bundled_by":[],"bundle_stock_status":"instock","bundle_stock_quantity":1,"bundle_virtual":false,"bundle_layout":"","bundle_add_to_cart_form_location":"","bundle_editable_in_cart":false,"bundle_sold_individually_context":"","bundle_item_grouping":"","bundle_min_size":"","bundle_max_size":"","bundle_price":[],"bundled_items":[],"bundle_sell_ids":[],"yoast_head":"<!-- This site is optimized with the Yoast SEO plugin v27.5 - https:\/\/yoast.com\/product\/yoast-seo-wordpress\/ -->\n<title>KnitPro - Garnhaspel Naturholz &#171; Swiss Crochet<\/title>\n<meta name=\"description\" content=\"Garnwickeln ist einfach und leise mit dem KnitPro Garnwickler aus naturbelassenem Holz. Aus stabilem Holz gefertigt, ist dieser langlebige und leicht drehbare Garnhaspel perfekt f\u00fcr alle Garnarten geeignet.\" \/>\n<meta name=\"robots\" content=\"index, follow, max-snippet:-1, max-image-preview:large, max-video-preview:-1\" \/>\n<link rel=\"canonical\" href=\"https:\/\/www.swisscrochet.ch\/de\/produkt\/knitpro-garnhaspel-naturholz\/\" \/>\n<meta property=\"og:locale\" content=\"de_DE\" \/>\n<meta property=\"og:type\" content=\"article\" \/>\n<meta property=\"og:title\" content=\"KnitPro - Garnhaspel Naturholz &#171; Swiss Crochet\" \/>\n<meta property=\"og:description\" content=\"Garnwickeln ist einfach und leise mit dem KnitPro Garnwickler aus naturbelassenem Holz. Aus stabilem Holz gefertigt, ist dieser langlebige und leicht drehbare Garnhaspel perfekt f\u00fcr alle Garnarten geeignet.\" \/>\n<meta property=\"og:url\" content=\"https:\/\/www.swisscrochet.ch\/de\/produkt\/knitpro-garnhaspel-naturholz\/\" \/>\n<meta property=\"og:site_name\" content=\"Swiss Crochet\" \/>\n<meta property=\"article:modified_time\" content=\"2025-12-07T11:55:20+00:00\" \/>\n<meta property=\"og:image\" content=\"https:\/\/www.swisscrochet.ch\/wp-content\/uploads\/2025\/07\/KnitPro-Yarn-Swift-Natural-Wood-Overview.jpg\" \/>\n\t<meta property=\"og:image:width\" content=\"1000\" \/>\n\t<meta property=\"og:image:height\" content=\"1000\" \/>\n\t<meta property=\"og:image:type\" content=\"image\/jpeg\" \/>\n<meta name=\"twitter:card\" content=\"summary_large_image\" \/>\n<meta name=\"twitter:label1\" content=\"Gesch\u00e4tzte Lesezeit\" \/>\n\t<meta name=\"twitter:data1\" content=\"1\u00a0Minute\" \/>\n<script type=\"application\/ld+json\" class=\"yoast-schema-graph\">{\"@context\":\"https:\\\/\\\/schema.org\",\"@graph\":[{\"@type\":[\"WebPage\",\"ItemPage\"],\"@id\":\"https:\\\/\\\/www.swisscrochet.ch\\\/de\\\/produkt\\\/knitpro-garnhaspel-naturholz\\\/\",\"url\":\"https:\\\/\\\/www.swisscrochet.ch\\\/de\\\/produkt\\\/knitpro-garnhaspel-naturholz\\\/\",\"name\":\"KnitPro - Garnhaspel Naturholz &#171; Swiss Crochet\",\"isPartOf\":{\"@id\":\"https:\\\/\\\/www.swisscrochet.ch\\\/#website\"},\"primaryImageOfPage\":{\"@id\":\"https:\\\/\\\/www.swisscrochet.ch\\\/de\\\/produkt\\\/knitpro-garnhaspel-naturholz\\\/#primaryimage\"},\"image\":{\"@id\":\"https:\\\/\\\/www.swisscrochet.ch\\\/de\\\/produkt\\\/knitpro-garnhaspel-naturholz\\\/#primaryimage\"},\"thumbnailUrl\":\"https:\\\/\\\/www.swisscrochet.ch\\\/wp-content\\\/uploads\\\/2025\\\/07\\\/KnitPro-Yarn-Swift-Natural-Wood-Overview.jpg\",\"datePublished\":\"2025-07-01T14:08:28+00:00\",\"dateModified\":\"2025-12-07T11:55:20+00:00\",\"description\":\"Garnwickeln ist einfach und leise mit dem KnitPro Garnwickler aus naturbelassenem Holz. Aus stabilem Holz gefertigt, ist dieser langlebige und leicht drehbare Garnhaspel perfekt f\u00fcr alle Garnarten geeignet.\",\"breadcrumb\":{\"@id\":\"https:\\\/\\\/www.swisscrochet.ch\\\/de\\\/produkt\\\/knitpro-garnhaspel-naturholz\\\/#breadcrumb\"},\"inLanguage\":\"de\",\"potentialAction\":[{\"@type\":\"ReadAction\",\"target\":[\"https:\\\/\\\/www.swisscrochet.ch\\\/de\\\/produkt\\\/knitpro-garnhaspel-naturholz\\\/\"]}]},{\"@type\":\"ImageObject\",\"inLanguage\":\"de\",\"@id\":\"https:\\\/\\\/www.swisscrochet.ch\\\/de\\\/produkt\\\/knitpro-garnhaspel-naturholz\\\/#primaryimage\",\"url\":\"https:\\\/\\\/www.swisscrochet.ch\\\/wp-content\\\/uploads\\\/2025\\\/07\\\/KnitPro-Yarn-Swift-Natural-Wood-Overview.jpg\",\"contentUrl\":\"https:\\\/\\\/www.swisscrochet.ch\\\/wp-content\\\/uploads\\\/2025\\\/07\\\/KnitPro-Yarn-Swift-Natural-Wood-Overview.jpg\",\"width\":1000,\"height\":1000},{\"@type\":\"BreadcrumbList\",\"@id\":\"https:\\\/\\\/www.swisscrochet.ch\\\/de\\\/produkt\\\/knitpro-garnhaspel-naturholz\\\/#breadcrumb\",\"itemListElement\":[{\"@type\":\"ListItem\",\"position\":1,\"name\":\"Home\",\"item\":\"https:\\\/\\\/www.swisscrochet.ch\\\/de\\\/\"},{\"@type\":\"ListItem\",\"position\":2,\"name\":\"Shop\",\"item\":\"https:\\\/\\\/www.swisscrochet.ch\\\/de\\\/shop\\\/\"},{\"@type\":\"ListItem\",\"position\":3,\"name\":\"KnitPro &#8211; Garnhaspel Naturholz\"}]},{\"@type\":\"WebSite\",\"@id\":\"https:\\\/\\\/www.swisscrochet.ch\\\/#website\",\"url\":\"https:\\\/\\\/www.swisscrochet.ch\\\/\",\"name\":\"Swiss Crochet\",\"description\":\"Entfalte dein kreatives Potenzial\",\"potentialAction\":[{\"@type\":\"SearchAction\",\"target\":{\"@type\":\"EntryPoint\",\"urlTemplate\":\"https:\\\/\\\/www.swisscrochet.ch\\\/?s={search_term_string}\"},\"query-input\":{\"@type\":\"PropertyValueSpecification\",\"valueRequired\":true,\"valueName\":\"search_term_string\"}}],\"inLanguage\":\"de\"}]}<\/script>\n<!-- \/ Yoast SEO plugin. -->","yoast_head_json":{"title":"KnitPro - Garnhaspel Naturholz &#171; Swiss Crochet","description":"Garnwickeln ist einfach und leise mit dem KnitPro Garnwickler aus naturbelassenem Holz. Aus stabilem Holz gefertigt, ist dieser langlebige und leicht drehbare Garnhaspel perfekt f\u00fcr alle Garnarten geeignet.","robots":{"index":"index","follow":"follow","max-snippet":"max-snippet:-1","max-image-preview":"max-image-preview:large","max-video-preview":"max-video-preview:-1"},"canonical":"https:\/\/www.swisscrochet.ch\/de\/produkt\/knitpro-garnhaspel-naturholz\/","og_locale":"de_DE","og_type":"article","og_title":"KnitPro - Garnhaspel Naturholz &#171; Swiss Crochet","og_description":"Garnwickeln ist einfach und leise mit dem KnitPro Garnwickler aus naturbelassenem Holz. Aus stabilem Holz gefertigt, ist dieser langlebige und leicht drehbare Garnhaspel perfekt f\u00fcr alle Garnarten geeignet.","og_url":"https:\/\/www.swisscrochet.ch\/de\/produkt\/knitpro-garnhaspel-naturholz\/","og_site_name":"Swiss Crochet","article_modified_time":"2025-12-07T11:55:20+00:00","og_image":[{"width":1000,"height":1000,"url":"https:\/\/www.swisscrochet.ch\/wp-content\/uploads\/2025\/07\/KnitPro-Yarn-Swift-Natural-Wood-Overview.jpg","type":"image\/jpeg"}],"twitter_card":"summary_large_image","twitter_misc":{"Gesch\u00e4tzte Lesezeit":"1\u00a0Minute"},"schema":{"@context":"https:\/\/schema.org","@graph":[{"@type":["WebPage","ItemPage"],"@id":"https:\/\/www.swisscrochet.ch\/de\/produkt\/knitpro-garnhaspel-naturholz\/","url":"https:\/\/www.swisscrochet.ch\/de\/produkt\/knitpro-garnhaspel-naturholz\/","name":"KnitPro - Garnhaspel Naturholz &#171; Swiss Crochet","isPartOf":{"@id":"https:\/\/www.swisscrochet.ch\/#website"},"primaryImageOfPage":{"@id":"https:\/\/www.swisscrochet.ch\/de\/produkt\/knitpro-garnhaspel-naturholz\/#primaryimage"},"image":{"@id":"https:\/\/www.swisscrochet.ch\/de\/produkt\/knitpro-garnhaspel-naturholz\/#primaryimage"},"thumbnailUrl":"https:\/\/www.swisscrochet.ch\/wp-content\/uploads\/2025\/07\/KnitPro-Yarn-Swift-Natural-Wood-Overview.jpg","datePublished":"2025-07-01T14:08:28+00:00","dateModified":"2025-12-07T11:55:20+00:00","description":"Garnwickeln ist einfach und leise mit dem KnitPro Garnwickler aus naturbelassenem Holz. Aus stabilem Holz gefertigt, ist dieser langlebige und leicht drehbare Garnhaspel perfekt f\u00fcr alle Garnarten geeignet.","breadcrumb":{"@id":"https:\/\/www.swisscrochet.ch\/de\/produkt\/knitpro-garnhaspel-naturholz\/#breadcrumb"},"inLanguage":"de","potentialAction":[{"@type":"ReadAction","target":["https:\/\/www.swisscrochet.ch\/de\/produkt\/knitpro-garnhaspel-naturholz\/"]}]},{"@type":"ImageObject","inLanguage":"de","@id":"https:\/\/www.swisscrochet.ch\/de\/produkt\/knitpro-garnhaspel-naturholz\/#primaryimage","url":"https:\/\/www.swisscrochet.ch\/wp-content\/uploads\/2025\/07\/KnitPro-Yarn-Swift-Natural-Wood-Overview.jpg","contentUrl":"https:\/\/www.swisscrochet.ch\/wp-content\/uploads\/2025\/07\/KnitPro-Yarn-Swift-Natural-Wood-Overview.jpg","width":1000,"height":1000},{"@type":"BreadcrumbList","@id":"https:\/\/www.swisscrochet.ch\/de\/produkt\/knitpro-garnhaspel-naturholz\/#breadcrumb","itemListElement":[{"@type":"ListItem","position":1,"name":"Home","item":"https:\/\/www.swisscrochet.ch\/de\/"},{"@type":"ListItem","position":2,"name":"Shop","item":"https:\/\/www.swisscrochet.ch\/de\/shop\/"},{"@type":"ListItem","position":3,"name":"KnitPro &#8211; Garnhaspel Naturholz"}]},{"@type":"WebSite","@id":"https:\/\/www.swisscrochet.ch\/#website","url":"https:\/\/www.swisscrochet.ch\/","name":"Swiss Crochet","description":"Entfalte dein kreatives Potenzial","potentialAction":[{"@type":"SearchAction","target":{"@type":"EntryPoint","urlTemplate":"https:\/\/www.swisscrochet.ch\/?s={search_term_string}"},"query-input":{"@type":"PropertyValueSpecification","valueRequired":true,"valueName":"search_term_string"}}],"inLanguage":"de"}]}},"_links":{"self":[{"href":"https:\/\/www.swisscrochet.ch\/de\/wp-json\/wp\/v2\/product\/8834","targetHints":{"allow":["GET"]}}],"collection":[{"href":"https:\/\/www.swisscrochet.ch\/de\/wp-json\/wp\/v2\/product"}],"about":[{"href":"https:\/\/www.swisscrochet.ch\/de\/wp-json\/wp\/v2\/types\/product"}],"wp:featuredmedia":[{"embeddable":true,"href":"https:\/\/www.swisscrochet.ch\/de\/wp-json\/wp\/v2\/media\/8819"}],"wp:attachment":[{"href":"https:\/\/www.swisscrochet.ch\/de\/wp-json\/wp\/v2\/media?parent=8834"}],"wp:term":[{"taxonomy":"product_brand","embeddable":true,"href":"https:\/\/www.swisscrochet.ch\/de\/wp-json\/wp\/v2\/product_brand?post=8834"},{"taxonomy":"product_cat","embeddable":true,"href":"https:\/\/www.swisscrochet.ch\/de\/wp-json\/wp\/v2\/product_cat?post=8834"},{"taxonomy":"product_tag","embeddable":true,"href":"https:\/\/www.swisscrochet.ch\/de\/wp-json\/wp\/v2\/product_tag?post=8834"}],"curies":[{"name":"wp","href":"https:\/\/api.w.org\/{rel}","templated":true}]}}