{"id":8881,"date":"2025-07-02T16:14:38","date_gmt":"2025-07-02T14:14:38","guid":{"rendered":"https:\/\/www.swisscrochet.ch\/?post_type=product&#038;p=8881"},"modified":"2025-09-02T21:09:34","modified_gmt":"2025-09-02T19:09:34","slug":"tulip-etimo-rose-haekelnadel-aus-stahl-mit-weichem-griff","status":"publish","type":"product","link":"https:\/\/www.swisscrochet.ch\/de\/produkt\/tulip-etimo-rose-haekelnadel-aus-stahl-mit-weichem-griff\/","title":{"rendered":"Tulip &#8211; Etimo Rose &#8211; H\u00e4kelnadel aus Stahl mit weichem Griff"},"content":{"rendered":"","protected":false},"excerpt":{"rendered":"<p>Die Tulip Etimo Rose H\u00e4kelnadel aus Stahl ist ein hochwertiger [dt_tooltip title=\"konischer\"]Ein konischer H\u00e4kelnadel hat einen abgerundeten Kopf, einen Hals, der schmaler als der Schaft ist, und einen langen Schaft \u2013 besonders im Vergleich zu anderen H\u00e4kelnadelarten.[\/dt_tooltip] H\u00e4kelnadel mit spitzem Kopf, die f\u00fcr pr\u00e4zises und m\u00fcheloses H\u00e4keln entwickelt wurde. Hergestellt aus starkem, langlebigem Stahl, sorgt sie f\u00fcr ein gleichm\u00e4ssiges und schnittfreies H\u00e4keln, selbst mit feinsten Garnen.<\/p>\n<p>Diese H\u00e4kelnadel verf\u00fcgt \u00fcber einen weichen, ergonomischen Griff mit anatomischer Daumenauflage, die Komfort bietet und die Erm\u00fcdung der Hand bei langen H\u00e4kel-Sessions reduziert. Eine sch\u00fctzende Plastikabdeckung verhindert, dass die Spitze beim Nichtgebrauch durch Stoffe sticht oder Maschen verf\u00e4ngt.<\/p>\n<p>Erh\u00e4ltlich in ultra-feinen Gr\u00f6ssen von 0.40 mm bis 1.75 mm, ist der Tulip Etimo Rose H\u00e4kelnadel aus Stahl ideal f\u00fcr sehr d\u00fcnne Garne wie H\u00e4kelgarn, Spinnweben- und Spitzengarnen. Ausserdem ist sie ein hervorragendes Werkzeug f\u00fcr die angesagte Kunst des <em>microcrochet<\/em>!<\/p>\n<p>Egal, ob du Anf\u00e4ngerin im feinen H\u00e4keln bist oder erfahrener Handarbeiterin, dieder sich auf filigrane Projekte spezialisiert hat \u2014 diese H\u00e4kelnadel bietet Pr\u00e4zision, Komfort und Langlebigkeit.<\/p>\n<p><strong>Exklusiv bei Swiss Crochet erh\u00e4ltlich.<\/strong><\/p>\n","protected":false},"featured_media":8942,"template":"","meta":[],"product_brand":[],"product_cat":[551,220],"product_tag":[],"class_list":{"0":"post-8881","1":"product","2":"type-product","3":"status-publish","4":"has-post-thumbnail","6":"product_cat-haekelnadeln-mit-griff","7":"product_cat-hakelnadeln-und-zubehor","8":"product_shipping_class-kleinsendungen","9":"pa_t1-manufacturer-tulip-de","10":"description-off","12":"first","13":"instock","14":"taxable","15":"shipping-taxable","16":"purchasable","17":"product-type-variable","18":"wvs-archive-product-wrapper"},"bundled_by":[],"bundle_stock_status":"instock","bundle_stock_quantity":null,"bundle_virtual":false,"bundle_layout":"","bundle_add_to_cart_form_location":"","bundle_editable_in_cart":false,"bundle_sold_individually_context":"","bundle_item_grouping":"","bundle_min_size":"","bundle_max_size":"","bundle_price":[],"bundled_items":[],"bundle_sell_ids":[],"yoast_head":"<!-- This site is optimized with the Yoast SEO plugin v27.4 - https:\/\/yoast.com\/product\/yoast-seo-wordpress\/ -->\n<title>Tulip - Etimo Rose - H\u00e4kelnadel aus Stahl mit weichem Griff &#171; Swiss Crochet<\/title>\n<meta name=\"description\" content=\"Tulip Etimo Rose Stahl H\u00e4kelnadel - ultra-feine, konisch zulaufende Stahlh\u00e4kelnadel mit ergonomischem Griff, ideal f\u00fcr H\u00e4kelgarn, Spitzenwolle und Mikroh\u00e4keln. Pr\u00e4zision und Komfort f\u00fcr filigrane Projekte. Exklusiv bei Swiss Crochet.\" \/>\n<meta name=\"robots\" content=\"index, follow, max-snippet:-1, max-image-preview:large, max-video-preview:-1\" \/>\n<link rel=\"canonical\" href=\"https:\/\/www.swisscrochet.ch\/de\/produkt\/tulip-etimo-rose-haekelnadel-aus-stahl-mit-weichem-griff\/\" \/>\n<meta property=\"og:locale\" content=\"de_DE\" \/>\n<meta property=\"og:type\" content=\"article\" \/>\n<meta property=\"og:title\" content=\"Tulip - Etimo Rose - H\u00e4kelnadel aus Stahl mit weichem Griff &#171; Swiss Crochet\" \/>\n<meta property=\"og:description\" content=\"Tulip Etimo Rose Stahl H\u00e4kelnadel - ultra-feine, konisch zulaufende Stahlh\u00e4kelnadel mit ergonomischem Griff, ideal f\u00fcr H\u00e4kelgarn, Spitzenwolle und Mikroh\u00e4keln. Pr\u00e4zision und Komfort f\u00fcr filigrane Projekte. Exklusiv bei Swiss Crochet.\" \/>\n<meta property=\"og:url\" content=\"https:\/\/www.swisscrochet.ch\/de\/produkt\/tulip-etimo-rose-haekelnadel-aus-stahl-mit-weichem-griff\/\" \/>\n<meta property=\"og:site_name\" content=\"Swiss Crochet\" \/>\n<meta property=\"article:modified_time\" content=\"2025-09-02T19:09:34+00:00\" \/>\n<meta property=\"og:image\" content=\"https:\/\/www.swisscrochet.ch\/wp-content\/uploads\/2025\/07\/Tulip\u2013Etimo-Rose\u2013Steel-Crochet-Hook-Overview.jpg\" \/>\n\t<meta property=\"og:image:width\" content=\"1000\" \/>\n\t<meta property=\"og:image:height\" content=\"1000\" \/>\n\t<meta property=\"og:image:type\" content=\"image\/jpeg\" \/>\n<meta name=\"twitter:card\" content=\"summary_large_image\" \/>\n<meta name=\"twitter:label1\" content=\"Gesch\u00e4tzte Lesezeit\" \/>\n\t<meta name=\"twitter:data1\" content=\"1\u00a0Minute\" \/>\n<script type=\"application\/ld+json\" class=\"yoast-schema-graph\">{\"@context\":\"https:\\\/\\\/schema.org\",\"@graph\":[{\"@type\":[\"WebPage\",\"ItemPage\"],\"@id\":\"https:\\\/\\\/www.swisscrochet.ch\\\/de\\\/produkt\\\/tulip-etimo-rose-haekelnadel-aus-stahl-mit-weichem-griff\\\/\",\"url\":\"https:\\\/\\\/www.swisscrochet.ch\\\/de\\\/produkt\\\/tulip-etimo-rose-haekelnadel-aus-stahl-mit-weichem-griff\\\/\",\"name\":\"Tulip - Etimo Rose - H\u00e4kelnadel aus Stahl mit weichem Griff &#171; Swiss Crochet\",\"isPartOf\":{\"@id\":\"https:\\\/\\\/www.swisscrochet.ch\\\/#website\"},\"primaryImageOfPage\":{\"@id\":\"https:\\\/\\\/www.swisscrochet.ch\\\/de\\\/produkt\\\/tulip-etimo-rose-haekelnadel-aus-stahl-mit-weichem-griff\\\/#primaryimage\"},\"image\":{\"@id\":\"https:\\\/\\\/www.swisscrochet.ch\\\/de\\\/produkt\\\/tulip-etimo-rose-haekelnadel-aus-stahl-mit-weichem-griff\\\/#primaryimage\"},\"thumbnailUrl\":\"https:\\\/\\\/www.swisscrochet.ch\\\/wp-content\\\/uploads\\\/2025\\\/07\\\/Tulip\u2013Etimo-Rose\u2013Steel-Crochet-Hook-Overview.jpg\",\"datePublished\":\"2025-07-02T14:14:38+00:00\",\"dateModified\":\"2025-09-02T19:09:34+00:00\",\"description\":\"Tulip Etimo Rose Stahl H\u00e4kelnadel - ultra-feine, konisch zulaufende Stahlh\u00e4kelnadel mit ergonomischem Griff, ideal f\u00fcr H\u00e4kelgarn, Spitzenwolle und Mikroh\u00e4keln. Pr\u00e4zision und Komfort f\u00fcr filigrane Projekte. Exklusiv bei Swiss Crochet.\",\"breadcrumb\":{\"@id\":\"https:\\\/\\\/www.swisscrochet.ch\\\/de\\\/produkt\\\/tulip-etimo-rose-haekelnadel-aus-stahl-mit-weichem-griff\\\/#breadcrumb\"},\"inLanguage\":\"de\",\"potentialAction\":[{\"@type\":\"ReadAction\",\"target\":[\"https:\\\/\\\/www.swisscrochet.ch\\\/de\\\/produkt\\\/tulip-etimo-rose-haekelnadel-aus-stahl-mit-weichem-griff\\\/\"]}]},{\"@type\":\"ImageObject\",\"inLanguage\":\"de\",\"@id\":\"https:\\\/\\\/www.swisscrochet.ch\\\/de\\\/produkt\\\/tulip-etimo-rose-haekelnadel-aus-stahl-mit-weichem-griff\\\/#primaryimage\",\"url\":\"https:\\\/\\\/www.swisscrochet.ch\\\/wp-content\\\/uploads\\\/2025\\\/07\\\/Tulip\u2013Etimo-Rose\u2013Steel-Crochet-Hook-Overview.jpg\",\"contentUrl\":\"https:\\\/\\\/www.swisscrochet.ch\\\/wp-content\\\/uploads\\\/2025\\\/07\\\/Tulip\u2013Etimo-Rose\u2013Steel-Crochet-Hook-Overview.jpg\",\"width\":1000,\"height\":1000},{\"@type\":\"BreadcrumbList\",\"@id\":\"https:\\\/\\\/www.swisscrochet.ch\\\/de\\\/produkt\\\/tulip-etimo-rose-haekelnadel-aus-stahl-mit-weichem-griff\\\/#breadcrumb\",\"itemListElement\":[{\"@type\":\"ListItem\",\"position\":1,\"name\":\"Home\",\"item\":\"https:\\\/\\\/www.swisscrochet.ch\\\/de\\\/\"},{\"@type\":\"ListItem\",\"position\":2,\"name\":\"Shop\",\"item\":\"https:\\\/\\\/www.swisscrochet.ch\\\/de\\\/shop\\\/\"},{\"@type\":\"ListItem\",\"position\":3,\"name\":\"Tulip &#8211; Etimo Rose &#8211; H\u00e4kelnadel aus Stahl mit weichem Griff\"}]},{\"@type\":\"WebSite\",\"@id\":\"https:\\\/\\\/www.swisscrochet.ch\\\/#website\",\"url\":\"https:\\\/\\\/www.swisscrochet.ch\\\/\",\"name\":\"Swiss Crochet\",\"description\":\"Entfalte dein kreatives Potenzial\",\"potentialAction\":[{\"@type\":\"SearchAction\",\"target\":{\"@type\":\"EntryPoint\",\"urlTemplate\":\"https:\\\/\\\/www.swisscrochet.ch\\\/?s={search_term_string}\"},\"query-input\":{\"@type\":\"PropertyValueSpecification\",\"valueRequired\":true,\"valueName\":\"search_term_string\"}}],\"inLanguage\":\"de\"}]}<\/script>\n<!-- \/ Yoast SEO plugin. -->","yoast_head_json":{"title":"Tulip - Etimo Rose - H\u00e4kelnadel aus Stahl mit weichem Griff &#171; Swiss Crochet","description":"Tulip Etimo Rose Stahl H\u00e4kelnadel - ultra-feine, konisch zulaufende Stahlh\u00e4kelnadel mit ergonomischem Griff, ideal f\u00fcr H\u00e4kelgarn, Spitzenwolle und Mikroh\u00e4keln. Pr\u00e4zision und Komfort f\u00fcr filigrane Projekte. Exklusiv bei Swiss Crochet.","robots":{"index":"index","follow":"follow","max-snippet":"max-snippet:-1","max-image-preview":"max-image-preview:large","max-video-preview":"max-video-preview:-1"},"canonical":"https:\/\/www.swisscrochet.ch\/de\/produkt\/tulip-etimo-rose-haekelnadel-aus-stahl-mit-weichem-griff\/","og_locale":"de_DE","og_type":"article","og_title":"Tulip - Etimo Rose - H\u00e4kelnadel aus Stahl mit weichem Griff &#171; Swiss Crochet","og_description":"Tulip Etimo Rose Stahl H\u00e4kelnadel - ultra-feine, konisch zulaufende Stahlh\u00e4kelnadel mit ergonomischem Griff, ideal f\u00fcr H\u00e4kelgarn, Spitzenwolle und Mikroh\u00e4keln. Pr\u00e4zision und Komfort f\u00fcr filigrane Projekte. Exklusiv bei Swiss Crochet.","og_url":"https:\/\/www.swisscrochet.ch\/de\/produkt\/tulip-etimo-rose-haekelnadel-aus-stahl-mit-weichem-griff\/","og_site_name":"Swiss Crochet","article_modified_time":"2025-09-02T19:09:34+00:00","og_image":[{"width":1000,"height":1000,"url":"https:\/\/www.swisscrochet.ch\/wp-content\/uploads\/2025\/07\/Tulip\u2013Etimo-Rose\u2013Steel-Crochet-Hook-Overview.jpg","type":"image\/jpeg"}],"twitter_card":"summary_large_image","twitter_misc":{"Gesch\u00e4tzte Lesezeit":"1\u00a0Minute"},"schema":{"@context":"https:\/\/schema.org","@graph":[{"@type":["WebPage","ItemPage"],"@id":"https:\/\/www.swisscrochet.ch\/de\/produkt\/tulip-etimo-rose-haekelnadel-aus-stahl-mit-weichem-griff\/","url":"https:\/\/www.swisscrochet.ch\/de\/produkt\/tulip-etimo-rose-haekelnadel-aus-stahl-mit-weichem-griff\/","name":"Tulip - Etimo Rose - H\u00e4kelnadel aus Stahl mit weichem Griff &#171; Swiss Crochet","isPartOf":{"@id":"https:\/\/www.swisscrochet.ch\/#website"},"primaryImageOfPage":{"@id":"https:\/\/www.swisscrochet.ch\/de\/produkt\/tulip-etimo-rose-haekelnadel-aus-stahl-mit-weichem-griff\/#primaryimage"},"image":{"@id":"https:\/\/www.swisscrochet.ch\/de\/produkt\/tulip-etimo-rose-haekelnadel-aus-stahl-mit-weichem-griff\/#primaryimage"},"thumbnailUrl":"https:\/\/www.swisscrochet.ch\/wp-content\/uploads\/2025\/07\/Tulip\u2013Etimo-Rose\u2013Steel-Crochet-Hook-Overview.jpg","datePublished":"2025-07-02T14:14:38+00:00","dateModified":"2025-09-02T19:09:34+00:00","description":"Tulip Etimo Rose Stahl H\u00e4kelnadel - ultra-feine, konisch zulaufende Stahlh\u00e4kelnadel mit ergonomischem Griff, ideal f\u00fcr H\u00e4kelgarn, Spitzenwolle und Mikroh\u00e4keln. Pr\u00e4zision und Komfort f\u00fcr filigrane Projekte. Exklusiv bei Swiss Crochet.","breadcrumb":{"@id":"https:\/\/www.swisscrochet.ch\/de\/produkt\/tulip-etimo-rose-haekelnadel-aus-stahl-mit-weichem-griff\/#breadcrumb"},"inLanguage":"de","potentialAction":[{"@type":"ReadAction","target":["https:\/\/www.swisscrochet.ch\/de\/produkt\/tulip-etimo-rose-haekelnadel-aus-stahl-mit-weichem-griff\/"]}]},{"@type":"ImageObject","inLanguage":"de","@id":"https:\/\/www.swisscrochet.ch\/de\/produkt\/tulip-etimo-rose-haekelnadel-aus-stahl-mit-weichem-griff\/#primaryimage","url":"https:\/\/www.swisscrochet.ch\/wp-content\/uploads\/2025\/07\/Tulip\u2013Etimo-Rose\u2013Steel-Crochet-Hook-Overview.jpg","contentUrl":"https:\/\/www.swisscrochet.ch\/wp-content\/uploads\/2025\/07\/Tulip\u2013Etimo-Rose\u2013Steel-Crochet-Hook-Overview.jpg","width":1000,"height":1000},{"@type":"BreadcrumbList","@id":"https:\/\/www.swisscrochet.ch\/de\/produkt\/tulip-etimo-rose-haekelnadel-aus-stahl-mit-weichem-griff\/#breadcrumb","itemListElement":[{"@type":"ListItem","position":1,"name":"Home","item":"https:\/\/www.swisscrochet.ch\/de\/"},{"@type":"ListItem","position":2,"name":"Shop","item":"https:\/\/www.swisscrochet.ch\/de\/shop\/"},{"@type":"ListItem","position":3,"name":"Tulip &#8211; Etimo Rose &#8211; H\u00e4kelnadel aus Stahl mit weichem Griff"}]},{"@type":"WebSite","@id":"https:\/\/www.swisscrochet.ch\/#website","url":"https:\/\/www.swisscrochet.ch\/","name":"Swiss Crochet","description":"Entfalte dein kreatives Potenzial","potentialAction":[{"@type":"SearchAction","target":{"@type":"EntryPoint","urlTemplate":"https:\/\/www.swisscrochet.ch\/?s={search_term_string}"},"query-input":{"@type":"PropertyValueSpecification","valueRequired":true,"valueName":"search_term_string"}}],"inLanguage":"de"}]}},"_links":{"self":[{"href":"https:\/\/www.swisscrochet.ch\/de\/wp-json\/wp\/v2\/product\/8881","targetHints":{"allow":["GET"]}}],"collection":[{"href":"https:\/\/www.swisscrochet.ch\/de\/wp-json\/wp\/v2\/product"}],"about":[{"href":"https:\/\/www.swisscrochet.ch\/de\/wp-json\/wp\/v2\/types\/product"}],"wp:featuredmedia":[{"embeddable":true,"href":"https:\/\/www.swisscrochet.ch\/de\/wp-json\/wp\/v2\/media\/8942"}],"wp:attachment":[{"href":"https:\/\/www.swisscrochet.ch\/de\/wp-json\/wp\/v2\/media?parent=8881"}],"wp:term":[{"taxonomy":"product_brand","embeddable":true,"href":"https:\/\/www.swisscrochet.ch\/de\/wp-json\/wp\/v2\/product_brand?post=8881"},{"taxonomy":"product_cat","embeddable":true,"href":"https:\/\/www.swisscrochet.ch\/de\/wp-json\/wp\/v2\/product_cat?post=8881"},{"taxonomy":"product_tag","embeddable":true,"href":"https:\/\/www.swisscrochet.ch\/de\/wp-json\/wp\/v2\/product_tag?post=8881"}],"curies":[{"name":"wp","href":"https:\/\/api.w.org\/{rel}","templated":true}]}}