{"id":8949,"date":"2025-07-02T16:52:30","date_gmt":"2025-07-02T14:52:30","guid":{"rendered":"https:\/\/www.swisscrochet.ch\/product\/tulip-etimo-red-crochet-hook-set\/"},"modified":"2025-07-02T17:36:42","modified_gmt":"2025-07-02T15:36:42","slug":"tulip-etimo-red-haekelnadel-set","status":"publish","type":"product","link":"https:\/\/www.swisscrochet.ch\/de\/produkt\/tulip-etimo-red-haekelnadel-set\/","title":{"rendered":"Tulip &#8211; Etimo Red &#8211; H\u00e4kelnadel-Set"},"content":{"rendered":"","protected":false},"excerpt":{"rendered":"<p>Dieses elegante H\u00e4kelnadelset aus Tulips Etimo Red Serie vereint Sch\u00f6nheit, Funktionalit\u00e4t und Komfort in einem vollst\u00e4ndigen Set. F\u00fcr anspruchsvolle H\u00e4klerinnen konzipiert, enth\u00e4lt es <strong>8 hochwertige H\u00e4kelnadeln<\/strong> in g\u00e4ngigen Gr\u00f6ssen: 1.80, 2.00, 2.20, 2.50, 3.00, 3.50, 4.00 und 5.00 mm \u2013 ideal f\u00fcr viele verschiedene Garnst\u00e4rken und Projekte.<\/p>\n<p>Jede H\u00e4kelnadel hat eine glatte, konisch zulaufende Aluminiumspitze und einen ergonomischen Griff im typischen matten Rot von Tulip, der die Augen schont und deinem Werkzeugset einen Hauch von Luxus verleiht.<\/p>\n<p>Ebenfalls im Set enthalten:<\/p>\n<ul>\n<li>2 Garnnadeln (Nr. 15 und Nr. 17) zum Vern\u00e4hen und Ausarbeiten von Details<\/li>\n<li>1 transparentes Lineal zum Messen von Maschenproben oder Mustern<\/li>\n<li>1 Befestigungsband zum Anbringen von Lineal oder Schere<\/li>\n<li>1 Nadelkissen zum sicheren Aufbewahren von Nadeln und Stecknadeln<\/li>\n<li>1 stilvolles Etui aus gewebtem Jacquardstoff im Punktmuster, um alles ordentlich und mobil zu halten<\/li>\n<\/ul>\n<p>Ob zu Hause oder unterwegs \u2013 dieses sorgf\u00e4ltig zusammengestellte Set bietet alles, was du f\u00fcr bequemes und pr\u00e4zises H\u00e4keln brauchst.<\/p>\n","protected":false},"featured_media":8922,"template":"","meta":[],"product_brand":[],"product_cat":[551,220],"product_tag":[],"class_list":{"0":"post-8949","1":"product","2":"type-product","3":"status-publish","4":"has-post-thumbnail","6":"product_cat-haekelnadeln-mit-griff","7":"product_cat-hakelnadeln-und-zubehor","8":"pa_t1-manufacturer-tulip-de","9":"description-off","11":"first","12":"instock","13":"taxable","14":"shipping-taxable","15":"purchasable","16":"product-type-simple"},"bundled_by":[],"bundle_stock_status":"instock","bundle_stock_quantity":2,"bundle_virtual":false,"bundle_layout":"","bundle_add_to_cart_form_location":"","bundle_editable_in_cart":false,"bundle_sold_individually_context":"","bundle_item_grouping":"","bundle_min_size":"","bundle_max_size":"","bundle_price":[],"bundled_items":[],"bundle_sell_ids":[],"yoast_head":"<!-- This site is optimized with the Yoast SEO plugin v27.4 - https:\/\/yoast.com\/product\/yoast-seo-wordpress\/ -->\n<title>Tulip - Etimo Red - H\u00e4kelnadel-Set &#171; Swiss Crochet<\/title>\n<meta name=\"description\" content=\"Elegantes H\u00e4kelset aus der Etimo Red Serie von Tulip. Enth\u00e4lt 8 ergonomische H\u00e4kelnadeln (1.80\u20135.00 mm), Garnnadeln, Lineal, Nadelkissen und ein stilvolles Etui \u2013 ideal f\u00fcr komfortables und pr\u00e4zises H\u00e4keln.\" \/>\n<meta name=\"robots\" content=\"index, follow, max-snippet:-1, max-image-preview:large, max-video-preview:-1\" \/>\n<link rel=\"canonical\" href=\"https:\/\/www.swisscrochet.ch\/de\/produkt\/tulip-etimo-red-haekelnadel-set\/\" \/>\n<meta property=\"og:locale\" content=\"de_DE\" \/>\n<meta property=\"og:type\" content=\"article\" \/>\n<meta property=\"og:title\" content=\"Tulip - Etimo Red - H\u00e4kelnadel-Set &#171; Swiss Crochet\" \/>\n<meta property=\"og:description\" content=\"Elegantes H\u00e4kelset aus der Etimo Red Serie von Tulip. Enth\u00e4lt 8 ergonomische H\u00e4kelnadeln (1.80\u20135.00 mm), Garnnadeln, Lineal, Nadelkissen und ein stilvolles Etui \u2013 ideal f\u00fcr komfortables und pr\u00e4zises H\u00e4keln.\" \/>\n<meta property=\"og:url\" content=\"https:\/\/www.swisscrochet.ch\/de\/produkt\/tulip-etimo-red-haekelnadel-set\/\" \/>\n<meta property=\"og:site_name\" content=\"Swiss Crochet\" \/>\n<meta property=\"article:modified_time\" content=\"2025-07-02T15:36:42+00:00\" \/>\n<meta property=\"og:image\" content=\"https:\/\/www.swisscrochet.ch\/wp-content\/uploads\/2025\/07\/Tulip\u2013Etimo-Red-Crochet-Hook-Set-Overview.jpg\" \/>\n\t<meta property=\"og:image:width\" content=\"1000\" \/>\n\t<meta property=\"og:image:height\" content=\"1000\" \/>\n\t<meta property=\"og:image:type\" content=\"image\/jpeg\" \/>\n<meta name=\"twitter:card\" content=\"summary_large_image\" \/>\n<meta name=\"twitter:label1\" content=\"Gesch\u00e4tzte Lesezeit\" \/>\n\t<meta name=\"twitter:data1\" content=\"1\u00a0Minute\" \/>\n<script type=\"application\/ld+json\" class=\"yoast-schema-graph\">{\"@context\":\"https:\\\/\\\/schema.org\",\"@graph\":[{\"@type\":[\"WebPage\",\"ItemPage\"],\"@id\":\"https:\\\/\\\/www.swisscrochet.ch\\\/de\\\/produkt\\\/tulip-etimo-red-haekelnadel-set\\\/\",\"url\":\"https:\\\/\\\/www.swisscrochet.ch\\\/de\\\/produkt\\\/tulip-etimo-red-haekelnadel-set\\\/\",\"name\":\"Tulip - Etimo Red - H\u00e4kelnadel-Set &#171; Swiss Crochet\",\"isPartOf\":{\"@id\":\"https:\\\/\\\/www.swisscrochet.ch\\\/#website\"},\"primaryImageOfPage\":{\"@id\":\"https:\\\/\\\/www.swisscrochet.ch\\\/de\\\/produkt\\\/tulip-etimo-red-haekelnadel-set\\\/#primaryimage\"},\"image\":{\"@id\":\"https:\\\/\\\/www.swisscrochet.ch\\\/de\\\/produkt\\\/tulip-etimo-red-haekelnadel-set\\\/#primaryimage\"},\"thumbnailUrl\":\"https:\\\/\\\/www.swisscrochet.ch\\\/wp-content\\\/uploads\\\/2025\\\/07\\\/Tulip\u2013Etimo-Red-Crochet-Hook-Set-Overview.jpg\",\"datePublished\":\"2025-07-02T14:52:30+00:00\",\"dateModified\":\"2025-07-02T15:36:42+00:00\",\"description\":\"Elegantes H\u00e4kelset aus der Etimo Red Serie von Tulip. Enth\u00e4lt 8 ergonomische H\u00e4kelnadeln (1.80\u20135.00 mm), Garnnadeln, Lineal, Nadelkissen und ein stilvolles Etui \u2013 ideal f\u00fcr komfortables und pr\u00e4zises H\u00e4keln.\",\"breadcrumb\":{\"@id\":\"https:\\\/\\\/www.swisscrochet.ch\\\/de\\\/produkt\\\/tulip-etimo-red-haekelnadel-set\\\/#breadcrumb\"},\"inLanguage\":\"de\",\"potentialAction\":[{\"@type\":\"ReadAction\",\"target\":[\"https:\\\/\\\/www.swisscrochet.ch\\\/de\\\/produkt\\\/tulip-etimo-red-haekelnadel-set\\\/\"]}]},{\"@type\":\"ImageObject\",\"inLanguage\":\"de\",\"@id\":\"https:\\\/\\\/www.swisscrochet.ch\\\/de\\\/produkt\\\/tulip-etimo-red-haekelnadel-set\\\/#primaryimage\",\"url\":\"https:\\\/\\\/www.swisscrochet.ch\\\/wp-content\\\/uploads\\\/2025\\\/07\\\/Tulip\u2013Etimo-Red-Crochet-Hook-Set-Overview.jpg\",\"contentUrl\":\"https:\\\/\\\/www.swisscrochet.ch\\\/wp-content\\\/uploads\\\/2025\\\/07\\\/Tulip\u2013Etimo-Red-Crochet-Hook-Set-Overview.jpg\",\"width\":1000,\"height\":1000},{\"@type\":\"BreadcrumbList\",\"@id\":\"https:\\\/\\\/www.swisscrochet.ch\\\/de\\\/produkt\\\/tulip-etimo-red-haekelnadel-set\\\/#breadcrumb\",\"itemListElement\":[{\"@type\":\"ListItem\",\"position\":1,\"name\":\"Home\",\"item\":\"https:\\\/\\\/www.swisscrochet.ch\\\/de\\\/\"},{\"@type\":\"ListItem\",\"position\":2,\"name\":\"Shop\",\"item\":\"https:\\\/\\\/www.swisscrochet.ch\\\/de\\\/shop\\\/\"},{\"@type\":\"ListItem\",\"position\":3,\"name\":\"Tulip &#8211; Etimo Red &#8211; H\u00e4kelnadel-Set\"}]},{\"@type\":\"WebSite\",\"@id\":\"https:\\\/\\\/www.swisscrochet.ch\\\/#website\",\"url\":\"https:\\\/\\\/www.swisscrochet.ch\\\/\",\"name\":\"Swiss Crochet\",\"description\":\"Entfalte dein kreatives Potenzial\",\"potentialAction\":[{\"@type\":\"SearchAction\",\"target\":{\"@type\":\"EntryPoint\",\"urlTemplate\":\"https:\\\/\\\/www.swisscrochet.ch\\\/?s={search_term_string}\"},\"query-input\":{\"@type\":\"PropertyValueSpecification\",\"valueRequired\":true,\"valueName\":\"search_term_string\"}}],\"inLanguage\":\"de\"}]}<\/script>\n<!-- \/ Yoast SEO plugin. -->","yoast_head_json":{"title":"Tulip - Etimo Red - H\u00e4kelnadel-Set &#171; Swiss Crochet","description":"Elegantes H\u00e4kelset aus der Etimo Red Serie von Tulip. Enth\u00e4lt 8 ergonomische H\u00e4kelnadeln (1.80\u20135.00 mm), Garnnadeln, Lineal, Nadelkissen und ein stilvolles Etui \u2013 ideal f\u00fcr komfortables und pr\u00e4zises H\u00e4keln.","robots":{"index":"index","follow":"follow","max-snippet":"max-snippet:-1","max-image-preview":"max-image-preview:large","max-video-preview":"max-video-preview:-1"},"canonical":"https:\/\/www.swisscrochet.ch\/de\/produkt\/tulip-etimo-red-haekelnadel-set\/","og_locale":"de_DE","og_type":"article","og_title":"Tulip - Etimo Red - H\u00e4kelnadel-Set &#171; Swiss Crochet","og_description":"Elegantes H\u00e4kelset aus der Etimo Red Serie von Tulip. Enth\u00e4lt 8 ergonomische H\u00e4kelnadeln (1.80\u20135.00 mm), Garnnadeln, Lineal, Nadelkissen und ein stilvolles Etui \u2013 ideal f\u00fcr komfortables und pr\u00e4zises H\u00e4keln.","og_url":"https:\/\/www.swisscrochet.ch\/de\/produkt\/tulip-etimo-red-haekelnadel-set\/","og_site_name":"Swiss Crochet","article_modified_time":"2025-07-02T15:36:42+00:00","og_image":[{"width":1000,"height":1000,"url":"https:\/\/www.swisscrochet.ch\/wp-content\/uploads\/2025\/07\/Tulip\u2013Etimo-Red-Crochet-Hook-Set-Overview.jpg","type":"image\/jpeg"}],"twitter_card":"summary_large_image","twitter_misc":{"Gesch\u00e4tzte Lesezeit":"1\u00a0Minute"},"schema":{"@context":"https:\/\/schema.org","@graph":[{"@type":["WebPage","ItemPage"],"@id":"https:\/\/www.swisscrochet.ch\/de\/produkt\/tulip-etimo-red-haekelnadel-set\/","url":"https:\/\/www.swisscrochet.ch\/de\/produkt\/tulip-etimo-red-haekelnadel-set\/","name":"Tulip - Etimo Red - H\u00e4kelnadel-Set &#171; Swiss Crochet","isPartOf":{"@id":"https:\/\/www.swisscrochet.ch\/#website"},"primaryImageOfPage":{"@id":"https:\/\/www.swisscrochet.ch\/de\/produkt\/tulip-etimo-red-haekelnadel-set\/#primaryimage"},"image":{"@id":"https:\/\/www.swisscrochet.ch\/de\/produkt\/tulip-etimo-red-haekelnadel-set\/#primaryimage"},"thumbnailUrl":"https:\/\/www.swisscrochet.ch\/wp-content\/uploads\/2025\/07\/Tulip\u2013Etimo-Red-Crochet-Hook-Set-Overview.jpg","datePublished":"2025-07-02T14:52:30+00:00","dateModified":"2025-07-02T15:36:42+00:00","description":"Elegantes H\u00e4kelset aus der Etimo Red Serie von Tulip. Enth\u00e4lt 8 ergonomische H\u00e4kelnadeln (1.80\u20135.00 mm), Garnnadeln, Lineal, Nadelkissen und ein stilvolles Etui \u2013 ideal f\u00fcr komfortables und pr\u00e4zises H\u00e4keln.","breadcrumb":{"@id":"https:\/\/www.swisscrochet.ch\/de\/produkt\/tulip-etimo-red-haekelnadel-set\/#breadcrumb"},"inLanguage":"de","potentialAction":[{"@type":"ReadAction","target":["https:\/\/www.swisscrochet.ch\/de\/produkt\/tulip-etimo-red-haekelnadel-set\/"]}]},{"@type":"ImageObject","inLanguage":"de","@id":"https:\/\/www.swisscrochet.ch\/de\/produkt\/tulip-etimo-red-haekelnadel-set\/#primaryimage","url":"https:\/\/www.swisscrochet.ch\/wp-content\/uploads\/2025\/07\/Tulip\u2013Etimo-Red-Crochet-Hook-Set-Overview.jpg","contentUrl":"https:\/\/www.swisscrochet.ch\/wp-content\/uploads\/2025\/07\/Tulip\u2013Etimo-Red-Crochet-Hook-Set-Overview.jpg","width":1000,"height":1000},{"@type":"BreadcrumbList","@id":"https:\/\/www.swisscrochet.ch\/de\/produkt\/tulip-etimo-red-haekelnadel-set\/#breadcrumb","itemListElement":[{"@type":"ListItem","position":1,"name":"Home","item":"https:\/\/www.swisscrochet.ch\/de\/"},{"@type":"ListItem","position":2,"name":"Shop","item":"https:\/\/www.swisscrochet.ch\/de\/shop\/"},{"@type":"ListItem","position":3,"name":"Tulip &#8211; Etimo Red &#8211; H\u00e4kelnadel-Set"}]},{"@type":"WebSite","@id":"https:\/\/www.swisscrochet.ch\/#website","url":"https:\/\/www.swisscrochet.ch\/","name":"Swiss Crochet","description":"Entfalte dein kreatives Potenzial","potentialAction":[{"@type":"SearchAction","target":{"@type":"EntryPoint","urlTemplate":"https:\/\/www.swisscrochet.ch\/?s={search_term_string}"},"query-input":{"@type":"PropertyValueSpecification","valueRequired":true,"valueName":"search_term_string"}}],"inLanguage":"de"}]}},"_links":{"self":[{"href":"https:\/\/www.swisscrochet.ch\/de\/wp-json\/wp\/v2\/product\/8949","targetHints":{"allow":["GET"]}}],"collection":[{"href":"https:\/\/www.swisscrochet.ch\/de\/wp-json\/wp\/v2\/product"}],"about":[{"href":"https:\/\/www.swisscrochet.ch\/de\/wp-json\/wp\/v2\/types\/product"}],"wp:featuredmedia":[{"embeddable":true,"href":"https:\/\/www.swisscrochet.ch\/de\/wp-json\/wp\/v2\/media\/8922"}],"wp:attachment":[{"href":"https:\/\/www.swisscrochet.ch\/de\/wp-json\/wp\/v2\/media?parent=8949"}],"wp:term":[{"taxonomy":"product_brand","embeddable":true,"href":"https:\/\/www.swisscrochet.ch\/de\/wp-json\/wp\/v2\/product_brand?post=8949"},{"taxonomy":"product_cat","embeddable":true,"href":"https:\/\/www.swisscrochet.ch\/de\/wp-json\/wp\/v2\/product_cat?post=8949"},{"taxonomy":"product_tag","embeddable":true,"href":"https:\/\/www.swisscrochet.ch\/de\/wp-json\/wp\/v2\/product_tag?post=8949"}],"curies":[{"name":"wp","href":"https:\/\/api.w.org\/{rel}","templated":true}]}}