{"id":8957,"date":"2025-07-02T16:29:32","date_gmt":"2025-07-02T14:29:32","guid":{"rendered":"https:\/\/www.swisscrochet.ch\/product\/tulip-etimo-murasaki-crochet-hook-set\/"},"modified":"2025-07-02T17:40:36","modified_gmt":"2025-07-02T15:40:36","slug":"tulip-etimo-murasaki-haekelnadelset","status":"publish","type":"product","link":"https:\/\/www.swisscrochet.ch\/de\/produkt\/tulip-etimo-murasaki-haekelnadelset\/","title":{"rendered":"Tulip &#8211; Etimo Murasaki &#8211; H\u00e4kelnadelset"},"content":{"rendered":"","protected":false},"excerpt":{"rendered":"<p>Das Tulip Etimo Murasaki H\u00e4kelnadelset ist ein elegantes und durchdacht zusammengestelltes Set f\u00fcr leidenschaftliche H\u00e4klerinnen, die Pr\u00e4zision, Komfort und Sch\u00f6nheit zu sch\u00e4tzen wissen.<\/p>\n<p>Dieses Premium-Set enth\u00e4lt <strong>8 ergonomische Etimo Murasaki H\u00e4kelnadeln<\/strong> in den Gr\u00f6ssen 2.00, 2.20, 2.50, 3.00, 3.50, 4.00, 5.00 und 6.00 mm. Jede Nadel verf\u00fcgt \u00fcber den charakteristischen Softgriff von Tulip und einen glatten Metallschaft f\u00fcr m\u00fcheloses H\u00e4keln.<\/p>\n<p>Ebenfalls enthalten:<\/p>\n<ul>\n<li>2 silberfarbene Garnnadeln mit goldfarbenem \u00d6hr (Gr\u00f6ssen Nr. 13 und Nr. 17),<\/li>\n<li>3 tulpenf\u00f6rmige, abnehmbare Maschenmarkierer in Murasaki-Lila \u2013 perfekt, um stilvoll die Stelle zu markieren.<\/li>\n<\/ul>\n<p>Alle Teile sind wundersch\u00f6n in einem <strong>handgefertigten Gamaguchi-Etui<\/strong> mit klassischem Metallverschluss und Quaste aufbewahrt, liebevoll gefertigt von Kunsthandwerkerinnen in Kyoto. Das schmale, kompakte Etui verf\u00fcgt \u00fcber sichere Halterungen f\u00fcr H\u00e4kelnadeln und ein Band zum Befestigen der Maschenmarkierer \u2013 praktisch und ideal f\u00fcr unterwegs.<\/p>\n<p>Ob f\u00fcr Reisen oder den Alltag \u2013 das Etimo Murasaki Set bietet ein luxuri\u00f6ses H\u00e4kelerlebnis in einem kompakten, kunstvoll gestalteten Format. Ideal als Geschenk oder als besondere Belohnung f\u00fcr dich selbst.<\/p>\n","protected":false},"featured_media":8914,"template":"","meta":[],"product_brand":[],"product_cat":[551,220],"product_tag":[],"class_list":{"0":"post-8957","1":"product","2":"type-product","3":"status-publish","4":"has-post-thumbnail","6":"product_cat-haekelnadeln-mit-griff","7":"product_cat-hakelnadeln-und-zubehor","8":"pa_t1-manufacturer-tulip-de","9":"description-off","11":"first","12":"instock","13":"taxable","14":"shipping-taxable","15":"purchasable","16":"product-type-simple"},"bundled_by":[],"bundle_stock_status":"instock","bundle_stock_quantity":1,"bundle_virtual":false,"bundle_layout":"","bundle_add_to_cart_form_location":"","bundle_editable_in_cart":false,"bundle_sold_individually_context":"","bundle_item_grouping":"","bundle_min_size":"","bundle_max_size":"","bundle_price":[],"bundled_items":[],"bundle_sell_ids":[],"yoast_head":"<!-- This site is optimized with the Yoast SEO plugin v27.4 - https:\/\/yoast.com\/product\/yoast-seo-wordpress\/ -->\n<title>Tulip - Etimo Murasaki - H\u00e4kelnadelset &#171; Swiss Crochet<\/title>\n<meta name=\"description\" content=\"Das Tulip Etimo Murasaki H\u00e4kelnadelset enth\u00e4lt 8 ergonomische H\u00e4kelnadeln, Garnnadeln, Maschenmarkierer und ein handgefertigtes Etui im Kyoto-Stil \u2013 luxuri\u00f6s, praktisch und perfekt f\u00fcr alle, die H\u00e4keln lieben.\" \/>\n<meta name=\"robots\" content=\"index, follow, max-snippet:-1, max-image-preview:large, max-video-preview:-1\" \/>\n<link rel=\"canonical\" href=\"https:\/\/www.swisscrochet.ch\/produkt\/tulip-etimo-murasaki-crochet-hook-set\/\" \/>\n<meta property=\"og:locale\" content=\"de_DE\" \/>\n<meta property=\"og:type\" content=\"article\" \/>\n<meta property=\"og:title\" content=\"Tulip - Etimo Murasaki - H\u00e4kelnadelset &#171; Swiss Crochet\" \/>\n<meta property=\"og:description\" content=\"Das Tulip Etimo Murasaki H\u00e4kelnadelset enth\u00e4lt 8 ergonomische H\u00e4kelnadeln, Garnnadeln, Maschenmarkierer und ein handgefertigtes Etui im Kyoto-Stil \u2013 luxuri\u00f6s, praktisch und perfekt f\u00fcr alle, die H\u00e4keln lieben.\" \/>\n<meta property=\"og:url\" content=\"https:\/\/www.swisscrochet.ch\/produkt\/tulip-etimo-murasaki-crochet-hook-set\/\" \/>\n<meta property=\"og:site_name\" content=\"Swiss Crochet\" \/>\n<meta property=\"article:modified_time\" content=\"2025-07-02T15:40:36+00:00\" \/>\n<meta property=\"og:image\" content=\"https:\/\/www.swisscrochet.ch\/wp-content\/uploads\/2025\/07\/Tulip\u2013Etimo-Murasaki-Crochet-Hook-Set-Overview.jpg\" \/>\n\t<meta property=\"og:image:width\" content=\"1000\" \/>\n\t<meta property=\"og:image:height\" content=\"1000\" \/>\n\t<meta property=\"og:image:type\" content=\"image\/jpeg\" \/>\n<meta name=\"twitter:card\" content=\"summary_large_image\" \/>\n<meta name=\"twitter:label1\" content=\"Gesch\u00e4tzte Lesezeit\" \/>\n\t<meta name=\"twitter:data1\" content=\"1\u00a0Minute\" \/>\n<script type=\"application\/ld+json\" class=\"yoast-schema-graph\">{\"@context\":\"https:\\\/\\\/schema.org\",\"@graph\":[{\"@type\":[\"WebPage\",\"ItemPage\"],\"@id\":\"https:\\\/\\\/www.swisscrochet.ch\\\/produkt\\\/tulip-etimo-murasaki-crochet-hook-set\\\/\",\"url\":\"https:\\\/\\\/www.swisscrochet.ch\\\/produkt\\\/tulip-etimo-murasaki-crochet-hook-set\\\/\",\"name\":\"Tulip - Etimo Murasaki - H\u00e4kelnadelset &#171; Swiss Crochet\",\"isPartOf\":{\"@id\":\"https:\\\/\\\/www.swisscrochet.ch\\\/#website\"},\"primaryImageOfPage\":{\"@id\":\"https:\\\/\\\/www.swisscrochet.ch\\\/produkt\\\/tulip-etimo-murasaki-crochet-hook-set\\\/#primaryimage\"},\"image\":{\"@id\":\"https:\\\/\\\/www.swisscrochet.ch\\\/produkt\\\/tulip-etimo-murasaki-crochet-hook-set\\\/#primaryimage\"},\"thumbnailUrl\":\"https:\\\/\\\/www.swisscrochet.ch\\\/wp-content\\\/uploads\\\/2025\\\/07\\\/Tulip\u2013Etimo-Murasaki-Crochet-Hook-Set-Overview.jpg\",\"datePublished\":\"2025-07-02T14:29:32+00:00\",\"dateModified\":\"2025-07-02T15:40:36+00:00\",\"description\":\"Das Tulip Etimo Murasaki H\u00e4kelnadelset enth\u00e4lt 8 ergonomische H\u00e4kelnadeln, Garnnadeln, Maschenmarkierer und ein handgefertigtes Etui im Kyoto-Stil \u2013 luxuri\u00f6s, praktisch und perfekt f\u00fcr alle, die H\u00e4keln lieben.\",\"breadcrumb\":{\"@id\":\"https:\\\/\\\/www.swisscrochet.ch\\\/produkt\\\/tulip-etimo-murasaki-crochet-hook-set\\\/#breadcrumb\"},\"inLanguage\":\"de\",\"potentialAction\":[{\"@type\":\"ReadAction\",\"target\":[\"https:\\\/\\\/www.swisscrochet.ch\\\/produkt\\\/tulip-etimo-murasaki-crochet-hook-set\\\/\"]}]},{\"@type\":\"ImageObject\",\"inLanguage\":\"de\",\"@id\":\"https:\\\/\\\/www.swisscrochet.ch\\\/produkt\\\/tulip-etimo-murasaki-crochet-hook-set\\\/#primaryimage\",\"url\":\"https:\\\/\\\/www.swisscrochet.ch\\\/wp-content\\\/uploads\\\/2025\\\/07\\\/Tulip\u2013Etimo-Murasaki-Crochet-Hook-Set-Overview.jpg\",\"contentUrl\":\"https:\\\/\\\/www.swisscrochet.ch\\\/wp-content\\\/uploads\\\/2025\\\/07\\\/Tulip\u2013Etimo-Murasaki-Crochet-Hook-Set-Overview.jpg\",\"width\":1000,\"height\":1000},{\"@type\":\"BreadcrumbList\",\"@id\":\"https:\\\/\\\/www.swisscrochet.ch\\\/produkt\\\/tulip-etimo-murasaki-crochet-hook-set\\\/#breadcrumb\",\"itemListElement\":[{\"@type\":\"ListItem\",\"position\":1,\"name\":\"Home\",\"item\":\"https:\\\/\\\/www.swisscrochet.ch\\\/de\\\/\"},{\"@type\":\"ListItem\",\"position\":2,\"name\":\"Shop\",\"item\":\"https:\\\/\\\/www.swisscrochet.ch\\\/de\\\/shop\\\/\"},{\"@type\":\"ListItem\",\"position\":3,\"name\":\"Tulip &#8211; Etimo Murasaki &#8211; H\u00e4kelnadelset\"}]},{\"@type\":\"WebSite\",\"@id\":\"https:\\\/\\\/www.swisscrochet.ch\\\/#website\",\"url\":\"https:\\\/\\\/www.swisscrochet.ch\\\/\",\"name\":\"Swiss Crochet\",\"description\":\"Entfalte dein kreatives Potenzial\",\"potentialAction\":[{\"@type\":\"SearchAction\",\"target\":{\"@type\":\"EntryPoint\",\"urlTemplate\":\"https:\\\/\\\/www.swisscrochet.ch\\\/?s={search_term_string}\"},\"query-input\":{\"@type\":\"PropertyValueSpecification\",\"valueRequired\":true,\"valueName\":\"search_term_string\"}}],\"inLanguage\":\"de\"}]}<\/script>\n<!-- \/ Yoast SEO plugin. -->","yoast_head_json":{"title":"Tulip - Etimo Murasaki - H\u00e4kelnadelset &#171; Swiss Crochet","description":"Das Tulip Etimo Murasaki H\u00e4kelnadelset enth\u00e4lt 8 ergonomische H\u00e4kelnadeln, Garnnadeln, Maschenmarkierer und ein handgefertigtes Etui im Kyoto-Stil \u2013 luxuri\u00f6s, praktisch und perfekt f\u00fcr alle, die H\u00e4keln lieben.","robots":{"index":"index","follow":"follow","max-snippet":"max-snippet:-1","max-image-preview":"max-image-preview:large","max-video-preview":"max-video-preview:-1"},"canonical":"https:\/\/www.swisscrochet.ch\/produkt\/tulip-etimo-murasaki-crochet-hook-set\/","og_locale":"de_DE","og_type":"article","og_title":"Tulip - Etimo Murasaki - H\u00e4kelnadelset &#171; Swiss Crochet","og_description":"Das Tulip Etimo Murasaki H\u00e4kelnadelset enth\u00e4lt 8 ergonomische H\u00e4kelnadeln, Garnnadeln, Maschenmarkierer und ein handgefertigtes Etui im Kyoto-Stil \u2013 luxuri\u00f6s, praktisch und perfekt f\u00fcr alle, die H\u00e4keln lieben.","og_url":"https:\/\/www.swisscrochet.ch\/produkt\/tulip-etimo-murasaki-crochet-hook-set\/","og_site_name":"Swiss Crochet","article_modified_time":"2025-07-02T15:40:36+00:00","og_image":[{"width":1000,"height":1000,"url":"https:\/\/www.swisscrochet.ch\/wp-content\/uploads\/2025\/07\/Tulip\u2013Etimo-Murasaki-Crochet-Hook-Set-Overview.jpg","type":"image\/jpeg"}],"twitter_card":"summary_large_image","twitter_misc":{"Gesch\u00e4tzte Lesezeit":"1\u00a0Minute"},"schema":{"@context":"https:\/\/schema.org","@graph":[{"@type":["WebPage","ItemPage"],"@id":"https:\/\/www.swisscrochet.ch\/produkt\/tulip-etimo-murasaki-crochet-hook-set\/","url":"https:\/\/www.swisscrochet.ch\/produkt\/tulip-etimo-murasaki-crochet-hook-set\/","name":"Tulip - Etimo Murasaki - H\u00e4kelnadelset &#171; Swiss Crochet","isPartOf":{"@id":"https:\/\/www.swisscrochet.ch\/#website"},"primaryImageOfPage":{"@id":"https:\/\/www.swisscrochet.ch\/produkt\/tulip-etimo-murasaki-crochet-hook-set\/#primaryimage"},"image":{"@id":"https:\/\/www.swisscrochet.ch\/produkt\/tulip-etimo-murasaki-crochet-hook-set\/#primaryimage"},"thumbnailUrl":"https:\/\/www.swisscrochet.ch\/wp-content\/uploads\/2025\/07\/Tulip\u2013Etimo-Murasaki-Crochet-Hook-Set-Overview.jpg","datePublished":"2025-07-02T14:29:32+00:00","dateModified":"2025-07-02T15:40:36+00:00","description":"Das Tulip Etimo Murasaki H\u00e4kelnadelset enth\u00e4lt 8 ergonomische H\u00e4kelnadeln, Garnnadeln, Maschenmarkierer und ein handgefertigtes Etui im Kyoto-Stil \u2013 luxuri\u00f6s, praktisch und perfekt f\u00fcr alle, die H\u00e4keln lieben.","breadcrumb":{"@id":"https:\/\/www.swisscrochet.ch\/produkt\/tulip-etimo-murasaki-crochet-hook-set\/#breadcrumb"},"inLanguage":"de","potentialAction":[{"@type":"ReadAction","target":["https:\/\/www.swisscrochet.ch\/produkt\/tulip-etimo-murasaki-crochet-hook-set\/"]}]},{"@type":"ImageObject","inLanguage":"de","@id":"https:\/\/www.swisscrochet.ch\/produkt\/tulip-etimo-murasaki-crochet-hook-set\/#primaryimage","url":"https:\/\/www.swisscrochet.ch\/wp-content\/uploads\/2025\/07\/Tulip\u2013Etimo-Murasaki-Crochet-Hook-Set-Overview.jpg","contentUrl":"https:\/\/www.swisscrochet.ch\/wp-content\/uploads\/2025\/07\/Tulip\u2013Etimo-Murasaki-Crochet-Hook-Set-Overview.jpg","width":1000,"height":1000},{"@type":"BreadcrumbList","@id":"https:\/\/www.swisscrochet.ch\/produkt\/tulip-etimo-murasaki-crochet-hook-set\/#breadcrumb","itemListElement":[{"@type":"ListItem","position":1,"name":"Home","item":"https:\/\/www.swisscrochet.ch\/de\/"},{"@type":"ListItem","position":2,"name":"Shop","item":"https:\/\/www.swisscrochet.ch\/de\/shop\/"},{"@type":"ListItem","position":3,"name":"Tulip &#8211; Etimo Murasaki &#8211; H\u00e4kelnadelset"}]},{"@type":"WebSite","@id":"https:\/\/www.swisscrochet.ch\/#website","url":"https:\/\/www.swisscrochet.ch\/","name":"Swiss Crochet","description":"Entfalte dein kreatives Potenzial","potentialAction":[{"@type":"SearchAction","target":{"@type":"EntryPoint","urlTemplate":"https:\/\/www.swisscrochet.ch\/?s={search_term_string}"},"query-input":{"@type":"PropertyValueSpecification","valueRequired":true,"valueName":"search_term_string"}}],"inLanguage":"de"}]}},"_links":{"self":[{"href":"https:\/\/www.swisscrochet.ch\/de\/wp-json\/wp\/v2\/product\/8957","targetHints":{"allow":["GET"]}}],"collection":[{"href":"https:\/\/www.swisscrochet.ch\/de\/wp-json\/wp\/v2\/product"}],"about":[{"href":"https:\/\/www.swisscrochet.ch\/de\/wp-json\/wp\/v2\/types\/product"}],"wp:featuredmedia":[{"embeddable":true,"href":"https:\/\/www.swisscrochet.ch\/de\/wp-json\/wp\/v2\/media\/8914"}],"wp:attachment":[{"href":"https:\/\/www.swisscrochet.ch\/de\/wp-json\/wp\/v2\/media?parent=8957"}],"wp:term":[{"taxonomy":"product_brand","embeddable":true,"href":"https:\/\/www.swisscrochet.ch\/de\/wp-json\/wp\/v2\/product_brand?post=8957"},{"taxonomy":"product_cat","embeddable":true,"href":"https:\/\/www.swisscrochet.ch\/de\/wp-json\/wp\/v2\/product_cat?post=8957"},{"taxonomy":"product_tag","embeddable":true,"href":"https:\/\/www.swisscrochet.ch\/de\/wp-json\/wp\/v2\/product_tag?post=8957"}],"curies":[{"name":"wp","href":"https:\/\/api.w.org\/{rel}","templated":true}]}}