{"id":9498,"date":"2025-07-18T17:39:23","date_gmt":"2025-07-18T15:39:23","guid":{"rendered":"https:\/\/www.swisscrochet.ch\/product\/hoooked-wavy-blends\/"},"modified":"2026-04-25T19:25:31","modified_gmt":"2026-04-25T17:25:31","slug":"hoooked-wavy-blends","status":"publish","type":"product","link":"https:\/\/www.swisscrochet.ch\/de\/produkt\/hoooked-wavy-blends\/","title":{"rendered":"Hoooked &#8211; Wavy Blends"},"content":{"rendered":"","protected":false},"excerpt":{"rendered":"<p>Hoooked Wavy Blends ist ein vielseitiges und nachhaltiges Garn aus textilen Produktionsresten. Durch seine Kettenstruktur (i-Cord) bietet es eine hervorragende Maschendefinition \u2013 ideal f\u00fcr H\u00e4kelprojekte, bei denen klare, strukturierte Muster zur Geltung kommen.<\/p>\n<p>Wavy Blends besteht aus 80\u202f% hochwertiger recycelter Baumwolle und 20\u202f% anderen recycelten Fasern. Textilreste aus der Stoffindustrie, die sonst als Abfall entsorgt w\u00fcrden, werden zu Garn verarbeitet. Diese \u00dcberreste werden zerkleinert, erneut zu Garn gesponnen und anschliessend zu einem Kettgarn verarbeitet \u2013 dem Aufbau von Wavy Blends.<\/p>\n<p>Jedes Garnkn\u00e4uel zeigt einen sanften Farbverlauf, inspiriert von den fliessenden T\u00f6nen wilder Ozeane und nat\u00fcrlicher Fl\u00fcsse.<\/p>\n<p>Wavy Blends eignet sich besonders gut f\u00fcr K\u00f6rbe, Taschen, Teppiche und Wohnaccessoires. Durch seine Aran-St\u00e4rke bekommt dein Projekt schnell Struktur und Volumen \u2013 weniger geeignet ist es jedoch f\u00fcr Kleidung, da das Garn relativ schwer ist.<\/p>\n<p>Die abgebildete Maschenprobe wurde im normalen Waschgang bei 40 \u00b0C maschinell gewaschen und anschliessend mit Dampf geb\u00fcgelt.<\/p>\n<p>Bring dein n\u00e4chstes Wohnprojekt zum Strahlen \u2013 entdecke jetzt die leuchtenden Farbverl\u00e4ufe von Wavy Blends!<\/p>\n","protected":false},"featured_media":9200,"template":"","meta":[],"product_brand":[],"product_cat":[226,1881],"product_tag":[],"class_list":{"0":"post-9498","1":"product","2":"type-product","3":"status-publish","4":"has-post-thumbnail","6":"product_cat-garne","7":"product_cat-garn-taschen-und-home-decor","8":"pa_y1-brand-hoooked-de","9":"pa_y17-yarn-weight-aran-de","10":"description-off","12":"first","13":"instock","14":"taxable","15":"shipping-taxable","16":"purchasable","17":"product-type-variable","18":"wvs-archive-product-wrapper"},"bundled_by":["12665","12825"],"bundle_stock_status":"instock","bundle_stock_quantity":null,"bundle_virtual":false,"bundle_layout":"","bundle_add_to_cart_form_location":"","bundle_editable_in_cart":false,"bundle_sold_individually_context":"","bundle_item_grouping":"","bundle_min_size":"","bundle_max_size":"","bundle_price":[],"bundled_items":[],"bundle_sell_ids":[],"yoast_head":"<!-- This site is optimized with the Yoast SEO plugin v27.5 - https:\/\/yoast.com\/product\/yoast-seo-wordpress\/ -->\n<title>Hoooked - Wavy Blends &#171; Swiss Crochet<\/title>\n<meta name=\"description\" content=\"Entdecke Hoooked Wavy Blends \u2013 ein nachhaltiges Farbverlaufsgarn aus 80\u202f% recycelter Baumwolle. Ideal f\u00fcr H\u00e4kelk\u00f6rbe, Taschen und Wohnaccessoires \u2013 mit sch\u00f6ner Maschendefinition und umweltfreundlichem Charme.\" \/>\n<meta name=\"robots\" content=\"index, follow, max-snippet:-1, max-image-preview:large, max-video-preview:-1\" \/>\n<link rel=\"canonical\" href=\"https:\/\/www.swisscrochet.ch\/produkt\/hoooked-wavy-blends\/\" \/>\n<meta property=\"og:locale\" content=\"de_DE\" \/>\n<meta property=\"og:type\" content=\"article\" \/>\n<meta property=\"og:title\" content=\"Hoooked - Wavy Blends &#171; Swiss Crochet\" \/>\n<meta property=\"og:description\" content=\"Entdecke Hoooked Wavy Blends \u2013 ein nachhaltiges Farbverlaufsgarn aus 80\u202f% recycelter Baumwolle. Ideal f\u00fcr H\u00e4kelk\u00f6rbe, Taschen und Wohnaccessoires \u2013 mit sch\u00f6ner Maschendefinition und umweltfreundlichem Charme.\" \/>\n<meta property=\"og:url\" content=\"https:\/\/www.swisscrochet.ch\/produkt\/hoooked-wavy-blends\/\" \/>\n<meta property=\"og:site_name\" content=\"Swiss Crochet\" \/>\n<meta property=\"article:modified_time\" content=\"2026-04-25T17:25:31+00:00\" \/>\n<meta property=\"og:image\" content=\"https:\/\/www.swisscrochet.ch\/wp-content\/uploads\/2025\/07\/Hoooked-Wavy-Blends-Overview.jpg\" \/>\n\t<meta property=\"og:image:width\" content=\"1000\" \/>\n\t<meta property=\"og:image:height\" content=\"1000\" \/>\n\t<meta property=\"og:image:type\" content=\"image\/jpeg\" \/>\n<meta name=\"twitter:card\" content=\"summary_large_image\" \/>\n<meta name=\"twitter:label1\" content=\"Gesch\u00e4tzte Lesezeit\" \/>\n\t<meta name=\"twitter:data1\" content=\"1\u00a0Minute\" \/>\n<script type=\"application\/ld+json\" class=\"yoast-schema-graph\">{\"@context\":\"https:\\\/\\\/schema.org\",\"@graph\":[{\"@type\":[\"WebPage\",\"ItemPage\"],\"@id\":\"https:\\\/\\\/www.swisscrochet.ch\\\/produkt\\\/hoooked-wavy-blends\\\/\",\"url\":\"https:\\\/\\\/www.swisscrochet.ch\\\/produkt\\\/hoooked-wavy-blends\\\/\",\"name\":\"Hoooked - Wavy Blends &#171; Swiss Crochet\",\"isPartOf\":{\"@id\":\"https:\\\/\\\/www.swisscrochet.ch\\\/#website\"},\"primaryImageOfPage\":{\"@id\":\"https:\\\/\\\/www.swisscrochet.ch\\\/produkt\\\/hoooked-wavy-blends\\\/#primaryimage\"},\"image\":{\"@id\":\"https:\\\/\\\/www.swisscrochet.ch\\\/produkt\\\/hoooked-wavy-blends\\\/#primaryimage\"},\"thumbnailUrl\":\"https:\\\/\\\/www.swisscrochet.ch\\\/wp-content\\\/uploads\\\/2025\\\/07\\\/Hoooked-Wavy-Blends-Overview.jpg\",\"datePublished\":\"2025-07-18T15:39:23+00:00\",\"dateModified\":\"2026-04-25T17:25:31+00:00\",\"description\":\"Entdecke Hoooked Wavy Blends \u2013 ein nachhaltiges Farbverlaufsgarn aus 80\u202f% recycelter Baumwolle. Ideal f\u00fcr H\u00e4kelk\u00f6rbe, Taschen und Wohnaccessoires \u2013 mit sch\u00f6ner Maschendefinition und umweltfreundlichem Charme.\",\"breadcrumb\":{\"@id\":\"https:\\\/\\\/www.swisscrochet.ch\\\/produkt\\\/hoooked-wavy-blends\\\/#breadcrumb\"},\"inLanguage\":\"de\",\"potentialAction\":[{\"@type\":\"ReadAction\",\"target\":[\"https:\\\/\\\/www.swisscrochet.ch\\\/produkt\\\/hoooked-wavy-blends\\\/\"]}]},{\"@type\":\"ImageObject\",\"inLanguage\":\"de\",\"@id\":\"https:\\\/\\\/www.swisscrochet.ch\\\/produkt\\\/hoooked-wavy-blends\\\/#primaryimage\",\"url\":\"https:\\\/\\\/www.swisscrochet.ch\\\/wp-content\\\/uploads\\\/2025\\\/07\\\/Hoooked-Wavy-Blends-Overview.jpg\",\"contentUrl\":\"https:\\\/\\\/www.swisscrochet.ch\\\/wp-content\\\/uploads\\\/2025\\\/07\\\/Hoooked-Wavy-Blends-Overview.jpg\",\"width\":1000,\"height\":1000},{\"@type\":\"BreadcrumbList\",\"@id\":\"https:\\\/\\\/www.swisscrochet.ch\\\/produkt\\\/hoooked-wavy-blends\\\/#breadcrumb\",\"itemListElement\":[{\"@type\":\"ListItem\",\"position\":1,\"name\":\"Home\",\"item\":\"https:\\\/\\\/www.swisscrochet.ch\\\/de\\\/\"},{\"@type\":\"ListItem\",\"position\":2,\"name\":\"Shop\",\"item\":\"https:\\\/\\\/www.swisscrochet.ch\\\/de\\\/shop\\\/\"},{\"@type\":\"ListItem\",\"position\":3,\"name\":\"Hoooked &#8211; Wavy Blends\"}]},{\"@type\":\"WebSite\",\"@id\":\"https:\\\/\\\/www.swisscrochet.ch\\\/#website\",\"url\":\"https:\\\/\\\/www.swisscrochet.ch\\\/\",\"name\":\"Swiss Crochet\",\"description\":\"Entfalte dein kreatives Potenzial\",\"potentialAction\":[{\"@type\":\"SearchAction\",\"target\":{\"@type\":\"EntryPoint\",\"urlTemplate\":\"https:\\\/\\\/www.swisscrochet.ch\\\/?s={search_term_string}\"},\"query-input\":{\"@type\":\"PropertyValueSpecification\",\"valueRequired\":true,\"valueName\":\"search_term_string\"}}],\"inLanguage\":\"de\"}]}<\/script>\n<!-- \/ Yoast SEO plugin. -->","yoast_head_json":{"title":"Hoooked - Wavy Blends &#171; Swiss Crochet","description":"Entdecke Hoooked Wavy Blends \u2013 ein nachhaltiges Farbverlaufsgarn aus 80\u202f% recycelter Baumwolle. Ideal f\u00fcr H\u00e4kelk\u00f6rbe, Taschen und Wohnaccessoires \u2013 mit sch\u00f6ner Maschendefinition und umweltfreundlichem Charme.","robots":{"index":"index","follow":"follow","max-snippet":"max-snippet:-1","max-image-preview":"max-image-preview:large","max-video-preview":"max-video-preview:-1"},"canonical":"https:\/\/www.swisscrochet.ch\/produkt\/hoooked-wavy-blends\/","og_locale":"de_DE","og_type":"article","og_title":"Hoooked - Wavy Blends &#171; Swiss Crochet","og_description":"Entdecke Hoooked Wavy Blends \u2013 ein nachhaltiges Farbverlaufsgarn aus 80\u202f% recycelter Baumwolle. Ideal f\u00fcr H\u00e4kelk\u00f6rbe, Taschen und Wohnaccessoires \u2013 mit sch\u00f6ner Maschendefinition und umweltfreundlichem Charme.","og_url":"https:\/\/www.swisscrochet.ch\/produkt\/hoooked-wavy-blends\/","og_site_name":"Swiss Crochet","article_modified_time":"2026-04-25T17:25:31+00:00","og_image":[{"width":1000,"height":1000,"url":"https:\/\/www.swisscrochet.ch\/wp-content\/uploads\/2025\/07\/Hoooked-Wavy-Blends-Overview.jpg","type":"image\/jpeg"}],"twitter_card":"summary_large_image","twitter_misc":{"Gesch\u00e4tzte Lesezeit":"1\u00a0Minute"},"schema":{"@context":"https:\/\/schema.org","@graph":[{"@type":["WebPage","ItemPage"],"@id":"https:\/\/www.swisscrochet.ch\/produkt\/hoooked-wavy-blends\/","url":"https:\/\/www.swisscrochet.ch\/produkt\/hoooked-wavy-blends\/","name":"Hoooked - Wavy Blends &#171; Swiss Crochet","isPartOf":{"@id":"https:\/\/www.swisscrochet.ch\/#website"},"primaryImageOfPage":{"@id":"https:\/\/www.swisscrochet.ch\/produkt\/hoooked-wavy-blends\/#primaryimage"},"image":{"@id":"https:\/\/www.swisscrochet.ch\/produkt\/hoooked-wavy-blends\/#primaryimage"},"thumbnailUrl":"https:\/\/www.swisscrochet.ch\/wp-content\/uploads\/2025\/07\/Hoooked-Wavy-Blends-Overview.jpg","datePublished":"2025-07-18T15:39:23+00:00","dateModified":"2026-04-25T17:25:31+00:00","description":"Entdecke Hoooked Wavy Blends \u2013 ein nachhaltiges Farbverlaufsgarn aus 80\u202f% recycelter Baumwolle. Ideal f\u00fcr H\u00e4kelk\u00f6rbe, Taschen und Wohnaccessoires \u2013 mit sch\u00f6ner Maschendefinition und umweltfreundlichem Charme.","breadcrumb":{"@id":"https:\/\/www.swisscrochet.ch\/produkt\/hoooked-wavy-blends\/#breadcrumb"},"inLanguage":"de","potentialAction":[{"@type":"ReadAction","target":["https:\/\/www.swisscrochet.ch\/produkt\/hoooked-wavy-blends\/"]}]},{"@type":"ImageObject","inLanguage":"de","@id":"https:\/\/www.swisscrochet.ch\/produkt\/hoooked-wavy-blends\/#primaryimage","url":"https:\/\/www.swisscrochet.ch\/wp-content\/uploads\/2025\/07\/Hoooked-Wavy-Blends-Overview.jpg","contentUrl":"https:\/\/www.swisscrochet.ch\/wp-content\/uploads\/2025\/07\/Hoooked-Wavy-Blends-Overview.jpg","width":1000,"height":1000},{"@type":"BreadcrumbList","@id":"https:\/\/www.swisscrochet.ch\/produkt\/hoooked-wavy-blends\/#breadcrumb","itemListElement":[{"@type":"ListItem","position":1,"name":"Home","item":"https:\/\/www.swisscrochet.ch\/de\/"},{"@type":"ListItem","position":2,"name":"Shop","item":"https:\/\/www.swisscrochet.ch\/de\/shop\/"},{"@type":"ListItem","position":3,"name":"Hoooked &#8211; Wavy Blends"}]},{"@type":"WebSite","@id":"https:\/\/www.swisscrochet.ch\/#website","url":"https:\/\/www.swisscrochet.ch\/","name":"Swiss Crochet","description":"Entfalte dein kreatives Potenzial","potentialAction":[{"@type":"SearchAction","target":{"@type":"EntryPoint","urlTemplate":"https:\/\/www.swisscrochet.ch\/?s={search_term_string}"},"query-input":{"@type":"PropertyValueSpecification","valueRequired":true,"valueName":"search_term_string"}}],"inLanguage":"de"}]}},"_links":{"self":[{"href":"https:\/\/www.swisscrochet.ch\/de\/wp-json\/wp\/v2\/product\/9498","targetHints":{"allow":["GET"]}}],"collection":[{"href":"https:\/\/www.swisscrochet.ch\/de\/wp-json\/wp\/v2\/product"}],"about":[{"href":"https:\/\/www.swisscrochet.ch\/de\/wp-json\/wp\/v2\/types\/product"}],"wp:featuredmedia":[{"embeddable":true,"href":"https:\/\/www.swisscrochet.ch\/de\/wp-json\/wp\/v2\/media\/9200"}],"wp:attachment":[{"href":"https:\/\/www.swisscrochet.ch\/de\/wp-json\/wp\/v2\/media?parent=9498"}],"wp:term":[{"taxonomy":"product_brand","embeddable":true,"href":"https:\/\/www.swisscrochet.ch\/de\/wp-json\/wp\/v2\/product_brand?post=9498"},{"taxonomy":"product_cat","embeddable":true,"href":"https:\/\/www.swisscrochet.ch\/de\/wp-json\/wp\/v2\/product_cat?post=9498"},{"taxonomy":"product_tag","embeddable":true,"href":"https:\/\/www.swisscrochet.ch\/de\/wp-json\/wp\/v2\/product_tag?post=9498"}],"curies":[{"name":"wp","href":"https:\/\/api.w.org\/{rel}","templated":true}]}}