{"id":9955,"date":"2025-08-01T18:20:49","date_gmt":"2025-08-01T16:20:49","guid":{"rendered":"https:\/\/www.swisscrochet.ch\/product\/mes-jolis-oiseaux-au-crochet-carla-mitrani\/"},"modified":"2026-04-03T18:55:52","modified_gmt":"2026-04-03T16:55:52","slug":"mes-jolis-oiseaux-au-crochet-ilaria-caliri","status":"publish","type":"product","link":"https:\/\/www.swisscrochet.ch\/de\/produkt\/mes-jolis-oiseaux-au-crochet-ilaria-caliri\/","title":{"rendered":"Mes jolis oiseaux au crochet &#8211; Ilaria Caliri"},"content":{"rendered":"","protected":false},"excerpt":{"rendered":"<p>Donnez vie \u00e0 une vol\u00e9e color\u00e9e d\u2019oiseaux avec Mes jolis oiseaux au crochet, une charmante collection de 19 mod\u00e8les d\u2019amigurumis sign\u00e9e <em>Ilaria Caliri<\/em>. Des perroquets joyeux et toucans tropicaux aux hiboux, cygnes et manchots, chaque projet d\u00e9borde de personnalit\u00e9, de charme et de couleur.<\/p>\n<p>Parfait pour les crocheteuses interm\u00e9diaires ou les d\u00e9butantes audacieuses, ce livre propose des instructions \u00e9tape par \u00e9tape, des photos d\u00e9taill\u00e9es et des conseils pour donner vie \u00e0 chaque oiseau en toute simplicit\u00e9. Chaque cr\u00e9ation constitue un cadeau fait main attentionn\u00e9 ou une touche fantaisiste pour votre d\u00e9coration int\u00e9rieure.<\/p>\n<p>Que vous soyez passionn\u00e9e d\u2019oiseaux, adepte d\u2019amigurumis ou simplement \u00e0 la recherche de votre prochain projet de crochet ludique, ce livre vous promet des heures de plaisir cr\u00e9atif avec tr\u00e8s peu de fil n\u00e9cessaire.<\/p>\n<p>Langue: fran\u00e7ais<\/p>\n","protected":false},"featured_media":9907,"template":"","meta":[],"product_brand":[],"product_cat":[1422,209],"product_tag":[],"class_list":{"0":"post-9955","1":"product","2":"type-product","3":"status-publish","4":"has-post-thumbnail","6":"product_cat-amigurumi-de","7":"product_cat-bucher","8":"pa_b1-language-franzosisch","9":"pa_b11-author-designer-ilaria-caliri","10":"description-off","12":"first","13":"instock","14":"taxable","15":"shipping-taxable","16":"purchasable","17":"product-type-simple"},"bundled_by":[],"bundle_stock_status":"instock","bundle_stock_quantity":1,"bundle_virtual":false,"bundle_layout":"","bundle_add_to_cart_form_location":"","bundle_editable_in_cart":false,"bundle_sold_individually_context":"","bundle_item_grouping":"","bundle_min_size":"","bundle_max_size":"","bundle_price":[],"bundled_items":[],"bundle_sell_ids":[],"yoast_head":"<!-- This site is optimized with the Yoast SEO plugin v27.3 - https:\/\/yoast.com\/product\/yoast-seo-wordpress\/ -->\n<title>Mes jolis oiseaux au crochet - Ilaria Caliri &#171; Swiss Crochet<\/title>\n<meta name=\"robots\" content=\"index, follow, max-snippet:-1, max-image-preview:large, max-video-preview:-1\" \/>\n<link rel=\"canonical\" href=\"https:\/\/www.swisscrochet.ch\/de\/produkt\/mes-jolis-oiseaux-au-crochet-ilaria-caliri\/\" \/>\n<meta property=\"og:locale\" content=\"de_DE\" \/>\n<meta property=\"og:type\" content=\"article\" \/>\n<meta property=\"og:title\" content=\"Mes jolis oiseaux au crochet - Ilaria Caliri &#171; Swiss Crochet\" \/>\n<meta property=\"og:description\" content=\"Donnez vie \u00e0 une vol\u00e9e color\u00e9e d\u2019oiseaux avec Mes jolis oiseaux au crochet, une charmante collection de 19 mod\u00e8les d\u2019amigurumis sign\u00e9e Ilaria Caliri. Des perroquets joyeux et toucans tropicaux aux hiboux, cygnes et manchots, chaque projet d\u00e9borde de personnalit\u00e9, de charme et de couleur.  Parfait pour les crocheteuses interm\u00e9diaires ou les d\u00e9butantes audacieuses, ce livre propose des instructions \u00e9tape par \u00e9tape, des photos d\u00e9taill\u00e9es et des conseils pour donner vie \u00e0 chaque oiseau en toute simplicit\u00e9. Chaque cr\u00e9ation constitue un cadeau fait main attentionn\u00e9 ou une touche fantaisiste pour votre d\u00e9coration int\u00e9rieure.  Que vous soyez passionn\u00e9e d\u2019oiseaux, adepte d\u2019amigurumis ou simplement \u00e0 la recherche de votre prochain projet de crochet ludique, ce livre vous promet des heures de plaisir cr\u00e9atif avec tr\u00e8s peu de fil n\u00e9cessaire.  Langue: fran\u00e7ais\" \/>\n<meta property=\"og:url\" content=\"https:\/\/www.swisscrochet.ch\/de\/produkt\/mes-jolis-oiseaux-au-crochet-ilaria-caliri\/\" \/>\n<meta property=\"og:site_name\" content=\"Swiss Crochet\" \/>\n<meta property=\"article:modified_time\" content=\"2026-04-03T16:55:52+00:00\" \/>\n<meta property=\"og:image\" content=\"https:\/\/www.swisscrochet.ch\/wp-content\/uploads\/2025\/08\/Mes-jolis-oiseaux-au-crochet-Overview.jpg\" \/>\n\t<meta property=\"og:image:width\" content=\"1000\" \/>\n\t<meta property=\"og:image:height\" content=\"1000\" \/>\n\t<meta property=\"og:image:type\" content=\"image\/jpeg\" \/>\n<meta name=\"twitter:card\" content=\"summary_large_image\" \/>\n<script type=\"application\/ld+json\" class=\"yoast-schema-graph\">{\"@context\":\"https:\\\/\\\/schema.org\",\"@graph\":[{\"@type\":[\"WebPage\",\"ItemPage\"],\"@id\":\"https:\\\/\\\/www.swisscrochet.ch\\\/de\\\/produkt\\\/mes-jolis-oiseaux-au-crochet-ilaria-caliri\\\/\",\"url\":\"https:\\\/\\\/www.swisscrochet.ch\\\/de\\\/produkt\\\/mes-jolis-oiseaux-au-crochet-ilaria-caliri\\\/\",\"name\":\"Mes jolis oiseaux au crochet - Ilaria Caliri &#171; Swiss Crochet\",\"isPartOf\":{\"@id\":\"https:\\\/\\\/www.swisscrochet.ch\\\/#website\"},\"primaryImageOfPage\":{\"@id\":\"https:\\\/\\\/www.swisscrochet.ch\\\/de\\\/produkt\\\/mes-jolis-oiseaux-au-crochet-ilaria-caliri\\\/#primaryimage\"},\"image\":{\"@id\":\"https:\\\/\\\/www.swisscrochet.ch\\\/de\\\/produkt\\\/mes-jolis-oiseaux-au-crochet-ilaria-caliri\\\/#primaryimage\"},\"thumbnailUrl\":\"https:\\\/\\\/www.swisscrochet.ch\\\/wp-content\\\/uploads\\\/2025\\\/08\\\/Mes-jolis-oiseaux-au-crochet-Overview.jpg\",\"datePublished\":\"2025-08-01T16:20:49+00:00\",\"dateModified\":\"2026-04-03T16:55:52+00:00\",\"breadcrumb\":{\"@id\":\"https:\\\/\\\/www.swisscrochet.ch\\\/de\\\/produkt\\\/mes-jolis-oiseaux-au-crochet-ilaria-caliri\\\/#breadcrumb\"},\"inLanguage\":\"de\",\"potentialAction\":[{\"@type\":\"ReadAction\",\"target\":[\"https:\\\/\\\/www.swisscrochet.ch\\\/de\\\/produkt\\\/mes-jolis-oiseaux-au-crochet-ilaria-caliri\\\/\"]}]},{\"@type\":\"ImageObject\",\"inLanguage\":\"de\",\"@id\":\"https:\\\/\\\/www.swisscrochet.ch\\\/de\\\/produkt\\\/mes-jolis-oiseaux-au-crochet-ilaria-caliri\\\/#primaryimage\",\"url\":\"https:\\\/\\\/www.swisscrochet.ch\\\/wp-content\\\/uploads\\\/2025\\\/08\\\/Mes-jolis-oiseaux-au-crochet-Overview.jpg\",\"contentUrl\":\"https:\\\/\\\/www.swisscrochet.ch\\\/wp-content\\\/uploads\\\/2025\\\/08\\\/Mes-jolis-oiseaux-au-crochet-Overview.jpg\",\"width\":1000,\"height\":1000},{\"@type\":\"BreadcrumbList\",\"@id\":\"https:\\\/\\\/www.swisscrochet.ch\\\/de\\\/produkt\\\/mes-jolis-oiseaux-au-crochet-ilaria-caliri\\\/#breadcrumb\",\"itemListElement\":[{\"@type\":\"ListItem\",\"position\":1,\"name\":\"Home\",\"item\":\"https:\\\/\\\/www.swisscrochet.ch\\\/de\\\/\"},{\"@type\":\"ListItem\",\"position\":2,\"name\":\"Shop\",\"item\":\"https:\\\/\\\/www.swisscrochet.ch\\\/de\\\/shop\\\/\"},{\"@type\":\"ListItem\",\"position\":3,\"name\":\"Mes jolis oiseaux au crochet &#8211; Ilaria Caliri\"}]},{\"@type\":\"WebSite\",\"@id\":\"https:\\\/\\\/www.swisscrochet.ch\\\/#website\",\"url\":\"https:\\\/\\\/www.swisscrochet.ch\\\/\",\"name\":\"Swiss Crochet\",\"description\":\"Entfalte dein kreatives Potenzial\",\"potentialAction\":[{\"@type\":\"SearchAction\",\"target\":{\"@type\":\"EntryPoint\",\"urlTemplate\":\"https:\\\/\\\/www.swisscrochet.ch\\\/?s={search_term_string}\"},\"query-input\":{\"@type\":\"PropertyValueSpecification\",\"valueRequired\":true,\"valueName\":\"search_term_string\"}}],\"inLanguage\":\"de\"}]}<\/script>\n<!-- \/ Yoast SEO plugin. -->","yoast_head_json":{"title":"Mes jolis oiseaux au crochet - Ilaria Caliri &#171; Swiss Crochet","robots":{"index":"index","follow":"follow","max-snippet":"max-snippet:-1","max-image-preview":"max-image-preview:large","max-video-preview":"max-video-preview:-1"},"canonical":"https:\/\/www.swisscrochet.ch\/de\/produkt\/mes-jolis-oiseaux-au-crochet-ilaria-caliri\/","og_locale":"de_DE","og_type":"article","og_title":"Mes jolis oiseaux au crochet - Ilaria Caliri &#171; Swiss Crochet","og_description":"Donnez vie \u00e0 une vol\u00e9e color\u00e9e d\u2019oiseaux avec Mes jolis oiseaux au crochet, une charmante collection de 19 mod\u00e8les d\u2019amigurumis sign\u00e9e Ilaria Caliri. Des perroquets joyeux et toucans tropicaux aux hiboux, cygnes et manchots, chaque projet d\u00e9borde de personnalit\u00e9, de charme et de couleur.  Parfait pour les crocheteuses interm\u00e9diaires ou les d\u00e9butantes audacieuses, ce livre propose des instructions \u00e9tape par \u00e9tape, des photos d\u00e9taill\u00e9es et des conseils pour donner vie \u00e0 chaque oiseau en toute simplicit\u00e9. Chaque cr\u00e9ation constitue un cadeau fait main attentionn\u00e9 ou une touche fantaisiste pour votre d\u00e9coration int\u00e9rieure.  Que vous soyez passionn\u00e9e d\u2019oiseaux, adepte d\u2019amigurumis ou simplement \u00e0 la recherche de votre prochain projet de crochet ludique, ce livre vous promet des heures de plaisir cr\u00e9atif avec tr\u00e8s peu de fil n\u00e9cessaire.  Langue: fran\u00e7ais","og_url":"https:\/\/www.swisscrochet.ch\/de\/produkt\/mes-jolis-oiseaux-au-crochet-ilaria-caliri\/","og_site_name":"Swiss Crochet","article_modified_time":"2026-04-03T16:55:52+00:00","og_image":[{"width":1000,"height":1000,"url":"https:\/\/www.swisscrochet.ch\/wp-content\/uploads\/2025\/08\/Mes-jolis-oiseaux-au-crochet-Overview.jpg","type":"image\/jpeg"}],"twitter_card":"summary_large_image","schema":{"@context":"https:\/\/schema.org","@graph":[{"@type":["WebPage","ItemPage"],"@id":"https:\/\/www.swisscrochet.ch\/de\/produkt\/mes-jolis-oiseaux-au-crochet-ilaria-caliri\/","url":"https:\/\/www.swisscrochet.ch\/de\/produkt\/mes-jolis-oiseaux-au-crochet-ilaria-caliri\/","name":"Mes jolis oiseaux au crochet - Ilaria Caliri &#171; Swiss Crochet","isPartOf":{"@id":"https:\/\/www.swisscrochet.ch\/#website"},"primaryImageOfPage":{"@id":"https:\/\/www.swisscrochet.ch\/de\/produkt\/mes-jolis-oiseaux-au-crochet-ilaria-caliri\/#primaryimage"},"image":{"@id":"https:\/\/www.swisscrochet.ch\/de\/produkt\/mes-jolis-oiseaux-au-crochet-ilaria-caliri\/#primaryimage"},"thumbnailUrl":"https:\/\/www.swisscrochet.ch\/wp-content\/uploads\/2025\/08\/Mes-jolis-oiseaux-au-crochet-Overview.jpg","datePublished":"2025-08-01T16:20:49+00:00","dateModified":"2026-04-03T16:55:52+00:00","breadcrumb":{"@id":"https:\/\/www.swisscrochet.ch\/de\/produkt\/mes-jolis-oiseaux-au-crochet-ilaria-caliri\/#breadcrumb"},"inLanguage":"de","potentialAction":[{"@type":"ReadAction","target":["https:\/\/www.swisscrochet.ch\/de\/produkt\/mes-jolis-oiseaux-au-crochet-ilaria-caliri\/"]}]},{"@type":"ImageObject","inLanguage":"de","@id":"https:\/\/www.swisscrochet.ch\/de\/produkt\/mes-jolis-oiseaux-au-crochet-ilaria-caliri\/#primaryimage","url":"https:\/\/www.swisscrochet.ch\/wp-content\/uploads\/2025\/08\/Mes-jolis-oiseaux-au-crochet-Overview.jpg","contentUrl":"https:\/\/www.swisscrochet.ch\/wp-content\/uploads\/2025\/08\/Mes-jolis-oiseaux-au-crochet-Overview.jpg","width":1000,"height":1000},{"@type":"BreadcrumbList","@id":"https:\/\/www.swisscrochet.ch\/de\/produkt\/mes-jolis-oiseaux-au-crochet-ilaria-caliri\/#breadcrumb","itemListElement":[{"@type":"ListItem","position":1,"name":"Home","item":"https:\/\/www.swisscrochet.ch\/de\/"},{"@type":"ListItem","position":2,"name":"Shop","item":"https:\/\/www.swisscrochet.ch\/de\/shop\/"},{"@type":"ListItem","position":3,"name":"Mes jolis oiseaux au crochet &#8211; Ilaria Caliri"}]},{"@type":"WebSite","@id":"https:\/\/www.swisscrochet.ch\/#website","url":"https:\/\/www.swisscrochet.ch\/","name":"Swiss Crochet","description":"Entfalte dein kreatives Potenzial","potentialAction":[{"@type":"SearchAction","target":{"@type":"EntryPoint","urlTemplate":"https:\/\/www.swisscrochet.ch\/?s={search_term_string}"},"query-input":{"@type":"PropertyValueSpecification","valueRequired":true,"valueName":"search_term_string"}}],"inLanguage":"de"}]}},"_links":{"self":[{"href":"https:\/\/www.swisscrochet.ch\/de\/wp-json\/wp\/v2\/product\/9955","targetHints":{"allow":["GET"]}}],"collection":[{"href":"https:\/\/www.swisscrochet.ch\/de\/wp-json\/wp\/v2\/product"}],"about":[{"href":"https:\/\/www.swisscrochet.ch\/de\/wp-json\/wp\/v2\/types\/product"}],"wp:featuredmedia":[{"embeddable":true,"href":"https:\/\/www.swisscrochet.ch\/de\/wp-json\/wp\/v2\/media\/9907"}],"wp:attachment":[{"href":"https:\/\/www.swisscrochet.ch\/de\/wp-json\/wp\/v2\/media?parent=9955"}],"wp:term":[{"taxonomy":"product_brand","embeddable":true,"href":"https:\/\/www.swisscrochet.ch\/de\/wp-json\/wp\/v2\/product_brand?post=9955"},{"taxonomy":"product_cat","embeddable":true,"href":"https:\/\/www.swisscrochet.ch\/de\/wp-json\/wp\/v2\/product_cat?post=9955"},{"taxonomy":"product_tag","embeddable":true,"href":"https:\/\/www.swisscrochet.ch\/de\/wp-json\/wp\/v2\/product_tag?post=9955"}],"curies":[{"name":"wp","href":"https:\/\/api.w.org\/{rel}","templated":true}]}}