{"id":9981,"date":"2025-08-07T15:05:39","date_gmt":"2025-08-07T13:05:39","guid":{"rendered":"https:\/\/www.swisscrochet.ch\/product\/d-shaped-rings-closed-type-1-piece\/"},"modified":"2025-09-02T20:37:45","modified_gmt":"2025-09-02T18:37:45","slug":"d-foermiger-ring-geschlossene-ausfuehrung-1-stueck","status":"publish","type":"product","link":"https:\/\/www.swisscrochet.ch\/de\/produkt\/d-foermiger-ring-geschlossene-ausfuehrung-1-stueck\/","title":{"rendered":"D-f\u00f6rmiger Ring, geschlossene Ausf\u00fchrung \u2013 1 St\u00fcck"},"content":{"rendered":"","protected":false},"excerpt":{"rendered":"<p>Diese stabilen, geschlossenen D-Ringe aus Metall eignen sich ideal zum Befestigen von Henkeln oder Schulterriemen an (selbstgemachten) Taschen. Durch ihr vielseitiges Design sind sie auch f\u00fcr Kleidung, G\u00fcrtel oder andere kreative Projekte geeignet.<\/p>\n<p>Aus halbrund gebogenem Metalldraht gefertigt und sicher verschlossen, bieten diese D-Ringe eine besonders hohe Stabilit\u00e4t und halten auch gr\u00f6sseren Belastungen stand. F\u00fcr optimale Ergebnisse sollten sie mit Gurtband, K\u00f6perband oder Taschenhenkeln in passender Breite kombiniert werden.<\/p>\n<p>Erh\u00e4ltlich in drei Innenmassen: 30\u202fmm, 40\u202fmm und 50\u202fmm.<br \/>\nEinzeln verkauft (1 St\u00fcck pro Einheit).<\/p>\n","protected":false},"featured_media":9735,"template":"","meta":[],"product_brand":[],"product_cat":[220,1557],"product_tag":[],"class_list":{"0":"post-9981","1":"product","2":"type-product","3":"status-publish","4":"has-post-thumbnail","6":"product_cat-hakelnadeln-und-zubehor","7":"product_cat-zubehoer-fuer-taschen","8":"product_shipping_class-kleinsendungen","9":"description-off","11":"first","12":"instock","13":"taxable","14":"shipping-taxable","15":"purchasable","16":"product-type-variable","17":"wvs-archive-product-wrapper"},"bundled_by":[],"bundle_stock_status":"instock","bundle_stock_quantity":null,"bundle_virtual":false,"bundle_layout":"","bundle_add_to_cart_form_location":"","bundle_editable_in_cart":false,"bundle_sold_individually_context":"","bundle_item_grouping":"","bundle_min_size":"","bundle_max_size":"","bundle_price":[],"bundled_items":[],"bundle_sell_ids":[],"yoast_head":"<!-- This site is optimized with the Yoast SEO plugin v27.5 - https:\/\/yoast.com\/product\/yoast-seo-wordpress\/ -->\n<title>D-f\u00f6rmiger Ring, geschlossene Ausf\u00fchrung \u2013 1 St\u00fcck &#171; Swiss Crochet<\/title>\n<meta name=\"description\" content=\"Stabile, geschlossene D-Ringe aus Metall f\u00fcr Taschen, G\u00fcrtel oder Kleidung. Erh\u00e4ltlich in 30\u202fmm, 40\u202fmm und 50\u202fmm. Perfekt zum Befestigen von Henkeln oder Tr\u00e4gern. Verkauf pro St\u00fcck.\" \/>\n<meta name=\"robots\" content=\"index, follow, max-snippet:-1, max-image-preview:large, max-video-preview:-1\" \/>\n<link rel=\"canonical\" href=\"https:\/\/www.swisscrochet.ch\/produkt\/d-shaped-rings-closed-type-1-piece\/\" \/>\n<meta property=\"og:locale\" content=\"de_DE\" \/>\n<meta property=\"og:type\" content=\"article\" \/>\n<meta property=\"og:title\" content=\"D-f\u00f6rmiger Ring, geschlossene Ausf\u00fchrung \u2013 1 St\u00fcck &#171; Swiss Crochet\" \/>\n<meta property=\"og:description\" content=\"Stabile, geschlossene D-Ringe aus Metall f\u00fcr Taschen, G\u00fcrtel oder Kleidung. Erh\u00e4ltlich in 30\u202fmm, 40\u202fmm und 50\u202fmm. Perfekt zum Befestigen von Henkeln oder Tr\u00e4gern. Verkauf pro St\u00fcck.\" \/>\n<meta property=\"og:url\" content=\"https:\/\/www.swisscrochet.ch\/produkt\/d-shaped-rings-closed-type-1-piece\/\" \/>\n<meta property=\"og:site_name\" content=\"Swiss Crochet\" \/>\n<meta property=\"article:modified_time\" content=\"2025-09-02T18:37:45+00:00\" \/>\n<meta property=\"og:image\" content=\"https:\/\/www.swisscrochet.ch\/wp-content\/uploads\/2025\/08\/D-Shaped-Rings-Closed-Type-Overview.jpg\" \/>\n\t<meta property=\"og:image:width\" content=\"1000\" \/>\n\t<meta property=\"og:image:height\" content=\"1000\" \/>\n\t<meta property=\"og:image:type\" content=\"image\/jpeg\" \/>\n<meta name=\"twitter:card\" content=\"summary_large_image\" \/>\n<meta name=\"twitter:label1\" content=\"Gesch\u00e4tzte Lesezeit\" \/>\n\t<meta name=\"twitter:data1\" content=\"1\u00a0Minute\" \/>\n<script type=\"application\/ld+json\" class=\"yoast-schema-graph\">{\"@context\":\"https:\\\/\\\/schema.org\",\"@graph\":[{\"@type\":[\"WebPage\",\"ItemPage\"],\"@id\":\"https:\\\/\\\/www.swisscrochet.ch\\\/produkt\\\/d-shaped-rings-closed-type-1-piece\\\/\",\"url\":\"https:\\\/\\\/www.swisscrochet.ch\\\/produkt\\\/d-shaped-rings-closed-type-1-piece\\\/\",\"name\":\"D-f\u00f6rmiger Ring, geschlossene Ausf\u00fchrung \u2013 1 St\u00fcck &#171; Swiss Crochet\",\"isPartOf\":{\"@id\":\"https:\\\/\\\/www.swisscrochet.ch\\\/#website\"},\"primaryImageOfPage\":{\"@id\":\"https:\\\/\\\/www.swisscrochet.ch\\\/produkt\\\/d-shaped-rings-closed-type-1-piece\\\/#primaryimage\"},\"image\":{\"@id\":\"https:\\\/\\\/www.swisscrochet.ch\\\/produkt\\\/d-shaped-rings-closed-type-1-piece\\\/#primaryimage\"},\"thumbnailUrl\":\"https:\\\/\\\/www.swisscrochet.ch\\\/wp-content\\\/uploads\\\/2025\\\/08\\\/D-Shaped-Rings-Closed-Type-Overview.jpg\",\"datePublished\":\"2025-08-07T13:05:39+00:00\",\"dateModified\":\"2025-09-02T18:37:45+00:00\",\"description\":\"Stabile, geschlossene D-Ringe aus Metall f\u00fcr Taschen, G\u00fcrtel oder Kleidung. Erh\u00e4ltlich in 30\u202fmm, 40\u202fmm und 50\u202fmm. Perfekt zum Befestigen von Henkeln oder Tr\u00e4gern. Verkauf pro St\u00fcck.\",\"breadcrumb\":{\"@id\":\"https:\\\/\\\/www.swisscrochet.ch\\\/produkt\\\/d-shaped-rings-closed-type-1-piece\\\/#breadcrumb\"},\"inLanguage\":\"de\",\"potentialAction\":[{\"@type\":\"ReadAction\",\"target\":[\"https:\\\/\\\/www.swisscrochet.ch\\\/produkt\\\/d-shaped-rings-closed-type-1-piece\\\/\"]}]},{\"@type\":\"ImageObject\",\"inLanguage\":\"de\",\"@id\":\"https:\\\/\\\/www.swisscrochet.ch\\\/produkt\\\/d-shaped-rings-closed-type-1-piece\\\/#primaryimage\",\"url\":\"https:\\\/\\\/www.swisscrochet.ch\\\/wp-content\\\/uploads\\\/2025\\\/08\\\/D-Shaped-Rings-Closed-Type-Overview.jpg\",\"contentUrl\":\"https:\\\/\\\/www.swisscrochet.ch\\\/wp-content\\\/uploads\\\/2025\\\/08\\\/D-Shaped-Rings-Closed-Type-Overview.jpg\",\"width\":1000,\"height\":1000},{\"@type\":\"BreadcrumbList\",\"@id\":\"https:\\\/\\\/www.swisscrochet.ch\\\/produkt\\\/d-shaped-rings-closed-type-1-piece\\\/#breadcrumb\",\"itemListElement\":[{\"@type\":\"ListItem\",\"position\":1,\"name\":\"Home\",\"item\":\"https:\\\/\\\/www.swisscrochet.ch\\\/de\\\/\"},{\"@type\":\"ListItem\",\"position\":2,\"name\":\"Shop\",\"item\":\"https:\\\/\\\/www.swisscrochet.ch\\\/de\\\/shop\\\/\"},{\"@type\":\"ListItem\",\"position\":3,\"name\":\"D-f\u00f6rmiger Ring, geschlossene Ausf\u00fchrung \u2013 1 St\u00fcck\"}]},{\"@type\":\"WebSite\",\"@id\":\"https:\\\/\\\/www.swisscrochet.ch\\\/#website\",\"url\":\"https:\\\/\\\/www.swisscrochet.ch\\\/\",\"name\":\"Swiss Crochet\",\"description\":\"Entfalte dein kreatives Potenzial\",\"potentialAction\":[{\"@type\":\"SearchAction\",\"target\":{\"@type\":\"EntryPoint\",\"urlTemplate\":\"https:\\\/\\\/www.swisscrochet.ch\\\/?s={search_term_string}\"},\"query-input\":{\"@type\":\"PropertyValueSpecification\",\"valueRequired\":true,\"valueName\":\"search_term_string\"}}],\"inLanguage\":\"de\"}]}<\/script>\n<!-- \/ Yoast SEO plugin. -->","yoast_head_json":{"title":"D-f\u00f6rmiger Ring, geschlossene Ausf\u00fchrung \u2013 1 St\u00fcck &#171; Swiss Crochet","description":"Stabile, geschlossene D-Ringe aus Metall f\u00fcr Taschen, G\u00fcrtel oder Kleidung. Erh\u00e4ltlich in 30\u202fmm, 40\u202fmm und 50\u202fmm. Perfekt zum Befestigen von Henkeln oder Tr\u00e4gern. Verkauf pro St\u00fcck.","robots":{"index":"index","follow":"follow","max-snippet":"max-snippet:-1","max-image-preview":"max-image-preview:large","max-video-preview":"max-video-preview:-1"},"canonical":"https:\/\/www.swisscrochet.ch\/produkt\/d-shaped-rings-closed-type-1-piece\/","og_locale":"de_DE","og_type":"article","og_title":"D-f\u00f6rmiger Ring, geschlossene Ausf\u00fchrung \u2013 1 St\u00fcck &#171; Swiss Crochet","og_description":"Stabile, geschlossene D-Ringe aus Metall f\u00fcr Taschen, G\u00fcrtel oder Kleidung. Erh\u00e4ltlich in 30\u202fmm, 40\u202fmm und 50\u202fmm. Perfekt zum Befestigen von Henkeln oder Tr\u00e4gern. Verkauf pro St\u00fcck.","og_url":"https:\/\/www.swisscrochet.ch\/produkt\/d-shaped-rings-closed-type-1-piece\/","og_site_name":"Swiss Crochet","article_modified_time":"2025-09-02T18:37:45+00:00","og_image":[{"width":1000,"height":1000,"url":"https:\/\/www.swisscrochet.ch\/wp-content\/uploads\/2025\/08\/D-Shaped-Rings-Closed-Type-Overview.jpg","type":"image\/jpeg"}],"twitter_card":"summary_large_image","twitter_misc":{"Gesch\u00e4tzte Lesezeit":"1\u00a0Minute"},"schema":{"@context":"https:\/\/schema.org","@graph":[{"@type":["WebPage","ItemPage"],"@id":"https:\/\/www.swisscrochet.ch\/produkt\/d-shaped-rings-closed-type-1-piece\/","url":"https:\/\/www.swisscrochet.ch\/produkt\/d-shaped-rings-closed-type-1-piece\/","name":"D-f\u00f6rmiger Ring, geschlossene Ausf\u00fchrung \u2013 1 St\u00fcck &#171; Swiss Crochet","isPartOf":{"@id":"https:\/\/www.swisscrochet.ch\/#website"},"primaryImageOfPage":{"@id":"https:\/\/www.swisscrochet.ch\/produkt\/d-shaped-rings-closed-type-1-piece\/#primaryimage"},"image":{"@id":"https:\/\/www.swisscrochet.ch\/produkt\/d-shaped-rings-closed-type-1-piece\/#primaryimage"},"thumbnailUrl":"https:\/\/www.swisscrochet.ch\/wp-content\/uploads\/2025\/08\/D-Shaped-Rings-Closed-Type-Overview.jpg","datePublished":"2025-08-07T13:05:39+00:00","dateModified":"2025-09-02T18:37:45+00:00","description":"Stabile, geschlossene D-Ringe aus Metall f\u00fcr Taschen, G\u00fcrtel oder Kleidung. Erh\u00e4ltlich in 30\u202fmm, 40\u202fmm und 50\u202fmm. Perfekt zum Befestigen von Henkeln oder Tr\u00e4gern. Verkauf pro St\u00fcck.","breadcrumb":{"@id":"https:\/\/www.swisscrochet.ch\/produkt\/d-shaped-rings-closed-type-1-piece\/#breadcrumb"},"inLanguage":"de","potentialAction":[{"@type":"ReadAction","target":["https:\/\/www.swisscrochet.ch\/produkt\/d-shaped-rings-closed-type-1-piece\/"]}]},{"@type":"ImageObject","inLanguage":"de","@id":"https:\/\/www.swisscrochet.ch\/produkt\/d-shaped-rings-closed-type-1-piece\/#primaryimage","url":"https:\/\/www.swisscrochet.ch\/wp-content\/uploads\/2025\/08\/D-Shaped-Rings-Closed-Type-Overview.jpg","contentUrl":"https:\/\/www.swisscrochet.ch\/wp-content\/uploads\/2025\/08\/D-Shaped-Rings-Closed-Type-Overview.jpg","width":1000,"height":1000},{"@type":"BreadcrumbList","@id":"https:\/\/www.swisscrochet.ch\/produkt\/d-shaped-rings-closed-type-1-piece\/#breadcrumb","itemListElement":[{"@type":"ListItem","position":1,"name":"Home","item":"https:\/\/www.swisscrochet.ch\/de\/"},{"@type":"ListItem","position":2,"name":"Shop","item":"https:\/\/www.swisscrochet.ch\/de\/shop\/"},{"@type":"ListItem","position":3,"name":"D-f\u00f6rmiger Ring, geschlossene Ausf\u00fchrung \u2013 1 St\u00fcck"}]},{"@type":"WebSite","@id":"https:\/\/www.swisscrochet.ch\/#website","url":"https:\/\/www.swisscrochet.ch\/","name":"Swiss Crochet","description":"Entfalte dein kreatives Potenzial","potentialAction":[{"@type":"SearchAction","target":{"@type":"EntryPoint","urlTemplate":"https:\/\/www.swisscrochet.ch\/?s={search_term_string}"},"query-input":{"@type":"PropertyValueSpecification","valueRequired":true,"valueName":"search_term_string"}}],"inLanguage":"de"}]}},"_links":{"self":[{"href":"https:\/\/www.swisscrochet.ch\/de\/wp-json\/wp\/v2\/product\/9981","targetHints":{"allow":["GET"]}}],"collection":[{"href":"https:\/\/www.swisscrochet.ch\/de\/wp-json\/wp\/v2\/product"}],"about":[{"href":"https:\/\/www.swisscrochet.ch\/de\/wp-json\/wp\/v2\/types\/product"}],"wp:featuredmedia":[{"embeddable":true,"href":"https:\/\/www.swisscrochet.ch\/de\/wp-json\/wp\/v2\/media\/9735"}],"wp:attachment":[{"href":"https:\/\/www.swisscrochet.ch\/de\/wp-json\/wp\/v2\/media?parent=9981"}],"wp:term":[{"taxonomy":"product_brand","embeddable":true,"href":"https:\/\/www.swisscrochet.ch\/de\/wp-json\/wp\/v2\/product_brand?post=9981"},{"taxonomy":"product_cat","embeddable":true,"href":"https:\/\/www.swisscrochet.ch\/de\/wp-json\/wp\/v2\/product_cat?post=9981"},{"taxonomy":"product_tag","embeddable":true,"href":"https:\/\/www.swisscrochet.ch\/de\/wp-json\/wp\/v2\/product_tag?post=9981"}],"curies":[{"name":"wp","href":"https:\/\/api.w.org\/{rel}","templated":true}]}}