{"id":1027,"date":"2024-08-09T17:14:36","date_gmt":"2024-08-09T15:14:36","guid":{"rendered":"https:\/\/www.swisscrochet.ch\/courses\/"},"modified":"2024-12-20T17:20:12","modified_gmt":"2024-12-20T16:20:12","slug":"cours","status":"publish","type":"page","link":"https:\/\/www.swisscrochet.ch\/fr\/cours\/","title":{"rendered":"Cours"},"content":{"rendered":"<div class=\"wpb-content-wrapper\"><p>[vc_row][vc_column][vc_row_inner][vc_column_inner width=\u00a0\u00bb2\/3&Prime;][vc_column_text css=\u00a0\u00bb\u00a0\u00bb]<\/p>\n<h2>D\u00e9verrouillez votre potentiel cr\u00e9atif avec nos cours de crochet complets, con\u00e7us pour tous les niveaux de comp\u00e9tence.<\/h2>\n<p>Que vous soyez d\u00e9butant et que vous commenciez avec les bases, crocheteur interm\u00e9diaire cherchant \u00e0 affiner vos techniques, ou artisan avanc\u00e9 pr\u00eat \u00e0 ma\u00eetriser des designs complexes, nous avons le cours parfait pour vous.<\/p>\n<p>Nos cours couvrent un large \u00e9ventail de sujets li\u00e9s au crochet, y compris les points de base et leurs variations, les rangs courts, l&rsquo;amigurumi, le crochet tunisien et des techniques avanc\u00e9es comme le crochet irlandais. Vous apprendrez tout, des points de crochet simples \u00e0 l&rsquo;assemblage des motifs, en passant par les techniques de finition et la confection de v\u00eatements.<\/p>\n<p>Nous proposons \u00e0 la fois des cours priv\u00e9s et des cours en petits groupes pour garantir une attention personnalis\u00e9e et un apprentissage pratique. Les instructeurs exp\u00e9riment\u00e9s vous guideront \u00e0 votre propre rythme, en adaptant le cours \u00e0 vos besoins et objectifs sp\u00e9cifiques.<\/p>\n<p>Rejoignez-nous et commencez votre aventure crochet d\u00e8s aujourd&rsquo;hui!<\/p>\n<p>[\/vc_column_text][\/vc_column_inner][vc_column_inner width=\u00a0\u00bb1\/3&Prime;]<div class=\"dt-fancy-separator title-left h4-size style-disabled title-color\" style=\"width: 100%;\"><div class=\"dt-fancy-title\"><span class=\"separator-holder separator-left\"><\/span>Voulez-vous rester inform\u00e9 des nouveaux cours? Revenez r\u00e9guli\u00e8rement, ou abonnez-vous \u00e0 la newsletter:<span class=\"separator-holder separator-right\"><\/span><\/div><\/div>[vc_empty_space height=\u00a0\u00bb15px\u00a0\u00bb]<style type=\"text\/css\" data-type=\"the7_shortcodes-inline-css\">#default-btn-c3d7f02585c8a6e3cc2e728f3ff065dd.ico-right-side > i {\n  margin-right: 0px;\n  margin-left: 8px;\n}\n#default-btn-c3d7f02585c8a6e3cc2e728f3ff065dd > i {\n  margin-right: 8px;\n}<\/style><a href=\"https:\/\/www.swisscrochet.ch\/fr\/newsletter\/\" class=\"default-btn-shortcode dt-btn dt-btn-m link-hover-off ico-right-side btn-inline-left \" target=\"_blank\" id=\"default-btn-c3d7f02585c8a6e3cc2e728f3ff065dd\" rel=\"noopener\"><span>Abonnez-vous \u00e0 la newsletter<\/span><i class=\"icomoon-the7-font-the7-mail-03\"><\/i><\/a>[\/vc_column_inner][\/vc_row_inner][vc_empty_space height=\u00a0\u00bb50px\u00a0\u00bb]<style type=\"text\/css\" data-type=\"the7_shortcodes-inline-css\">.products-shortcode.products-masonry-shortcode-id-37450a333ecc6e6af09aa955ee9bd7fc .filter-bg-decoration .filter-categories a.act {\n  color: #fff;\n}\n.products-shortcode.products-masonry-shortcode-id-37450a333ecc6e6af09aa955ee9bd7fc:not(.resize-by-browser-width) .dt-css-grid {\n  grid-row-gap: 30px;\n  grid-column-gap: 30px;\n  grid-template-columns: repeat(auto-fill,minmax(250px,1fr));\n}\n.cssgridlegacy.no-cssgrid .products-shortcode.products-masonry-shortcode-id-37450a333ecc6e6af09aa955ee9bd7fc:not(.resize-by-browser-width) .dt-css-grid,\n.no-cssgridlegacy.no-cssgrid .products-shortcode.products-masonry-shortcode-id-37450a333ecc6e6af09aa955ee9bd7fc:not(.resize-by-browser-width) .dt-css-grid {\n  display: flex;\n  flex-flow: row wrap;\n  margin: -15px;\n}\n.cssgridlegacy.no-cssgrid .products-shortcode.products-masonry-shortcode-id-37450a333ecc6e6af09aa955ee9bd7fc:not(.resize-by-browser-width) .dt-css-grid .wf-cell,\n.no-cssgridlegacy.no-cssgrid .products-shortcode.products-masonry-shortcode-id-37450a333ecc6e6af09aa955ee9bd7fc:not(.resize-by-browser-width) .dt-css-grid .wf-cell {\n  flex: 1 0 250px;\n  min-width: 250px;\n  max-width: 100%;\n  padding: 15px;\n  box-sizing: border-box;\n}\n.products-shortcode.products-masonry-shortcode-id-37450a333ecc6e6af09aa955ee9bd7fc.resize-by-browser-width .dt-css-grid {\n  grid-template-columns: repeat(,1fr);\n  grid-template-rows: auto;\n  grid-column-gap: 30px;\n  grid-row-gap: 30px;\n}\n.cssgridlegacy.no-cssgrid .products-shortcode.products-masonry-shortcode-id-37450a333ecc6e6af09aa955ee9bd7fc.resize-by-browser-width .dt-css-grid,\n.no-cssgridlegacy.no-cssgrid .products-shortcode.products-masonry-shortcode-id-37450a333ecc6e6af09aa955ee9bd7fc.resize-by-browser-width .dt-css-grid {\n  margin: -15px;\n}\n.cssgridlegacy.no-cssgrid .products-shortcode.products-masonry-shortcode-id-37450a333ecc6e6af09aa955ee9bd7fc.resize-by-browser-width .dt-css-grid .wf-cell,\n.no-cssgridlegacy.no-cssgrid .products-shortcode.products-masonry-shortcode-id-37450a333ecc6e6af09aa955ee9bd7fc.resize-by-browser-width .dt-css-grid .wf-cell {\n  padding: 15px;\n}\n@media screen and (max-width: 1199px) {\n  .products-shortcode.products-masonry-shortcode-id-37450a333ecc6e6af09aa955ee9bd7fc.resize-by-browser-width .dt-css-grid {\n    grid-template-columns: repeat(,1fr);\n  }\n}\n@media screen and (max-width: 991px) {\n  .products-shortcode.products-masonry-shortcode-id-37450a333ecc6e6af09aa955ee9bd7fc.resize-by-browser-width .dt-css-grid {\n    grid-template-columns: repeat(,1fr);\n  }\n}\n@media screen and (max-width: 767px) {\n  .products-shortcode.products-masonry-shortcode-id-37450a333ecc6e6af09aa955ee9bd7fc.resize-by-browser-width .dt-css-grid {\n    grid-template-columns: repeat(,1fr);\n  }\n}<\/style><div class=\"products-shortcode products-masonry-shortcode-id-37450a333ecc6e6af09aa955ee9bd7fc mode-grid cart-btn-below-img hide-description hide-rating jquery-filter dt-css-grid-wrap loading-effect-none description-under-image content-align-centre wc-grid\" data-padding=\"15px\" data-cur-page=\"1\" data-post-limit=\"-1\" data-pagination-mode=\"none\" data-width=\"250px\" data-columns=\"0\"><div class=\"dt-css-grid\" ><div class=\"visible wf-cell visible\" data-post-id=\"1159\" data-date=\"2024-10-18T15:59:28+02:00\" data-name=\"Captain Hook - Cours de crochet priv\u00e9\"><article class=\"post project-odd visible description-off wvs-archive-product-wrapper product type-product post-1159 status-publish first instock product_cat-cours has-post-thumbnail taxable shipping-taxable purchasable product-type-variable\" ><figure class=\"woocom-project\">\n\t<div class=\"woo-buttons-on-img\">\n\n\t\t<a href=\"https:\/\/www.swisscrochet.ch\/fr\/produit\/captain-hook\/\" class=\"alignnone layzr-bg\"><img loading=\"lazy\" decoding=\"async\" width=\"300\" height=\"300\" src=\"data:image\/svg+xml;charset=utf-8,%3Csvg xmlns%3D&#039;http%3A%2F%2Fwww.w3.org%2F2000%2Fsvg&#039; viewBox%3D&#039;0 0 300 300&#039;%2F%3E\" class=\"attachment-woocommerce_thumbnail size-woocommerce_thumbnail wvs-archive-product-image iso-lazy-load preload-me\" alt=\"Captain Hook - Cours de crochet priv\u00e9\" data-src=\"https:\/\/www.swisscrochet.ch\/wp-content\/uploads\/2024\/10\/Captain-Hook-Private-Crochet-Course-Overview-300x300.jpg\" data-srcset=\"https:\/\/www.swisscrochet.ch\/wp-content\/uploads\/2024\/10\/Captain-Hook-Private-Crochet-Course-Overview-300x300.jpg 300w, https:\/\/www.swisscrochet.ch\/wp-content\/uploads\/2024\/10\/Captain-Hook-Private-Crochet-Course-Overview-150x150.jpg 150w, https:\/\/www.swisscrochet.ch\/wp-content\/uploads\/2024\/10\/Captain-Hook-Private-Crochet-Course-Overview-768x768.jpg 768w, https:\/\/www.swisscrochet.ch\/wp-content\/uploads\/2024\/10\/Captain-Hook-Private-Crochet-Course-Overview-600x600.jpg 600w, https:\/\/www.swisscrochet.ch\/wp-content\/uploads\/2024\/10\/Captain-Hook-Private-Crochet-Course-Overview-200x200.jpg 200w, https:\/\/www.swisscrochet.ch\/wp-content\/uploads\/2024\/10\/Captain-Hook-Private-Crochet-Course-Overview-50x50.jpg 50w, https:\/\/www.swisscrochet.ch\/wp-content\/uploads\/2024\/10\/Captain-Hook-Private-Crochet-Course-Overview-100x100.jpg 100w, https:\/\/www.swisscrochet.ch\/wp-content\/uploads\/2024\/10\/Captain-Hook-Private-Crochet-Course-Overview-64x64.jpg 64w, https:\/\/www.swisscrochet.ch\/wp-content\/uploads\/2024\/10\/Captain-Hook-Private-Crochet-Course-Overview.jpg 1000w\" \/><\/a>\n\t<\/div>\n\t<figcaption class=\"woocom-list-content\">\n\n\t\t<div class=\"woo-buttons\"><a href=\"https:\/\/www.swisscrochet.ch\/fr\/produit\/captain-hook\/\" aria-describedby=\"woocommerce_loop_add_to_cart_link_describedby_1159\" data-quantity=\"1\" class=\"product_type_variable add_to_cart_button\" data-product_id=\"1159\" data-product_sku=\"990020001\" aria-label=\"S\u00e9lectionner les options pour &ldquo;Captain Hook - Cours de crochet priv\u00e9&rdquo;\" rel=\"nofollow\">R\u00e9server un cours<\/a>\t<span id=\"woocommerce_loop_add_to_cart_link_describedby_1159\" class=\"screen-reader-text\">\n\t\tCe produit a plusieurs variations. Les options peuvent \u00eatre choisies sur la page du produit\t<\/span>\n<\/div>\n\t<\/figcaption>\n<\/figure>\n<\/article><\/div><div class=\"visible wf-cell visible\" data-post-id=\"1140\" data-date=\"2024-10-18T16:00:13+02:00\" data-name=\"Hook-SOS\"><article class=\"post project-odd visible description-off wvs-archive-product-wrapper product type-product post-1140 status-publish instock product_cat-cours has-post-thumbnail taxable shipping-taxable purchasable product-type-variable\" ><figure class=\"woocom-project\">\n\t<div class=\"woo-buttons-on-img\">\n\n\t\t<a href=\"https:\/\/www.swisscrochet.ch\/fr\/produit\/hook-sos\/\" class=\"alignnone layzr-bg\"><img loading=\"lazy\" decoding=\"async\" width=\"300\" height=\"300\" src=\"data:image\/svg+xml;charset=utf-8,%3Csvg xmlns%3D&#039;http%3A%2F%2Fwww.w3.org%2F2000%2Fsvg&#039; viewBox%3D&#039;0 0 300 300&#039;%2F%3E\" class=\"attachment-woocommerce_thumbnail size-woocommerce_thumbnail wvs-archive-product-image iso-lazy-load preload-me\" alt=\"Swiss Crochet Hook SOS\" data-src=\"https:\/\/www.swisscrochet.ch\/wp-content\/uploads\/2024\/10\/Swiss-Crochet-Hook-SOS-Overview-300x300.jpg\" data-srcset=\"https:\/\/www.swisscrochet.ch\/wp-content\/uploads\/2024\/10\/Swiss-Crochet-Hook-SOS-Overview-300x300.jpg 300w, https:\/\/www.swisscrochet.ch\/wp-content\/uploads\/2024\/10\/Swiss-Crochet-Hook-SOS-Overview-150x150.jpg 150w, https:\/\/www.swisscrochet.ch\/wp-content\/uploads\/2024\/10\/Swiss-Crochet-Hook-SOS-Overview-768x768.jpg 768w, https:\/\/www.swisscrochet.ch\/wp-content\/uploads\/2024\/10\/Swiss-Crochet-Hook-SOS-Overview-600x600.jpg 600w, https:\/\/www.swisscrochet.ch\/wp-content\/uploads\/2024\/10\/Swiss-Crochet-Hook-SOS-Overview-200x200.jpg 200w, https:\/\/www.swisscrochet.ch\/wp-content\/uploads\/2024\/10\/Swiss-Crochet-Hook-SOS-Overview-50x50.jpg 50w, https:\/\/www.swisscrochet.ch\/wp-content\/uploads\/2024\/10\/Swiss-Crochet-Hook-SOS-Overview-100x100.jpg 100w, https:\/\/www.swisscrochet.ch\/wp-content\/uploads\/2024\/10\/Swiss-Crochet-Hook-SOS-Overview-64x64.jpg 64w, https:\/\/www.swisscrochet.ch\/wp-content\/uploads\/2024\/10\/Swiss-Crochet-Hook-SOS-Overview.jpg 1000w\" \/><\/a>\n\t<\/div>\n\t<figcaption class=\"woocom-list-content\">\n\n\t\t<div class=\"woo-buttons\"><a href=\"https:\/\/www.swisscrochet.ch\/fr\/produit\/hook-sos\/\" aria-describedby=\"woocommerce_loop_add_to_cart_link_describedby_1140\" data-quantity=\"1\" class=\"product_type_variable add_to_cart_button\" data-product_id=\"1140\" data-product_sku=\"990020002\" aria-label=\"S\u00e9lectionner les options pour &ldquo;Hook-SOS&rdquo;\" rel=\"nofollow\">R\u00e9server un cours<\/a>\t<span id=\"woocommerce_loop_add_to_cart_link_describedby_1140\" class=\"screen-reader-text\">\n\t\tCe produit a plusieurs variations. Les options peuvent \u00eatre choisies sur la page du produit\t<\/span>\n<\/div>\n\t<\/figcaption>\n<\/figure>\n<\/article><\/div><div class=\"visible wf-cell visible\" data-post-id=\"1138\" data-date=\"2024-10-18T16:40:56+02:00\" data-name=\"Crochet pour enfants et adolescents\"><article class=\"post project-odd visible description-off product type-product post-1138 status-publish instock product_cat-cours has-post-thumbnail virtual taxable purchasable product-type-simple\" ><figure class=\"woocom-project\">\n\t<div class=\"woo-buttons-on-img\">\n\n\t\t<a href=\"https:\/\/www.swisscrochet.ch\/fr\/produit\/crochet-pour-enfants-et-adolescents\/\" class=\"alignnone layzr-bg\"><img loading=\"lazy\" decoding=\"async\" width=\"300\" height=\"300\" src=\"data:image\/svg+xml;charset=utf-8,%3Csvg xmlns%3D&#039;http%3A%2F%2Fwww.w3.org%2F2000%2Fsvg&#039; viewBox%3D&#039;0 0 300 300&#039;%2F%3E\" class=\"attachment-woocommerce_thumbnail size-woocommerce_thumbnail wvs-archive-product-image iso-lazy-load preload-me\" alt=\"Swiss Crochet Course - Crochet for children and teenagers\" data-src=\"https:\/\/www.swisscrochet.ch\/wp-content\/uploads\/2024\/10\/Swiss-Crochet-Crochet-for-children-and-teenagers-Overview-300x300.jpg\" data-srcset=\"https:\/\/www.swisscrochet.ch\/wp-content\/uploads\/2024\/10\/Swiss-Crochet-Crochet-for-children-and-teenagers-Overview-300x300.jpg 300w, https:\/\/www.swisscrochet.ch\/wp-content\/uploads\/2024\/10\/Swiss-Crochet-Crochet-for-children-and-teenagers-Overview-150x150.jpg 150w, https:\/\/www.swisscrochet.ch\/wp-content\/uploads\/2024\/10\/Swiss-Crochet-Crochet-for-children-and-teenagers-Overview-768x768.jpg 768w, https:\/\/www.swisscrochet.ch\/wp-content\/uploads\/2024\/10\/Swiss-Crochet-Crochet-for-children-and-teenagers-Overview-600x600.jpg 600w, https:\/\/www.swisscrochet.ch\/wp-content\/uploads\/2024\/10\/Swiss-Crochet-Crochet-for-children-and-teenagers-Overview-200x200.jpg 200w, https:\/\/www.swisscrochet.ch\/wp-content\/uploads\/2024\/10\/Swiss-Crochet-Crochet-for-children-and-teenagers-Overview-50x50.jpg 50w, https:\/\/www.swisscrochet.ch\/wp-content\/uploads\/2024\/10\/Swiss-Crochet-Crochet-for-children-and-teenagers-Overview-100x100.jpg 100w, https:\/\/www.swisscrochet.ch\/wp-content\/uploads\/2024\/10\/Swiss-Crochet-Crochet-for-children-and-teenagers-Overview-64x64.jpg 64w, https:\/\/www.swisscrochet.ch\/wp-content\/uploads\/2024\/10\/Swiss-Crochet-Crochet-for-children-and-teenagers-Overview.jpg 1000w\" \/><\/a>\n\t<\/div>\n\t<figcaption class=\"woocom-list-content\">\n\n\t\t<div class=\"woo-buttons\"><a href=\"\/fr\/wp-json\/wp\/v2\/pages\/1027?add-to-cart=1138\" aria-describedby=\"woocommerce_loop_add_to_cart_link_describedby_1138\" data-quantity=\"1\" class=\"product_type_simple add_to_cart_button ajax_add_to_cart\" data-product_id=\"1138\" data-product_sku=\"990020007\" aria-label=\"Ajouter au panier: \u201cCrochet pour enfants et adolescents\u201d\" rel=\"nofollow\" data-success_message=\"\u00ab\u00a0Crochet pour enfants et adolescents\u00a0\u00bb a \u00e9t\u00e9 ajout\u00e9 \u00e0 votre panier\" role=\"button\">R\u00e9server un cours<\/a>\t<span id=\"woocommerce_loop_add_to_cart_link_describedby_1138\" class=\"screen-reader-text\">\n\t\t\t<\/span>\n<\/div>\n\t<\/figcaption>\n<\/figure>\n<\/article><\/div><\/div><!-- iso-container|iso-grid --><\/div>[vc_empty_space][\/vc_column][\/vc_row]<\/p>\n<\/div>","protected":false},"excerpt":{"rendered":"<p>[vc_row][vc_column][vc_row_inner][vc_column_inner width=\u00a0\u00bb2\/3&Prime;][vc_column_text css=\u00a0\u00bb\u00a0\u00bb] D\u00e9verrouillez votre potentiel cr\u00e9atif avec nos cours de crochet complets, con\u00e7us pour tous les niveaux de comp\u00e9tence. Que vous soyez d\u00e9butant et que vous commenciez avec les bases, crocheteur interm\u00e9diaire cherchant \u00e0 affiner vos techniques, ou artisan avanc\u00e9 pr\u00eat \u00e0 ma\u00eetriser des designs complexes, nous avons le cours parfait pour vous. Nos&hellip;<\/p>\n","protected":false},"author":2,"featured_media":243,"parent":0,"menu_order":7,"comment_status":"closed","ping_status":"closed","template":"","meta":{"footnotes":""},"class_list":["post-1027","page","type-page","status-publish","has-post-thumbnail","hentry","description-off"],"yoast_head":"<!-- This site is optimized with the Yoast SEO plugin v27.5 - https:\/\/yoast.com\/product\/yoast-seo-wordpress\/ -->\n<title>Cours &#171; Swiss Crochet<\/title>\n<meta name=\"description\" content=\"D\u00e9verrouillez votre potentiel cr\u00e9atif avec nos cours de crochet complets, con\u00e7us pour tous les niveaux de comp\u00e9tence. Nous avons le cours parfait pour vous.\" \/>\n<meta name=\"robots\" content=\"index, follow, max-snippet:-1, max-image-preview:large, max-video-preview:-1\" \/>\n<link rel=\"canonical\" href=\"https:\/\/www.swisscrochet.ch\/fr\/cours\/\" \/>\n<meta property=\"og:locale\" content=\"fr_FR\" \/>\n<meta property=\"og:type\" content=\"article\" \/>\n<meta property=\"og:title\" content=\"Cours &#171; Swiss Crochet\" \/>\n<meta property=\"og:description\" content=\"D\u00e9verrouillez votre potentiel cr\u00e9atif avec nos cours de crochet complets, con\u00e7us pour tous les niveaux de comp\u00e9tence. Nous avons le cours parfait pour vous.\" \/>\n<meta property=\"og:url\" content=\"https:\/\/www.swisscrochet.ch\/fr\/cours\/\" \/>\n<meta property=\"og:site_name\" content=\"Swiss Crochet\" \/>\n<meta property=\"article:modified_time\" content=\"2024-12-20T16:20:12+00:00\" \/>\n<meta property=\"og:image\" content=\"https:\/\/www.swisscrochet.ch\/wp-content\/uploads\/2024\/08\/Logo-Swiss-Crochet-Square-RGB-WITH-color-BGD-512px.png\" \/>\n\t<meta property=\"og:image:width\" content=\"512\" \/>\n\t<meta property=\"og:image:height\" content=\"512\" \/>\n\t<meta property=\"og:image:type\" content=\"image\/png\" \/>\n<meta name=\"twitter:card\" content=\"summary_large_image\" \/>\n<meta name=\"twitter:label1\" content=\"Dur\u00e9e de lecture estim\u00e9e\" \/>\n\t<meta name=\"twitter:data1\" content=\"2 minutes\" \/>\n<script type=\"application\/ld+json\" class=\"yoast-schema-graph\">{\"@context\":\"https:\\\/\\\/schema.org\",\"@graph\":[{\"@type\":\"WebPage\",\"@id\":\"https:\\\/\\\/www.swisscrochet.ch\\\/fr\\\/cours\\\/\",\"url\":\"https:\\\/\\\/www.swisscrochet.ch\\\/fr\\\/cours\\\/\",\"name\":\"Cours &#171; Swiss Crochet\",\"isPartOf\":{\"@id\":\"https:\\\/\\\/www.swisscrochet.ch\\\/#website\"},\"primaryImageOfPage\":{\"@id\":\"https:\\\/\\\/www.swisscrochet.ch\\\/fr\\\/cours\\\/#primaryimage\"},\"image\":{\"@id\":\"https:\\\/\\\/www.swisscrochet.ch\\\/fr\\\/cours\\\/#primaryimage\"},\"thumbnailUrl\":\"https:\\\/\\\/www.swisscrochet.ch\\\/wp-content\\\/uploads\\\/2024\\\/08\\\/Logo-Swiss-Crochet-Square-RGB-WITH-color-BGD-512px.png\",\"datePublished\":\"2024-08-09T15:14:36+00:00\",\"dateModified\":\"2024-12-20T16:20:12+00:00\",\"description\":\"D\u00e9verrouillez votre potentiel cr\u00e9atif avec nos cours de crochet complets, con\u00e7us pour tous les niveaux de comp\u00e9tence. Nous avons le cours parfait pour vous.\",\"breadcrumb\":{\"@id\":\"https:\\\/\\\/www.swisscrochet.ch\\\/fr\\\/cours\\\/#breadcrumb\"},\"inLanguage\":\"fr-FR\",\"potentialAction\":[{\"@type\":\"ReadAction\",\"target\":[\"https:\\\/\\\/www.swisscrochet.ch\\\/fr\\\/cours\\\/\"]}]},{\"@type\":\"ImageObject\",\"inLanguage\":\"fr-FR\",\"@id\":\"https:\\\/\\\/www.swisscrochet.ch\\\/fr\\\/cours\\\/#primaryimage\",\"url\":\"https:\\\/\\\/www.swisscrochet.ch\\\/wp-content\\\/uploads\\\/2024\\\/08\\\/Logo-Swiss-Crochet-Square-RGB-WITH-color-BGD-512px.png\",\"contentUrl\":\"https:\\\/\\\/www.swisscrochet.ch\\\/wp-content\\\/uploads\\\/2024\\\/08\\\/Logo-Swiss-Crochet-Square-RGB-WITH-color-BGD-512px.png\",\"width\":512,\"height\":512},{\"@type\":\"BreadcrumbList\",\"@id\":\"https:\\\/\\\/www.swisscrochet.ch\\\/fr\\\/cours\\\/#breadcrumb\",\"itemListElement\":[{\"@type\":\"ListItem\",\"position\":1,\"name\":\"Home\",\"item\":\"https:\\\/\\\/www.swisscrochet.ch\\\/fr\\\/\"},{\"@type\":\"ListItem\",\"position\":2,\"name\":\"Cours\"}]},{\"@type\":\"WebSite\",\"@id\":\"https:\\\/\\\/www.swisscrochet.ch\\\/#website\",\"url\":\"https:\\\/\\\/www.swisscrochet.ch\\\/\",\"name\":\"Swiss Crochet\",\"description\":\"Lib\u00e9rez votre potentiel cr\u00e9atif\",\"potentialAction\":[{\"@type\":\"SearchAction\",\"target\":{\"@type\":\"EntryPoint\",\"urlTemplate\":\"https:\\\/\\\/www.swisscrochet.ch\\\/?s={search_term_string}\"},\"query-input\":{\"@type\":\"PropertyValueSpecification\",\"valueRequired\":true,\"valueName\":\"search_term_string\"}}],\"inLanguage\":\"fr-FR\"}]}<\/script>\n<!-- \/ Yoast SEO plugin. -->","yoast_head_json":{"title":"Cours &#171; Swiss Crochet","description":"D\u00e9verrouillez votre potentiel cr\u00e9atif avec nos cours de crochet complets, con\u00e7us pour tous les niveaux de comp\u00e9tence. Nous avons le cours parfait pour vous.","robots":{"index":"index","follow":"follow","max-snippet":"max-snippet:-1","max-image-preview":"max-image-preview:large","max-video-preview":"max-video-preview:-1"},"canonical":"https:\/\/www.swisscrochet.ch\/fr\/cours\/","og_locale":"fr_FR","og_type":"article","og_title":"Cours &#171; Swiss Crochet","og_description":"D\u00e9verrouillez votre potentiel cr\u00e9atif avec nos cours de crochet complets, con\u00e7us pour tous les niveaux de comp\u00e9tence. Nous avons le cours parfait pour vous.","og_url":"https:\/\/www.swisscrochet.ch\/fr\/cours\/","og_site_name":"Swiss Crochet","article_modified_time":"2024-12-20T16:20:12+00:00","og_image":[{"width":512,"height":512,"url":"https:\/\/www.swisscrochet.ch\/wp-content\/uploads\/2024\/08\/Logo-Swiss-Crochet-Square-RGB-WITH-color-BGD-512px.png","type":"image\/png"}],"twitter_card":"summary_large_image","twitter_misc":{"Dur\u00e9e de lecture estim\u00e9e":"2 minutes"},"schema":{"@context":"https:\/\/schema.org","@graph":[{"@type":"WebPage","@id":"https:\/\/www.swisscrochet.ch\/fr\/cours\/","url":"https:\/\/www.swisscrochet.ch\/fr\/cours\/","name":"Cours &#171; Swiss Crochet","isPartOf":{"@id":"https:\/\/www.swisscrochet.ch\/#website"},"primaryImageOfPage":{"@id":"https:\/\/www.swisscrochet.ch\/fr\/cours\/#primaryimage"},"image":{"@id":"https:\/\/www.swisscrochet.ch\/fr\/cours\/#primaryimage"},"thumbnailUrl":"https:\/\/www.swisscrochet.ch\/wp-content\/uploads\/2024\/08\/Logo-Swiss-Crochet-Square-RGB-WITH-color-BGD-512px.png","datePublished":"2024-08-09T15:14:36+00:00","dateModified":"2024-12-20T16:20:12+00:00","description":"D\u00e9verrouillez votre potentiel cr\u00e9atif avec nos cours de crochet complets, con\u00e7us pour tous les niveaux de comp\u00e9tence. Nous avons le cours parfait pour vous.","breadcrumb":{"@id":"https:\/\/www.swisscrochet.ch\/fr\/cours\/#breadcrumb"},"inLanguage":"fr-FR","potentialAction":[{"@type":"ReadAction","target":["https:\/\/www.swisscrochet.ch\/fr\/cours\/"]}]},{"@type":"ImageObject","inLanguage":"fr-FR","@id":"https:\/\/www.swisscrochet.ch\/fr\/cours\/#primaryimage","url":"https:\/\/www.swisscrochet.ch\/wp-content\/uploads\/2024\/08\/Logo-Swiss-Crochet-Square-RGB-WITH-color-BGD-512px.png","contentUrl":"https:\/\/www.swisscrochet.ch\/wp-content\/uploads\/2024\/08\/Logo-Swiss-Crochet-Square-RGB-WITH-color-BGD-512px.png","width":512,"height":512},{"@type":"BreadcrumbList","@id":"https:\/\/www.swisscrochet.ch\/fr\/cours\/#breadcrumb","itemListElement":[{"@type":"ListItem","position":1,"name":"Home","item":"https:\/\/www.swisscrochet.ch\/fr\/"},{"@type":"ListItem","position":2,"name":"Cours"}]},{"@type":"WebSite","@id":"https:\/\/www.swisscrochet.ch\/#website","url":"https:\/\/www.swisscrochet.ch\/","name":"Swiss Crochet","description":"Lib\u00e9rez votre potentiel cr\u00e9atif","potentialAction":[{"@type":"SearchAction","target":{"@type":"EntryPoint","urlTemplate":"https:\/\/www.swisscrochet.ch\/?s={search_term_string}"},"query-input":{"@type":"PropertyValueSpecification","valueRequired":true,"valueName":"search_term_string"}}],"inLanguage":"fr-FR"}]}},"_links":{"self":[{"href":"https:\/\/www.swisscrochet.ch\/fr\/wp-json\/wp\/v2\/pages\/1027","targetHints":{"allow":["GET"]}}],"collection":[{"href":"https:\/\/www.swisscrochet.ch\/fr\/wp-json\/wp\/v2\/pages"}],"about":[{"href":"https:\/\/www.swisscrochet.ch\/fr\/wp-json\/wp\/v2\/types\/page"}],"author":[{"embeddable":true,"href":"https:\/\/www.swisscrochet.ch\/fr\/wp-json\/wp\/v2\/users\/2"}],"replies":[{"embeddable":true,"href":"https:\/\/www.swisscrochet.ch\/fr\/wp-json\/wp\/v2\/comments?post=1027"}],"version-history":[{"count":0,"href":"https:\/\/www.swisscrochet.ch\/fr\/wp-json\/wp\/v2\/pages\/1027\/revisions"}],"wp:featuredmedia":[{"embeddable":true,"href":"https:\/\/www.swisscrochet.ch\/fr\/wp-json\/wp\/v2\/media\/243"}],"wp:attachment":[{"href":"https:\/\/www.swisscrochet.ch\/fr\/wp-json\/wp\/v2\/media?parent=1027"}],"curies":[{"name":"wp","href":"https:\/\/api.w.org\/{rel}","templated":true}]}}