{"id":367,"date":"2024-08-01T14:13:08","date_gmt":"2024-08-01T12:13:08","guid":{"rendered":"https:\/\/www.swisscrochet.ch\/privacy-policy\/"},"modified":"2024-12-10T21:09:14","modified_gmt":"2024-12-10T20:09:14","slug":"politique-de-confidentialite","status":"publish","type":"page","link":"https:\/\/www.swisscrochet.ch\/fr\/politique-de-confidentialite\/","title":{"rendered":"Politique de confidentialit\u00e9"},"content":{"rendered":"<h2>Table des mati\u00e8res<\/h2>\n<p><a href=\"#respect\">Nous respectons votre vie priv\u00e9e<\/a> | <a href=\"#personal-information\">Quelles informations personnelles nous collectons<\/a> | <a href=\"#comments\">Commentaires<\/a> | <a href=\"#embedded-content\">Contenu int\u00e9gr\u00e9 provenant d&rsquo;autres sites web<\/a> | <a href=\"#collect\">Comment nous collectons vos informations personnelles<\/a> | <a href=\"#use\">Utilisation de vos informations personnelles<\/a> | <a href=\"#security\">S\u00e9curit\u00e9 de vos informations personnelles<\/a> | <a href=\"#access\">Acc\u00e8s \u00e0 vos informations personnelles<\/a> | <a href=\"#complaints\">R\u00e9clamations concernant la confidentialit\u00e9<\/a> | <a href=\"#changes\">Modifications<\/a> | <a href=\"#website\">Site web<\/a><\/p>\n<p>&nbsp;<\/p>\n<p>&nbsp;<\/p>\n<p>&nbsp;<\/p>\n<h2><a name=\"respect\"><\/a>Nous respectons votre vie priv\u00e9e<\/h2>\n<p>Swiss Crochet respecte votre droit \u00e0 la vie priv\u00e9e et cette politique d\u00e9crit comment nous collectons et traitons vos informations personnelles. \u00ab Informations personnelles \u00bb d\u00e9signe les informations que nous d\u00e9tenons et qui peuvent \u00eatre identifi\u00e9es comme vous concernant.<\/p>\n<p>&nbsp;<\/p>\n<h2><a name=\"personal-information\"><\/a>Quelles informations personnelles nous collectons<\/h2>\n<p>Nous pouvons collecter les types d&rsquo;informations personnelles suivants aupr\u00e8s de vous :<\/p>\n<ul>\n<li>Pr\u00e9nom et nom de famille<\/li>\n<li>Adresse de facturation<\/li>\n<li>Adresse de livraison<\/li>\n<li>Num\u00e9ro de t\u00e9l\u00e9phone<\/li>\n<li>Adresse e-mail<\/li>\n<li>Informations sur les produits ou services que vous avez command\u00e9s<\/li>\n<li>Informations provenant des demandes que vous avez faites<\/li>\n<li>Communications entre nous<\/li>\n<\/ul>\n<p>Pour les utilisateurs qui s&rsquo;enregistrent sur notre site web (le cas \u00e9ch\u00e9ant), nous stockons \u00e9galement les informations personnelles qu&rsquo;ils fournissent dans leur profil d&rsquo;utilisateur. Tous les utilisateurs peuvent voir, modifier ou supprimer leurs informations personnelles \u00e0 tout moment (\u00e0 l&rsquo;exception de leur nom d&rsquo;utilisateur). Les administrateurs du site peuvent \u00e9galement voir et modifier ces informations.<\/p>\n<p>&nbsp;<\/p>\n<h2><a name=\"comments\"><\/a>Commentaires<\/h2>\n<p>Lorsque les visiteurs laissent des commentaires sur le site, nous collectons les donn\u00e9es affich\u00e9es dans le formulaire de commentaire, ainsi que l&rsquo;adresse IP du visiteur et la cha\u00eene de l&rsquo;agent utilisateur du navigateur pour aider \u00e0 la d\u00e9tection des spams.<\/p>\n<p>&nbsp;<\/p>\n<h2><a name=\"embedded-content\"><\/a>Contenu int\u00e9gr\u00e9 provenant d&rsquo;autres sites web<\/h2>\n<p>Les articles sur ce site peuvent inclure du contenu int\u00e9gr\u00e9 (par exemple des vid\u00e9os, des images, des articles, etc.). Le contenu int\u00e9gr\u00e9 provenant d&rsquo;autres sites se comporte de la m\u00eame mani\u00e8re que si le visiteur avait visit\u00e9 l&rsquo;autre site web.<\/p>\n<p>Ces sites peuvent collecter des donn\u00e9es vous concernant, utiliser des cookies, int\u00e9grer des suivis de tiers suppl\u00e9mentaires et surveiller votre interaction avec ce contenu int\u00e9gr\u00e9, y compris le suivi de votre interaction avec le contenu int\u00e9gr\u00e9 si vous avez un compte et \u00eates connect\u00e9 \u00e0 ce site.<\/p>\n<p>&nbsp;<\/p>\n<h2><a name=\"collect\"><\/a>Comment nous collectons vos informations personnelles<\/h2>\n<p>Nous collectons vos informations personnelles de diverses mani\u00e8res, y compris lorsque vous interagissez avec nous \u00e9lectroniquement ou en personne, lorsque vous acc\u00e9dez \u00e0 notre site web et lorsque nous vous fournissons nos services.<\/p>\n<p>&nbsp;<\/p>\n<h2><a name=\"use\"><\/a>Utilisation de vos informations personnelles<\/h2>\n<p>Nous utilisons vos informations pour vous fournir notre service. Nous les utilisons \u00e9galement pour am\u00e9liorer notre service et pour vous informer des opportunit\u00e9s qui pourraient vous int\u00e9resser.<\/p>\n<p>Nous ne fournissons pas vos informations \u00e0 des tiers, sauf si nous les transmettons \u00e0 nos partenaires commerciaux, tels que La Poste suisse, qui nous aident \u00e0 vous fournir nos services.<\/p>\n<p>Les commentaires des visiteurs peuvent \u00eatre v\u00e9rifi\u00e9s par un service automatis\u00e9 de d\u00e9tection de spam.<\/p>\n<p>Si vous demandez une r\u00e9initialisation de votre mot de passe, votre adresse IP sera incluse dans l&rsquo;e-mail de r\u00e9initialisation.<\/p>\n<p>&nbsp;<\/p>\n<h2><a name=\"security\"><\/a>S\u00e9curit\u00e9 de vos informations personnelles<\/h2>\n<p>Nous prenons des mesures raisonnables pour prot\u00e9ger vos informations personnelles. Cependant, nous ne sommes pas responsables de tout acc\u00e8s non autoris\u00e9 \u00e0 ces informations.<\/p>\n<p>&nbsp;<\/p>\n<h2><a name=\"access\"><\/a>Acc\u00e8s \u00e0 vos informations personnelles<\/h2>\n<p>Vous pouvez acc\u00e9der \u00e0 vos informations personnelles et les mettre \u00e0 jour en vous connectant \u00e0 votre compte en utilisant l&rsquo;e-mail et le mot de passe avec lesquels vous vous \u00eates enregistr\u00e9 sur la page \u00ab <a href=\"https:\/\/www.swisscrochet.ch\/fr\/mon-compte\/\">Mon compte<\/a> \u00bb.<\/p>\n<p>Si vous avez un compte sur ce site ou avez laiss\u00e9 des commentaires, vous pouvez demander \u00e0 recevoir un fichier export\u00e9 des donn\u00e9es personnelles que nous d\u00e9tenons \u00e0 votre sujet, y compris toutes les donn\u00e9es que vous nous avez fournies. Vous pouvez \u00e9galement demander que nous effacions toutes les donn\u00e9es personnelles que nous d\u00e9tenons \u00e0 votre sujet. Cela ne comprend pas les donn\u00e9es que nous sommes tenus de conserver pour des raisons administratives, l\u00e9gales ou de s\u00e9curit\u00e9.<\/p>\n<p>Une demande d&rsquo;exportation de fichier ou de suppression de vos informations personnelles sera fournie gratuitement. Toutefois, dans certaines circonstances, des frais \u00ab raisonnables \u00bb peuvent \u00eatre factur\u00e9s au demandeur pour couvrir les frais administratifs lorsque la demande implique la collecte de grandes quantit\u00e9s de donn\u00e9es, lorsque la demande est manifestement infond\u00e9e ou excessive, ou lorsque la demande est r\u00e9p\u00e9titive.<\/p>\n<p>&nbsp;<\/p>\n<h2><a name=\"complaints\"><\/a>R\u00e9clamations concernant la confidentialit\u00e9<\/h2>\n<p>Si vous avez des r\u00e9clamations concernant nos pratiques en mati\u00e8re de confidentialit\u00e9, n&rsquo;h\u00e9sitez pas \u00e0 nous contacter en d\u00e9taillant vos plaintes. Nous prenons les r\u00e9clamations tr\u00e8s au s\u00e9rieux et r\u00e9pondrons peu de temps apr\u00e8s avoir pris connaissance de votre plainte.<\/p>\n<p>&nbsp;<\/p>\n<h2><a name=\"changes\"><\/a>Modifications<\/h2>\n<p>Veuillez noter que nous pourrions modifier cette politique de confidentialit\u00e9 \u00e0 l&rsquo;avenir. Les versions r\u00e9vis\u00e9es seront t\u00e9l\u00e9charg\u00e9es sur notre site web, alors n&rsquo;oubliez pas de v\u00e9rifier de temps en temps.<\/p>\n<p>&nbsp;<\/p>\n<h2><a name=\"website\"><\/a>Site web<\/h2>\n<h3>Lorsque vous visitez notre site web<\/h3>\n<p>Lorsque vous acc\u00e9dez \u00e0 notre site, nous pouvons collecter certaines informations telles que le type de navigateur, le syst\u00e8me d&rsquo;exploitation, le site web visit\u00e9 juste avant notre site, etc. Ces informations sont utilis\u00e9es de mani\u00e8re agr\u00e9g\u00e9e pour analyser comment les gens utilisent notre site, afin que nous puissions am\u00e9liorer notre service. Plus d&rsquo;informations sur l&rsquo;utilisation du site web se trouvent dans nos <a href=\"https:\/\/www.swisscrochet.ch\/fr\/termes-et-conditions\/\">Conditions g\u00e9n\u00e9rales<\/a>.<\/p>\n<h3>Cookies<\/h3>\n<p>Les cookies sont de tr\u00e8s petits fichiers qu&rsquo;un site web utilise pour vous identifier lorsque vous revenez sur le site et pour stocker des informations sur votre utilisation du site. Les cookies ne sont pas des programmes malveillants qui acc\u00e8dent ou endommagent votre ordinateur. Nous utilisons des cookies pour am\u00e9liorer l&rsquo;exp\u00e9rience des utilisateurs de notre site web et de notre boutique en ligne. Plus d&rsquo;informations sur l&rsquo;utilisation des cookies se trouvent dans notre <a href=\"https:\/\/www.swisscrochet.ch\/fr\/politique-de-cookies\/\">Politique de cookies<\/a>.<\/p>\n<h3>Sites tiers<\/h3>\n<p>Notre site contient des liens vers d&rsquo;autres sites web qui ne sont pas d\u00e9tenus ou contr\u00f4l\u00e9s par nous. Nous ne sommes pas responsables du contenu, des services et des politiques de ces sites.<\/p>\n","protected":false},"excerpt":{"rendered":"<p>Table des mati\u00e8res Nous respectons votre vie priv\u00e9e | Quelles informations personnelles nous collectons | Commentaires | Contenu int\u00e9gr\u00e9 provenant d&rsquo;autres sites web | Comment nous collectons vos informations personnelles | Utilisation de vos informations personnelles | S\u00e9curit\u00e9 de vos informations personnelles | Acc\u00e8s \u00e0 vos informations personnelles | R\u00e9clamations concernant la confidentialit\u00e9 | Modifications&hellip;<\/p>\n","protected":false},"author":2,"featured_media":243,"parent":0,"menu_order":22,"comment_status":"closed","ping_status":"open","template":"template-microsite.php","meta":{"footnotes":""},"class_list":["post-367","page","type-page","status-publish","has-post-thumbnail","hentry","description-off"],"yoast_head":"<!-- This site is optimized with the Yoast SEO plugin v27.5 - https:\/\/yoast.com\/product\/yoast-seo-wordpress\/ -->\n<title>Politique de confidentialit\u00e9 &#171; Swiss Crochet<\/title>\n<meta name=\"description\" content=\"Politique de confidentialit\u00e9 pour l&#039;utilisation du site web www.swisscrochet.ch\" \/>\n<meta name=\"robots\" content=\"index, follow, max-snippet:-1, max-image-preview:large, max-video-preview:-1\" \/>\n<link rel=\"canonical\" href=\"https:\/\/www.swisscrochet.ch\/fr\/politique-de-confidentialite\/\" \/>\n<meta property=\"og:locale\" content=\"fr_FR\" \/>\n<meta property=\"og:type\" content=\"article\" \/>\n<meta property=\"og:title\" content=\"Politique de confidentialit\u00e9 &#171; Swiss Crochet\" \/>\n<meta property=\"og:description\" content=\"Politique de confidentialit\u00e9 pour l&#039;utilisation du site web www.swisscrochet.ch\" \/>\n<meta property=\"og:url\" content=\"https:\/\/www.swisscrochet.ch\/fr\/politique-de-confidentialite\/\" \/>\n<meta property=\"og:site_name\" content=\"Swiss Crochet\" \/>\n<meta property=\"article:modified_time\" content=\"2024-12-10T20:09:14+00:00\" \/>\n<meta property=\"og:image\" content=\"https:\/\/www.swisscrochet.ch\/wp-content\/uploads\/2024\/08\/Logo-Swiss-Crochet-Square-RGB-WITH-color-BGD-512px.png\" \/>\n\t<meta property=\"og:image:width\" content=\"512\" \/>\n\t<meta property=\"og:image:height\" content=\"512\" \/>\n\t<meta property=\"og:image:type\" content=\"image\/png\" \/>\n<meta name=\"twitter:card\" content=\"summary_large_image\" \/>\n<meta name=\"twitter:label1\" content=\"Dur\u00e9e de lecture estim\u00e9e\" \/>\n\t<meta name=\"twitter:data1\" content=\"5 minutes\" \/>\n<script type=\"application\/ld+json\" class=\"yoast-schema-graph\">{\"@context\":\"https:\\\/\\\/schema.org\",\"@graph\":[{\"@type\":\"WebPage\",\"@id\":\"https:\\\/\\\/www.swisscrochet.ch\\\/fr\\\/politique-de-confidentialite\\\/\",\"url\":\"https:\\\/\\\/www.swisscrochet.ch\\\/fr\\\/politique-de-confidentialite\\\/\",\"name\":\"Politique de confidentialit\u00e9 &#171; Swiss Crochet\",\"isPartOf\":{\"@id\":\"https:\\\/\\\/www.swisscrochet.ch\\\/#website\"},\"primaryImageOfPage\":{\"@id\":\"https:\\\/\\\/www.swisscrochet.ch\\\/fr\\\/politique-de-confidentialite\\\/#primaryimage\"},\"image\":{\"@id\":\"https:\\\/\\\/www.swisscrochet.ch\\\/fr\\\/politique-de-confidentialite\\\/#primaryimage\"},\"thumbnailUrl\":\"https:\\\/\\\/www.swisscrochet.ch\\\/wp-content\\\/uploads\\\/2024\\\/08\\\/Logo-Swiss-Crochet-Square-RGB-WITH-color-BGD-512px.png\",\"datePublished\":\"2024-08-01T12:13:08+00:00\",\"dateModified\":\"2024-12-10T20:09:14+00:00\",\"description\":\"Politique de confidentialit\u00e9 pour l'utilisation du site web www.swisscrochet.ch\",\"breadcrumb\":{\"@id\":\"https:\\\/\\\/www.swisscrochet.ch\\\/fr\\\/politique-de-confidentialite\\\/#breadcrumb\"},\"inLanguage\":\"fr-FR\",\"potentialAction\":[{\"@type\":\"ReadAction\",\"target\":[\"https:\\\/\\\/www.swisscrochet.ch\\\/fr\\\/politique-de-confidentialite\\\/\"]}]},{\"@type\":\"ImageObject\",\"inLanguage\":\"fr-FR\",\"@id\":\"https:\\\/\\\/www.swisscrochet.ch\\\/fr\\\/politique-de-confidentialite\\\/#primaryimage\",\"url\":\"https:\\\/\\\/www.swisscrochet.ch\\\/wp-content\\\/uploads\\\/2024\\\/08\\\/Logo-Swiss-Crochet-Square-RGB-WITH-color-BGD-512px.png\",\"contentUrl\":\"https:\\\/\\\/www.swisscrochet.ch\\\/wp-content\\\/uploads\\\/2024\\\/08\\\/Logo-Swiss-Crochet-Square-RGB-WITH-color-BGD-512px.png\",\"width\":512,\"height\":512},{\"@type\":\"BreadcrumbList\",\"@id\":\"https:\\\/\\\/www.swisscrochet.ch\\\/fr\\\/politique-de-confidentialite\\\/#breadcrumb\",\"itemListElement\":[{\"@type\":\"ListItem\",\"position\":1,\"name\":\"Home\",\"item\":\"https:\\\/\\\/www.swisscrochet.ch\\\/fr\\\/\"},{\"@type\":\"ListItem\",\"position\":2,\"name\":\"Politique de confidentialit\u00e9\"}]},{\"@type\":\"WebSite\",\"@id\":\"https:\\\/\\\/www.swisscrochet.ch\\\/#website\",\"url\":\"https:\\\/\\\/www.swisscrochet.ch\\\/\",\"name\":\"Swiss Crochet\",\"description\":\"Lib\u00e9rez votre potentiel cr\u00e9atif\",\"potentialAction\":[{\"@type\":\"SearchAction\",\"target\":{\"@type\":\"EntryPoint\",\"urlTemplate\":\"https:\\\/\\\/www.swisscrochet.ch\\\/?s={search_term_string}\"},\"query-input\":{\"@type\":\"PropertyValueSpecification\",\"valueRequired\":true,\"valueName\":\"search_term_string\"}}],\"inLanguage\":\"fr-FR\"}]}<\/script>\n<!-- \/ Yoast SEO plugin. -->","yoast_head_json":{"title":"Politique de confidentialit\u00e9 &#171; Swiss Crochet","description":"Politique de confidentialit\u00e9 pour l'utilisation du site web www.swisscrochet.ch","robots":{"index":"index","follow":"follow","max-snippet":"max-snippet:-1","max-image-preview":"max-image-preview:large","max-video-preview":"max-video-preview:-1"},"canonical":"https:\/\/www.swisscrochet.ch\/fr\/politique-de-confidentialite\/","og_locale":"fr_FR","og_type":"article","og_title":"Politique de confidentialit\u00e9 &#171; Swiss Crochet","og_description":"Politique de confidentialit\u00e9 pour l'utilisation du site web www.swisscrochet.ch","og_url":"https:\/\/www.swisscrochet.ch\/fr\/politique-de-confidentialite\/","og_site_name":"Swiss Crochet","article_modified_time":"2024-12-10T20:09:14+00:00","og_image":[{"width":512,"height":512,"url":"https:\/\/www.swisscrochet.ch\/wp-content\/uploads\/2024\/08\/Logo-Swiss-Crochet-Square-RGB-WITH-color-BGD-512px.png","type":"image\/png"}],"twitter_card":"summary_large_image","twitter_misc":{"Dur\u00e9e de lecture estim\u00e9e":"5 minutes"},"schema":{"@context":"https:\/\/schema.org","@graph":[{"@type":"WebPage","@id":"https:\/\/www.swisscrochet.ch\/fr\/politique-de-confidentialite\/","url":"https:\/\/www.swisscrochet.ch\/fr\/politique-de-confidentialite\/","name":"Politique de confidentialit\u00e9 &#171; Swiss Crochet","isPartOf":{"@id":"https:\/\/www.swisscrochet.ch\/#website"},"primaryImageOfPage":{"@id":"https:\/\/www.swisscrochet.ch\/fr\/politique-de-confidentialite\/#primaryimage"},"image":{"@id":"https:\/\/www.swisscrochet.ch\/fr\/politique-de-confidentialite\/#primaryimage"},"thumbnailUrl":"https:\/\/www.swisscrochet.ch\/wp-content\/uploads\/2024\/08\/Logo-Swiss-Crochet-Square-RGB-WITH-color-BGD-512px.png","datePublished":"2024-08-01T12:13:08+00:00","dateModified":"2024-12-10T20:09:14+00:00","description":"Politique de confidentialit\u00e9 pour l'utilisation du site web www.swisscrochet.ch","breadcrumb":{"@id":"https:\/\/www.swisscrochet.ch\/fr\/politique-de-confidentialite\/#breadcrumb"},"inLanguage":"fr-FR","potentialAction":[{"@type":"ReadAction","target":["https:\/\/www.swisscrochet.ch\/fr\/politique-de-confidentialite\/"]}]},{"@type":"ImageObject","inLanguage":"fr-FR","@id":"https:\/\/www.swisscrochet.ch\/fr\/politique-de-confidentialite\/#primaryimage","url":"https:\/\/www.swisscrochet.ch\/wp-content\/uploads\/2024\/08\/Logo-Swiss-Crochet-Square-RGB-WITH-color-BGD-512px.png","contentUrl":"https:\/\/www.swisscrochet.ch\/wp-content\/uploads\/2024\/08\/Logo-Swiss-Crochet-Square-RGB-WITH-color-BGD-512px.png","width":512,"height":512},{"@type":"BreadcrumbList","@id":"https:\/\/www.swisscrochet.ch\/fr\/politique-de-confidentialite\/#breadcrumb","itemListElement":[{"@type":"ListItem","position":1,"name":"Home","item":"https:\/\/www.swisscrochet.ch\/fr\/"},{"@type":"ListItem","position":2,"name":"Politique de confidentialit\u00e9"}]},{"@type":"WebSite","@id":"https:\/\/www.swisscrochet.ch\/#website","url":"https:\/\/www.swisscrochet.ch\/","name":"Swiss Crochet","description":"Lib\u00e9rez votre potentiel cr\u00e9atif","potentialAction":[{"@type":"SearchAction","target":{"@type":"EntryPoint","urlTemplate":"https:\/\/www.swisscrochet.ch\/?s={search_term_string}"},"query-input":{"@type":"PropertyValueSpecification","valueRequired":true,"valueName":"search_term_string"}}],"inLanguage":"fr-FR"}]}},"_links":{"self":[{"href":"https:\/\/www.swisscrochet.ch\/fr\/wp-json\/wp\/v2\/pages\/367","targetHints":{"allow":["GET"]}}],"collection":[{"href":"https:\/\/www.swisscrochet.ch\/fr\/wp-json\/wp\/v2\/pages"}],"about":[{"href":"https:\/\/www.swisscrochet.ch\/fr\/wp-json\/wp\/v2\/types\/page"}],"author":[{"embeddable":true,"href":"https:\/\/www.swisscrochet.ch\/fr\/wp-json\/wp\/v2\/users\/2"}],"replies":[{"embeddable":true,"href":"https:\/\/www.swisscrochet.ch\/fr\/wp-json\/wp\/v2\/comments?post=367"}],"version-history":[{"count":0,"href":"https:\/\/www.swisscrochet.ch\/fr\/wp-json\/wp\/v2\/pages\/367\/revisions"}],"wp:featuredmedia":[{"embeddable":true,"href":"https:\/\/www.swisscrochet.ch\/fr\/wp-json\/wp\/v2\/media\/243"}],"wp:attachment":[{"href":"https:\/\/www.swisscrochet.ch\/fr\/wp-json\/wp\/v2\/media?parent=367"}],"curies":[{"name":"wp","href":"https:\/\/api.w.org\/{rel}","templated":true}]}}