{"id":10036,"date":"2025-08-07T15:56:07","date_gmt":"2025-08-07T13:56:07","guid":{"rendered":"https:\/\/www.swisscrochet.ch\/product\/opry-bag-handles\/"},"modified":"2025-09-18T15:57:08","modified_gmt":"2025-09-18T13:57:08","slug":"opry-poignees-de-sac","status":"publish","type":"product","link":"https:\/\/www.swisscrochet.ch\/fr\/produit\/opry-poignees-de-sac\/","title":{"rendered":"Opry &#8211; Poign\u00e9es de sac"},"content":{"rendered":"","protected":false},"excerpt":{"rendered":"<p>Les poign\u00e9es de sac Opry offrent un large choix de styles en bois, bambou et plastique, parfaits pour accompagner vos sacs et paniers faits main. Choisissez parmi diff\u00e9rentes formes \u2014 rondes, demi-lunes, ouvertes ou ferm\u00e9es \u2014 dans des designs naturels ou modernes.<\/p>\n<p>Ces poign\u00e9es sont con\u00e7ues pour \u00eatre facilement cousues ou fix\u00e9es \u00e0 vos projets au crochet, alliant praticit\u00e9 et \u00e9l\u00e9gance.<\/p>\n<p>Vendues par paire (2 pi\u00e8ces par unit\u00e9), elles apportent la touche finale parfaite \u00e0 vos cr\u00e9ations.<\/p>\n","protected":false},"featured_media":9762,"template":"","meta":[],"product_brand":[],"product_cat":[221,1556],"product_tag":[],"class_list":{"0":"post-10036","1":"product","2":"type-product","3":"status-publish","4":"has-post-thumbnail","6":"product_cat-crochets-et-outils","7":"product_cat-outils-pour-sacs","8":"pa_t1-manufacturer-opry-fr","9":"description-off","11":"first","12":"instock","13":"taxable","14":"shipping-taxable","15":"purchasable","16":"product-type-variable","17":"wvs-archive-product-wrapper"},"bundled_by":[],"bundle_stock_status":"instock","bundle_stock_quantity":null,"bundle_virtual":false,"bundle_layout":"","bundle_add_to_cart_form_location":"","bundle_editable_in_cart":false,"bundle_sold_individually_context":"","bundle_item_grouping":"","bundle_min_size":"","bundle_max_size":"","bundle_price":[],"bundled_items":[],"bundle_sell_ids":[],"yoast_head":"<!-- This site is optimized with the Yoast SEO plugin v27.5 - https:\/\/yoast.com\/product\/yoast-seo-wordpress\/ -->\n<title>Opry - Poign\u00e9es de sac &#171; Swiss Crochet<\/title>\n<meta name=\"description\" content=\"D\u00e9couvrez les poign\u00e9es de sac Opry en bois, bambou et plastique \u2013 id\u00e9ales pour les sacs et paniers au crochet. Disponibles en plusieurs formes et styles. Vendues par paire.\" \/>\n<meta name=\"robots\" content=\"index, follow, max-snippet:-1, max-image-preview:large, max-video-preview:-1\" \/>\n<link rel=\"canonical\" href=\"https:\/\/www.swisscrochet.ch\/produit\/opry-bag-handles\/\" \/>\n<meta property=\"og:locale\" content=\"fr_FR\" \/>\n<meta property=\"og:type\" content=\"article\" \/>\n<meta property=\"og:title\" content=\"Opry - Poign\u00e9es de sac &#171; Swiss Crochet\" \/>\n<meta property=\"og:description\" content=\"D\u00e9couvrez les poign\u00e9es de sac Opry en bois, bambou et plastique \u2013 id\u00e9ales pour les sacs et paniers au crochet. Disponibles en plusieurs formes et styles. Vendues par paire.\" \/>\n<meta property=\"og:url\" content=\"https:\/\/www.swisscrochet.ch\/produit\/opry-bag-handles\/\" \/>\n<meta property=\"og:site_name\" content=\"Swiss Crochet\" \/>\n<meta property=\"article:modified_time\" content=\"2025-09-18T13:57:08+00:00\" \/>\n<meta property=\"og:image\" content=\"https:\/\/www.swisscrochet.ch\/wp-content\/uploads\/2025\/08\/Opry-Bag-Handles-Overview.jpg\" \/>\n\t<meta property=\"og:image:width\" content=\"1000\" \/>\n\t<meta property=\"og:image:height\" content=\"1000\" \/>\n\t<meta property=\"og:image:type\" content=\"image\/jpeg\" \/>\n<meta name=\"twitter:card\" content=\"summary_large_image\" \/>\n<meta name=\"twitter:label1\" content=\"Dur\u00e9e de lecture estim\u00e9e\" \/>\n\t<meta name=\"twitter:data1\" content=\"1 minute\" \/>\n<script type=\"application\/ld+json\" class=\"yoast-schema-graph\">{\"@context\":\"https:\\\/\\\/schema.org\",\"@graph\":[{\"@type\":[\"WebPage\",\"ItemPage\"],\"@id\":\"https:\\\/\\\/www.swisscrochet.ch\\\/produit\\\/opry-bag-handles\\\/\",\"url\":\"https:\\\/\\\/www.swisscrochet.ch\\\/produit\\\/opry-bag-handles\\\/\",\"name\":\"Opry - Poign\u00e9es de sac &#171; Swiss Crochet\",\"isPartOf\":{\"@id\":\"https:\\\/\\\/www.swisscrochet.ch\\\/#website\"},\"primaryImageOfPage\":{\"@id\":\"https:\\\/\\\/www.swisscrochet.ch\\\/produit\\\/opry-bag-handles\\\/#primaryimage\"},\"image\":{\"@id\":\"https:\\\/\\\/www.swisscrochet.ch\\\/produit\\\/opry-bag-handles\\\/#primaryimage\"},\"thumbnailUrl\":\"https:\\\/\\\/www.swisscrochet.ch\\\/wp-content\\\/uploads\\\/2025\\\/08\\\/Opry-Bag-Handles-Overview.jpg\",\"datePublished\":\"2025-08-07T13:56:07+00:00\",\"dateModified\":\"2025-09-18T13:57:08+00:00\",\"description\":\"D\u00e9couvrez les poign\u00e9es de sac Opry en bois, bambou et plastique \u2013 id\u00e9ales pour les sacs et paniers au crochet. Disponibles en plusieurs formes et styles. Vendues par paire.\",\"breadcrumb\":{\"@id\":\"https:\\\/\\\/www.swisscrochet.ch\\\/produit\\\/opry-bag-handles\\\/#breadcrumb\"},\"inLanguage\":\"fr-FR\",\"potentialAction\":[{\"@type\":\"ReadAction\",\"target\":[\"https:\\\/\\\/www.swisscrochet.ch\\\/produit\\\/opry-bag-handles\\\/\"]}]},{\"@type\":\"ImageObject\",\"inLanguage\":\"fr-FR\",\"@id\":\"https:\\\/\\\/www.swisscrochet.ch\\\/produit\\\/opry-bag-handles\\\/#primaryimage\",\"url\":\"https:\\\/\\\/www.swisscrochet.ch\\\/wp-content\\\/uploads\\\/2025\\\/08\\\/Opry-Bag-Handles-Overview.jpg\",\"contentUrl\":\"https:\\\/\\\/www.swisscrochet.ch\\\/wp-content\\\/uploads\\\/2025\\\/08\\\/Opry-Bag-Handles-Overview.jpg\",\"width\":1000,\"height\":1000},{\"@type\":\"BreadcrumbList\",\"@id\":\"https:\\\/\\\/www.swisscrochet.ch\\\/produit\\\/opry-bag-handles\\\/#breadcrumb\",\"itemListElement\":[{\"@type\":\"ListItem\",\"position\":1,\"name\":\"Home\",\"item\":\"https:\\\/\\\/www.swisscrochet.ch\\\/fr\\\/\"},{\"@type\":\"ListItem\",\"position\":2,\"name\":\"Boutique\",\"item\":\"https:\\\/\\\/www.swisscrochet.ch\\\/fr\\\/boutique\\\/\"},{\"@type\":\"ListItem\",\"position\":3,\"name\":\"Opry &#8211; Poign\u00e9es de sac\"}]},{\"@type\":\"WebSite\",\"@id\":\"https:\\\/\\\/www.swisscrochet.ch\\\/#website\",\"url\":\"https:\\\/\\\/www.swisscrochet.ch\\\/\",\"name\":\"Swiss Crochet\",\"description\":\"Lib\u00e9rez votre potentiel cr\u00e9atif\",\"potentialAction\":[{\"@type\":\"SearchAction\",\"target\":{\"@type\":\"EntryPoint\",\"urlTemplate\":\"https:\\\/\\\/www.swisscrochet.ch\\\/?s={search_term_string}\"},\"query-input\":{\"@type\":\"PropertyValueSpecification\",\"valueRequired\":true,\"valueName\":\"search_term_string\"}}],\"inLanguage\":\"fr-FR\"}]}<\/script>\n<!-- \/ Yoast SEO plugin. -->","yoast_head_json":{"title":"Opry - Poign\u00e9es de sac &#171; Swiss Crochet","description":"D\u00e9couvrez les poign\u00e9es de sac Opry en bois, bambou et plastique \u2013 id\u00e9ales pour les sacs et paniers au crochet. Disponibles en plusieurs formes et styles. Vendues par paire.","robots":{"index":"index","follow":"follow","max-snippet":"max-snippet:-1","max-image-preview":"max-image-preview:large","max-video-preview":"max-video-preview:-1"},"canonical":"https:\/\/www.swisscrochet.ch\/produit\/opry-bag-handles\/","og_locale":"fr_FR","og_type":"article","og_title":"Opry - Poign\u00e9es de sac &#171; Swiss Crochet","og_description":"D\u00e9couvrez les poign\u00e9es de sac Opry en bois, bambou et plastique \u2013 id\u00e9ales pour les sacs et paniers au crochet. Disponibles en plusieurs formes et styles. Vendues par paire.","og_url":"https:\/\/www.swisscrochet.ch\/produit\/opry-bag-handles\/","og_site_name":"Swiss Crochet","article_modified_time":"2025-09-18T13:57:08+00:00","og_image":[{"width":1000,"height":1000,"url":"https:\/\/www.swisscrochet.ch\/wp-content\/uploads\/2025\/08\/Opry-Bag-Handles-Overview.jpg","type":"image\/jpeg"}],"twitter_card":"summary_large_image","twitter_misc":{"Dur\u00e9e de lecture estim\u00e9e":"1 minute"},"schema":{"@context":"https:\/\/schema.org","@graph":[{"@type":["WebPage","ItemPage"],"@id":"https:\/\/www.swisscrochet.ch\/produit\/opry-bag-handles\/","url":"https:\/\/www.swisscrochet.ch\/produit\/opry-bag-handles\/","name":"Opry - Poign\u00e9es de sac &#171; Swiss Crochet","isPartOf":{"@id":"https:\/\/www.swisscrochet.ch\/#website"},"primaryImageOfPage":{"@id":"https:\/\/www.swisscrochet.ch\/produit\/opry-bag-handles\/#primaryimage"},"image":{"@id":"https:\/\/www.swisscrochet.ch\/produit\/opry-bag-handles\/#primaryimage"},"thumbnailUrl":"https:\/\/www.swisscrochet.ch\/wp-content\/uploads\/2025\/08\/Opry-Bag-Handles-Overview.jpg","datePublished":"2025-08-07T13:56:07+00:00","dateModified":"2025-09-18T13:57:08+00:00","description":"D\u00e9couvrez les poign\u00e9es de sac Opry en bois, bambou et plastique \u2013 id\u00e9ales pour les sacs et paniers au crochet. Disponibles en plusieurs formes et styles. Vendues par paire.","breadcrumb":{"@id":"https:\/\/www.swisscrochet.ch\/produit\/opry-bag-handles\/#breadcrumb"},"inLanguage":"fr-FR","potentialAction":[{"@type":"ReadAction","target":["https:\/\/www.swisscrochet.ch\/produit\/opry-bag-handles\/"]}]},{"@type":"ImageObject","inLanguage":"fr-FR","@id":"https:\/\/www.swisscrochet.ch\/produit\/opry-bag-handles\/#primaryimage","url":"https:\/\/www.swisscrochet.ch\/wp-content\/uploads\/2025\/08\/Opry-Bag-Handles-Overview.jpg","contentUrl":"https:\/\/www.swisscrochet.ch\/wp-content\/uploads\/2025\/08\/Opry-Bag-Handles-Overview.jpg","width":1000,"height":1000},{"@type":"BreadcrumbList","@id":"https:\/\/www.swisscrochet.ch\/produit\/opry-bag-handles\/#breadcrumb","itemListElement":[{"@type":"ListItem","position":1,"name":"Home","item":"https:\/\/www.swisscrochet.ch\/fr\/"},{"@type":"ListItem","position":2,"name":"Boutique","item":"https:\/\/www.swisscrochet.ch\/fr\/boutique\/"},{"@type":"ListItem","position":3,"name":"Opry &#8211; Poign\u00e9es de sac"}]},{"@type":"WebSite","@id":"https:\/\/www.swisscrochet.ch\/#website","url":"https:\/\/www.swisscrochet.ch\/","name":"Swiss Crochet","description":"Lib\u00e9rez votre potentiel cr\u00e9atif","potentialAction":[{"@type":"SearchAction","target":{"@type":"EntryPoint","urlTemplate":"https:\/\/www.swisscrochet.ch\/?s={search_term_string}"},"query-input":{"@type":"PropertyValueSpecification","valueRequired":true,"valueName":"search_term_string"}}],"inLanguage":"fr-FR"}]}},"_links":{"self":[{"href":"https:\/\/www.swisscrochet.ch\/fr\/wp-json\/wp\/v2\/product\/10036","targetHints":{"allow":["GET"]}}],"collection":[{"href":"https:\/\/www.swisscrochet.ch\/fr\/wp-json\/wp\/v2\/product"}],"about":[{"href":"https:\/\/www.swisscrochet.ch\/fr\/wp-json\/wp\/v2\/types\/product"}],"wp:featuredmedia":[{"embeddable":true,"href":"https:\/\/www.swisscrochet.ch\/fr\/wp-json\/wp\/v2\/media\/9762"}],"wp:attachment":[{"href":"https:\/\/www.swisscrochet.ch\/fr\/wp-json\/wp\/v2\/media?parent=10036"}],"wp:term":[{"taxonomy":"product_brand","embeddable":true,"href":"https:\/\/www.swisscrochet.ch\/fr\/wp-json\/wp\/v2\/product_brand?post=10036"},{"taxonomy":"product_cat","embeddable":true,"href":"https:\/\/www.swisscrochet.ch\/fr\/wp-json\/wp\/v2\/product_cat?post=10036"},{"taxonomy":"product_tag","embeddable":true,"href":"https:\/\/www.swisscrochet.ch\/fr\/wp-json\/wp\/v2\/product_tag?post=10036"}],"curies":[{"name":"wp","href":"https:\/\/api.w.org\/{rel}","templated":true}]}}