{"id":10115,"date":"2025-08-14T15:50:58","date_gmt":"2025-08-14T13:50:58","guid":{"rendered":"https:\/\/www.swisscrochet.ch\/?post_type=product&#038;p=10115"},"modified":"2025-08-16T20:53:24","modified_gmt":"2025-08-16T18:53:24","slug":"hoooked-fonds-de-sac-en-bois","status":"publish","type":"product","link":"https:\/\/www.swisscrochet.ch\/fr\/produit\/hoooked-fonds-de-sac-en-bois\/","title":{"rendered":"Hoooked &#8211; Fonds de sac en bois"},"content":{"rendered":"","protected":false},"excerpt":{"rendered":"<p>Offrez une finition solide et professionnelle \u00e0 vos sacs et paniers faits main en crochet ou en macram\u00e9 avec ces fonds de sac pratiques en bois sign\u00e9s Hoooked. Dot\u00e9s de perforations de 9\u202fmm autour des bords, ils permettent une fixation facile et s\u00e9curis\u00e9e de votre projet, tout en apportant structure et durabilit\u00e9.<\/p>\n<p>Disponibles en plusieurs formes \u2013 rondes, ovales, carr\u00e9es et rectangulaires \u2013 chaque base est d\u00e9coup\u00e9e au laser et soigneusement ponc\u00e9e des deux c\u00f4t\u00e9s pour une surface lisse, sans aucun produit chimique. Fabriqu\u00e9es en Lituanie \u00e0 partir de bois certifi\u00e9 FSC, elles sont un choix \u00e9cologique pour vos cr\u00e9ations artisanales.<\/p>\n<p>Parfait pour les cr\u00e9atrices et cr\u00e9ateurs soucieux de la fonctionnalit\u00e9 et de l\u2019environnement.<br \/>\nVendu \u00e0 l\u2019unit\u00e9 (1 pi\u00e8ce).<\/p>\n","protected":false},"featured_media":10228,"template":"","meta":[],"product_brand":[],"product_cat":[221,1556],"product_tag":[],"class_list":{"0":"post-10115","1":"product","2":"type-product","3":"status-publish","4":"has-post-thumbnail","6":"product_cat-crochets-et-outils","7":"product_cat-outils-pour-sacs","8":"pa_t1-manufacturer-hoooked-fr","9":"description-off","11":"first","12":"instock","13":"taxable","14":"shipping-taxable","15":"purchasable","16":"product-type-variable","17":"wvs-archive-product-wrapper"},"bundled_by":[],"bundle_stock_status":"instock","bundle_stock_quantity":null,"bundle_virtual":false,"bundle_layout":"","bundle_add_to_cart_form_location":"","bundle_editable_in_cart":false,"bundle_sold_individually_context":"","bundle_item_grouping":"","bundle_min_size":"","bundle_max_size":"","bundle_price":[],"bundled_items":[],"bundle_sell_ids":[],"yoast_head":"<!-- This site is optimized with the Yoast SEO plugin v27.5 - https:\/\/yoast.com\/product\/yoast-seo-wordpress\/ -->\n<title>Hoooked - Fonds de sac en bois &#171; Swiss Crochet<\/title>\n<meta name=\"description\" content=\"Offrez une finition solide \u00e0 vos sacs en crochet et macram\u00e9 avec les fonds de sac en bois Hoooked. Disponibles en plusieurs formes, certifi\u00e9s FSC et faciles \u00e0 fixer.\" \/>\n<meta name=\"robots\" content=\"index, follow, max-snippet:-1, max-image-preview:large, max-video-preview:-1\" \/>\n<link rel=\"canonical\" href=\"https:\/\/www.swisscrochet.ch\/produit\/hoooked-wooden-bag-bases\/\" \/>\n<meta property=\"og:locale\" content=\"fr_FR\" \/>\n<meta property=\"og:type\" content=\"article\" \/>\n<meta property=\"og:title\" content=\"Hoooked - Fonds de sac en bois &#171; Swiss Crochet\" \/>\n<meta property=\"og:description\" content=\"Offrez une finition solide \u00e0 vos sacs en crochet et macram\u00e9 avec les fonds de sac en bois Hoooked. Disponibles en plusieurs formes, certifi\u00e9s FSC et faciles \u00e0 fixer.\" \/>\n<meta property=\"og:url\" content=\"https:\/\/www.swisscrochet.ch\/produit\/hoooked-wooden-bag-bases\/\" \/>\n<meta property=\"og:site_name\" content=\"Swiss Crochet\" \/>\n<meta property=\"article:modified_time\" content=\"2025-08-16T18:53:24+00:00\" \/>\n<meta property=\"og:image\" content=\"https:\/\/www.swisscrochet.ch\/wp-content\/uploads\/2025\/08\/Hoooked-Wooden-Bag-Bases-Overview.jpg\" \/>\n\t<meta property=\"og:image:width\" content=\"1000\" \/>\n\t<meta property=\"og:image:height\" content=\"1000\" \/>\n\t<meta property=\"og:image:type\" content=\"image\/jpeg\" \/>\n<meta name=\"twitter:card\" content=\"summary_large_image\" \/>\n<meta name=\"twitter:label1\" content=\"Dur\u00e9e de lecture estim\u00e9e\" \/>\n\t<meta name=\"twitter:data1\" content=\"1 minute\" \/>\n<script type=\"application\/ld+json\" class=\"yoast-schema-graph\">{\"@context\":\"https:\\\/\\\/schema.org\",\"@graph\":[{\"@type\":[\"WebPage\",\"ItemPage\"],\"@id\":\"https:\\\/\\\/www.swisscrochet.ch\\\/produit\\\/hoooked-wooden-bag-bases\\\/\",\"url\":\"https:\\\/\\\/www.swisscrochet.ch\\\/produit\\\/hoooked-wooden-bag-bases\\\/\",\"name\":\"Hoooked - Fonds de sac en bois &#171; Swiss Crochet\",\"isPartOf\":{\"@id\":\"https:\\\/\\\/www.swisscrochet.ch\\\/#website\"},\"primaryImageOfPage\":{\"@id\":\"https:\\\/\\\/www.swisscrochet.ch\\\/produit\\\/hoooked-wooden-bag-bases\\\/#primaryimage\"},\"image\":{\"@id\":\"https:\\\/\\\/www.swisscrochet.ch\\\/produit\\\/hoooked-wooden-bag-bases\\\/#primaryimage\"},\"thumbnailUrl\":\"https:\\\/\\\/www.swisscrochet.ch\\\/wp-content\\\/uploads\\\/2025\\\/08\\\/Hoooked-Wooden-Bag-Bases-Overview.jpg\",\"datePublished\":\"2025-08-14T13:50:58+00:00\",\"dateModified\":\"2025-08-16T18:53:24+00:00\",\"description\":\"Offrez une finition solide \u00e0 vos sacs en crochet et macram\u00e9 avec les fonds de sac en bois Hoooked. Disponibles en plusieurs formes, certifi\u00e9s FSC et faciles \u00e0 fixer.\",\"breadcrumb\":{\"@id\":\"https:\\\/\\\/www.swisscrochet.ch\\\/produit\\\/hoooked-wooden-bag-bases\\\/#breadcrumb\"},\"inLanguage\":\"fr-FR\",\"potentialAction\":[{\"@type\":\"ReadAction\",\"target\":[\"https:\\\/\\\/www.swisscrochet.ch\\\/produit\\\/hoooked-wooden-bag-bases\\\/\"]}]},{\"@type\":\"ImageObject\",\"inLanguage\":\"fr-FR\",\"@id\":\"https:\\\/\\\/www.swisscrochet.ch\\\/produit\\\/hoooked-wooden-bag-bases\\\/#primaryimage\",\"url\":\"https:\\\/\\\/www.swisscrochet.ch\\\/wp-content\\\/uploads\\\/2025\\\/08\\\/Hoooked-Wooden-Bag-Bases-Overview.jpg\",\"contentUrl\":\"https:\\\/\\\/www.swisscrochet.ch\\\/wp-content\\\/uploads\\\/2025\\\/08\\\/Hoooked-Wooden-Bag-Bases-Overview.jpg\",\"width\":1000,\"height\":1000},{\"@type\":\"BreadcrumbList\",\"@id\":\"https:\\\/\\\/www.swisscrochet.ch\\\/produit\\\/hoooked-wooden-bag-bases\\\/#breadcrumb\",\"itemListElement\":[{\"@type\":\"ListItem\",\"position\":1,\"name\":\"Home\",\"item\":\"https:\\\/\\\/www.swisscrochet.ch\\\/fr\\\/\"},{\"@type\":\"ListItem\",\"position\":2,\"name\":\"Boutique\",\"item\":\"https:\\\/\\\/www.swisscrochet.ch\\\/fr\\\/boutique\\\/\"},{\"@type\":\"ListItem\",\"position\":3,\"name\":\"Hoooked &#8211; Fonds de sac en bois\"}]},{\"@type\":\"WebSite\",\"@id\":\"https:\\\/\\\/www.swisscrochet.ch\\\/#website\",\"url\":\"https:\\\/\\\/www.swisscrochet.ch\\\/\",\"name\":\"Swiss Crochet\",\"description\":\"Lib\u00e9rez votre potentiel cr\u00e9atif\",\"potentialAction\":[{\"@type\":\"SearchAction\",\"target\":{\"@type\":\"EntryPoint\",\"urlTemplate\":\"https:\\\/\\\/www.swisscrochet.ch\\\/?s={search_term_string}\"},\"query-input\":{\"@type\":\"PropertyValueSpecification\",\"valueRequired\":true,\"valueName\":\"search_term_string\"}}],\"inLanguage\":\"fr-FR\"}]}<\/script>\n<!-- \/ Yoast SEO plugin. -->","yoast_head_json":{"title":"Hoooked - Fonds de sac en bois &#171; Swiss Crochet","description":"Offrez une finition solide \u00e0 vos sacs en crochet et macram\u00e9 avec les fonds de sac en bois Hoooked. Disponibles en plusieurs formes, certifi\u00e9s FSC et faciles \u00e0 fixer.","robots":{"index":"index","follow":"follow","max-snippet":"max-snippet:-1","max-image-preview":"max-image-preview:large","max-video-preview":"max-video-preview:-1"},"canonical":"https:\/\/www.swisscrochet.ch\/produit\/hoooked-wooden-bag-bases\/","og_locale":"fr_FR","og_type":"article","og_title":"Hoooked - Fonds de sac en bois &#171; Swiss Crochet","og_description":"Offrez une finition solide \u00e0 vos sacs en crochet et macram\u00e9 avec les fonds de sac en bois Hoooked. Disponibles en plusieurs formes, certifi\u00e9s FSC et faciles \u00e0 fixer.","og_url":"https:\/\/www.swisscrochet.ch\/produit\/hoooked-wooden-bag-bases\/","og_site_name":"Swiss Crochet","article_modified_time":"2025-08-16T18:53:24+00:00","og_image":[{"width":1000,"height":1000,"url":"https:\/\/www.swisscrochet.ch\/wp-content\/uploads\/2025\/08\/Hoooked-Wooden-Bag-Bases-Overview.jpg","type":"image\/jpeg"}],"twitter_card":"summary_large_image","twitter_misc":{"Dur\u00e9e de lecture estim\u00e9e":"1 minute"},"schema":{"@context":"https:\/\/schema.org","@graph":[{"@type":["WebPage","ItemPage"],"@id":"https:\/\/www.swisscrochet.ch\/produit\/hoooked-wooden-bag-bases\/","url":"https:\/\/www.swisscrochet.ch\/produit\/hoooked-wooden-bag-bases\/","name":"Hoooked - Fonds de sac en bois &#171; Swiss Crochet","isPartOf":{"@id":"https:\/\/www.swisscrochet.ch\/#website"},"primaryImageOfPage":{"@id":"https:\/\/www.swisscrochet.ch\/produit\/hoooked-wooden-bag-bases\/#primaryimage"},"image":{"@id":"https:\/\/www.swisscrochet.ch\/produit\/hoooked-wooden-bag-bases\/#primaryimage"},"thumbnailUrl":"https:\/\/www.swisscrochet.ch\/wp-content\/uploads\/2025\/08\/Hoooked-Wooden-Bag-Bases-Overview.jpg","datePublished":"2025-08-14T13:50:58+00:00","dateModified":"2025-08-16T18:53:24+00:00","description":"Offrez une finition solide \u00e0 vos sacs en crochet et macram\u00e9 avec les fonds de sac en bois Hoooked. Disponibles en plusieurs formes, certifi\u00e9s FSC et faciles \u00e0 fixer.","breadcrumb":{"@id":"https:\/\/www.swisscrochet.ch\/produit\/hoooked-wooden-bag-bases\/#breadcrumb"},"inLanguage":"fr-FR","potentialAction":[{"@type":"ReadAction","target":["https:\/\/www.swisscrochet.ch\/produit\/hoooked-wooden-bag-bases\/"]}]},{"@type":"ImageObject","inLanguage":"fr-FR","@id":"https:\/\/www.swisscrochet.ch\/produit\/hoooked-wooden-bag-bases\/#primaryimage","url":"https:\/\/www.swisscrochet.ch\/wp-content\/uploads\/2025\/08\/Hoooked-Wooden-Bag-Bases-Overview.jpg","contentUrl":"https:\/\/www.swisscrochet.ch\/wp-content\/uploads\/2025\/08\/Hoooked-Wooden-Bag-Bases-Overview.jpg","width":1000,"height":1000},{"@type":"BreadcrumbList","@id":"https:\/\/www.swisscrochet.ch\/produit\/hoooked-wooden-bag-bases\/#breadcrumb","itemListElement":[{"@type":"ListItem","position":1,"name":"Home","item":"https:\/\/www.swisscrochet.ch\/fr\/"},{"@type":"ListItem","position":2,"name":"Boutique","item":"https:\/\/www.swisscrochet.ch\/fr\/boutique\/"},{"@type":"ListItem","position":3,"name":"Hoooked &#8211; Fonds de sac en bois"}]},{"@type":"WebSite","@id":"https:\/\/www.swisscrochet.ch\/#website","url":"https:\/\/www.swisscrochet.ch\/","name":"Swiss Crochet","description":"Lib\u00e9rez votre potentiel cr\u00e9atif","potentialAction":[{"@type":"SearchAction","target":{"@type":"EntryPoint","urlTemplate":"https:\/\/www.swisscrochet.ch\/?s={search_term_string}"},"query-input":{"@type":"PropertyValueSpecification","valueRequired":true,"valueName":"search_term_string"}}],"inLanguage":"fr-FR"}]}},"_links":{"self":[{"href":"https:\/\/www.swisscrochet.ch\/fr\/wp-json\/wp\/v2\/product\/10115","targetHints":{"allow":["GET"]}}],"collection":[{"href":"https:\/\/www.swisscrochet.ch\/fr\/wp-json\/wp\/v2\/product"}],"about":[{"href":"https:\/\/www.swisscrochet.ch\/fr\/wp-json\/wp\/v2\/types\/product"}],"wp:featuredmedia":[{"embeddable":true,"href":"https:\/\/www.swisscrochet.ch\/fr\/wp-json\/wp\/v2\/media\/10228"}],"wp:attachment":[{"href":"https:\/\/www.swisscrochet.ch\/fr\/wp-json\/wp\/v2\/media?parent=10115"}],"wp:term":[{"taxonomy":"product_brand","embeddable":true,"href":"https:\/\/www.swisscrochet.ch\/fr\/wp-json\/wp\/v2\/product_brand?post=10115"},{"taxonomy":"product_cat","embeddable":true,"href":"https:\/\/www.swisscrochet.ch\/fr\/wp-json\/wp\/v2\/product_cat?post=10115"},{"taxonomy":"product_tag","embeddable":true,"href":"https:\/\/www.swisscrochet.ch\/fr\/wp-json\/wp\/v2\/product_tag?post=10115"}],"curies":[{"name":"wp","href":"https:\/\/api.w.org\/{rel}","templated":true}]}}