{"id":10179,"date":"2025-08-14T15:06:43","date_gmt":"2025-08-14T13:06:43","guid":{"rendered":"https:\/\/www.swisscrochet.ch\/?post_type=product&#038;p=10179"},"modified":"2025-08-23T16:27:15","modified_gmt":"2025-08-23T14:27:15","slug":"hoooked-natural-jute","status":"publish","type":"product","link":"https:\/\/www.swisscrochet.ch\/fr\/produit\/hoooked-natural-jute\/","title":{"rendered":"Hoooked &#8211; Natural Jute"},"content":{"rendered":"","protected":false},"excerpt":{"rendered":"<p>Natural Jute est un fil \u00e9pais et r\u00e9sistant, compos\u00e9 \u00e0 100 % de jute cultiv\u00e9e sans engrais ni pesticides par une entreprise familiale durable certifi\u00e9e BCS au Br\u00e9sil.<\/p>\n<p>Sa structure retordue lui conf\u00e8re une excellente d\u00e9finition des points, tandis que son absence d\u2019\u00e9lasticit\u00e9 le rend particuli\u00e8rement adapt\u00e9 aux projets de macram\u00e9.<\/p>\n<p>Parfait pour crocheter des paniers, sacs, tapis et articles de d\u00e9coration, Natural Jute, gr\u00e2ce \u00e0 son \u00e9paisseur super bulky, permet d\u2019obtenir des r\u00e9sultats rapides et satisfaisants.<\/p>\n<p>L\u2019\u00e9chantillon illustr\u00e9 a \u00e9t\u00e9 lav\u00e9 en machine (programme normal \u00e0 40\u00b0C) et repass\u00e9 \u00e0 la vapeur.<\/p>\n<p><strong>Veuillez noter:<\/strong> Natural Jute peut pr\u00e9senter des variations de teinte entre les bains de teinture. Ces diff\u00e9rences sont principalement dues \u00e0 des facteurs naturels \u2014 les changements climatiques peuvent influencer la r\u00e9colte et la fa\u00e7on dont les fibres absorbent les teintures naturelles. La teinture n\u2019est pas r\u00e9sistante \u00e0 la lumi\u00e8re et peut s\u2019estomper en cas d\u2019exposition prolong\u00e9e au soleil.<\/p>\n<p>Choisissez Hoooked Natural Jute pour des projets au crochet rapides, \u00e9cologiques et au style rustique affirm\u00e9!<\/p>\n","protected":false},"featured_media":9726,"template":"","meta":[],"product_brand":[],"product_cat":[227,1882],"product_tag":[],"class_list":{"0":"post-10179","1":"product","2":"type-product","3":"status-publish","4":"has-post-thumbnail","6":"product_cat-fils","7":"product_cat-fils-sacs-et-decoration-interieure","8":"pa_y1-brand-hoooked-fr","9":"pa_y17-yarn-weight-super-bulky-fr","10":"description-off","12":"first","13":"instock","14":"taxable","15":"shipping-taxable","16":"purchasable","17":"product-type-variable","18":"wvs-archive-product-wrapper"},"bundled_by":[],"bundle_stock_status":"instock","bundle_stock_quantity":null,"bundle_virtual":false,"bundle_layout":"","bundle_add_to_cart_form_location":"","bundle_editable_in_cart":false,"bundle_sold_individually_context":"","bundle_item_grouping":"","bundle_min_size":"","bundle_max_size":"","bundle_price":[],"bundled_items":[],"bundle_sell_ids":[],"yoast_head":"<!-- This site is optimized with the Yoast SEO plugin v27.4 - https:\/\/yoast.com\/product\/yoast-seo-wordpress\/ -->\n<title>Hoooked - Natural Jute &#171; Swiss Crochet<\/title>\n<meta name=\"description\" content=\"Hoooked Natural Jute \u2013 Fil 100 % jute durable, id\u00e9al pour le crochet et le macram\u00e9 \u00e9coresponsables. \u00c9pais, texture rustique pour paniers, sacs, tapis et d\u00e9coration int\u00e9rieure.\" \/>\n<meta name=\"robots\" content=\"index, follow, max-snippet:-1, max-image-preview:large, max-video-preview:-1\" \/>\n<link rel=\"canonical\" href=\"https:\/\/www.swisscrochet.ch\/fr\/produit\/hoooked-natural-jute\/\" \/>\n<meta property=\"og:locale\" content=\"fr_FR\" \/>\n<meta property=\"og:type\" content=\"article\" \/>\n<meta property=\"og:title\" content=\"Hoooked - Natural Jute &#171; Swiss Crochet\" \/>\n<meta property=\"og:description\" content=\"Hoooked Natural Jute \u2013 Fil 100 % jute durable, id\u00e9al pour le crochet et le macram\u00e9 \u00e9coresponsables. \u00c9pais, texture rustique pour paniers, sacs, tapis et d\u00e9coration int\u00e9rieure.\" \/>\n<meta property=\"og:url\" content=\"https:\/\/www.swisscrochet.ch\/fr\/produit\/hoooked-natural-jute\/\" \/>\n<meta property=\"og:site_name\" content=\"Swiss Crochet\" \/>\n<meta property=\"article:modified_time\" content=\"2025-08-23T14:27:15+00:00\" \/>\n<meta property=\"og:image\" content=\"https:\/\/www.swisscrochet.ch\/wp-content\/uploads\/2025\/08\/Hoooked-Natural-Jute-Overview.jpg\" \/>\n\t<meta property=\"og:image:width\" content=\"1000\" \/>\n\t<meta property=\"og:image:height\" content=\"1000\" \/>\n\t<meta property=\"og:image:type\" content=\"image\/jpeg\" \/>\n<meta name=\"twitter:card\" content=\"summary_large_image\" \/>\n<meta name=\"twitter:label1\" content=\"Dur\u00e9e de lecture estim\u00e9e\" \/>\n\t<meta name=\"twitter:data1\" content=\"1 minute\" \/>\n<script type=\"application\/ld+json\" class=\"yoast-schema-graph\">{\"@context\":\"https:\\\/\\\/schema.org\",\"@graph\":[{\"@type\":[\"WebPage\",\"ItemPage\"],\"@id\":\"https:\\\/\\\/www.swisscrochet.ch\\\/fr\\\/produit\\\/hoooked-natural-jute\\\/\",\"url\":\"https:\\\/\\\/www.swisscrochet.ch\\\/fr\\\/produit\\\/hoooked-natural-jute\\\/\",\"name\":\"Hoooked - Natural Jute &#171; Swiss Crochet\",\"isPartOf\":{\"@id\":\"https:\\\/\\\/www.swisscrochet.ch\\\/#website\"},\"primaryImageOfPage\":{\"@id\":\"https:\\\/\\\/www.swisscrochet.ch\\\/fr\\\/produit\\\/hoooked-natural-jute\\\/#primaryimage\"},\"image\":{\"@id\":\"https:\\\/\\\/www.swisscrochet.ch\\\/fr\\\/produit\\\/hoooked-natural-jute\\\/#primaryimage\"},\"thumbnailUrl\":\"https:\\\/\\\/www.swisscrochet.ch\\\/wp-content\\\/uploads\\\/2025\\\/08\\\/Hoooked-Natural-Jute-Overview.jpg\",\"datePublished\":\"2025-08-14T13:06:43+00:00\",\"dateModified\":\"2025-08-23T14:27:15+00:00\",\"description\":\"Hoooked Natural Jute \u2013 Fil 100 % jute durable, id\u00e9al pour le crochet et le macram\u00e9 \u00e9coresponsables. \u00c9pais, texture rustique pour paniers, sacs, tapis et d\u00e9coration int\u00e9rieure.\",\"breadcrumb\":{\"@id\":\"https:\\\/\\\/www.swisscrochet.ch\\\/fr\\\/produit\\\/hoooked-natural-jute\\\/#breadcrumb\"},\"inLanguage\":\"fr-FR\",\"potentialAction\":[{\"@type\":\"ReadAction\",\"target\":[\"https:\\\/\\\/www.swisscrochet.ch\\\/fr\\\/produit\\\/hoooked-natural-jute\\\/\"]}]},{\"@type\":\"ImageObject\",\"inLanguage\":\"fr-FR\",\"@id\":\"https:\\\/\\\/www.swisscrochet.ch\\\/fr\\\/produit\\\/hoooked-natural-jute\\\/#primaryimage\",\"url\":\"https:\\\/\\\/www.swisscrochet.ch\\\/wp-content\\\/uploads\\\/2025\\\/08\\\/Hoooked-Natural-Jute-Overview.jpg\",\"contentUrl\":\"https:\\\/\\\/www.swisscrochet.ch\\\/wp-content\\\/uploads\\\/2025\\\/08\\\/Hoooked-Natural-Jute-Overview.jpg\",\"width\":1000,\"height\":1000},{\"@type\":\"BreadcrumbList\",\"@id\":\"https:\\\/\\\/www.swisscrochet.ch\\\/fr\\\/produit\\\/hoooked-natural-jute\\\/#breadcrumb\",\"itemListElement\":[{\"@type\":\"ListItem\",\"position\":1,\"name\":\"Home\",\"item\":\"https:\\\/\\\/www.swisscrochet.ch\\\/fr\\\/\"},{\"@type\":\"ListItem\",\"position\":2,\"name\":\"Boutique\",\"item\":\"https:\\\/\\\/www.swisscrochet.ch\\\/fr\\\/boutique\\\/\"},{\"@type\":\"ListItem\",\"position\":3,\"name\":\"Hoooked &#8211; Natural Jute\"}]},{\"@type\":\"WebSite\",\"@id\":\"https:\\\/\\\/www.swisscrochet.ch\\\/#website\",\"url\":\"https:\\\/\\\/www.swisscrochet.ch\\\/\",\"name\":\"Swiss Crochet\",\"description\":\"Lib\u00e9rez votre potentiel cr\u00e9atif\",\"potentialAction\":[{\"@type\":\"SearchAction\",\"target\":{\"@type\":\"EntryPoint\",\"urlTemplate\":\"https:\\\/\\\/www.swisscrochet.ch\\\/?s={search_term_string}\"},\"query-input\":{\"@type\":\"PropertyValueSpecification\",\"valueRequired\":true,\"valueName\":\"search_term_string\"}}],\"inLanguage\":\"fr-FR\"}]}<\/script>\n<!-- \/ Yoast SEO plugin. -->","yoast_head_json":{"title":"Hoooked - Natural Jute &#171; Swiss Crochet","description":"Hoooked Natural Jute \u2013 Fil 100 % jute durable, id\u00e9al pour le crochet et le macram\u00e9 \u00e9coresponsables. \u00c9pais, texture rustique pour paniers, sacs, tapis et d\u00e9coration int\u00e9rieure.","robots":{"index":"index","follow":"follow","max-snippet":"max-snippet:-1","max-image-preview":"max-image-preview:large","max-video-preview":"max-video-preview:-1"},"canonical":"https:\/\/www.swisscrochet.ch\/fr\/produit\/hoooked-natural-jute\/","og_locale":"fr_FR","og_type":"article","og_title":"Hoooked - Natural Jute &#171; Swiss Crochet","og_description":"Hoooked Natural Jute \u2013 Fil 100 % jute durable, id\u00e9al pour le crochet et le macram\u00e9 \u00e9coresponsables. \u00c9pais, texture rustique pour paniers, sacs, tapis et d\u00e9coration int\u00e9rieure.","og_url":"https:\/\/www.swisscrochet.ch\/fr\/produit\/hoooked-natural-jute\/","og_site_name":"Swiss Crochet","article_modified_time":"2025-08-23T14:27:15+00:00","og_image":[{"width":1000,"height":1000,"url":"https:\/\/www.swisscrochet.ch\/wp-content\/uploads\/2025\/08\/Hoooked-Natural-Jute-Overview.jpg","type":"image\/jpeg"}],"twitter_card":"summary_large_image","twitter_misc":{"Dur\u00e9e de lecture estim\u00e9e":"1 minute"},"schema":{"@context":"https:\/\/schema.org","@graph":[{"@type":["WebPage","ItemPage"],"@id":"https:\/\/www.swisscrochet.ch\/fr\/produit\/hoooked-natural-jute\/","url":"https:\/\/www.swisscrochet.ch\/fr\/produit\/hoooked-natural-jute\/","name":"Hoooked - Natural Jute &#171; Swiss Crochet","isPartOf":{"@id":"https:\/\/www.swisscrochet.ch\/#website"},"primaryImageOfPage":{"@id":"https:\/\/www.swisscrochet.ch\/fr\/produit\/hoooked-natural-jute\/#primaryimage"},"image":{"@id":"https:\/\/www.swisscrochet.ch\/fr\/produit\/hoooked-natural-jute\/#primaryimage"},"thumbnailUrl":"https:\/\/www.swisscrochet.ch\/wp-content\/uploads\/2025\/08\/Hoooked-Natural-Jute-Overview.jpg","datePublished":"2025-08-14T13:06:43+00:00","dateModified":"2025-08-23T14:27:15+00:00","description":"Hoooked Natural Jute \u2013 Fil 100 % jute durable, id\u00e9al pour le crochet et le macram\u00e9 \u00e9coresponsables. \u00c9pais, texture rustique pour paniers, sacs, tapis et d\u00e9coration int\u00e9rieure.","breadcrumb":{"@id":"https:\/\/www.swisscrochet.ch\/fr\/produit\/hoooked-natural-jute\/#breadcrumb"},"inLanguage":"fr-FR","potentialAction":[{"@type":"ReadAction","target":["https:\/\/www.swisscrochet.ch\/fr\/produit\/hoooked-natural-jute\/"]}]},{"@type":"ImageObject","inLanguage":"fr-FR","@id":"https:\/\/www.swisscrochet.ch\/fr\/produit\/hoooked-natural-jute\/#primaryimage","url":"https:\/\/www.swisscrochet.ch\/wp-content\/uploads\/2025\/08\/Hoooked-Natural-Jute-Overview.jpg","contentUrl":"https:\/\/www.swisscrochet.ch\/wp-content\/uploads\/2025\/08\/Hoooked-Natural-Jute-Overview.jpg","width":1000,"height":1000},{"@type":"BreadcrumbList","@id":"https:\/\/www.swisscrochet.ch\/fr\/produit\/hoooked-natural-jute\/#breadcrumb","itemListElement":[{"@type":"ListItem","position":1,"name":"Home","item":"https:\/\/www.swisscrochet.ch\/fr\/"},{"@type":"ListItem","position":2,"name":"Boutique","item":"https:\/\/www.swisscrochet.ch\/fr\/boutique\/"},{"@type":"ListItem","position":3,"name":"Hoooked &#8211; Natural Jute"}]},{"@type":"WebSite","@id":"https:\/\/www.swisscrochet.ch\/#website","url":"https:\/\/www.swisscrochet.ch\/","name":"Swiss Crochet","description":"Lib\u00e9rez votre potentiel cr\u00e9atif","potentialAction":[{"@type":"SearchAction","target":{"@type":"EntryPoint","urlTemplate":"https:\/\/www.swisscrochet.ch\/?s={search_term_string}"},"query-input":{"@type":"PropertyValueSpecification","valueRequired":true,"valueName":"search_term_string"}}],"inLanguage":"fr-FR"}]}},"_links":{"self":[{"href":"https:\/\/www.swisscrochet.ch\/fr\/wp-json\/wp\/v2\/product\/10179","targetHints":{"allow":["GET"]}}],"collection":[{"href":"https:\/\/www.swisscrochet.ch\/fr\/wp-json\/wp\/v2\/product"}],"about":[{"href":"https:\/\/www.swisscrochet.ch\/fr\/wp-json\/wp\/v2\/types\/product"}],"wp:featuredmedia":[{"embeddable":true,"href":"https:\/\/www.swisscrochet.ch\/fr\/wp-json\/wp\/v2\/media\/9726"}],"wp:attachment":[{"href":"https:\/\/www.swisscrochet.ch\/fr\/wp-json\/wp\/v2\/media?parent=10179"}],"wp:term":[{"taxonomy":"product_brand","embeddable":true,"href":"https:\/\/www.swisscrochet.ch\/fr\/wp-json\/wp\/v2\/product_brand?post=10179"},{"taxonomy":"product_cat","embeddable":true,"href":"https:\/\/www.swisscrochet.ch\/fr\/wp-json\/wp\/v2\/product_cat?post=10179"},{"taxonomy":"product_tag","embeddable":true,"href":"https:\/\/www.swisscrochet.ch\/fr\/wp-json\/wp\/v2\/product_tag?post=10179"}],"curies":[{"name":"wp","href":"https:\/\/api.w.org\/{rel}","templated":true}]}}