{"id":10387,"date":"2025-08-16T20:35:08","date_gmt":"2025-08-16T18:35:08","guid":{"rendered":"https:\/\/www.swisscrochet.ch\/product\/crochet-favorites-kit\/"},"modified":"2025-08-16T22:28:11","modified_gmt":"2025-08-16T20:28:11","slug":"kit-de-favoris-crochet","status":"publish","type":"product","link":"https:\/\/www.swisscrochet.ch\/fr\/produit\/kit-de-favoris-crochet\/","title":{"rendered":"Kit de favoris crochet"},"content":{"rendered":"","protected":false},"excerpt":{"rendered":"<p>Tout ce dont vous avez besoin pour commencer vos projets de crochet, r\u00e9uni dans un kit pratique! Ce kit est parfait aussi bien pour les d\u00e9butantes que pour les crocheteuses exp\u00e9riment\u00e9es, et contient tous les outils essentiels pour un travail fluide et efficace.<\/p>\n<p>Contenu:<\/p>\n<ul>\n<li>5 aiguilles \u00e0 laine de diff\u00e9rentes tailles pour l\u2019assemblage et les finitions<\/li>\n<li>1 outil de jauge pour v\u00e9rifier votre tension et la taille de vos crochets<\/li>\n<li>1 m\u00e8tre ruban pour des mesures pr\u00e9cises<\/li>\n<li>Mini ciseaux pour une coupe nette et pr\u00e9cise<\/li>\n<li>1 lot de marqueurs de mailles pour suivre vos tours et r\u00e9p\u00e9titions de motifs<\/li>\n<li>2 crochets (sans manche) en tailles 8.00 mm et 10.00 mm<\/li>\n<li>3 crochets (avec manche ergonomique) en tailles 3.00 mm, 4.00 mm et 5.00 mm<\/li>\n<\/ul>\n<p>Compact et pratique, ce kit est le cadeau id\u00e9al pour toute passionn\u00e9e de crochet ou un ajout utile \u00e0 vos propres fournitures cr\u00e9atives.<\/p>\n","protected":false},"featured_media":10362,"template":"","meta":[],"product_brand":[],"product_cat":[221,1472],"product_tag":[],"class_list":{"0":"post-10387","1":"product","2":"type-product","3":"status-publish","4":"has-post-thumbnail","6":"product_cat-crochets-et-outils","7":"product_cat-kits-doutils","8":"description-off","10":"first","11":"instock","12":"virtual","13":"taxable","14":"purchasable","15":"product-type-bundle"},"bundled_by":[],"bundle_stock_status":"instock","bundle_stock_quantity":6,"bundle_virtual":false,"bundle_layout":"default","bundle_add_to_cart_form_location":"default","bundle_editable_in_cart":false,"bundle_sold_individually_context":"product","bundle_item_grouping":"parent","bundle_min_size":"","bundle_max_size":"","bundle_price":{"price":{"min":{"incl_tax":"89.9","excl_tax":"83.163737"},"max":{"incl_tax":"89.9","excl_tax":"83.163737"}},"regular_price":{"min":{"incl_tax":"89.9","excl_tax":"83.163737"},"max":{"incl_tax":"89.9","excl_tax":"83.163737"}}},"bundled_items":[{"bundled_item_id":128,"product_id":4590,"menu_order":0,"quantity_min":1,"quantity_max":1,"quantity_default":1,"priced_individually":false,"shipped_individually":false,"override_title":false,"title":"Addi &#8211; Smyrna aiguille \u00e0 tapisserie","override_description":false,"description":"Addi &#8211; Smyrna aiguille \u00e0 tapisserie","optional":false,"hide_thumbnail":false,"discount":"","override_variations":false,"allowed_variations":[""],"override_default_variation_attributes":false,"default_variation_attributes":[],"single_product_visibility":"hidden","cart_visibility":"visible","order_visibility":"visible","single_product_price_visibility":"visible","cart_price_visibility":"visible","order_price_visibility":"visible","stock_status":"in_stock"},{"bundled_item_id":129,"product_id":5089,"menu_order":1,"quantity_min":1,"quantity_max":1,"quantity_default":1,"priced_individually":false,"shipped_individually":false,"override_title":false,"title":"Tulip Aiguilles \u00e0 Tapisserie Assorties \u2013 Pointe Ronde \u2013 Grande","override_description":false,"description":"Tulip Aiguilles \u00e0 Tapisserie Assorties \u2013 Pointe Ronde \u2013 Grande","optional":false,"hide_thumbnail":false,"discount":"","override_variations":false,"allowed_variations":[""],"override_default_variation_attributes":false,"default_variation_attributes":[],"single_product_visibility":"hidden","cart_visibility":"visible","order_visibility":"visible","single_product_price_visibility":"visible","cart_price_visibility":"visible","order_price_visibility":"visible","stock_status":"in_stock"},{"bundled_item_id":130,"product_id":5010,"menu_order":2,"quantity_min":1,"quantity_max":1,"quantity_default":1,"priced_individually":false,"shipped_individually":false,"override_title":false,"title":"Tulip &#8211; Outil de mesure d\u2019\u00e9chantillon","override_description":false,"description":"Tulip &#8211; Outil de mesure d\u2019\u00e9chantillon","optional":false,"hide_thumbnail":false,"discount":"","override_variations":false,"allowed_variations":[""],"override_default_variation_attributes":true,"default_variation_attributes":[{"id":0,"name":"Color","option":"Pink"}],"single_product_visibility":"hidden","cart_visibility":"visible","order_visibility":"visible","single_product_price_visibility":"visible","cart_price_visibility":"visible","order_price_visibility":"visible","stock_status":"in_stock"},{"bundled_item_id":131,"product_id":5060,"menu_order":3,"quantity_min":1,"quantity_max":1,"quantity_default":1,"priced_individually":false,"shipped_individually":false,"override_title":false,"title":"Tulip &#8211; Set de marqueurs de maille &#8211; C\u0153ur","override_description":true,"description":"","optional":false,"hide_thumbnail":false,"discount":"","override_variations":false,"allowed_variations":[""],"override_default_variation_attributes":true,"default_variation_attributes":[{"id":0,"name":"Color","option":"Pink"}],"single_product_visibility":"hidden","cart_visibility":"visible","order_visibility":"visible","single_product_price_visibility":"visible","cart_price_visibility":"visible","order_price_visibility":"visible","stock_status":"in_stock"},{"bundled_item_id":132,"product_id":5107,"menu_order":4,"quantity_min":1,"quantity_max":1,"quantity_default":1,"priced_individually":false,"shipped_individually":false,"override_title":false,"title":"Prym &#8211; M\u00e8tre Ruban","override_description":true,"description":"","optional":false,"hide_thumbnail":false,"discount":"","override_variations":false,"allowed_variations":[""],"override_default_variation_attributes":false,"default_variation_attributes":[],"single_product_visibility":"hidden","cart_visibility":"visible","order_visibility":"visible","single_product_price_visibility":"visible","cart_price_visibility":"visible","order_price_visibility":"visible","stock_status":"in_stock"},{"bundled_item_id":133,"product_id":4573,"menu_order":5,"quantity_min":1,"quantity_max":1,"quantity_default":1,"priced_individually":false,"shipped_individually":false,"override_title":false,"title":"Addi &#8211; Mini ciseaux","override_description":true,"description":"","optional":false,"hide_thumbnail":false,"discount":"","override_variations":false,"allowed_variations":[""],"override_default_variation_attributes":false,"default_variation_attributes":[],"single_product_visibility":"hidden","cart_visibility":"visible","order_visibility":"visible","single_product_price_visibility":"visible","cart_price_visibility":"visible","order_price_visibility":"visible","stock_status":"in_stock"},{"bundled_item_id":134,"product_id":3546,"menu_order":6,"quantity_min":1,"quantity_max":1,"quantity_default":1,"priced_individually":false,"shipped_individually":false,"override_title":false,"title":"Tulip &#8211; MinD Crochet","override_description":false,"description":"Tulip &#8211; MinD Crochet","optional":false,"hide_thumbnail":false,"discount":"","override_variations":false,"allowed_variations":[""],"override_default_variation_attributes":true,"default_variation_attributes":[{"id":0,"name":"Size","option":"8.00 mm"}],"single_product_visibility":"hidden","cart_visibility":"visible","order_visibility":"visible","single_product_price_visibility":"visible","cart_price_visibility":"visible","order_price_visibility":"visible","stock_status":"in_stock"},{"bundled_item_id":135,"product_id":3546,"menu_order":7,"quantity_min":1,"quantity_max":1,"quantity_default":1,"priced_individually":false,"shipped_individually":false,"override_title":false,"title":"Tulip &#8211; MinD Crochet","override_description":false,"description":"Tulip &#8211; MinD Crochet","optional":false,"hide_thumbnail":false,"discount":"","override_variations":false,"allowed_variations":[""],"override_default_variation_attributes":true,"default_variation_attributes":[{"id":0,"name":"Size","option":"10.00 mm"}],"single_product_visibility":"hidden","cart_visibility":"visible","order_visibility":"visible","single_product_price_visibility":"visible","cart_price_visibility":"visible","order_price_visibility":"visible","stock_status":"in_stock"},{"bundled_item_id":136,"product_id":3501,"menu_order":8,"quantity_min":1,"quantity_max":1,"quantity_default":1,"priced_individually":false,"shipped_individually":false,"override_title":false,"title":"Tulip &#8211; Etimo Red &#8211; Crochet avec manche souple","override_description":false,"description":"Tulip &#8211; Etimo Red &#8211; Crochet avec manche souple","optional":false,"hide_thumbnail":false,"discount":"","override_variations":false,"allowed_variations":[""],"override_default_variation_attributes":true,"default_variation_attributes":[{"id":0,"name":"Size","option":"3.00 mm"}],"single_product_visibility":"hidden","cart_visibility":"visible","order_visibility":"visible","single_product_price_visibility":"visible","cart_price_visibility":"visible","order_price_visibility":"visible","stock_status":"in_stock"},{"bundled_item_id":137,"product_id":3501,"menu_order":9,"quantity_min":1,"quantity_max":1,"quantity_default":1,"priced_individually":false,"shipped_individually":false,"override_title":false,"title":"Tulip &#8211; Etimo Red &#8211; Crochet avec manche souple","override_description":false,"description":"Tulip &#8211; Etimo Red &#8211; Crochet avec manche souple","optional":false,"hide_thumbnail":false,"discount":"","override_variations":false,"allowed_variations":[""],"override_default_variation_attributes":true,"default_variation_attributes":[{"id":0,"name":"Size","option":"4.00 mm"}],"single_product_visibility":"hidden","cart_visibility":"visible","order_visibility":"visible","single_product_price_visibility":"visible","cart_price_visibility":"visible","order_price_visibility":"visible","stock_status":"in_stock"},{"bundled_item_id":138,"product_id":3501,"menu_order":10,"quantity_min":1,"quantity_max":1,"quantity_default":1,"priced_individually":false,"shipped_individually":false,"override_title":false,"title":"Tulip &#8211; Etimo Red &#8211; Crochet avec manche souple","override_description":false,"description":"Tulip &#8211; Etimo Red &#8211; Crochet avec manche souple","optional":false,"hide_thumbnail":false,"discount":"","override_variations":false,"allowed_variations":[""],"override_default_variation_attributes":true,"default_variation_attributes":[{"id":0,"name":"Size","option":"5.00 mm"}],"single_product_visibility":"hidden","cart_visibility":"visible","order_visibility":"visible","single_product_price_visibility":"visible","cart_price_visibility":"visible","order_price_visibility":"visible","stock_status":"in_stock"}],"bundle_sell_ids":[],"yoast_head":"<!-- This site is optimized with the Yoast SEO plugin v27.4 - https:\/\/yoast.com\/product\/yoast-seo-wordpress\/ -->\n<title>Kit de favoris crochet &#171; Swiss Crochet<\/title>\n<meta name=\"description\" content=\"Commencez le crochet! Ce kit comprend 5 crochets, 5 aiguilles \u00e0 laine, un m\u00e8tre ruban, un outil de jauge, des marqueurs de mailles et de mini ciseaux \u2013 parfait pour tout projet.\" \/>\n<meta name=\"robots\" content=\"index, follow, max-snippet:-1, max-image-preview:large, max-video-preview:-1\" \/>\n<link rel=\"canonical\" href=\"https:\/\/www.swisscrochet.ch\/fr\/produit\/kit-de-favoris-crochet\/\" \/>\n<meta property=\"og:locale\" content=\"fr_FR\" \/>\n<meta property=\"og:type\" content=\"article\" \/>\n<meta property=\"og:title\" content=\"Kit de favoris crochet &#171; Swiss Crochet\" \/>\n<meta property=\"og:description\" content=\"Commencez le crochet! Ce kit comprend 5 crochets, 5 aiguilles \u00e0 laine, un m\u00e8tre ruban, un outil de jauge, des marqueurs de mailles et de mini ciseaux \u2013 parfait pour tout projet.\" \/>\n<meta property=\"og:url\" content=\"https:\/\/www.swisscrochet.ch\/fr\/produit\/kit-de-favoris-crochet\/\" \/>\n<meta property=\"og:site_name\" content=\"Swiss Crochet\" \/>\n<meta property=\"article:modified_time\" content=\"2025-08-16T20:28:11+00:00\" \/>\n<meta property=\"og:image\" content=\"https:\/\/www.swisscrochet.ch\/wp-content\/uploads\/2025\/08\/Swiss-Crochet-Crochet-Favorites-Kit-Overview.jpg\" \/>\n\t<meta property=\"og:image:width\" content=\"800\" \/>\n\t<meta property=\"og:image:height\" content=\"800\" \/>\n\t<meta property=\"og:image:type\" content=\"image\/jpeg\" \/>\n<meta name=\"twitter:card\" content=\"summary_large_image\" \/>\n<meta name=\"twitter:label1\" content=\"Dur\u00e9e de lecture estim\u00e9e\" \/>\n\t<meta name=\"twitter:data1\" content=\"1 minute\" \/>\n<script type=\"application\/ld+json\" class=\"yoast-schema-graph\">{\"@context\":\"https:\\\/\\\/schema.org\",\"@graph\":[{\"@type\":[\"WebPage\",\"ItemPage\"],\"@id\":\"https:\\\/\\\/www.swisscrochet.ch\\\/fr\\\/produit\\\/kit-de-favoris-crochet\\\/\",\"url\":\"https:\\\/\\\/www.swisscrochet.ch\\\/fr\\\/produit\\\/kit-de-favoris-crochet\\\/\",\"name\":\"Kit de favoris crochet &#171; Swiss Crochet\",\"isPartOf\":{\"@id\":\"https:\\\/\\\/www.swisscrochet.ch\\\/#website\"},\"primaryImageOfPage\":{\"@id\":\"https:\\\/\\\/www.swisscrochet.ch\\\/fr\\\/produit\\\/kit-de-favoris-crochet\\\/#primaryimage\"},\"image\":{\"@id\":\"https:\\\/\\\/www.swisscrochet.ch\\\/fr\\\/produit\\\/kit-de-favoris-crochet\\\/#primaryimage\"},\"thumbnailUrl\":\"https:\\\/\\\/www.swisscrochet.ch\\\/wp-content\\\/uploads\\\/2025\\\/08\\\/Swiss-Crochet-Crochet-Favorites-Kit-Overview.jpg\",\"datePublished\":\"2025-08-16T18:35:08+00:00\",\"dateModified\":\"2025-08-16T20:28:11+00:00\",\"description\":\"Commencez le crochet! Ce kit comprend 5 crochets, 5 aiguilles \u00e0 laine, un m\u00e8tre ruban, un outil de jauge, des marqueurs de mailles et de mini ciseaux \u2013 parfait pour tout projet.\",\"breadcrumb\":{\"@id\":\"https:\\\/\\\/www.swisscrochet.ch\\\/fr\\\/produit\\\/kit-de-favoris-crochet\\\/#breadcrumb\"},\"inLanguage\":\"fr-FR\",\"potentialAction\":[{\"@type\":\"ReadAction\",\"target\":[\"https:\\\/\\\/www.swisscrochet.ch\\\/fr\\\/produit\\\/kit-de-favoris-crochet\\\/\"]}]},{\"@type\":\"ImageObject\",\"inLanguage\":\"fr-FR\",\"@id\":\"https:\\\/\\\/www.swisscrochet.ch\\\/fr\\\/produit\\\/kit-de-favoris-crochet\\\/#primaryimage\",\"url\":\"https:\\\/\\\/www.swisscrochet.ch\\\/wp-content\\\/uploads\\\/2025\\\/08\\\/Swiss-Crochet-Crochet-Favorites-Kit-Overview.jpg\",\"contentUrl\":\"https:\\\/\\\/www.swisscrochet.ch\\\/wp-content\\\/uploads\\\/2025\\\/08\\\/Swiss-Crochet-Crochet-Favorites-Kit-Overview.jpg\",\"width\":800,\"height\":800},{\"@type\":\"BreadcrumbList\",\"@id\":\"https:\\\/\\\/www.swisscrochet.ch\\\/fr\\\/produit\\\/kit-de-favoris-crochet\\\/#breadcrumb\",\"itemListElement\":[{\"@type\":\"ListItem\",\"position\":1,\"name\":\"Home\",\"item\":\"https:\\\/\\\/www.swisscrochet.ch\\\/fr\\\/\"},{\"@type\":\"ListItem\",\"position\":2,\"name\":\"Boutique\",\"item\":\"https:\\\/\\\/www.swisscrochet.ch\\\/fr\\\/boutique\\\/\"},{\"@type\":\"ListItem\",\"position\":3,\"name\":\"Kit de favoris crochet\"}]},{\"@type\":\"WebSite\",\"@id\":\"https:\\\/\\\/www.swisscrochet.ch\\\/#website\",\"url\":\"https:\\\/\\\/www.swisscrochet.ch\\\/\",\"name\":\"Swiss Crochet\",\"description\":\"Lib\u00e9rez votre potentiel cr\u00e9atif\",\"potentialAction\":[{\"@type\":\"SearchAction\",\"target\":{\"@type\":\"EntryPoint\",\"urlTemplate\":\"https:\\\/\\\/www.swisscrochet.ch\\\/?s={search_term_string}\"},\"query-input\":{\"@type\":\"PropertyValueSpecification\",\"valueRequired\":true,\"valueName\":\"search_term_string\"}}],\"inLanguage\":\"fr-FR\"}]}<\/script>\n<!-- \/ Yoast SEO plugin. -->","yoast_head_json":{"title":"Kit de favoris crochet &#171; Swiss Crochet","description":"Commencez le crochet! Ce kit comprend 5 crochets, 5 aiguilles \u00e0 laine, un m\u00e8tre ruban, un outil de jauge, des marqueurs de mailles et de mini ciseaux \u2013 parfait pour tout projet.","robots":{"index":"index","follow":"follow","max-snippet":"max-snippet:-1","max-image-preview":"max-image-preview:large","max-video-preview":"max-video-preview:-1"},"canonical":"https:\/\/www.swisscrochet.ch\/fr\/produit\/kit-de-favoris-crochet\/","og_locale":"fr_FR","og_type":"article","og_title":"Kit de favoris crochet &#171; Swiss Crochet","og_description":"Commencez le crochet! Ce kit comprend 5 crochets, 5 aiguilles \u00e0 laine, un m\u00e8tre ruban, un outil de jauge, des marqueurs de mailles et de mini ciseaux \u2013 parfait pour tout projet.","og_url":"https:\/\/www.swisscrochet.ch\/fr\/produit\/kit-de-favoris-crochet\/","og_site_name":"Swiss Crochet","article_modified_time":"2025-08-16T20:28:11+00:00","og_image":[{"width":800,"height":800,"url":"https:\/\/www.swisscrochet.ch\/wp-content\/uploads\/2025\/08\/Swiss-Crochet-Crochet-Favorites-Kit-Overview.jpg","type":"image\/jpeg"}],"twitter_card":"summary_large_image","twitter_misc":{"Dur\u00e9e de lecture estim\u00e9e":"1 minute"},"schema":{"@context":"https:\/\/schema.org","@graph":[{"@type":["WebPage","ItemPage"],"@id":"https:\/\/www.swisscrochet.ch\/fr\/produit\/kit-de-favoris-crochet\/","url":"https:\/\/www.swisscrochet.ch\/fr\/produit\/kit-de-favoris-crochet\/","name":"Kit de favoris crochet &#171; Swiss Crochet","isPartOf":{"@id":"https:\/\/www.swisscrochet.ch\/#website"},"primaryImageOfPage":{"@id":"https:\/\/www.swisscrochet.ch\/fr\/produit\/kit-de-favoris-crochet\/#primaryimage"},"image":{"@id":"https:\/\/www.swisscrochet.ch\/fr\/produit\/kit-de-favoris-crochet\/#primaryimage"},"thumbnailUrl":"https:\/\/www.swisscrochet.ch\/wp-content\/uploads\/2025\/08\/Swiss-Crochet-Crochet-Favorites-Kit-Overview.jpg","datePublished":"2025-08-16T18:35:08+00:00","dateModified":"2025-08-16T20:28:11+00:00","description":"Commencez le crochet! Ce kit comprend 5 crochets, 5 aiguilles \u00e0 laine, un m\u00e8tre ruban, un outil de jauge, des marqueurs de mailles et de mini ciseaux \u2013 parfait pour tout projet.","breadcrumb":{"@id":"https:\/\/www.swisscrochet.ch\/fr\/produit\/kit-de-favoris-crochet\/#breadcrumb"},"inLanguage":"fr-FR","potentialAction":[{"@type":"ReadAction","target":["https:\/\/www.swisscrochet.ch\/fr\/produit\/kit-de-favoris-crochet\/"]}]},{"@type":"ImageObject","inLanguage":"fr-FR","@id":"https:\/\/www.swisscrochet.ch\/fr\/produit\/kit-de-favoris-crochet\/#primaryimage","url":"https:\/\/www.swisscrochet.ch\/wp-content\/uploads\/2025\/08\/Swiss-Crochet-Crochet-Favorites-Kit-Overview.jpg","contentUrl":"https:\/\/www.swisscrochet.ch\/wp-content\/uploads\/2025\/08\/Swiss-Crochet-Crochet-Favorites-Kit-Overview.jpg","width":800,"height":800},{"@type":"BreadcrumbList","@id":"https:\/\/www.swisscrochet.ch\/fr\/produit\/kit-de-favoris-crochet\/#breadcrumb","itemListElement":[{"@type":"ListItem","position":1,"name":"Home","item":"https:\/\/www.swisscrochet.ch\/fr\/"},{"@type":"ListItem","position":2,"name":"Boutique","item":"https:\/\/www.swisscrochet.ch\/fr\/boutique\/"},{"@type":"ListItem","position":3,"name":"Kit de favoris crochet"}]},{"@type":"WebSite","@id":"https:\/\/www.swisscrochet.ch\/#website","url":"https:\/\/www.swisscrochet.ch\/","name":"Swiss Crochet","description":"Lib\u00e9rez votre potentiel cr\u00e9atif","potentialAction":[{"@type":"SearchAction","target":{"@type":"EntryPoint","urlTemplate":"https:\/\/www.swisscrochet.ch\/?s={search_term_string}"},"query-input":{"@type":"PropertyValueSpecification","valueRequired":true,"valueName":"search_term_string"}}],"inLanguage":"fr-FR"}]}},"_links":{"self":[{"href":"https:\/\/www.swisscrochet.ch\/fr\/wp-json\/wp\/v2\/product\/10387","targetHints":{"allow":["GET"]}}],"collection":[{"href":"https:\/\/www.swisscrochet.ch\/fr\/wp-json\/wp\/v2\/product"}],"about":[{"href":"https:\/\/www.swisscrochet.ch\/fr\/wp-json\/wp\/v2\/types\/product"}],"wp:featuredmedia":[{"embeddable":true,"href":"https:\/\/www.swisscrochet.ch\/fr\/wp-json\/wp\/v2\/media\/10362"}],"wp:attachment":[{"href":"https:\/\/www.swisscrochet.ch\/fr\/wp-json\/wp\/v2\/media?parent=10387"}],"wp:term":[{"taxonomy":"product_brand","embeddable":true,"href":"https:\/\/www.swisscrochet.ch\/fr\/wp-json\/wp\/v2\/product_brand?post=10387"},{"taxonomy":"product_cat","embeddable":true,"href":"https:\/\/www.swisscrochet.ch\/fr\/wp-json\/wp\/v2\/product_cat?post=10387"},{"taxonomy":"product_tag","embeddable":true,"href":"https:\/\/www.swisscrochet.ch\/fr\/wp-json\/wp\/v2\/product_tag?post=10387"}],"curies":[{"name":"wp","href":"https:\/\/api.w.org\/{rel}","templated":true}]}}