{"id":10446,"date":"2025-08-17T18:13:43","date_gmt":"2025-08-17T16:13:43","guid":{"rendered":"https:\/\/www.swisscrochet.ch\/product\/tunisian-crochet-starter-kit\/"},"modified":"2025-08-17T18:20:39","modified_gmt":"2025-08-17T16:20:39","slug":"kit-de-demarrage-crochet-tunisien","status":"publish","type":"product","link":"https:\/\/www.swisscrochet.ch\/fr\/produit\/kit-de-demarrage-crochet-tunisien\/","title":{"rendered":"Kit de d\u00e9marrage Crochet tunisien"},"content":{"rendered":"","protected":false},"excerpt":{"rendered":"<p><em>D\u00e9couvrez l\u2019univers unique du crochet tunisien avec ce kit de d\u00e9marrage sp\u00e9cialement con\u00e7u.<\/em><\/p>\n<p>Il comprend tout ce dont vous avez besoin pour explorer la technique<\/p>\n<ul>\n<li>1 crochet double pointe en aluminium (5.00 mm) pour pratiquer en rangs et en rond,<\/li>\n<li>1 crochet interchangeable en bambou (6.50 mm) pour une sensation naturelle,<\/li>\n<li>1 embout de fin assorti (taille L) et<\/li>\n<li>1 c\u00e2ble SWIV360 argent\u00e9 (taille L, 35 cm) pour des connexions souples et flexibles.<\/li>\n<\/ul>\n<p>Avec ce kit, vous disposez du m\u00e9lange parfait d\u2019outils pour essayer diff\u00e9rents points tunisiens et r\u00e9aliser de beaux projets imm\u00e9diatement.<\/p>\n","protected":false},"featured_media":10443,"template":"","meta":[],"product_brand":[],"product_cat":[221,1472],"product_tag":[],"class_list":{"0":"post-10446","1":"product","2":"type-product","3":"status-publish","4":"has-post-thumbnail","6":"product_cat-crochets-et-outils","7":"product_cat-kits-doutils","8":"description-off","10":"first","11":"instock","12":"virtual","13":"taxable","14":"purchasable","15":"product-type-bundle"},"bundled_by":[],"bundle_stock_status":"instock","bundle_stock_quantity":11,"bundle_virtual":false,"bundle_layout":"default","bundle_add_to_cart_form_location":"default","bundle_editable_in_cart":false,"bundle_sold_individually_context":"product","bundle_item_grouping":"parent","bundle_min_size":"","bundle_max_size":"","bundle_price":{"price":{"min":{"incl_tax":"39.9","excl_tax":"36.910268"},"max":{"incl_tax":"39.9","excl_tax":"36.910268"}},"regular_price":{"min":{"incl_tax":"39.9","excl_tax":"36.910268"},"max":{"incl_tax":"39.9","excl_tax":"36.910268"}}},"bundled_items":[{"bundled_item_id":211,"product_id":3638,"menu_order":0,"quantity_min":1,"quantity_max":1,"quantity_default":1,"priced_individually":false,"shipped_individually":false,"override_title":false,"title":"Addi &#8211; Crochet tunisien &#8211; \u00e0 double pointe","override_description":false,"description":"Addi &#8211; Crochet tunisien &#8211; \u00e0 double pointe","optional":false,"hide_thumbnail":false,"discount":"","override_variations":false,"allowed_variations":[""],"override_default_variation_attributes":true,"default_variation_attributes":[{"id":0,"name":"Size","option":"5.00 mm"}],"single_product_visibility":"hidden","cart_visibility":"visible","order_visibility":"visible","single_product_price_visibility":"visible","cart_price_visibility":"visible","order_price_visibility":"visible","stock_status":"in_stock"},{"bundled_item_id":212,"product_id":6998,"menu_order":1,"quantity_min":1,"quantity_max":1,"quantity_default":1,"priced_individually":false,"shipped_individually":false,"override_title":false,"title":"Chiaogoo &#8211; Crochet tunisien \u00e0 pointe interchangeable","override_description":false,"description":"Chiaogoo &#8211; Crochet tunisien \u00e0 pointe interchangeable","optional":false,"hide_thumbnail":false,"discount":"","override_variations":false,"allowed_variations":[""],"override_default_variation_attributes":true,"default_variation_attributes":[{"id":0,"name":"Size","option":"6.50 mm"}],"single_product_visibility":"hidden","cart_visibility":"visible","order_visibility":"visible","single_product_price_visibility":"visible","cart_price_visibility":"visible","order_price_visibility":"visible","stock_status":"in_stock"},{"bundled_item_id":213,"product_id":6848,"menu_order":2,"quantity_min":1,"quantity_max":1,"quantity_default":1,"priced_individually":false,"shipped_individually":false,"override_title":false,"title":"Chiaogoo &#8211; But\u00e9es","override_description":false,"description":"Chiaogoo &#8211; But\u00e9es","optional":false,"hide_thumbnail":false,"discount":"","override_variations":false,"allowed_variations":[""],"override_default_variation_attributes":true,"default_variation_attributes":[{"id":0,"name":"Type","option":"Large (L)"}],"single_product_visibility":"hidden","cart_visibility":"visible","order_visibility":"visible","single_product_price_visibility":"visible","cart_price_visibility":"visible","order_price_visibility":"visible","stock_status":"in_stock"},{"bundled_item_id":214,"product_id":6888,"menu_order":3,"quantity_min":1,"quantity_max":1,"quantity_default":1,"priced_individually":false,"shipped_individually":false,"override_title":false,"title":"Chiaogoo &#8211; C\u00e2ble SWIV360 Silver","override_description":false,"description":"Chiaogoo &#8211; C\u00e2ble SWIV360 Silver","optional":false,"hide_thumbnail":false,"discount":"","override_variations":false,"allowed_variations":[""],"override_default_variation_attributes":true,"default_variation_attributes":[{"id":0,"name":"Type","option":"Large (L)"},{"id":0,"name":"Length","option":"35 cm"}],"single_product_visibility":"hidden","cart_visibility":"visible","order_visibility":"visible","single_product_price_visibility":"visible","cart_price_visibility":"visible","order_price_visibility":"visible","stock_status":"in_stock"}],"bundle_sell_ids":[],"yoast_head":"<!-- This site is optimized with the Yoast SEO plugin v27.4 - https:\/\/yoast.com\/product\/yoast-seo-wordpress\/ -->\n<title>Kit de d\u00e9marrage Crochet tunisien &#171; Swiss Crochet<\/title>\n<meta name=\"description\" content=\"Kit de d\u00e9marrage Crochet tunisien avec crochets en aluminium et en bambou, embout de fin et c\u00e2ble SWIV360. L\u2019ensemble parfait pour d\u00e9buter facilement le crochet tunisien.\" \/>\n<meta name=\"robots\" content=\"index, follow, max-snippet:-1, max-image-preview:large, max-video-preview:-1\" \/>\n<link rel=\"canonical\" href=\"https:\/\/www.swisscrochet.ch\/fr\/produit\/kit-de-demarrage-crochet-tunisien\/\" \/>\n<meta property=\"og:locale\" content=\"fr_FR\" \/>\n<meta property=\"og:type\" content=\"article\" \/>\n<meta property=\"og:title\" content=\"Kit de d\u00e9marrage Crochet tunisien &#171; Swiss Crochet\" \/>\n<meta property=\"og:description\" content=\"Kit de d\u00e9marrage Crochet tunisien avec crochets en aluminium et en bambou, embout de fin et c\u00e2ble SWIV360. L\u2019ensemble parfait pour d\u00e9buter facilement le crochet tunisien.\" \/>\n<meta property=\"og:url\" content=\"https:\/\/www.swisscrochet.ch\/fr\/produit\/kit-de-demarrage-crochet-tunisien\/\" \/>\n<meta property=\"og:site_name\" content=\"Swiss Crochet\" \/>\n<meta property=\"article:modified_time\" content=\"2025-08-17T16:20:39+00:00\" \/>\n<meta property=\"og:image\" content=\"https:\/\/www.swisscrochet.ch\/wp-content\/uploads\/2025\/08\/Swiss-Crochet-Tunisian-Crochet-Starter-Kit-Overview.jpg\" \/>\n\t<meta property=\"og:image:width\" content=\"800\" \/>\n\t<meta property=\"og:image:height\" content=\"800\" \/>\n\t<meta property=\"og:image:type\" content=\"image\/jpeg\" \/>\n<meta name=\"twitter:card\" content=\"summary_large_image\" \/>\n<meta name=\"twitter:label1\" content=\"Dur\u00e9e de lecture estim\u00e9e\" \/>\n\t<meta name=\"twitter:data1\" content=\"1 minute\" \/>\n<script type=\"application\/ld+json\" class=\"yoast-schema-graph\">{\"@context\":\"https:\\\/\\\/schema.org\",\"@graph\":[{\"@type\":[\"WebPage\",\"ItemPage\"],\"@id\":\"https:\\\/\\\/www.swisscrochet.ch\\\/fr\\\/produit\\\/kit-de-demarrage-crochet-tunisien\\\/\",\"url\":\"https:\\\/\\\/www.swisscrochet.ch\\\/fr\\\/produit\\\/kit-de-demarrage-crochet-tunisien\\\/\",\"name\":\"Kit de d\u00e9marrage Crochet tunisien &#171; Swiss Crochet\",\"isPartOf\":{\"@id\":\"https:\\\/\\\/www.swisscrochet.ch\\\/#website\"},\"primaryImageOfPage\":{\"@id\":\"https:\\\/\\\/www.swisscrochet.ch\\\/fr\\\/produit\\\/kit-de-demarrage-crochet-tunisien\\\/#primaryimage\"},\"image\":{\"@id\":\"https:\\\/\\\/www.swisscrochet.ch\\\/fr\\\/produit\\\/kit-de-demarrage-crochet-tunisien\\\/#primaryimage\"},\"thumbnailUrl\":\"https:\\\/\\\/www.swisscrochet.ch\\\/wp-content\\\/uploads\\\/2025\\\/08\\\/Swiss-Crochet-Tunisian-Crochet-Starter-Kit-Overview.jpg\",\"datePublished\":\"2025-08-17T16:13:43+00:00\",\"dateModified\":\"2025-08-17T16:20:39+00:00\",\"description\":\"Kit de d\u00e9marrage Crochet tunisien avec crochets en aluminium et en bambou, embout de fin et c\u00e2ble SWIV360. L\u2019ensemble parfait pour d\u00e9buter facilement le crochet tunisien.\",\"breadcrumb\":{\"@id\":\"https:\\\/\\\/www.swisscrochet.ch\\\/fr\\\/produit\\\/kit-de-demarrage-crochet-tunisien\\\/#breadcrumb\"},\"inLanguage\":\"fr-FR\",\"potentialAction\":[{\"@type\":\"ReadAction\",\"target\":[\"https:\\\/\\\/www.swisscrochet.ch\\\/fr\\\/produit\\\/kit-de-demarrage-crochet-tunisien\\\/\"]}]},{\"@type\":\"ImageObject\",\"inLanguage\":\"fr-FR\",\"@id\":\"https:\\\/\\\/www.swisscrochet.ch\\\/fr\\\/produit\\\/kit-de-demarrage-crochet-tunisien\\\/#primaryimage\",\"url\":\"https:\\\/\\\/www.swisscrochet.ch\\\/wp-content\\\/uploads\\\/2025\\\/08\\\/Swiss-Crochet-Tunisian-Crochet-Starter-Kit-Overview.jpg\",\"contentUrl\":\"https:\\\/\\\/www.swisscrochet.ch\\\/wp-content\\\/uploads\\\/2025\\\/08\\\/Swiss-Crochet-Tunisian-Crochet-Starter-Kit-Overview.jpg\",\"width\":800,\"height\":800},{\"@type\":\"BreadcrumbList\",\"@id\":\"https:\\\/\\\/www.swisscrochet.ch\\\/fr\\\/produit\\\/kit-de-demarrage-crochet-tunisien\\\/#breadcrumb\",\"itemListElement\":[{\"@type\":\"ListItem\",\"position\":1,\"name\":\"Home\",\"item\":\"https:\\\/\\\/www.swisscrochet.ch\\\/fr\\\/\"},{\"@type\":\"ListItem\",\"position\":2,\"name\":\"Boutique\",\"item\":\"https:\\\/\\\/www.swisscrochet.ch\\\/fr\\\/boutique\\\/\"},{\"@type\":\"ListItem\",\"position\":3,\"name\":\"Kit de d\u00e9marrage Crochet tunisien\"}]},{\"@type\":\"WebSite\",\"@id\":\"https:\\\/\\\/www.swisscrochet.ch\\\/#website\",\"url\":\"https:\\\/\\\/www.swisscrochet.ch\\\/\",\"name\":\"Swiss Crochet\",\"description\":\"Lib\u00e9rez votre potentiel cr\u00e9atif\",\"potentialAction\":[{\"@type\":\"SearchAction\",\"target\":{\"@type\":\"EntryPoint\",\"urlTemplate\":\"https:\\\/\\\/www.swisscrochet.ch\\\/?s={search_term_string}\"},\"query-input\":{\"@type\":\"PropertyValueSpecification\",\"valueRequired\":true,\"valueName\":\"search_term_string\"}}],\"inLanguage\":\"fr-FR\"}]}<\/script>\n<!-- \/ Yoast SEO plugin. -->","yoast_head_json":{"title":"Kit de d\u00e9marrage Crochet tunisien &#171; Swiss Crochet","description":"Kit de d\u00e9marrage Crochet tunisien avec crochets en aluminium et en bambou, embout de fin et c\u00e2ble SWIV360. L\u2019ensemble parfait pour d\u00e9buter facilement le crochet tunisien.","robots":{"index":"index","follow":"follow","max-snippet":"max-snippet:-1","max-image-preview":"max-image-preview:large","max-video-preview":"max-video-preview:-1"},"canonical":"https:\/\/www.swisscrochet.ch\/fr\/produit\/kit-de-demarrage-crochet-tunisien\/","og_locale":"fr_FR","og_type":"article","og_title":"Kit de d\u00e9marrage Crochet tunisien &#171; Swiss Crochet","og_description":"Kit de d\u00e9marrage Crochet tunisien avec crochets en aluminium et en bambou, embout de fin et c\u00e2ble SWIV360. L\u2019ensemble parfait pour d\u00e9buter facilement le crochet tunisien.","og_url":"https:\/\/www.swisscrochet.ch\/fr\/produit\/kit-de-demarrage-crochet-tunisien\/","og_site_name":"Swiss Crochet","article_modified_time":"2025-08-17T16:20:39+00:00","og_image":[{"width":800,"height":800,"url":"https:\/\/www.swisscrochet.ch\/wp-content\/uploads\/2025\/08\/Swiss-Crochet-Tunisian-Crochet-Starter-Kit-Overview.jpg","type":"image\/jpeg"}],"twitter_card":"summary_large_image","twitter_misc":{"Dur\u00e9e de lecture estim\u00e9e":"1 minute"},"schema":{"@context":"https:\/\/schema.org","@graph":[{"@type":["WebPage","ItemPage"],"@id":"https:\/\/www.swisscrochet.ch\/fr\/produit\/kit-de-demarrage-crochet-tunisien\/","url":"https:\/\/www.swisscrochet.ch\/fr\/produit\/kit-de-demarrage-crochet-tunisien\/","name":"Kit de d\u00e9marrage Crochet tunisien &#171; Swiss Crochet","isPartOf":{"@id":"https:\/\/www.swisscrochet.ch\/#website"},"primaryImageOfPage":{"@id":"https:\/\/www.swisscrochet.ch\/fr\/produit\/kit-de-demarrage-crochet-tunisien\/#primaryimage"},"image":{"@id":"https:\/\/www.swisscrochet.ch\/fr\/produit\/kit-de-demarrage-crochet-tunisien\/#primaryimage"},"thumbnailUrl":"https:\/\/www.swisscrochet.ch\/wp-content\/uploads\/2025\/08\/Swiss-Crochet-Tunisian-Crochet-Starter-Kit-Overview.jpg","datePublished":"2025-08-17T16:13:43+00:00","dateModified":"2025-08-17T16:20:39+00:00","description":"Kit de d\u00e9marrage Crochet tunisien avec crochets en aluminium et en bambou, embout de fin et c\u00e2ble SWIV360. L\u2019ensemble parfait pour d\u00e9buter facilement le crochet tunisien.","breadcrumb":{"@id":"https:\/\/www.swisscrochet.ch\/fr\/produit\/kit-de-demarrage-crochet-tunisien\/#breadcrumb"},"inLanguage":"fr-FR","potentialAction":[{"@type":"ReadAction","target":["https:\/\/www.swisscrochet.ch\/fr\/produit\/kit-de-demarrage-crochet-tunisien\/"]}]},{"@type":"ImageObject","inLanguage":"fr-FR","@id":"https:\/\/www.swisscrochet.ch\/fr\/produit\/kit-de-demarrage-crochet-tunisien\/#primaryimage","url":"https:\/\/www.swisscrochet.ch\/wp-content\/uploads\/2025\/08\/Swiss-Crochet-Tunisian-Crochet-Starter-Kit-Overview.jpg","contentUrl":"https:\/\/www.swisscrochet.ch\/wp-content\/uploads\/2025\/08\/Swiss-Crochet-Tunisian-Crochet-Starter-Kit-Overview.jpg","width":800,"height":800},{"@type":"BreadcrumbList","@id":"https:\/\/www.swisscrochet.ch\/fr\/produit\/kit-de-demarrage-crochet-tunisien\/#breadcrumb","itemListElement":[{"@type":"ListItem","position":1,"name":"Home","item":"https:\/\/www.swisscrochet.ch\/fr\/"},{"@type":"ListItem","position":2,"name":"Boutique","item":"https:\/\/www.swisscrochet.ch\/fr\/boutique\/"},{"@type":"ListItem","position":3,"name":"Kit de d\u00e9marrage Crochet tunisien"}]},{"@type":"WebSite","@id":"https:\/\/www.swisscrochet.ch\/#website","url":"https:\/\/www.swisscrochet.ch\/","name":"Swiss Crochet","description":"Lib\u00e9rez votre potentiel cr\u00e9atif","potentialAction":[{"@type":"SearchAction","target":{"@type":"EntryPoint","urlTemplate":"https:\/\/www.swisscrochet.ch\/?s={search_term_string}"},"query-input":{"@type":"PropertyValueSpecification","valueRequired":true,"valueName":"search_term_string"}}],"inLanguage":"fr-FR"}]}},"_links":{"self":[{"href":"https:\/\/www.swisscrochet.ch\/fr\/wp-json\/wp\/v2\/product\/10446","targetHints":{"allow":["GET"]}}],"collection":[{"href":"https:\/\/www.swisscrochet.ch\/fr\/wp-json\/wp\/v2\/product"}],"about":[{"href":"https:\/\/www.swisscrochet.ch\/fr\/wp-json\/wp\/v2\/types\/product"}],"wp:featuredmedia":[{"embeddable":true,"href":"https:\/\/www.swisscrochet.ch\/fr\/wp-json\/wp\/v2\/media\/10443"}],"wp:attachment":[{"href":"https:\/\/www.swisscrochet.ch\/fr\/wp-json\/wp\/v2\/media?parent=10446"}],"wp:term":[{"taxonomy":"product_brand","embeddable":true,"href":"https:\/\/www.swisscrochet.ch\/fr\/wp-json\/wp\/v2\/product_brand?post=10446"},{"taxonomy":"product_cat","embeddable":true,"href":"https:\/\/www.swisscrochet.ch\/fr\/wp-json\/wp\/v2\/product_cat?post=10446"},{"taxonomy":"product_tag","embeddable":true,"href":"https:\/\/www.swisscrochet.ch\/fr\/wp-json\/wp\/v2\/product_tag?post=10446"}],"curies":[{"name":"wp","href":"https:\/\/api.w.org\/{rel}","templated":true}]}}