{"id":10470,"date":"2025-08-19T18:49:48","date_gmt":"2025-08-19T16:49:48","guid":{"rendered":"https:\/\/www.swisscrochet.ch\/product\/badus-shawl-yarn-kit\/"},"modified":"2025-08-19T19:02:53","modified_gmt":"2025-08-19T17:02:53","slug":"le-chale-badus-kit-de-fils","status":"publish","type":"product","link":"https:\/\/www.swisscrochet.ch\/fr\/produit\/le-chale-badus-kit-de-fils\/","title":{"rendered":"Le ch\u00e2le Badus &#8211; Kit de Fils"},"content":{"rendered":"","protected":false},"excerpt":{"rendered":"<p>Cr\u00e9ez votre propre \u00e9l\u00e9gant ch\u00e2le Badus avec ce kit de fil complet. Les doux d\u00e9grad\u00e9s de Poema donnent vie au ch\u00e2le avec de magnifiques transitions de couleurs fluides.<\/p>\n<p>Le kit comprend :<\/p>\n<ul>\n<li>une copie num\u00e9rique du patron de crochet Badus (disponible en anglais et en allemand)<\/li>\n<li>1 pelote de Laines du Nord Poema dans la couleur de votre choix.<\/li>\n<\/ul>\n<p>&#8211;&gt; Pour plus de commodit\u00e9, vous pouvez \u00e9galement inclure un crochet de 5.00 mm dans votre kit.<\/p>\n<p>Tout ce dont vous avez besoin pour commencer votre prochain projet pr\u00e9f\u00e9r\u00e9 au crochet \u2013 simple, \u00e9l\u00e9gant et inspirant.<\/p>\n","protected":false},"featured_media":7432,"template":"","meta":[],"product_brand":[],"product_cat":[1661,331],"product_tag":[2096],"class_list":{"0":"post-10470","1":"product","2":"type-product","3":"status-publish","4":"has-post-thumbnail","6":"product_cat-kits-de-fils-accessoires","7":"product_cat-kits-de-fils","8":"product_tag-poema","9":"description-off","11":"first","12":"instock","13":"virtual","14":"taxable","15":"purchasable","16":"product-type-bundle"},"bundled_by":[],"bundle_stock_status":"instock","bundle_stock_quantity":68,"bundle_virtual":false,"bundle_layout":"default","bundle_add_to_cart_form_location":"default","bundle_editable_in_cart":false,"bundle_sold_individually_context":"product","bundle_item_grouping":"parent","bundle_min_size":"","bundle_max_size":"","bundle_price":{"price":{"min":{"incl_tax":"32.5","excl_tax":"30.06"},"max":{"incl_tax":"45.4","excl_tax":"41.99"}},"regular_price":{"min":{"incl_tax":"32.5","excl_tax":"30.06"},"max":{"incl_tax":"45.4","excl_tax":"41.99"}}},"bundled_items":[{"bundled_item_id":250,"product_id":5961,"menu_order":0,"quantity_min":1,"quantity_max":1,"quantity_default":1,"priced_individually":true,"shipped_individually":false,"override_title":false,"title":"Laines du Nord &#8211; Poema","override_description":true,"description":"","optional":false,"hide_thumbnail":false,"discount":"","override_variations":false,"allowed_variations":[""],"override_default_variation_attributes":false,"default_variation_attributes":[],"single_product_visibility":"visible","cart_visibility":"visible","order_visibility":"visible","single_product_price_visibility":"visible","cart_price_visibility":"visible","order_price_visibility":"visible","stock_status":"in_stock"},{"bundled_item_id":251,"product_id":3501,"menu_order":1,"quantity_min":1,"quantity_max":1,"quantity_default":1,"priced_individually":true,"shipped_individually":false,"override_title":false,"title":"Tulip &#8211; Etimo Red &#8211; Crochet avec manche souple","override_description":true,"description":"","optional":true,"hide_thumbnail":false,"discount":"","override_variations":true,"allowed_variations":[3510],"override_default_variation_attributes":true,"default_variation_attributes":[{"id":0,"name":"Size","option":"5.00 mm"}],"single_product_visibility":"visible","cart_visibility":"visible","order_visibility":"visible","single_product_price_visibility":"visible","cart_price_visibility":"visible","order_price_visibility":"visible","stock_status":"in_stock"},{"bundled_item_id":1294,"product_id":7446,"menu_order":1,"quantity_min":1,"quantity_max":1,"quantity_default":1,"priced_individually":true,"shipped_individually":true,"override_title":false,"title":"\u00dcber den Traum \u2013 Badus","override_description":false,"description":"\u00dcber den Traum \u2013 Badus","optional":false,"hide_thumbnail":false,"discount":"","override_variations":false,"allowed_variations":[""],"override_default_variation_attributes":false,"default_variation_attributes":[],"single_product_visibility":"hidden","cart_visibility":"visible","order_visibility":"visible","single_product_price_visibility":"visible","cart_price_visibility":"visible","order_price_visibility":"visible","stock_status":"in_stock"}],"bundle_sell_ids":[],"yoast_head":"<!-- This site is optimized with the Yoast SEO plugin v27.4 - https:\/\/yoast.com\/product\/yoast-seo-wordpress\/ -->\n<title>Le ch\u00e2le Badus - Kit de Fils &#171; Swiss Crochet<\/title>\n<meta name=\"description\" content=\"Crochetez le ch\u00e2le Badus \u00e9l\u00e9gant avec ce kit de fil. Comprend le patron num\u00e9rique en anglais et en allemand, 1 pelote de Laines du Nord Poema et, en option, un crochet de 5.00 mm.\" \/>\n<meta name=\"robots\" content=\"index, follow, max-snippet:-1, max-image-preview:large, max-video-preview:-1\" \/>\n<link rel=\"canonical\" href=\"https:\/\/www.swisscrochet.ch\/produit\/badus-shawl-yarn-kit\/\" \/>\n<meta property=\"og:locale\" content=\"fr_FR\" \/>\n<meta property=\"og:type\" content=\"article\" \/>\n<meta property=\"og:title\" content=\"Le ch\u00e2le Badus - Kit de Fils &#171; Swiss Crochet\" \/>\n<meta property=\"og:description\" content=\"Crochetez le ch\u00e2le Badus \u00e9l\u00e9gant avec ce kit de fil. Comprend le patron num\u00e9rique en anglais et en allemand, 1 pelote de Laines du Nord Poema et, en option, un crochet de 5.00 mm.\" \/>\n<meta property=\"og:url\" content=\"https:\/\/www.swisscrochet.ch\/produit\/badus-shawl-yarn-kit\/\" \/>\n<meta property=\"og:site_name\" content=\"Swiss Crochet\" \/>\n<meta property=\"article:modified_time\" content=\"2025-08-19T17:02:53+00:00\" \/>\n<meta property=\"og:image\" content=\"https:\/\/www.swisscrochet.ch\/wp-content\/uploads\/2025\/05\/Uber-den-Traum-Badus-6.jpg\" \/>\n\t<meta property=\"og:image:width\" content=\"1100\" \/>\n\t<meta property=\"og:image:height\" content=\"1100\" \/>\n\t<meta property=\"og:image:type\" content=\"image\/jpeg\" \/>\n<meta name=\"twitter:card\" content=\"summary_large_image\" \/>\n<meta name=\"twitter:label1\" content=\"Dur\u00e9e de lecture estim\u00e9e\" \/>\n\t<meta name=\"twitter:data1\" content=\"1 minute\" \/>\n<script type=\"application\/ld+json\" class=\"yoast-schema-graph\">{\"@context\":\"https:\\\/\\\/schema.org\",\"@graph\":[{\"@type\":[\"WebPage\",\"ItemPage\"],\"@id\":\"https:\\\/\\\/www.swisscrochet.ch\\\/produit\\\/badus-shawl-yarn-kit\\\/\",\"url\":\"https:\\\/\\\/www.swisscrochet.ch\\\/produit\\\/badus-shawl-yarn-kit\\\/\",\"name\":\"Le ch\u00e2le Badus - Kit de Fils &#171; Swiss Crochet\",\"isPartOf\":{\"@id\":\"https:\\\/\\\/www.swisscrochet.ch\\\/#website\"},\"primaryImageOfPage\":{\"@id\":\"https:\\\/\\\/www.swisscrochet.ch\\\/produit\\\/badus-shawl-yarn-kit\\\/#primaryimage\"},\"image\":{\"@id\":\"https:\\\/\\\/www.swisscrochet.ch\\\/produit\\\/badus-shawl-yarn-kit\\\/#primaryimage\"},\"thumbnailUrl\":\"https:\\\/\\\/www.swisscrochet.ch\\\/wp-content\\\/uploads\\\/2025\\\/05\\\/Uber-den-Traum-Badus-6.jpg\",\"datePublished\":\"2025-08-19T16:49:48+00:00\",\"dateModified\":\"2025-08-19T17:02:53+00:00\",\"description\":\"Crochetez le ch\u00e2le Badus \u00e9l\u00e9gant avec ce kit de fil. Comprend le patron num\u00e9rique en anglais et en allemand, 1 pelote de Laines du Nord Poema et, en option, un crochet de 5.00 mm.\",\"breadcrumb\":{\"@id\":\"https:\\\/\\\/www.swisscrochet.ch\\\/produit\\\/badus-shawl-yarn-kit\\\/#breadcrumb\"},\"inLanguage\":\"fr-FR\",\"potentialAction\":[{\"@type\":\"ReadAction\",\"target\":[\"https:\\\/\\\/www.swisscrochet.ch\\\/produit\\\/badus-shawl-yarn-kit\\\/\"]}]},{\"@type\":\"ImageObject\",\"inLanguage\":\"fr-FR\",\"@id\":\"https:\\\/\\\/www.swisscrochet.ch\\\/produit\\\/badus-shawl-yarn-kit\\\/#primaryimage\",\"url\":\"https:\\\/\\\/www.swisscrochet.ch\\\/wp-content\\\/uploads\\\/2025\\\/05\\\/Uber-den-Traum-Badus-6.jpg\",\"contentUrl\":\"https:\\\/\\\/www.swisscrochet.ch\\\/wp-content\\\/uploads\\\/2025\\\/05\\\/Uber-den-Traum-Badus-6.jpg\",\"width\":1100,\"height\":1100},{\"@type\":\"BreadcrumbList\",\"@id\":\"https:\\\/\\\/www.swisscrochet.ch\\\/produit\\\/badus-shawl-yarn-kit\\\/#breadcrumb\",\"itemListElement\":[{\"@type\":\"ListItem\",\"position\":1,\"name\":\"Home\",\"item\":\"https:\\\/\\\/www.swisscrochet.ch\\\/fr\\\/\"},{\"@type\":\"ListItem\",\"position\":2,\"name\":\"Boutique\",\"item\":\"https:\\\/\\\/www.swisscrochet.ch\\\/fr\\\/boutique\\\/\"},{\"@type\":\"ListItem\",\"position\":3,\"name\":\"Le ch\u00e2le Badus &#8211; Kit de Fils\"}]},{\"@type\":\"WebSite\",\"@id\":\"https:\\\/\\\/www.swisscrochet.ch\\\/#website\",\"url\":\"https:\\\/\\\/www.swisscrochet.ch\\\/\",\"name\":\"Swiss Crochet\",\"description\":\"Lib\u00e9rez votre potentiel cr\u00e9atif\",\"potentialAction\":[{\"@type\":\"SearchAction\",\"target\":{\"@type\":\"EntryPoint\",\"urlTemplate\":\"https:\\\/\\\/www.swisscrochet.ch\\\/?s={search_term_string}\"},\"query-input\":{\"@type\":\"PropertyValueSpecification\",\"valueRequired\":true,\"valueName\":\"search_term_string\"}}],\"inLanguage\":\"fr-FR\"}]}<\/script>\n<!-- \/ Yoast SEO plugin. -->","yoast_head_json":{"title":"Le ch\u00e2le Badus - Kit de Fils &#171; Swiss Crochet","description":"Crochetez le ch\u00e2le Badus \u00e9l\u00e9gant avec ce kit de fil. Comprend le patron num\u00e9rique en anglais et en allemand, 1 pelote de Laines du Nord Poema et, en option, un crochet de 5.00 mm.","robots":{"index":"index","follow":"follow","max-snippet":"max-snippet:-1","max-image-preview":"max-image-preview:large","max-video-preview":"max-video-preview:-1"},"canonical":"https:\/\/www.swisscrochet.ch\/produit\/badus-shawl-yarn-kit\/","og_locale":"fr_FR","og_type":"article","og_title":"Le ch\u00e2le Badus - Kit de Fils &#171; Swiss Crochet","og_description":"Crochetez le ch\u00e2le Badus \u00e9l\u00e9gant avec ce kit de fil. Comprend le patron num\u00e9rique en anglais et en allemand, 1 pelote de Laines du Nord Poema et, en option, un crochet de 5.00 mm.","og_url":"https:\/\/www.swisscrochet.ch\/produit\/badus-shawl-yarn-kit\/","og_site_name":"Swiss Crochet","article_modified_time":"2025-08-19T17:02:53+00:00","og_image":[{"width":1100,"height":1100,"url":"https:\/\/www.swisscrochet.ch\/wp-content\/uploads\/2025\/05\/Uber-den-Traum-Badus-6.jpg","type":"image\/jpeg"}],"twitter_card":"summary_large_image","twitter_misc":{"Dur\u00e9e de lecture estim\u00e9e":"1 minute"},"schema":{"@context":"https:\/\/schema.org","@graph":[{"@type":["WebPage","ItemPage"],"@id":"https:\/\/www.swisscrochet.ch\/produit\/badus-shawl-yarn-kit\/","url":"https:\/\/www.swisscrochet.ch\/produit\/badus-shawl-yarn-kit\/","name":"Le ch\u00e2le Badus - Kit de Fils &#171; Swiss Crochet","isPartOf":{"@id":"https:\/\/www.swisscrochet.ch\/#website"},"primaryImageOfPage":{"@id":"https:\/\/www.swisscrochet.ch\/produit\/badus-shawl-yarn-kit\/#primaryimage"},"image":{"@id":"https:\/\/www.swisscrochet.ch\/produit\/badus-shawl-yarn-kit\/#primaryimage"},"thumbnailUrl":"https:\/\/www.swisscrochet.ch\/wp-content\/uploads\/2025\/05\/Uber-den-Traum-Badus-6.jpg","datePublished":"2025-08-19T16:49:48+00:00","dateModified":"2025-08-19T17:02:53+00:00","description":"Crochetez le ch\u00e2le Badus \u00e9l\u00e9gant avec ce kit de fil. Comprend le patron num\u00e9rique en anglais et en allemand, 1 pelote de Laines du Nord Poema et, en option, un crochet de 5.00 mm.","breadcrumb":{"@id":"https:\/\/www.swisscrochet.ch\/produit\/badus-shawl-yarn-kit\/#breadcrumb"},"inLanguage":"fr-FR","potentialAction":[{"@type":"ReadAction","target":["https:\/\/www.swisscrochet.ch\/produit\/badus-shawl-yarn-kit\/"]}]},{"@type":"ImageObject","inLanguage":"fr-FR","@id":"https:\/\/www.swisscrochet.ch\/produit\/badus-shawl-yarn-kit\/#primaryimage","url":"https:\/\/www.swisscrochet.ch\/wp-content\/uploads\/2025\/05\/Uber-den-Traum-Badus-6.jpg","contentUrl":"https:\/\/www.swisscrochet.ch\/wp-content\/uploads\/2025\/05\/Uber-den-Traum-Badus-6.jpg","width":1100,"height":1100},{"@type":"BreadcrumbList","@id":"https:\/\/www.swisscrochet.ch\/produit\/badus-shawl-yarn-kit\/#breadcrumb","itemListElement":[{"@type":"ListItem","position":1,"name":"Home","item":"https:\/\/www.swisscrochet.ch\/fr\/"},{"@type":"ListItem","position":2,"name":"Boutique","item":"https:\/\/www.swisscrochet.ch\/fr\/boutique\/"},{"@type":"ListItem","position":3,"name":"Le ch\u00e2le Badus &#8211; Kit de Fils"}]},{"@type":"WebSite","@id":"https:\/\/www.swisscrochet.ch\/#website","url":"https:\/\/www.swisscrochet.ch\/","name":"Swiss Crochet","description":"Lib\u00e9rez votre potentiel cr\u00e9atif","potentialAction":[{"@type":"SearchAction","target":{"@type":"EntryPoint","urlTemplate":"https:\/\/www.swisscrochet.ch\/?s={search_term_string}"},"query-input":{"@type":"PropertyValueSpecification","valueRequired":true,"valueName":"search_term_string"}}],"inLanguage":"fr-FR"}]}},"_links":{"self":[{"href":"https:\/\/www.swisscrochet.ch\/fr\/wp-json\/wp\/v2\/product\/10470","targetHints":{"allow":["GET"]}}],"collection":[{"href":"https:\/\/www.swisscrochet.ch\/fr\/wp-json\/wp\/v2\/product"}],"about":[{"href":"https:\/\/www.swisscrochet.ch\/fr\/wp-json\/wp\/v2\/types\/product"}],"wp:featuredmedia":[{"embeddable":true,"href":"https:\/\/www.swisscrochet.ch\/fr\/wp-json\/wp\/v2\/media\/7432"}],"wp:attachment":[{"href":"https:\/\/www.swisscrochet.ch\/fr\/wp-json\/wp\/v2\/media?parent=10470"}],"wp:term":[{"taxonomy":"product_brand","embeddable":true,"href":"https:\/\/www.swisscrochet.ch\/fr\/wp-json\/wp\/v2\/product_brand?post=10470"},{"taxonomy":"product_cat","embeddable":true,"href":"https:\/\/www.swisscrochet.ch\/fr\/wp-json\/wp\/v2\/product_cat?post=10470"},{"taxonomy":"product_tag","embeddable":true,"href":"https:\/\/www.swisscrochet.ch\/fr\/wp-json\/wp\/v2\/product_tag?post=10470"}],"curies":[{"name":"wp","href":"https:\/\/api.w.org\/{rel}","templated":true}]}}