{"id":10613,"date":"2025-08-21T13:47:37","date_gmt":"2025-08-21T11:47:37","guid":{"rendered":"https:\/\/www.swisscrochet.ch\/product\/fernweh-top-yarn-kit\/"},"modified":"2025-08-21T13:58:36","modified_gmt":"2025-08-21T11:58:36","slug":"fernweh-top-kit-de-fils","status":"publish","type":"product","link":"https:\/\/www.swisscrochet.ch\/fr\/produit\/fernweh-top-kit-de-fils\/","title":{"rendered":"Fernweh Top &#8211; Kit de fils"},"content":{"rendered":"","protected":false},"excerpt":{"rendered":"<p>Apportez la beaut\u00e9 du crochet mosa\u00efque dans votre garde-robe avec le Fernweh Top, un mod\u00e8le au crochet de Sandra Guti\u00e9rrez. Ce d\u00e9bardeur facile pour d\u00e9butantes se travaille \u00e0 plat de bas en haut, puis se coud, et met en valeur la technique intemporelle de la <strong>mosa\u00efque standard<\/strong>.<\/p>\n<p>Con\u00e7u pour allier confort et style, le Fernweh Top est travaill\u00e9 avec <strong>0\u20135 cm d\u2019aisance positive<\/strong> et est disponible en 9 tailles, correspondant \u00e0 un tour de poitrine de 74.5 cm \u00e0 159 cm.<\/p>\n<p>Tour de poitrine par taille : (1) 74.5 cm, (2) 83 cm, (3) 94.5 cm, (4) 105.5 cm, (5) 114.5 cm, (6) 125.5 cm, (7) 136.5 cm, (8) 147.5 cm, (9) 159 cm<\/p>\n<p>&nbsp;<\/p>\n<p>Ce kit de fil est propos\u00e9 en 7 combinaisons de couleurs soigneusement s\u00e9lectionn\u00e9es :<\/p>\n<ul>\n<li>Couleur A \u2013 telle que pr\u00e9sent\u00e9e dans le livre<\/li>\n<li>Couleur B \u2013 telle que montr\u00e9e sur les photos produit<\/li>\n<\/ul>\n<p>&nbsp;<\/p>\n<p>Selon la taille choisie, votre kit comprend :<\/p>\n<ul>\n<li>4, 6, 6, 7, 10, 12, 12, 14 ou 14 pelotes de Scheepjes Catona 50 gr<\/li>\n<li>1 pelote de Scheepjes Catona 25 gr<\/li>\n<\/ul>\n<p>Tout ce dont vous avez besoin pour cr\u00e9er un haut au crochet l\u00e9ger, respirant et \u00e9l\u00e9gant, parfait pour le quotidien.<\/p>\n<p>&nbsp;<\/p>\n<p><em>&#8211;&gt; Les crochets et autres outils ne sont pas inclus dans ce kit, mais peuvent \u00eatre achet\u00e9s s\u00e9par\u00e9ment \u2013 voir les liens ci-dessous.<\/em><\/p>\n<p><em>&#8211;&gt; Le mod\u00e8le figure dans le livre Color Crochet Knitwear de Sandra, disponible s\u00e9par\u00e9ment en anglais ou en allemand \u2013 voir les liens ci-dessous.<\/em><\/p>\n","protected":false},"featured_media":10481,"template":"","meta":[],"product_brand":[],"product_cat":[331,1671],"product_tag":[2120],"class_list":{"0":"post-10613","1":"product","2":"type-product","3":"status-publish","4":"has-post-thumbnail","6":"product_cat-kits-de-fils","7":"product_cat-kits-de-fils-vetements","8":"product_tag-catona","9":"description-off","11":"first","12":"instock","13":"taxable","14":"shipping-taxable","15":"purchasable","16":"product-type-variable","17":"wvs-archive-product-wrapper"},"bundled_by":[],"bundle_stock_status":"instock","bundle_stock_quantity":null,"bundle_virtual":false,"bundle_layout":"","bundle_add_to_cart_form_location":"","bundle_editable_in_cart":false,"bundle_sold_individually_context":"","bundle_item_grouping":"","bundle_min_size":"","bundle_max_size":"","bundle_price":[],"bundled_items":[],"bundle_sell_ids":[],"yoast_head":"<!-- This site is optimized with the Yoast SEO plugin v27.4 - https:\/\/yoast.com\/product\/yoast-seo-wordpress\/ -->\n<title>Fernweh Top - Kit de fils &#171; Swiss Crochet<\/title>\n<meta name=\"description\" content=\"Crochetez le Fernweh Top de Sandra Guti\u00e9rrez avec ce kit de fil complet. Comprend le fil Scheepjes Catona en 7 combinaisons de couleurs et 9 tailles (XS\u20135XL).\" \/>\n<meta name=\"robots\" content=\"index, follow, max-snippet:-1, max-image-preview:large, max-video-preview:-1\" \/>\n<link rel=\"canonical\" href=\"https:\/\/www.swisscrochet.ch\/produit\/fernweh-top-yarn-kit\/\" \/>\n<meta property=\"og:locale\" content=\"fr_FR\" \/>\n<meta property=\"og:type\" content=\"article\" \/>\n<meta property=\"og:title\" content=\"Fernweh Top - Kit de fils &#171; Swiss Crochet\" \/>\n<meta property=\"og:description\" content=\"Crochetez le Fernweh Top de Sandra Guti\u00e9rrez avec ce kit de fil complet. Comprend le fil Scheepjes Catona en 7 combinaisons de couleurs et 9 tailles (XS\u20135XL).\" \/>\n<meta property=\"og:url\" content=\"https:\/\/www.swisscrochet.ch\/produit\/fernweh-top-yarn-kit\/\" \/>\n<meta property=\"og:site_name\" content=\"Swiss Crochet\" \/>\n<meta property=\"article:modified_time\" content=\"2025-08-21T11:58:36+00:00\" \/>\n<meta property=\"og:image\" content=\"https:\/\/www.swisscrochet.ch\/wp-content\/uploads\/2025\/08\/Fernweh-1.jpg\" \/>\n\t<meta property=\"og:image:width\" content=\"1000\" \/>\n\t<meta property=\"og:image:height\" content=\"1000\" \/>\n\t<meta property=\"og:image:type\" content=\"image\/jpeg\" \/>\n<meta name=\"twitter:card\" content=\"summary_large_image\" \/>\n<meta name=\"twitter:label1\" content=\"Dur\u00e9e de lecture estim\u00e9e\" \/>\n\t<meta name=\"twitter:data1\" content=\"1 minute\" \/>\n<script type=\"application\/ld+json\" class=\"yoast-schema-graph\">{\"@context\":\"https:\\\/\\\/schema.org\",\"@graph\":[{\"@type\":[\"WebPage\",\"ItemPage\"],\"@id\":\"https:\\\/\\\/www.swisscrochet.ch\\\/produit\\\/fernweh-top-yarn-kit\\\/\",\"url\":\"https:\\\/\\\/www.swisscrochet.ch\\\/produit\\\/fernweh-top-yarn-kit\\\/\",\"name\":\"Fernweh Top - Kit de fils &#171; Swiss Crochet\",\"isPartOf\":{\"@id\":\"https:\\\/\\\/www.swisscrochet.ch\\\/#website\"},\"primaryImageOfPage\":{\"@id\":\"https:\\\/\\\/www.swisscrochet.ch\\\/produit\\\/fernweh-top-yarn-kit\\\/#primaryimage\"},\"image\":{\"@id\":\"https:\\\/\\\/www.swisscrochet.ch\\\/produit\\\/fernweh-top-yarn-kit\\\/#primaryimage\"},\"thumbnailUrl\":\"https:\\\/\\\/www.swisscrochet.ch\\\/wp-content\\\/uploads\\\/2025\\\/08\\\/Fernweh-1.jpg\",\"datePublished\":\"2025-08-21T11:47:37+00:00\",\"dateModified\":\"2025-08-21T11:58:36+00:00\",\"description\":\"Crochetez le Fernweh Top de Sandra Guti\u00e9rrez avec ce kit de fil complet. Comprend le fil Scheepjes Catona en 7 combinaisons de couleurs et 9 tailles (XS\u20135XL).\",\"breadcrumb\":{\"@id\":\"https:\\\/\\\/www.swisscrochet.ch\\\/produit\\\/fernweh-top-yarn-kit\\\/#breadcrumb\"},\"inLanguage\":\"fr-FR\",\"potentialAction\":[{\"@type\":\"ReadAction\",\"target\":[\"https:\\\/\\\/www.swisscrochet.ch\\\/produit\\\/fernweh-top-yarn-kit\\\/\"]}]},{\"@type\":\"ImageObject\",\"inLanguage\":\"fr-FR\",\"@id\":\"https:\\\/\\\/www.swisscrochet.ch\\\/produit\\\/fernweh-top-yarn-kit\\\/#primaryimage\",\"url\":\"https:\\\/\\\/www.swisscrochet.ch\\\/wp-content\\\/uploads\\\/2025\\\/08\\\/Fernweh-1.jpg\",\"contentUrl\":\"https:\\\/\\\/www.swisscrochet.ch\\\/wp-content\\\/uploads\\\/2025\\\/08\\\/Fernweh-1.jpg\",\"width\":1000,\"height\":1000},{\"@type\":\"BreadcrumbList\",\"@id\":\"https:\\\/\\\/www.swisscrochet.ch\\\/produit\\\/fernweh-top-yarn-kit\\\/#breadcrumb\",\"itemListElement\":[{\"@type\":\"ListItem\",\"position\":1,\"name\":\"Home\",\"item\":\"https:\\\/\\\/www.swisscrochet.ch\\\/fr\\\/\"},{\"@type\":\"ListItem\",\"position\":2,\"name\":\"Boutique\",\"item\":\"https:\\\/\\\/www.swisscrochet.ch\\\/fr\\\/boutique\\\/\"},{\"@type\":\"ListItem\",\"position\":3,\"name\":\"Fernweh Top &#8211; Kit de fils\"}]},{\"@type\":\"WebSite\",\"@id\":\"https:\\\/\\\/www.swisscrochet.ch\\\/#website\",\"url\":\"https:\\\/\\\/www.swisscrochet.ch\\\/\",\"name\":\"Swiss Crochet\",\"description\":\"Lib\u00e9rez votre potentiel cr\u00e9atif\",\"potentialAction\":[{\"@type\":\"SearchAction\",\"target\":{\"@type\":\"EntryPoint\",\"urlTemplate\":\"https:\\\/\\\/www.swisscrochet.ch\\\/?s={search_term_string}\"},\"query-input\":{\"@type\":\"PropertyValueSpecification\",\"valueRequired\":true,\"valueName\":\"search_term_string\"}}],\"inLanguage\":\"fr-FR\"}]}<\/script>\n<!-- \/ Yoast SEO plugin. -->","yoast_head_json":{"title":"Fernweh Top - Kit de fils &#171; Swiss Crochet","description":"Crochetez le Fernweh Top de Sandra Guti\u00e9rrez avec ce kit de fil complet. Comprend le fil Scheepjes Catona en 7 combinaisons de couleurs et 9 tailles (XS\u20135XL).","robots":{"index":"index","follow":"follow","max-snippet":"max-snippet:-1","max-image-preview":"max-image-preview:large","max-video-preview":"max-video-preview:-1"},"canonical":"https:\/\/www.swisscrochet.ch\/produit\/fernweh-top-yarn-kit\/","og_locale":"fr_FR","og_type":"article","og_title":"Fernweh Top - Kit de fils &#171; Swiss Crochet","og_description":"Crochetez le Fernweh Top de Sandra Guti\u00e9rrez avec ce kit de fil complet. Comprend le fil Scheepjes Catona en 7 combinaisons de couleurs et 9 tailles (XS\u20135XL).","og_url":"https:\/\/www.swisscrochet.ch\/produit\/fernweh-top-yarn-kit\/","og_site_name":"Swiss Crochet","article_modified_time":"2025-08-21T11:58:36+00:00","og_image":[{"width":1000,"height":1000,"url":"https:\/\/www.swisscrochet.ch\/wp-content\/uploads\/2025\/08\/Fernweh-1.jpg","type":"image\/jpeg"}],"twitter_card":"summary_large_image","twitter_misc":{"Dur\u00e9e de lecture estim\u00e9e":"1 minute"},"schema":{"@context":"https:\/\/schema.org","@graph":[{"@type":["WebPage","ItemPage"],"@id":"https:\/\/www.swisscrochet.ch\/produit\/fernweh-top-yarn-kit\/","url":"https:\/\/www.swisscrochet.ch\/produit\/fernweh-top-yarn-kit\/","name":"Fernweh Top - Kit de fils &#171; Swiss Crochet","isPartOf":{"@id":"https:\/\/www.swisscrochet.ch\/#website"},"primaryImageOfPage":{"@id":"https:\/\/www.swisscrochet.ch\/produit\/fernweh-top-yarn-kit\/#primaryimage"},"image":{"@id":"https:\/\/www.swisscrochet.ch\/produit\/fernweh-top-yarn-kit\/#primaryimage"},"thumbnailUrl":"https:\/\/www.swisscrochet.ch\/wp-content\/uploads\/2025\/08\/Fernweh-1.jpg","datePublished":"2025-08-21T11:47:37+00:00","dateModified":"2025-08-21T11:58:36+00:00","description":"Crochetez le Fernweh Top de Sandra Guti\u00e9rrez avec ce kit de fil complet. Comprend le fil Scheepjes Catona en 7 combinaisons de couleurs et 9 tailles (XS\u20135XL).","breadcrumb":{"@id":"https:\/\/www.swisscrochet.ch\/produit\/fernweh-top-yarn-kit\/#breadcrumb"},"inLanguage":"fr-FR","potentialAction":[{"@type":"ReadAction","target":["https:\/\/www.swisscrochet.ch\/produit\/fernweh-top-yarn-kit\/"]}]},{"@type":"ImageObject","inLanguage":"fr-FR","@id":"https:\/\/www.swisscrochet.ch\/produit\/fernweh-top-yarn-kit\/#primaryimage","url":"https:\/\/www.swisscrochet.ch\/wp-content\/uploads\/2025\/08\/Fernweh-1.jpg","contentUrl":"https:\/\/www.swisscrochet.ch\/wp-content\/uploads\/2025\/08\/Fernweh-1.jpg","width":1000,"height":1000},{"@type":"BreadcrumbList","@id":"https:\/\/www.swisscrochet.ch\/produit\/fernweh-top-yarn-kit\/#breadcrumb","itemListElement":[{"@type":"ListItem","position":1,"name":"Home","item":"https:\/\/www.swisscrochet.ch\/fr\/"},{"@type":"ListItem","position":2,"name":"Boutique","item":"https:\/\/www.swisscrochet.ch\/fr\/boutique\/"},{"@type":"ListItem","position":3,"name":"Fernweh Top &#8211; Kit de fils"}]},{"@type":"WebSite","@id":"https:\/\/www.swisscrochet.ch\/#website","url":"https:\/\/www.swisscrochet.ch\/","name":"Swiss Crochet","description":"Lib\u00e9rez votre potentiel cr\u00e9atif","potentialAction":[{"@type":"SearchAction","target":{"@type":"EntryPoint","urlTemplate":"https:\/\/www.swisscrochet.ch\/?s={search_term_string}"},"query-input":{"@type":"PropertyValueSpecification","valueRequired":true,"valueName":"search_term_string"}}],"inLanguage":"fr-FR"}]}},"_links":{"self":[{"href":"https:\/\/www.swisscrochet.ch\/fr\/wp-json\/wp\/v2\/product\/10613","targetHints":{"allow":["GET"]}}],"collection":[{"href":"https:\/\/www.swisscrochet.ch\/fr\/wp-json\/wp\/v2\/product"}],"about":[{"href":"https:\/\/www.swisscrochet.ch\/fr\/wp-json\/wp\/v2\/types\/product"}],"wp:featuredmedia":[{"embeddable":true,"href":"https:\/\/www.swisscrochet.ch\/fr\/wp-json\/wp\/v2\/media\/10481"}],"wp:attachment":[{"href":"https:\/\/www.swisscrochet.ch\/fr\/wp-json\/wp\/v2\/media?parent=10613"}],"wp:term":[{"taxonomy":"product_brand","embeddable":true,"href":"https:\/\/www.swisscrochet.ch\/fr\/wp-json\/wp\/v2\/product_brand?post=10613"},{"taxonomy":"product_cat","embeddable":true,"href":"https:\/\/www.swisscrochet.ch\/fr\/wp-json\/wp\/v2\/product_cat?post=10613"},{"taxonomy":"product_tag","embeddable":true,"href":"https:\/\/www.swisscrochet.ch\/fr\/wp-json\/wp\/v2\/product_tag?post=10613"}],"curies":[{"name":"wp","href":"https:\/\/api.w.org\/{rel}","templated":true}]}}