{"id":1062,"date":"2024-10-16T20:00:37","date_gmt":"2024-10-16T18:00:37","guid":{"rendered":"https:\/\/www.swisscrochet.ch\/product\/gift-cards\/"},"modified":"2024-12-12T21:00:50","modified_gmt":"2024-12-12T20:00:50","slug":"cartes-cadeaux","status":"publish","type":"product","link":"https:\/\/www.swisscrochet.ch\/fr\/produit\/cartes-cadeaux\/","title":{"rendered":"Cartes Cadeaux"},"content":{"rendered":"","protected":false},"excerpt":{"rendered":"<p>Une carte cadeau est disponible dans des montants individuels allant de 25 CHF \u00e0 200 CHF et peut \u00eatre utilis\u00e9e directement sur le site web.<\/p>\n<p>Une carte cadeau est essentiellement compos\u00e9e d&rsquo;un code de coupon unique.<\/p>\n<p>Lorsque vous commandez une carte cadeau, vous recevrez un document .pdf avec le code du coupon par e-mail.<\/p>\n<p>Vous pouvez utiliser cette carte cadeau pour vous-m\u00eame ou l&rsquo;offrir en cadeau \u00e0 quelqu&rsquo;un.<\/p>\n","protected":false},"featured_media":449,"template":"","meta":[],"product_brand":[],"product_cat":[219],"product_tag":[],"class_list":{"0":"post-1062","1":"product","2":"type-product","3":"status-publish","4":"has-post-thumbnail","6":"product_cat-cartes-cadeaux","7":"description-off","9":"first","10":"instock","11":"purchasable","12":"product-type-variable","13":"wvs-archive-product-wrapper"},"bundled_by":[],"bundle_stock_status":"instock","bundle_stock_quantity":null,"bundle_virtual":false,"bundle_layout":"","bundle_add_to_cart_form_location":"","bundle_editable_in_cart":false,"bundle_sold_individually_context":"","bundle_item_grouping":"","bundle_min_size":"","bundle_max_size":"","bundle_price":[],"bundled_items":[],"bundle_sell_ids":[],"yoast_head":"<!-- This site is optimized with the Yoast SEO plugin v27.5 - https:\/\/yoast.com\/product\/yoast-seo-wordpress\/ -->\n<title>Cartes Cadeaux &#171; Swiss Crochet<\/title>\n<meta name=\"robots\" content=\"index, follow, max-snippet:-1, max-image-preview:large, max-video-preview:-1\" \/>\n<link rel=\"canonical\" href=\"https:\/\/www.swisscrochet.ch\/produit\/gift-cards\/\" \/>\n<meta property=\"og:locale\" content=\"fr_FR\" \/>\n<meta property=\"og:type\" content=\"article\" \/>\n<meta property=\"og:title\" content=\"Cartes Cadeaux &#171; Swiss Crochet\" \/>\n<meta property=\"og:description\" content=\"Une carte cadeau est disponible dans des montants individuels allant de 25 CHF \u00e0 200 CHF et peut \u00eatre utilis\u00e9e directement sur le site web.  Une carte cadeau est essentiellement compos\u00e9e d&#039;un code de coupon unique.  Lorsque vous commandez une carte cadeau, vous recevrez un document .pdf avec le code du coupon par e-mail.  Vous pouvez utiliser cette carte cadeau pour vous-m\u00eame ou l&#039;offrir en cadeau \u00e0 quelqu&#039;un.\" \/>\n<meta property=\"og:url\" content=\"https:\/\/www.swisscrochet.ch\/produit\/gift-cards\/\" \/>\n<meta property=\"og:site_name\" content=\"Swiss Crochet\" \/>\n<meta property=\"article:modified_time\" content=\"2024-12-12T20:00:50+00:00\" \/>\n<meta property=\"og:image\" content=\"https:\/\/www.swisscrochet.ch\/wp-content\/uploads\/2024\/10\/Swiss-Crochet-Gift-Cards-Overview.jpg\" \/>\n\t<meta property=\"og:image:width\" content=\"1000\" \/>\n\t<meta property=\"og:image:height\" content=\"1000\" \/>\n\t<meta property=\"og:image:type\" content=\"image\/jpeg\" \/>\n<meta name=\"twitter:card\" content=\"summary_large_image\" \/>\n<meta name=\"twitter:label1\" content=\"Dur\u00e9e de lecture estim\u00e9e\" \/>\n\t<meta name=\"twitter:data1\" content=\"1 minute\" \/>\n<script type=\"application\/ld+json\" class=\"yoast-schema-graph\">{\"@context\":\"https:\\\/\\\/schema.org\",\"@graph\":[{\"@type\":[\"WebPage\",\"ItemPage\"],\"@id\":\"https:\\\/\\\/www.swisscrochet.ch\\\/produit\\\/gift-cards\\\/\",\"url\":\"https:\\\/\\\/www.swisscrochet.ch\\\/produit\\\/gift-cards\\\/\",\"name\":\"Cartes Cadeaux &#171; Swiss Crochet\",\"isPartOf\":{\"@id\":\"https:\\\/\\\/www.swisscrochet.ch\\\/#website\"},\"primaryImageOfPage\":{\"@id\":\"https:\\\/\\\/www.swisscrochet.ch\\\/produit\\\/gift-cards\\\/#primaryimage\"},\"image\":{\"@id\":\"https:\\\/\\\/www.swisscrochet.ch\\\/produit\\\/gift-cards\\\/#primaryimage\"},\"thumbnailUrl\":\"https:\\\/\\\/www.swisscrochet.ch\\\/wp-content\\\/uploads\\\/2024\\\/10\\\/Swiss-Crochet-Gift-Cards-Overview.jpg\",\"datePublished\":\"2024-10-16T18:00:37+00:00\",\"dateModified\":\"2024-12-12T20:00:50+00:00\",\"breadcrumb\":{\"@id\":\"https:\\\/\\\/www.swisscrochet.ch\\\/produit\\\/gift-cards\\\/#breadcrumb\"},\"inLanguage\":\"fr-FR\",\"potentialAction\":[{\"@type\":\"ReadAction\",\"target\":[\"https:\\\/\\\/www.swisscrochet.ch\\\/produit\\\/gift-cards\\\/\"]}]},{\"@type\":\"ImageObject\",\"inLanguage\":\"fr-FR\",\"@id\":\"https:\\\/\\\/www.swisscrochet.ch\\\/produit\\\/gift-cards\\\/#primaryimage\",\"url\":\"https:\\\/\\\/www.swisscrochet.ch\\\/wp-content\\\/uploads\\\/2024\\\/10\\\/Swiss-Crochet-Gift-Cards-Overview.jpg\",\"contentUrl\":\"https:\\\/\\\/www.swisscrochet.ch\\\/wp-content\\\/uploads\\\/2024\\\/10\\\/Swiss-Crochet-Gift-Cards-Overview.jpg\",\"width\":1000,\"height\":1000,\"caption\":\"Swiss Crochet Gift Cards Product Image\"},{\"@type\":\"BreadcrumbList\",\"@id\":\"https:\\\/\\\/www.swisscrochet.ch\\\/produit\\\/gift-cards\\\/#breadcrumb\",\"itemListElement\":[{\"@type\":\"ListItem\",\"position\":1,\"name\":\"Home\",\"item\":\"https:\\\/\\\/www.swisscrochet.ch\\\/fr\\\/\"},{\"@type\":\"ListItem\",\"position\":2,\"name\":\"Boutique\",\"item\":\"https:\\\/\\\/www.swisscrochet.ch\\\/fr\\\/boutique\\\/\"},{\"@type\":\"ListItem\",\"position\":3,\"name\":\"Cartes Cadeaux\"}]},{\"@type\":\"WebSite\",\"@id\":\"https:\\\/\\\/www.swisscrochet.ch\\\/#website\",\"url\":\"https:\\\/\\\/www.swisscrochet.ch\\\/\",\"name\":\"Swiss Crochet\",\"description\":\"Lib\u00e9rez votre potentiel cr\u00e9atif\",\"potentialAction\":[{\"@type\":\"SearchAction\",\"target\":{\"@type\":\"EntryPoint\",\"urlTemplate\":\"https:\\\/\\\/www.swisscrochet.ch\\\/?s={search_term_string}\"},\"query-input\":{\"@type\":\"PropertyValueSpecification\",\"valueRequired\":true,\"valueName\":\"search_term_string\"}}],\"inLanguage\":\"fr-FR\"}]}<\/script>\n<!-- \/ Yoast SEO plugin. -->","yoast_head_json":{"title":"Cartes Cadeaux &#171; Swiss Crochet","robots":{"index":"index","follow":"follow","max-snippet":"max-snippet:-1","max-image-preview":"max-image-preview:large","max-video-preview":"max-video-preview:-1"},"canonical":"https:\/\/www.swisscrochet.ch\/produit\/gift-cards\/","og_locale":"fr_FR","og_type":"article","og_title":"Cartes Cadeaux &#171; Swiss Crochet","og_description":"Une carte cadeau est disponible dans des montants individuels allant de 25 CHF \u00e0 200 CHF et peut \u00eatre utilis\u00e9e directement sur le site web.  Une carte cadeau est essentiellement compos\u00e9e d'un code de coupon unique.  Lorsque vous commandez une carte cadeau, vous recevrez un document .pdf avec le code du coupon par e-mail.  Vous pouvez utiliser cette carte cadeau pour vous-m\u00eame ou l'offrir en cadeau \u00e0 quelqu'un.","og_url":"https:\/\/www.swisscrochet.ch\/produit\/gift-cards\/","og_site_name":"Swiss Crochet","article_modified_time":"2024-12-12T20:00:50+00:00","og_image":[{"width":1000,"height":1000,"url":"https:\/\/www.swisscrochet.ch\/wp-content\/uploads\/2024\/10\/Swiss-Crochet-Gift-Cards-Overview.jpg","type":"image\/jpeg"}],"twitter_card":"summary_large_image","twitter_misc":{"Dur\u00e9e de lecture estim\u00e9e":"1 minute"},"schema":{"@context":"https:\/\/schema.org","@graph":[{"@type":["WebPage","ItemPage"],"@id":"https:\/\/www.swisscrochet.ch\/produit\/gift-cards\/","url":"https:\/\/www.swisscrochet.ch\/produit\/gift-cards\/","name":"Cartes Cadeaux &#171; Swiss Crochet","isPartOf":{"@id":"https:\/\/www.swisscrochet.ch\/#website"},"primaryImageOfPage":{"@id":"https:\/\/www.swisscrochet.ch\/produit\/gift-cards\/#primaryimage"},"image":{"@id":"https:\/\/www.swisscrochet.ch\/produit\/gift-cards\/#primaryimage"},"thumbnailUrl":"https:\/\/www.swisscrochet.ch\/wp-content\/uploads\/2024\/10\/Swiss-Crochet-Gift-Cards-Overview.jpg","datePublished":"2024-10-16T18:00:37+00:00","dateModified":"2024-12-12T20:00:50+00:00","breadcrumb":{"@id":"https:\/\/www.swisscrochet.ch\/produit\/gift-cards\/#breadcrumb"},"inLanguage":"fr-FR","potentialAction":[{"@type":"ReadAction","target":["https:\/\/www.swisscrochet.ch\/produit\/gift-cards\/"]}]},{"@type":"ImageObject","inLanguage":"fr-FR","@id":"https:\/\/www.swisscrochet.ch\/produit\/gift-cards\/#primaryimage","url":"https:\/\/www.swisscrochet.ch\/wp-content\/uploads\/2024\/10\/Swiss-Crochet-Gift-Cards-Overview.jpg","contentUrl":"https:\/\/www.swisscrochet.ch\/wp-content\/uploads\/2024\/10\/Swiss-Crochet-Gift-Cards-Overview.jpg","width":1000,"height":1000,"caption":"Swiss Crochet Gift Cards Product Image"},{"@type":"BreadcrumbList","@id":"https:\/\/www.swisscrochet.ch\/produit\/gift-cards\/#breadcrumb","itemListElement":[{"@type":"ListItem","position":1,"name":"Home","item":"https:\/\/www.swisscrochet.ch\/fr\/"},{"@type":"ListItem","position":2,"name":"Boutique","item":"https:\/\/www.swisscrochet.ch\/fr\/boutique\/"},{"@type":"ListItem","position":3,"name":"Cartes Cadeaux"}]},{"@type":"WebSite","@id":"https:\/\/www.swisscrochet.ch\/#website","url":"https:\/\/www.swisscrochet.ch\/","name":"Swiss Crochet","description":"Lib\u00e9rez votre potentiel cr\u00e9atif","potentialAction":[{"@type":"SearchAction","target":{"@type":"EntryPoint","urlTemplate":"https:\/\/www.swisscrochet.ch\/?s={search_term_string}"},"query-input":{"@type":"PropertyValueSpecification","valueRequired":true,"valueName":"search_term_string"}}],"inLanguage":"fr-FR"}]}},"_links":{"self":[{"href":"https:\/\/www.swisscrochet.ch\/fr\/wp-json\/wp\/v2\/product\/1062","targetHints":{"allow":["GET"]}}],"collection":[{"href":"https:\/\/www.swisscrochet.ch\/fr\/wp-json\/wp\/v2\/product"}],"about":[{"href":"https:\/\/www.swisscrochet.ch\/fr\/wp-json\/wp\/v2\/types\/product"}],"wp:featuredmedia":[{"embeddable":true,"href":"https:\/\/www.swisscrochet.ch\/fr\/wp-json\/wp\/v2\/media\/449"}],"wp:attachment":[{"href":"https:\/\/www.swisscrochet.ch\/fr\/wp-json\/wp\/v2\/media?parent=1062"}],"wp:term":[{"taxonomy":"product_brand","embeddable":true,"href":"https:\/\/www.swisscrochet.ch\/fr\/wp-json\/wp\/v2\/product_brand?post=1062"},{"taxonomy":"product_cat","embeddable":true,"href":"https:\/\/www.swisscrochet.ch\/fr\/wp-json\/wp\/v2\/product_cat?post=1062"},{"taxonomy":"product_tag","embeddable":true,"href":"https:\/\/www.swisscrochet.ch\/fr\/wp-json\/wp\/v2\/product_tag?post=1062"}],"curies":[{"name":"wp","href":"https:\/\/api.w.org\/{rel}","templated":true}]}}