{"id":10986,"date":"2025-08-28T14:30:19","date_gmt":"2025-08-28T12:30:19","guid":{"rendered":"https:\/\/www.swisscrochet.ch\/product\/scheepjes-catona-minis-colour-pack\/"},"modified":"2025-08-28T14:38:19","modified_gmt":"2025-08-28T12:38:19","slug":"scheepjes-catona-minis-colour-pack","status":"publish","type":"product","link":"https:\/\/www.swisscrochet.ch\/fr\/produit\/scheepjes-catona-minis-colour-pack\/","title":{"rendered":"Scheepjes &#8211; Catona Minis Colour Pack"},"content":{"rendered":"","protected":false},"excerpt":{"rendered":"<p>Les Scheepjes Catona Minis Colour Packs sont la fa\u00e7on id\u00e9ale d\u2019explorer la couleur et la cr\u00e9ativit\u00e9 dans vos projets au crochet. Chaque pack compact contient <strong>10 pelotes mini de Catona (25 gr chacune)<\/strong> dans une superbe s\u00e9lection de teintes, soigneusement \u00e9labor\u00e9e autour d\u2019un th\u00e8me de couleur sp\u00e9cifique.<\/p>\n<p>Ces packs sont parfaits pour les petits projets, les cr\u00e9ations de saison ou tout design o\u00f9 vous souhaitez exp\u00e9rimenter avec plusieurs couleurs sans devoir acheter des pelotes enti\u00e8res. Leurs combinaisons \u00e9quilibr\u00e9es vous permettent de vous lancer imm\u00e9diatement dans votre prochain projet \u2013 que ce soit pour crocheter des accessoires, r\u00e9aliser des amigurumis ou ajouter des d\u00e9tails color\u00e9s \u00e0 votre d\u00e9coration int\u00e9rieure.<\/p>\n<p>Apportez une touche d\u2019inspiration \u00e0 votre stock de fils avec les Scheepjes Catona Minis Colour Packs \u2013 de magnifiques couleurs, parfaitement assorties, toujours pr\u00eates pour votre cr\u00e9ativit\u00e9.<\/p>\n<p><em>Remarque: Ce kit de fils comprend uniquement le fil, aucun mod\u00e8le ni crochet\/outils ne sont inclus.<\/em><\/p>\n","protected":false},"featured_media":10906,"template":"","meta":[],"product_brand":[],"product_cat":[331,1677],"product_tag":[],"class_list":{"0":"post-10986","1":"product","2":"type-product","3":"status-publish","4":"has-post-thumbnail","6":"product_cat-kits-de-fils","7":"product_cat-kits-de-fils-packs-de-fil","8":"pa_t1-manufacturer-scheepjes-fr","9":"description-off","11":"first","12":"instock","13":"taxable","14":"shipping-taxable","15":"purchasable","16":"product-type-variable","17":"wvs-archive-product-wrapper"},"bundled_by":[],"bundle_stock_status":"instock","bundle_stock_quantity":null,"bundle_virtual":false,"bundle_layout":"","bundle_add_to_cart_form_location":"","bundle_editable_in_cart":false,"bundle_sold_individually_context":"","bundle_item_grouping":"","bundle_min_size":"","bundle_max_size":"","bundle_price":[],"bundled_items":[],"bundle_sell_ids":[],"yoast_head":"<!-- This site is optimized with the Yoast SEO plugin v27.4 - https:\/\/yoast.com\/product\/yoast-seo-wordpress\/ -->\n<title>Scheepjes - Catona Minis Colour Pack &#171; Swiss Crochet<\/title>\n<meta name=\"description\" content=\"D\u00e9couvrez les Scheepjes Catona Minis Colour Packs \u2013 10 pelotes mini de 25 gr dans de superbes th\u00e8mes de couleurs soigneusement assortis. Id\u00e9al pour vos projets de crochet, les amigurumis et pour apporter une touche de couleur \u00e0 vos cr\u00e9ations.\" \/>\n<meta name=\"robots\" content=\"index, follow, max-snippet:-1, max-image-preview:large, max-video-preview:-1\" \/>\n<link rel=\"canonical\" href=\"https:\/\/www.swisscrochet.ch\/produit\/scheepjes-catona-minis-colour-pack\/\" \/>\n<meta property=\"og:locale\" content=\"fr_FR\" \/>\n<meta property=\"og:type\" content=\"article\" \/>\n<meta property=\"og:title\" content=\"Scheepjes - Catona Minis Colour Pack &#171; Swiss Crochet\" \/>\n<meta property=\"og:description\" content=\"D\u00e9couvrez les Scheepjes Catona Minis Colour Packs \u2013 10 pelotes mini de 25 gr dans de superbes th\u00e8mes de couleurs soigneusement assortis. Id\u00e9al pour vos projets de crochet, les amigurumis et pour apporter une touche de couleur \u00e0 vos cr\u00e9ations.\" \/>\n<meta property=\"og:url\" content=\"https:\/\/www.swisscrochet.ch\/produit\/scheepjes-catona-minis-colour-pack\/\" \/>\n<meta property=\"og:site_name\" content=\"Swiss Crochet\" \/>\n<meta property=\"article:modified_time\" content=\"2025-08-28T12:38:19+00:00\" \/>\n<meta property=\"og:image\" content=\"https:\/\/www.swisscrochet.ch\/wp-content\/uploads\/2025\/08\/Scheepjes-Catona-Minis-Colour-Pack-Overview.jpg\" \/>\n\t<meta property=\"og:image:width\" content=\"1000\" \/>\n\t<meta property=\"og:image:height\" content=\"1000\" \/>\n\t<meta property=\"og:image:type\" content=\"image\/jpeg\" \/>\n<meta name=\"twitter:card\" content=\"summary_large_image\" \/>\n<meta name=\"twitter:label1\" content=\"Dur\u00e9e de lecture estim\u00e9e\" \/>\n\t<meta name=\"twitter:data1\" content=\"1 minute\" \/>\n<script type=\"application\/ld+json\" class=\"yoast-schema-graph\">{\"@context\":\"https:\\\/\\\/schema.org\",\"@graph\":[{\"@type\":[\"WebPage\",\"ItemPage\"],\"@id\":\"https:\\\/\\\/www.swisscrochet.ch\\\/produit\\\/scheepjes-catona-minis-colour-pack\\\/\",\"url\":\"https:\\\/\\\/www.swisscrochet.ch\\\/produit\\\/scheepjes-catona-minis-colour-pack\\\/\",\"name\":\"Scheepjes - Catona Minis Colour Pack &#171; Swiss Crochet\",\"isPartOf\":{\"@id\":\"https:\\\/\\\/www.swisscrochet.ch\\\/#website\"},\"primaryImageOfPage\":{\"@id\":\"https:\\\/\\\/www.swisscrochet.ch\\\/produit\\\/scheepjes-catona-minis-colour-pack\\\/#primaryimage\"},\"image\":{\"@id\":\"https:\\\/\\\/www.swisscrochet.ch\\\/produit\\\/scheepjes-catona-minis-colour-pack\\\/#primaryimage\"},\"thumbnailUrl\":\"https:\\\/\\\/www.swisscrochet.ch\\\/wp-content\\\/uploads\\\/2025\\\/08\\\/Scheepjes-Catona-Minis-Colour-Pack-Overview.jpg\",\"datePublished\":\"2025-08-28T12:30:19+00:00\",\"dateModified\":\"2025-08-28T12:38:19+00:00\",\"description\":\"D\u00e9couvrez les Scheepjes Catona Minis Colour Packs \u2013 10 pelotes mini de 25 gr dans de superbes th\u00e8mes de couleurs soigneusement assortis. Id\u00e9al pour vos projets de crochet, les amigurumis et pour apporter une touche de couleur \u00e0 vos cr\u00e9ations.\",\"breadcrumb\":{\"@id\":\"https:\\\/\\\/www.swisscrochet.ch\\\/produit\\\/scheepjes-catona-minis-colour-pack\\\/#breadcrumb\"},\"inLanguage\":\"fr-FR\",\"potentialAction\":[{\"@type\":\"ReadAction\",\"target\":[\"https:\\\/\\\/www.swisscrochet.ch\\\/produit\\\/scheepjes-catona-minis-colour-pack\\\/\"]}]},{\"@type\":\"ImageObject\",\"inLanguage\":\"fr-FR\",\"@id\":\"https:\\\/\\\/www.swisscrochet.ch\\\/produit\\\/scheepjes-catona-minis-colour-pack\\\/#primaryimage\",\"url\":\"https:\\\/\\\/www.swisscrochet.ch\\\/wp-content\\\/uploads\\\/2025\\\/08\\\/Scheepjes-Catona-Minis-Colour-Pack-Overview.jpg\",\"contentUrl\":\"https:\\\/\\\/www.swisscrochet.ch\\\/wp-content\\\/uploads\\\/2025\\\/08\\\/Scheepjes-Catona-Minis-Colour-Pack-Overview.jpg\",\"width\":1000,\"height\":1000},{\"@type\":\"BreadcrumbList\",\"@id\":\"https:\\\/\\\/www.swisscrochet.ch\\\/produit\\\/scheepjes-catona-minis-colour-pack\\\/#breadcrumb\",\"itemListElement\":[{\"@type\":\"ListItem\",\"position\":1,\"name\":\"Home\",\"item\":\"https:\\\/\\\/www.swisscrochet.ch\\\/fr\\\/\"},{\"@type\":\"ListItem\",\"position\":2,\"name\":\"Boutique\",\"item\":\"https:\\\/\\\/www.swisscrochet.ch\\\/fr\\\/boutique\\\/\"},{\"@type\":\"ListItem\",\"position\":3,\"name\":\"Scheepjes &#8211; Catona Minis Colour Pack\"}]},{\"@type\":\"WebSite\",\"@id\":\"https:\\\/\\\/www.swisscrochet.ch\\\/#website\",\"url\":\"https:\\\/\\\/www.swisscrochet.ch\\\/\",\"name\":\"Swiss Crochet\",\"description\":\"Lib\u00e9rez votre potentiel cr\u00e9atif\",\"potentialAction\":[{\"@type\":\"SearchAction\",\"target\":{\"@type\":\"EntryPoint\",\"urlTemplate\":\"https:\\\/\\\/www.swisscrochet.ch\\\/?s={search_term_string}\"},\"query-input\":{\"@type\":\"PropertyValueSpecification\",\"valueRequired\":true,\"valueName\":\"search_term_string\"}}],\"inLanguage\":\"fr-FR\"}]}<\/script>\n<!-- \/ Yoast SEO plugin. -->","yoast_head_json":{"title":"Scheepjes - Catona Minis Colour Pack &#171; Swiss Crochet","description":"D\u00e9couvrez les Scheepjes Catona Minis Colour Packs \u2013 10 pelotes mini de 25 gr dans de superbes th\u00e8mes de couleurs soigneusement assortis. Id\u00e9al pour vos projets de crochet, les amigurumis et pour apporter une touche de couleur \u00e0 vos cr\u00e9ations.","robots":{"index":"index","follow":"follow","max-snippet":"max-snippet:-1","max-image-preview":"max-image-preview:large","max-video-preview":"max-video-preview:-1"},"canonical":"https:\/\/www.swisscrochet.ch\/produit\/scheepjes-catona-minis-colour-pack\/","og_locale":"fr_FR","og_type":"article","og_title":"Scheepjes - Catona Minis Colour Pack &#171; Swiss Crochet","og_description":"D\u00e9couvrez les Scheepjes Catona Minis Colour Packs \u2013 10 pelotes mini de 25 gr dans de superbes th\u00e8mes de couleurs soigneusement assortis. Id\u00e9al pour vos projets de crochet, les amigurumis et pour apporter une touche de couleur \u00e0 vos cr\u00e9ations.","og_url":"https:\/\/www.swisscrochet.ch\/produit\/scheepjes-catona-minis-colour-pack\/","og_site_name":"Swiss Crochet","article_modified_time":"2025-08-28T12:38:19+00:00","og_image":[{"width":1000,"height":1000,"url":"https:\/\/www.swisscrochet.ch\/wp-content\/uploads\/2025\/08\/Scheepjes-Catona-Minis-Colour-Pack-Overview.jpg","type":"image\/jpeg"}],"twitter_card":"summary_large_image","twitter_misc":{"Dur\u00e9e de lecture estim\u00e9e":"1 minute"},"schema":{"@context":"https:\/\/schema.org","@graph":[{"@type":["WebPage","ItemPage"],"@id":"https:\/\/www.swisscrochet.ch\/produit\/scheepjes-catona-minis-colour-pack\/","url":"https:\/\/www.swisscrochet.ch\/produit\/scheepjes-catona-minis-colour-pack\/","name":"Scheepjes - Catona Minis Colour Pack &#171; Swiss Crochet","isPartOf":{"@id":"https:\/\/www.swisscrochet.ch\/#website"},"primaryImageOfPage":{"@id":"https:\/\/www.swisscrochet.ch\/produit\/scheepjes-catona-minis-colour-pack\/#primaryimage"},"image":{"@id":"https:\/\/www.swisscrochet.ch\/produit\/scheepjes-catona-minis-colour-pack\/#primaryimage"},"thumbnailUrl":"https:\/\/www.swisscrochet.ch\/wp-content\/uploads\/2025\/08\/Scheepjes-Catona-Minis-Colour-Pack-Overview.jpg","datePublished":"2025-08-28T12:30:19+00:00","dateModified":"2025-08-28T12:38:19+00:00","description":"D\u00e9couvrez les Scheepjes Catona Minis Colour Packs \u2013 10 pelotes mini de 25 gr dans de superbes th\u00e8mes de couleurs soigneusement assortis. Id\u00e9al pour vos projets de crochet, les amigurumis et pour apporter une touche de couleur \u00e0 vos cr\u00e9ations.","breadcrumb":{"@id":"https:\/\/www.swisscrochet.ch\/produit\/scheepjes-catona-minis-colour-pack\/#breadcrumb"},"inLanguage":"fr-FR","potentialAction":[{"@type":"ReadAction","target":["https:\/\/www.swisscrochet.ch\/produit\/scheepjes-catona-minis-colour-pack\/"]}]},{"@type":"ImageObject","inLanguage":"fr-FR","@id":"https:\/\/www.swisscrochet.ch\/produit\/scheepjes-catona-minis-colour-pack\/#primaryimage","url":"https:\/\/www.swisscrochet.ch\/wp-content\/uploads\/2025\/08\/Scheepjes-Catona-Minis-Colour-Pack-Overview.jpg","contentUrl":"https:\/\/www.swisscrochet.ch\/wp-content\/uploads\/2025\/08\/Scheepjes-Catona-Minis-Colour-Pack-Overview.jpg","width":1000,"height":1000},{"@type":"BreadcrumbList","@id":"https:\/\/www.swisscrochet.ch\/produit\/scheepjes-catona-minis-colour-pack\/#breadcrumb","itemListElement":[{"@type":"ListItem","position":1,"name":"Home","item":"https:\/\/www.swisscrochet.ch\/fr\/"},{"@type":"ListItem","position":2,"name":"Boutique","item":"https:\/\/www.swisscrochet.ch\/fr\/boutique\/"},{"@type":"ListItem","position":3,"name":"Scheepjes &#8211; Catona Minis Colour Pack"}]},{"@type":"WebSite","@id":"https:\/\/www.swisscrochet.ch\/#website","url":"https:\/\/www.swisscrochet.ch\/","name":"Swiss Crochet","description":"Lib\u00e9rez votre potentiel cr\u00e9atif","potentialAction":[{"@type":"SearchAction","target":{"@type":"EntryPoint","urlTemplate":"https:\/\/www.swisscrochet.ch\/?s={search_term_string}"},"query-input":{"@type":"PropertyValueSpecification","valueRequired":true,"valueName":"search_term_string"}}],"inLanguage":"fr-FR"}]}},"_links":{"self":[{"href":"https:\/\/www.swisscrochet.ch\/fr\/wp-json\/wp\/v2\/product\/10986","targetHints":{"allow":["GET"]}}],"collection":[{"href":"https:\/\/www.swisscrochet.ch\/fr\/wp-json\/wp\/v2\/product"}],"about":[{"href":"https:\/\/www.swisscrochet.ch\/fr\/wp-json\/wp\/v2\/types\/product"}],"wp:featuredmedia":[{"embeddable":true,"href":"https:\/\/www.swisscrochet.ch\/fr\/wp-json\/wp\/v2\/media\/10906"}],"wp:attachment":[{"href":"https:\/\/www.swisscrochet.ch\/fr\/wp-json\/wp\/v2\/media?parent=10986"}],"wp:term":[{"taxonomy":"product_brand","embeddable":true,"href":"https:\/\/www.swisscrochet.ch\/fr\/wp-json\/wp\/v2\/product_brand?post=10986"},{"taxonomy":"product_cat","embeddable":true,"href":"https:\/\/www.swisscrochet.ch\/fr\/wp-json\/wp\/v2\/product_cat?post=10986"},{"taxonomy":"product_tag","embeddable":true,"href":"https:\/\/www.swisscrochet.ch\/fr\/wp-json\/wp\/v2\/product_tag?post=10986"}],"curies":[{"name":"wp","href":"https:\/\/api.w.org\/{rel}","templated":true}]}}