{"id":11038,"date":"2025-08-28T14:52:15","date_gmt":"2025-08-28T12:52:15","guid":{"rendered":"https:\/\/www.swisscrochet.ch\/product\/knitpro-yarn-dispenser-natural\/"},"modified":"2025-08-28T15:11:39","modified_gmt":"2025-08-28T13:11:39","slug":"knitpro-distributeur-de-fil-natural","status":"publish","type":"product","link":"https:\/\/www.swisscrochet.ch\/fr\/produit\/knitpro-distributeur-de-fil-natural\/","title":{"rendered":"KnitPro \u2013 Distributeur de fil Natural"},"content":{"rendered":"","protected":false},"excerpt":{"rendered":"<p>Gardez votre fil sans n\u0153uds et d\u00e9roulant en douceur avec le distributeur de fil KnitPro en bois naturel. Con\u00e7u pour allier beaut\u00e9 et fonctionnalit\u00e9, ce distributeur maintient votre fil en place tout en permettant un d\u00e9roulement r\u00e9gulier lors du crochet.<\/p>\n<p>La base en bois robuste assure la stabilit\u00e9, tandis que le dessus rotatif permet \u00e0 votre fil de glisser sans effort, \u00e9vitant n\u0153uds, emm\u00ealements et roulage inutile. Sa finition en bois naturel apporte une touche chaleureuse et \u00e9l\u00e9gante \u00e0 votre espace de travail.<\/p>\n<p>Parfait pour garder votre fil organis\u00e9, propre et facile \u00e0 utiliser \u2013 un accessoire indispensable pour tout amateur de crochet et de fil.<\/p>\n","protected":false},"featured_media":10866,"template":"","meta":[],"product_brand":[],"product_cat":[221,572],"product_tag":[],"class_list":{"0":"post-11038","1":"product","2":"type-product","3":"status-publish","4":"has-post-thumbnail","6":"product_cat-crochets-et-outils","7":"product_cat-enrouleurs-de-pelote","8":"pa_t1-manufacturer-knitpro-fr","9":"description-off","11":"first","12":"instock","13":"taxable","14":"shipping-taxable","15":"purchasable","16":"product-type-simple"},"bundled_by":[],"bundle_stock_status":"instock","bundle_stock_quantity":2,"bundle_virtual":false,"bundle_layout":"","bundle_add_to_cart_form_location":"","bundle_editable_in_cart":false,"bundle_sold_individually_context":"","bundle_item_grouping":"","bundle_min_size":"","bundle_max_size":"","bundle_price":[],"bundled_items":[],"bundle_sell_ids":[],"yoast_head":"<!-- This site is optimized with the Yoast SEO plugin v27.5 - https:\/\/yoast.com\/product\/yoast-seo-wordpress\/ -->\n<title>KnitPro \u2013 Distributeur de fil Natural &#171; Swiss Crochet<\/title>\n<meta name=\"description\" content=\"Gardez votre fil sans n\u0153uds gr\u00e2ce au distributeur de fil KnitPro Natural. Une base en bois solide et une rotation fluide assurent un \u00e9coulement du fil sans effort et une organisation \u00e9l\u00e9gante.\" \/>\n<meta name=\"robots\" content=\"index, follow, max-snippet:-1, max-image-preview:large, max-video-preview:-1\" \/>\n<link rel=\"canonical\" href=\"https:\/\/www.swisscrochet.ch\/produit\/knitpro-yarn-dispenser-natural\/\" \/>\n<meta property=\"og:locale\" content=\"fr_FR\" \/>\n<meta property=\"og:type\" content=\"article\" \/>\n<meta property=\"og:title\" content=\"KnitPro \u2013 Distributeur de fil Natural &#171; Swiss Crochet\" \/>\n<meta property=\"og:description\" content=\"Gardez votre fil sans n\u0153uds gr\u00e2ce au distributeur de fil KnitPro Natural. Une base en bois solide et une rotation fluide assurent un \u00e9coulement du fil sans effort et une organisation \u00e9l\u00e9gante.\" \/>\n<meta property=\"og:url\" content=\"https:\/\/www.swisscrochet.ch\/produit\/knitpro-yarn-dispenser-natural\/\" \/>\n<meta property=\"og:site_name\" content=\"Swiss Crochet\" \/>\n<meta property=\"article:modified_time\" content=\"2025-08-28T13:11:39+00:00\" \/>\n<meta property=\"og:image\" content=\"https:\/\/www.swisscrochet.ch\/wp-content\/uploads\/2025\/08\/KnitPro-Yarn-Dispenser-Natural-Overview.jpg\" \/>\n\t<meta property=\"og:image:width\" content=\"1000\" \/>\n\t<meta property=\"og:image:height\" content=\"1000\" \/>\n\t<meta property=\"og:image:type\" content=\"image\/jpeg\" \/>\n<meta name=\"twitter:card\" content=\"summary_large_image\" \/>\n<meta name=\"twitter:label1\" content=\"Dur\u00e9e de lecture estim\u00e9e\" \/>\n\t<meta name=\"twitter:data1\" content=\"1 minute\" \/>\n<script type=\"application\/ld+json\" class=\"yoast-schema-graph\">{\"@context\":\"https:\\\/\\\/schema.org\",\"@graph\":[{\"@type\":[\"WebPage\",\"ItemPage\"],\"@id\":\"https:\\\/\\\/www.swisscrochet.ch\\\/produit\\\/knitpro-yarn-dispenser-natural\\\/\",\"url\":\"https:\\\/\\\/www.swisscrochet.ch\\\/produit\\\/knitpro-yarn-dispenser-natural\\\/\",\"name\":\"KnitPro \u2013 Distributeur de fil Natural &#171; Swiss Crochet\",\"isPartOf\":{\"@id\":\"https:\\\/\\\/www.swisscrochet.ch\\\/#website\"},\"primaryImageOfPage\":{\"@id\":\"https:\\\/\\\/www.swisscrochet.ch\\\/produit\\\/knitpro-yarn-dispenser-natural\\\/#primaryimage\"},\"image\":{\"@id\":\"https:\\\/\\\/www.swisscrochet.ch\\\/produit\\\/knitpro-yarn-dispenser-natural\\\/#primaryimage\"},\"thumbnailUrl\":\"https:\\\/\\\/www.swisscrochet.ch\\\/wp-content\\\/uploads\\\/2025\\\/08\\\/KnitPro-Yarn-Dispenser-Natural-Overview.jpg\",\"datePublished\":\"2025-08-28T12:52:15+00:00\",\"dateModified\":\"2025-08-28T13:11:39+00:00\",\"description\":\"Gardez votre fil sans n\u0153uds gr\u00e2ce au distributeur de fil KnitPro Natural. Une base en bois solide et une rotation fluide assurent un \u00e9coulement du fil sans effort et une organisation \u00e9l\u00e9gante.\",\"breadcrumb\":{\"@id\":\"https:\\\/\\\/www.swisscrochet.ch\\\/produit\\\/knitpro-yarn-dispenser-natural\\\/#breadcrumb\"},\"inLanguage\":\"fr-FR\",\"potentialAction\":[{\"@type\":\"ReadAction\",\"target\":[\"https:\\\/\\\/www.swisscrochet.ch\\\/produit\\\/knitpro-yarn-dispenser-natural\\\/\"]}]},{\"@type\":\"ImageObject\",\"inLanguage\":\"fr-FR\",\"@id\":\"https:\\\/\\\/www.swisscrochet.ch\\\/produit\\\/knitpro-yarn-dispenser-natural\\\/#primaryimage\",\"url\":\"https:\\\/\\\/www.swisscrochet.ch\\\/wp-content\\\/uploads\\\/2025\\\/08\\\/KnitPro-Yarn-Dispenser-Natural-Overview.jpg\",\"contentUrl\":\"https:\\\/\\\/www.swisscrochet.ch\\\/wp-content\\\/uploads\\\/2025\\\/08\\\/KnitPro-Yarn-Dispenser-Natural-Overview.jpg\",\"width\":1000,\"height\":1000},{\"@type\":\"BreadcrumbList\",\"@id\":\"https:\\\/\\\/www.swisscrochet.ch\\\/produit\\\/knitpro-yarn-dispenser-natural\\\/#breadcrumb\",\"itemListElement\":[{\"@type\":\"ListItem\",\"position\":1,\"name\":\"Home\",\"item\":\"https:\\\/\\\/www.swisscrochet.ch\\\/fr\\\/\"},{\"@type\":\"ListItem\",\"position\":2,\"name\":\"Boutique\",\"item\":\"https:\\\/\\\/www.swisscrochet.ch\\\/fr\\\/boutique\\\/\"},{\"@type\":\"ListItem\",\"position\":3,\"name\":\"KnitPro \u2013 Distributeur de fil Natural\"}]},{\"@type\":\"WebSite\",\"@id\":\"https:\\\/\\\/www.swisscrochet.ch\\\/#website\",\"url\":\"https:\\\/\\\/www.swisscrochet.ch\\\/\",\"name\":\"Swiss Crochet\",\"description\":\"Lib\u00e9rez votre potentiel cr\u00e9atif\",\"potentialAction\":[{\"@type\":\"SearchAction\",\"target\":{\"@type\":\"EntryPoint\",\"urlTemplate\":\"https:\\\/\\\/www.swisscrochet.ch\\\/?s={search_term_string}\"},\"query-input\":{\"@type\":\"PropertyValueSpecification\",\"valueRequired\":true,\"valueName\":\"search_term_string\"}}],\"inLanguage\":\"fr-FR\"}]}<\/script>\n<!-- \/ Yoast SEO plugin. -->","yoast_head_json":{"title":"KnitPro \u2013 Distributeur de fil Natural &#171; Swiss Crochet","description":"Gardez votre fil sans n\u0153uds gr\u00e2ce au distributeur de fil KnitPro Natural. Une base en bois solide et une rotation fluide assurent un \u00e9coulement du fil sans effort et une organisation \u00e9l\u00e9gante.","robots":{"index":"index","follow":"follow","max-snippet":"max-snippet:-1","max-image-preview":"max-image-preview:large","max-video-preview":"max-video-preview:-1"},"canonical":"https:\/\/www.swisscrochet.ch\/produit\/knitpro-yarn-dispenser-natural\/","og_locale":"fr_FR","og_type":"article","og_title":"KnitPro \u2013 Distributeur de fil Natural &#171; Swiss Crochet","og_description":"Gardez votre fil sans n\u0153uds gr\u00e2ce au distributeur de fil KnitPro Natural. Une base en bois solide et une rotation fluide assurent un \u00e9coulement du fil sans effort et une organisation \u00e9l\u00e9gante.","og_url":"https:\/\/www.swisscrochet.ch\/produit\/knitpro-yarn-dispenser-natural\/","og_site_name":"Swiss Crochet","article_modified_time":"2025-08-28T13:11:39+00:00","og_image":[{"width":1000,"height":1000,"url":"https:\/\/www.swisscrochet.ch\/wp-content\/uploads\/2025\/08\/KnitPro-Yarn-Dispenser-Natural-Overview.jpg","type":"image\/jpeg"}],"twitter_card":"summary_large_image","twitter_misc":{"Dur\u00e9e de lecture estim\u00e9e":"1 minute"},"schema":{"@context":"https:\/\/schema.org","@graph":[{"@type":["WebPage","ItemPage"],"@id":"https:\/\/www.swisscrochet.ch\/produit\/knitpro-yarn-dispenser-natural\/","url":"https:\/\/www.swisscrochet.ch\/produit\/knitpro-yarn-dispenser-natural\/","name":"KnitPro \u2013 Distributeur de fil Natural &#171; Swiss Crochet","isPartOf":{"@id":"https:\/\/www.swisscrochet.ch\/#website"},"primaryImageOfPage":{"@id":"https:\/\/www.swisscrochet.ch\/produit\/knitpro-yarn-dispenser-natural\/#primaryimage"},"image":{"@id":"https:\/\/www.swisscrochet.ch\/produit\/knitpro-yarn-dispenser-natural\/#primaryimage"},"thumbnailUrl":"https:\/\/www.swisscrochet.ch\/wp-content\/uploads\/2025\/08\/KnitPro-Yarn-Dispenser-Natural-Overview.jpg","datePublished":"2025-08-28T12:52:15+00:00","dateModified":"2025-08-28T13:11:39+00:00","description":"Gardez votre fil sans n\u0153uds gr\u00e2ce au distributeur de fil KnitPro Natural. Une base en bois solide et une rotation fluide assurent un \u00e9coulement du fil sans effort et une organisation \u00e9l\u00e9gante.","breadcrumb":{"@id":"https:\/\/www.swisscrochet.ch\/produit\/knitpro-yarn-dispenser-natural\/#breadcrumb"},"inLanguage":"fr-FR","potentialAction":[{"@type":"ReadAction","target":["https:\/\/www.swisscrochet.ch\/produit\/knitpro-yarn-dispenser-natural\/"]}]},{"@type":"ImageObject","inLanguage":"fr-FR","@id":"https:\/\/www.swisscrochet.ch\/produit\/knitpro-yarn-dispenser-natural\/#primaryimage","url":"https:\/\/www.swisscrochet.ch\/wp-content\/uploads\/2025\/08\/KnitPro-Yarn-Dispenser-Natural-Overview.jpg","contentUrl":"https:\/\/www.swisscrochet.ch\/wp-content\/uploads\/2025\/08\/KnitPro-Yarn-Dispenser-Natural-Overview.jpg","width":1000,"height":1000},{"@type":"BreadcrumbList","@id":"https:\/\/www.swisscrochet.ch\/produit\/knitpro-yarn-dispenser-natural\/#breadcrumb","itemListElement":[{"@type":"ListItem","position":1,"name":"Home","item":"https:\/\/www.swisscrochet.ch\/fr\/"},{"@type":"ListItem","position":2,"name":"Boutique","item":"https:\/\/www.swisscrochet.ch\/fr\/boutique\/"},{"@type":"ListItem","position":3,"name":"KnitPro \u2013 Distributeur de fil Natural"}]},{"@type":"WebSite","@id":"https:\/\/www.swisscrochet.ch\/#website","url":"https:\/\/www.swisscrochet.ch\/","name":"Swiss Crochet","description":"Lib\u00e9rez votre potentiel cr\u00e9atif","potentialAction":[{"@type":"SearchAction","target":{"@type":"EntryPoint","urlTemplate":"https:\/\/www.swisscrochet.ch\/?s={search_term_string}"},"query-input":{"@type":"PropertyValueSpecification","valueRequired":true,"valueName":"search_term_string"}}],"inLanguage":"fr-FR"}]}},"_links":{"self":[{"href":"https:\/\/www.swisscrochet.ch\/fr\/wp-json\/wp\/v2\/product\/11038","targetHints":{"allow":["GET"]}}],"collection":[{"href":"https:\/\/www.swisscrochet.ch\/fr\/wp-json\/wp\/v2\/product"}],"about":[{"href":"https:\/\/www.swisscrochet.ch\/fr\/wp-json\/wp\/v2\/types\/product"}],"wp:featuredmedia":[{"embeddable":true,"href":"https:\/\/www.swisscrochet.ch\/fr\/wp-json\/wp\/v2\/media\/10866"}],"wp:attachment":[{"href":"https:\/\/www.swisscrochet.ch\/fr\/wp-json\/wp\/v2\/media?parent=11038"}],"wp:term":[{"taxonomy":"product_brand","embeddable":true,"href":"https:\/\/www.swisscrochet.ch\/fr\/wp-json\/wp\/v2\/product_brand?post=11038"},{"taxonomy":"product_cat","embeddable":true,"href":"https:\/\/www.swisscrochet.ch\/fr\/wp-json\/wp\/v2\/product_cat?post=11038"},{"taxonomy":"product_tag","embeddable":true,"href":"https:\/\/www.swisscrochet.ch\/fr\/wp-json\/wp\/v2\/product_tag?post=11038"}],"curies":[{"name":"wp","href":"https:\/\/api.w.org\/{rel}","templated":true}]}}