{"id":1110,"date":"2024-10-23T17:51:22","date_gmt":"2024-10-23T15:51:22","guid":{"rendered":"https:\/\/www.swisscrochet.ch\/product\/uber-den-traum-ostermundigen-yarn-kit\/"},"modified":"2026-03-02T20:17:41","modified_gmt":"2026-03-02T19:17:41","slug":"uber-den-traum-ostermundigen-kit-de-fils","status":"publish","type":"product","link":"https:\/\/www.swisscrochet.ch\/fr\/produit\/uber-den-traum-ostermundigen-kit-de-fils\/","title":{"rendered":"\u00dcber den Traum &#8211; Ostermundigen &#8211; Kit de Fils"},"content":{"rendered":"","protected":false},"excerpt":{"rendered":"<p>Ostermundigen est un design unisexe moderne utilisant des techniques de base et une mise en forme r\u00e9fl\u00e9chie pour cr\u00e9er des moufles bien ajust\u00e9es. C\u2019est un projet rapide \u00e0 r\u00e9aliser, id\u00e9al pour utiliser des restes de fil et\/ou votre stock. Les instructions sont fournies sous forme \u00e9crite abr\u00e9g\u00e9e et en terminologie US.<\/p>\n<p><strong>Le kit comprend :<\/strong><\/p>\n<ul>\n<li>l\u2019acc\u00e8s au t\u00e9l\u00e9chargement du mod\u00e8le au format PDF num\u00e9rique, en anglais et en allemand.<\/li>\n<li>2 pelotes de Laines du Nord Firenze<\/li>\n<\/ul>\n<p><strong>Options suppl\u00e9mentaires :<\/strong><\/p>\n<ul>\n<li>crochet 5.00 mm<\/li>\n<li>crochet 6.00 mm<\/li>\n<\/ul>\n<p>Le design \u00ab Ostermundigen \u00bb fait partie de la <a href=\"https:\/\/www.ravelry.com\/patterns\/sources\/collection-one-origins\" target=\"_blank\" rel=\"noopener\">Collection One: Origins<\/a>. Pour plus d\u2019informations et des photos de projets termin\u00e9s, consultez la <a href=\"https:\/\/www.ravelry.com\/patterns\/library\/ostermundigen\" target=\"_blank\" rel=\"noopener\">page du mod\u00e8le<\/a> sur Ravelry.<\/p>\n","protected":false},"featured_media":25147,"template":"","meta":[],"product_brand":[],"product_cat":[1661,331],"product_tag":[2056],"class_list":{"0":"post-1110","1":"product","2":"type-product","3":"status-publish","4":"has-post-thumbnail","6":"product_cat-kits-de-fils-accessoires","7":"product_cat-kits-de-fils","8":"product_tag-firenze","9":"description-off","11":"first","12":"instock","13":"taxable","14":"shipping-taxable","15":"purchasable","16":"product-type-bundle"},"bundled_by":[],"bundle_stock_status":"instock","bundle_stock_quantity":84,"bundle_virtual":false,"bundle_layout":"default","bundle_add_to_cart_form_location":"default","bundle_editable_in_cart":false,"bundle_sold_individually_context":"product","bundle_item_grouping":"parent","bundle_min_size":"","bundle_max_size":"","bundle_price":{"price":{"min":{"incl_tax":"23.8","excl_tax":"22.02"},"max":{"incl_tax":"49.6","excl_tax":"45.88"}},"regular_price":{"min":{"incl_tax":"23.8","excl_tax":"22.02"},"max":{"incl_tax":"49.6","excl_tax":"45.88"}}},"bundled_items":[{"bundled_item_id":877,"product_id":14283,"menu_order":0,"quantity_min":2,"quantity_max":2,"quantity_default":2,"priced_individually":true,"shipped_individually":false,"override_title":false,"title":"Laines du Nord &#8211; Firenze","override_description":true,"description":"","optional":false,"hide_thumbnail":false,"discount":"","override_variations":false,"allowed_variations":[""],"override_default_variation_attributes":false,"default_variation_attributes":[],"single_product_visibility":"visible","cart_visibility":"visible","order_visibility":"visible","single_product_price_visibility":"visible","cart_price_visibility":"visible","order_price_visibility":"visible","stock_status":"in_stock"},{"bundled_item_id":878,"product_id":3501,"menu_order":1,"quantity_min":1,"quantity_max":1,"quantity_default":1,"priced_individually":true,"shipped_individually":false,"override_title":false,"title":"Tulip &#8211; Etimo Red &#8211; Crochet avec manche souple","override_description":true,"description":"","optional":true,"hide_thumbnail":false,"discount":"","override_variations":true,"allowed_variations":[3510],"override_default_variation_attributes":true,"default_variation_attributes":[{"id":0,"name":"Size","option":"5.00 mm"}],"single_product_visibility":"visible","cart_visibility":"visible","order_visibility":"visible","single_product_price_visibility":"visible","cart_price_visibility":"visible","order_price_visibility":"visible","stock_status":"in_stock"},{"bundled_item_id":879,"product_id":3501,"menu_order":2,"quantity_min":1,"quantity_max":1,"quantity_default":1,"priced_individually":true,"shipped_individually":false,"override_title":false,"title":"Tulip &#8211; Etimo Red &#8211; Crochet avec manche souple","override_description":true,"description":"Tulip &#8211; Etimo Red &#8211; Crochet avec manche souple","optional":true,"hide_thumbnail":false,"discount":"","override_variations":true,"allowed_variations":[3512],"override_default_variation_attributes":true,"default_variation_attributes":[{"id":0,"name":"Size","option":"6.00 mm"}],"single_product_visibility":"visible","cart_visibility":"visible","order_visibility":"visible","single_product_price_visibility":"visible","cart_price_visibility":"visible","order_price_visibility":"visible","stock_status":"in_stock"}],"bundle_sell_ids":[],"yoast_head":"<!-- This site is optimized with the Yoast SEO plugin v27.5 - https:\/\/yoast.com\/product\/yoast-seo-wordpress\/ -->\n<title>\u00dcber den Traum - Ostermundigen - Kit de Fils &#171; Swiss Crochet<\/title>\n<meta name=\"description\" content=\"Kit moufles Ostermundigen au crochet avec mod\u00e8le PDF (EN\/DE) et fil Laines du Nord Firenze. Design moderne unisexe, id\u00e9al pour les projets utilisant votre stock de fil.\" \/>\n<meta name=\"robots\" content=\"index, follow, max-snippet:-1, max-image-preview:large, max-video-preview:-1\" \/>\n<link rel=\"canonical\" href=\"https:\/\/www.swisscrochet.ch\/product\/uber-den-traum-ostermundigen-yarn-kit\/\" \/>\n<meta property=\"og:locale\" content=\"fr_FR\" \/>\n<meta property=\"og:type\" content=\"article\" \/>\n<meta property=\"og:title\" content=\"\u00dcber den Traum - Ostermundigen - Kit de Fils &#171; Swiss Crochet\" \/>\n<meta property=\"og:description\" content=\"Kit moufles Ostermundigen au crochet avec mod\u00e8le PDF (EN\/DE) et fil Laines du Nord Firenze. Design moderne unisexe, id\u00e9al pour les projets utilisant votre stock de fil.\" \/>\n<meta property=\"og:url\" content=\"https:\/\/www.swisscrochet.ch\/product\/uber-den-traum-ostermundigen-yarn-kit\/\" \/>\n<meta property=\"og:site_name\" content=\"Swiss Crochet\" \/>\n<meta property=\"article:modified_time\" content=\"2026-03-02T19:17:41+00:00\" \/>\n<meta property=\"og:image\" content=\"https:\/\/www.swisscrochet.ch\/wp-content\/uploads\/2026\/03\/Ostermundigen-Yarn-Kit-Overview.jpg\" \/>\n\t<meta property=\"og:image:width\" content=\"1000\" \/>\n\t<meta property=\"og:image:height\" content=\"1000\" \/>\n\t<meta property=\"og:image:type\" content=\"image\/jpeg\" \/>\n<meta name=\"twitter:card\" content=\"summary_large_image\" \/>\n<meta name=\"twitter:label1\" content=\"Dur\u00e9e de lecture estim\u00e9e\" \/>\n\t<meta name=\"twitter:data1\" content=\"1 minute\" \/>\n<script type=\"application\/ld+json\" class=\"yoast-schema-graph\">{\"@context\":\"https:\\\/\\\/schema.org\",\"@graph\":[{\"@type\":[\"WebPage\",\"ItemPage\"],\"@id\":\"https:\\\/\\\/www.swisscrochet.ch\\\/product\\\/uber-den-traum-ostermundigen-yarn-kit\\\/\",\"url\":\"https:\\\/\\\/www.swisscrochet.ch\\\/product\\\/uber-den-traum-ostermundigen-yarn-kit\\\/\",\"name\":\"\u00dcber den Traum - Ostermundigen - Kit de Fils &#171; Swiss Crochet\",\"isPartOf\":{\"@id\":\"https:\\\/\\\/www.swisscrochet.ch\\\/#website\"},\"primaryImageOfPage\":{\"@id\":\"https:\\\/\\\/www.swisscrochet.ch\\\/product\\\/uber-den-traum-ostermundigen-yarn-kit\\\/#primaryimage\"},\"image\":{\"@id\":\"https:\\\/\\\/www.swisscrochet.ch\\\/product\\\/uber-den-traum-ostermundigen-yarn-kit\\\/#primaryimage\"},\"thumbnailUrl\":\"https:\\\/\\\/www.swisscrochet.ch\\\/wp-content\\\/uploads\\\/2026\\\/03\\\/Ostermundigen-Yarn-Kit-Overview.jpg\",\"datePublished\":\"2024-10-23T15:51:22+00:00\",\"dateModified\":\"2026-03-02T19:17:41+00:00\",\"description\":\"Kit moufles Ostermundigen au crochet avec mod\u00e8le PDF (EN\\\/DE) et fil Laines du Nord Firenze. Design moderne unisexe, id\u00e9al pour les projets utilisant votre stock de fil.\",\"breadcrumb\":{\"@id\":\"https:\\\/\\\/www.swisscrochet.ch\\\/product\\\/uber-den-traum-ostermundigen-yarn-kit\\\/#breadcrumb\"},\"inLanguage\":\"fr-FR\",\"potentialAction\":[{\"@type\":\"ReadAction\",\"target\":[\"https:\\\/\\\/www.swisscrochet.ch\\\/product\\\/uber-den-traum-ostermundigen-yarn-kit\\\/\"]}]},{\"@type\":\"ImageObject\",\"inLanguage\":\"fr-FR\",\"@id\":\"https:\\\/\\\/www.swisscrochet.ch\\\/product\\\/uber-den-traum-ostermundigen-yarn-kit\\\/#primaryimage\",\"url\":\"https:\\\/\\\/www.swisscrochet.ch\\\/wp-content\\\/uploads\\\/2026\\\/03\\\/Ostermundigen-Yarn-Kit-Overview.jpg\",\"contentUrl\":\"https:\\\/\\\/www.swisscrochet.ch\\\/wp-content\\\/uploads\\\/2026\\\/03\\\/Ostermundigen-Yarn-Kit-Overview.jpg\",\"width\":1000,\"height\":1000},{\"@type\":\"BreadcrumbList\",\"@id\":\"https:\\\/\\\/www.swisscrochet.ch\\\/product\\\/uber-den-traum-ostermundigen-yarn-kit\\\/#breadcrumb\",\"itemListElement\":[{\"@type\":\"ListItem\",\"position\":1,\"name\":\"Home\",\"item\":\"https:\\\/\\\/www.swisscrochet.ch\\\/fr\\\/\"},{\"@type\":\"ListItem\",\"position\":2,\"name\":\"Boutique\",\"item\":\"https:\\\/\\\/www.swisscrochet.ch\\\/fr\\\/boutique\\\/\"},{\"@type\":\"ListItem\",\"position\":3,\"name\":\"\u00dcber den Traum &#8211; Ostermundigen &#8211; Kit de Fils\"}]},{\"@type\":\"WebSite\",\"@id\":\"https:\\\/\\\/www.swisscrochet.ch\\\/#website\",\"url\":\"https:\\\/\\\/www.swisscrochet.ch\\\/\",\"name\":\"Swiss Crochet\",\"description\":\"Lib\u00e9rez votre potentiel cr\u00e9atif\",\"potentialAction\":[{\"@type\":\"SearchAction\",\"target\":{\"@type\":\"EntryPoint\",\"urlTemplate\":\"https:\\\/\\\/www.swisscrochet.ch\\\/?s={search_term_string}\"},\"query-input\":{\"@type\":\"PropertyValueSpecification\",\"valueRequired\":true,\"valueName\":\"search_term_string\"}}],\"inLanguage\":\"fr-FR\"}]}<\/script>\n<!-- \/ Yoast SEO plugin. -->","yoast_head_json":{"title":"\u00dcber den Traum - Ostermundigen - Kit de Fils &#171; Swiss Crochet","description":"Kit moufles Ostermundigen au crochet avec mod\u00e8le PDF (EN\/DE) et fil Laines du Nord Firenze. Design moderne unisexe, id\u00e9al pour les projets utilisant votre stock de fil.","robots":{"index":"index","follow":"follow","max-snippet":"max-snippet:-1","max-image-preview":"max-image-preview:large","max-video-preview":"max-video-preview:-1"},"canonical":"https:\/\/www.swisscrochet.ch\/product\/uber-den-traum-ostermundigen-yarn-kit\/","og_locale":"fr_FR","og_type":"article","og_title":"\u00dcber den Traum - Ostermundigen - Kit de Fils &#171; Swiss Crochet","og_description":"Kit moufles Ostermundigen au crochet avec mod\u00e8le PDF (EN\/DE) et fil Laines du Nord Firenze. Design moderne unisexe, id\u00e9al pour les projets utilisant votre stock de fil.","og_url":"https:\/\/www.swisscrochet.ch\/product\/uber-den-traum-ostermundigen-yarn-kit\/","og_site_name":"Swiss Crochet","article_modified_time":"2026-03-02T19:17:41+00:00","og_image":[{"width":1000,"height":1000,"url":"https:\/\/www.swisscrochet.ch\/wp-content\/uploads\/2026\/03\/Ostermundigen-Yarn-Kit-Overview.jpg","type":"image\/jpeg"}],"twitter_card":"summary_large_image","twitter_misc":{"Dur\u00e9e de lecture estim\u00e9e":"1 minute"},"schema":{"@context":"https:\/\/schema.org","@graph":[{"@type":["WebPage","ItemPage"],"@id":"https:\/\/www.swisscrochet.ch\/product\/uber-den-traum-ostermundigen-yarn-kit\/","url":"https:\/\/www.swisscrochet.ch\/product\/uber-den-traum-ostermundigen-yarn-kit\/","name":"\u00dcber den Traum - Ostermundigen - Kit de Fils &#171; Swiss Crochet","isPartOf":{"@id":"https:\/\/www.swisscrochet.ch\/#website"},"primaryImageOfPage":{"@id":"https:\/\/www.swisscrochet.ch\/product\/uber-den-traum-ostermundigen-yarn-kit\/#primaryimage"},"image":{"@id":"https:\/\/www.swisscrochet.ch\/product\/uber-den-traum-ostermundigen-yarn-kit\/#primaryimage"},"thumbnailUrl":"https:\/\/www.swisscrochet.ch\/wp-content\/uploads\/2026\/03\/Ostermundigen-Yarn-Kit-Overview.jpg","datePublished":"2024-10-23T15:51:22+00:00","dateModified":"2026-03-02T19:17:41+00:00","description":"Kit moufles Ostermundigen au crochet avec mod\u00e8le PDF (EN\/DE) et fil Laines du Nord Firenze. Design moderne unisexe, id\u00e9al pour les projets utilisant votre stock de fil.","breadcrumb":{"@id":"https:\/\/www.swisscrochet.ch\/product\/uber-den-traum-ostermundigen-yarn-kit\/#breadcrumb"},"inLanguage":"fr-FR","potentialAction":[{"@type":"ReadAction","target":["https:\/\/www.swisscrochet.ch\/product\/uber-den-traum-ostermundigen-yarn-kit\/"]}]},{"@type":"ImageObject","inLanguage":"fr-FR","@id":"https:\/\/www.swisscrochet.ch\/product\/uber-den-traum-ostermundigen-yarn-kit\/#primaryimage","url":"https:\/\/www.swisscrochet.ch\/wp-content\/uploads\/2026\/03\/Ostermundigen-Yarn-Kit-Overview.jpg","contentUrl":"https:\/\/www.swisscrochet.ch\/wp-content\/uploads\/2026\/03\/Ostermundigen-Yarn-Kit-Overview.jpg","width":1000,"height":1000},{"@type":"BreadcrumbList","@id":"https:\/\/www.swisscrochet.ch\/product\/uber-den-traum-ostermundigen-yarn-kit\/#breadcrumb","itemListElement":[{"@type":"ListItem","position":1,"name":"Home","item":"https:\/\/www.swisscrochet.ch\/fr\/"},{"@type":"ListItem","position":2,"name":"Boutique","item":"https:\/\/www.swisscrochet.ch\/fr\/boutique\/"},{"@type":"ListItem","position":3,"name":"\u00dcber den Traum &#8211; Ostermundigen &#8211; Kit de Fils"}]},{"@type":"WebSite","@id":"https:\/\/www.swisscrochet.ch\/#website","url":"https:\/\/www.swisscrochet.ch\/","name":"Swiss Crochet","description":"Lib\u00e9rez votre potentiel cr\u00e9atif","potentialAction":[{"@type":"SearchAction","target":{"@type":"EntryPoint","urlTemplate":"https:\/\/www.swisscrochet.ch\/?s={search_term_string}"},"query-input":{"@type":"PropertyValueSpecification","valueRequired":true,"valueName":"search_term_string"}}],"inLanguage":"fr-FR"}]}},"_links":{"self":[{"href":"https:\/\/www.swisscrochet.ch\/fr\/wp-json\/wp\/v2\/product\/1110","targetHints":{"allow":["GET"]}}],"collection":[{"href":"https:\/\/www.swisscrochet.ch\/fr\/wp-json\/wp\/v2\/product"}],"about":[{"href":"https:\/\/www.swisscrochet.ch\/fr\/wp-json\/wp\/v2\/types\/product"}],"wp:featuredmedia":[{"embeddable":true,"href":"https:\/\/www.swisscrochet.ch\/fr\/wp-json\/wp\/v2\/media\/25147"}],"wp:attachment":[{"href":"https:\/\/www.swisscrochet.ch\/fr\/wp-json\/wp\/v2\/media?parent=1110"}],"wp:term":[{"taxonomy":"product_brand","embeddable":true,"href":"https:\/\/www.swisscrochet.ch\/fr\/wp-json\/wp\/v2\/product_brand?post=1110"},{"taxonomy":"product_cat","embeddable":true,"href":"https:\/\/www.swisscrochet.ch\/fr\/wp-json\/wp\/v2\/product_cat?post=1110"},{"taxonomy":"product_tag","embeddable":true,"href":"https:\/\/www.swisscrochet.ch\/fr\/wp-json\/wp\/v2\/product_tag?post=1110"}],"curies":[{"name":"wp","href":"https:\/\/api.w.org\/{rel}","templated":true}]}}