{"id":1138,"date":"2024-10-18T16:40:56","date_gmt":"2024-10-18T14:40:56","guid":{"rendered":"https:\/\/www.swisscrochet.ch\/product\/crochet-for-children-and-teenagers\/"},"modified":"2024-12-14T13:39:01","modified_gmt":"2024-12-14T12:39:01","slug":"crochet-pour-enfants-et-adolescents","status":"publish","type":"product","link":"https:\/\/www.swisscrochet.ch\/fr\/produit\/crochet-pour-enfants-et-adolescents\/","title":{"rendered":"Crochet pour enfants et adolescents"},"content":{"rendered":"","protected":false},"excerpt":{"rendered":"<p>Voulez-vous apprendre \u00e0 crocheter ? Avez-vous essay\u00e9 le crochet pour la premi\u00e8re fois \u00e0 l&rsquo;\u00e9cole, mais souhaitez-vous en savoir plus ?<\/p>\n<p>\u00cates-vous parent et souhaitez-vous suivre un cours de crochet avec votre enfant ?<\/p>\n<p>Alors vous \u00eates au bon endroit.<\/p>\n<p>R\u00e9servez ce cours de crochet et profitez d&rsquo;une session individuelle avec l&rsquo;experte en crochet <a href=\"https:\/\/www.uberdentraum.com\/design\/\">Assimina Saranti<\/a>.<\/p>\n<p>Le cours se concentre sur les comp\u00e9tences pour d\u00e9butants, mais le contenu sera ajust\u00e9 en fonction du type de projet sur lequel vous souhaitez travailler et de vos propres souhaits.<\/p>\n<h5>Nombre de participants<\/h5>\n<p>2 &#8211; soit 2 enfants\/adolescents, soit 1 parent et 1 enfant\/adolescent.<\/p>\n<h5>Langue<\/h5>\n<p>Anglais ou Allemand<\/p>\n<h5>Dur\u00e9e<\/h5>\n<p>60 minutes<\/p>\n<h5>Lieu<\/h5>\n<p>Le <a href=\"https:\/\/www.swisscrochet.ch\/fr\/mentions-legales\/\">bureau<\/a> de Swiss Crochet.<\/p>\n<h5>Date<\/h5>\n<p>Une fois le cours r\u00e9serv\u00e9, je vous contacterai par e-mail pour convenir d&rsquo;une date et d&rsquo;une heure.<\/p>\n<p><strong>Avant de r\u00e9server ce cours<\/strong>, assurez-vous d&rsquo;avoir lu la <a href=\"https:\/\/www.swisscrochet.ch\/fr\/termes-et-conditions\/#courses\">politique des cours<\/a>.<\/p>\n","protected":false},"featured_media":471,"template":"","meta":[],"product_brand":[],"product_cat":[211],"product_tag":[],"class_list":{"0":"post-1138","1":"product","2":"type-product","3":"status-publish","4":"has-post-thumbnail","6":"product_cat-cours","7":"description-off","9":"first","10":"instock","11":"virtual","12":"taxable","13":"purchasable","14":"product-type-simple"},"bundled_by":[],"bundle_stock_status":"instock","bundle_stock_quantity":null,"bundle_virtual":false,"bundle_layout":"","bundle_add_to_cart_form_location":"","bundle_editable_in_cart":false,"bundle_sold_individually_context":"","bundle_item_grouping":"","bundle_min_size":"","bundle_max_size":"","bundle_price":[],"bundled_items":[],"bundle_sell_ids":[],"yoast_head":"<!-- This site is optimized with the Yoast SEO plugin v27.5 - https:\/\/yoast.com\/product\/yoast-seo-wordpress\/ -->\n<title>Crochet pour enfants et adolescents &#171; Swiss Crochet<\/title>\n<meta name=\"robots\" content=\"index, follow, max-snippet:-1, max-image-preview:large, max-video-preview:-1\" \/>\n<link rel=\"canonical\" href=\"https:\/\/www.swisscrochet.ch\/produit\/crochet-for-children-and-teenagers\/\" \/>\n<meta property=\"og:locale\" content=\"fr_FR\" \/>\n<meta property=\"og:type\" content=\"article\" \/>\n<meta property=\"og:title\" content=\"Crochet pour enfants et adolescents &#171; Swiss Crochet\" \/>\n<meta property=\"og:description\" content=\"Voulez-vous apprendre \u00e0 crocheter ? Avez-vous essay\u00e9 le crochet pour la premi\u00e8re fois \u00e0 l&#039;\u00e9cole, mais souhaitez-vous en savoir plus ?  \u00cates-vous parent et souhaitez-vous suivre un cours de crochet avec votre enfant ?  Alors vous \u00eates au bon endroit.  R\u00e9servez ce cours de crochet et profitez d&#039;une session individuelle avec l&#039;experte en crochet Assimina Saranti.  Le cours se concentre sur les comp\u00e9tences pour d\u00e9butants, mais le contenu sera ajust\u00e9 en fonction du type de projet sur lequel vous souhaitez travailler et de vos propres souhaits. Nombre de participants 2 - soit 2 enfants\/adolescents, soit 1 parent et 1 enfant\/adolescent. Langue Anglais ou Allemand Dur\u00e9e 60 minutes Lieu Le bureau de Swiss Crochet. Date Une fois le cours r\u00e9serv\u00e9, je vous contacterai par e-mail pour convenir d&#039;une date et d&#039;une heure.  Avant de r\u00e9server ce cours, assurez-vous d&#039;avoir lu la politique des cours.\" \/>\n<meta property=\"og:url\" content=\"https:\/\/www.swisscrochet.ch\/produit\/crochet-for-children-and-teenagers\/\" \/>\n<meta property=\"og:site_name\" content=\"Swiss Crochet\" \/>\n<meta property=\"article:modified_time\" content=\"2024-12-14T12:39:01+00:00\" \/>\n<meta property=\"og:image\" content=\"https:\/\/www.swisscrochet.ch\/wp-content\/uploads\/2024\/10\/Swiss-Crochet-Crochet-for-children-and-teenagers-Overview.jpg\" \/>\n\t<meta property=\"og:image:width\" content=\"1000\" \/>\n\t<meta property=\"og:image:height\" content=\"1000\" \/>\n\t<meta property=\"og:image:type\" content=\"image\/jpeg\" \/>\n<meta name=\"twitter:card\" content=\"summary_large_image\" \/>\n<meta name=\"twitter:label1\" content=\"Dur\u00e9e de lecture estim\u00e9e\" \/>\n\t<meta name=\"twitter:data1\" content=\"1 minute\" \/>\n<script type=\"application\/ld+json\" class=\"yoast-schema-graph\">{\"@context\":\"https:\\\/\\\/schema.org\",\"@graph\":[{\"@type\":[\"WebPage\",\"ItemPage\"],\"@id\":\"https:\\\/\\\/www.swisscrochet.ch\\\/produit\\\/crochet-for-children-and-teenagers\\\/\",\"url\":\"https:\\\/\\\/www.swisscrochet.ch\\\/produit\\\/crochet-for-children-and-teenagers\\\/\",\"name\":\"Crochet pour enfants et adolescents &#171; Swiss Crochet\",\"isPartOf\":{\"@id\":\"https:\\\/\\\/www.swisscrochet.ch\\\/#website\"},\"primaryImageOfPage\":{\"@id\":\"https:\\\/\\\/www.swisscrochet.ch\\\/produit\\\/crochet-for-children-and-teenagers\\\/#primaryimage\"},\"image\":{\"@id\":\"https:\\\/\\\/www.swisscrochet.ch\\\/produit\\\/crochet-for-children-and-teenagers\\\/#primaryimage\"},\"thumbnailUrl\":\"https:\\\/\\\/www.swisscrochet.ch\\\/wp-content\\\/uploads\\\/2024\\\/10\\\/Swiss-Crochet-Crochet-for-children-and-teenagers-Overview.jpg\",\"datePublished\":\"2024-10-18T14:40:56+00:00\",\"dateModified\":\"2024-12-14T12:39:01+00:00\",\"breadcrumb\":{\"@id\":\"https:\\\/\\\/www.swisscrochet.ch\\\/produit\\\/crochet-for-children-and-teenagers\\\/#breadcrumb\"},\"inLanguage\":\"fr-FR\",\"potentialAction\":[{\"@type\":\"ReadAction\",\"target\":[\"https:\\\/\\\/www.swisscrochet.ch\\\/produit\\\/crochet-for-children-and-teenagers\\\/\"]}]},{\"@type\":\"ImageObject\",\"inLanguage\":\"fr-FR\",\"@id\":\"https:\\\/\\\/www.swisscrochet.ch\\\/produit\\\/crochet-for-children-and-teenagers\\\/#primaryimage\",\"url\":\"https:\\\/\\\/www.swisscrochet.ch\\\/wp-content\\\/uploads\\\/2024\\\/10\\\/Swiss-Crochet-Crochet-for-children-and-teenagers-Overview.jpg\",\"contentUrl\":\"https:\\\/\\\/www.swisscrochet.ch\\\/wp-content\\\/uploads\\\/2024\\\/10\\\/Swiss-Crochet-Crochet-for-children-and-teenagers-Overview.jpg\",\"width\":1000,\"height\":1000,\"caption\":\"Swiss Crochet Course - Crochet for children and teenagers\"},{\"@type\":\"BreadcrumbList\",\"@id\":\"https:\\\/\\\/www.swisscrochet.ch\\\/produit\\\/crochet-for-children-and-teenagers\\\/#breadcrumb\",\"itemListElement\":[{\"@type\":\"ListItem\",\"position\":1,\"name\":\"Home\",\"item\":\"https:\\\/\\\/www.swisscrochet.ch\\\/fr\\\/\"},{\"@type\":\"ListItem\",\"position\":2,\"name\":\"Boutique\",\"item\":\"https:\\\/\\\/www.swisscrochet.ch\\\/fr\\\/boutique\\\/\"},{\"@type\":\"ListItem\",\"position\":3,\"name\":\"Crochet pour enfants et adolescents\"}]},{\"@type\":\"WebSite\",\"@id\":\"https:\\\/\\\/www.swisscrochet.ch\\\/#website\",\"url\":\"https:\\\/\\\/www.swisscrochet.ch\\\/\",\"name\":\"Swiss Crochet\",\"description\":\"Lib\u00e9rez votre potentiel cr\u00e9atif\",\"potentialAction\":[{\"@type\":\"SearchAction\",\"target\":{\"@type\":\"EntryPoint\",\"urlTemplate\":\"https:\\\/\\\/www.swisscrochet.ch\\\/?s={search_term_string}\"},\"query-input\":{\"@type\":\"PropertyValueSpecification\",\"valueRequired\":true,\"valueName\":\"search_term_string\"}}],\"inLanguage\":\"fr-FR\"}]}<\/script>\n<!-- \/ Yoast SEO plugin. -->","yoast_head_json":{"title":"Crochet pour enfants et adolescents &#171; Swiss Crochet","robots":{"index":"index","follow":"follow","max-snippet":"max-snippet:-1","max-image-preview":"max-image-preview:large","max-video-preview":"max-video-preview:-1"},"canonical":"https:\/\/www.swisscrochet.ch\/produit\/crochet-for-children-and-teenagers\/","og_locale":"fr_FR","og_type":"article","og_title":"Crochet pour enfants et adolescents &#171; Swiss Crochet","og_description":"Voulez-vous apprendre \u00e0 crocheter ? Avez-vous essay\u00e9 le crochet pour la premi\u00e8re fois \u00e0 l'\u00e9cole, mais souhaitez-vous en savoir plus ?  \u00cates-vous parent et souhaitez-vous suivre un cours de crochet avec votre enfant ?  Alors vous \u00eates au bon endroit.  R\u00e9servez ce cours de crochet et profitez d'une session individuelle avec l'experte en crochet Assimina Saranti.  Le cours se concentre sur les comp\u00e9tences pour d\u00e9butants, mais le contenu sera ajust\u00e9 en fonction du type de projet sur lequel vous souhaitez travailler et de vos propres souhaits. Nombre de participants 2 - soit 2 enfants\/adolescents, soit 1 parent et 1 enfant\/adolescent. Langue Anglais ou Allemand Dur\u00e9e 60 minutes Lieu Le bureau de Swiss Crochet. Date Une fois le cours r\u00e9serv\u00e9, je vous contacterai par e-mail pour convenir d'une date et d'une heure.  Avant de r\u00e9server ce cours, assurez-vous d'avoir lu la politique des cours.","og_url":"https:\/\/www.swisscrochet.ch\/produit\/crochet-for-children-and-teenagers\/","og_site_name":"Swiss Crochet","article_modified_time":"2024-12-14T12:39:01+00:00","og_image":[{"width":1000,"height":1000,"url":"https:\/\/www.swisscrochet.ch\/wp-content\/uploads\/2024\/10\/Swiss-Crochet-Crochet-for-children-and-teenagers-Overview.jpg","type":"image\/jpeg"}],"twitter_card":"summary_large_image","twitter_misc":{"Dur\u00e9e de lecture estim\u00e9e":"1 minute"},"schema":{"@context":"https:\/\/schema.org","@graph":[{"@type":["WebPage","ItemPage"],"@id":"https:\/\/www.swisscrochet.ch\/produit\/crochet-for-children-and-teenagers\/","url":"https:\/\/www.swisscrochet.ch\/produit\/crochet-for-children-and-teenagers\/","name":"Crochet pour enfants et adolescents &#171; Swiss Crochet","isPartOf":{"@id":"https:\/\/www.swisscrochet.ch\/#website"},"primaryImageOfPage":{"@id":"https:\/\/www.swisscrochet.ch\/produit\/crochet-for-children-and-teenagers\/#primaryimage"},"image":{"@id":"https:\/\/www.swisscrochet.ch\/produit\/crochet-for-children-and-teenagers\/#primaryimage"},"thumbnailUrl":"https:\/\/www.swisscrochet.ch\/wp-content\/uploads\/2024\/10\/Swiss-Crochet-Crochet-for-children-and-teenagers-Overview.jpg","datePublished":"2024-10-18T14:40:56+00:00","dateModified":"2024-12-14T12:39:01+00:00","breadcrumb":{"@id":"https:\/\/www.swisscrochet.ch\/produit\/crochet-for-children-and-teenagers\/#breadcrumb"},"inLanguage":"fr-FR","potentialAction":[{"@type":"ReadAction","target":["https:\/\/www.swisscrochet.ch\/produit\/crochet-for-children-and-teenagers\/"]}]},{"@type":"ImageObject","inLanguage":"fr-FR","@id":"https:\/\/www.swisscrochet.ch\/produit\/crochet-for-children-and-teenagers\/#primaryimage","url":"https:\/\/www.swisscrochet.ch\/wp-content\/uploads\/2024\/10\/Swiss-Crochet-Crochet-for-children-and-teenagers-Overview.jpg","contentUrl":"https:\/\/www.swisscrochet.ch\/wp-content\/uploads\/2024\/10\/Swiss-Crochet-Crochet-for-children-and-teenagers-Overview.jpg","width":1000,"height":1000,"caption":"Swiss Crochet Course - Crochet for children and teenagers"},{"@type":"BreadcrumbList","@id":"https:\/\/www.swisscrochet.ch\/produit\/crochet-for-children-and-teenagers\/#breadcrumb","itemListElement":[{"@type":"ListItem","position":1,"name":"Home","item":"https:\/\/www.swisscrochet.ch\/fr\/"},{"@type":"ListItem","position":2,"name":"Boutique","item":"https:\/\/www.swisscrochet.ch\/fr\/boutique\/"},{"@type":"ListItem","position":3,"name":"Crochet pour enfants et adolescents"}]},{"@type":"WebSite","@id":"https:\/\/www.swisscrochet.ch\/#website","url":"https:\/\/www.swisscrochet.ch\/","name":"Swiss Crochet","description":"Lib\u00e9rez votre potentiel cr\u00e9atif","potentialAction":[{"@type":"SearchAction","target":{"@type":"EntryPoint","urlTemplate":"https:\/\/www.swisscrochet.ch\/?s={search_term_string}"},"query-input":{"@type":"PropertyValueSpecification","valueRequired":true,"valueName":"search_term_string"}}],"inLanguage":"fr-FR"}]}},"_links":{"self":[{"href":"https:\/\/www.swisscrochet.ch\/fr\/wp-json\/wp\/v2\/product\/1138","targetHints":{"allow":["GET"]}}],"collection":[{"href":"https:\/\/www.swisscrochet.ch\/fr\/wp-json\/wp\/v2\/product"}],"about":[{"href":"https:\/\/www.swisscrochet.ch\/fr\/wp-json\/wp\/v2\/types\/product"}],"wp:featuredmedia":[{"embeddable":true,"href":"https:\/\/www.swisscrochet.ch\/fr\/wp-json\/wp\/v2\/media\/471"}],"wp:attachment":[{"href":"https:\/\/www.swisscrochet.ch\/fr\/wp-json\/wp\/v2\/media?parent=1138"}],"wp:term":[{"taxonomy":"product_brand","embeddable":true,"href":"https:\/\/www.swisscrochet.ch\/fr\/wp-json\/wp\/v2\/product_brand?post=1138"},{"taxonomy":"product_cat","embeddable":true,"href":"https:\/\/www.swisscrochet.ch\/fr\/wp-json\/wp\/v2\/product_cat?post=1138"},{"taxonomy":"product_tag","embeddable":true,"href":"https:\/\/www.swisscrochet.ch\/fr\/wp-json\/wp\/v2\/product_tag?post=1138"}],"curies":[{"name":"wp","href":"https:\/\/api.w.org\/{rel}","templated":true}]}}