{"id":1140,"date":"2024-10-18T16:00:13","date_gmt":"2024-10-18T14:00:13","guid":{"rendered":"https:\/\/www.swisscrochet.ch\/product\/hook-sos\/"},"modified":"2026-04-12T23:58:40","modified_gmt":"2026-04-12T21:58:40","slug":"hook-sos","status":"publish","type":"product","link":"https:\/\/www.swisscrochet.ch\/fr\/produit\/hook-sos\/","title":{"rendered":"Hook-SOS"},"content":{"rendered":"","protected":false},"excerpt":{"rendered":"<p>Bloqu\u00e9e sur un projet au crochet ? Vous ne savez pas comment corriger une erreur ou avancer ?<\/p>\n<p>Hook-SOS est votre solution rapide et experte.<\/p>\n<p>Lors de cette s\u00e9ance individuelle cibl\u00e9e, vous recevez une aide imm\u00e9diate pour votre projet en cours \u2014 qu\u2019il s\u2019agisse de corriger des erreurs, de comprendre un patron ou de d\u00e9terminer les prochaines \u00e9tapes. Pas de long cours, pas de th\u00e9orie inutile \u2014 uniquement le soutien dont vous avez besoin, au moment o\u00f9 vous en avez besoin.<\/p>\n<p><strong>Nombre de participantes : <\/strong>1<\/p>\n<p><strong>Langue<\/strong> : anglais ou allemand<\/p>\n<p><strong>Dur\u00e9e<\/strong> : 10, 15, 20 ou 30 minutes (Pour des s\u00e9ances plus longues, je recommande de r\u00e9server <a href=\"https:\/\/www.swisscrochet.ch\/fr\/mentions-legales\/\">Captain Hook<\/a>.)<\/p>\n<p><strong>Lieu : <\/strong><\/p>\n<ul>\n<li><strong>En pr\u00e9sentiel<\/strong> : Swiss Crochet <a href=\"https:\/\/www.swisscrochet.ch\/fr\/mentions-legales\/\">bureau<\/a><\/li>\n<li><strong>En ligne<\/strong> : depuis le confort de votre domicile<\/li>\n<\/ul>\n<p><strong>Date<\/strong> : Apr\u00e8s la r\u00e9servation, vous serez contact\u00e9e par e-mail pour convenir d\u2019une date et d\u2019une heure.<\/p>\n<p><strong>Avant de r\u00e9server ce cours<\/strong>, assurez-vous d&rsquo;avoir lu la <a href=\"https:\/\/www.swisscrochet.ch\/fr\/termes-et-conditions\/#courses\">politique des cours<\/a>.<\/p>\n","protected":false},"featured_media":467,"template":"","meta":[],"product_brand":[],"product_cat":[211],"product_tag":[],"class_list":{"0":"post-1140","1":"product","2":"type-product","3":"status-publish","4":"has-post-thumbnail","6":"product_cat-cours","7":"description-off","9":"first","10":"instock","11":"taxable","12":"shipping-taxable","13":"purchasable","14":"product-type-variable","15":"wvs-archive-product-wrapper"},"bundled_by":[],"bundle_stock_status":"instock","bundle_stock_quantity":null,"bundle_virtual":false,"bundle_layout":"","bundle_add_to_cart_form_location":"","bundle_editable_in_cart":false,"bundle_sold_individually_context":"","bundle_item_grouping":"","bundle_min_size":"","bundle_max_size":"","bundle_price":[],"bundled_items":[],"bundle_sell_ids":[],"yoast_head":"<!-- This site is optimized with the Yoast SEO plugin v27.5 - https:\/\/yoast.com\/product\/yoast-seo-wordpress\/ -->\n<title>Hook-SOS &#171; Swiss Crochet<\/title>\n<meta name=\"description\" content=\"Besoin d\u2019aide pour votre projet au crochet ? R\u00e9servez une courte s\u00e9ance individuelle et b\u00e9n\u00e9ficiez de conseils d\u2019experte pour corriger les erreurs et avancer rapidement.\" \/>\n<meta name=\"robots\" content=\"index, follow, max-snippet:-1, max-image-preview:large, max-video-preview:-1\" \/>\n<link rel=\"canonical\" href=\"https:\/\/www.swisscrochet.ch\/fr\/produit\/hook-sos\/\" \/>\n<meta property=\"og:locale\" content=\"fr_FR\" \/>\n<meta property=\"og:type\" content=\"article\" \/>\n<meta property=\"og:title\" content=\"Hook-SOS &#171; Swiss Crochet\" \/>\n<meta property=\"og:description\" content=\"Besoin d\u2019aide pour votre projet au crochet ? R\u00e9servez une courte s\u00e9ance individuelle et b\u00e9n\u00e9ficiez de conseils d\u2019experte pour corriger les erreurs et avancer rapidement.\" \/>\n<meta property=\"og:url\" content=\"https:\/\/www.swisscrochet.ch\/fr\/produit\/hook-sos\/\" \/>\n<meta property=\"og:site_name\" content=\"Swiss Crochet\" \/>\n<meta property=\"article:modified_time\" content=\"2026-04-12T21:58:40+00:00\" \/>\n<meta property=\"og:image\" content=\"https:\/\/www.swisscrochet.ch\/wp-content\/uploads\/2024\/10\/Swiss-Crochet-Hook-SOS-Overview.jpg\" \/>\n\t<meta property=\"og:image:width\" content=\"1000\" \/>\n\t<meta property=\"og:image:height\" content=\"1000\" \/>\n\t<meta property=\"og:image:type\" content=\"image\/jpeg\" \/>\n<meta name=\"twitter:card\" content=\"summary_large_image\" \/>\n<meta name=\"twitter:label1\" content=\"Dur\u00e9e de lecture estim\u00e9e\" \/>\n\t<meta name=\"twitter:data1\" content=\"1 minute\" \/>\n<script type=\"application\/ld+json\" class=\"yoast-schema-graph\">{\"@context\":\"https:\\\/\\\/schema.org\",\"@graph\":[{\"@type\":[\"WebPage\",\"ItemPage\"],\"@id\":\"https:\\\/\\\/www.swisscrochet.ch\\\/fr\\\/produit\\\/hook-sos\\\/\",\"url\":\"https:\\\/\\\/www.swisscrochet.ch\\\/fr\\\/produit\\\/hook-sos\\\/\",\"name\":\"Hook-SOS &#171; Swiss Crochet\",\"isPartOf\":{\"@id\":\"https:\\\/\\\/www.swisscrochet.ch\\\/#website\"},\"primaryImageOfPage\":{\"@id\":\"https:\\\/\\\/www.swisscrochet.ch\\\/fr\\\/produit\\\/hook-sos\\\/#primaryimage\"},\"image\":{\"@id\":\"https:\\\/\\\/www.swisscrochet.ch\\\/fr\\\/produit\\\/hook-sos\\\/#primaryimage\"},\"thumbnailUrl\":\"https:\\\/\\\/www.swisscrochet.ch\\\/wp-content\\\/uploads\\\/2024\\\/10\\\/Swiss-Crochet-Hook-SOS-Overview.jpg\",\"datePublished\":\"2024-10-18T14:00:13+00:00\",\"dateModified\":\"2026-04-12T21:58:40+00:00\",\"description\":\"Besoin d\u2019aide pour votre projet au crochet ? R\u00e9servez une courte s\u00e9ance individuelle et b\u00e9n\u00e9ficiez de conseils d\u2019experte pour corriger les erreurs et avancer rapidement.\",\"breadcrumb\":{\"@id\":\"https:\\\/\\\/www.swisscrochet.ch\\\/fr\\\/produit\\\/hook-sos\\\/#breadcrumb\"},\"inLanguage\":\"fr-FR\",\"potentialAction\":[{\"@type\":\"ReadAction\",\"target\":[\"https:\\\/\\\/www.swisscrochet.ch\\\/fr\\\/produit\\\/hook-sos\\\/\"]}]},{\"@type\":\"ImageObject\",\"inLanguage\":\"fr-FR\",\"@id\":\"https:\\\/\\\/www.swisscrochet.ch\\\/fr\\\/produit\\\/hook-sos\\\/#primaryimage\",\"url\":\"https:\\\/\\\/www.swisscrochet.ch\\\/wp-content\\\/uploads\\\/2024\\\/10\\\/Swiss-Crochet-Hook-SOS-Overview.jpg\",\"contentUrl\":\"https:\\\/\\\/www.swisscrochet.ch\\\/wp-content\\\/uploads\\\/2024\\\/10\\\/Swiss-Crochet-Hook-SOS-Overview.jpg\",\"width\":1000,\"height\":1000,\"caption\":\"Swiss Crochet Hook SOS\"},{\"@type\":\"BreadcrumbList\",\"@id\":\"https:\\\/\\\/www.swisscrochet.ch\\\/fr\\\/produit\\\/hook-sos\\\/#breadcrumb\",\"itemListElement\":[{\"@type\":\"ListItem\",\"position\":1,\"name\":\"Home\",\"item\":\"https:\\\/\\\/www.swisscrochet.ch\\\/fr\\\/\"},{\"@type\":\"ListItem\",\"position\":2,\"name\":\"Boutique\",\"item\":\"https:\\\/\\\/www.swisscrochet.ch\\\/fr\\\/boutique\\\/\"},{\"@type\":\"ListItem\",\"position\":3,\"name\":\"Hook-SOS\"}]},{\"@type\":\"WebSite\",\"@id\":\"https:\\\/\\\/www.swisscrochet.ch\\\/#website\",\"url\":\"https:\\\/\\\/www.swisscrochet.ch\\\/\",\"name\":\"Swiss Crochet\",\"description\":\"Lib\u00e9rez votre potentiel cr\u00e9atif\",\"potentialAction\":[{\"@type\":\"SearchAction\",\"target\":{\"@type\":\"EntryPoint\",\"urlTemplate\":\"https:\\\/\\\/www.swisscrochet.ch\\\/?s={search_term_string}\"},\"query-input\":{\"@type\":\"PropertyValueSpecification\",\"valueRequired\":true,\"valueName\":\"search_term_string\"}}],\"inLanguage\":\"fr-FR\"}]}<\/script>\n<!-- \/ Yoast SEO plugin. -->","yoast_head_json":{"title":"Hook-SOS &#171; Swiss Crochet","description":"Besoin d\u2019aide pour votre projet au crochet ? R\u00e9servez une courte s\u00e9ance individuelle et b\u00e9n\u00e9ficiez de conseils d\u2019experte pour corriger les erreurs et avancer rapidement.","robots":{"index":"index","follow":"follow","max-snippet":"max-snippet:-1","max-image-preview":"max-image-preview:large","max-video-preview":"max-video-preview:-1"},"canonical":"https:\/\/www.swisscrochet.ch\/fr\/produit\/hook-sos\/","og_locale":"fr_FR","og_type":"article","og_title":"Hook-SOS &#171; Swiss Crochet","og_description":"Besoin d\u2019aide pour votre projet au crochet ? R\u00e9servez une courte s\u00e9ance individuelle et b\u00e9n\u00e9ficiez de conseils d\u2019experte pour corriger les erreurs et avancer rapidement.","og_url":"https:\/\/www.swisscrochet.ch\/fr\/produit\/hook-sos\/","og_site_name":"Swiss Crochet","article_modified_time":"2026-04-12T21:58:40+00:00","og_image":[{"width":1000,"height":1000,"url":"https:\/\/www.swisscrochet.ch\/wp-content\/uploads\/2024\/10\/Swiss-Crochet-Hook-SOS-Overview.jpg","type":"image\/jpeg"}],"twitter_card":"summary_large_image","twitter_misc":{"Dur\u00e9e de lecture estim\u00e9e":"1 minute"},"schema":{"@context":"https:\/\/schema.org","@graph":[{"@type":["WebPage","ItemPage"],"@id":"https:\/\/www.swisscrochet.ch\/fr\/produit\/hook-sos\/","url":"https:\/\/www.swisscrochet.ch\/fr\/produit\/hook-sos\/","name":"Hook-SOS &#171; Swiss Crochet","isPartOf":{"@id":"https:\/\/www.swisscrochet.ch\/#website"},"primaryImageOfPage":{"@id":"https:\/\/www.swisscrochet.ch\/fr\/produit\/hook-sos\/#primaryimage"},"image":{"@id":"https:\/\/www.swisscrochet.ch\/fr\/produit\/hook-sos\/#primaryimage"},"thumbnailUrl":"https:\/\/www.swisscrochet.ch\/wp-content\/uploads\/2024\/10\/Swiss-Crochet-Hook-SOS-Overview.jpg","datePublished":"2024-10-18T14:00:13+00:00","dateModified":"2026-04-12T21:58:40+00:00","description":"Besoin d\u2019aide pour votre projet au crochet ? R\u00e9servez une courte s\u00e9ance individuelle et b\u00e9n\u00e9ficiez de conseils d\u2019experte pour corriger les erreurs et avancer rapidement.","breadcrumb":{"@id":"https:\/\/www.swisscrochet.ch\/fr\/produit\/hook-sos\/#breadcrumb"},"inLanguage":"fr-FR","potentialAction":[{"@type":"ReadAction","target":["https:\/\/www.swisscrochet.ch\/fr\/produit\/hook-sos\/"]}]},{"@type":"ImageObject","inLanguage":"fr-FR","@id":"https:\/\/www.swisscrochet.ch\/fr\/produit\/hook-sos\/#primaryimage","url":"https:\/\/www.swisscrochet.ch\/wp-content\/uploads\/2024\/10\/Swiss-Crochet-Hook-SOS-Overview.jpg","contentUrl":"https:\/\/www.swisscrochet.ch\/wp-content\/uploads\/2024\/10\/Swiss-Crochet-Hook-SOS-Overview.jpg","width":1000,"height":1000,"caption":"Swiss Crochet Hook SOS"},{"@type":"BreadcrumbList","@id":"https:\/\/www.swisscrochet.ch\/fr\/produit\/hook-sos\/#breadcrumb","itemListElement":[{"@type":"ListItem","position":1,"name":"Home","item":"https:\/\/www.swisscrochet.ch\/fr\/"},{"@type":"ListItem","position":2,"name":"Boutique","item":"https:\/\/www.swisscrochet.ch\/fr\/boutique\/"},{"@type":"ListItem","position":3,"name":"Hook-SOS"}]},{"@type":"WebSite","@id":"https:\/\/www.swisscrochet.ch\/#website","url":"https:\/\/www.swisscrochet.ch\/","name":"Swiss Crochet","description":"Lib\u00e9rez votre potentiel cr\u00e9atif","potentialAction":[{"@type":"SearchAction","target":{"@type":"EntryPoint","urlTemplate":"https:\/\/www.swisscrochet.ch\/?s={search_term_string}"},"query-input":{"@type":"PropertyValueSpecification","valueRequired":true,"valueName":"search_term_string"}}],"inLanguage":"fr-FR"}]}},"_links":{"self":[{"href":"https:\/\/www.swisscrochet.ch\/fr\/wp-json\/wp\/v2\/product\/1140","targetHints":{"allow":["GET"]}}],"collection":[{"href":"https:\/\/www.swisscrochet.ch\/fr\/wp-json\/wp\/v2\/product"}],"about":[{"href":"https:\/\/www.swisscrochet.ch\/fr\/wp-json\/wp\/v2\/types\/product"}],"wp:featuredmedia":[{"embeddable":true,"href":"https:\/\/www.swisscrochet.ch\/fr\/wp-json\/wp\/v2\/media\/467"}],"wp:attachment":[{"href":"https:\/\/www.swisscrochet.ch\/fr\/wp-json\/wp\/v2\/media?parent=1140"}],"wp:term":[{"taxonomy":"product_brand","embeddable":true,"href":"https:\/\/www.swisscrochet.ch\/fr\/wp-json\/wp\/v2\/product_brand?post=1140"},{"taxonomy":"product_cat","embeddable":true,"href":"https:\/\/www.swisscrochet.ch\/fr\/wp-json\/wp\/v2\/product_cat?post=1140"},{"taxonomy":"product_tag","embeddable":true,"href":"https:\/\/www.swisscrochet.ch\/fr\/wp-json\/wp\/v2\/product_tag?post=1140"}],"curies":[{"name":"wp","href":"https:\/\/api.w.org\/{rel}","templated":true}]}}