{"id":11422,"date":"2025-09-05T12:57:38","date_gmt":"2025-09-05T10:57:38","guid":{"rendered":"https:\/\/www.swisscrochet.ch\/product\/le-guide-complet-des-points-de-crochet-dora-ohrenstein\/"},"modified":"2026-02-19T19:31:33","modified_gmt":"2026-02-19T18:31:33","slug":"le-guide-complet-des-points-de-crochet-dora-ohrenstein","status":"publish","type":"product","link":"https:\/\/www.swisscrochet.ch\/fr\/produit\/le-guide-complet-des-points-de-crochet-dora-ohrenstein\/","title":{"rendered":"Le Guide Complet des Points de Crochet &#8211; Dora Ohrenstein"},"content":{"rendered":"","protected":false},"excerpt":{"rendered":"<p><strong>Une excellente encyclop\u00e9die pour les crocheteuses, avec des instructions d\u00e9taill\u00e9es \u00e9tape par \u00e9tape sur tout l\u2019univers du crochet.<\/strong><\/p>\n<p>Dans le Guide Complet des Points de Crochet, la cr\u00e9atrice <em>Dora Ohrenstein<\/em> fait ce qu\u2019aucun auteur de crochet n\u2019avait r\u00e9alis\u00e9 auparavant : elle propose des instructions d\u00e9taill\u00e9es pour cr\u00e9er 125 points diff\u00e9rents, et explique comment augmenter et diminuer chaque motif de point de trois mani\u00e8res diff\u00e9rentes \u2014 sans fa\u00e7onnage, avec fa\u00e7onnage sur les bords, et avec fa\u00e7onnage interne.<\/p>\n<p>Cette vaste collection, allant de la dentelle et des motifs ajour\u00e9s aux coquilles et aux points textur\u00e9s, est enrichie d\u2019\u00e9chantillons magnifiquement photographi\u00e9s de chaque motif, accompagn\u00e9s de diagrammes et d\u2019instructions \u00e9crites. L\u2019accent mis sur les techniques de fa\u00e7onnage rend les points beaucoup plus accessibles et permet aux crocheteuses cr\u00e9atives de r\u00e9aliser de nombreux ouvrages sans suivre de patron.<\/p>\n<p>Le Guide Complet des Points de Crochet deviendra une ressource incontournable, appel\u00e9e \u00e0 inspirer des g\u00e9n\u00e9rations de crocheteuses \u00e0 utiliser les points d\u2019une mani\u00e8re nouvelle et passionnante.<\/p>\n<p>Langue : Fran\u00e7ais<\/p>\n","protected":false},"featured_media":11351,"template":"","meta":[],"product_brand":[],"product_cat":[1425,208],"product_tag":[],"class_list":{"0":"post-11422","1":"product","2":"type-product","3":"status-publish","4":"has-post-thumbnail","6":"product_cat-dictionnaires-de-points","7":"product_cat-livres","8":"pa_b1-language-francais","9":"pa_b11-author-designer-dora-ohrenstein-fr","10":"description-off","12":"first","13":"instock","14":"taxable","15":"shipping-taxable","16":"purchasable","17":"product-type-simple"},"bundled_by":[],"bundle_stock_status":"instock","bundle_stock_quantity":2,"bundle_virtual":false,"bundle_layout":"","bundle_add_to_cart_form_location":"","bundle_editable_in_cart":false,"bundle_sold_individually_context":"","bundle_item_grouping":"","bundle_min_size":"","bundle_max_size":"","bundle_price":[],"bundled_items":[],"bundle_sell_ids":[],"yoast_head":"<!-- This site is optimized with the Yoast SEO plugin v27.4 - https:\/\/yoast.com\/product\/yoast-seo-wordpress\/ -->\n<title>Le Guide Complet des Points de Crochet - Dora Ohrenstein &#171; Swiss Crochet<\/title>\n<meta name=\"robots\" content=\"index, follow, max-snippet:-1, max-image-preview:large, max-video-preview:-1\" \/>\n<link rel=\"canonical\" href=\"https:\/\/www.swisscrochet.ch\/fr\/produit\/le-guide-complet-des-points-de-crochet-dora-ohrenstein\/\" \/>\n<meta property=\"og:locale\" content=\"fr_FR\" \/>\n<meta property=\"og:type\" content=\"article\" \/>\n<meta property=\"og:title\" content=\"Le Guide Complet des Points de Crochet - Dora Ohrenstein &#171; Swiss Crochet\" \/>\n<meta property=\"og:description\" content=\"Une excellente encyclop\u00e9die pour les crocheteuses, avec des instructions d\u00e9taill\u00e9es \u00e9tape par \u00e9tape sur tout l\u2019univers du crochet.  Dans le Guide Complet des Points de Crochet, la cr\u00e9atrice Dora Ohrenstein fait ce qu\u2019aucun auteur de crochet n\u2019avait r\u00e9alis\u00e9 auparavant : elle propose des instructions d\u00e9taill\u00e9es pour cr\u00e9er 125 points diff\u00e9rents, et explique comment augmenter et diminuer chaque motif de point de trois mani\u00e8res diff\u00e9rentes \u2014 sans fa\u00e7onnage, avec fa\u00e7onnage sur les bords, et avec fa\u00e7onnage interne.  Cette vaste collection, allant de la dentelle et des motifs ajour\u00e9s aux coquilles et aux points textur\u00e9s, est enrichie d\u2019\u00e9chantillons magnifiquement photographi\u00e9s de chaque motif, accompagn\u00e9s de diagrammes et d\u2019instructions \u00e9crites. L\u2019accent mis sur les techniques de fa\u00e7onnage rend les points beaucoup plus accessibles et permet aux crocheteuses cr\u00e9atives de r\u00e9aliser de nombreux ouvrages sans suivre de patron.  Le Guide Complet des Points de Crochet deviendra une ressource incontournable, appel\u00e9e \u00e0 inspirer des g\u00e9n\u00e9rations de crocheteuses \u00e0 utiliser les points d\u2019une mani\u00e8re nouvelle et passionnante.  Langue : Fran\u00e7ais\" \/>\n<meta property=\"og:url\" content=\"https:\/\/www.swisscrochet.ch\/fr\/produit\/le-guide-complet-des-points-de-crochet-dora-ohrenstein\/\" \/>\n<meta property=\"og:site_name\" content=\"Swiss Crochet\" \/>\n<meta property=\"article:modified_time\" content=\"2026-02-19T18:31:33+00:00\" \/>\n<meta property=\"og:image\" content=\"https:\/\/www.swisscrochet.ch\/wp-content\/uploads\/2025\/09\/Le-Guide-Complet-des-Points-de-Crochet-Overview.jpg\" \/>\n\t<meta property=\"og:image:width\" content=\"1000\" \/>\n\t<meta property=\"og:image:height\" content=\"1000\" \/>\n\t<meta property=\"og:image:type\" content=\"image\/jpeg\" \/>\n<meta name=\"twitter:card\" content=\"summary_large_image\" \/>\n<meta name=\"twitter:label1\" content=\"Dur\u00e9e de lecture estim\u00e9e\" \/>\n\t<meta name=\"twitter:data1\" content=\"1 minute\" \/>\n<script type=\"application\/ld+json\" class=\"yoast-schema-graph\">{\"@context\":\"https:\\\/\\\/schema.org\",\"@graph\":[{\"@type\":[\"WebPage\",\"ItemPage\"],\"@id\":\"https:\\\/\\\/www.swisscrochet.ch\\\/fr\\\/produit\\\/le-guide-complet-des-points-de-crochet-dora-ohrenstein\\\/\",\"url\":\"https:\\\/\\\/www.swisscrochet.ch\\\/fr\\\/produit\\\/le-guide-complet-des-points-de-crochet-dora-ohrenstein\\\/\",\"name\":\"Le Guide Complet des Points de Crochet - Dora Ohrenstein &#171; Swiss Crochet\",\"isPartOf\":{\"@id\":\"https:\\\/\\\/www.swisscrochet.ch\\\/#website\"},\"primaryImageOfPage\":{\"@id\":\"https:\\\/\\\/www.swisscrochet.ch\\\/fr\\\/produit\\\/le-guide-complet-des-points-de-crochet-dora-ohrenstein\\\/#primaryimage\"},\"image\":{\"@id\":\"https:\\\/\\\/www.swisscrochet.ch\\\/fr\\\/produit\\\/le-guide-complet-des-points-de-crochet-dora-ohrenstein\\\/#primaryimage\"},\"thumbnailUrl\":\"https:\\\/\\\/www.swisscrochet.ch\\\/wp-content\\\/uploads\\\/2025\\\/09\\\/Le-Guide-Complet-des-Points-de-Crochet-Overview.jpg\",\"datePublished\":\"2025-09-05T10:57:38+00:00\",\"dateModified\":\"2026-02-19T18:31:33+00:00\",\"breadcrumb\":{\"@id\":\"https:\\\/\\\/www.swisscrochet.ch\\\/fr\\\/produit\\\/le-guide-complet-des-points-de-crochet-dora-ohrenstein\\\/#breadcrumb\"},\"inLanguage\":\"fr-FR\",\"potentialAction\":[{\"@type\":\"ReadAction\",\"target\":[\"https:\\\/\\\/www.swisscrochet.ch\\\/fr\\\/produit\\\/le-guide-complet-des-points-de-crochet-dora-ohrenstein\\\/\"]}]},{\"@type\":\"ImageObject\",\"inLanguage\":\"fr-FR\",\"@id\":\"https:\\\/\\\/www.swisscrochet.ch\\\/fr\\\/produit\\\/le-guide-complet-des-points-de-crochet-dora-ohrenstein\\\/#primaryimage\",\"url\":\"https:\\\/\\\/www.swisscrochet.ch\\\/wp-content\\\/uploads\\\/2025\\\/09\\\/Le-Guide-Complet-des-Points-de-Crochet-Overview.jpg\",\"contentUrl\":\"https:\\\/\\\/www.swisscrochet.ch\\\/wp-content\\\/uploads\\\/2025\\\/09\\\/Le-Guide-Complet-des-Points-de-Crochet-Overview.jpg\",\"width\":1000,\"height\":1000},{\"@type\":\"BreadcrumbList\",\"@id\":\"https:\\\/\\\/www.swisscrochet.ch\\\/fr\\\/produit\\\/le-guide-complet-des-points-de-crochet-dora-ohrenstein\\\/#breadcrumb\",\"itemListElement\":[{\"@type\":\"ListItem\",\"position\":1,\"name\":\"Home\",\"item\":\"https:\\\/\\\/www.swisscrochet.ch\\\/fr\\\/\"},{\"@type\":\"ListItem\",\"position\":2,\"name\":\"Boutique\",\"item\":\"https:\\\/\\\/www.swisscrochet.ch\\\/fr\\\/boutique\\\/\"},{\"@type\":\"ListItem\",\"position\":3,\"name\":\"Le Guide Complet des Points de Crochet &#8211; Dora Ohrenstein\"}]},{\"@type\":\"WebSite\",\"@id\":\"https:\\\/\\\/www.swisscrochet.ch\\\/#website\",\"url\":\"https:\\\/\\\/www.swisscrochet.ch\\\/\",\"name\":\"Swiss Crochet\",\"description\":\"Lib\u00e9rez votre potentiel cr\u00e9atif\",\"potentialAction\":[{\"@type\":\"SearchAction\",\"target\":{\"@type\":\"EntryPoint\",\"urlTemplate\":\"https:\\\/\\\/www.swisscrochet.ch\\\/?s={search_term_string}\"},\"query-input\":{\"@type\":\"PropertyValueSpecification\",\"valueRequired\":true,\"valueName\":\"search_term_string\"}}],\"inLanguage\":\"fr-FR\"}]}<\/script>\n<!-- \/ Yoast SEO plugin. -->","yoast_head_json":{"title":"Le Guide Complet des Points de Crochet - Dora Ohrenstein &#171; Swiss Crochet","robots":{"index":"index","follow":"follow","max-snippet":"max-snippet:-1","max-image-preview":"max-image-preview:large","max-video-preview":"max-video-preview:-1"},"canonical":"https:\/\/www.swisscrochet.ch\/fr\/produit\/le-guide-complet-des-points-de-crochet-dora-ohrenstein\/","og_locale":"fr_FR","og_type":"article","og_title":"Le Guide Complet des Points de Crochet - Dora Ohrenstein &#171; Swiss Crochet","og_description":"Une excellente encyclop\u00e9die pour les crocheteuses, avec des instructions d\u00e9taill\u00e9es \u00e9tape par \u00e9tape sur tout l\u2019univers du crochet.  Dans le Guide Complet des Points de Crochet, la cr\u00e9atrice Dora Ohrenstein fait ce qu\u2019aucun auteur de crochet n\u2019avait r\u00e9alis\u00e9 auparavant : elle propose des instructions d\u00e9taill\u00e9es pour cr\u00e9er 125 points diff\u00e9rents, et explique comment augmenter et diminuer chaque motif de point de trois mani\u00e8res diff\u00e9rentes \u2014 sans fa\u00e7onnage, avec fa\u00e7onnage sur les bords, et avec fa\u00e7onnage interne.  Cette vaste collection, allant de la dentelle et des motifs ajour\u00e9s aux coquilles et aux points textur\u00e9s, est enrichie d\u2019\u00e9chantillons magnifiquement photographi\u00e9s de chaque motif, accompagn\u00e9s de diagrammes et d\u2019instructions \u00e9crites. L\u2019accent mis sur les techniques de fa\u00e7onnage rend les points beaucoup plus accessibles et permet aux crocheteuses cr\u00e9atives de r\u00e9aliser de nombreux ouvrages sans suivre de patron.  Le Guide Complet des Points de Crochet deviendra une ressource incontournable, appel\u00e9e \u00e0 inspirer des g\u00e9n\u00e9rations de crocheteuses \u00e0 utiliser les points d\u2019une mani\u00e8re nouvelle et passionnante.  Langue : Fran\u00e7ais","og_url":"https:\/\/www.swisscrochet.ch\/fr\/produit\/le-guide-complet-des-points-de-crochet-dora-ohrenstein\/","og_site_name":"Swiss Crochet","article_modified_time":"2026-02-19T18:31:33+00:00","og_image":[{"width":1000,"height":1000,"url":"https:\/\/www.swisscrochet.ch\/wp-content\/uploads\/2025\/09\/Le-Guide-Complet-des-Points-de-Crochet-Overview.jpg","type":"image\/jpeg"}],"twitter_card":"summary_large_image","twitter_misc":{"Dur\u00e9e de lecture estim\u00e9e":"1 minute"},"schema":{"@context":"https:\/\/schema.org","@graph":[{"@type":["WebPage","ItemPage"],"@id":"https:\/\/www.swisscrochet.ch\/fr\/produit\/le-guide-complet-des-points-de-crochet-dora-ohrenstein\/","url":"https:\/\/www.swisscrochet.ch\/fr\/produit\/le-guide-complet-des-points-de-crochet-dora-ohrenstein\/","name":"Le Guide Complet des Points de Crochet - Dora Ohrenstein &#171; Swiss Crochet","isPartOf":{"@id":"https:\/\/www.swisscrochet.ch\/#website"},"primaryImageOfPage":{"@id":"https:\/\/www.swisscrochet.ch\/fr\/produit\/le-guide-complet-des-points-de-crochet-dora-ohrenstein\/#primaryimage"},"image":{"@id":"https:\/\/www.swisscrochet.ch\/fr\/produit\/le-guide-complet-des-points-de-crochet-dora-ohrenstein\/#primaryimage"},"thumbnailUrl":"https:\/\/www.swisscrochet.ch\/wp-content\/uploads\/2025\/09\/Le-Guide-Complet-des-Points-de-Crochet-Overview.jpg","datePublished":"2025-09-05T10:57:38+00:00","dateModified":"2026-02-19T18:31:33+00:00","breadcrumb":{"@id":"https:\/\/www.swisscrochet.ch\/fr\/produit\/le-guide-complet-des-points-de-crochet-dora-ohrenstein\/#breadcrumb"},"inLanguage":"fr-FR","potentialAction":[{"@type":"ReadAction","target":["https:\/\/www.swisscrochet.ch\/fr\/produit\/le-guide-complet-des-points-de-crochet-dora-ohrenstein\/"]}]},{"@type":"ImageObject","inLanguage":"fr-FR","@id":"https:\/\/www.swisscrochet.ch\/fr\/produit\/le-guide-complet-des-points-de-crochet-dora-ohrenstein\/#primaryimage","url":"https:\/\/www.swisscrochet.ch\/wp-content\/uploads\/2025\/09\/Le-Guide-Complet-des-Points-de-Crochet-Overview.jpg","contentUrl":"https:\/\/www.swisscrochet.ch\/wp-content\/uploads\/2025\/09\/Le-Guide-Complet-des-Points-de-Crochet-Overview.jpg","width":1000,"height":1000},{"@type":"BreadcrumbList","@id":"https:\/\/www.swisscrochet.ch\/fr\/produit\/le-guide-complet-des-points-de-crochet-dora-ohrenstein\/#breadcrumb","itemListElement":[{"@type":"ListItem","position":1,"name":"Home","item":"https:\/\/www.swisscrochet.ch\/fr\/"},{"@type":"ListItem","position":2,"name":"Boutique","item":"https:\/\/www.swisscrochet.ch\/fr\/boutique\/"},{"@type":"ListItem","position":3,"name":"Le Guide Complet des Points de Crochet &#8211; Dora Ohrenstein"}]},{"@type":"WebSite","@id":"https:\/\/www.swisscrochet.ch\/#website","url":"https:\/\/www.swisscrochet.ch\/","name":"Swiss Crochet","description":"Lib\u00e9rez votre potentiel cr\u00e9atif","potentialAction":[{"@type":"SearchAction","target":{"@type":"EntryPoint","urlTemplate":"https:\/\/www.swisscrochet.ch\/?s={search_term_string}"},"query-input":{"@type":"PropertyValueSpecification","valueRequired":true,"valueName":"search_term_string"}}],"inLanguage":"fr-FR"}]}},"_links":{"self":[{"href":"https:\/\/www.swisscrochet.ch\/fr\/wp-json\/wp\/v2\/product\/11422","targetHints":{"allow":["GET"]}}],"collection":[{"href":"https:\/\/www.swisscrochet.ch\/fr\/wp-json\/wp\/v2\/product"}],"about":[{"href":"https:\/\/www.swisscrochet.ch\/fr\/wp-json\/wp\/v2\/types\/product"}],"wp:featuredmedia":[{"embeddable":true,"href":"https:\/\/www.swisscrochet.ch\/fr\/wp-json\/wp\/v2\/media\/11351"}],"wp:attachment":[{"href":"https:\/\/www.swisscrochet.ch\/fr\/wp-json\/wp\/v2\/media?parent=11422"}],"wp:term":[{"taxonomy":"product_brand","embeddable":true,"href":"https:\/\/www.swisscrochet.ch\/fr\/wp-json\/wp\/v2\/product_brand?post=11422"},{"taxonomy":"product_cat","embeddable":true,"href":"https:\/\/www.swisscrochet.ch\/fr\/wp-json\/wp\/v2\/product_cat?post=11422"},{"taxonomy":"product_tag","embeddable":true,"href":"https:\/\/www.swisscrochet.ch\/fr\/wp-json\/wp\/v2\/product_tag?post=11422"}],"curies":[{"name":"wp","href":"https:\/\/api.w.org\/{rel}","templated":true}]}}