{"id":11436,"date":"2025-09-10T11:55:24","date_gmt":"2025-09-10T09:55:24","guid":{"rendered":"https:\/\/www.swisscrochet.ch\/product\/chiaogoo-crochet-hook-case-small\/"},"modified":"2025-09-10T13:23:20","modified_gmt":"2025-09-10T11:23:20","slug":"chiaogoo-etui-a-crochets-petit","status":"publish","type":"product","link":"https:\/\/www.swisscrochet.ch\/fr\/produit\/chiaogoo-etui-a-crochets-petit\/","title":{"rendered":"Chiaogoo \u2013 \u00c9tui \u00e0 Crochets Petit"},"content":{"rendered":"","protected":false},"excerpt":{"rendered":"<p>Gardez vos outils de crochet bien rang\u00e9s gr\u00e2ce \u00e0 cet \u00e9tui compact et pratique sign\u00e9 Chiaogoo. Con\u00e7u pour s\u2019ouvrir comme un livre avec une fermeture \u00e9clair compl\u00e8te et s\u00e9curis\u00e9e, il allie fonctionnalit\u00e9 et \u00e9l\u00e9gance.<\/p>\n<p>\u00c0 l\u2019int\u00e9rieur, vous trouverez six pochettes parfaitement adapt\u00e9es aux crochets, ainsi qu\u2019une petite poche ext\u00e9rieure pour ranger vos accessoires comme des marqueurs de mailles, des aiguilles ou un m\u00e8tre ruban.<\/p>\n<p>L\u00e9ger et portable, il est id\u00e9al pour garder vos indispensables \u00e0 port\u00e9e de main, que vous crochetiez \u00e0 la maison ou en d\u00e9placement.<\/p>\n<p>Dimensions: 9 cm x 18 cm<\/p>\n","protected":false},"featured_media":11214,"template":"","meta":[],"product_brand":[],"product_cat":[221,577],"product_tag":[],"class_list":{"0":"post-11436","1":"product","2":"type-product","3":"status-publish","4":"has-post-thumbnail","6":"product_cat-crochets-et-outils","7":"product_cat-etuis-et-trousses","8":"product_shipping_class-petits-envois","9":"pa_t1-manufacturer-chiaogoo-fr","10":"description-off","12":"first","13":"instock","14":"taxable","15":"shipping-taxable","16":"purchasable","17":"product-type-simple"},"bundled_by":[],"bundle_stock_status":"instock","bundle_stock_quantity":6,"bundle_virtual":false,"bundle_layout":"","bundle_add_to_cart_form_location":"","bundle_editable_in_cart":false,"bundle_sold_individually_context":"","bundle_item_grouping":"","bundle_min_size":"","bundle_max_size":"","bundle_price":[],"bundled_items":[],"bundle_sell_ids":[],"yoast_head":"<!-- This site is optimized with the Yoast SEO plugin v27.5 - https:\/\/yoast.com\/product\/yoast-seo-wordpress\/ -->\n<title>Chiaogoo \u2013 \u00c9tui \u00e0 Crochets Petit &#171; Swiss Crochet<\/title>\n<meta name=\"description\" content=\"Gardez vos outils de crochet bien organis\u00e9s avec l\u2019\u00e9tui petit format de Chiaogoo. Comprend six pochettes, une poche ext\u00e9rieure pour accessoires et une fermeture \u00e9clair s\u00e9curis\u00e9e. Compact et pratique \u00e0 emporter.\" \/>\n<meta name=\"robots\" content=\"index, follow, max-snippet:-1, max-image-preview:large, max-video-preview:-1\" \/>\n<link rel=\"canonical\" href=\"https:\/\/www.swisscrochet.ch\/produit\/chiaogoo-crochet-hook-case-small\/\" \/>\n<meta property=\"og:locale\" content=\"fr_FR\" \/>\n<meta property=\"og:type\" content=\"article\" \/>\n<meta property=\"og:title\" content=\"Chiaogoo \u2013 \u00c9tui \u00e0 Crochets Petit &#171; Swiss Crochet\" \/>\n<meta property=\"og:description\" content=\"Gardez vos outils de crochet bien organis\u00e9s avec l\u2019\u00e9tui petit format de Chiaogoo. Comprend six pochettes, une poche ext\u00e9rieure pour accessoires et une fermeture \u00e9clair s\u00e9curis\u00e9e. Compact et pratique \u00e0 emporter.\" \/>\n<meta property=\"og:url\" content=\"https:\/\/www.swisscrochet.ch\/produit\/chiaogoo-crochet-hook-case-small\/\" \/>\n<meta property=\"og:site_name\" content=\"Swiss Crochet\" \/>\n<meta property=\"article:modified_time\" content=\"2025-09-10T11:23:20+00:00\" \/>\n<meta property=\"og:image\" content=\"https:\/\/www.swisscrochet.ch\/wp-content\/uploads\/2025\/09\/Chiaogoo-Crochet-Hook-Case-Small-Overview.jpg\" \/>\n\t<meta property=\"og:image:width\" content=\"1000\" \/>\n\t<meta property=\"og:image:height\" content=\"1000\" \/>\n\t<meta property=\"og:image:type\" content=\"image\/jpeg\" \/>\n<meta name=\"twitter:card\" content=\"summary_large_image\" \/>\n<meta name=\"twitter:label1\" content=\"Dur\u00e9e de lecture estim\u00e9e\" \/>\n\t<meta name=\"twitter:data1\" content=\"1 minute\" \/>\n<script type=\"application\/ld+json\" class=\"yoast-schema-graph\">{\"@context\":\"https:\\\/\\\/schema.org\",\"@graph\":[{\"@type\":[\"WebPage\",\"ItemPage\"],\"@id\":\"https:\\\/\\\/www.swisscrochet.ch\\\/produit\\\/chiaogoo-crochet-hook-case-small\\\/\",\"url\":\"https:\\\/\\\/www.swisscrochet.ch\\\/produit\\\/chiaogoo-crochet-hook-case-small\\\/\",\"name\":\"Chiaogoo \u2013 \u00c9tui \u00e0 Crochets Petit &#171; Swiss Crochet\",\"isPartOf\":{\"@id\":\"https:\\\/\\\/www.swisscrochet.ch\\\/#website\"},\"primaryImageOfPage\":{\"@id\":\"https:\\\/\\\/www.swisscrochet.ch\\\/produit\\\/chiaogoo-crochet-hook-case-small\\\/#primaryimage\"},\"image\":{\"@id\":\"https:\\\/\\\/www.swisscrochet.ch\\\/produit\\\/chiaogoo-crochet-hook-case-small\\\/#primaryimage\"},\"thumbnailUrl\":\"https:\\\/\\\/www.swisscrochet.ch\\\/wp-content\\\/uploads\\\/2025\\\/09\\\/Chiaogoo-Crochet-Hook-Case-Small-Overview.jpg\",\"datePublished\":\"2025-09-10T09:55:24+00:00\",\"dateModified\":\"2025-09-10T11:23:20+00:00\",\"description\":\"Gardez vos outils de crochet bien organis\u00e9s avec l\u2019\u00e9tui petit format de Chiaogoo. Comprend six pochettes, une poche ext\u00e9rieure pour accessoires et une fermeture \u00e9clair s\u00e9curis\u00e9e. Compact et pratique \u00e0 emporter.\",\"breadcrumb\":{\"@id\":\"https:\\\/\\\/www.swisscrochet.ch\\\/produit\\\/chiaogoo-crochet-hook-case-small\\\/#breadcrumb\"},\"inLanguage\":\"fr-FR\",\"potentialAction\":[{\"@type\":\"ReadAction\",\"target\":[\"https:\\\/\\\/www.swisscrochet.ch\\\/produit\\\/chiaogoo-crochet-hook-case-small\\\/\"]}]},{\"@type\":\"ImageObject\",\"inLanguage\":\"fr-FR\",\"@id\":\"https:\\\/\\\/www.swisscrochet.ch\\\/produit\\\/chiaogoo-crochet-hook-case-small\\\/#primaryimage\",\"url\":\"https:\\\/\\\/www.swisscrochet.ch\\\/wp-content\\\/uploads\\\/2025\\\/09\\\/Chiaogoo-Crochet-Hook-Case-Small-Overview.jpg\",\"contentUrl\":\"https:\\\/\\\/www.swisscrochet.ch\\\/wp-content\\\/uploads\\\/2025\\\/09\\\/Chiaogoo-Crochet-Hook-Case-Small-Overview.jpg\",\"width\":1000,\"height\":1000},{\"@type\":\"BreadcrumbList\",\"@id\":\"https:\\\/\\\/www.swisscrochet.ch\\\/produit\\\/chiaogoo-crochet-hook-case-small\\\/#breadcrumb\",\"itemListElement\":[{\"@type\":\"ListItem\",\"position\":1,\"name\":\"Home\",\"item\":\"https:\\\/\\\/www.swisscrochet.ch\\\/fr\\\/\"},{\"@type\":\"ListItem\",\"position\":2,\"name\":\"Boutique\",\"item\":\"https:\\\/\\\/www.swisscrochet.ch\\\/fr\\\/boutique\\\/\"},{\"@type\":\"ListItem\",\"position\":3,\"name\":\"Chiaogoo \u2013 \u00c9tui \u00e0 Crochets Petit\"}]},{\"@type\":\"WebSite\",\"@id\":\"https:\\\/\\\/www.swisscrochet.ch\\\/#website\",\"url\":\"https:\\\/\\\/www.swisscrochet.ch\\\/\",\"name\":\"Swiss Crochet\",\"description\":\"Lib\u00e9rez votre potentiel cr\u00e9atif\",\"potentialAction\":[{\"@type\":\"SearchAction\",\"target\":{\"@type\":\"EntryPoint\",\"urlTemplate\":\"https:\\\/\\\/www.swisscrochet.ch\\\/?s={search_term_string}\"},\"query-input\":{\"@type\":\"PropertyValueSpecification\",\"valueRequired\":true,\"valueName\":\"search_term_string\"}}],\"inLanguage\":\"fr-FR\"}]}<\/script>\n<!-- \/ Yoast SEO plugin. -->","yoast_head_json":{"title":"Chiaogoo \u2013 \u00c9tui \u00e0 Crochets Petit &#171; Swiss Crochet","description":"Gardez vos outils de crochet bien organis\u00e9s avec l\u2019\u00e9tui petit format de Chiaogoo. Comprend six pochettes, une poche ext\u00e9rieure pour accessoires et une fermeture \u00e9clair s\u00e9curis\u00e9e. Compact et pratique \u00e0 emporter.","robots":{"index":"index","follow":"follow","max-snippet":"max-snippet:-1","max-image-preview":"max-image-preview:large","max-video-preview":"max-video-preview:-1"},"canonical":"https:\/\/www.swisscrochet.ch\/produit\/chiaogoo-crochet-hook-case-small\/","og_locale":"fr_FR","og_type":"article","og_title":"Chiaogoo \u2013 \u00c9tui \u00e0 Crochets Petit &#171; Swiss Crochet","og_description":"Gardez vos outils de crochet bien organis\u00e9s avec l\u2019\u00e9tui petit format de Chiaogoo. Comprend six pochettes, une poche ext\u00e9rieure pour accessoires et une fermeture \u00e9clair s\u00e9curis\u00e9e. Compact et pratique \u00e0 emporter.","og_url":"https:\/\/www.swisscrochet.ch\/produit\/chiaogoo-crochet-hook-case-small\/","og_site_name":"Swiss Crochet","article_modified_time":"2025-09-10T11:23:20+00:00","og_image":[{"width":1000,"height":1000,"url":"https:\/\/www.swisscrochet.ch\/wp-content\/uploads\/2025\/09\/Chiaogoo-Crochet-Hook-Case-Small-Overview.jpg","type":"image\/jpeg"}],"twitter_card":"summary_large_image","twitter_misc":{"Dur\u00e9e de lecture estim\u00e9e":"1 minute"},"schema":{"@context":"https:\/\/schema.org","@graph":[{"@type":["WebPage","ItemPage"],"@id":"https:\/\/www.swisscrochet.ch\/produit\/chiaogoo-crochet-hook-case-small\/","url":"https:\/\/www.swisscrochet.ch\/produit\/chiaogoo-crochet-hook-case-small\/","name":"Chiaogoo \u2013 \u00c9tui \u00e0 Crochets Petit &#171; Swiss Crochet","isPartOf":{"@id":"https:\/\/www.swisscrochet.ch\/#website"},"primaryImageOfPage":{"@id":"https:\/\/www.swisscrochet.ch\/produit\/chiaogoo-crochet-hook-case-small\/#primaryimage"},"image":{"@id":"https:\/\/www.swisscrochet.ch\/produit\/chiaogoo-crochet-hook-case-small\/#primaryimage"},"thumbnailUrl":"https:\/\/www.swisscrochet.ch\/wp-content\/uploads\/2025\/09\/Chiaogoo-Crochet-Hook-Case-Small-Overview.jpg","datePublished":"2025-09-10T09:55:24+00:00","dateModified":"2025-09-10T11:23:20+00:00","description":"Gardez vos outils de crochet bien organis\u00e9s avec l\u2019\u00e9tui petit format de Chiaogoo. Comprend six pochettes, une poche ext\u00e9rieure pour accessoires et une fermeture \u00e9clair s\u00e9curis\u00e9e. Compact et pratique \u00e0 emporter.","breadcrumb":{"@id":"https:\/\/www.swisscrochet.ch\/produit\/chiaogoo-crochet-hook-case-small\/#breadcrumb"},"inLanguage":"fr-FR","potentialAction":[{"@type":"ReadAction","target":["https:\/\/www.swisscrochet.ch\/produit\/chiaogoo-crochet-hook-case-small\/"]}]},{"@type":"ImageObject","inLanguage":"fr-FR","@id":"https:\/\/www.swisscrochet.ch\/produit\/chiaogoo-crochet-hook-case-small\/#primaryimage","url":"https:\/\/www.swisscrochet.ch\/wp-content\/uploads\/2025\/09\/Chiaogoo-Crochet-Hook-Case-Small-Overview.jpg","contentUrl":"https:\/\/www.swisscrochet.ch\/wp-content\/uploads\/2025\/09\/Chiaogoo-Crochet-Hook-Case-Small-Overview.jpg","width":1000,"height":1000},{"@type":"BreadcrumbList","@id":"https:\/\/www.swisscrochet.ch\/produit\/chiaogoo-crochet-hook-case-small\/#breadcrumb","itemListElement":[{"@type":"ListItem","position":1,"name":"Home","item":"https:\/\/www.swisscrochet.ch\/fr\/"},{"@type":"ListItem","position":2,"name":"Boutique","item":"https:\/\/www.swisscrochet.ch\/fr\/boutique\/"},{"@type":"ListItem","position":3,"name":"Chiaogoo \u2013 \u00c9tui \u00e0 Crochets Petit"}]},{"@type":"WebSite","@id":"https:\/\/www.swisscrochet.ch\/#website","url":"https:\/\/www.swisscrochet.ch\/","name":"Swiss Crochet","description":"Lib\u00e9rez votre potentiel cr\u00e9atif","potentialAction":[{"@type":"SearchAction","target":{"@type":"EntryPoint","urlTemplate":"https:\/\/www.swisscrochet.ch\/?s={search_term_string}"},"query-input":{"@type":"PropertyValueSpecification","valueRequired":true,"valueName":"search_term_string"}}],"inLanguage":"fr-FR"}]}},"_links":{"self":[{"href":"https:\/\/www.swisscrochet.ch\/fr\/wp-json\/wp\/v2\/product\/11436","targetHints":{"allow":["GET"]}}],"collection":[{"href":"https:\/\/www.swisscrochet.ch\/fr\/wp-json\/wp\/v2\/product"}],"about":[{"href":"https:\/\/www.swisscrochet.ch\/fr\/wp-json\/wp\/v2\/types\/product"}],"wp:featuredmedia":[{"embeddable":true,"href":"https:\/\/www.swisscrochet.ch\/fr\/wp-json\/wp\/v2\/media\/11214"}],"wp:attachment":[{"href":"https:\/\/www.swisscrochet.ch\/fr\/wp-json\/wp\/v2\/media?parent=11436"}],"wp:term":[{"taxonomy":"product_brand","embeddable":true,"href":"https:\/\/www.swisscrochet.ch\/fr\/wp-json\/wp\/v2\/product_brand?post=11436"},{"taxonomy":"product_cat","embeddable":true,"href":"https:\/\/www.swisscrochet.ch\/fr\/wp-json\/wp\/v2\/product_cat?post=11436"},{"taxonomy":"product_tag","embeddable":true,"href":"https:\/\/www.swisscrochet.ch\/fr\/wp-json\/wp\/v2\/product_tag?post=11436"}],"curies":[{"name":"wp","href":"https:\/\/api.w.org\/{rel}","templated":true}]}}