{"id":11446,"date":"2025-09-10T14:41:52","date_gmt":"2025-09-10T12:41:52","guid":{"rendered":"https:\/\/www.swisscrochet.ch\/product\/chiaogoo-crochet-hook-case-large\/"},"modified":"2025-09-10T15:00:24","modified_gmt":"2025-09-10T13:00:24","slug":"chiaogoo-etui-a-crochets-grand","status":"publish","type":"product","link":"https:\/\/www.swisscrochet.ch\/fr\/produit\/chiaogoo-etui-a-crochets-grand\/","title":{"rendered":"Chiaogoo &#8211; \u00c9tui \u00e0 Crochets Grand"},"content":{"rendered":"","protected":false},"excerpt":{"rendered":"<p>Gardez vos crochets parfaitement rang\u00e9s gr\u00e2ce \u00e0 ce grand \u00e9tui pratique et spacieux sign\u00e9 Chiaogoo. Con\u00e7u pour s\u2019ouvrir \u00e0 plat comme un livre avec une fermeture \u00e9clair compl\u00e8te et s\u00e9curis\u00e9e, il offre un acc\u00e8s facile \u00e0 tous vos outils.<\/p>\n<p>\u00c0 l\u2019int\u00e9rieur, vous trouverez 11 pochettes d\u00e9di\u00e9es pour accueillir des crochets de diff\u00e9rentes tailles, ainsi qu\u2019une petite poche ext\u00e9rieure pour ranger vos accessoires comme des marqueurs de mailles, des aiguilles ou d\u2019autres petits outils.<\/p>\n<p>Avec ses dimensions de 20 cm x 15 cm, cet \u00e9tui est assez compact pour \u00eatre transport\u00e9 partout, tout en offrant suffisamment de place pour garder vos essentiels de crochet organis\u00e9s et pr\u00eats \u00e0 l\u2019emploi.<\/p>\n","protected":false},"featured_media":11226,"template":"","meta":[],"product_brand":[],"product_cat":[221,577],"product_tag":[],"class_list":{"0":"post-11446","1":"product","2":"type-product","3":"status-publish","4":"has-post-thumbnail","6":"product_cat-crochets-et-outils","7":"product_cat-etuis-et-trousses","8":"product_shipping_class-petits-envois","9":"pa_t1-manufacturer-chiaogoo-fr","10":"description-off","12":"first","13":"instock","14":"taxable","15":"shipping-taxable","16":"purchasable","17":"product-type-simple"},"bundled_by":[],"bundle_stock_status":"instock","bundle_stock_quantity":3,"bundle_virtual":false,"bundle_layout":"","bundle_add_to_cart_form_location":"","bundle_editable_in_cart":false,"bundle_sold_individually_context":"","bundle_item_grouping":"","bundle_min_size":"","bundle_max_size":"","bundle_price":[],"bundled_items":[],"bundle_sell_ids":[],"yoast_head":"<!-- This site is optimized with the Yoast SEO plugin v27.5 - https:\/\/yoast.com\/product\/yoast-seo-wordpress\/ -->\n<title>Chiaogoo - \u00c9tui \u00e0 Crochets Grand &#171; Swiss Crochet<\/title>\n<meta name=\"description\" content=\"Gardez vos crochets bien organis\u00e9s avec le grand \u00e9tui \u00e0 crochets de Chiaogoo. Dot\u00e9 de 11 pochettes, d\u2019une poche ext\u00e9rieure pour accessoires et d\u2019une fermeture \u00e9clair s\u00e9curis\u00e9e, c\u2019est la solution id\u00e9ale pour ranger vos outils.\" \/>\n<meta name=\"robots\" content=\"index, follow, max-snippet:-1, max-image-preview:large, max-video-preview:-1\" \/>\n<link rel=\"canonical\" href=\"https:\/\/www.swisscrochet.ch\/produit\/chiaogoo-crochet-hook-case-large\/\" \/>\n<meta property=\"og:locale\" content=\"fr_FR\" \/>\n<meta property=\"og:type\" content=\"article\" \/>\n<meta property=\"og:title\" content=\"Chiaogoo - \u00c9tui \u00e0 Crochets Grand &#171; Swiss Crochet\" \/>\n<meta property=\"og:description\" content=\"Gardez vos crochets bien organis\u00e9s avec le grand \u00e9tui \u00e0 crochets de Chiaogoo. Dot\u00e9 de 11 pochettes, d\u2019une poche ext\u00e9rieure pour accessoires et d\u2019une fermeture \u00e9clair s\u00e9curis\u00e9e, c\u2019est la solution id\u00e9ale pour ranger vos outils.\" \/>\n<meta property=\"og:url\" content=\"https:\/\/www.swisscrochet.ch\/produit\/chiaogoo-crochet-hook-case-large\/\" \/>\n<meta property=\"og:site_name\" content=\"Swiss Crochet\" \/>\n<meta property=\"article:modified_time\" content=\"2025-09-10T13:00:24+00:00\" \/>\n<meta property=\"og:image\" content=\"https:\/\/www.swisscrochet.ch\/wp-content\/uploads\/2025\/09\/Chiaogoo-Crochet-Hook-Case-Large-Overview.jpg\" \/>\n\t<meta property=\"og:image:width\" content=\"1000\" \/>\n\t<meta property=\"og:image:height\" content=\"1000\" \/>\n\t<meta property=\"og:image:type\" content=\"image\/jpeg\" \/>\n<meta name=\"twitter:card\" content=\"summary_large_image\" \/>\n<meta name=\"twitter:label1\" content=\"Dur\u00e9e de lecture estim\u00e9e\" \/>\n\t<meta name=\"twitter:data1\" content=\"1 minute\" \/>\n<script type=\"application\/ld+json\" class=\"yoast-schema-graph\">{\"@context\":\"https:\\\/\\\/schema.org\",\"@graph\":[{\"@type\":[\"WebPage\",\"ItemPage\"],\"@id\":\"https:\\\/\\\/www.swisscrochet.ch\\\/produit\\\/chiaogoo-crochet-hook-case-large\\\/\",\"url\":\"https:\\\/\\\/www.swisscrochet.ch\\\/produit\\\/chiaogoo-crochet-hook-case-large\\\/\",\"name\":\"Chiaogoo - \u00c9tui \u00e0 Crochets Grand &#171; Swiss Crochet\",\"isPartOf\":{\"@id\":\"https:\\\/\\\/www.swisscrochet.ch\\\/#website\"},\"primaryImageOfPage\":{\"@id\":\"https:\\\/\\\/www.swisscrochet.ch\\\/produit\\\/chiaogoo-crochet-hook-case-large\\\/#primaryimage\"},\"image\":{\"@id\":\"https:\\\/\\\/www.swisscrochet.ch\\\/produit\\\/chiaogoo-crochet-hook-case-large\\\/#primaryimage\"},\"thumbnailUrl\":\"https:\\\/\\\/www.swisscrochet.ch\\\/wp-content\\\/uploads\\\/2025\\\/09\\\/Chiaogoo-Crochet-Hook-Case-Large-Overview.jpg\",\"datePublished\":\"2025-09-10T12:41:52+00:00\",\"dateModified\":\"2025-09-10T13:00:24+00:00\",\"description\":\"Gardez vos crochets bien organis\u00e9s avec le grand \u00e9tui \u00e0 crochets de Chiaogoo. Dot\u00e9 de 11 pochettes, d\u2019une poche ext\u00e9rieure pour accessoires et d\u2019une fermeture \u00e9clair s\u00e9curis\u00e9e, c\u2019est la solution id\u00e9ale pour ranger vos outils.\",\"breadcrumb\":{\"@id\":\"https:\\\/\\\/www.swisscrochet.ch\\\/produit\\\/chiaogoo-crochet-hook-case-large\\\/#breadcrumb\"},\"inLanguage\":\"fr-FR\",\"potentialAction\":[{\"@type\":\"ReadAction\",\"target\":[\"https:\\\/\\\/www.swisscrochet.ch\\\/produit\\\/chiaogoo-crochet-hook-case-large\\\/\"]}]},{\"@type\":\"ImageObject\",\"inLanguage\":\"fr-FR\",\"@id\":\"https:\\\/\\\/www.swisscrochet.ch\\\/produit\\\/chiaogoo-crochet-hook-case-large\\\/#primaryimage\",\"url\":\"https:\\\/\\\/www.swisscrochet.ch\\\/wp-content\\\/uploads\\\/2025\\\/09\\\/Chiaogoo-Crochet-Hook-Case-Large-Overview.jpg\",\"contentUrl\":\"https:\\\/\\\/www.swisscrochet.ch\\\/wp-content\\\/uploads\\\/2025\\\/09\\\/Chiaogoo-Crochet-Hook-Case-Large-Overview.jpg\",\"width\":1000,\"height\":1000},{\"@type\":\"BreadcrumbList\",\"@id\":\"https:\\\/\\\/www.swisscrochet.ch\\\/produit\\\/chiaogoo-crochet-hook-case-large\\\/#breadcrumb\",\"itemListElement\":[{\"@type\":\"ListItem\",\"position\":1,\"name\":\"Home\",\"item\":\"https:\\\/\\\/www.swisscrochet.ch\\\/fr\\\/\"},{\"@type\":\"ListItem\",\"position\":2,\"name\":\"Boutique\",\"item\":\"https:\\\/\\\/www.swisscrochet.ch\\\/fr\\\/boutique\\\/\"},{\"@type\":\"ListItem\",\"position\":3,\"name\":\"Chiaogoo &#8211; \u00c9tui \u00e0 Crochets Grand\"}]},{\"@type\":\"WebSite\",\"@id\":\"https:\\\/\\\/www.swisscrochet.ch\\\/#website\",\"url\":\"https:\\\/\\\/www.swisscrochet.ch\\\/\",\"name\":\"Swiss Crochet\",\"description\":\"Lib\u00e9rez votre potentiel cr\u00e9atif\",\"potentialAction\":[{\"@type\":\"SearchAction\",\"target\":{\"@type\":\"EntryPoint\",\"urlTemplate\":\"https:\\\/\\\/www.swisscrochet.ch\\\/?s={search_term_string}\"},\"query-input\":{\"@type\":\"PropertyValueSpecification\",\"valueRequired\":true,\"valueName\":\"search_term_string\"}}],\"inLanguage\":\"fr-FR\"}]}<\/script>\n<!-- \/ Yoast SEO plugin. -->","yoast_head_json":{"title":"Chiaogoo - \u00c9tui \u00e0 Crochets Grand &#171; Swiss Crochet","description":"Gardez vos crochets bien organis\u00e9s avec le grand \u00e9tui \u00e0 crochets de Chiaogoo. Dot\u00e9 de 11 pochettes, d\u2019une poche ext\u00e9rieure pour accessoires et d\u2019une fermeture \u00e9clair s\u00e9curis\u00e9e, c\u2019est la solution id\u00e9ale pour ranger vos outils.","robots":{"index":"index","follow":"follow","max-snippet":"max-snippet:-1","max-image-preview":"max-image-preview:large","max-video-preview":"max-video-preview:-1"},"canonical":"https:\/\/www.swisscrochet.ch\/produit\/chiaogoo-crochet-hook-case-large\/","og_locale":"fr_FR","og_type":"article","og_title":"Chiaogoo - \u00c9tui \u00e0 Crochets Grand &#171; Swiss Crochet","og_description":"Gardez vos crochets bien organis\u00e9s avec le grand \u00e9tui \u00e0 crochets de Chiaogoo. Dot\u00e9 de 11 pochettes, d\u2019une poche ext\u00e9rieure pour accessoires et d\u2019une fermeture \u00e9clair s\u00e9curis\u00e9e, c\u2019est la solution id\u00e9ale pour ranger vos outils.","og_url":"https:\/\/www.swisscrochet.ch\/produit\/chiaogoo-crochet-hook-case-large\/","og_site_name":"Swiss Crochet","article_modified_time":"2025-09-10T13:00:24+00:00","og_image":[{"width":1000,"height":1000,"url":"https:\/\/www.swisscrochet.ch\/wp-content\/uploads\/2025\/09\/Chiaogoo-Crochet-Hook-Case-Large-Overview.jpg","type":"image\/jpeg"}],"twitter_card":"summary_large_image","twitter_misc":{"Dur\u00e9e de lecture estim\u00e9e":"1 minute"},"schema":{"@context":"https:\/\/schema.org","@graph":[{"@type":["WebPage","ItemPage"],"@id":"https:\/\/www.swisscrochet.ch\/produit\/chiaogoo-crochet-hook-case-large\/","url":"https:\/\/www.swisscrochet.ch\/produit\/chiaogoo-crochet-hook-case-large\/","name":"Chiaogoo - \u00c9tui \u00e0 Crochets Grand &#171; Swiss Crochet","isPartOf":{"@id":"https:\/\/www.swisscrochet.ch\/#website"},"primaryImageOfPage":{"@id":"https:\/\/www.swisscrochet.ch\/produit\/chiaogoo-crochet-hook-case-large\/#primaryimage"},"image":{"@id":"https:\/\/www.swisscrochet.ch\/produit\/chiaogoo-crochet-hook-case-large\/#primaryimage"},"thumbnailUrl":"https:\/\/www.swisscrochet.ch\/wp-content\/uploads\/2025\/09\/Chiaogoo-Crochet-Hook-Case-Large-Overview.jpg","datePublished":"2025-09-10T12:41:52+00:00","dateModified":"2025-09-10T13:00:24+00:00","description":"Gardez vos crochets bien organis\u00e9s avec le grand \u00e9tui \u00e0 crochets de Chiaogoo. Dot\u00e9 de 11 pochettes, d\u2019une poche ext\u00e9rieure pour accessoires et d\u2019une fermeture \u00e9clair s\u00e9curis\u00e9e, c\u2019est la solution id\u00e9ale pour ranger vos outils.","breadcrumb":{"@id":"https:\/\/www.swisscrochet.ch\/produit\/chiaogoo-crochet-hook-case-large\/#breadcrumb"},"inLanguage":"fr-FR","potentialAction":[{"@type":"ReadAction","target":["https:\/\/www.swisscrochet.ch\/produit\/chiaogoo-crochet-hook-case-large\/"]}]},{"@type":"ImageObject","inLanguage":"fr-FR","@id":"https:\/\/www.swisscrochet.ch\/produit\/chiaogoo-crochet-hook-case-large\/#primaryimage","url":"https:\/\/www.swisscrochet.ch\/wp-content\/uploads\/2025\/09\/Chiaogoo-Crochet-Hook-Case-Large-Overview.jpg","contentUrl":"https:\/\/www.swisscrochet.ch\/wp-content\/uploads\/2025\/09\/Chiaogoo-Crochet-Hook-Case-Large-Overview.jpg","width":1000,"height":1000},{"@type":"BreadcrumbList","@id":"https:\/\/www.swisscrochet.ch\/produit\/chiaogoo-crochet-hook-case-large\/#breadcrumb","itemListElement":[{"@type":"ListItem","position":1,"name":"Home","item":"https:\/\/www.swisscrochet.ch\/fr\/"},{"@type":"ListItem","position":2,"name":"Boutique","item":"https:\/\/www.swisscrochet.ch\/fr\/boutique\/"},{"@type":"ListItem","position":3,"name":"Chiaogoo &#8211; \u00c9tui \u00e0 Crochets Grand"}]},{"@type":"WebSite","@id":"https:\/\/www.swisscrochet.ch\/#website","url":"https:\/\/www.swisscrochet.ch\/","name":"Swiss Crochet","description":"Lib\u00e9rez votre potentiel cr\u00e9atif","potentialAction":[{"@type":"SearchAction","target":{"@type":"EntryPoint","urlTemplate":"https:\/\/www.swisscrochet.ch\/?s={search_term_string}"},"query-input":{"@type":"PropertyValueSpecification","valueRequired":true,"valueName":"search_term_string"}}],"inLanguage":"fr-FR"}]}},"_links":{"self":[{"href":"https:\/\/www.swisscrochet.ch\/fr\/wp-json\/wp\/v2\/product\/11446","targetHints":{"allow":["GET"]}}],"collection":[{"href":"https:\/\/www.swisscrochet.ch\/fr\/wp-json\/wp\/v2\/product"}],"about":[{"href":"https:\/\/www.swisscrochet.ch\/fr\/wp-json\/wp\/v2\/types\/product"}],"wp:featuredmedia":[{"embeddable":true,"href":"https:\/\/www.swisscrochet.ch\/fr\/wp-json\/wp\/v2\/media\/11226"}],"wp:attachment":[{"href":"https:\/\/www.swisscrochet.ch\/fr\/wp-json\/wp\/v2\/media?parent=11446"}],"wp:term":[{"taxonomy":"product_brand","embeddable":true,"href":"https:\/\/www.swisscrochet.ch\/fr\/wp-json\/wp\/v2\/product_brand?post=11446"},{"taxonomy":"product_cat","embeddable":true,"href":"https:\/\/www.swisscrochet.ch\/fr\/wp-json\/wp\/v2\/product_cat?post=11446"},{"taxonomy":"product_tag","embeddable":true,"href":"https:\/\/www.swisscrochet.ch\/fr\/wp-json\/wp\/v2\/product_tag?post=11446"}],"curies":[{"name":"wp","href":"https:\/\/api.w.org\/{rel}","templated":true}]}}