{"id":11466,"date":"2025-09-10T16:18:28","date_gmt":"2025-09-10T14:18:28","guid":{"rendered":"https:\/\/www.swisscrochet.ch\/product\/21-accessoires-d-ete-au-crochet-lagoon-moe-nagai\/"},"modified":"2026-03-18T00:20:43","modified_gmt":"2026-03-17T23:20:43","slug":"21-accessoires-d-ete-au-crochet-lagoon-moe-nagai","status":"publish","type":"product","link":"https:\/\/www.swisscrochet.ch\/fr\/produit\/21-accessoires-d-ete-au-crochet-lagoon-moe-nagai\/","title":{"rendered":"21 Accessoires d&rsquo; \u00e9t\u00e9 au crochet &#8211; Lagoon Moe Nagai"},"content":{"rendered":"","protected":false},"excerpt":{"rendered":"<p>Apportez une touche estivale et tendance \u00e0 vos tenues avec des accessoires uniques au crochet en raphia. Cabas, pochettes, \u00e9tuis ou sacs\u2026 cr\u00e9ez vos propres mod\u00e8les au lieu de les acheter, pour des pi\u00e8ces vraiment personnelles.<\/p>\n<p>Ce livre propose 20 projets styl\u00e9s \u00e0 crocheter facilement avec la fibre incontournable du moment, le raphia. Que vous soyez d\u00e9butante ou d\u00e9j\u00e0 passionn\u00e9e de crochet, vous trouverez des explications claires pour r\u00e9aliser vos accessoires pr\u00e9f\u00e9r\u00e9s et enrichir votre garde-robe estivale.<\/p>\n<p>Langue : Fran\u00e7ais<\/p>\n","protected":false},"featured_media":11287,"template":"","meta":[],"product_brand":[],"product_cat":[1419,208],"product_tag":[],"class_list":{"0":"post-11466","1":"product","2":"type-product","3":"status-publish","4":"has-post-thumbnail","6":"product_cat-accessoires","7":"product_cat-livres","8":"pa_b1-language-francais","9":"pa_b11-author-designer-lagoon-moe-nagai-fr","10":"description-off","12":"first","13":"instock","14":"taxable","15":"shipping-taxable","16":"purchasable","17":"product-type-simple"},"bundled_by":["25451"],"bundle_stock_status":"instock","bundle_stock_quantity":10,"bundle_virtual":false,"bundle_layout":"","bundle_add_to_cart_form_location":"","bundle_editable_in_cart":false,"bundle_sold_individually_context":"","bundle_item_grouping":"","bundle_min_size":"","bundle_max_size":"","bundle_price":[],"bundled_items":[],"bundle_sell_ids":[],"yoast_head":"<!-- This site is optimized with the Yoast SEO plugin v27.5 - https:\/\/yoast.com\/product\/yoast-seo-wordpress\/ -->\n<title>21 Accessoires d&#039; \u00e9t\u00e9 au crochet - Lagoon Moe Nagai &#171; Swiss Crochet<\/title>\n<meta name=\"robots\" content=\"index, follow, max-snippet:-1, max-image-preview:large, max-video-preview:-1\" \/>\n<link rel=\"canonical\" href=\"https:\/\/www.swisscrochet.ch\/fr\/produit\/21-accessoires-d-ete-au-crochet-lagoon-moe-nagai\/\" \/>\n<meta property=\"og:locale\" content=\"fr_FR\" \/>\n<meta property=\"og:type\" content=\"article\" \/>\n<meta property=\"og:title\" content=\"21 Accessoires d&#039; \u00e9t\u00e9 au crochet - Lagoon Moe Nagai &#171; Swiss Crochet\" \/>\n<meta property=\"og:description\" content=\"Apportez une touche estivale et tendance \u00e0 vos tenues avec des accessoires uniques au crochet en raphia. Cabas, pochettes, \u00e9tuis ou sacs\u2026 cr\u00e9ez vos propres mod\u00e8les au lieu de les acheter, pour des pi\u00e8ces vraiment personnelles.  Ce livre propose 20 projets styl\u00e9s \u00e0 crocheter facilement avec la fibre incontournable du moment, le raphia. Que vous soyez d\u00e9butante ou d\u00e9j\u00e0 passionn\u00e9e de crochet, vous trouverez des explications claires pour r\u00e9aliser vos accessoires pr\u00e9f\u00e9r\u00e9s et enrichir votre garde-robe estivale.  Langue : Fran\u00e7ais\" \/>\n<meta property=\"og:url\" content=\"https:\/\/www.swisscrochet.ch\/fr\/produit\/21-accessoires-d-ete-au-crochet-lagoon-moe-nagai\/\" \/>\n<meta property=\"og:site_name\" content=\"Swiss Crochet\" \/>\n<meta property=\"article:modified_time\" content=\"2026-03-17T23:20:43+00:00\" \/>\n<meta property=\"og:image\" content=\"https:\/\/www.swisscrochet.ch\/wp-content\/uploads\/2025\/09\/21-Accessoires-dete-au-crochet-Overview.jpg\" \/>\n\t<meta property=\"og:image:width\" content=\"1000\" \/>\n\t<meta property=\"og:image:height\" content=\"1000\" \/>\n\t<meta property=\"og:image:type\" content=\"image\/jpeg\" \/>\n<meta name=\"twitter:card\" content=\"summary_large_image\" \/>\n<meta name=\"twitter:label1\" content=\"Dur\u00e9e de lecture estim\u00e9e\" \/>\n\t<meta name=\"twitter:data1\" content=\"1 minute\" \/>\n<script type=\"application\/ld+json\" class=\"yoast-schema-graph\">{\"@context\":\"https:\\\/\\\/schema.org\",\"@graph\":[{\"@type\":[\"WebPage\",\"ItemPage\"],\"@id\":\"https:\\\/\\\/www.swisscrochet.ch\\\/fr\\\/produit\\\/21-accessoires-d-ete-au-crochet-lagoon-moe-nagai\\\/\",\"url\":\"https:\\\/\\\/www.swisscrochet.ch\\\/fr\\\/produit\\\/21-accessoires-d-ete-au-crochet-lagoon-moe-nagai\\\/\",\"name\":\"21 Accessoires d' \u00e9t\u00e9 au crochet - Lagoon Moe Nagai &#171; Swiss Crochet\",\"isPartOf\":{\"@id\":\"https:\\\/\\\/www.swisscrochet.ch\\\/#website\"},\"primaryImageOfPage\":{\"@id\":\"https:\\\/\\\/www.swisscrochet.ch\\\/fr\\\/produit\\\/21-accessoires-d-ete-au-crochet-lagoon-moe-nagai\\\/#primaryimage\"},\"image\":{\"@id\":\"https:\\\/\\\/www.swisscrochet.ch\\\/fr\\\/produit\\\/21-accessoires-d-ete-au-crochet-lagoon-moe-nagai\\\/#primaryimage\"},\"thumbnailUrl\":\"https:\\\/\\\/www.swisscrochet.ch\\\/wp-content\\\/uploads\\\/2025\\\/09\\\/21-Accessoires-dete-au-crochet-Overview.jpg\",\"datePublished\":\"2025-09-10T14:18:28+00:00\",\"dateModified\":\"2026-03-17T23:20:43+00:00\",\"breadcrumb\":{\"@id\":\"https:\\\/\\\/www.swisscrochet.ch\\\/fr\\\/produit\\\/21-accessoires-d-ete-au-crochet-lagoon-moe-nagai\\\/#breadcrumb\"},\"inLanguage\":\"fr-FR\",\"potentialAction\":[{\"@type\":\"ReadAction\",\"target\":[\"https:\\\/\\\/www.swisscrochet.ch\\\/fr\\\/produit\\\/21-accessoires-d-ete-au-crochet-lagoon-moe-nagai\\\/\"]}]},{\"@type\":\"ImageObject\",\"inLanguage\":\"fr-FR\",\"@id\":\"https:\\\/\\\/www.swisscrochet.ch\\\/fr\\\/produit\\\/21-accessoires-d-ete-au-crochet-lagoon-moe-nagai\\\/#primaryimage\",\"url\":\"https:\\\/\\\/www.swisscrochet.ch\\\/wp-content\\\/uploads\\\/2025\\\/09\\\/21-Accessoires-dete-au-crochet-Overview.jpg\",\"contentUrl\":\"https:\\\/\\\/www.swisscrochet.ch\\\/wp-content\\\/uploads\\\/2025\\\/09\\\/21-Accessoires-dete-au-crochet-Overview.jpg\",\"width\":1000,\"height\":1000},{\"@type\":\"BreadcrumbList\",\"@id\":\"https:\\\/\\\/www.swisscrochet.ch\\\/fr\\\/produit\\\/21-accessoires-d-ete-au-crochet-lagoon-moe-nagai\\\/#breadcrumb\",\"itemListElement\":[{\"@type\":\"ListItem\",\"position\":1,\"name\":\"Home\",\"item\":\"https:\\\/\\\/www.swisscrochet.ch\\\/fr\\\/\"},{\"@type\":\"ListItem\",\"position\":2,\"name\":\"Boutique\",\"item\":\"https:\\\/\\\/www.swisscrochet.ch\\\/fr\\\/boutique\\\/\"},{\"@type\":\"ListItem\",\"position\":3,\"name\":\"21 Accessoires d&#8217; \u00e9t\u00e9 au crochet &#8211; Lagoon Moe Nagai\"}]},{\"@type\":\"WebSite\",\"@id\":\"https:\\\/\\\/www.swisscrochet.ch\\\/#website\",\"url\":\"https:\\\/\\\/www.swisscrochet.ch\\\/\",\"name\":\"Swiss Crochet\",\"description\":\"Lib\u00e9rez votre potentiel cr\u00e9atif\",\"potentialAction\":[{\"@type\":\"SearchAction\",\"target\":{\"@type\":\"EntryPoint\",\"urlTemplate\":\"https:\\\/\\\/www.swisscrochet.ch\\\/?s={search_term_string}\"},\"query-input\":{\"@type\":\"PropertyValueSpecification\",\"valueRequired\":true,\"valueName\":\"search_term_string\"}}],\"inLanguage\":\"fr-FR\"}]}<\/script>\n<!-- \/ Yoast SEO plugin. -->","yoast_head_json":{"title":"21 Accessoires d' \u00e9t\u00e9 au crochet - Lagoon Moe Nagai &#171; Swiss Crochet","robots":{"index":"index","follow":"follow","max-snippet":"max-snippet:-1","max-image-preview":"max-image-preview:large","max-video-preview":"max-video-preview:-1"},"canonical":"https:\/\/www.swisscrochet.ch\/fr\/produit\/21-accessoires-d-ete-au-crochet-lagoon-moe-nagai\/","og_locale":"fr_FR","og_type":"article","og_title":"21 Accessoires d' \u00e9t\u00e9 au crochet - Lagoon Moe Nagai &#171; Swiss Crochet","og_description":"Apportez une touche estivale et tendance \u00e0 vos tenues avec des accessoires uniques au crochet en raphia. Cabas, pochettes, \u00e9tuis ou sacs\u2026 cr\u00e9ez vos propres mod\u00e8les au lieu de les acheter, pour des pi\u00e8ces vraiment personnelles.  Ce livre propose 20 projets styl\u00e9s \u00e0 crocheter facilement avec la fibre incontournable du moment, le raphia. Que vous soyez d\u00e9butante ou d\u00e9j\u00e0 passionn\u00e9e de crochet, vous trouverez des explications claires pour r\u00e9aliser vos accessoires pr\u00e9f\u00e9r\u00e9s et enrichir votre garde-robe estivale.  Langue : Fran\u00e7ais","og_url":"https:\/\/www.swisscrochet.ch\/fr\/produit\/21-accessoires-d-ete-au-crochet-lagoon-moe-nagai\/","og_site_name":"Swiss Crochet","article_modified_time":"2026-03-17T23:20:43+00:00","og_image":[{"width":1000,"height":1000,"url":"https:\/\/www.swisscrochet.ch\/wp-content\/uploads\/2025\/09\/21-Accessoires-dete-au-crochet-Overview.jpg","type":"image\/jpeg"}],"twitter_card":"summary_large_image","twitter_misc":{"Dur\u00e9e de lecture estim\u00e9e":"1 minute"},"schema":{"@context":"https:\/\/schema.org","@graph":[{"@type":["WebPage","ItemPage"],"@id":"https:\/\/www.swisscrochet.ch\/fr\/produit\/21-accessoires-d-ete-au-crochet-lagoon-moe-nagai\/","url":"https:\/\/www.swisscrochet.ch\/fr\/produit\/21-accessoires-d-ete-au-crochet-lagoon-moe-nagai\/","name":"21 Accessoires d' \u00e9t\u00e9 au crochet - Lagoon Moe Nagai &#171; Swiss Crochet","isPartOf":{"@id":"https:\/\/www.swisscrochet.ch\/#website"},"primaryImageOfPage":{"@id":"https:\/\/www.swisscrochet.ch\/fr\/produit\/21-accessoires-d-ete-au-crochet-lagoon-moe-nagai\/#primaryimage"},"image":{"@id":"https:\/\/www.swisscrochet.ch\/fr\/produit\/21-accessoires-d-ete-au-crochet-lagoon-moe-nagai\/#primaryimage"},"thumbnailUrl":"https:\/\/www.swisscrochet.ch\/wp-content\/uploads\/2025\/09\/21-Accessoires-dete-au-crochet-Overview.jpg","datePublished":"2025-09-10T14:18:28+00:00","dateModified":"2026-03-17T23:20:43+00:00","breadcrumb":{"@id":"https:\/\/www.swisscrochet.ch\/fr\/produit\/21-accessoires-d-ete-au-crochet-lagoon-moe-nagai\/#breadcrumb"},"inLanguage":"fr-FR","potentialAction":[{"@type":"ReadAction","target":["https:\/\/www.swisscrochet.ch\/fr\/produit\/21-accessoires-d-ete-au-crochet-lagoon-moe-nagai\/"]}]},{"@type":"ImageObject","inLanguage":"fr-FR","@id":"https:\/\/www.swisscrochet.ch\/fr\/produit\/21-accessoires-d-ete-au-crochet-lagoon-moe-nagai\/#primaryimage","url":"https:\/\/www.swisscrochet.ch\/wp-content\/uploads\/2025\/09\/21-Accessoires-dete-au-crochet-Overview.jpg","contentUrl":"https:\/\/www.swisscrochet.ch\/wp-content\/uploads\/2025\/09\/21-Accessoires-dete-au-crochet-Overview.jpg","width":1000,"height":1000},{"@type":"BreadcrumbList","@id":"https:\/\/www.swisscrochet.ch\/fr\/produit\/21-accessoires-d-ete-au-crochet-lagoon-moe-nagai\/#breadcrumb","itemListElement":[{"@type":"ListItem","position":1,"name":"Home","item":"https:\/\/www.swisscrochet.ch\/fr\/"},{"@type":"ListItem","position":2,"name":"Boutique","item":"https:\/\/www.swisscrochet.ch\/fr\/boutique\/"},{"@type":"ListItem","position":3,"name":"21 Accessoires d&#8217; \u00e9t\u00e9 au crochet &#8211; Lagoon Moe Nagai"}]},{"@type":"WebSite","@id":"https:\/\/www.swisscrochet.ch\/#website","url":"https:\/\/www.swisscrochet.ch\/","name":"Swiss Crochet","description":"Lib\u00e9rez votre potentiel cr\u00e9atif","potentialAction":[{"@type":"SearchAction","target":{"@type":"EntryPoint","urlTemplate":"https:\/\/www.swisscrochet.ch\/?s={search_term_string}"},"query-input":{"@type":"PropertyValueSpecification","valueRequired":true,"valueName":"search_term_string"}}],"inLanguage":"fr-FR"}]}},"_links":{"self":[{"href":"https:\/\/www.swisscrochet.ch\/fr\/wp-json\/wp\/v2\/product\/11466","targetHints":{"allow":["GET"]}}],"collection":[{"href":"https:\/\/www.swisscrochet.ch\/fr\/wp-json\/wp\/v2\/product"}],"about":[{"href":"https:\/\/www.swisscrochet.ch\/fr\/wp-json\/wp\/v2\/types\/product"}],"wp:featuredmedia":[{"embeddable":true,"href":"https:\/\/www.swisscrochet.ch\/fr\/wp-json\/wp\/v2\/media\/11287"}],"wp:attachment":[{"href":"https:\/\/www.swisscrochet.ch\/fr\/wp-json\/wp\/v2\/media?parent=11466"}],"wp:term":[{"taxonomy":"product_brand","embeddable":true,"href":"https:\/\/www.swisscrochet.ch\/fr\/wp-json\/wp\/v2\/product_brand?post=11466"},{"taxonomy":"product_cat","embeddable":true,"href":"https:\/\/www.swisscrochet.ch\/fr\/wp-json\/wp\/v2\/product_cat?post=11466"},{"taxonomy":"product_tag","embeddable":true,"href":"https:\/\/www.swisscrochet.ch\/fr\/wp-json\/wp\/v2\/product_tag?post=11466"}],"curies":[{"name":"wp","href":"https:\/\/api.w.org\/{rel}","templated":true}]}}