{"id":12824,"date":"2025-10-17T11:48:19","date_gmt":"2025-10-17T09:48:19","guid":{"rendered":"https:\/\/www.swisscrochet.ch\/product\/a-towel-for-curly-hair-yarn-kit\/"},"modified":"2025-10-17T17:59:52","modified_gmt":"2025-10-17T15:59:52","slug":"a-towel-for-curly-hair-kit-fil","status":"publish","type":"product","link":"https:\/\/www.swisscrochet.ch\/fr\/produit\/a-towel-for-curly-hair-kit-fil\/","title":{"rendered":"A Towel For Curly Hair  &#8211; Kit Fil"},"content":{"rendered":"","protected":false},"excerpt":{"rendered":"<p>Dites adieu aux frisottis des cheveux boucl\u00e9s avec cette serviette au crochet. La surface lisse du coton r\u00e9duit la friction, tandis que les mailles au crochet cr\u00e9ent un tissu l\u00e9ger qui s\u00e8che rapidement entre les utilisations.<\/p>\n<p>La serviette est con\u00e7ue pour s\u2019adapter \u00e0 toutes les longueurs de cheveux \u2013 des plus courts aux tr\u00e8s longs. Parfait pour d\u00e9buter !<\/p>\n<p>Le kit comprend :<\/p>\n<ul>\n<li>une copie num\u00e9rique du patron (disponible en anglais et en allemand) et<\/li>\n<li>1 pelote de Hoooked Wavy Blends dans la couleur de votre choix.<\/li>\n<\/ul>\n<p>&#8211;&gt; Pour plus de praticit\u00e9, vous pouvez ajouter un crochet de 5.00 mm \u00e0 votre kit.<\/p>\n<p>Tout est r\u00e9uni dans un seul bundle \u2013 choisissez votre couleur, t\u00e9l\u00e9chargez le patron et commencez \u00e0 crocheter !<\/p>\n","protected":false},"featured_media":12392,"template":"","meta":[],"product_brand":[],"product_cat":[331,1674],"product_tag":[2104],"class_list":{"0":"post-12824","1":"product","2":"type-product","3":"status-publish","4":"has-post-thumbnail","6":"product_cat-kits-de-fils","7":"product_cat-kits-de-fils-plaids-decoration-interieure-autres","8":"product_tag-wavy-blends","9":"description-off","11":"first","12":"instock","13":"virtual","14":"taxable","15":"purchasable","16":"product-type-bundle"},"bundled_by":[],"bundle_stock_status":"instock","bundle_stock_quantity":81,"bundle_virtual":false,"bundle_layout":"default","bundle_add_to_cart_form_location":"default","bundle_editable_in_cart":false,"bundle_sold_individually_context":"product","bundle_item_grouping":"parent","bundle_min_size":"","bundle_max_size":"","bundle_price":{"price":{"min":{"incl_tax":"20.9","excl_tax":"19.33"},"max":{"incl_tax":"33.8","excl_tax":"31.26"}},"regular_price":{"min":{"incl_tax":"20.9","excl_tax":"19.33"},"max":{"incl_tax":"33.8","excl_tax":"31.26"}}},"bundled_items":[{"bundled_item_id":396,"product_id":9488,"menu_order":0,"quantity_min":1,"quantity_max":1,"quantity_default":1,"priced_individually":true,"shipped_individually":false,"override_title":false,"title":"Hoooked &#8211; Wavy Blends","override_description":true,"description":"","optional":false,"hide_thumbnail":false,"discount":"","override_variations":false,"allowed_variations":[""],"override_default_variation_attributes":false,"default_variation_attributes":[],"single_product_visibility":"visible","cart_visibility":"visible","order_visibility":"visible","single_product_price_visibility":"visible","cart_price_visibility":"visible","order_price_visibility":"visible","stock_status":"in_stock"},{"bundled_item_id":397,"product_id":3501,"menu_order":1,"quantity_min":1,"quantity_max":1,"quantity_default":1,"priced_individually":true,"shipped_individually":false,"override_title":false,"title":"Tulip &#8211; Etimo Red &#8211; Crochet avec manche souple","override_description":true,"description":"","optional":true,"hide_thumbnail":false,"discount":"","override_variations":true,"allowed_variations":[3510],"override_default_variation_attributes":true,"default_variation_attributes":[{"id":0,"name":"Size","option":"5.00 mm"}],"single_product_visibility":"visible","cart_visibility":"visible","order_visibility":"visible","single_product_price_visibility":"visible","cart_price_visibility":"visible","order_price_visibility":"visible","stock_status":"in_stock"},{"bundled_item_id":1286,"product_id":10333,"menu_order":1,"quantity_min":1,"quantity_max":1,"quantity_default":1,"priced_individually":true,"shipped_individually":true,"override_title":false,"title":"\u00dcber den Traum &#8211; A Towel For Curly Hair","override_description":false,"description":"\u00dcber den Traum &#8211; A Towel For Curly Hair","optional":false,"hide_thumbnail":false,"discount":"","override_variations":false,"allowed_variations":[""],"override_default_variation_attributes":false,"default_variation_attributes":[],"single_product_visibility":"hidden","cart_visibility":"visible","order_visibility":"visible","single_product_price_visibility":"visible","cart_price_visibility":"visible","order_price_visibility":"visible","stock_status":"in_stock"}],"bundle_sell_ids":[],"yoast_head":"<!-- This site is optimized with the Yoast SEO plugin v27.4 - https:\/\/yoast.com\/product\/yoast-seo-wordpress\/ -->\n<title>A Towel For Curly Hair - Kit Fil &#171; Swiss Crochet<\/title>\n<meta name=\"description\" content=\"D\u00e9couvrez le kit crochet A Towel For Curly Hair \u2013 un projet id\u00e9al pour d\u00e9butants, enti\u00e8rement ajustable en taille. Comprend le patron et le fil Hoooked Wavy Blends.\" \/>\n<meta name=\"robots\" content=\"index, follow, max-snippet:-1, max-image-preview:large, max-video-preview:-1\" \/>\n<link rel=\"canonical\" href=\"https:\/\/www.swisscrochet.ch\/produit\/a-towel-for-curly-hair-yarn-kit\/\" \/>\n<meta property=\"og:locale\" content=\"fr_FR\" \/>\n<meta property=\"og:type\" content=\"article\" \/>\n<meta property=\"og:title\" content=\"A Towel For Curly Hair - Kit Fil &#171; Swiss Crochet\" \/>\n<meta property=\"og:description\" content=\"D\u00e9couvrez le kit crochet A Towel For Curly Hair \u2013 un projet id\u00e9al pour d\u00e9butants, enti\u00e8rement ajustable en taille. Comprend le patron et le fil Hoooked Wavy Blends.\" \/>\n<meta property=\"og:url\" content=\"https:\/\/www.swisscrochet.ch\/produit\/a-towel-for-curly-hair-yarn-kit\/\" \/>\n<meta property=\"og:site_name\" content=\"Swiss Crochet\" \/>\n<meta property=\"article:modified_time\" content=\"2025-10-17T15:59:52+00:00\" \/>\n<meta property=\"og:image\" content=\"https:\/\/www.swisscrochet.ch\/wp-content\/uploads\/2025\/10\/Uber-den-Traum-A-Towel-for-Curly-Hair-Wavy-Blends-1.jpg\" \/>\n\t<meta property=\"og:image:width\" content=\"1000\" \/>\n\t<meta property=\"og:image:height\" content=\"1000\" \/>\n\t<meta property=\"og:image:type\" content=\"image\/jpeg\" \/>\n<meta name=\"twitter:card\" content=\"summary_large_image\" \/>\n<meta name=\"twitter:label1\" content=\"Dur\u00e9e de lecture estim\u00e9e\" \/>\n\t<meta name=\"twitter:data1\" content=\"1 minute\" \/>\n<script type=\"application\/ld+json\" class=\"yoast-schema-graph\">{\"@context\":\"https:\\\/\\\/schema.org\",\"@graph\":[{\"@type\":[\"WebPage\",\"ItemPage\"],\"@id\":\"https:\\\/\\\/www.swisscrochet.ch\\\/produit\\\/a-towel-for-curly-hair-yarn-kit\\\/\",\"url\":\"https:\\\/\\\/www.swisscrochet.ch\\\/produit\\\/a-towel-for-curly-hair-yarn-kit\\\/\",\"name\":\"A Towel For Curly Hair - Kit Fil &#171; Swiss Crochet\",\"isPartOf\":{\"@id\":\"https:\\\/\\\/www.swisscrochet.ch\\\/#website\"},\"primaryImageOfPage\":{\"@id\":\"https:\\\/\\\/www.swisscrochet.ch\\\/produit\\\/a-towel-for-curly-hair-yarn-kit\\\/#primaryimage\"},\"image\":{\"@id\":\"https:\\\/\\\/www.swisscrochet.ch\\\/produit\\\/a-towel-for-curly-hair-yarn-kit\\\/#primaryimage\"},\"thumbnailUrl\":\"https:\\\/\\\/www.swisscrochet.ch\\\/wp-content\\\/uploads\\\/2025\\\/10\\\/Uber-den-Traum-A-Towel-for-Curly-Hair-Wavy-Blends-1.jpg\",\"datePublished\":\"2025-10-17T09:48:19+00:00\",\"dateModified\":\"2025-10-17T15:59:52+00:00\",\"description\":\"D\u00e9couvrez le kit crochet A Towel For Curly Hair \u2013 un projet id\u00e9al pour d\u00e9butants, enti\u00e8rement ajustable en taille. Comprend le patron et le fil Hoooked Wavy Blends.\",\"breadcrumb\":{\"@id\":\"https:\\\/\\\/www.swisscrochet.ch\\\/produit\\\/a-towel-for-curly-hair-yarn-kit\\\/#breadcrumb\"},\"inLanguage\":\"fr-FR\",\"potentialAction\":[{\"@type\":\"ReadAction\",\"target\":[\"https:\\\/\\\/www.swisscrochet.ch\\\/produit\\\/a-towel-for-curly-hair-yarn-kit\\\/\"]}]},{\"@type\":\"ImageObject\",\"inLanguage\":\"fr-FR\",\"@id\":\"https:\\\/\\\/www.swisscrochet.ch\\\/produit\\\/a-towel-for-curly-hair-yarn-kit\\\/#primaryimage\",\"url\":\"https:\\\/\\\/www.swisscrochet.ch\\\/wp-content\\\/uploads\\\/2025\\\/10\\\/Uber-den-Traum-A-Towel-for-Curly-Hair-Wavy-Blends-1.jpg\",\"contentUrl\":\"https:\\\/\\\/www.swisscrochet.ch\\\/wp-content\\\/uploads\\\/2025\\\/10\\\/Uber-den-Traum-A-Towel-for-Curly-Hair-Wavy-Blends-1.jpg\",\"width\":1000,\"height\":1000},{\"@type\":\"BreadcrumbList\",\"@id\":\"https:\\\/\\\/www.swisscrochet.ch\\\/produit\\\/a-towel-for-curly-hair-yarn-kit\\\/#breadcrumb\",\"itemListElement\":[{\"@type\":\"ListItem\",\"position\":1,\"name\":\"Home\",\"item\":\"https:\\\/\\\/www.swisscrochet.ch\\\/fr\\\/\"},{\"@type\":\"ListItem\",\"position\":2,\"name\":\"Boutique\",\"item\":\"https:\\\/\\\/www.swisscrochet.ch\\\/fr\\\/boutique\\\/\"},{\"@type\":\"ListItem\",\"position\":3,\"name\":\"A Towel For Curly Hair &#8211; Kit Fil\"}]},{\"@type\":\"WebSite\",\"@id\":\"https:\\\/\\\/www.swisscrochet.ch\\\/#website\",\"url\":\"https:\\\/\\\/www.swisscrochet.ch\\\/\",\"name\":\"Swiss Crochet\",\"description\":\"Lib\u00e9rez votre potentiel cr\u00e9atif\",\"potentialAction\":[{\"@type\":\"SearchAction\",\"target\":{\"@type\":\"EntryPoint\",\"urlTemplate\":\"https:\\\/\\\/www.swisscrochet.ch\\\/?s={search_term_string}\"},\"query-input\":{\"@type\":\"PropertyValueSpecification\",\"valueRequired\":true,\"valueName\":\"search_term_string\"}}],\"inLanguage\":\"fr-FR\"}]}<\/script>\n<!-- \/ Yoast SEO plugin. -->","yoast_head_json":{"title":"A Towel For Curly Hair - Kit Fil &#171; Swiss Crochet","description":"D\u00e9couvrez le kit crochet A Towel For Curly Hair \u2013 un projet id\u00e9al pour d\u00e9butants, enti\u00e8rement ajustable en taille. Comprend le patron et le fil Hoooked Wavy Blends.","robots":{"index":"index","follow":"follow","max-snippet":"max-snippet:-1","max-image-preview":"max-image-preview:large","max-video-preview":"max-video-preview:-1"},"canonical":"https:\/\/www.swisscrochet.ch\/produit\/a-towel-for-curly-hair-yarn-kit\/","og_locale":"fr_FR","og_type":"article","og_title":"A Towel For Curly Hair - Kit Fil &#171; Swiss Crochet","og_description":"D\u00e9couvrez le kit crochet A Towel For Curly Hair \u2013 un projet id\u00e9al pour d\u00e9butants, enti\u00e8rement ajustable en taille. Comprend le patron et le fil Hoooked Wavy Blends.","og_url":"https:\/\/www.swisscrochet.ch\/produit\/a-towel-for-curly-hair-yarn-kit\/","og_site_name":"Swiss Crochet","article_modified_time":"2025-10-17T15:59:52+00:00","og_image":[{"width":1000,"height":1000,"url":"https:\/\/www.swisscrochet.ch\/wp-content\/uploads\/2025\/10\/Uber-den-Traum-A-Towel-for-Curly-Hair-Wavy-Blends-1.jpg","type":"image\/jpeg"}],"twitter_card":"summary_large_image","twitter_misc":{"Dur\u00e9e de lecture estim\u00e9e":"1 minute"},"schema":{"@context":"https:\/\/schema.org","@graph":[{"@type":["WebPage","ItemPage"],"@id":"https:\/\/www.swisscrochet.ch\/produit\/a-towel-for-curly-hair-yarn-kit\/","url":"https:\/\/www.swisscrochet.ch\/produit\/a-towel-for-curly-hair-yarn-kit\/","name":"A Towel For Curly Hair - Kit Fil &#171; Swiss Crochet","isPartOf":{"@id":"https:\/\/www.swisscrochet.ch\/#website"},"primaryImageOfPage":{"@id":"https:\/\/www.swisscrochet.ch\/produit\/a-towel-for-curly-hair-yarn-kit\/#primaryimage"},"image":{"@id":"https:\/\/www.swisscrochet.ch\/produit\/a-towel-for-curly-hair-yarn-kit\/#primaryimage"},"thumbnailUrl":"https:\/\/www.swisscrochet.ch\/wp-content\/uploads\/2025\/10\/Uber-den-Traum-A-Towel-for-Curly-Hair-Wavy-Blends-1.jpg","datePublished":"2025-10-17T09:48:19+00:00","dateModified":"2025-10-17T15:59:52+00:00","description":"D\u00e9couvrez le kit crochet A Towel For Curly Hair \u2013 un projet id\u00e9al pour d\u00e9butants, enti\u00e8rement ajustable en taille. Comprend le patron et le fil Hoooked Wavy Blends.","breadcrumb":{"@id":"https:\/\/www.swisscrochet.ch\/produit\/a-towel-for-curly-hair-yarn-kit\/#breadcrumb"},"inLanguage":"fr-FR","potentialAction":[{"@type":"ReadAction","target":["https:\/\/www.swisscrochet.ch\/produit\/a-towel-for-curly-hair-yarn-kit\/"]}]},{"@type":"ImageObject","inLanguage":"fr-FR","@id":"https:\/\/www.swisscrochet.ch\/produit\/a-towel-for-curly-hair-yarn-kit\/#primaryimage","url":"https:\/\/www.swisscrochet.ch\/wp-content\/uploads\/2025\/10\/Uber-den-Traum-A-Towel-for-Curly-Hair-Wavy-Blends-1.jpg","contentUrl":"https:\/\/www.swisscrochet.ch\/wp-content\/uploads\/2025\/10\/Uber-den-Traum-A-Towel-for-Curly-Hair-Wavy-Blends-1.jpg","width":1000,"height":1000},{"@type":"BreadcrumbList","@id":"https:\/\/www.swisscrochet.ch\/produit\/a-towel-for-curly-hair-yarn-kit\/#breadcrumb","itemListElement":[{"@type":"ListItem","position":1,"name":"Home","item":"https:\/\/www.swisscrochet.ch\/fr\/"},{"@type":"ListItem","position":2,"name":"Boutique","item":"https:\/\/www.swisscrochet.ch\/fr\/boutique\/"},{"@type":"ListItem","position":3,"name":"A Towel For Curly Hair &#8211; Kit Fil"}]},{"@type":"WebSite","@id":"https:\/\/www.swisscrochet.ch\/#website","url":"https:\/\/www.swisscrochet.ch\/","name":"Swiss Crochet","description":"Lib\u00e9rez votre potentiel cr\u00e9atif","potentialAction":[{"@type":"SearchAction","target":{"@type":"EntryPoint","urlTemplate":"https:\/\/www.swisscrochet.ch\/?s={search_term_string}"},"query-input":{"@type":"PropertyValueSpecification","valueRequired":true,"valueName":"search_term_string"}}],"inLanguage":"fr-FR"}]}},"_links":{"self":[{"href":"https:\/\/www.swisscrochet.ch\/fr\/wp-json\/wp\/v2\/product\/12824","targetHints":{"allow":["GET"]}}],"collection":[{"href":"https:\/\/www.swisscrochet.ch\/fr\/wp-json\/wp\/v2\/product"}],"about":[{"href":"https:\/\/www.swisscrochet.ch\/fr\/wp-json\/wp\/v2\/types\/product"}],"wp:featuredmedia":[{"embeddable":true,"href":"https:\/\/www.swisscrochet.ch\/fr\/wp-json\/wp\/v2\/media\/12392"}],"wp:attachment":[{"href":"https:\/\/www.swisscrochet.ch\/fr\/wp-json\/wp\/v2\/media?parent=12824"}],"wp:term":[{"taxonomy":"product_brand","embeddable":true,"href":"https:\/\/www.swisscrochet.ch\/fr\/wp-json\/wp\/v2\/product_brand?post=12824"},{"taxonomy":"product_cat","embeddable":true,"href":"https:\/\/www.swisscrochet.ch\/fr\/wp-json\/wp\/v2\/product_cat?post=12824"},{"taxonomy":"product_tag","embeddable":true,"href":"https:\/\/www.swisscrochet.ch\/fr\/wp-json\/wp\/v2\/product_tag?post=12824"}],"curies":[{"name":"wp","href":"https:\/\/api.w.org\/{rel}","templated":true}]}}